{"id":56214,"date":"2021-05-12T18:02:14","date_gmt":"2021-05-12T17:02:14","guid":{"rendered":"https:\/\/www.quartix.com\/?page_id=56214"},"modified":"2024-07-03T10:19:50","modified_gmt":"2024-07-03T09:19:50","slug":"scores-eco-conduite-guide-complet","status":"publish","type":"page","link":"https:\/\/www.quartix.com\/fr-fr\/scores-eco-conduite-guide-complet\/","title":{"rendered":"Scores \u00c9co-Conduite : Guide complet"},"content":{"rendered":"\r\n<div   class=\"hero-block bighero\">\r\n    <img loading=\"lazy\" decoding=\"async\" width=\"1195\" height=\"675\" src=\"https:\/\/www.quartix.com\/content\/uploads\/2023\/10\/man-driving-van-us-1.png\" class=\"\" alt=\"\" srcset=\"https:\/\/www.quartix.com\/content\/uploads\/2023\/10\/man-driving-van-us-1.png 1195w, https:\/\/www.quartix.com\/content\/uploads\/2023\/10\/man-driving-van-us-1-300x169.png 300w, https:\/\/www.quartix.com\/content\/uploads\/2023\/10\/man-driving-van-us-1-1000x565.png 1000w, https:\/\/www.quartix.com\/content\/uploads\/2023\/10\/man-driving-van-us-1-768x434.png 768w\" sizes=\"auto, (max-width: 1195px) 100vw, 1195px\" \/>                <div class=\"hero-overlay\"><\/div>\r\n            \r\n\r\n\r\n    <div class=\"hero-content \">\r\n        <div class=\"inner limited-width\">\r\n                                                <p class=\"title stylelikeh1\">Utilisez les scores de conduite pour \u00e9valuer la performance de votre flotte<\/p>\r\n                                <p class=\"text\">D\u00e9couvrez comment les notes des conducteurs sont calcul\u00e9es par Quartix et comment leur suivi peut vous aider \u00e0 am\u00e9liorer la s\u00e9curit\u00e9 et l&#8217;efficacit\u00e9 de votre flotte<\/p>                                        <div class=\"buttons\">\r\n                    <a href=\"https:\/\/go.marketing.quartix.com\/Guide_Scores_Ecoconduite\" class=\"btn btn-green btn-inline\" target=\"_blank\" title=\"T\u00c9L\u00c9CHARGER LE GUIDE\">T\u00c9L\u00c9CHARGER LE GUIDE<\/a>\r\n                <\/div>\r\n                    <\/div>\r\n    <\/div>\r\n<\/div>\n\n\r\n<div   class=\"hero-block smallhero landing-cta\">\r\n            <div class=\"hero-overlay greybg\"><\/div>\r\n        <div class=\"hero-content greybg noimage\">\r\n        <div class=\"inner\">\r\n            <h2 class=\"title\">Utilisez les scores quotidiens des conducteurs de Quartix pour aider vos conducteurs \u00e0 adopter de meilleures habitudes de conduite<\/h2>            <div class=\"author\"><p>Apprenez comment une analyse approfondie de la performance des conducteurs et un changement peuvent :<\/p>\n<\/div>            <div class='landingctalist centrelist'><ul class='arrows fa-ul' style=''><li><span class='fa-li'><i class='fa fa-arrow-right'><\/i><\/span>R\u00e9duire les risques d&#8217;accidents de la route<\/li><li><span class='fa-li'><i class='fa fa-arrow-right'><\/i><\/span>R\u00e9duire vos co\u00fbts de carburant gr\u00e2ce \u00e0 une meilleure \u00e9conomie de carburant<\/li><li><span class='fa-li'><i class='fa fa-arrow-right'><\/i><\/span>Am\u00e9liorer la r\u00e9putation de votre marque<\/li><li><span class='fa-li'><i class='fa fa-arrow-right'><\/i><\/span>Prot\u00e9ger vos conducteurs contre les fausses r\u00e9clamations<\/li><\/ul><\/div>            \r\n                            <div class=\"buttons\">\r\n                    <a href=\"https:\/\/go.marketing.quartix.com\/Guide_Scores_Ecoconduite\" class=\"btn btn-green\" target=\"_blank\" title=\"T\u00c9L\u00c9CHARGER LE GUIDE\">T\u00c9L\u00c9CHARGER LE GUIDE<\/a>\r\n                <\/div>\r\n                    <\/div>\r\n    <\/div>\r\n<\/div>\n\n\r\n\r\n        <div  class=\"landingpageouter\" style=\"background-color:#ffffff ;\">\r\n        <div class=\"landingpagecolsblock twocols4060 \">\r\n            <div class=\"col1\">\r\n                <p class=\"pre-title\">QU&#8217;EST-CE QU&#8217;UNE NOTE DE CONDUITE ?<\/p>                                <div class='wysiwyg'><p>Gr\u00e2ce aux donn\u00e9es t\u00e9l\u00e9matiques, chaque conducteur se voit attribuer une note quotidienne bas\u00e9e sur ses performances de conduite. Ces notes sont cod\u00e9es par couleur pour faciliter l&#8217;analyse, ce qui vous permet de voir facilement o\u00f9 des am\u00e9liorations doivent \u00eatre apport\u00e9es.<\/p>\n<\/div>            <\/div>\r\n            <div class=\"col2\">\r\n                <div class=\"responsivemedia\"><img loading=\"lazy\" decoding=\"async\" width=\"640\" height=\"426\" src=\"https:\/\/www.quartix.com\/content\/uploads\/2021\/06\/FR-conducteur-livreur-driver-van.jpg\" class=\"\" alt=\"Conducteur de van professionnel\" srcset=\"https:\/\/www.quartix.com\/content\/uploads\/2021\/06\/FR-conducteur-livreur-driver-van.jpg 700w, https:\/\/www.quartix.com\/content\/uploads\/2021\/06\/FR-conducteur-livreur-driver-van-300x200.jpg 300w\" sizes=\"auto, (max-width: 640px) 100vw, 640px\" \/><\/div>            <\/div>\r\n                        <\/div>\r\n    <\/div>\r\n\r\n\r\n\n\n\r\n\r\n        <div  class=\"landingpageouter\" style=\"background-color:#efefef ;\">\r\n        <div class=\"landingpagecolsblock twocols4060 swap-content\">\r\n            <div class=\"col1\">\r\n                <p class=\"pre-title\">COMMENT LE SCORE EST-IL CALCUL\u00c9 ?<\/p>                                <div class='wysiwyg'><p>Vitesse, acc\u00e9l\u00e9ration et freinage : ces facteurs sont essentiels pour d\u00e9terminer les performances du conducteur, mais ils sont pond\u00e9r\u00e9s par d&#8217;autres facteurs, tels que la gravit\u00e9 des \u00e9v\u00e9nements individuels, pour aboutir \u00e0 un score final du conducteur.<\/p>\n<\/div>            <\/div>\r\n            <div class=\"col2\">\r\n                <div class=\"responsivemedia\"><img loading=\"lazy\" decoding=\"async\" width=\"640\" height=\"611\" src=\"https:\/\/www.quartix.com\/content\/uploads\/2024\/07\/rapport-quotidien-eco-768x733.jpg\" class=\"\" alt=\"\" srcset=\"https:\/\/www.quartix.com\/content\/uploads\/2024\/07\/rapport-quotidien-eco-768x733.jpg 768w, https:\/\/www.quartix.com\/content\/uploads\/2024\/07\/rapport-quotidien-eco-300x286.jpg 300w, https:\/\/www.quartix.com\/content\/uploads\/2024\/07\/rapport-quotidien-eco.jpg 900w\" sizes=\"auto, (max-width: 640px) 100vw, 640px\" \/><\/div>            <\/div>\r\n                        <\/div>\r\n    <\/div>\r\n\r\n\r\n\n\n\r\n\r\n        <div  class=\"landingpageouter\" style=\"background-color:#f8f8f8 ;\">\r\n        <div class=\"landingpagecolsblock twocols4060 \">\r\n            <div class=\"col1\">\r\n                <p class=\"pre-title\">COMMENT CELA PEUT-IL AIDER VOTRE FLOTTE ?<\/p>                                <div class='wysiwyg'><p>L&#8217;analyse des scores quotidiens des conducteurs vous permet de reconna\u00eetre et d&#8217;encourager les conducteurs qui obtiennent r\u00e9guli\u00e8rement des scores \u00e9lev\u00e9s, tout en vous permettant d&#8217;apporter des changements positifs aux conducteurs qui ont besoin de plus de coaching.<\/p>\n<p>Utilisez les rapports complets de Quartix sur le suivi des v\u00e9hicules, enrichis des donn\u00e9es de performance des conducteurs.<\/p>\n<p>Donnez \u00e0 votre entreprise les outils n\u00e9cessaires pour accompagner vos conducteurs vers de meilleurs scores de conduite et r\u00e9coltez les fruits d&#8217;une flotte plus s\u00fbre et plus \u00e9conomique.<\/p>\n<\/div>            <\/div>\r\n            <div class=\"col2\">\r\n                <div class=\"responsivemedia\"><img loading=\"lazy\" decoding=\"async\" width=\"640\" height=\"385\" src=\"https:\/\/www.quartix.com\/content\/uploads\/2023\/10\/manager-coaching-driver-1-768x462.png\" class=\"\" alt=\"\" srcset=\"https:\/\/www.quartix.com\/content\/uploads\/2023\/10\/manager-coaching-driver-1-768x462.png 768w, https:\/\/www.quartix.com\/content\/uploads\/2023\/10\/manager-coaching-driver-1-300x181.png 300w, https:\/\/www.quartix.com\/content\/uploads\/2023\/10\/manager-coaching-driver-1-1000x602.png 1000w, https:\/\/www.quartix.com\/content\/uploads\/2023\/10\/manager-coaching-driver-1.png 1198w\" sizes=\"auto, (max-width: 640px) 100vw, 640px\" \/><\/div>            <\/div>\r\n                        <\/div>\r\n    <\/div>\r\n\r\n\r\n\n\n\r\n<section class=\"qtx-pagebuilder-section qtx-pagebuilder-section-bannercontent  notopmargin \"\r\nstyle=\"background-color:#13AB5B; color: #FFFFFF;\">\r\n    <div class=\"bannercontentinner\">\r\n        <p style=\"text-align: center\">&#8220;Nous avons constat\u00e9 une am\u00e9lioration d&#8217;environ 20 % du style de conduite dans l&#8217;ensemble de la flotte. Depuis que nous utilisons Quartix, nos conducteurs se situent d\u00e9sormais dans la fourchette des 80-100 points de conduite, ce qui correspond \u00e0 ce que nous souhaitions. Nous faisons des briefings quotidiens avec les conducteurs et ils peuvent facilement voir comment leur style de conduite s&#8217;est am\u00e9lior\u00e9&#8221;.<\/p>\n<p style=\"text-align: center\">-Karl Davidson, Brasserie St Austell<\/p>\n    <\/div>\r\n<\/section>\n\n\n<div class=\"wp-block-columns is-layout-flex wp-container-core-columns-is-layout-28f84493 wp-block-columns-is-layout-flex\">\n<div class=\"wp-block-column is-layout-flow wp-block-column-is-layout-flow\">\n<h2 class=\"wp-block-heading\">Votre guide pour am\u00e9liorer les performances des conducteurs<\/h2>\n\n\n\n<p>Sachez que l&#8217;am\u00e9lioration des performances des conducteurs peut \u00eatre b\u00e9n\u00e9fique \u00e0 votre entreprise et cr\u00e9er une main-d&#8217;\u0153uvre mobile efficace et soucieuse de la s\u00e9curit\u00e9.<\/p>\n\n\n    <div class=\"button-container \">\r\n<a href=\"https:\/\/go.marketing.quartix.com\/Guide_Scores_Ecoconduite\" class=\"btn pagebuilder-btn btn-green btn-\" title=\"T\u00c9L\u00c9CHARGER LE GUIDE\" target=\"_blank\">T\u00c9L\u00c9CHARGER LE GUIDE<\/a>\r\n<\/div>\r\n<\/div>\n\n\n\n<div class=\"wp-block-column is-layout-flow wp-block-column-is-layout-flow\">\n<figure class=\"wp-block-image size-full is-resized\"><img loading=\"lazy\" decoding=\"async\" width=\"545\" height=\"650\" src=\"https:\/\/www.quartix.com\/content\/uploads\/2024\/07\/fr-driver-scores.png\" alt=\"\" class=\"wp-image-107092\" style=\"width:390px;height:auto\" srcset=\"https:\/\/www.quartix.com\/content\/uploads\/2024\/07\/fr-driver-scores.png 545w, https:\/\/www.quartix.com\/content\/uploads\/2024\/07\/fr-driver-scores-252x300.png 252w\" sizes=\"auto, (max-width: 545px) 100vw, 545px\" \/><\/figure>\n<\/div>\n<\/div>\n","protected":false},"excerpt":{"rendered":"<p>Votre guide pour am\u00e9liorer les performances des conducteurs Sachez que l&#8217;am\u00e9lioration des performances des conducteurs peut \u00eatre b\u00e9n\u00e9fique \u00e0 votre entreprise et cr\u00e9er une main-d&#8217;\u0153uvre mobile efficace et soucieuse de la s\u00e9curit\u00e9.<\/p>\n","protected":false},"author":12,"featured_media":86375,"parent":0,"menu_order":3412,"comment_status":"closed","ping_status":"closed","template":"templates\/landing-pagebuilder.php","meta":{"_acf_changed":false,"inline_featured_image":false,"footnotes":""},"topic":[1873],"qtx_campaign":[],"class_list":["post-56214","page","type-page","status-publish","has-post-thumbnail","hentry","topic-gestion-des-conducteurs"],"acf":[],"yoast_head":"<!-- This site is optimized with the Yoast SEO Premium plugin v27.3 (Yoast SEO v27.3) - https:\/\/yoast.com\/product\/yoast-seo-premium-wordpress\/ -->\n<title>Scores \u00c9co-Conduite : Guide complet - FR<\/title>\n<meta name=\"description\" content=\"Quartix fournit un score \u00e0 chaque v\u00e9hicule et conducteur d&#039;une flotte, permettant d&#039;identifier les conducteurs qui doivent am\u00e9liorer leurs comp\u00e9tences.\" \/>\n<meta name=\"robots\" content=\"index, follow, max-snippet:-1, max-image-preview:large, max-video-preview:-1\" \/>\n<link rel=\"canonical\" href=\"https:\/\/www.quartix.com\/fr-fr\/scores-eco-conduite-guide-complet\/\" \/>\n<meta property=\"og:locale\" content=\"fr_FR\" \/>\n<meta property=\"og:type\" content=\"article\" \/>\n<meta property=\"og:title\" content=\"Scores \u00c9co-Conduite : Guide complet\" \/>\n<meta property=\"og:description\" content=\"Quartix fournit un score \u00e0 chaque v\u00e9hicule et conducteur d&#039;une flotte, permettant d&#039;identifier les conducteurs qui doivent am\u00e9liorer leurs comp\u00e9tences.\" \/>\n<meta property=\"og:url\" content=\"https:\/\/www.quartix.com\/fr-fr\/scores-eco-conduite-guide-complet\/\" \/>\n<meta property=\"og:site_name\" content=\"Quartix\" \/>\n<meta property=\"article:publisher\" content=\"https:\/\/www.facebook.com\/Quartix-USA-374426386097401\/\" \/>\n<meta property=\"article:modified_time\" content=\"2024-07-03T09:19:50+00:00\" \/>\n<meta property=\"og:image\" content=\"https:\/\/www.quartix.com\/content\/uploads\/2023\/05\/Quartix-Driver-Scores-Guide.png\" \/>\n\t<meta property=\"og:image:width\" content=\"280\" \/>\n\t<meta property=\"og:image:height\" content=\"206\" \/>\n\t<meta property=\"og:image:type\" content=\"image\/png\" \/>\n<meta name=\"twitter:card\" content=\"summary_large_image\" \/>\n<meta name=\"twitter:site\" content=\"@QuartixUSA\" \/>\n<meta name=\"twitter:label1\" content=\"Est. reading time\" \/>\n\t<meta name=\"twitter:data1\" content=\"3 minutes\" \/>\n<!-- \/ Yoast SEO Premium plugin. -->","yoast_head_json":{"title":"Scores \u00c9co-Conduite : Guide complet - FR","description":"Quartix fournit un score \u00e0 chaque v\u00e9hicule et conducteur d'une flotte, permettant d'identifier les conducteurs qui doivent am\u00e9liorer leurs comp\u00e9tences.","robots":{"index":"index","follow":"follow","max-snippet":"max-snippet:-1","max-image-preview":"max-image-preview:large","max-video-preview":"max-video-preview:-1"},"canonical":"https:\/\/www.quartix.com\/fr-fr\/scores-eco-conduite-guide-complet\/","og_locale":"fr_FR","og_type":"article","og_title":"Scores \u00c9co-Conduite : Guide complet","og_description":"Quartix fournit un score \u00e0 chaque v\u00e9hicule et conducteur d'une flotte, permettant d'identifier les conducteurs qui doivent am\u00e9liorer leurs comp\u00e9tences.","og_url":"https:\/\/www.quartix.com\/fr-fr\/scores-eco-conduite-guide-complet\/","og_site_name":"Quartix","article_publisher":"https:\/\/www.facebook.com\/Quartix-USA-374426386097401\/","article_modified_time":"2024-07-03T09:19:50+00:00","og_image":[{"width":280,"height":206,"url":"https:\/\/www.quartix.com\/content\/uploads\/2023\/05\/Quartix-Driver-Scores-Guide.png","type":"image\/png"}],"twitter_card":"summary_large_image","twitter_site":"@QuartixUSA","twitter_misc":{"Est. reading time":"3 minutes"},"schema":{"@context":"https:\/\/schema.org","@graph":[{"@type":"WebPage","@id":"https:\/\/www.quartix.com\/fr-fr\/scores-eco-conduite-guide-complet\/","url":"https:\/\/www.quartix.com\/fr-fr\/scores-eco-conduite-guide-complet\/","name":"Scores \u00c9co-Conduite : Guide complet","isPartOf":{"@id":"https:\/\/www.quartix.com\/fr-fr\/#website"},"primaryImageOfPage":{"@id":"https:\/\/www.quartix.com\/fr-fr\/scores-eco-conduite-guide-complet\/#primaryimage"},"image":{"@id":"https:\/\/www.quartix.com\/fr-fr\/scores-eco-conduite-guide-complet\/#primaryimage"},"thumbnailUrl":"https:\/\/www.quartix.com\/content\/uploads\/2023\/05\/Quartix-Driver-Scores-Guide.png","datePublished":"2021-05-12T17:02:14+00:00","dateModified":"2024-07-03T09:19:50+00:00","description":"Quartix fournit un score \u00e0 chaque v\u00e9hicule et conducteur d'une flotte, permettant d'identifier les conducteurs qui doivent am\u00e9liorer leurs comp\u00e9tences.","breadcrumb":{"@id":"https:\/\/www.quartix.com\/fr-fr\/scores-eco-conduite-guide-complet\/#breadcrumb"},"inLanguage":"fr-FR","potentialAction":[{"@type":"ReadAction","target":["https:\/\/www.quartix.com\/fr-fr\/scores-eco-conduite-guide-complet\/"]}]},{"@type":"ImageObject","inLanguage":"fr-FR","@id":"https:\/\/www.quartix.com\/fr-fr\/scores-eco-conduite-guide-complet\/#primaryimage","url":"https:\/\/www.quartix.com\/content\/uploads\/2023\/05\/Quartix-Driver-Scores-Guide.png","contentUrl":"https:\/\/www.quartix.com\/content\/uploads\/2023\/05\/Quartix-Driver-Scores-Guide.png","width":280,"height":206},{"@type":"BreadcrumbList","@id":"https:\/\/www.quartix.com\/fr-fr\/scores-eco-conduite-guide-complet\/#breadcrumb","itemListElement":[{"@type":"ListItem","position":1,"name":"Accueil","item":"https:\/\/www.quartix.com\/fr-fr\/quartix-suivi-de-vehicules-en-temps-reel\/"},{"@type":"ListItem","position":2,"name":"Scores \u00c9co-Conduite : Guide complet"}]},{"@type":"WebSite","@id":"https:\/\/www.quartix.com\/fr-fr\/#website","url":"https:\/\/www.quartix.com\/fr-fr\/","name":"Quartix","description":"Real-time vehicle tracking","publisher":{"@id":"https:\/\/www.quartix.com\/fr-fr\/#organization"},"potentialAction":[{"@type":"SearchAction","target":{"@type":"EntryPoint","urlTemplate":"https:\/\/www.quartix.com\/fr-fr\/?s={search_term_string}"},"query-input":{"@type":"PropertyValueSpecification","valueRequired":true,"valueName":"search_term_string"}}],"inLanguage":"fr-FR"},{"@type":"Organization","@id":"https:\/\/www.quartix.com\/fr-fr\/#organization","name":"Quartix","url":"https:\/\/www.quartix.com\/fr-fr\/","logo":{"@type":"ImageObject","inLanguage":"fr-FR","@id":"https:\/\/www.quartix.com\/fr-fr\/#\/schema\/logo\/image\/","url":"https:\/\/www.quartix.com\/content\/uploads\/2019\/02\/quartix-logo-eur.svg","contentUrl":"https:\/\/www.quartix.com\/content\/uploads\/2019\/02\/quartix-logo-eur.svg","width":1,"height":1,"caption":"Quartix"},"image":{"@id":"https:\/\/www.quartix.com\/fr-fr\/#\/schema\/logo\/image\/"},"sameAs":["https:\/\/www.facebook.com\/Quartix-USA-374426386097401\/","https:\/\/x.com\/QuartixUSA","https:\/\/www.linkedin.com\/company\/5346733\/","https:\/\/www.youtube.com\/channel\/UCzS-_GMfHF4kWiCheyIRrAQ"]}]}},"_links":{"self":[{"href":"https:\/\/www.quartix.com\/fr-fr\/wp-json\/wp\/v2\/pages\/56214","targetHints":{"allow":["GET"]}}],"collection":[{"href":"https:\/\/www.quartix.com\/fr-fr\/wp-json\/wp\/v2\/pages"}],"about":[{"href":"https:\/\/www.quartix.com\/fr-fr\/wp-json\/wp\/v2\/types\/page"}],"author":[{"embeddable":true,"href":"https:\/\/www.quartix.com\/fr-fr\/wp-json\/wp\/v2\/users\/12"}],"replies":[{"embeddable":true,"href":"https:\/\/www.quartix.com\/fr-fr\/wp-json\/wp\/v2\/comments?post=56214"}],"version-history":[{"count":0,"href":"https:\/\/www.quartix.com\/fr-fr\/wp-json\/wp\/v2\/pages\/56214\/revisions"}],"wp:featuredmedia":[{"embeddable":true,"href":"https:\/\/www.quartix.com\/fr-fr\/wp-json\/wp\/v2\/media\/86375"}],"wp:attachment":[{"href":"https:\/\/www.quartix.com\/fr-fr\/wp-json\/wp\/v2\/media?parent=56214"}],"wp:term":[{"taxonomy":"topic","embeddable":true,"href":"https:\/\/www.quartix.com\/fr-fr\/wp-json\/wp\/v2\/topic?post=56214"},{"taxonomy":"qtx_campaign","embeddable":true,"href":"https:\/\/www.quartix.com\/fr-fr\/wp-json\/wp\/v2\/qtx_campaign?post=56214"}],"curies":[{"name":"wp","href":"https:\/\/api.w.org\/{rel}","templated":true}]}}