{"id":57491,"date":"2021-05-21T17:48:07","date_gmt":"2021-05-21T16:48:07","guid":{"rendered":" https:\/\/www.quartix.com\/?page_id=57491"},"modified":"2024-01-03T19:36:42","modified_gmt":"2024-01-03T18:36:42","slug":"declaration-de-confidentialite-clients-quartix","status":"publish","type":"page","link":"https:\/\/www.quartix.com\/fr-fr\/declaration-de-confidentialite-clients-quartix\/","title":{"rendered":"Note d\u2019information sur le suivi\u00a0GPS et le respect de la vie priv\u00e9e \u00e0 l\u2019intention des clients"},"content":{"rendered":"\n<p>Cette note d\u2019information concerne les clients qui utilisent le syst\u00e8me de suivi Quartix. Pour toute question concernant ces informations, veuillez contacter <a href=\"mailto:info@quartix.fr\">info@quartix.fr<\/a>.<\/p>\n\n\n\n<h3 class=\"wp-block-heading\">Quelles informations recueillons-nous&nbsp;?<\/h3>\n\n\n\n<p>Nous collectons des donn\u00e9es pour suivre les v\u00e9hicules, fournir des services en relation avec le suivi des v\u00e9hicules et communiquer avec la soci\u00e9t\u00e9 cliente qui demande le suivi du v\u00e9hicule. Ces donn\u00e9es incluent des Donn\u00e9es \u00e0 caract\u00e8re personnel parmi lesquelles&nbsp;:<\/p>\n\n\n\n<ul class=\"wp-block-list\">\n<li>noms,<\/li>\n\n\n\n<li>adresses (domicile \/ travail \/ autres adresses importantes),<\/li>\n\n\n\n<li>num\u00e9ros de t\u00e9l\u00e9phone,<\/li>\n\n\n\n<li>adresses \u00e9lectroniques,<\/li>\n\n\n\n<li>donn\u00e9es de localisation du v\u00e9hicule \u00e0 partir du GPS avec date et heure de l\u2019unit\u00e9 de suivi,<\/li>\n\n\n\n<li>les donn\u00e9es d&#8217;enregistrement de cam\u00e9ra lorsqu\u2019une cam\u00e9ra connect\u00e9e (\u2018cam\u00e9ra embarqu\u00e9e\u2019) est utilis\u00e9e.<\/li>\n<\/ul>\n\n\n\n<p>Pour l\u2019assurance, la soci\u00e9t\u00e9 cliente est l\u2019assureur du conducteur qui peut faire appel \u00e0 nos services par l\u2019interm\u00e9diaire d\u2019un tiers. Les Donn\u00e9es \u00e0 caract\u00e8re personnel qui nous sont fournies incluent \u00e9galement la date de naissance.<\/p>\n\n\n\n<p>Les donn\u00e9es suppl\u00e9mentaires recueillies par l\u2019unit\u00e9 \u00e0 partir de l\u2019unit\u00e9 de suivi \/ cam\u00e9ra embarqu\u00e9e sont&nbsp;:<\/p>\n\n\n\n<ul class=\"wp-block-list\">\n<li>\u00e9tat d\u2019allumage du v\u00e9hicule,<\/li>\n\n\n\n<li>vitesse et direction du v\u00e9hicule,<\/li>\n\n\n\n<li>donn\u00e9es d\u2019acc\u00e9l\u00e9ration et de freinage du v\u00e9hicule en 3&nbsp;dimensions,<\/li>\n\n\n\n<li>orientation de l\u2019unit\u00e9 de suivi, puissance du signal et donn\u00e9es relatives aux satellites GPS en vue,<\/li>\n\n\n\n<li>identification de la balise conducteur lorsqu\u2019elle est install\u00e9e,<\/li>\n\n\n\n<li>donn\u00e9es suppl\u00e9mentaires d\u2019entr\u00e9e filaire lorsqu\u2019elle est install\u00e9e, qui incluent la surveillance de la temp\u00e9rature, l\u2019\u00e9tat du dispositif fix\u00e9 (hayon \u00e9l\u00e9vateur, pompe, \u00e9pandeur, \u00e9quipement de tonte\u2026), l\u2019\u00e9tat d\u2019ouverture ou de fermeture des portes du v\u00e9hicule ou l\u2019\u00e9tat de charge du v\u00e9hicule.<\/li>\n<\/ul>\n\n\n\n<p>Les donn\u00e9es qui ne proviennent pas du dispositif de suivi \/ cam\u00e9ra embarqu\u00e9e sont fournies et conserv\u00e9es par la soci\u00e9t\u00e9 cliente qui fait appel \u00e0 nos services. Les donn\u00e9es de position du v\u00e9hicule sont trait\u00e9es pour d\u00e9terminer l\u2019adresse de la position et peuvent \u00e9galement fournir des informations sur le style de conduite et le temps de conduite pour l\u2019entreprise cliente.<\/p>\n\n\n\n<h3 class=\"wp-block-heading\">\u00c0 quoi servent ces informations&nbsp;?<\/h3>\n\n\n\n<p>Nous utilisons vos informations afin de fournir les services pour lesquels la soci\u00e9t\u00e9 cliente a fait appel \u00e0 nous. Cette soci\u00e9t\u00e9 peut \u00eatre votre employeur, une soci\u00e9t\u00e9 avec laquelle vous \u00eates sous contrat ou votre compagnie d\u2019assurance. La soci\u00e9t\u00e9 cliente est le Responsable du traitement pour lequel nous agissons en tant que Sous-traitant. Le Responsable du traitement doit informer les Personnes concern\u00e9es de leur base juridique de traitement et des finalit\u00e9s du traitement dans le cadre de l\u2019utilisation de nos services.<\/p>\n\n\n\n<p>Les services fournis par Quartix sont d\u00e9taill\u00e9s sur nos pages produits et incluent&nbsp;:<\/p>\n\n\n\n<ul class=\"wp-block-list\">\n<li>suivi des v\u00e9hicules en temps r\u00e9el avec affichage sur cartes,<\/li>\n\n\n\n<li>donn\u00e9es et rapports de trajet des v\u00e9hicules avec affichage sur cartes,<\/li>\n\n\n\n<li>rapports de temps incluant le kilom\u00e9trage, la vitesse des v\u00e9hicules, le temps de conduite, le temps d\u2019arr\u00eat et le temps sur place,<\/li>\n\n\n\n<li>donn\u00e9es sur le style de conduite couvrant l\u2019acc\u00e9l\u00e9ration, la d\u00e9c\u00e9l\u00e9ration et la vitesse par rapport aux autres v\u00e9hicules,<\/li>\n\n\n\n<li>geofencing et alertes pour signaler les activit\u00e9s dans des zones particuli\u00e8res,<\/li>\n\n\n\n<li>affichage des images de la cam\u00e9ra quand une cam\u00e9ra embarqu\u00e9e est utilis\u00e9e.<\/li>\n<\/ul>\n\n\n\n<h3 class=\"wp-block-heading\">Comment prot\u00e9geons-nous vos informations&nbsp;?<\/h3>\n\n\n\n<p>Nous mettons en \u0153uvre diverses mesures de s\u00e9curit\u00e9 pour assurer la s\u00e9curit\u00e9 de vos renseignements personnels. Des informations de s\u00e9curit\u00e9 sont n\u00e9cessaires pour acc\u00e9der \u00e0 l\u2019application de suivi avec une accessibilit\u00e9 des fonctionnalit\u00e9s par compte utilisateur d\u00e9cid\u00e9e par l\u2019administrateur syst\u00e8me de l\u2019entreprise cliente.<\/p>\n\n\n\n<p>Toutes les informations sensibles\/de cr\u00e9dit fournies sont transmises via la technologie SSL (Secure Socket Layer) puis chiffr\u00e9es dans notre base de donn\u00e9es des fournisseurs de passerelles de paiement pour n\u2019\u00eatre accessibles qu\u2019aux personnes autoris\u00e9es disposant de droits d\u2019acc\u00e8s sp\u00e9ciaux \u00e0 ces syst\u00e8mes et qui sont tenues d\u2019assurer la confidentialit\u00e9 de ces informations.<\/p>\n\n\n\n<p>Apr\u00e8s une transaction, vos informations priv\u00e9es (cartes de cr\u00e9dit, num\u00e9ros de s\u00e9curit\u00e9 sociale, informations financi\u00e8res, etc.) ne seront pas conserv\u00e9es plus de 60&nbsp;jours.<\/p>\n\n\n\n<h3 class=\"wp-block-heading\">Allons-nous vous contacter&nbsp;?<\/h3>\n\n\n\n<p>Nous pouvons vous contacter dans le cadre des services que nous fournissons \u00e0 la soci\u00e9t\u00e9 cliente, notamment pour envoyer des rapports, organiser des rendez-vous pour l\u2019installation du dispositif de suivi du v\u00e9hicule, discuter des probl\u00e8mes rencontr\u00e9s avec les donn\u00e9es re\u00e7ues du dispositif de suivi du v\u00e9hicule ou organiser des rendez-vous d\u2019entretien pour enqu\u00eater sur les probl\u00e8mes rencontr\u00e9s avec le dispositif de suivi du v\u00e9hicule.<\/p>\n\n\n\n<h3 class=\"wp-block-heading\">Enregistrons-nous les appels t\u00e9l\u00e9phoniques&nbsp;?<\/h3>\n\n\n\n<p>Les appels t\u00e9l\u00e9phoniques peuvent \u00eatre enregistr\u00e9s \u00e0 des fins de qualit\u00e9 et de formation.<\/p>\n\n\n\n<h3 class=\"wp-block-heading\">Utilisons-nous des cookies&nbsp;?<\/h3>\n\n\n\n<p>Oui, Quartix utilise des cookies.&nbsp;<\/p>\n\n\n\n<p>Les cookies sont de tr\u00e8s petits fichiers texte enregistr\u00e9s sur votre ordinateur pour suivre la navigation des utilisateurs sur un site web. Quartix utilise des cookies pour identifier et suivre vos mouvements sur nos sites web ainsi que la fa\u00e7on dont vous interagissez avec nos autres services (blogs, newsletters&#8230;). Vous recevrez ce cookie lorsque vous visitez l\u2019un de nos sites web, mais les informations qu\u2019il recueille seront stock\u00e9es et resteront anonymes pendant 38&nbsp;mois ou jusqu\u2019\u00e0 ce que vous nous communiquiez votre adresse e-mail via l\u2019un de nos sites web.<\/p>\n\n\n\n<p>Quartix peut faire appel \u00e0 un tiers pour diffuser des publicit\u00e9s sur ses sites web. Les annonceurs peuvent utiliser des cookies pour suivre le nombre d\u2019utilisateurs ayant r\u00e9pondu \u00e0 la campagne. Quartix n\u2019a pas acc\u00e8s aux cookies d\u00e9pos\u00e9s par des tiers, qui ne sont pas sous son contr\u00f4le.<\/p>\n\n\n\n<p>D\u00e9sactivation\/activation des cookies&nbsp;: les utilisateurs ont la possibilit\u00e9 d\u2019accepter ou de d\u00e9sactiver les cookies en modifiant les param\u00e8tres de leur navigateur. La d\u00e9sactivation des cookies peut toutefois avoir une incidence sur certaines fonctionnalit\u00e9s. Pour de plus amples informations sur la fa\u00e7on de d\u00e9sactiver les cookies, veuillez visiter le site (en anglais) <a href=\"http:\/\/www.allaboutcookies.org\/manage-cookies\/stop-cookies-installed.html\">http:\/\/www.allaboutcookies.org\/manage-cookies\/stop-cookies-installed.html<\/a><\/p>\n\n\n\n<p>Quartix utilise \u00e9galement un certain nombre de cookies d\u2019analyse marketing et d\u2019automatisation des e-mails. Par exemple, nous utilisons Google Analytics pour collecter des informations sur la navigation et les actions des clients sur nos sites web et en utilisant nos applications mobiles. Google Analytics utilise des cookies sur votre navigateur pour stocker des donn\u00e9es relatives \u00e0 votre activit\u00e9 sur nos sites qui sont ensuite collect\u00e9es par Google et peuvent \u00eatre analys\u00e9es pour comprendre par exemple l\u2019utilisation des fonctionnalit\u00e9s de nos sites et la navigation \u00e0 travers ceux-ci. Nous n\u2019essayons pas d\u2019identifier personnellement les utilisateurs de quelque mani\u00e8re que ce soit, bien que les donn\u00e9es puissent \u00eatre utilis\u00e9es par Google pour offrir des publicit\u00e9s cibl\u00e9es. Vous pouvez refuser l\u2019utilisation de Google Analytics depuis votre navigateur en installant un module compl\u00e9mentaire de Google disponible \u00e0 l\u2019adresse <a href=\"https:\/\/tools.google.com\/dlpage\/gaoptout\/\" target=\"_blank\" rel=\"noreferrer noopener\">https:\/\/tools.google.com\/dlpage\/gaoptout\/<\/a><\/p>\n\n\n\n<p>Quartix utilise \u00e9galement l\u2019API Google Maps pour fournir des services.&nbsp; Pour plus d\u2019informations, veuillez consulter les R\u00e8gles de confidentialit\u00e9 de Google : https:\/\/policies.google.com\/privacy?hl=fr<\/p>\n\n\n\n<h3 class=\"wp-block-heading\">Divulguons-nous des informations \u00e0 des parties externes&nbsp;?<\/h3>\n\n\n\n<p>Non, nous ne transmettrons vos coordonn\u00e9es \u00e0 aucune partie externe. Cela ne comprend pas les tiers de confiance qui nous aident \u00e0 exploiter notre site&nbsp;web, \u00e0 mener nos activit\u00e9s ou \u00e0 vous servir, tant que ces parties acceptent d\u2019assurer la confidentialit\u00e9 de ces informations confidentielles. Nous pouvons \u00e9galement divulguer vos informations lorsque nous estimons que la divulgation est appropri\u00e9e pour nous conformer \u00e0 la loi, appliquer les politiques de notre site ou prot\u00e9ger nos droits, notre propri\u00e9t\u00e9 ou notre s\u00e9curit\u00e9. Cependant, des informations qui n\u2019identifient pas personnellement les visiteurs peuvent \u00eatre fournies \u00e0 d\u2019autres parties \u00e0 des fins de marketing ou de publicit\u00e9 ou \u00e0 d\u2019autres fins.<\/p>\n\n\n\n<p>Occasionnellement, nous pouvons d\u00e9cider d\u2019inclure ou d\u2019offrir des produits ou services tiers sur notre site web. Ces sites tiers appliquent des politiques de confidentialit\u00e9 distinctes et ind\u00e9pendantes. Nous d\u00e9clinons donc toute responsabilit\u00e9 quant au contenu et aux activit\u00e9s de ces sites li\u00e9s. N\u00e9anmoins, nous tenons \u00e0 prot\u00e9ger l\u2019int\u00e9grit\u00e9 de notre site et vous invitons \u00e0 nous transmettre vos commentaires sur ces sites.<\/p>\n\n\n\n<h3 class=\"wp-block-heading\">Droits des Personnes concern\u00e9es<\/h3>\n\n\n\n<p>Les personnes physiques disposent d\u2019un certain nombre de droits relatifs aux donn\u00e9es d\u00e9tenues \u00e0 leur sujet. Dans un premier temps, les demandes doivent \u00eatre faites \u00e0 la soci\u00e9t\u00e9 cliente et toutes les demandes faites directement \u00e0 Quartix seront renvoy\u00e9es \u00e0 la soci\u00e9t\u00e9 cliente. Les demandes adress\u00e9es \u00e0 Quartix doivent \u00eatre faites \u00e0 notre \u00e9quipe de support qui peut \u00eatre contact\u00e9e comme indiqu\u00e9 \u00e0 la rubrique Contactez-nous.<\/p>\n\n\n\n<p>a) Droit d\u2019information<br>Les Personnes concern\u00e9es ont le droit d\u2019\u00eatre inform\u00e9es des Donn\u00e9es \u00e0 caract\u00e8re personnel les concernant, du traitement de ces Donn\u00e9es \u00e0 caract\u00e8re personnel et de la base juridique du traitement ainsi que des finalit\u00e9s du traitement. Cette note d\u2019information relative au respect de la vie priv\u00e9e fournit des d\u00e9tails sur les Donn\u00e9es \u00e0 caract\u00e8re personnel d\u00e9tenues et les op\u00e9rations de traitement de ces donn\u00e9es que Quartix effectue en tant que Sous-traitant intervenant pour le compte de la soci\u00e9t\u00e9 cliente, qui agit en tant que Responsable du traitement et devrait \u00e0 ce titre communiquer la base juridique du traitement ainsi que les finalit\u00e9s du traitement.<\/p>\n\n\n\n<p>b) Droit d\u2019acc\u00e8s<br>Les Personnes concern\u00e9es ont le droit de demander et d\u2019obtenir des informations relatives \u00e0 leurs Donn\u00e9es \u00e0 caract\u00e8re personnel et d\u2019en recevoir une copie.<\/p>\n\n\n\n<p>c) Droit de rectification<br>Les Personnes concern\u00e9es ont le droit d\u2019obtenir que les Donn\u00e9es \u00e0 caract\u00e8re personnel inexactes ou incompl\u00e8tes les concernant soient rectifi\u00e9es ou compl\u00e9t\u00e9es. La plupart des Donn\u00e9es \u00e0 caract\u00e8re personnel du syst\u00e8me Quartix peuvent \u00eatre modifi\u00e9es via l\u2019application web Quartix par un utilisateur administratif de l\u2019entreprise cliente.<\/p>\n\n\n\n<p>d) Droits \u00e0 l\u2019effacement, \u00e0 la limitation, \u00e0 la portabilit\u00e9 des donn\u00e9es et d\u2019opposition<br>Dans certaines circonstances et, dans des cas particuliers, sous r\u00e9serve d\u2019exceptions sp\u00e9cifiques, les Personnes concern\u00e9es ont le droit&nbsp;:<\/p>\n\n\n\n<ul class=\"wp-block-list\">\n<li>d\u2019obtenir l\u2019effacement des Donn\u00e9es \u00e0 caract\u00e8re personnel les concernant&nbsp;;<\/li>\n\n\n\n<li>d\u2019obtenir la limitation des Donn\u00e9es \u00e0 caract\u00e8re personnel les concernant&nbsp;;<\/li>\n\n\n\n<li>d\u2019obtenir de notre part le transfert des Donn\u00e9es \u00e0 caract\u00e8re personnel les concernant qu\u2019elles ont fournies \u00e0 un Responsable du traitement \u00e0 un autre Responsable du traitement, sans que nous y fassions obstacle et si cela est techniquement possible&nbsp;;<\/li>\n\n\n\n<li>de s\u2019opposer \u00e0 tout moment \u00e0 un traitement effectu\u00e9 dans notre int\u00e9r\u00eat l\u00e9gitime, ou pour l\u2019ex\u00e9cution d\u2019une mission d\u2019int\u00e9r\u00eat public ou relevant de l\u2019exercice de l\u2019autorit\u00e9 publique d\u00e9volue au Responsable du traitement ou effectu\u00e9e \u00e0 des fins de prospection.<\/li>\n<\/ul>\n\n\n\n<p>e) Prise de d\u00e9cision automatis\u00e9e<br>Quartix ne prend aucune d\u00e9cision relative aux Personnes concern\u00e9es sur le seul fondement d\u2019un traitement automatis\u00e9, y compris un profilage, et qui produit des effets juridiques la concernant ou qui, de fa\u00e7on similaire, l\u2019affecte de mani\u00e8re significative.<\/p>\n\n\n\n<h3 class=\"wp-block-heading\">Transfert hors de l\u2019UE<\/h3>\n\n\n\n<p>Quartix transf\u00e9rera uniquement des Donn\u00e9es \u00e0 caract\u00e8re personnel (ce transfert incluant le fait de rendre les donn\u00e9es accessibles \u00e0 distance) vers des pays situ\u00e9s en dehors de l\u2019EEE lorsque&nbsp;:<\/p>\n\n\n\n<ul class=\"wp-block-list\">\n<li>le transfert se fait vers un pays (ou \u00e0 une organisation internationale) qui assure un niveau de protection ad\u00e9quat d\u2019apr\u00e8s la Commission europ\u00e9enne&nbsp;;<\/li>\n\n\n\n<li>les clauses contractuelles types adopt\u00e9es par la Commission europ\u00e9enne ont \u00e9t\u00e9 mises en place entre Quartix et l\u2019entit\u00e9 situ\u00e9e en dehors de l\u2019EEE&nbsp;;<\/li>\n\n\n\n<li>des r\u00e8gles d\u2019entreprise contraignantes ont \u00e9t\u00e9 mises en \u0153uvre, le cas \u00e9ch\u00e9ant&nbsp;; ou le transfert est autrement autoris\u00e9 par le RGPD.<\/li>\n<\/ul>\n\n\n\n<h3 class=\"wp-block-heading\">Conservation des donn\u00e9es<\/h3>\n\n\n\n<p>La dur\u00e9e pendant laquelle Quartix conservera les donn\u00e9es de suivi peut \u00eatre d\u00e9finie via l\u2019application web Quartix par un utilisateur administratif de l\u2019entreprise cliente.<\/p>\n\n\n\n<p>Les clients doivent tenir compte de la dur\u00e9e de conservation des donn\u00e9es de suivi n\u00e9cessaire en fonction de leurs finalit\u00e9s de traitement et un utilisateur administratif doit configurer la dur\u00e9e de conservation en cons\u00e9quence.<\/p>\n\n\n\n<p>Les images des cam\u00e9ras embarqu\u00e9es sont conserv\u00e9es pendant un maximum de six mois.<\/p>\n\n\n\n<h3 class=\"wp-block-heading\">Votre consentement<\/h3>\n\n\n\n<p>En utilisant notre site web ou en nous communiquant vos coordonn\u00e9es lors d\u2019\u00e9v\u00e9nements commerciaux ou d\u2019expositions, vous consentez \u00e0 la collecte et \u00e0 l\u2019utilisation de ces informations par Quartix. Si nous d\u00e9cidons de modifier notre politique de confidentialit\u00e9, nous afficherons ces modifications sur cette page afin que vous soyez toujours au courant des informations que nous collectons, de la fa\u00e7on dont nous les utilisons et des circonstances justifiant leur divulgation.<\/p>\n\n\n\n<h3 class=\"wp-block-heading\">Contactez-nous<\/h3>\n\n\n\n<p>Si vous avez des questions concernant cette politique de confidentialit\u00e9, vous pouvez nous contacter \u00e0 l\u2019adresse e-mail ci-dessous.<br><a href=\"mailto:info@quartix.fr\">info@quartix.fr<\/a><\/p>\n\n\n\n<p>Toute r\u00e9clamation doit \u00eatre adress\u00e9e dans un premier temps \u00e0 Quartix \u00e0 l\u2019adresse e-mail ci-dessus. Les Personnes concern\u00e9es peuvent adresser une plainte \u00e0 l\u2019Autorit\u00e9 de contr\u00f4le comp\u00e9tente en France, la CNIL \u2013 <a href=\"http:\/\/www.cnil.fr\">www.cnil.fr<\/a>.<\/p>\n\n\n\n<p>Conform\u00e9ment aux exigences du r\u00e8glement g\u00e9n\u00e9ral sur la protection des donn\u00e9es (RGPD), Quartix a nomm\u00e9 un d\u00e9l\u00e9gu\u00e9 \u00e0 la protection des donn\u00e9es qui peut \u00eatre contact\u00e9 par e-mail \u00e0 <a href=\"mailto:DPO@quartix.net\">DPO@quartix.net<\/a>.<\/p>\n","protected":false},"excerpt":{"rendered":"<p>Cette note d\u2019information concerne les clients qui utilisent le syst\u00e8me de suivi Quartix. Pour toute question concernant ces informations, veuillez contacter info@quartix.fr. Quelles informations recueillons-nous&nbsp;? Nous collectons des donn\u00e9es pour suivre les v\u00e9hicules, fournir des services en relation avec le suivi des v\u00e9hicules et communiquer avec la soci\u00e9t\u00e9 cliente qui demande le suivi du v\u00e9hicule. [&hellip;]<\/p>\n","protected":false},"author":208,"featured_media":0,"parent":0,"menu_order":730,"comment_status":"closed","ping_status":"closed","template":"templates\/terms-and-conditions.php","meta":{"_acf_changed":false,"inline_featured_image":false,"footnotes":""},"topic":[],"qtx_campaign":[],"class_list":["post-57491","page","type-page","status-publish","hentry"],"acf":[],"yoast_head":"<!-- This site is optimized with the Yoast SEO Premium plugin v27.3 (Yoast SEO v27.3) - https:\/\/yoast.com\/product\/yoast-seo-premium-wordpress\/ -->\n<title>D\u00e9claration de Confidentialit\u00e9 Clients Quartix | G\u00e9olocalisation de v\u00e9hicules - FR<\/title>\n<meta name=\"description\" content=\"Retrouvez l&#039;int\u00e9gralit\u00e9 de la d\u00e9claration de confidentialit\u00e9 clients Quartix comprenant les donn\u00e9es collect\u00e9es, la protection des donn\u00e9es, les cookies...\" \/>\n<meta name=\"robots\" content=\"index, follow, max-snippet:-1, max-image-preview:large, max-video-preview:-1\" \/>\n<link rel=\"canonical\" href=\"https:\/\/www.quartix.com\/fr-fr\/declaration-de-confidentialite-clients-quartix\/\" \/>\n<meta property=\"og:locale\" content=\"fr_FR\" \/>\n<meta property=\"og:type\" content=\"article\" \/>\n<meta property=\"og:title\" content=\"Note d\u2019information sur le suivi\u00a0GPS et le respect de la vie priv\u00e9e \u00e0 l\u2019intention des clients\" \/>\n<meta property=\"og:description\" content=\"Retrouvez l&#039;int\u00e9gralit\u00e9 de la d\u00e9claration de confidentialit\u00e9 clients Quartix comprenant les donn\u00e9es collect\u00e9es, la protection des donn\u00e9es, les cookies...\" \/>\n<meta property=\"og:url\" content=\"https:\/\/www.quartix.com\/fr-fr\/declaration-de-confidentialite-clients-quartix\/\" \/>\n<meta property=\"og:site_name\" content=\"Quartix\" \/>\n<meta property=\"article:publisher\" content=\"https:\/\/www.facebook.com\/Quartix-USA-374426386097401\/\" \/>\n<meta property=\"article:modified_time\" content=\"2024-01-03T18:36:42+00:00\" \/>\n<meta name=\"twitter:card\" content=\"summary_large_image\" \/>\n<meta name=\"twitter:site\" content=\"@QuartixUSA\" \/>\n<meta name=\"twitter:label1\" content=\"Est. reading time\" \/>\n\t<meta name=\"twitter:data1\" content=\"12 minutes\" \/>\n<!-- \/ Yoast SEO Premium plugin. -->","yoast_head_json":{"title":"D\u00e9claration de Confidentialit\u00e9 Clients Quartix | G\u00e9olocalisation de v\u00e9hicules - FR","description":"Retrouvez l'int\u00e9gralit\u00e9 de la d\u00e9claration de confidentialit\u00e9 clients Quartix comprenant les donn\u00e9es collect\u00e9es, la protection des donn\u00e9es, les cookies...","robots":{"index":"index","follow":"follow","max-snippet":"max-snippet:-1","max-image-preview":"max-image-preview:large","max-video-preview":"max-video-preview:-1"},"canonical":"https:\/\/www.quartix.com\/fr-fr\/declaration-de-confidentialite-clients-quartix\/","og_locale":"fr_FR","og_type":"article","og_title":"Note d\u2019information sur le suivi\u00a0GPS et le respect de la vie priv\u00e9e \u00e0 l\u2019intention des clients","og_description":"Retrouvez l'int\u00e9gralit\u00e9 de la d\u00e9claration de confidentialit\u00e9 clients Quartix comprenant les donn\u00e9es collect\u00e9es, la protection des donn\u00e9es, les cookies...","og_url":"https:\/\/www.quartix.com\/fr-fr\/declaration-de-confidentialite-clients-quartix\/","og_site_name":"Quartix","article_publisher":"https:\/\/www.facebook.com\/Quartix-USA-374426386097401\/","article_modified_time":"2024-01-03T18:36:42+00:00","twitter_card":"summary_large_image","twitter_site":"@QuartixUSA","twitter_misc":{"Est. reading time":"12 minutes"},"schema":{"@context":"https:\/\/schema.org","@graph":[{"@type":"WebPage","@id":"https:\/\/www.quartix.com\/fr-fr\/declaration-de-confidentialite-clients-quartix\/","url":"https:\/\/www.quartix.com\/fr-fr\/declaration-de-confidentialite-clients-quartix\/","name":"D\u00e9claration de Confidentialit\u00e9 Clients Quartix | G\u00e9olocalisation de v\u00e9hicules","isPartOf":{"@id":"https:\/\/www.quartix.com\/fr-fr\/#website"},"datePublished":"2021-05-21T16:48:07+00:00","dateModified":"2024-01-03T18:36:42+00:00","description":"Retrouvez l'int\u00e9gralit\u00e9 de la d\u00e9claration de confidentialit\u00e9 clients Quartix comprenant les donn\u00e9es collect\u00e9es, la protection des donn\u00e9es, les cookies...","breadcrumb":{"@id":"https:\/\/www.quartix.com\/fr-fr\/declaration-de-confidentialite-clients-quartix\/#breadcrumb"},"inLanguage":"fr-FR","potentialAction":[{"@type":"ReadAction","target":["https:\/\/www.quartix.com\/fr-fr\/declaration-de-confidentialite-clients-quartix\/"]}]},{"@type":"BreadcrumbList","@id":"https:\/\/www.quartix.com\/fr-fr\/declaration-de-confidentialite-clients-quartix\/#breadcrumb","itemListElement":[{"@type":"ListItem","position":1,"name":"Accueil","item":"https:\/\/www.quartix.com\/fr-fr\/quartix-suivi-de-vehicules-en-temps-reel\/"},{"@type":"ListItem","position":2,"name":"Note d\u2019information sur le suivi\u00a0GPS et le respect de la vie priv\u00e9e \u00e0 l\u2019intention des clients"}]},{"@type":"WebSite","@id":"https:\/\/www.quartix.com\/fr-fr\/#website","url":"https:\/\/www.quartix.com\/fr-fr\/","name":"Quartix","description":"Real-time vehicle tracking","publisher":{"@id":"https:\/\/www.quartix.com\/fr-fr\/#organization"},"potentialAction":[{"@type":"SearchAction","target":{"@type":"EntryPoint","urlTemplate":"https:\/\/www.quartix.com\/fr-fr\/?s={search_term_string}"},"query-input":{"@type":"PropertyValueSpecification","valueRequired":true,"valueName":"search_term_string"}}],"inLanguage":"fr-FR"},{"@type":"Organization","@id":"https:\/\/www.quartix.com\/fr-fr\/#organization","name":"Quartix","url":"https:\/\/www.quartix.com\/fr-fr\/","logo":{"@type":"ImageObject","inLanguage":"fr-FR","@id":"https:\/\/www.quartix.com\/fr-fr\/#\/schema\/logo\/image\/","url":"https:\/\/www.quartix.com\/content\/uploads\/2019\/02\/quartix-logo-eur.svg","contentUrl":"https:\/\/www.quartix.com\/content\/uploads\/2019\/02\/quartix-logo-eur.svg","width":1,"height":1,"caption":"Quartix"},"image":{"@id":"https:\/\/www.quartix.com\/fr-fr\/#\/schema\/logo\/image\/"},"sameAs":["https:\/\/www.facebook.com\/Quartix-USA-374426386097401\/","https:\/\/x.com\/QuartixUSA","https:\/\/www.linkedin.com\/company\/5346733\/","https:\/\/www.youtube.com\/channel\/UCzS-_GMfHF4kWiCheyIRrAQ"]}]}},"_links":{"self":[{"href":"https:\/\/www.quartix.com\/fr-fr\/wp-json\/wp\/v2\/pages\/57491","targetHints":{"allow":["GET"]}}],"collection":[{"href":"https:\/\/www.quartix.com\/fr-fr\/wp-json\/wp\/v2\/pages"}],"about":[{"href":"https:\/\/www.quartix.com\/fr-fr\/wp-json\/wp\/v2\/types\/page"}],"author":[{"embeddable":true,"href":"https:\/\/www.quartix.com\/fr-fr\/wp-json\/wp\/v2\/users\/208"}],"replies":[{"embeddable":true,"href":"https:\/\/www.quartix.com\/fr-fr\/wp-json\/wp\/v2\/comments?post=57491"}],"version-history":[{"count":0,"href":"https:\/\/www.quartix.com\/fr-fr\/wp-json\/wp\/v2\/pages\/57491\/revisions"}],"wp:attachment":[{"href":"https:\/\/www.quartix.com\/fr-fr\/wp-json\/wp\/v2\/media?parent=57491"}],"wp:term":[{"taxonomy":"topic","embeddable":true,"href":"https:\/\/www.quartix.com\/fr-fr\/wp-json\/wp\/v2\/topic?post=57491"},{"taxonomy":"qtx_campaign","embeddable":true,"href":"https:\/\/www.quartix.com\/fr-fr\/wp-json\/wp\/v2\/qtx_campaign?post=57491"}],"curies":[{"name":"wp","href":"https:\/\/api.w.org\/{rel}","templated":true}]}}