{"id":57649,"date":"2021-05-25T11:35:25","date_gmt":"2021-05-25T10:35:25","guid":{"rendered":" https:\/\/www.quartix.com\/?page_id=57649"},"modified":"2022-10-14T12:30:23","modified_gmt":"2022-10-14T11:30:23","slug":"merci-demande-demo","status":"publish","type":"page","link":"https:\/\/www.quartix.com\/fr-fr\/merci-demande-demo\/","title":{"rendered":"Merci &#8211; Demande de D\u00e9mo"},"content":{"rendered":"\n<h2 class=\"has-text-align-center wp-block-heading\" id=\"un-membre-de-notre-equipe-vous-recontactera-prochainement-pour-programmer-votre-demo\">Un membre de notre \u00e9quipe vous recontactera prochainement pour programmer votre d\u00e9mo.<\/h2>\n\n\n\n<p class=\"has-text-align-center\">Vous pouvez aussi nous contacter par email \u00e0 <a>info@quartix.fr<\/a> ou par t\u00e9l\u00e9phone au 01 70 39 43 70 pour demander \u00e0 parler \u00e0 un membre de notre \u00e9quipe commerciale.<\/p>\n\n\n\n<p class=\"has-text-align-center\">En attendant, vous pouvez consulter nos ressources pour en savoir plus sur le syst\u00e8me Quartix :<\/p>\n\n\n\n<p class=\"has-text-align-center\"><a href=\"\/fr-fr\/ressources\/temoignages-clients\/\" target=\"_blank\" rel=\"noopener\">T\u00e9moignages clients Quartix<\/a><\/p>\n\n\n\n<p class=\"has-text-align-center\"><a href=\"\/fr-fr\/ressources\/tutoriels-video\/\" target=\"_blank\" rel=\"noopener\">Tutoriels vid\u00e9o<\/a><\/p>\n\n\n\n<p class=\"has-text-align-center\"><a href=\"\/fr-fr\/ressources\/nos-guides\/\" target=\"_blank\" rel=\"noopener\">Guides sur la g\u00e9olocalisation de v\u00e9hicules<\/a><\/p>\n","protected":false},"excerpt":{"rendered":"<p>Un membre de notre \u00e9quipe vous recontactera prochainement pour programmer votre d\u00e9mo. Vous pouvez aussi nous contacter par email \u00e0 info@quartix.fr ou par t\u00e9l\u00e9phone au 01 70 39 43 70 pour demander \u00e0 parler \u00e0 un membre de notre \u00e9quipe commerciale. En attendant, vous pouvez consulter nos ressources pour en savoir plus sur le syst\u00e8me [&hellip;]<\/p>\n","protected":false},"author":208,"featured_media":0,"parent":0,"menu_order":8805,"comment_status":"closed","ping_status":"closed","template":"","meta":{"_acf_changed":false,"inline_featured_image":false,"footnotes":""},"topic":[],"qtx_campaign":[],"class_list":["post-57649","page","type-page","status-publish","hentry"],"acf":[],"yoast_head":"<!-- This site is optimized with the Yoast SEO Premium plugin v27.3 (Yoast SEO v27.3) - https:\/\/yoast.com\/product\/yoast-seo-premium-wordpress\/ -->\n<title>Merci - Demande de D\u00e9mo - FR<\/title>\n<meta name=\"description\" content=\"Merci pour votre demande. Un membre de notre \u00e9quipe vous recontactera prochainement pour programmer votre d\u00e9mo.\" \/>\n<meta name=\"robots\" content=\"noindex, nofollow\" \/>\n<meta property=\"og:locale\" content=\"fr_FR\" \/>\n<meta property=\"og:type\" content=\"article\" \/>\n<meta property=\"og:title\" content=\"Merci - Demande de D\u00e9mo\" \/>\n<meta property=\"og:description\" content=\"Merci pour votre demande. Un membre de notre \u00e9quipe vous recontactera prochainement pour programmer votre d\u00e9mo.\" \/>\n<meta property=\"og:url\" content=\"https:\/\/www.quartix.com\/fr-fr\/merci-demande-demo\/\" \/>\n<meta property=\"og:site_name\" content=\"Quartix\" \/>\n<meta property=\"article:publisher\" content=\"https:\/\/www.facebook.com\/Quartix-USA-374426386097401\/\" \/>\n<meta property=\"article:modified_time\" content=\"2022-10-14T11:30:23+00:00\" \/>\n<meta name=\"twitter:card\" content=\"summary_large_image\" \/>\n<meta name=\"twitter:site\" content=\"@QuartixUSA\" \/>\n<meta name=\"twitter:label1\" content=\"Est. reading time\" \/>\n\t<meta name=\"twitter:data1\" content=\"1 minute\" \/>\n<!-- \/ Yoast SEO Premium plugin. -->","yoast_head_json":{"title":"Merci - Demande de D\u00e9mo - FR","description":"Merci pour votre demande. Un membre de notre \u00e9quipe vous recontactera prochainement pour programmer votre d\u00e9mo.","robots":{"index":"noindex","follow":"nofollow"},"og_locale":"fr_FR","og_type":"article","og_title":"Merci - Demande de D\u00e9mo","og_description":"Merci pour votre demande. Un membre de notre \u00e9quipe vous recontactera prochainement pour programmer votre d\u00e9mo.","og_url":"https:\/\/www.quartix.com\/fr-fr\/merci-demande-demo\/","og_site_name":"Quartix","article_publisher":"https:\/\/www.facebook.com\/Quartix-USA-374426386097401\/","article_modified_time":"2022-10-14T11:30:23+00:00","twitter_card":"summary_large_image","twitter_site":"@QuartixUSA","twitter_misc":{"Est. reading time":"1 minute"},"schema":{"@context":"https:\/\/schema.org","@graph":[{"@type":"WebPage","@id":"https:\/\/www.quartix.com\/fr-fr\/merci-demande-demo\/","url":"https:\/\/www.quartix.com\/fr-fr\/merci-demande-demo\/","name":"Merci - Demande de D\u00e9mo","isPartOf":{"@id":"https:\/\/www.quartix.com\/fr-fr\/#website"},"datePublished":"2021-05-25T10:35:25+00:00","dateModified":"2022-10-14T11:30:23+00:00","description":"Merci pour votre demande. Un membre de notre \u00e9quipe vous recontactera prochainement pour programmer votre d\u00e9mo.","breadcrumb":{"@id":"https:\/\/www.quartix.com\/fr-fr\/merci-demande-demo\/#breadcrumb"},"inLanguage":"fr-FR","potentialAction":[{"@type":"ReadAction","target":["https:\/\/www.quartix.com\/fr-fr\/merci-demande-demo\/"]}]},{"@type":"BreadcrumbList","@id":"https:\/\/www.quartix.com\/fr-fr\/merci-demande-demo\/#breadcrumb","itemListElement":[{"@type":"ListItem","position":1,"name":"Accueil","item":"https:\/\/www.quartix.com\/fr-fr\/quartix-suivi-de-vehicules-en-temps-reel\/"},{"@type":"ListItem","position":2,"name":"Merci &#8211; Demande de D\u00e9mo"}]},{"@type":"WebSite","@id":"https:\/\/www.quartix.com\/fr-fr\/#website","url":"https:\/\/www.quartix.com\/fr-fr\/","name":"Quartix","description":"Real-time vehicle tracking","publisher":{"@id":"https:\/\/www.quartix.com\/fr-fr\/#organization"},"potentialAction":[{"@type":"SearchAction","target":{"@type":"EntryPoint","urlTemplate":"https:\/\/www.quartix.com\/fr-fr\/?s={search_term_string}"},"query-input":{"@type":"PropertyValueSpecification","valueRequired":true,"valueName":"search_term_string"}}],"inLanguage":"fr-FR"},{"@type":"Organization","@id":"https:\/\/www.quartix.com\/fr-fr\/#organization","name":"Quartix","url":"https:\/\/www.quartix.com\/fr-fr\/","logo":{"@type":"ImageObject","inLanguage":"fr-FR","@id":"https:\/\/www.quartix.com\/fr-fr\/#\/schema\/logo\/image\/","url":"https:\/\/www.quartix.com\/content\/uploads\/2019\/02\/quartix-logo-eur.svg","contentUrl":"https:\/\/www.quartix.com\/content\/uploads\/2019\/02\/quartix-logo-eur.svg","width":1,"height":1,"caption":"Quartix"},"image":{"@id":"https:\/\/www.quartix.com\/fr-fr\/#\/schema\/logo\/image\/"},"sameAs":["https:\/\/www.facebook.com\/Quartix-USA-374426386097401\/","https:\/\/x.com\/QuartixUSA","https:\/\/www.linkedin.com\/company\/5346733\/","https:\/\/www.youtube.com\/channel\/UCzS-_GMfHF4kWiCheyIRrAQ"]}]}},"_links":{"self":[{"href":"https:\/\/www.quartix.com\/fr-fr\/wp-json\/wp\/v2\/pages\/57649","targetHints":{"allow":["GET"]}}],"collection":[{"href":"https:\/\/www.quartix.com\/fr-fr\/wp-json\/wp\/v2\/pages"}],"about":[{"href":"https:\/\/www.quartix.com\/fr-fr\/wp-json\/wp\/v2\/types\/page"}],"author":[{"embeddable":true,"href":"https:\/\/www.quartix.com\/fr-fr\/wp-json\/wp\/v2\/users\/208"}],"replies":[{"embeddable":true,"href":"https:\/\/www.quartix.com\/fr-fr\/wp-json\/wp\/v2\/comments?post=57649"}],"version-history":[{"count":0,"href":"https:\/\/www.quartix.com\/fr-fr\/wp-json\/wp\/v2\/pages\/57649\/revisions"}],"wp:attachment":[{"href":"https:\/\/www.quartix.com\/fr-fr\/wp-json\/wp\/v2\/media?parent=57649"}],"wp:term":[{"taxonomy":"topic","embeddable":true,"href":"https:\/\/www.quartix.com\/fr-fr\/wp-json\/wp\/v2\/topic?post=57649"},{"taxonomy":"qtx_campaign","embeddable":true,"href":"https:\/\/www.quartix.com\/fr-fr\/wp-json\/wp\/v2\/qtx_campaign?post=57649"}],"curies":[{"name":"wp","href":"https:\/\/api.w.org\/{rel}","templated":true}]}}