{"id":57654,"date":"2021-05-25T11:42:07","date_gmt":"2021-05-25T10:42:07","guid":{"rendered":" https:\/\/www.quartix.com\/?page_id=57654"},"modified":"2022-03-07T15:32:40","modified_gmt":"2022-03-07T14:32:40","slug":"video-geolocalisation-de-vehicules-une-solution-adaptee-a-vos-besoins","status":"publish","type":"page","link":"https:\/\/www.quartix.com\/fr-fr\/video-geolocalisation-de-vehicules-une-solution-adaptee-a-vos-besoins\/","title":{"rendered":"Video G\u00e9olocalisation de v\u00e9hicules : une solution adapt\u00e9e \u00e0 vos besoins"},"content":{"rendered":"\n<figure class=\"wp-block-embed aligncenter is-type-video is-provider-youtube wp-block-embed-youtube wp-embed-aspect-16-9 wp-has-aspect-ratio\"><div class=\"wp-block-embed__wrapper\">\n<iframe loading=\"lazy\" title=\"Quartix - G\u00e9olocalisation de v\u00e9hicules\" width=\"640\" height=\"360\" src=\"https:\/\/www.youtube.com\/embed\/R0sak7gnH8k?feature=oembed\" frameborder=\"0\" allow=\"accelerometer; autoplay; clipboard-write; encrypted-media; gyroscope; picture-in-picture; web-share\" referrerpolicy=\"strict-origin-when-cross-origin\" allowfullscreen><\/iframe>\n<\/div><\/figure>\n\n\n    <div class=\"button-container \">\r\n<a href=\"https:\/\/www.quartix.com\/fr-fr\/demande-demo\/\" class=\"btn pagebuilder-btn btn-green btn-\" title=\"Programmer une d\u00e9mo\" >Programmer une d\u00e9mo<\/a>\r\n<\/div>\r\n\n\n<section class=\"qtx-pagebuilder-section countups qtx-pagebuilder-section-counters   nobottommargin\">\r\n        <div class=\"countup first\">\r\n            <p class=\"pretext\">Plus de<\/p>\r\n            <p class=\"value\" id=\"cid13685495701\">600000<\/p>\r\n            <p class=\"posttext\">balises install\u00e9es depuis 2001<\/p>\r\n        <\/div>\r\n        <div class=\"countup\">\r\n            <p class=\"pretext\">Plus de<\/p>\r\n            <p class=\"value\" id=\"cid13685495702\">20<\/p>\r\n            <p class=\"posttext\">ans d&#8217;exp\u00e9rience en t\u00e9l\u00e9matique<\/p>\r\n        <\/div>\r\n        <div class=\"countup\">\r\n            <p class=\"pretext\">Plus de<\/p>\r\n            <p class=\"value\" id=\"cid13685495703\">400<\/p>\r\n            <p class=\"posttext\">nouveaux clients par mois<\/p>\r\n    <\/div>\r\n<\/section>\r\n\r\n<script nonce=\"\" nonce=\"\">\r\n\r\n    jQuery(function($) {\r\n        $( document ).ready(function(){\r\n            var countercontroller1368549570 = new ScrollMagic.Controller();\r\n\r\n                                var options = {\r\n                        useEasing: true,\r\n                        useGrouping: true,\r\n                        separator: ' ',\r\n                        decimal: ',',\r\n                        suffix: ''\r\n                    };\r\n                \r\n            let c1countup= new CountUp('cid13685495701', 0, 600000,0,2,options);\r\n\t\t\tvar c1scene = new ScrollMagic.Scene({\r\n                triggerElement: \"#cid13685495701\",\r\n                triggerHook: 'onEnter',\r\n\t\t\t})\r\n\t\t\t.addTo(countercontroller1368549570);\r\n            c1scene.on(\"enter\", function (event) {\r\n                if (!c1countup.error) {\r\n                \u2003\u2003c1countup.start();\r\n                } else {\r\n                \u2003\u2003console.error(c1countup.error);\r\n                }\r\n            });\r\n\r\n            let c2countup= new CountUp('cid13685495702', 0, 20,0,2,options);\r\n\t\t\tvar c2scene = new ScrollMagic.Scene({\r\n                triggerElement: \"#cid13685495702\",\r\n                triggerHook: 'onEnter',\r\n\t\t\t})\r\n\t\t\t.addTo(countercontroller1368549570);\r\n            c2scene.on(\"enter\", function (event) {\r\n                if (!c2countup.error) {\r\n                \u2003\u2003c2countup.start();\r\n                } else {\r\n                \u2003\u2003console.error(c2countup.error);\r\n                }\r\n            });\r\n\r\n            let c3countup= new CountUp('cid13685495703', 0, 400,0,2,options);\r\n\t\t\tvar c3scene = new ScrollMagic.Scene({\r\n                triggerElement: \"#cid13685495703\",\r\n                triggerHook: 'onEnter',\r\n\t\t\t})\r\n\t\t\t.addTo(countercontroller1368549570);\r\n            c3scene.on(\"enter\", function (event) {\r\n                if (!c3countup.error) {\r\n                \u2003\u2003c3countup.start();\r\n                } else {\r\n                \u2003\u2003console.error(c3countup.error);\r\n                }\r\n            });\r\n        })  \r\n    })\r\n            <\/script>","protected":false},"excerpt":{"rendered":"","protected":false},"author":208,"featured_media":0,"parent":0,"menu_order":600,"comment_status":"closed","ping_status":"closed","template":"","meta":{"_acf_changed":false,"inline_featured_image":false,"footnotes":""},"topic":[],"qtx_campaign":[],"class_list":["post-57654","page","type-page","status-publish","hentry"],"acf":[],"yoast_head":"<!-- This site is optimized with the Yoast SEO Premium plugin v27.3 (Yoast SEO v27.3) - https:\/\/yoast.com\/product\/yoast-seo-premium-wordpress\/ -->\n<title>Video G\u00e9olocalisation de v\u00e9hicules | Une solution adapt\u00e9e \u00e0 vos besoins - FR<\/title>\n<meta name=\"description\" content=\"Cette video vous explique le fonctionnement et les diff\u00e9rentes fonctions disponibles de l\u2019interface Quartix.\" \/>\n<meta name=\"robots\" content=\"index, follow, max-snippet:-1, max-image-preview:large, max-video-preview:-1\" \/>\n<link rel=\"canonical\" href=\"https:\/\/www.quartix.com\/fr-fr\/video-geolocalisation-de-vehicules-une-solution-adaptee-a-vos-besoins\/\" \/>\n<meta property=\"og:locale\" content=\"fr_FR\" \/>\n<meta property=\"og:type\" content=\"article\" \/>\n<meta property=\"og:title\" content=\"Video G\u00e9olocalisation de v\u00e9hicules : une solution adapt\u00e9e \u00e0 vos besoins\" \/>\n<meta property=\"og:description\" content=\"Cette video vous explique le fonctionnement et les diff\u00e9rentes fonctions disponibles de l\u2019interface Quartix.\" \/>\n<meta property=\"og:url\" content=\"https:\/\/www.quartix.com\/fr-fr\/video-geolocalisation-de-vehicules-une-solution-adaptee-a-vos-besoins\/\" \/>\n<meta property=\"og:site_name\" content=\"Quartix\" \/>\n<meta property=\"article:publisher\" content=\"https:\/\/www.facebook.com\/Quartix-USA-374426386097401\/\" \/>\n<meta property=\"article:modified_time\" content=\"2022-03-07T14:32:40+00:00\" \/>\n<meta name=\"twitter:card\" content=\"summary_large_image\" \/>\n<meta name=\"twitter:site\" content=\"@QuartixUSA\" \/>\n<meta name=\"twitter:label1\" content=\"Est. reading time\" \/>\n\t<meta name=\"twitter:data1\" content=\"1 minute\" \/>\n<!-- \/ Yoast SEO Premium plugin. -->","yoast_head_json":{"title":"Video G\u00e9olocalisation de v\u00e9hicules | Une solution adapt\u00e9e \u00e0 vos besoins - FR","description":"Cette video vous explique le fonctionnement et les diff\u00e9rentes fonctions disponibles de l\u2019interface Quartix.","robots":{"index":"index","follow":"follow","max-snippet":"max-snippet:-1","max-image-preview":"max-image-preview:large","max-video-preview":"max-video-preview:-1"},"canonical":"https:\/\/www.quartix.com\/fr-fr\/video-geolocalisation-de-vehicules-une-solution-adaptee-a-vos-besoins\/","og_locale":"fr_FR","og_type":"article","og_title":"Video G\u00e9olocalisation de v\u00e9hicules : une solution adapt\u00e9e \u00e0 vos besoins","og_description":"Cette video vous explique le fonctionnement et les diff\u00e9rentes fonctions disponibles de l\u2019interface Quartix.","og_url":"https:\/\/www.quartix.com\/fr-fr\/video-geolocalisation-de-vehicules-une-solution-adaptee-a-vos-besoins\/","og_site_name":"Quartix","article_publisher":"https:\/\/www.facebook.com\/Quartix-USA-374426386097401\/","article_modified_time":"2022-03-07T14:32:40+00:00","twitter_card":"summary_large_image","twitter_site":"@QuartixUSA","twitter_misc":{"Est. reading time":"1 minute"},"schema":{"@context":"https:\/\/schema.org","@graph":[{"@type":"WebPage","@id":"https:\/\/www.quartix.com\/fr-fr\/video-geolocalisation-de-vehicules-une-solution-adaptee-a-vos-besoins\/","url":"https:\/\/www.quartix.com\/fr-fr\/video-geolocalisation-de-vehicules-une-solution-adaptee-a-vos-besoins\/","name":"Video G\u00e9olocalisation de v\u00e9hicules | Une solution adapt\u00e9e \u00e0 vos besoins","isPartOf":{"@id":"https:\/\/www.quartix.com\/fr-fr\/#website"},"datePublished":"2021-05-25T10:42:07+00:00","dateModified":"2022-03-07T14:32:40+00:00","description":"Cette video vous explique le fonctionnement et les diff\u00e9rentes fonctions disponibles de l\u2019interface Quartix.","breadcrumb":{"@id":"https:\/\/www.quartix.com\/fr-fr\/video-geolocalisation-de-vehicules-une-solution-adaptee-a-vos-besoins\/#breadcrumb"},"inLanguage":"fr-FR","potentialAction":[{"@type":"ReadAction","target":["https:\/\/www.quartix.com\/fr-fr\/video-geolocalisation-de-vehicules-une-solution-adaptee-a-vos-besoins\/"]}]},{"@type":"BreadcrumbList","@id":"https:\/\/www.quartix.com\/fr-fr\/video-geolocalisation-de-vehicules-une-solution-adaptee-a-vos-besoins\/#breadcrumb","itemListElement":[{"@type":"ListItem","position":1,"name":"Accueil","item":"https:\/\/www.quartix.com\/fr-fr\/"},{"@type":"ListItem","position":2,"name":"Video G\u00e9olocalisation de v\u00e9hicules : une solution adapt\u00e9e \u00e0 vos besoins"}]},{"@type":"WebSite","@id":"https:\/\/www.quartix.com\/fr-fr\/#website","url":"https:\/\/www.quartix.com\/fr-fr\/","name":"Quartix","description":"Real-time vehicle tracking","publisher":{"@id":"https:\/\/www.quartix.com\/fr-fr\/#organization"},"potentialAction":[{"@type":"SearchAction","target":{"@type":"EntryPoint","urlTemplate":"https:\/\/www.quartix.com\/fr-fr\/?s={search_term_string}"},"query-input":{"@type":"PropertyValueSpecification","valueRequired":true,"valueName":"search_term_string"}}],"inLanguage":"fr-FR"},{"@type":"Organization","@id":"https:\/\/www.quartix.com\/fr-fr\/#organization","name":"Quartix","url":"https:\/\/www.quartix.com\/fr-fr\/","logo":{"@type":"ImageObject","inLanguage":"fr-FR","@id":"https:\/\/www.quartix.com\/fr-fr\/#\/schema\/logo\/image\/","url":"https:\/\/www.quartix.com\/content\/uploads\/2019\/02\/quartix-logo-eur.svg","contentUrl":"https:\/\/www.quartix.com\/content\/uploads\/2019\/02\/quartix-logo-eur.svg","width":1,"height":1,"caption":"Quartix"},"image":{"@id":"https:\/\/www.quartix.com\/fr-fr\/#\/schema\/logo\/image\/"},"sameAs":["https:\/\/www.facebook.com\/Quartix-USA-374426386097401\/","https:\/\/x.com\/QuartixUSA","https:\/\/www.linkedin.com\/company\/5346733\/","https:\/\/www.youtube.com\/channel\/UCzS-_GMfHF4kWiCheyIRrAQ"]}]}},"_links":{"self":[{"href":"https:\/\/www.quartix.com\/fr-fr\/wp-json\/wp\/v2\/pages\/57654","targetHints":{"allow":["GET"]}}],"collection":[{"href":"https:\/\/www.quartix.com\/fr-fr\/wp-json\/wp\/v2\/pages"}],"about":[{"href":"https:\/\/www.quartix.com\/fr-fr\/wp-json\/wp\/v2\/types\/page"}],"author":[{"embeddable":true,"href":"https:\/\/www.quartix.com\/fr-fr\/wp-json\/wp\/v2\/users\/208"}],"replies":[{"embeddable":true,"href":"https:\/\/www.quartix.com\/fr-fr\/wp-json\/wp\/v2\/comments?post=57654"}],"version-history":[{"count":0,"href":"https:\/\/www.quartix.com\/fr-fr\/wp-json\/wp\/v2\/pages\/57654\/revisions"}],"wp:attachment":[{"href":"https:\/\/www.quartix.com\/fr-fr\/wp-json\/wp\/v2\/media?parent=57654"}],"wp:term":[{"taxonomy":"topic","embeddable":true,"href":"https:\/\/www.quartix.com\/fr-fr\/wp-json\/wp\/v2\/topic?post=57654"},{"taxonomy":"qtx_campaign","embeddable":true,"href":"https:\/\/www.quartix.com\/fr-fr\/wp-json\/wp\/v2\/qtx_campaign?post=57654"}],"curies":[{"name":"wp","href":"https:\/\/api.w.org\/{rel}","templated":true}]}}