{"id":58471,"date":"2021-06-01T16:21:45","date_gmt":"2021-06-01T15:21:45","guid":{"rendered":"https:\/\/www.quartix.com\/?page_id=58471"},"modified":"2024-07-18T13:45:44","modified_gmt":"2024-07-18T12:45:44","slug":"guide-prix-geolocalisation","status":"publish","type":"page","link":"https:\/\/www.quartix.com\/fr-fr\/guide-prix-geolocalisation\/","title":{"rendered":"Guide Quel est le prix de la g\u00e9olocalisation de v\u00e9hicules ?"},"content":{"rendered":"\r\n<div   class=\"hero-block bighero\">\r\n    <img loading=\"lazy\" decoding=\"async\" width=\"1284\" height=\"358\" src=\"https:\/\/www.quartix.com\/content\/uploads\/2023\/12\/Vans-with-sunset-banner-resized-2-2.png\" class=\"\" alt=\"Van tracking\" \/>                <div class=\"hero-overlay\"><\/div>\r\n            \r\n\r\n\r\n    <div class=\"hero-content \">\r\n        <div class=\"inner limited-width\">\r\n                                                <p class=\"title stylelikeh1\">Quel est le co\u00fbt r\u00e9el du suivi des v\u00e9hicules ?<\/p>\r\n                                <p class=\"text\">Naviguez dans les petits caract\u00e8res des contrats des fournisseurs de suivi de flotte, d\u00e9couvrez les co\u00fbts cach\u00e9s et prenez des d\u00e9cisions \u00e9clair\u00e9es concernant votre flotte.<\/p>                                        <div class=\"buttons\">\r\n                    <a href=\"https:\/\/go.marketing.quartix.com\/Guide_Prix_du_suivi_des_vehicules\" class=\"btn btn-green btn-inline\" target=\"_blank\" title=\"T\u00c9L\u00c9CHARGER LE GUIDE\">T\u00c9L\u00c9CHARGER LE GUIDE<\/a>\r\n                <\/div>\r\n                    <\/div>\r\n    <\/div>\r\n<\/div>\n\n\r\n<div   class=\"hero-block smallhero landing-cta\">\r\n            <div class=\"hero-overlay greybg\"><\/div>\r\n        <div class=\"hero-content greybg noimage\">\r\n        <div class=\"inner\">\r\n            <h2 class=\"title\">Posez les 10 questions les plus importantes \u00e0 un fournisseur<\/h2>            <div class=\"author\"><p>Obtenez une liste de contr\u00f4le utile pour vous aider \u00e0 rep\u00e9rer les co\u00fbts cach\u00e9s dans le contrat d&#8217;un fournisseur, y compris :<\/p>\n<\/div>            <div class='landingctalist centrelist'><ul class='ticks fa-ul' style=''><li><span class='fa-li'><i class='fas fa-check-circle'><\/i><\/span>Vos contrats de suivi de v\u00e9hicules se renouvellent-ils automatiquement ?<\/li><li><span class='fa-li'><i class='fas fa-check-circle'><\/i><\/span>Dois-je m&#8217;attendre \u00e0 des frais de r\u00e9siliation si je mets fin \u00e0 mon contrat ?<\/li><li><span class='fa-li'><i class='fas fa-check-circle'><\/i><\/span>Quelle est la p\u00e9riode de pr\u00e9avis si je ne souhaite pas renouveler mon contrat ?<\/li><\/ul><\/div>            \r\n                            <div class=\"buttons\">\r\n                    <a href=\"https:\/\/go.marketing.quartix.com\/Guide_Prix_du_suivi_des_vehicules\" class=\"btn btn-green\" target=\"_blank\" title=\"T\u00c9L\u00c9CHARGER LE GUIDE\">T\u00c9L\u00c9CHARGER LE GUIDE<\/a>\r\n                <\/div>\r\n                    <\/div>\r\n    <\/div>\r\n<\/div>\n\n\r\n\r\n        <div  class=\"landingpageouter\" style=\"background-color:#ffffff ;\">\r\n        <div class=\"landingpagecolsblock twocols4060 \">\r\n            <div class=\"col1\">\r\n                <p class=\"pre-title\">Fonctionnalit\u00e9s et int\u00e9grations<\/p>                <h2 class=\"\">Choisissez l&#8217;offre adapt\u00e9e \u00e0 vos besoins<\/h2>                <div class='wysiwyg'><p>Les fournisseurs proposent souvent des formules vari\u00e9es, offrant des fonctionnalit\u00e9s suppl\u00e9mentaires moyennant un co\u00fbt mensuel plus \u00e9lev\u00e9. Celles-ci peuvent inclure le suivi des habitudes de conduite, des tableaux de bord op\u00e9rationnels et m\u00eame la surveillance de la temp\u00e9rature du v\u00e9hicule. Vous trouverez \u00e9galement des fournisseurs qui proposent des int\u00e9grations entre le syst\u00e8me de suivi et les cartes de carburant, des outils de gestion de flotte suppl\u00e9mentaires ou des cam\u00e9ras de surveillance.<\/p>\n<p>Si ces fonctionnalit\u00e9s sont susceptibles d&#8217;apporter une valeur ajout\u00e9e \u00e0 votre entreprise, v\u00e9rifiez dans quelle mesure elles influent sur le co\u00fbt mensuel. Si l&#8217;offre standard d&#8217;un fournisseur comprend des fonctions dont vous n&#8217;envisagez pas d&#8217;avoir besoin, demandez-vous si une option plus simple ne serait pas mieux adapt\u00e9e \u00e0 votre parc automobile.<\/p>\n<\/div>            <\/div>\r\n            <div class=\"col2\">\r\n                <div class=\"responsivemedia\"><img loading=\"lazy\" decoding=\"async\" width=\"640\" height=\"640\" src=\"https:\/\/www.quartix.com\/content\/uploads\/2023\/12\/5-star.png\" class=\"\" alt=\"\" \/><\/div>            <\/div>\r\n                        <\/div>\r\n    <\/div>\r\n\r\n\r\n\n\n\r\n\r\n        <div  class=\"landingpageouter\" style=\"background-color:#ffffff ;\">\r\n        <div class=\"landingpagecolsblock twocols4060 swap-content\">\r\n            <div class=\"col1\">\r\n                <p class=\"pre-title\">Flexibilit\u00e9 du contrat<\/p>                <h2 class=\"\">Contr\u00f4lez la dur\u00e9e de votre contrat<\/h2>                <div class='wysiwyg'><p>Les contrats qui se renouvellent automatiquement peuvent vous contraindre \u00e0 prolonger un service dont vous ne voulez peut-\u00eatre plus et vous emp\u00eacher de rechercher une nouvelle solution de suivi de flotte. Il est pr\u00e9f\u00e9rable d&#8217;essayer d&#8217;\u00e9viter cela et de choisir une entreprise qui ne renouvelle pas ses contrats automatiquement. Certains fournisseurs vous feront passer \u00e0 un contrat mensuel renouvelable si vous n&#8217;avez pas re\u00e7u d&#8217;instructions contraires, ce qui vous laissera la possibilit\u00e9 de r\u00e9silier votre contrat \u00e0 tout moment une fois que la p\u00e9riode initiale aura expir\u00e9.<\/p>\n<p>N&#8217;oubliez pas de v\u00e9rifier le d\u00e9lai de pr\u00e9avis pour les r\u00e9siliations et de comprendre les frais \u00e9ventuels.<\/p>\n<\/div>            <\/div>\r\n            <div class=\"col2\">\r\n                <div class=\"responsivemedia\"><img loading=\"lazy\" decoding=\"async\" width=\"640\" height=\"640\" src=\"https:\/\/www.quartix.com\/content\/uploads\/2023\/12\/auto-renew.png\" class=\"\" alt=\"\" \/><\/div>            <\/div>\r\n                        <\/div>\r\n    <\/div>\r\n\r\n\r\n\n\n\r\n\r\n        <div  class=\"landingpageouter\" style=\"background-color:#ffffff ;\">\r\n        <div class=\"landingpagecolsblock twocols4060 \">\r\n            <div class=\"col1\">\r\n                <p class=\"pre-title\">Co\u00fbts suppl\u00e9mentaires<\/p>                <h2 class=\"\">Sachez ce qui est inclus dans votre abonnement<\/h2>                <div class='wysiwyg'><p>Certains des co\u00fbts suppl\u00e9mentaires les plus importants peuvent \u00eatre les frais d&#8217;installation et de mise en service, dont vous ne vous rendez peut-\u00eatre pas compte qu&#8217;ils sont factur\u00e9s par le fournisseur en plus du prix de l&#8217;abonnement. Nous avons inclus une liste de suppl\u00e9ments potentiels \u00e0 discuter avec les fournisseurs, y compris les options de leurs dispositifs de suivi et la facilit\u00e9 avec laquelle vous pourrez faire d\u00e9placer un dispositif de suivi sur un autre v\u00e9hicule ou le retirer.<\/p>\n<p>Un service d&#8217;assistance utile et r\u00e9actif en mati\u00e8re de suivi de flotte peut \u00eatre une v\u00e9ritable bou\u00e9e de sauvetage pour votre flotte. V\u00e9rifiez que le fournisseur dispose d&#8217;un bon niveau d&#8217;assistance et d&#8217;une bonne notation, et que ce service est \u00e9galement inclus dans votre abonnement.<\/p>\n<\/div>            <\/div>\r\n            <div class=\"col2\">\r\n                <div class=\"responsivemedia\"><img loading=\"lazy\" decoding=\"async\" width=\"640\" height=\"640\" src=\"https:\/\/www.quartix.com\/content\/uploads\/2023\/12\/hidden-costs.png\" class=\"\" alt=\"\" \/><\/div>            <\/div>\r\n                        <\/div>\r\n    <\/div>\r\n\r\n\r\n\n\n\n<div class=\"wp-block-columns is-layout-flex wp-container-core-columns-is-layout-28f84493 wp-block-columns-is-layout-flex\">\n<div class=\"wp-block-column is-layout-flow wp-block-column-is-layout-flow\">\n<h2 class=\"wp-block-heading\">Votre guide pour naviguer dans les contrats de suivi de flotte<\/h2>\n\n\n\n<p>Ce guide et cette liste de contr\u00f4le vous permettront de comprendre les clauses en petits caract\u00e8res des contrats de suivi de flotte, de d\u00e9couvrir les co\u00fbts cach\u00e9s et de prendre des d\u00e9cisions \u00e9clair\u00e9es en mati\u00e8re de flotte.<\/p>\n\n\n    <div class=\"button-container \">\r\n<a href=\"https:\/\/go.marketing.quartix.com\/Guide_Prix_du_suivi_des_vehicules\" class=\"btn pagebuilder-btn btn-green btn-\" title=\"T\u00c9L\u00c9CHARGER LE GUIDE\" >T\u00c9L\u00c9CHARGER LE GUIDE<\/a>\r\n<\/div>\r\n<\/div>\n\n\n\n<div class=\"wp-block-column is-layout-flow wp-block-column-is-layout-flow\">\n<figure class=\"wp-block-image size-full is-resized\"><img loading=\"lazy\" decoding=\"async\" width=\"545\" height=\"650\" src=\"https:\/\/www.quartix.com\/content\/uploads\/2024\/07\/fr-pricing-guide-1.png\" alt=\"\" class=\"wp-image-106981\" style=\"width:345px;height:auto\" srcset=\"https:\/\/www.quartix.com\/content\/uploads\/2024\/07\/fr-pricing-guide-1.png 545w, https:\/\/www.quartix.com\/content\/uploads\/2024\/07\/fr-pricing-guide-1-252x300.png 252w\" sizes=\"auto, (max-width: 545px) 100vw, 545px\" \/><\/figure>\n<\/div>\n<\/div>\n","protected":false},"excerpt":{"rendered":"<p>Votre guide pour naviguer dans les contrats de suivi de flotte Ce guide et cette liste de contr\u00f4le vous permettront de comprendre les clauses en petits caract\u00e8res des contrats de suivi de flotte, de d\u00e9couvrir les co\u00fbts cach\u00e9s et de prendre des d\u00e9cisions \u00e9clair\u00e9es en mati\u00e8re de flotte.<\/p>\n","protected":false},"author":12,"featured_media":57860,"parent":0,"menu_order":3400,"comment_status":"closed","ping_status":"closed","template":"templates\/landing-pagebuilder.php","meta":{"_acf_changed":false,"inline_featured_image":false,"footnotes":""},"topic":[1872],"qtx_campaign":[],"class_list":["post-58471","page","type-page","status-publish","has-post-thumbnail","hentry","topic-efficacite-et-economies"],"acf":[],"yoast_head":"<!-- This site is optimized with the Yoast SEO Premium plugin v27.3 (Yoast SEO v27.3) - https:\/\/yoast.com\/product\/yoast-seo-premium-wordpress\/ -->\n<title>Quel est le prix de la g\u00e9olocalisation de v\u00e9hicules ? - FR<\/title>\n<meta name=\"description\" content=\"Quels sont les diff\u00e9rents co\u00fbts li\u00e9s \u00e0 un contrat de g\u00e9olocalisation ? Obtenez notre guide et d\u00e9couvrez les questions utiles \u00e0 poser \u00e0 un fournisseur.\" \/>\n<meta name=\"robots\" content=\"index, follow, max-snippet:-1, max-image-preview:large, max-video-preview:-1\" \/>\n<link rel=\"canonical\" href=\"https:\/\/www.quartix.com\/fr-fr\/guide-prix-geolocalisation\/\" \/>\n<meta property=\"og:locale\" content=\"fr_FR\" \/>\n<meta property=\"og:type\" content=\"article\" \/>\n<meta property=\"og:title\" content=\"Guide Quel est le prix de la g\u00e9olocalisation de v\u00e9hicules ?\" \/>\n<meta property=\"og:description\" content=\"Quels sont les diff\u00e9rents co\u00fbts li\u00e9s \u00e0 un contrat de g\u00e9olocalisation ? Obtenez notre guide et d\u00e9couvrez les questions utiles \u00e0 poser \u00e0 un fournisseur.\" \/>\n<meta property=\"og:url\" content=\"https:\/\/www.quartix.com\/fr-fr\/guide-prix-geolocalisation\/\" \/>\n<meta property=\"og:site_name\" content=\"Quartix\" \/>\n<meta property=\"article:publisher\" content=\"https:\/\/www.facebook.com\/Quartix-USA-374426386097401\/\" \/>\n<meta property=\"article:modified_time\" content=\"2024-07-18T12:45:44+00:00\" \/>\n<meta property=\"og:image\" content=\"https:\/\/www.quartix.com\/content\/uploads\/2020\/12\/Vehicle-Tracking-Prices-IE.png\" \/>\n\t<meta property=\"og:image:width\" content=\"350\" \/>\n\t<meta property=\"og:image:height\" content=\"258\" \/>\n\t<meta property=\"og:image:type\" content=\"image\/png\" \/>\n<meta name=\"twitter:card\" content=\"summary_large_image\" \/>\n<meta name=\"twitter:site\" content=\"@QuartixUSA\" \/>\n<meta name=\"twitter:label1\" content=\"Est. reading time\" \/>\n\t<meta name=\"twitter:data1\" content=\"4 minutes\" \/>\n<!-- \/ Yoast SEO Premium plugin. -->","yoast_head_json":{"title":"Quel est le prix de la g\u00e9olocalisation de v\u00e9hicules ? - FR","description":"Quels sont les diff\u00e9rents co\u00fbts li\u00e9s \u00e0 un contrat de g\u00e9olocalisation ? Obtenez notre guide et d\u00e9couvrez les questions utiles \u00e0 poser \u00e0 un fournisseur.","robots":{"index":"index","follow":"follow","max-snippet":"max-snippet:-1","max-image-preview":"max-image-preview:large","max-video-preview":"max-video-preview:-1"},"canonical":"https:\/\/www.quartix.com\/fr-fr\/guide-prix-geolocalisation\/","og_locale":"fr_FR","og_type":"article","og_title":"Guide Quel est le prix de la g\u00e9olocalisation de v\u00e9hicules ?","og_description":"Quels sont les diff\u00e9rents co\u00fbts li\u00e9s \u00e0 un contrat de g\u00e9olocalisation ? Obtenez notre guide et d\u00e9couvrez les questions utiles \u00e0 poser \u00e0 un fournisseur.","og_url":"https:\/\/www.quartix.com\/fr-fr\/guide-prix-geolocalisation\/","og_site_name":"Quartix","article_publisher":"https:\/\/www.facebook.com\/Quartix-USA-374426386097401\/","article_modified_time":"2024-07-18T12:45:44+00:00","og_image":[{"width":350,"height":258,"url":"https:\/\/www.quartix.com\/content\/uploads\/2020\/12\/Vehicle-Tracking-Prices-IE.png","type":"image\/png"}],"twitter_card":"summary_large_image","twitter_site":"@QuartixUSA","twitter_misc":{"Est. reading time":"4 minutes"},"schema":{"@context":"https:\/\/schema.org","@graph":[{"@type":"WebPage","@id":"https:\/\/www.quartix.com\/fr-fr\/guide-prix-geolocalisation\/","url":"https:\/\/www.quartix.com\/fr-fr\/guide-prix-geolocalisation\/","name":"Quel est le prix de la g\u00e9olocalisation de v\u00e9hicules ?","isPartOf":{"@id":"https:\/\/www.quartix.com\/fr-fr\/#website"},"primaryImageOfPage":{"@id":"https:\/\/www.quartix.com\/fr-fr\/guide-prix-geolocalisation\/#primaryimage"},"image":{"@id":"https:\/\/www.quartix.com\/fr-fr\/guide-prix-geolocalisation\/#primaryimage"},"thumbnailUrl":"https:\/\/www.quartix.com\/content\/uploads\/2020\/12\/Vehicle-Tracking-Prices-IE.png","datePublished":"2021-06-01T15:21:45+00:00","dateModified":"2024-07-18T12:45:44+00:00","description":"Quels sont les diff\u00e9rents co\u00fbts li\u00e9s \u00e0 un contrat de g\u00e9olocalisation ? Obtenez notre guide et d\u00e9couvrez les questions utiles \u00e0 poser \u00e0 un fournisseur.","breadcrumb":{"@id":"https:\/\/www.quartix.com\/fr-fr\/guide-prix-geolocalisation\/#breadcrumb"},"inLanguage":"fr-FR","potentialAction":[{"@type":"ReadAction","target":["https:\/\/www.quartix.com\/fr-fr\/guide-prix-geolocalisation\/"]}]},{"@type":"ImageObject","inLanguage":"fr-FR","@id":"https:\/\/www.quartix.com\/fr-fr\/guide-prix-geolocalisation\/#primaryimage","url":"https:\/\/www.quartix.com\/content\/uploads\/2020\/12\/Vehicle-Tracking-Prices-IE.png","contentUrl":"https:\/\/www.quartix.com\/content\/uploads\/2020\/12\/Vehicle-Tracking-Prices-IE.png","width":350,"height":258},{"@type":"BreadcrumbList","@id":"https:\/\/www.quartix.com\/fr-fr\/guide-prix-geolocalisation\/#breadcrumb","itemListElement":[{"@type":"ListItem","position":1,"name":"Accueil","item":"https:\/\/www.quartix.com\/fr-fr\/quartix-suivi-de-vehicules-en-temps-reel\/"},{"@type":"ListItem","position":2,"name":"Guide Quel est le prix de la g\u00e9olocalisation de v\u00e9hicules ?"}]},{"@type":"WebSite","@id":"https:\/\/www.quartix.com\/fr-fr\/#website","url":"https:\/\/www.quartix.com\/fr-fr\/","name":"Quartix","description":"Real-time vehicle tracking","publisher":{"@id":"https:\/\/www.quartix.com\/fr-fr\/#organization"},"potentialAction":[{"@type":"SearchAction","target":{"@type":"EntryPoint","urlTemplate":"https:\/\/www.quartix.com\/fr-fr\/?s={search_term_string}"},"query-input":{"@type":"PropertyValueSpecification","valueRequired":true,"valueName":"search_term_string"}}],"inLanguage":"fr-FR"},{"@type":"Organization","@id":"https:\/\/www.quartix.com\/fr-fr\/#organization","name":"Quartix","url":"https:\/\/www.quartix.com\/fr-fr\/","logo":{"@type":"ImageObject","inLanguage":"fr-FR","@id":"https:\/\/www.quartix.com\/fr-fr\/#\/schema\/logo\/image\/","url":"https:\/\/www.quartix.com\/content\/uploads\/2019\/02\/quartix-logo-eur.svg","contentUrl":"https:\/\/www.quartix.com\/content\/uploads\/2019\/02\/quartix-logo-eur.svg","width":1,"height":1,"caption":"Quartix"},"image":{"@id":"https:\/\/www.quartix.com\/fr-fr\/#\/schema\/logo\/image\/"},"sameAs":["https:\/\/www.facebook.com\/Quartix-USA-374426386097401\/","https:\/\/x.com\/QuartixUSA","https:\/\/www.linkedin.com\/company\/5346733\/","https:\/\/www.youtube.com\/channel\/UCzS-_GMfHF4kWiCheyIRrAQ"]}]}},"_links":{"self":[{"href":"https:\/\/www.quartix.com\/fr-fr\/wp-json\/wp\/v2\/pages\/58471","targetHints":{"allow":["GET"]}}],"collection":[{"href":"https:\/\/www.quartix.com\/fr-fr\/wp-json\/wp\/v2\/pages"}],"about":[{"href":"https:\/\/www.quartix.com\/fr-fr\/wp-json\/wp\/v2\/types\/page"}],"author":[{"embeddable":true,"href":"https:\/\/www.quartix.com\/fr-fr\/wp-json\/wp\/v2\/users\/12"}],"replies":[{"embeddable":true,"href":"https:\/\/www.quartix.com\/fr-fr\/wp-json\/wp\/v2\/comments?post=58471"}],"version-history":[{"count":0,"href":"https:\/\/www.quartix.com\/fr-fr\/wp-json\/wp\/v2\/pages\/58471\/revisions"}],"wp:featuredmedia":[{"embeddable":true,"href":"https:\/\/www.quartix.com\/fr-fr\/wp-json\/wp\/v2\/media\/57860"}],"wp:attachment":[{"href":"https:\/\/www.quartix.com\/fr-fr\/wp-json\/wp\/v2\/media?parent=58471"}],"wp:term":[{"taxonomy":"topic","embeddable":true,"href":"https:\/\/www.quartix.com\/fr-fr\/wp-json\/wp\/v2\/topic?post=58471"},{"taxonomy":"qtx_campaign","embeddable":true,"href":"https:\/\/www.quartix.com\/fr-fr\/wp-json\/wp\/v2\/qtx_campaign?post=58471"}],"curies":[{"name":"wp","href":"https:\/\/api.w.org\/{rel}","templated":true}]}}