{"id":58494,"date":"2021-06-01T16:28:13","date_gmt":"2021-06-01T15:28:13","guid":{"rendered":"https:\/\/www.quartix.com\/?page_id=58494"},"modified":"2024-07-02T14:28:53","modified_gmt":"2024-07-02T13:28:53","slug":"travail-sur-site-et-geolocalisation-de-vehicules","status":"publish","type":"page","link":"https:\/\/www.quartix.com\/fr-fr\/travail-sur-site-et-geolocalisation-de-vehicules\/","title":{"rendered":"Guide Optimiser le travail sur site gr\u00e2ce \u00e0 la g\u00e9olocalisation de v\u00e9hicules"},"content":{"rendered":"\r\n<div   class=\"hero-block bighero\">\r\n    <img loading=\"lazy\" decoding=\"async\" width=\"1729\" height=\"528\" src=\"https:\/\/www.quartix.com\/content\/uploads\/2023\/10\/construction-lone-worker-2.png\" class=\"\" alt=\"\" srcset=\"https:\/\/www.quartix.com\/content\/uploads\/2023\/10\/construction-lone-worker-2.png 1729w, https:\/\/www.quartix.com\/content\/uploads\/2023\/10\/construction-lone-worker-2-300x92.png 300w, https:\/\/www.quartix.com\/content\/uploads\/2023\/10\/construction-lone-worker-2-1000x305.png 1000w, https:\/\/www.quartix.com\/content\/uploads\/2023\/10\/construction-lone-worker-2-768x235.png 768w, https:\/\/www.quartix.com\/content\/uploads\/2023\/10\/construction-lone-worker-2-1536x469.png 1536w\" sizes=\"auto, (max-width: 1729px) 100vw, 1729px\" \/>                <div class=\"hero-overlay\"><\/div>\r\n            \r\n\r\n\r\n    <div class=\"hero-content \">\r\n        <div class=\"inner limited-width\">\r\n                                                <p class=\"title stylelikeh1\">Cr\u00e9er des \u00c9conomies Substantielles pour Votre Flotte sur Site<\/p>\r\n                                <p class=\"text\">D\u00e9couvrez comment votre entreprise peut \u00e9conomiser de l&#8217;argent m\u00eame lorsque le kilom\u00e9trage est peu fr\u00e9quent. Augmentez la productivit\u00e9 de votre personnel en surveillant le temps pass\u00e9 sur le site et en attribuant les t\u00e2ches de mani\u00e8re efficace.<\/p>                                        <div class=\"buttons\">\r\n                    <a href=\"https:\/\/go.marketing.quartix.com\/Guide_Flotte_sur_Site\" class=\"btn btn-green btn-inline\" target=\"_blank\" title=\"T\u00c9L\u00c9CHARGER LE GUIDE\">T\u00c9L\u00c9CHARGER LE GUIDE<\/a>\r\n                <\/div>\r\n                    <\/div>\r\n    <\/div>\r\n<\/div>\n\n\r\n<div   class=\"hero-block smallhero\">\r\n            <div class=\"hero-overlay greybg\"><\/div>\r\n    \r\n\r\n\r\n    <div class=\"hero-content greybg noimage\">\r\n        <div class=\"inner\">\r\n                            <p class=\"title stylelikeh3\">Observez le retour sur investissement de votre syst\u00e8me de suivi de flotte s&#8217;envoler<\/p>                <div class=\"author\"><p>D\u00e9couvrez comment les entreprises dont les v\u00e9hicules restent sur les sites de travail pendant de longues p\u00e9riodes ou ne sont utilis\u00e9s que pour de courts trajets peuvent encore r\u00e9aliser des \u00e9conomies et obtenir un retour sur investissement.<\/p>\n<\/div>                                        <div class=\"buttons\">\r\n                    <a href=\"https:\/\/go.marketing.quartix.com\/Guide_Flotte_sur_Site\" class=\"btn btn-green btn-inline\" target=\"_blank\" title=\"T\u00c9L\u00c9CHARGER LE GUIDE\">T\u00c9L\u00c9CHARGER LE GUIDE<\/a>\r\n                <\/div>\r\n                    <\/div>\r\n    <\/div>\r\n<\/div>\n\n\r\n\r\n        <div  class=\"landingpageouter\" style=\"background-color:#efefef ;\">\r\n        <div class=\"landingpagecolsblock twocols4060 \">\r\n            <div class=\"col1\">\r\n                <p class=\"pre-title\">M\u00c9THODES D&#8217;\u00c9CONOMIE<\/p>                <h2 class=\"\">Allocation efficace des t\u00e2ches<\/h2>                <div class='wysiwyg'><p>Faire attendre les clients co\u00fbte \u00e0 une entreprise, tant en temps qu&#8217;en r\u00e9putation. Mais le temps suppl\u00e9mentaire du conducteur n\u00e9cessaire pour un trajet plus long, ainsi que le carburant suppl\u00e9mentaire utilis\u00e9, ont \u00e9galement un co\u00fbt. D\u00e9couvrez comment vous pouvez toujours envoyer le conducteur le plus proche \u00e0 un site de travail gr\u00e2ce au suivi des v\u00e9hicules.<\/p>\n<\/div>            <\/div>\r\n            <div class=\"col2\">\r\n                <div class=\"responsivemedia\"><img loading=\"lazy\" decoding=\"async\" width=\"640\" height=\"427\" src=\"https:\/\/www.quartix.com\/content\/uploads\/2023\/04\/Construction-worker-overseeing-site-768x512.jpg\" class=\"\" alt=\"\" srcset=\"https:\/\/www.quartix.com\/content\/uploads\/2023\/04\/Construction-worker-overseeing-site-768x512.jpg 768w, https:\/\/www.quartix.com\/content\/uploads\/2023\/04\/Construction-worker-overseeing-site-300x200.jpg 300w, https:\/\/www.quartix.com\/content\/uploads\/2023\/04\/Construction-worker-overseeing-site-1000x667.jpg 1000w, https:\/\/www.quartix.com\/content\/uploads\/2023\/04\/Construction-worker-overseeing-site.jpg 1500w\" sizes=\"auto, (max-width: 640px) 100vw, 640px\" \/><\/div>            <\/div>\r\n                        <\/div>\r\n    <\/div>\r\n\r\n\r\n\n\n\r\n\r\n        <div  class=\"landingpageouter\" style=\"background-color:#f8f8f8 ;\">\r\n        <div class=\"landingpagecolsblock twocols4060 swap-content\">\r\n            <div class=\"col1\">\r\n                <p class=\"pre-title\">M\u00c9THODES D&#8217;\u00c9CONOMIE<\/p>                <h2 class=\"\">Am\u00e9liorer le comportement des conducteurs<\/h2>                <div class='wysiwyg'><p>Vos v\u00e9hicules d&#8217;entreprise sont-ils conduits de mani\u00e8re \u00e0 laisser place \u00e0 l&#8217;am\u00e9lioration ? Le syst\u00e8me de suivi des v\u00e9hicules Quartix vous montrera comment vos conducteurs acc\u00e9l\u00e8rent et freinent brutalement, ainsi que les vitesses qu&#8217;ils ont atteintes tout au long de la journ\u00e9e afin que vous puissiez aborder et corriger les probl\u00e8mes imm\u00e9diatement.<\/p>\n<\/div>            <\/div>\r\n            <div class=\"col2\">\r\n                <div class=\"responsivemedia\"><img loading=\"lazy\" decoding=\"async\" width=\"640\" height=\"427\" src=\"https:\/\/www.quartix.com\/content\/uploads\/2021\/08\/driver-performance-review-768x512.jpg\" class=\"\" alt=\"fleet manager and driver reviewing driving performance \" srcset=\"https:\/\/www.quartix.com\/content\/uploads\/2021\/08\/driver-performance-review-768x512.jpg 768w, https:\/\/www.quartix.com\/content\/uploads\/2021\/08\/driver-performance-review-300x200.jpg 300w, https:\/\/www.quartix.com\/content\/uploads\/2021\/08\/driver-performance-review-1000x667.jpg 1000w, https:\/\/www.quartix.com\/content\/uploads\/2021\/08\/driver-performance-review.jpg 1152w\" sizes=\"auto, (max-width: 640px) 100vw, 640px\" \/><\/div>            <\/div>\r\n                        <\/div>\r\n    <\/div>\r\n\r\n\r\n\n\n\r\n\r\n        <div  class=\"landingpageouter\" style=\"background-color:#ffffff ;\">\r\n        <div class=\"landingpagecolsblock twocols4060 \">\r\n            <div class=\"col1\">\r\n                <p class=\"pre-title\">M\u00c9THODES D&#8217;\u00c9CONOMIE<\/p>                <h2 class=\"\">Surveillance du temps sur site<\/h2>                <div class='wysiwyg'><p>\u00c0 quelle fr\u00e9quence pensez-vous que votre personnel sur site arrive t\u00f4t ou part apr\u00e8s la fin de ses heures de travail requises ? Quartix peut vous aider \u00e0 r\u00e9pondre \u00e0 cette question dans le but de rationaliser l&#8217;efficacit\u00e9 globale de votre flotte.<\/p>\n<\/div>            <\/div>\r\n            <div class=\"col2\">\r\n                <div class=\"responsivemedia\"><img loading=\"lazy\" decoding=\"async\" width=\"640\" height=\"427\" src=\"https:\/\/www.quartix.com\/content\/uploads\/2023\/04\/highways-worker-768x512.jpg\" class=\"\" alt=\"Highways worker\" srcset=\"https:\/\/www.quartix.com\/content\/uploads\/2023\/04\/highways-worker-768x512.jpg 768w, https:\/\/www.quartix.com\/content\/uploads\/2023\/04\/highways-worker-300x200.jpg 300w, https:\/\/www.quartix.com\/content\/uploads\/2023\/04\/highways-worker-1000x667.jpg 1000w, https:\/\/www.quartix.com\/content\/uploads\/2023\/04\/highways-worker.jpg 1500w\" sizes=\"auto, (max-width: 640px) 100vw, 640px\" \/><\/div>            <\/div>\r\n                        <\/div>\r\n    <\/div>\r\n\r\n\r\n\n\n    <div class=\"qtx-pagebuilder-section qtx-pagebuilder-section-counters-title\">\r\n        <h3>Quel est le co\u00fbt de&#8230;<\/h3>\r\n    <\/div>\r\n<section class=\"qtx-pagebuilder-section countups qtx-pagebuilder-section-counters  \">\r\n        <div class=\"countup first\">\r\n            <p class=\"pretext\">Employ\u00e9s quittant le travail <\/p>\r\n            <p class=\"value\" id=\"cid17831813761\">30<\/p>\r\n            <p class=\"posttext\">minutes plus t\u00f4t chaque jour ?<\/p>\r\n        <\/div>\r\n        <div class=\"countup\">\r\n            <p class=\"pretext\">Prendre<\/p>\r\n            <p class=\"value\" id=\"cid17831813762\">15<\/p>\r\n            <p class=\"posttext\">minutes suppl\u00e9mentaires pour atteindre les t\u00e2ches urgentes ?<\/p>\r\n        <\/div>\r\n        <div class=\"countup\">\r\n            <p class=\"pretext\">Ne pas s&#8217;occuper d\u2019<\/p>\r\n            <p class=\"value\" id=\"cid17831813763\">1<\/p>\r\n            <p class=\"posttext\">seul cas de conduite imprudente ?<\/p>\r\n    <\/div>\r\n<\/section>\r\n\r\n<script nonce=\"\" nonce=\"\">\r\n\r\n    jQuery(function($) {\r\n        $( document ).ready(function(){\r\n            var countercontroller1783181376 = new ScrollMagic.Controller();\r\n\r\n                                var options = {\r\n                        useEasing: true,\r\n                        useGrouping: true,\r\n                        separator: ' ',\r\n                        decimal: ',',\r\n                        suffix: ''\r\n                    };\r\n                \r\n            let c1countup= new CountUp('cid17831813761', 0, 30,0,2,options);\r\n\t\t\tvar c1scene = new ScrollMagic.Scene({\r\n                triggerElement: \"#cid17831813761\",\r\n                triggerHook: 'onEnter',\r\n\t\t\t})\r\n\t\t\t.addTo(countercontroller1783181376);\r\n            c1scene.on(\"enter\", function (event) {\r\n                if (!c1countup.error) {\r\n                \u2003\u2003c1countup.start();\r\n                } else {\r\n                \u2003\u2003console.error(c1countup.error);\r\n                }\r\n            });\r\n\r\n            let c2countup= new CountUp('cid17831813762', 0, 15,0,2,options);\r\n\t\t\tvar c2scene = new ScrollMagic.Scene({\r\n                triggerElement: \"#cid17831813762\",\r\n                triggerHook: 'onEnter',\r\n\t\t\t})\r\n\t\t\t.addTo(countercontroller1783181376);\r\n            c2scene.on(\"enter\", function (event) {\r\n                if (!c2countup.error) {\r\n                \u2003\u2003c2countup.start();\r\n                } else {\r\n                \u2003\u2003console.error(c2countup.error);\r\n                }\r\n            });\r\n\r\n            let c3countup= new CountUp('cid17831813763', 0, 1,0,2,options);\r\n\t\t\tvar c3scene = new ScrollMagic.Scene({\r\n                triggerElement: \"#cid17831813763\",\r\n                triggerHook: 'onEnter',\r\n\t\t\t})\r\n\t\t\t.addTo(countercontroller1783181376);\r\n            c3scene.on(\"enter\", function (event) {\r\n                if (!c3countup.error) {\r\n                \u2003\u2003c3countup.start();\r\n                } else {\r\n                \u2003\u2003console.error(c3countup.error);\r\n                }\r\n            });\r\n        })  \r\n    })\r\n            <\/script>\n\n\r\n<div   class=\"hero-block smallhero\">\r\n    <img loading=\"lazy\" decoding=\"async\" width=\"1254\" height=\"464\" src=\"https:\/\/www.quartix.com\/content\/uploads\/2023\/09\/Van-driver-header.png\" class=\"\" alt=\"\" srcset=\"https:\/\/www.quartix.com\/content\/uploads\/2023\/09\/Van-driver-header.png 1254w, https:\/\/www.quartix.com\/content\/uploads\/2023\/09\/Van-driver-header-300x111.png 300w, https:\/\/www.quartix.com\/content\/uploads\/2023\/09\/Van-driver-header-1000x370.png 1000w, https:\/\/www.quartix.com\/content\/uploads\/2023\/09\/Van-driver-header-768x284.png 768w\" sizes=\"auto, (max-width: 1254px) 100vw, 1254px\" \/>                <div class=\"hero-overlay\"><\/div>\r\n            \r\n\r\n\r\n    <div class=\"hero-content \">\r\n        <div class=\"inner\">\r\n                            <p class=\"title stylelikeh3\">Optimisez les op\u00e9rations de la flotte et g\u00e9n\u00e9rez des \u00e9conomies m\u00eame lorsque votre \u00e9quipe reste sur place<\/p>                <div class=\"author\"><p>R\u00e9duire les co\u00fbts ne se produit pas seulement lorsque vos conducteurs sont sur la route. D\u00e9couvrez comment les entreprises avec un kilom\u00e9trage peu fr\u00e9quent peuvent encore voir un ROI significatif gr\u00e2ce au suivi des v\u00e9hicules.<\/p>\n<\/div>                                        <div class=\"buttons\">\r\n                    <a href=\"https:\/\/go.marketing.quartix.com\/Guide_Flotte_sur_Site\" class=\"btn btn-green btn-inline\" target=\"_blank\" title=\"T\u00c9L\u00c9CHARGER LE GUIDE\">T\u00c9L\u00c9CHARGER LE GUIDE<\/a>\r\n                <\/div>\r\n                    <\/div>\r\n    <\/div>\r\n<\/div>\n\n\r\n<section class=\"qtx-pagebuilder-section qtx-pagebuilder-section-bannercontent  notopmargin \"\r\nstyle=\"background-color:#13AB5B; color: #FFFFFF;\">\r\n    <div class=\"bannercontentinner\">\r\n        <p style=\"text-align: center\">&#8220;Quartix consiste \u00e0 voir ce que font vos v\u00e9hicules et \u00e0 obtenir le meilleur style de conduite de vos conducteurs. Cela vous permet de r\u00e9duire les co\u00fbts des accidents, les co\u00fbts de maintenance et de voir une meilleure \u00e9conomie de carburant.&#8221;<\/p>\n<p style=\"text-align: center\">\u2013 Karl Davidson, St Austell Brewery<\/p>\n    <\/div>\r\n<\/section>\n\n\n<div class=\"wp-block-columns is-layout-flex wp-container-core-columns-is-layout-28f84493 wp-block-columns-is-layout-flex\">\n<div class=\"wp-block-column is-layout-flow wp-block-column-is-layout-flow\">\n<h2 class=\"wp-block-heading\">Votre guide des \u00e9conomies de flotte<\/h2>\n\n\n\n<p>Obtenez des informations sur la fa\u00e7on dont les entreprises qui op\u00e8rent sur site peuvent r\u00e9duire les co\u00fbts en utilisant le suivi des v\u00e9hicules \u00e0 leur avantage.<\/p>\n\n\n    <div class=\"button-container \">\r\n<a href=\"https:\/\/go.marketing.quartix.com\/Guide_Flotte_sur_Site\" class=\"btn pagebuilder-btn btn-green btn-\" title=\"T\u00c9L\u00c9CHARGER LE GUIDE\" target=\"_blank\">T\u00c9L\u00c9CHARGER LE GUIDE<\/a>\r\n<\/div>\r\n<\/div>\n\n\n\n<div class=\"wp-block-column is-layout-flow wp-block-column-is-layout-flow\">\n<figure class=\"wp-block-image size-full is-resized\"><img loading=\"lazy\" decoding=\"async\" width=\"545\" height=\"650\" src=\"https:\/\/www.quartix.com\/content\/uploads\/2024\/07\/fr-low-mileage.png\" alt=\"\" class=\"wp-image-106961\" style=\"width:353px;height:auto\" srcset=\"https:\/\/www.quartix.com\/content\/uploads\/2024\/07\/fr-low-mileage.png 545w, https:\/\/www.quartix.com\/content\/uploads\/2024\/07\/fr-low-mileage-252x300.png 252w\" sizes=\"auto, (max-width: 545px) 100vw, 545px\" \/><\/figure>\n<\/div>\n<\/div>\n","protected":false},"excerpt":{"rendered":"<p>Votre guide des \u00e9conomies de flotte Obtenez des informations sur la fa\u00e7on dont les entreprises qui op\u00e8rent sur site peuvent r\u00e9duire les co\u00fbts en utilisant le suivi des v\u00e9hicules \u00e0 leur avantage.<\/p>\n","protected":false},"author":12,"featured_media":53188,"parent":0,"menu_order":2990,"comment_status":"closed","ping_status":"closed","template":"templates\/landing-pagebuilder.php","meta":{"_acf_changed":false,"inline_featured_image":false,"footnotes":""},"topic":[1872],"qtx_campaign":[],"class_list":["post-58494","page","type-page","status-publish","has-post-thumbnail","hentry","topic-efficacite-et-economies"],"acf":[],"yoast_head":"<!-- This site is optimized with the Yoast SEO Premium plugin v27.2 (Yoast SEO v27.2) - https:\/\/yoast.com\/product\/yoast-seo-premium-wordpress\/ -->\n<title>Optimiser le travail sur site gr\u00e2ce \u00e0 la g\u00e9olocalisation de v\u00e9hicules | Guide - FR<\/title>\n<meta name=\"description\" content=\"La g\u00e9olocalisation pr\u00e9sente des avantages m\u00eame si les v\u00e9hicules se d\u00e9placent peu. Exemple de retour sur investissement en cas de faible kilom\u00e9trage.\" \/>\n<meta name=\"robots\" content=\"index, follow, max-snippet:-1, max-image-preview:large, max-video-preview:-1\" \/>\n<link rel=\"canonical\" href=\"https:\/\/www.quartix.com\/fr-fr\/travail-sur-site-et-geolocalisation-de-vehicules\/\" \/>\n<meta property=\"og:locale\" content=\"fr_FR\" \/>\n<meta property=\"og:type\" content=\"article\" \/>\n<meta property=\"og:title\" content=\"Guide Optimiser le travail sur site gr\u00e2ce \u00e0 la g\u00e9olocalisation de v\u00e9hicules\" \/>\n<meta property=\"og:description\" content=\"La g\u00e9olocalisation pr\u00e9sente des avantages m\u00eame si les v\u00e9hicules se d\u00e9placent peu. Exemple de retour sur investissement en cas de faible kilom\u00e9trage.\" \/>\n<meta property=\"og:url\" content=\"https:\/\/www.quartix.com\/fr-fr\/travail-sur-site-et-geolocalisation-de-vehicules\/\" \/>\n<meta property=\"og:site_name\" content=\"Quartix\" \/>\n<meta property=\"article:publisher\" content=\"https:\/\/www.facebook.com\/Quartix-USA-374426386097401\/\" \/>\n<meta property=\"article:modified_time\" content=\"2024-07-02T13:28:53+00:00\" \/>\n<meta property=\"og:image\" content=\"https:\/\/www.quartix.com\/content\/uploads\/2021\/03\/vehicle-tracking-van-driver-at-work.jpg\" \/>\n\t<meta property=\"og:image:width\" content=\"500\" \/>\n\t<meta property=\"og:image:height\" content=\"333\" \/>\n\t<meta property=\"og:image:type\" content=\"image\/jpeg\" \/>\n<meta name=\"twitter:card\" content=\"summary_large_image\" \/>\n<meta name=\"twitter:site\" content=\"@QuartixUSA\" \/>\n<meta name=\"twitter:label1\" content=\"Est. reading time\" \/>\n\t<meta name=\"twitter:data1\" content=\"4 minutes\" \/>\n<!-- \/ Yoast SEO Premium plugin. -->","yoast_head_json":{"title":"Optimiser le travail sur site gr\u00e2ce \u00e0 la g\u00e9olocalisation de v\u00e9hicules | Guide - FR","description":"La g\u00e9olocalisation pr\u00e9sente des avantages m\u00eame si les v\u00e9hicules se d\u00e9placent peu. Exemple de retour sur investissement en cas de faible kilom\u00e9trage.","robots":{"index":"index","follow":"follow","max-snippet":"max-snippet:-1","max-image-preview":"max-image-preview:large","max-video-preview":"max-video-preview:-1"},"canonical":"https:\/\/www.quartix.com\/fr-fr\/travail-sur-site-et-geolocalisation-de-vehicules\/","og_locale":"fr_FR","og_type":"article","og_title":"Guide Optimiser le travail sur site gr\u00e2ce \u00e0 la g\u00e9olocalisation de v\u00e9hicules","og_description":"La g\u00e9olocalisation pr\u00e9sente des avantages m\u00eame si les v\u00e9hicules se d\u00e9placent peu. Exemple de retour sur investissement en cas de faible kilom\u00e9trage.","og_url":"https:\/\/www.quartix.com\/fr-fr\/travail-sur-site-et-geolocalisation-de-vehicules\/","og_site_name":"Quartix","article_publisher":"https:\/\/www.facebook.com\/Quartix-USA-374426386097401\/","article_modified_time":"2024-07-02T13:28:53+00:00","og_image":[{"width":500,"height":333,"url":"https:\/\/www.quartix.com\/content\/uploads\/2021\/03\/vehicle-tracking-van-driver-at-work.jpg","type":"image\/jpeg"}],"twitter_card":"summary_large_image","twitter_site":"@QuartixUSA","twitter_misc":{"Est. reading time":"4 minutes"},"schema":{"@context":"https:\/\/schema.org","@graph":[{"@type":"WebPage","@id":"https:\/\/www.quartix.com\/fr-fr\/travail-sur-site-et-geolocalisation-de-vehicules\/","url":"https:\/\/www.quartix.com\/fr-fr\/travail-sur-site-et-geolocalisation-de-vehicules\/","name":"Optimiser le travail sur site gr\u00e2ce \u00e0 la g\u00e9olocalisation de v\u00e9hicules | Guide","isPartOf":{"@id":"https:\/\/www.quartix.com\/fr-fr\/#website"},"primaryImageOfPage":{"@id":"https:\/\/www.quartix.com\/fr-fr\/travail-sur-site-et-geolocalisation-de-vehicules\/#primaryimage"},"image":{"@id":"https:\/\/www.quartix.com\/fr-fr\/travail-sur-site-et-geolocalisation-de-vehicules\/#primaryimage"},"thumbnailUrl":"https:\/\/www.quartix.com\/content\/uploads\/2021\/03\/vehicle-tracking-van-driver-at-work.jpg","datePublished":"2021-06-01T15:28:13+00:00","dateModified":"2024-07-02T13:28:53+00:00","description":"La g\u00e9olocalisation pr\u00e9sente des avantages m\u00eame si les v\u00e9hicules se d\u00e9placent peu. Exemple de retour sur investissement en cas de faible kilom\u00e9trage.","breadcrumb":{"@id":"https:\/\/www.quartix.com\/fr-fr\/travail-sur-site-et-geolocalisation-de-vehicules\/#breadcrumb"},"inLanguage":"fr-FR","potentialAction":[{"@type":"ReadAction","target":["https:\/\/www.quartix.com\/fr-fr\/travail-sur-site-et-geolocalisation-de-vehicules\/"]}]},{"@type":"ImageObject","inLanguage":"fr-FR","@id":"https:\/\/www.quartix.com\/fr-fr\/travail-sur-site-et-geolocalisation-de-vehicules\/#primaryimage","url":"https:\/\/www.quartix.com\/content\/uploads\/2021\/03\/vehicle-tracking-van-driver-at-work.jpg","contentUrl":"https:\/\/www.quartix.com\/content\/uploads\/2021\/03\/vehicle-tracking-van-driver-at-work.jpg","width":500,"height":333,"caption":"female heating engineer arrives at job"},{"@type":"BreadcrumbList","@id":"https:\/\/www.quartix.com\/fr-fr\/travail-sur-site-et-geolocalisation-de-vehicules\/#breadcrumb","itemListElement":[{"@type":"ListItem","position":1,"name":"Accueil","item":"https:\/\/www.quartix.com\/fr-fr\/quartix-suivi-de-vehicules-en-temps-reel\/"},{"@type":"ListItem","position":2,"name":"Guide Optimiser le travail sur site gr\u00e2ce \u00e0 la g\u00e9olocalisation de v\u00e9hicules"}]},{"@type":"WebSite","@id":"https:\/\/www.quartix.com\/fr-fr\/#website","url":"https:\/\/www.quartix.com\/fr-fr\/","name":"Quartix","description":"Real-time vehicle tracking","publisher":{"@id":"https:\/\/www.quartix.com\/fr-fr\/#organization"},"potentialAction":[{"@type":"SearchAction","target":{"@type":"EntryPoint","urlTemplate":"https:\/\/www.quartix.com\/fr-fr\/?s={search_term_string}"},"query-input":{"@type":"PropertyValueSpecification","valueRequired":true,"valueName":"search_term_string"}}],"inLanguage":"fr-FR"},{"@type":"Organization","@id":"https:\/\/www.quartix.com\/fr-fr\/#organization","name":"Quartix","url":"https:\/\/www.quartix.com\/fr-fr\/","logo":{"@type":"ImageObject","inLanguage":"fr-FR","@id":"https:\/\/www.quartix.com\/fr-fr\/#\/schema\/logo\/image\/","url":"https:\/\/www.quartix.com\/content\/uploads\/2019\/02\/quartix-logo-eur.svg","contentUrl":"https:\/\/www.quartix.com\/content\/uploads\/2019\/02\/quartix-logo-eur.svg","width":1,"height":1,"caption":"Quartix"},"image":{"@id":"https:\/\/www.quartix.com\/fr-fr\/#\/schema\/logo\/image\/"},"sameAs":["https:\/\/www.facebook.com\/Quartix-USA-374426386097401\/","https:\/\/x.com\/QuartixUSA","https:\/\/www.linkedin.com\/company\/5346733\/","https:\/\/www.youtube.com\/channel\/UCzS-_GMfHF4kWiCheyIRrAQ"]}]}},"_links":{"self":[{"href":"https:\/\/www.quartix.com\/fr-fr\/wp-json\/wp\/v2\/pages\/58494","targetHints":{"allow":["GET"]}}],"collection":[{"href":"https:\/\/www.quartix.com\/fr-fr\/wp-json\/wp\/v2\/pages"}],"about":[{"href":"https:\/\/www.quartix.com\/fr-fr\/wp-json\/wp\/v2\/types\/page"}],"author":[{"embeddable":true,"href":"https:\/\/www.quartix.com\/fr-fr\/wp-json\/wp\/v2\/users\/12"}],"replies":[{"embeddable":true,"href":"https:\/\/www.quartix.com\/fr-fr\/wp-json\/wp\/v2\/comments?post=58494"}],"version-history":[{"count":0,"href":"https:\/\/www.quartix.com\/fr-fr\/wp-json\/wp\/v2\/pages\/58494\/revisions"}],"wp:featuredmedia":[{"embeddable":true,"href":"https:\/\/www.quartix.com\/fr-fr\/wp-json\/wp\/v2\/media\/53188"}],"wp:attachment":[{"href":"https:\/\/www.quartix.com\/fr-fr\/wp-json\/wp\/v2\/media?parent=58494"}],"wp:term":[{"taxonomy":"topic","embeddable":true,"href":"https:\/\/www.quartix.com\/fr-fr\/wp-json\/wp\/v2\/topic?post=58494"},{"taxonomy":"qtx_campaign","embeddable":true,"href":"https:\/\/www.quartix.com\/fr-fr\/wp-json\/wp\/v2\/qtx_campaign?post=58494"}],"curies":[{"name":"wp","href":"https:\/\/api.w.org\/{rel}","templated":true}]}}