{"id":58500,"date":"2021-06-01T16:33:35","date_gmt":"2021-06-01T15:33:35","guid":{"rendered":"https:\/\/www.quartix.com\/?page_id=58500"},"modified":"2024-07-01T16:15:52","modified_gmt":"2024-07-01T15:15:52","slug":"reduire-couts-exploitation-flotte-active","status":"publish","type":"page","link":"https:\/\/www.quartix.com\/fr-fr\/reduire-couts-exploitation-flotte-active\/","title":{"rendered":"Guide R\u00e9duire les co\u00fbts d\u2019exploitation d\u2019une flotte active"},"content":{"rendered":"\r\n<div   class=\"hero-block bighero\">\r\n    <img loading=\"lazy\" decoding=\"async\" width=\"1920\" height=\"906\" src=\"https:\/\/www.quartix.com\/content\/uploads\/2021\/06\/FR-white-van-driving-Quartix.jpg\" class=\"\" alt=\"L&#039;\u00e9co-conduite offre de nombreux avantages aux entreprises\" srcset=\"https:\/\/www.quartix.com\/content\/uploads\/2021\/06\/FR-white-van-driving-Quartix.jpg 2560w, https:\/\/www.quartix.com\/content\/uploads\/2021\/06\/FR-white-van-driving-Quartix-300x142.jpg 300w, https:\/\/www.quartix.com\/content\/uploads\/2021\/06\/FR-white-van-driving-Quartix-1000x472.jpg 1000w, https:\/\/www.quartix.com\/content\/uploads\/2021\/06\/FR-white-van-driving-Quartix-768x362.jpg 768w, https:\/\/www.quartix.com\/content\/uploads\/2021\/06\/FR-white-van-driving-Quartix-1536x725.jpg 1536w, https:\/\/www.quartix.com\/content\/uploads\/2021\/06\/FR-white-van-driving-Quartix-2048x966.jpg 2048w\" sizes=\"auto, (max-width: 1920px) 100vw, 1920px\" \/>                <div class=\"hero-overlay\"><\/div>\r\n            \r\n\r\n\r\n    <div class=\"hero-content \">\r\n        <div class=\"inner limited-width\">\r\n                                                <p class=\"title stylelikeh1\">R\u00e9duire les co\u00fbts d&#8217;exploitation d&#8217;un parc automobile tr\u00e8s actif<\/p>\r\n                                <p class=\"text\">Apprenez \u00e0 ma\u00eetriser les d\u00e9penses les plus importantes de votre parc automobile. R\u00e9duisez votre consommation de carburant et pr\u00e9servez la sant\u00e9 de vos v\u00e9hicules<\/p>                                        <div class=\"buttons\">\r\n                    <a href=\"https:\/\/go.marketing.quartix.com\/Guide_Flotte_au_Kilometrage_Eleve\" class=\"btn btn-green btn-inline\" target=\"_blank\" title=\"T\u00c9L\u00c9CHARGER LE GUIDE\">T\u00c9L\u00c9CHARGER LE GUIDE<\/a>\r\n                <\/div>\r\n                    <\/div>\r\n    <\/div>\r\n<\/div>\n\n\r\n<div   class=\"hero-block smallhero\">\r\n            <div class=\"hero-overlay whitebg\"><\/div>\r\n    \r\n\r\n\r\n    <div class=\"hero-content whitebg noimage\">\r\n        <div class=\"inner\">\r\n                            <p class=\"title stylelikeh3\">Augmentez le retour sur investissement de votre syst\u00e8me de suivi de flotte<\/p>                <div class=\"author\"><p>Voyez comment les entreprises utilisent la t\u00e9l\u00e9matique de fa\u00e7on intelligente pour r\u00e9aliser d&#8217;importantes \u00e9conomies sur leur parc automobile<\/p>\n<\/div>                                        <div class=\"buttons\">\r\n                    <a href=\"https:\/\/go.marketing.quartix.com\/Guide_Flotte_au_Kilometrage_Eleve\" class=\"btn btn-green btn-inline\" target=\"_blank\" title=\"T\u00c9L\u00c9CHARGER LE GUIDE\">T\u00c9L\u00c9CHARGER LE GUIDE<\/a>\r\n                <\/div>\r\n                    <\/div>\r\n    <\/div>\r\n<\/div>\n\n<section class=\"qtx-pagebuilder-section countups qtx-pagebuilder-section-counters  \">\r\n        <div class=\"countup first\">\r\n            <p class=\"pretext\">Une flotte de  <\/p>\r\n            <p class=\"value\" id=\"cid19797800971\">20<\/p>\r\n            <p class=\"posttext\">v\u00e9hicules<\/p>\r\n        <\/div>\r\n        <div class=\"countup\">\r\n            <p class=\"pretext\">parcourant jusqu&#8217;\u00e0 <\/p>\r\n            <p class=\"value\" id=\"cid19797800972\">80000<\/p>\r\n            <p class=\"posttext\">km par an<\/p>\r\n        <\/div>\r\n        <div class=\"countup\">\r\n            <p class=\"pretext\">peut d\u00e9penser environ <\/p>\r\n            <p class=\"value\" id=\"cid19797800973\">200000<\/p>\r\n            <p class=\"posttext\">\u20ac par an en carburant<\/p>\r\n    <\/div>\r\n<\/section>\r\n\r\n<script nonce=\"\" nonce=\"\">\r\n\r\n    jQuery(function($) {\r\n        $( document ).ready(function(){\r\n            var countercontroller1979780097 = new ScrollMagic.Controller();\r\n\r\n                                var options = {\r\n                        useEasing: true,\r\n                        useGrouping: true,\r\n                        separator: ' ',\r\n                        decimal: ',',\r\n                        suffix: ''\r\n                    };\r\n                \r\n            let c1countup= new CountUp('cid19797800971', 0, 20,0,2,options);\r\n\t\t\tvar c1scene = new ScrollMagic.Scene({\r\n                triggerElement: \"#cid19797800971\",\r\n                triggerHook: 'onEnter',\r\n\t\t\t})\r\n\t\t\t.addTo(countercontroller1979780097);\r\n            c1scene.on(\"enter\", function (event) {\r\n                if (!c1countup.error) {\r\n                \u2003\u2003c1countup.start();\r\n                } else {\r\n                \u2003\u2003console.error(c1countup.error);\r\n                }\r\n            });\r\n\r\n            let c2countup= new CountUp('cid19797800972', 0, 80000,0,2,options);\r\n\t\t\tvar c2scene = new ScrollMagic.Scene({\r\n                triggerElement: \"#cid19797800972\",\r\n                triggerHook: 'onEnter',\r\n\t\t\t})\r\n\t\t\t.addTo(countercontroller1979780097);\r\n            c2scene.on(\"enter\", function (event) {\r\n                if (!c2countup.error) {\r\n                \u2003\u2003c2countup.start();\r\n                } else {\r\n                \u2003\u2003console.error(c2countup.error);\r\n                }\r\n            });\r\n\r\n            let c3countup= new CountUp('cid19797800973', 0, 200000,0,2,options);\r\n\t\t\tvar c3scene = new ScrollMagic.Scene({\r\n                triggerElement: \"#cid19797800973\",\r\n                triggerHook: 'onEnter',\r\n\t\t\t})\r\n\t\t\t.addTo(countercontroller1979780097);\r\n            c3scene.on(\"enter\", function (event) {\r\n                if (!c3countup.error) {\r\n                \u2003\u2003c3countup.start();\r\n                } else {\r\n                \u2003\u2003console.error(c3countup.error);\r\n                }\r\n            });\r\n        })  \r\n    })\r\n            <\/script>\n\n\r\n\r\n        <div  class=\"landingpageouter\" style=\"background-color:#ffffff ;\">\r\n        <div class=\"landingpagecolsblock twocols4060 \">\r\n            <div class=\"col1\">\r\n                <p class=\"pre-title\">LES MOYENS D&#8217;\u00c9CONOMISER<\/p>                <h2 class=\"\">Optimiser le kilom\u00e9trage du parc automobile<\/h2>                <div class='wysiwyg'><p>La r\u00e9duction des co\u00fbts de carburant peut \u00eatre un moyen rapide de faire des \u00e9conomies si les v\u00e9hicules de votre flotte sont r\u00e9guli\u00e8rement conduits pendant de longues heures. Les entreprises op\u00e9rant dans le secteur de la logistique et du transport de marchandises ou de passagers constateront probablement qu&#8217;il s&#8217;agit l\u00e0 de l&#8217;une de leurs principales d\u00e9penses. D\u00e9couvrez comment un syst\u00e8me de suivi de v\u00e9hicules peut contribuer \u00e0 r\u00e9duire les co\u00fbts de carburant dans notre guide \u00e9tape par \u00e9tape.<\/p>\n<\/div>            <\/div>\r\n            <div class=\"col2\">\r\n                <div class=\"responsivemedia\"><img loading=\"lazy\" decoding=\"async\" width=\"640\" height=\"427\" src=\"https:\/\/www.quartix.com\/content\/uploads\/2024\/06\/busy-roadway-flipped-768x512.jpeg\" class=\"\" alt=\"\" srcset=\"https:\/\/www.quartix.com\/content\/uploads\/2024\/06\/busy-roadway-flipped-768x512.jpeg 768w, https:\/\/www.quartix.com\/content\/uploads\/2024\/06\/busy-roadway-flipped-300x200.jpeg 300w, https:\/\/www.quartix.com\/content\/uploads\/2024\/06\/busy-roadway-flipped-1000x667.jpeg 1000w, https:\/\/www.quartix.com\/content\/uploads\/2024\/06\/busy-roadway-flipped-1536x1024.jpeg 1536w, https:\/\/www.quartix.com\/content\/uploads\/2024\/06\/busy-roadway-flipped-1620x1080.jpeg 1620w, https:\/\/www.quartix.com\/content\/uploads\/2024\/06\/busy-roadway-flipped-rotated.jpeg 1920w\" sizes=\"auto, (max-width: 640px) 100vw, 640px\" \/><\/div>            <\/div>\r\n                        <\/div>\r\n    <\/div>\r\n\r\n\r\n\n\n\r\n\r\n        <div  class=\"landingpageouter\" style=\"background-color:#efefef ;\">\r\n        <div class=\"landingpagecolsblock twocols4060 swap-content\">\r\n            <div class=\"col1\">\r\n                <p class=\"pre-title\">MOYENS D&#8217;\u00c9CONOMISER<\/p>                <h2 class=\"\">Surveiller les temps d&#8217;attente<\/h2>                <div class='wysiwyg'><p>Combien cela co\u00fbte-t-il \u00e0 votre entreprise si votre chauffeur attend pendant des heures sur un site ou dans un d\u00e9p\u00f4t ? Si cela se produit fr\u00e9quemment, les co\u00fbts s&#8217;accumulent rapidement et les performances de votre entreprise risquent d&#8217;en p\u00e2tir. Le suivi des v\u00e9hicules peut vous aider \u00e0 surveiller les temps d&#8217;attente, afin que vous puissiez g\u00e9rer les clients et les fournisseurs qui ralentissent votre productivit\u00e9.<\/p>\n<\/div>            <\/div>\r\n            <div class=\"col2\">\r\n                <div class=\"responsivemedia\"><img loading=\"lazy\" decoding=\"async\" width=\"500\" height=\"334\" src=\"https:\/\/www.quartix.com\/content\/uploads\/2021\/03\/vehicle-tracking-driver-wheel-image.jpg\" class=\"\" alt=\"\" srcset=\"https:\/\/www.quartix.com\/content\/uploads\/2021\/03\/vehicle-tracking-driver-wheel-image.jpg 500w, https:\/\/www.quartix.com\/content\/uploads\/2021\/03\/vehicle-tracking-driver-wheel-image-300x200.jpg 300w\" sizes=\"auto, (max-width: 500px) 100vw, 500px\" \/><\/div>            <\/div>\r\n                        <\/div>\r\n    <\/div>\r\n\r\n\r\n\n\n\r\n\r\n        <div  class=\"landingpageouter\" style=\"background-color:#ffffff ;\">\r\n        <div class=\"landingpagecolsblock twocols4060 \">\r\n            <div class=\"col1\">\r\n                <p class=\"pre-title\">MOYENS D&#8217;\u00c9CONOMISER<\/p>                <h2 class=\"\">Pr\u00e9server la sant\u00e9 du v\u00e9hicule<\/h2>                <div class='wysiwyg'><p>Lorsqu&#8217;un v\u00e9hicule est tr\u00e8s utilis\u00e9, la dur\u00e9e de vie de certaines pi\u00e8ces peut \u00eatre consid\u00e9rablement r\u00e9duite et les co\u00fbts d&#8217;entretien multipli\u00e9s. Les freinages et les acc\u00e9l\u00e9rations brusques, ainsi que la conduite \u00e0 grande vitesse, ont des effets n\u00e9fastes sur les pi\u00e8ces d&#8217;un v\u00e9hicule, en particulier sur ses pneus. D\u00e9couvrez comment un syst\u00e8me de suivi de flotte peut vous aider \u00e0 encourager de meilleurs styles de conduite et \u00e0 prolonger la dur\u00e9e de vie des v\u00e9hicules dans notre guide.<\/p>\n<\/div>            <\/div>\r\n            <div class=\"col2\">\r\n                <div class=\"responsivemedia\"><img loading=\"lazy\" decoding=\"async\" width=\"640\" height=\"640\" src=\"https:\/\/www.quartix.com\/content\/uploads\/2023\/03\/Untitled-LinkedIn-Post-768x768.jpg\" class=\"\" alt=\"\" srcset=\"https:\/\/www.quartix.com\/content\/uploads\/2023\/03\/Untitled-LinkedIn-Post-768x768.jpg 768w, https:\/\/www.quartix.com\/content\/uploads\/2023\/03\/Untitled-LinkedIn-Post-300x300.jpg 300w, https:\/\/www.quartix.com\/content\/uploads\/2023\/03\/Untitled-LinkedIn-Post-1000x1000.jpg 1000w, https:\/\/www.quartix.com\/content\/uploads\/2023\/03\/Untitled-LinkedIn-Post-150x150.jpg 150w, https:\/\/www.quartix.com\/content\/uploads\/2023\/03\/Untitled-LinkedIn-Post.jpg 1200w\" sizes=\"auto, (max-width: 640px) 100vw, 640px\" \/><\/div>            <\/div>\r\n                        <\/div>\r\n    <\/div>\r\n\r\n\r\n\n\n\r\n<div   class=\"hero-block smallhero\">\r\n    <img loading=\"lazy\" decoding=\"async\" width=\"1080\" height=\"365\" src=\"https:\/\/www.quartix.com\/content\/uploads\/2023\/06\/van-image-on-road.png\" class=\"\" alt=\"Voertuigtracking\" srcset=\"https:\/\/www.quartix.com\/content\/uploads\/2023\/06\/van-image-on-road.png 1080w, https:\/\/www.quartix.com\/content\/uploads\/2023\/06\/van-image-on-road-300x101.png 300w, https:\/\/www.quartix.com\/content\/uploads\/2023\/06\/van-image-on-road-1000x338.png 1000w, https:\/\/www.quartix.com\/content\/uploads\/2023\/06\/van-image-on-road-768x260.png 768w\" sizes=\"auto, (max-width: 1080px) 100vw, 1080px\" \/>                <div class=\"hero-overlay\"><\/div>\r\n            \r\n\r\n\r\n    <div class=\"hero-content \">\r\n        <div class=\"inner\">\r\n                            <p class=\"title stylelikeh3\">Cr\u00e9er des indicateurs cl\u00e9s de productivit\u00e9 et optimiser les op\u00e9rations de la flotte<\/p>                <div class=\"author\"><p>La perte de temps d&#8217;une entreprise co\u00fbte plus cher que le salaire d&#8217;un employ\u00e9. Comprenez comment vos conducteurs utilisent le temps de l&#8217;entreprise pour garantir une productivit\u00e9 maximale.<\/p>\n<\/div>                                        <div class=\"buttons\">\r\n                    <a href=\"https:\/\/go.marketing.quartix.com\/Guide_Flotte_au_Kilometrage_Eleve\" class=\"btn btn-green btn-inline\" target=\"_blank\" title=\"T\u00c9L\u00c9CHARGER LE GUIDE\">T\u00c9L\u00c9CHARGER LE GUIDE<\/a>\r\n                <\/div>\r\n                    <\/div>\r\n    <\/div>\r\n<\/div>\n\n\r\n<section class=\"qtx-pagebuilder-section qtx-pagebuilder-section-bannercontent  notopmargin \"\r\nstyle=\"background-color:#13AB5B; color: #FFFFFF;\">\r\n    <div class=\"bannercontentinner\">\r\n        <p style=\"text-align: center\">&#8220;Si votre personnel est pay\u00e9 30 euros de l&#8217;heure et qu&#8217;il prend 2 heures de pause suppl\u00e9mentaires par semaine, le co\u00fbt hebdomadaire pour votre entreprise est de 60 euros. Cela repr\u00e9sente 3 120 \u20ac par conducteur et par an. Et ce, avant m\u00eame de prendre en compte d&#8217;autres pertes financi\u00e8res, comme le co\u00fbt de l&#8217;ex\u00e9cution d&#8217;un moins grand nombre de t\u00e2ches dans la journ\u00e9e.&#8221;<\/p>\n    <\/div>\r\n<\/section>\n\n\n<div class=\"wp-block-columns is-layout-flex wp-container-core-columns-is-layout-28f84493 wp-block-columns-is-layout-flex\">\n<div class=\"wp-block-column is-layout-flow wp-block-column-is-layout-flow\">\n<h2 class=\"wp-block-heading\">Votre guide de la transformation de la flotte<\/h2>\n\n\n\n<p>D\u00e9couvrez comment les entreprises utilisent la t\u00e9l\u00e9matique de flotte de mani\u00e8re optimale, en maximisant la productivit\u00e9 et en \u00e9liminant les co\u00fbts inutiles.<\/p>\n\n\n    <div class=\"button-container \">\r\n<a href=\"https:\/\/go.marketing.quartix.com\/Guide_Flotte_au_Kilometrage_Eleve\" class=\"btn pagebuilder-btn btn-green btn-\" title=\"T\u00c9L\u00c9CHARGER LE GUIDE\" target=\"_blank\">T\u00c9L\u00c9CHARGER LE GUIDE<\/a>\r\n<\/div>\r\n<\/div>\n\n\n\n<div class=\"wp-block-column is-layout-flow wp-block-column-is-layout-flow\">\n<figure class=\"wp-block-image size-full is-resized\"><img loading=\"lazy\" decoding=\"async\" width=\"545\" height=\"650\" src=\"https:\/\/www.quartix.com\/content\/uploads\/2024\/07\/fr-high-mileage.png\" alt=\"\" class=\"wp-image-106767\" style=\"width:354px;height:auto\" srcset=\"https:\/\/www.quartix.com\/content\/uploads\/2024\/07\/fr-high-mileage.png 545w, https:\/\/www.quartix.com\/content\/uploads\/2024\/07\/fr-high-mileage-252x300.png 252w\" sizes=\"auto, (max-width: 545px) 100vw, 545px\" \/><\/figure>\n<\/div>\n<\/div>\n","protected":false},"excerpt":{"rendered":"<p>Votre guide de la transformation de la flotte D\u00e9couvrez comment les entreprises utilisent la t\u00e9l\u00e9matique de flotte de mani\u00e8re optimale, en maximisant la productivit\u00e9 et en \u00e9liminant les co\u00fbts inutiles.<\/p>\n","protected":false},"author":12,"featured_media":55004,"parent":0,"menu_order":2980,"comment_status":"closed","ping_status":"closed","template":"templates\/landing-pagebuilder.php","meta":{"_acf_changed":false,"inline_featured_image":false,"footnotes":""},"topic":[1872],"qtx_campaign":[],"class_list":["post-58500","page","type-page","status-publish","has-post-thumbnail","hentry","topic-efficacite-et-economies"],"acf":[],"yoast_head":"<!-- This site is optimized with the Yoast SEO Premium plugin v27.3 (Yoast SEO v27.3) - https:\/\/yoast.com\/product\/yoast-seo-premium-wordpress\/ -->\n<title>R\u00e9duire les co\u00fbts d\u2019exploitation d\u2019une flotte active | Guide - FR<\/title>\n<meta name=\"description\" content=\"Comment \u00e9conomiser lorsque vos v\u00e9hicules sont utilis\u00e9s sur des longues dur\u00e9es. Retour sur investissement de la g\u00e9olocalisation, exemple de kilom\u00e9trage \u00e9lev\u00e9\" \/>\n<meta name=\"robots\" content=\"index, follow, max-snippet:-1, max-image-preview:large, max-video-preview:-1\" \/>\n<link rel=\"canonical\" href=\"https:\/\/www.quartix.com\/fr-fr\/reduire-couts-exploitation-flotte-active\/\" \/>\n<meta property=\"og:locale\" content=\"fr_FR\" \/>\n<meta property=\"og:type\" content=\"article\" \/>\n<meta property=\"og:title\" content=\"Guide R\u00e9duire les co\u00fbts d\u2019exploitation d\u2019une flotte active\" \/>\n<meta property=\"og:description\" content=\"Comment \u00e9conomiser lorsque vos v\u00e9hicules sont utilis\u00e9s sur des longues dur\u00e9es. Retour sur investissement de la g\u00e9olocalisation, exemple de kilom\u00e9trage \u00e9lev\u00e9\" \/>\n<meta property=\"og:url\" content=\"https:\/\/www.quartix.com\/fr-fr\/reduire-couts-exploitation-flotte-active\/\" \/>\n<meta property=\"og:site_name\" content=\"Quartix\" \/>\n<meta property=\"article:publisher\" content=\"https:\/\/www.facebook.com\/Quartix-USA-374426386097401\/\" \/>\n<meta property=\"article:modified_time\" content=\"2024-07-01T15:15:52+00:00\" \/>\n<meta property=\"og:image\" content=\"https:\/\/www.quartix.com\/content\/uploads\/2021\/04\/fuel-savings-roi-vehicle-tracking.jpg\" \/>\n\t<meta property=\"og:image:width\" content=\"800\" \/>\n\t<meta property=\"og:image:height\" content=\"534\" \/>\n\t<meta property=\"og:image:type\" content=\"image\/jpeg\" \/>\n<meta name=\"twitter:card\" content=\"summary_large_image\" \/>\n<meta name=\"twitter:site\" content=\"@QuartixUSA\" \/>\n<meta name=\"twitter:label1\" content=\"Est. reading time\" \/>\n\t<meta name=\"twitter:data1\" content=\"3 minutes\" \/>\n<!-- \/ Yoast SEO Premium plugin. -->","yoast_head_json":{"title":"R\u00e9duire les co\u00fbts d\u2019exploitation d\u2019une flotte active | Guide - FR","description":"Comment \u00e9conomiser lorsque vos v\u00e9hicules sont utilis\u00e9s sur des longues dur\u00e9es. Retour sur investissement de la g\u00e9olocalisation, exemple de kilom\u00e9trage \u00e9lev\u00e9","robots":{"index":"index","follow":"follow","max-snippet":"max-snippet:-1","max-image-preview":"max-image-preview:large","max-video-preview":"max-video-preview:-1"},"canonical":"https:\/\/www.quartix.com\/fr-fr\/reduire-couts-exploitation-flotte-active\/","og_locale":"fr_FR","og_type":"article","og_title":"Guide R\u00e9duire les co\u00fbts d\u2019exploitation d\u2019une flotte active","og_description":"Comment \u00e9conomiser lorsque vos v\u00e9hicules sont utilis\u00e9s sur des longues dur\u00e9es. Retour sur investissement de la g\u00e9olocalisation, exemple de kilom\u00e9trage \u00e9lev\u00e9","og_url":"https:\/\/www.quartix.com\/fr-fr\/reduire-couts-exploitation-flotte-active\/","og_site_name":"Quartix","article_publisher":"https:\/\/www.facebook.com\/Quartix-USA-374426386097401\/","article_modified_time":"2024-07-01T15:15:52+00:00","og_image":[{"width":800,"height":534,"url":"https:\/\/www.quartix.com\/content\/uploads\/2021\/04\/fuel-savings-roi-vehicle-tracking.jpg","type":"image\/jpeg"}],"twitter_card":"summary_large_image","twitter_site":"@QuartixUSA","twitter_misc":{"Est. reading time":"3 minutes"},"schema":{"@context":"https:\/\/schema.org","@graph":[{"@type":"WebPage","@id":"https:\/\/www.quartix.com\/fr-fr\/reduire-couts-exploitation-flotte-active\/","url":"https:\/\/www.quartix.com\/fr-fr\/reduire-couts-exploitation-flotte-active\/","name":"R\u00e9duire les co\u00fbts d\u2019exploitation d\u2019une flotte active | Guide","isPartOf":{"@id":"https:\/\/www.quartix.com\/fr-fr\/#website"},"primaryImageOfPage":{"@id":"https:\/\/www.quartix.com\/fr-fr\/reduire-couts-exploitation-flotte-active\/#primaryimage"},"image":{"@id":"https:\/\/www.quartix.com\/fr-fr\/reduire-couts-exploitation-flotte-active\/#primaryimage"},"thumbnailUrl":"https:\/\/www.quartix.com\/content\/uploads\/2021\/04\/fuel-savings-roi-vehicle-tracking.jpg","datePublished":"2021-06-01T15:33:35+00:00","dateModified":"2024-07-01T15:15:52+00:00","description":"Comment \u00e9conomiser lorsque vos v\u00e9hicules sont utilis\u00e9s sur des longues dur\u00e9es. Retour sur investissement de la g\u00e9olocalisation, exemple de kilom\u00e9trage \u00e9lev\u00e9","breadcrumb":{"@id":"https:\/\/www.quartix.com\/fr-fr\/reduire-couts-exploitation-flotte-active\/#breadcrumb"},"inLanguage":"fr-FR","potentialAction":[{"@type":"ReadAction","target":["https:\/\/www.quartix.com\/fr-fr\/reduire-couts-exploitation-flotte-active\/"]}]},{"@type":"ImageObject","inLanguage":"fr-FR","@id":"https:\/\/www.quartix.com\/fr-fr\/reduire-couts-exploitation-flotte-active\/#primaryimage","url":"https:\/\/www.quartix.com\/content\/uploads\/2021\/04\/fuel-savings-roi-vehicle-tracking.jpg","contentUrl":"https:\/\/www.quartix.com\/content\/uploads\/2021\/04\/fuel-savings-roi-vehicle-tracking.jpg","width":800,"height":534,"caption":"Portrait of female truck driver standing by trucks at truck stop."},{"@type":"BreadcrumbList","@id":"https:\/\/www.quartix.com\/fr-fr\/reduire-couts-exploitation-flotte-active\/#breadcrumb","itemListElement":[{"@type":"ListItem","position":1,"name":"Accueil","item":"https:\/\/www.quartix.com\/fr-fr\/"},{"@type":"ListItem","position":2,"name":"Guide R\u00e9duire les co\u00fbts d\u2019exploitation d\u2019une flotte active"}]},{"@type":"WebSite","@id":"https:\/\/www.quartix.com\/fr-fr\/#website","url":"https:\/\/www.quartix.com\/fr-fr\/","name":"Quartix","description":"Real-time vehicle tracking","publisher":{"@id":"https:\/\/www.quartix.com\/fr-fr\/#organization"},"potentialAction":[{"@type":"SearchAction","target":{"@type":"EntryPoint","urlTemplate":"https:\/\/www.quartix.com\/fr-fr\/?s={search_term_string}"},"query-input":{"@type":"PropertyValueSpecification","valueRequired":true,"valueName":"search_term_string"}}],"inLanguage":"fr-FR"},{"@type":"Organization","@id":"https:\/\/www.quartix.com\/fr-fr\/#organization","name":"Quartix","url":"https:\/\/www.quartix.com\/fr-fr\/","logo":{"@type":"ImageObject","inLanguage":"fr-FR","@id":"https:\/\/www.quartix.com\/fr-fr\/#\/schema\/logo\/image\/","url":"https:\/\/www.quartix.com\/content\/uploads\/2019\/02\/quartix-logo-eur.svg","contentUrl":"https:\/\/www.quartix.com\/content\/uploads\/2019\/02\/quartix-logo-eur.svg","width":1,"height":1,"caption":"Quartix"},"image":{"@id":"https:\/\/www.quartix.com\/fr-fr\/#\/schema\/logo\/image\/"},"sameAs":["https:\/\/www.facebook.com\/Quartix-USA-374426386097401\/","https:\/\/x.com\/QuartixUSA","https:\/\/www.linkedin.com\/company\/5346733\/","https:\/\/www.youtube.com\/channel\/UCzS-_GMfHF4kWiCheyIRrAQ"]}]}},"_links":{"self":[{"href":"https:\/\/www.quartix.com\/fr-fr\/wp-json\/wp\/v2\/pages\/58500","targetHints":{"allow":["GET"]}}],"collection":[{"href":"https:\/\/www.quartix.com\/fr-fr\/wp-json\/wp\/v2\/pages"}],"about":[{"href":"https:\/\/www.quartix.com\/fr-fr\/wp-json\/wp\/v2\/types\/page"}],"author":[{"embeddable":true,"href":"https:\/\/www.quartix.com\/fr-fr\/wp-json\/wp\/v2\/users\/12"}],"replies":[{"embeddable":true,"href":"https:\/\/www.quartix.com\/fr-fr\/wp-json\/wp\/v2\/comments?post=58500"}],"version-history":[{"count":0,"href":"https:\/\/www.quartix.com\/fr-fr\/wp-json\/wp\/v2\/pages\/58500\/revisions"}],"wp:featuredmedia":[{"embeddable":true,"href":"https:\/\/www.quartix.com\/fr-fr\/wp-json\/wp\/v2\/media\/55004"}],"wp:attachment":[{"href":"https:\/\/www.quartix.com\/fr-fr\/wp-json\/wp\/v2\/media?parent=58500"}],"wp:term":[{"taxonomy":"topic","embeddable":true,"href":"https:\/\/www.quartix.com\/fr-fr\/wp-json\/wp\/v2\/topic?post=58500"},{"taxonomy":"qtx_campaign","embeddable":true,"href":"https:\/\/www.quartix.com\/fr-fr\/wp-json\/wp\/v2\/qtx_campaign?post=58500"}],"curies":[{"name":"wp","href":"https:\/\/api.w.org\/{rel}","templated":true}]}}