{"id":58856,"date":"2021-06-03T12:14:53","date_gmt":"2021-06-03T11:14:53","guid":{"rendered":" https:\/\/www.quartix.com\/?page_id=58856"},"modified":"2023-07-13T13:10:37","modified_gmt":"2023-07-13T12:10:37","slug":"rapports-detailles","status":"publish","type":"page","link":"https:\/\/www.quartix.com\/fr-fr\/geolocalisation\/rapports-detailles\/","title":{"rendered":"Rapports d\u00e9taill\u00e9s"},"content":{"rendered":"\n<div class=\"wp-block-columns is-layout-flex wp-container-core-columns-is-layout-28f84493 wp-block-columns-is-layout-flex\">\n<div class=\"wp-block-column is-layout-flow wp-block-column-is-layout-flow\">\n<figure class=\"wp-block-image aligncenter\"><img decoding=\"async\" src=\" https:\/\/www.quartix.com\/content\/uploads\/2021\/06\/carnet-de-route-rapport.jpg\" alt=\"\"\/><\/figure>\n<\/div>\n\n\n\n<div class=\"wp-block-column is-layout-flow wp-block-column-is-layout-flow\">\n<h2 class=\"wp-block-heading\" id=\"rapports-hebdomadaires-dans-votre-boite-mail\">Rapports hebdomadaires dans votre bo\u00eete mail<\/h2>\n\n\n\n<p>Les informations cl\u00e9s contenues dans les rapports d&#8217;activit\u00e9 comprennent :<\/p>\n\n\n\n<ul class=\"wp-block-list\">\n<li>Le kilom\u00e9trage et le carburant : v\u00e9rifiez l\u2019estimation de consommation de carburant et comparez-la \u00e0 vos factures.<\/li>\n\n\n\n<li>La dur\u00e9e de la tourn\u00e9e : le rapport calcule automatiquement le temps \u00e9coul\u00e9 entre le premier trajet du v\u00e9hicule et le dernier pour chaque jour.<\/li>\n\n\n\n<li>Liens entre lieux et itin\u00e9raires : le nom des lieux et les num\u00e9ros de trajet sont redirig\u00e9s vers la carte, vous permettant de v\u00e9rifier rapidement la position, les vitesses et les itin\u00e9raires de vos v\u00e9hicules.<\/li>\n<\/ul>\n\n\n\n<p>Ces rapports sont des outils essentiels \u00e0 la gestion de votre activit\u00e9 car ils peuvent \u00eatre utilis\u00e9s pour le traitement du temps de travail, de la paie, des heures suppl\u00e9mentaires et de la facturation.<\/p>\n<\/div>\n<\/div>\n\n\n\n<div class=\"wp-block-columns is-layout-flex wp-container-core-columns-is-layout-28f84493 wp-block-columns-is-layout-flex\">\n<div class=\"wp-block-column is-layout-flow wp-block-column-is-layout-flow\">\n<h2 class=\"wp-block-heading\" id=\"rapports-d-analyse-du-style-de-conduite\">Rapports d&#8217;analyse du style de conduite<\/h2>\n\n\n\n<p>Notre gamme de rapports s\u2019\u00e9tend du rapport quotidien par conducteur au classement de vos salari\u00e9s bas\u00e9 sur leurs scores de conduite. Vous pouvez ainsi :<\/p>\n\n\n\n<ul class=\"wp-block-list\">\n<li>Analyser les indices d&#8217;acc\u00e9l\u00e9ration et de freinage et inciter \u00e0 l&#8217;\u00e9co-conduite<\/li>\n\n\n\n<li>Comparer les scores de conduite de tous vos conducteurs, par groupe de v\u00e9hicules ou sur l&#8217;ensemble de la flotte<\/li>\n\n\n\n<li>R\u00e9duire les risques d&#8217;accident et \u00e9conomiser sur les frais d&#8217;exploitation (carburant, entretien et r\u00e9parations)<\/li>\n<\/ul>\n\n\n\n<p>D\u00e9couvrez comment vous pouvez <a href=\"\/fr-fr\/benefices-geolocalisation\/\" target=\"_blank\" rel=\"noopener\">r\u00e9aliser des \u00e9conomies avec la g\u00e9olocalisation de v\u00e9hicules<\/a>.<\/p>\n<\/div>\n\n\n\n<div class=\"wp-block-column is-layout-flow wp-block-column-is-layout-flow\">\n<figure class=\"wp-block-image aligncenter\"><img decoding=\"async\" src=\" https:\/\/www.quartix.com\/content\/uploads\/2021\/06\/eco-quartix-1000x750.jpg\" alt=\"\"\/><\/figure>\n<\/div>\n<\/div>\n\n\n\n<div class=\"wp-block-columns is-layout-flex wp-container-core-columns-is-layout-28f84493 wp-block-columns-is-layout-flex\">\n<div class=\"wp-block-column is-layout-flow wp-block-column-is-layout-flow\">\n<figure class=\"wp-block-image aligncenter\"><img decoding=\"async\" src=\" https:\/\/www.quartix.com\/content\/uploads\/2021\/06\/tableau-de-bord-quartix-1000x669.jpg\" alt=\"\"\/><\/figure>\n<\/div>\n\n\n\n<div class=\"wp-block-column is-layout-flow wp-block-column-is-layout-flow\">\n<h2 class=\"wp-block-heading\" id=\"tableau-de-bord-en-temps-reel\">Tableau de bord en temps r\u00e9el<\/h2>\n\n\n\n<p>Le tableau de bord Quartix donne aux clients la possibilit\u00e9 de contr\u00f4ler l\u2019affichage de l&#8217;activit\u00e9 des v\u00e9hicules. Chaque module peut \u00eatre adapt\u00e9 aux besoins sp\u00e9cifiques d&#8217;un client, tels que :<\/p>\n\n\n\n<ul class=\"wp-block-list\">\n<li>L\u2019utilisation : les utilisateurs peuvent voir le taux d&#8217;utilisation de leur flotte \u00e0 tout moment.<\/li>\n\n\n\n<li>Nombre d&#8217;\u00e9tapes : afin de conna\u00eetre le nombre d&#8217;\u00e9tapes depuis le d\u00e9but de la journ\u00e9e pour chaque v\u00e9hicule et groupe de v\u00e9hicules.<\/li>\n\n\n\n<li>Localisation des v\u00e9hicules : ce module indique le nombre de v\u00e9hicules sur site et hors site. En cliquant sur un v\u00e9hicule l&#8217;utilisateur peut voir son activit\u00e9 quotidienne et son dernier emplacement.<\/li>\n\n\n\n<li>Statut en temps r\u00e9el : les utilisateurs peuvent conna\u00eetre le statut de leurs v\u00e9hicules en temps r\u00e9el. Les options de statut sont \u00ab&nbsp;en marche&nbsp;\u00bb, \u00ab&nbsp;stationnaire&nbsp;\u00bb,&nbsp;\u00ab&nbsp;stationn\u00e9 hors site&nbsp;\u00bb et&nbsp;\u00ab&nbsp;stationn\u00e9 sur site&nbsp;\u00bb.<\/li>\n<\/ul>\n\n\n\n<p>Pour certains indicateurs, un objectif peut etre d\u00e9fini. Si cet objectif n&#8217;est pas atteint, une alerte en temps r\u00e9el s&#8217;affiche en rouge.<\/p>\n<\/div>\n<\/div>\n","protected":false},"excerpt":{"rendered":"<p>Rapports hebdomadaires dans votre bo\u00eete mail Les informations cl\u00e9s contenues dans les rapports d&#8217;activit\u00e9 comprennent : Ces rapports sont des outils essentiels \u00e0 la gestion de votre activit\u00e9 car ils peuvent \u00eatre utilis\u00e9s pour le traitement du temps de travail, de la paie, des heures suppl\u00e9mentaires et de la facturation. Rapports d&#8217;analyse du style de [&hellip;]<\/p>\n","protected":false},"author":12,"featured_media":0,"parent":53132,"menu_order":50,"comment_status":"closed","ping_status":"closed","template":"","meta":{"_acf_changed":false,"inline_featured_image":false,"footnotes":""},"topic":[],"qtx_campaign":[],"class_list":["post-58856","page","type-page","status-publish","hentry"],"acf":[],"yoast_head":"<!-- This site is optimized with the Yoast SEO Premium plugin v27.3 (Yoast SEO v27.3) - https:\/\/yoast.com\/product\/yoast-seo-premium-wordpress\/ -->\n<title>Rapports d&#039;activit\u00e9 d\u00e9taill\u00e9s | G\u00e9olocalisation de v\u00e9hicules Quartix - FR<\/title>\n<meta name=\"description\" content=\"Avec le syst\u00e8me Quartix acc\u00e9dez \u00e0 de nombreux rapports d&#039;activit\u00e9 par email tels que les trajets, les visites, le temps sur site ou le style de conduite.\" \/>\n<meta name=\"robots\" content=\"index, follow, max-snippet:-1, max-image-preview:large, max-video-preview:-1\" \/>\n<link rel=\"canonical\" href=\"https:\/\/www.quartix.com\/fr-fr\/geolocalisation\/rapports-detailles\/\" \/>\n<meta property=\"og:locale\" content=\"fr_FR\" \/>\n<meta property=\"og:type\" content=\"article\" \/>\n<meta property=\"og:title\" content=\"Rapports d\u00e9taill\u00e9s\" \/>\n<meta property=\"og:description\" content=\"Avec le syst\u00e8me Quartix acc\u00e9dez \u00e0 de nombreux rapports d&#039;activit\u00e9 par email tels que les trajets, les visites, le temps sur site ou le style de conduite.\" \/>\n<meta property=\"og:url\" content=\"https:\/\/www.quartix.com\/fr-fr\/geolocalisation\/rapports-detailles\/\" \/>\n<meta property=\"og:site_name\" content=\"Quartix\" \/>\n<meta property=\"article:publisher\" content=\"https:\/\/www.facebook.com\/Quartix-USA-374426386097401\/\" \/>\n<meta property=\"article:modified_time\" content=\"2023-07-13T12:10:37+00:00\" \/>\n<meta name=\"twitter:card\" content=\"summary_large_image\" \/>\n<meta name=\"twitter:site\" content=\"@QuartixUSA\" \/>\n<meta name=\"twitter:label1\" content=\"Est. reading time\" \/>\n\t<meta name=\"twitter:data1\" content=\"3 minutes\" \/>\n<!-- \/ Yoast SEO Premium plugin. -->","yoast_head_json":{"title":"Rapports d'activit\u00e9 d\u00e9taill\u00e9s | G\u00e9olocalisation de v\u00e9hicules Quartix - FR","description":"Avec le syst\u00e8me Quartix acc\u00e9dez \u00e0 de nombreux rapports d'activit\u00e9 par email tels que les trajets, les visites, le temps sur site ou le style de conduite.","robots":{"index":"index","follow":"follow","max-snippet":"max-snippet:-1","max-image-preview":"max-image-preview:large","max-video-preview":"max-video-preview:-1"},"canonical":"https:\/\/www.quartix.com\/fr-fr\/geolocalisation\/rapports-detailles\/","og_locale":"fr_FR","og_type":"article","og_title":"Rapports d\u00e9taill\u00e9s","og_description":"Avec le syst\u00e8me Quartix acc\u00e9dez \u00e0 de nombreux rapports d'activit\u00e9 par email tels que les trajets, les visites, le temps sur site ou le style de conduite.","og_url":"https:\/\/www.quartix.com\/fr-fr\/geolocalisation\/rapports-detailles\/","og_site_name":"Quartix","article_publisher":"https:\/\/www.facebook.com\/Quartix-USA-374426386097401\/","article_modified_time":"2023-07-13T12:10:37+00:00","twitter_card":"summary_large_image","twitter_site":"@QuartixUSA","twitter_misc":{"Est. reading time":"3 minutes"},"schema":{"@context":"https:\/\/schema.org","@graph":[{"@type":"WebPage","@id":"https:\/\/www.quartix.com\/fr-fr\/geolocalisation\/rapports-detailles\/","url":"https:\/\/www.quartix.com\/fr-fr\/geolocalisation\/rapports-detailles\/","name":"Rapports d'activit\u00e9 d\u00e9taill\u00e9s | G\u00e9olocalisation de v\u00e9hicules Quartix","isPartOf":{"@id":"https:\/\/www.quartix.com\/fr-fr\/#website"},"datePublished":"2021-06-03T11:14:53+00:00","dateModified":"2023-07-13T12:10:37+00:00","description":"Avec le syst\u00e8me Quartix acc\u00e9dez \u00e0 de nombreux rapports d'activit\u00e9 par email tels que les trajets, les visites, le temps sur site ou le style de conduite.","breadcrumb":{"@id":"https:\/\/www.quartix.com\/fr-fr\/geolocalisation\/rapports-detailles\/#breadcrumb"},"inLanguage":"fr-FR","potentialAction":[{"@type":"ReadAction","target":["https:\/\/www.quartix.com\/fr-fr\/geolocalisation\/rapports-detailles\/"]}]},{"@type":"BreadcrumbList","@id":"https:\/\/www.quartix.com\/fr-fr\/geolocalisation\/rapports-detailles\/#breadcrumb","itemListElement":[{"@type":"ListItem","position":1,"name":"Accueil","item":"https:\/\/www.quartix.com\/fr-fr\/quartix-suivi-de-vehicules-en-temps-reel\/"},{"@type":"ListItem","position":2,"name":"G\u00e9olocalisation","item":"https:\/\/www.quartix.com\/fr-fr\/geolocalisation\/"},{"@type":"ListItem","position":3,"name":"Rapports d\u00e9taill\u00e9s"}]},{"@type":"WebSite","@id":"https:\/\/www.quartix.com\/fr-fr\/#website","url":"https:\/\/www.quartix.com\/fr-fr\/","name":"Quartix","description":"Real-time vehicle tracking","publisher":{"@id":"https:\/\/www.quartix.com\/fr-fr\/#organization"},"potentialAction":[{"@type":"SearchAction","target":{"@type":"EntryPoint","urlTemplate":"https:\/\/www.quartix.com\/fr-fr\/?s={search_term_string}"},"query-input":{"@type":"PropertyValueSpecification","valueRequired":true,"valueName":"search_term_string"}}],"inLanguage":"fr-FR"},{"@type":"Organization","@id":"https:\/\/www.quartix.com\/fr-fr\/#organization","name":"Quartix","url":"https:\/\/www.quartix.com\/fr-fr\/","logo":{"@type":"ImageObject","inLanguage":"fr-FR","@id":"https:\/\/www.quartix.com\/fr-fr\/#\/schema\/logo\/image\/","url":"https:\/\/www.quartix.com\/content\/uploads\/2019\/02\/quartix-logo-eur.svg","contentUrl":"https:\/\/www.quartix.com\/content\/uploads\/2019\/02\/quartix-logo-eur.svg","width":1,"height":1,"caption":"Quartix"},"image":{"@id":"https:\/\/www.quartix.com\/fr-fr\/#\/schema\/logo\/image\/"},"sameAs":["https:\/\/www.facebook.com\/Quartix-USA-374426386097401\/","https:\/\/x.com\/QuartixUSA","https:\/\/www.linkedin.com\/company\/5346733\/","https:\/\/www.youtube.com\/channel\/UCzS-_GMfHF4kWiCheyIRrAQ"]}]}},"_links":{"self":[{"href":"https:\/\/www.quartix.com\/fr-fr\/wp-json\/wp\/v2\/pages\/58856","targetHints":{"allow":["GET"]}}],"collection":[{"href":"https:\/\/www.quartix.com\/fr-fr\/wp-json\/wp\/v2\/pages"}],"about":[{"href":"https:\/\/www.quartix.com\/fr-fr\/wp-json\/wp\/v2\/types\/page"}],"author":[{"embeddable":true,"href":"https:\/\/www.quartix.com\/fr-fr\/wp-json\/wp\/v2\/users\/12"}],"replies":[{"embeddable":true,"href":"https:\/\/www.quartix.com\/fr-fr\/wp-json\/wp\/v2\/comments?post=58856"}],"version-history":[{"count":0,"href":"https:\/\/www.quartix.com\/fr-fr\/wp-json\/wp\/v2\/pages\/58856\/revisions"}],"up":[{"embeddable":true,"href":"https:\/\/www.quartix.com\/fr-fr\/wp-json\/wp\/v2\/pages\/53132"}],"wp:attachment":[{"href":"https:\/\/www.quartix.com\/fr-fr\/wp-json\/wp\/v2\/media?parent=58856"}],"wp:term":[{"taxonomy":"topic","embeddable":true,"href":"https:\/\/www.quartix.com\/fr-fr\/wp-json\/wp\/v2\/topic?post=58856"},{"taxonomy":"qtx_campaign","embeddable":true,"href":"https:\/\/www.quartix.com\/fr-fr\/wp-json\/wp\/v2\/qtx_campaign?post=58856"}],"curies":[{"name":"wp","href":"https:\/\/api.w.org\/{rel}","templated":true}]}}