{"id":58965,"date":"2021-06-03T14:04:07","date_gmt":"2021-06-03T13:04:07","guid":{"rendered":" https:\/\/www.quartix.com\/?page_id=58965"},"modified":"2021-06-03T14:04:50","modified_gmt":"2021-06-03T13:04:50","slug":"declaration-de-confidentialite-recrutement","status":"publish","type":"page","link":"https:\/\/www.quartix.com\/fr-fr\/entreprise\/declaration-de-confidentialite-recrutement\/","title":{"rendered":"D\u00e9claration de confidentialit\u00e9 recrutement"},"content":{"rendered":"<p>Ces donn\u00e9es sont trait\u00e9es uniquement \u00e0 des fins de recrutement. En nous envoyant votre CV par l\u2019interm\u00e9diaire de notre site internet, vous consentez \u00e0 cette utilisation. Ces donn\u00e9es sont conserv\u00e9es dans notre syst\u00e8me de classement RH s\u00e9curis\u00e9 qui stocke les donn\u00e9es au Royaume-Uni et se conforme pleinement aux lois de protection des donn\u00e9es en vigueur dans l\u2019Union Europ\u00e9enne. Ces donn\u00e9es ne seront pas partag\u00e9es avec des tiers.<\/p>\n<p>Nous souhaitons conserver ces donn\u00e9es jusqu\u2019\u00e0 ce que le poste soit pourvu. Nous ne pouvons pas d\u00e9terminer la dur\u00e9e exacte du processus de recrutement, mais nous estimons que la p\u00e9riode de conservation des donn\u00e9es prendra fin lorsqu\u2019un candidat aura accept\u00e9 notre offre pour le r\u00f4le auquel vous postulez. \u00c0 l\u2019issue de cette p\u00e9riode, nous supprimerons vos donn\u00e9es ou nous vous informerons que nous conserverons celles-ci dans notre base de donn\u00e9es pour de prochains postes. Nous vous contacterons par email ou par t\u00e9l\u00e9phone aux coordonn\u00e9s que vous nous avez indiqu\u00e9es.<\/p>\n<p>Vous pouvez acc\u00e9der \u00e0 notre politique de confidentialit\u00e9 <a href=\"\/fr-fr\/politique-de-confidentialite\/\" target=\"_blank\" rel=\"noopener\">en cliquant sur ce lien<\/a>. Vous y trouverez des informations sur notre conformit\u00e9 au RGPD et vous d\u00e9couvrirez comment nous contacter pour nous demander d\u2019acc\u00e9der aux donn\u00e9es que nous avons collect\u00e9es \u00e0 votre sujet, de supprimer vos donn\u00e9es, de corriger toute erreur ou de restreindre la fa\u00e7on dont nous traitons vos donn\u00e9es.<\/p>\n<p>Vous pouvez effectuer une r\u00e9clamation relative \u00e0 la fa\u00e7on dont nous g\u00e9rons vos donn\u00e9es en contactant notre D\u00e9l\u00e9gu\u00e9 \u00e0 la Protection des Donn\u00e9es (Data Protection Officer), Peter Brown, au (+44)1686 806663 ou \u00e0 l\u2019adresse <a href=\"mailto:DPO@quartix.net\">DPO@quartix.net<\/a>.<\/p>\n","protected":false},"excerpt":{"rendered":"<p>Ces donn\u00e9es sont trait\u00e9es uniquement \u00e0 des fins de recrutement. En nous envoyant votre CV par l\u2019interm\u00e9diaire de notre site internet, vous consentez \u00e0 cette utilisation. Ces donn\u00e9es sont conserv\u00e9es dans notre syst\u00e8me de classement RH s\u00e9curis\u00e9 qui stocke les donn\u00e9es au Royaume-Uni et se conforme pleinement aux lois de protection des donn\u00e9es en vigueur [&hellip;]<\/p>\n","protected":false},"author":12,"featured_media":0,"parent":54547,"menu_order":80,"comment_status":"closed","ping_status":"closed","template":"","meta":{"_acf_changed":false,"inline_featured_image":false,"footnotes":""},"topic":[],"qtx_campaign":[],"class_list":["post-58965","page","type-page","status-publish","hentry"],"acf":[],"yoast_head":"<!-- This site is optimized with the Yoast SEO Premium plugin v27.3 (Yoast SEO v27.3) - https:\/\/yoast.com\/product\/yoast-seo-premium-wordpress\/ -->\n<title>D\u00e9claration de Confidentialit\u00e9 sur le Recrutement - FR<\/title>\n<meta name=\"description\" content=\"D\u00e9couvrez la d\u00e9claration de confidentialit\u00e9 relative au recrutement au sein de la soci\u00e9t\u00e9 Quartix. Cette politique s&#039;applique aux candidats au recrutement.\" \/>\n<meta name=\"robots\" content=\"index, follow, max-snippet:-1, max-image-preview:large, max-video-preview:-1\" \/>\n<link rel=\"canonical\" href=\"https:\/\/www.quartix.com\/fr-fr\/entreprise\/declaration-de-confidentialite-recrutement\/\" \/>\n<meta property=\"og:locale\" content=\"fr_FR\" \/>\n<meta property=\"og:type\" content=\"article\" \/>\n<meta property=\"og:title\" content=\"D\u00e9claration de confidentialit\u00e9 recrutement\" \/>\n<meta property=\"og:description\" content=\"D\u00e9couvrez la d\u00e9claration de confidentialit\u00e9 relative au recrutement au sein de la soci\u00e9t\u00e9 Quartix. Cette politique s&#039;applique aux candidats au recrutement.\" \/>\n<meta property=\"og:url\" content=\"https:\/\/www.quartix.com\/fr-fr\/entreprise\/declaration-de-confidentialite-recrutement\/\" \/>\n<meta property=\"og:site_name\" content=\"Quartix\" \/>\n<meta property=\"article:publisher\" content=\"https:\/\/www.facebook.com\/Quartix-USA-374426386097401\/\" \/>\n<meta property=\"article:modified_time\" content=\"2021-06-03T13:04:50+00:00\" \/>\n<meta name=\"twitter:card\" content=\"summary_large_image\" \/>\n<meta name=\"twitter:site\" content=\"@QuartixUSA\" \/>\n<meta name=\"twitter:label1\" content=\"Est. reading time\" \/>\n\t<meta name=\"twitter:data1\" content=\"1 minute\" \/>\n<!-- \/ Yoast SEO Premium plugin. -->","yoast_head_json":{"title":"D\u00e9claration de Confidentialit\u00e9 sur le Recrutement - FR","description":"D\u00e9couvrez la d\u00e9claration de confidentialit\u00e9 relative au recrutement au sein de la soci\u00e9t\u00e9 Quartix. Cette politique s'applique aux candidats au recrutement.","robots":{"index":"index","follow":"follow","max-snippet":"max-snippet:-1","max-image-preview":"max-image-preview:large","max-video-preview":"max-video-preview:-1"},"canonical":"https:\/\/www.quartix.com\/fr-fr\/entreprise\/declaration-de-confidentialite-recrutement\/","og_locale":"fr_FR","og_type":"article","og_title":"D\u00e9claration de confidentialit\u00e9 recrutement","og_description":"D\u00e9couvrez la d\u00e9claration de confidentialit\u00e9 relative au recrutement au sein de la soci\u00e9t\u00e9 Quartix. Cette politique s'applique aux candidats au recrutement.","og_url":"https:\/\/www.quartix.com\/fr-fr\/entreprise\/declaration-de-confidentialite-recrutement\/","og_site_name":"Quartix","article_publisher":"https:\/\/www.facebook.com\/Quartix-USA-374426386097401\/","article_modified_time":"2021-06-03T13:04:50+00:00","twitter_card":"summary_large_image","twitter_site":"@QuartixUSA","twitter_misc":{"Est. reading time":"1 minute"},"schema":{"@context":"https:\/\/schema.org","@graph":[{"@type":"WebPage","@id":"https:\/\/www.quartix.com\/fr-fr\/entreprise\/declaration-de-confidentialite-recrutement\/","url":"https:\/\/www.quartix.com\/fr-fr\/entreprise\/declaration-de-confidentialite-recrutement\/","name":"D\u00e9claration de Confidentialit\u00e9 sur le Recrutement","isPartOf":{"@id":"https:\/\/www.quartix.com\/fr-fr\/#website"},"datePublished":"2021-06-03T13:04:07+00:00","dateModified":"2021-06-03T13:04:50+00:00","description":"D\u00e9couvrez la d\u00e9claration de confidentialit\u00e9 relative au recrutement au sein de la soci\u00e9t\u00e9 Quartix. Cette politique s'applique aux candidats au recrutement.","breadcrumb":{"@id":"https:\/\/www.quartix.com\/fr-fr\/entreprise\/declaration-de-confidentialite-recrutement\/#breadcrumb"},"inLanguage":"fr-FR","potentialAction":[{"@type":"ReadAction","target":["https:\/\/www.quartix.com\/fr-fr\/entreprise\/declaration-de-confidentialite-recrutement\/"]}]},{"@type":"BreadcrumbList","@id":"https:\/\/www.quartix.com\/fr-fr\/entreprise\/declaration-de-confidentialite-recrutement\/#breadcrumb","itemListElement":[{"@type":"ListItem","position":1,"name":"Accueil","item":"https:\/\/www.quartix.com\/fr-fr\/quartix-suivi-de-vehicules-en-temps-reel\/"},{"@type":"ListItem","position":2,"name":"Entreprise","item":"https:\/\/www.quartix.com\/fr-fr\/entreprise\/"},{"@type":"ListItem","position":3,"name":"D\u00e9claration de confidentialit\u00e9 recrutement"}]},{"@type":"WebSite","@id":"https:\/\/www.quartix.com\/fr-fr\/#website","url":"https:\/\/www.quartix.com\/fr-fr\/","name":"Quartix","description":"Real-time vehicle tracking","publisher":{"@id":"https:\/\/www.quartix.com\/fr-fr\/#organization"},"potentialAction":[{"@type":"SearchAction","target":{"@type":"EntryPoint","urlTemplate":"https:\/\/www.quartix.com\/fr-fr\/?s={search_term_string}"},"query-input":{"@type":"PropertyValueSpecification","valueRequired":true,"valueName":"search_term_string"}}],"inLanguage":"fr-FR"},{"@type":"Organization","@id":"https:\/\/www.quartix.com\/fr-fr\/#organization","name":"Quartix","url":"https:\/\/www.quartix.com\/fr-fr\/","logo":{"@type":"ImageObject","inLanguage":"fr-FR","@id":"https:\/\/www.quartix.com\/fr-fr\/#\/schema\/logo\/image\/","url":"https:\/\/www.quartix.com\/content\/uploads\/2019\/02\/quartix-logo-eur.svg","contentUrl":"https:\/\/www.quartix.com\/content\/uploads\/2019\/02\/quartix-logo-eur.svg","width":1,"height":1,"caption":"Quartix"},"image":{"@id":"https:\/\/www.quartix.com\/fr-fr\/#\/schema\/logo\/image\/"},"sameAs":["https:\/\/www.facebook.com\/Quartix-USA-374426386097401\/","https:\/\/x.com\/QuartixUSA","https:\/\/www.linkedin.com\/company\/5346733\/","https:\/\/www.youtube.com\/channel\/UCzS-_GMfHF4kWiCheyIRrAQ"]}]}},"_links":{"self":[{"href":"https:\/\/www.quartix.com\/fr-fr\/wp-json\/wp\/v2\/pages\/58965","targetHints":{"allow":["GET"]}}],"collection":[{"href":"https:\/\/www.quartix.com\/fr-fr\/wp-json\/wp\/v2\/pages"}],"about":[{"href":"https:\/\/www.quartix.com\/fr-fr\/wp-json\/wp\/v2\/types\/page"}],"author":[{"embeddable":true,"href":"https:\/\/www.quartix.com\/fr-fr\/wp-json\/wp\/v2\/users\/12"}],"replies":[{"embeddable":true,"href":"https:\/\/www.quartix.com\/fr-fr\/wp-json\/wp\/v2\/comments?post=58965"}],"version-history":[{"count":0,"href":"https:\/\/www.quartix.com\/fr-fr\/wp-json\/wp\/v2\/pages\/58965\/revisions"}],"up":[{"embeddable":true,"href":"https:\/\/www.quartix.com\/fr-fr\/wp-json\/wp\/v2\/pages\/54547"}],"wp:attachment":[{"href":"https:\/\/www.quartix.com\/fr-fr\/wp-json\/wp\/v2\/media?parent=58965"}],"wp:term":[{"taxonomy":"topic","embeddable":true,"href":"https:\/\/www.quartix.com\/fr-fr\/wp-json\/wp\/v2\/topic?post=58965"},{"taxonomy":"qtx_campaign","embeddable":true,"href":"https:\/\/www.quartix.com\/fr-fr\/wp-json\/wp\/v2\/qtx_campaign?post=58965"}],"curies":[{"name":"wp","href":"https:\/\/api.w.org\/{rel}","templated":true}]}}