{"id":59010,"date":"2021-06-03T15:19:55","date_gmt":"2021-06-03T14:19:55","guid":{"rendered":"https:\/\/www.quartix.com\/?page_id=59010"},"modified":"2026-04-01T11:42:56","modified_gmt":"2026-04-01T10:42:56","slug":"offre-parrainage","status":"publish","type":"page","link":"https:\/\/www.quartix.com\/fr-fr\/offre-parrainage\/","title":{"rendered":"Parrainage"},"content":{"rendered":"\n<div class=\"wp-block-columns is-layout-flex wp-container-core-columns-is-layout-28f84493 wp-block-columns-is-layout-flex\">\n<div class=\"wp-block-column is-layout-flow wp-block-column-is-layout-flow\">\n<h2 class=\"wp-block-heading\" id=\"spread-the-word-about-quartix\">Parlez de Quartix autour de vous<\/h2>\n\n\n\n<p>Vous connaissez un ami ou un contact professionnel qui pourrait b\u00e9n\u00e9ficier de la g\u00e9olocalisation de v\u00e9hicules Quartix ? Faites-le-nous savoir. Nous r\u00e9compensons tous les clients qui nous apportent de nouvelles affaires : ne manquez pas cette opportunit\u00e9 !  <\/p>\n\n\n\n<p>La proc\u00e9dure est tr\u00e8s simple.<\/p>\n\n\n\n<ol class=\"wp-block-list\">\n<li>Remplissez vos coordonn\u00e9es ci-dessous (pour que nous sachions qui r\u00e9compenser)<\/li>\n\n\n\n<li>Fournissez les coordonn\u00e9es de votre contact (pour que nous puissions voir s\u2019il est int\u00e9ress\u00e9 !)<\/li>\n<\/ol>\n\n\n\n<p>Si votre contact souscrit un contrat d&#8217;au moins 12 mois, vous recevrez un cr\u00e9dit de 40\u20ac* \u00e0 d\u00e9duire de vos prochaines factures Quartix pour chaque v\u00e9hicule inclus dans sa premi\u00e8re commande.<\/p>\n\n\n\n<p>Il n&#8217;y a aucune limite au nombre d&#8217;entreprises que vous pouvez nous recommander.<\/p>\n\n\n\n<p>Commencez \u00e0 percevoir vos r\u00e9compenses d\u00e8s aujourd&#8217;hui : dites-nous qui pourrait b\u00e9n\u00e9ficier de la g\u00e9olocalisation de v\u00e9hicules !<\/p>\n\n\n\n<p><strong>*Les conditions g\u00e9n\u00e9rales s&#8217;appliquent<\/strong><\/p>\n<\/div>\n\n\n\n<div class=\"wp-block-column is-layout-flow wp-block-column-is-layout-flow\">\n<figure class=\"wp-block-image size-full\"><img loading=\"lazy\" decoding=\"async\" width=\"900\" height=\"500\" src=\"https:\/\/www.quartix.com\/content\/uploads\/2026\/03\/Fr-Refer-a-Friend.jpg\" alt=\"Un homme sourit \u00e0 c\u00f4t\u00e9 d'une voiture ; le texte offre une r\u00e9duction de 40 euros pour la recommandation d'un ami qui commande un traceur, le client de recommandation Quartix \u00e9tant cr\u00e9dit\u00e9 sur votre prochaine facture.\" class=\"wp-image-130315\" srcset=\"https:\/\/www.quartix.com\/content\/uploads\/2026\/03\/Fr-Refer-a-Friend.jpg 900w, https:\/\/www.quartix.com\/content\/uploads\/2026\/03\/Fr-Refer-a-Friend-300x167.jpg 300w, https:\/\/www.quartix.com\/content\/uploads\/2026\/03\/Fr-Refer-a-Friend-768x427.jpg 768w\" sizes=\"auto, (max-width: 900px) 100vw, 900px\" \/><\/figure>\n\n\n\r\n<section  class=\"qtx-pagebuilder-section qtx-pagebuilder-section-list \">\r\n<ul class='ticks fa-ul' style='0'><li><span class='fa-li'><i class='fas fa-check-circle'><\/i><\/span>Envoyez-nous les coordonn\u00e9es de la personne<\/li><li><span class='fa-li'><i class='fas fa-check-circle'><\/i><\/span>Elle souscrit un contrat avec nous<\/li><li><span class='fa-li'><i class='fas fa-check-circle'><\/i><\/span>Vous recevez 40\u20ac par unit\u00e9 incluse dans sa premi\u00e8re commande<\/li><\/ul><\/section><\/div>\n<\/div>\n\n\n\n<div class=\"wp-block-columns is-layout-flex wp-container-core-columns-is-layout-28f84493 wp-block-columns-is-layout-flex\">\n<div class=\"wp-block-column is-layout-flow wp-block-column-is-layout-flow\">\n<figure class=\"wp-block-image aligncenter size-full is-resized\"><img loading=\"lazy\" decoding=\"async\" width=\"400\" height=\"400\" src=\"https:\/\/www.quartix.com\/content\/uploads\/2026\/04\/euro-hand.jpg\" alt=\"Une main stylis\u00e9e avec une paume ouverte tient un symbole mon\u00e9taire vert en euro \u00e0 l'int\u00e9rieur d'un cercle, repr\u00e9sentant le concept de recommandation du client Quartix.\" class=\"wp-image-130588\" style=\"width:178px;height:150px\" srcset=\"https:\/\/www.quartix.com\/content\/uploads\/2026\/04\/euro-hand.jpg 400w, https:\/\/www.quartix.com\/content\/uploads\/2026\/04\/euro-hand-300x300.jpg 300w, https:\/\/www.quartix.com\/content\/uploads\/2026\/04\/euro-hand-150x150.jpg 150w\" sizes=\"auto, (max-width: 400px) 100vw, 400px\" \/><\/figure>\n\n\n\n<p>Cette offre s&#8217;applique uniquement aux clients avec lesquels nous ne sommes pas d\u00e9j\u00e0 en contact. Un contact ne peut \u00eatre recommand\u00e9 qu&#8217;une seule fois et l&#8217;offre est valable pour un maximum de 200 v\u00e9hicules par recommandation. L&#8217;offre s&#8217;applique uniquement \u00e0 la premi\u00e8re commande du contact recommand\u00e9 \u00e0 Quartix et ne s&#8217;applique pas aux commandes suivantes. Il n&#8217;existe pas d&#8217;alternative en esp\u00e8ces et le cr\u00e9dit ne peut \u00eatre utilis\u00e9 que sur vos factures Quartix.   <\/p>\n<\/div>\n\n\n\n<div class=\"wp-block-column is-layout-flow wp-block-column-is-layout-flow\">\n<h2 class=\"wp-block-heading\" id=\"refer-a-friend\">Recommandez un ami<\/h2>\n\n\n\n<p>Remplissez vos coordonn\u00e9es ainsi que celles de la personne que vous souhaitez nous recommander (y compris ses coordonn\u00e9es) dans les champs ci-dessous.<\/p>\n\n\n\n<div class=\"wpcf7 no-js\" id=\"wpcf7-f71355-o1\" lang=\"fr-FR\" dir=\"ltr\" data-wpcf7-id=\"71355\">\n<div class=\"screen-reader-response\"><p role=\"status\" aria-live=\"polite\" aria-atomic=\"true\"><\/p> <ul><\/ul><\/div>\n<form action=\"\/fr-fr\/wp-json\/wp\/v2\/pages\/59010#wpcf7-f71355-o1\" method=\"post\" class=\"wpcf7-form init\" aria-label=\"Contact form\" novalidate=\"novalidate\" data-status=\"init\">\n<fieldset class=\"hidden-fields-container\"><input type=\"hidden\" name=\"_wpcf7\" value=\"71355\" \/><input type=\"hidden\" name=\"_wpcf7_version\" value=\"6.1.5\" \/><input type=\"hidden\" name=\"_wpcf7_locale\" value=\"fr_FR\" \/><input type=\"hidden\" name=\"_wpcf7_unit_tag\" value=\"wpcf7-f71355-o1\" \/><input type=\"hidden\" name=\"_wpcf7_container_post\" value=\"0\" \/><input type=\"hidden\" name=\"_wpcf7_posted_data_hash\" value=\"\" \/><input type=\"hidden\" name=\"_wpcf7cf_hidden_group_fields\" value=\"[]\" \/><input type=\"hidden\" name=\"_wpcf7cf_hidden_groups\" value=\"[]\" \/><input type=\"hidden\" name=\"_wpcf7cf_visible_groups\" value=\"[]\" \/><input type=\"hidden\" name=\"_wpcf7cf_repeaters\" value=\"[]\" \/><input type=\"hidden\" name=\"_wpcf7cf_steps\" value=\"{}\" \/><input type=\"hidden\" name=\"_wpcf7cf_options\" value=\"{&quot;form_id&quot;:71355,&quot;conditions&quot;:[],&quot;settings&quot;:{&quot;animation&quot;:&quot;yes&quot;,&quot;animation_intime&quot;:200,&quot;animation_outtime&quot;:200,&quot;conditions_ui&quot;:&quot;normal&quot;,&quot;notice_dismissed&quot;:false,&quot;notice_dismissed_update-cf7-6.0&quot;:true,&quot;notice_dismissed_update-cf7-6.0.1&quot;:true,&quot;notice_dismissed_update-cf7-6.0.2&quot;:true,&quot;notice_dismissed_rollback-cf7-6.0.5&quot;:true}}\" \/><input type=\"hidden\" name=\"_wpcf7_recaptcha_response\" value=\"\" \/>\n<\/fieldset>\n<div class=\"input-wrapper\"><span class=\"icon icon-face\"><\/span><span class=\"wpcf7-form-control-wrap\" data-name=\"first_name\"><input size=\"40\" maxlength=\"400\" class=\"wpcf7-form-control wpcf7-text wpcf7-validates-as-required\" aria-required=\"true\" aria-invalid=\"false\" placeholder=\"Pr\u00e9nom *\" value=\"\" type=\"text\" name=\"first_name\" \/><\/span><span class=\"wpcf7-form-control-wrap\" data-name=\"last_name\"><input size=\"40\" maxlength=\"400\" class=\"wpcf7-form-control wpcf7-text wpcf7-validates-as-required\" aria-required=\"true\" aria-invalid=\"false\" placeholder=\"Nom *\" value=\"\" type=\"text\" name=\"last_name\" \/><\/span><\/div>\n<div class=\"input-wrapper\"><span class=\"icon icon-envelope\"><\/span><span class=\"wpcf7-form-control-wrap\" data-name=\"email\"><input size=\"40\" maxlength=\"400\" class=\"wpcf7-form-control wpcf7-email wpcf7-validates-as-required wpcf7-text wpcf7-validates-as-email\" aria-required=\"true\" aria-invalid=\"false\" placeholder=\"Email *\" value=\"\" type=\"email\" name=\"email\" \/><\/span><\/div>\n<div class=\"input-wrapper\"><span class=\"icon icon-company\"><\/span><span class=\"wpcf7-form-control-wrap\" data-name=\"company\"><input size=\"40\" maxlength=\"400\" class=\"wpcf7-form-control wpcf7-text wpcf7-validates-as-required\" aria-required=\"true\" aria-invalid=\"false\" placeholder=\"Soci\u00e9t\u00e9 *\" value=\"\" type=\"text\" name=\"company\" \/><\/span><\/div>\n<div class=\"input-wrapper\"><span class=\"icon icon-telephone\"><\/span><span class=\"wpcf7-form-control-wrap\" data-name=\"phone\"><input size=\"40\" maxlength=\"400\" class=\"wpcf7-form-control wpcf7-tel wpcf7-text wpcf7-validates-as-tel\" aria-invalid=\"false\" placeholder=\"T\u00e9l\u00e9phone *\" value=\"\" type=\"tel\" name=\"phone\" \/><\/span><\/div>\n<div class=\"input-wrapper\"><span class=\"icon icon-face\"><\/span><span class=\"wpcf7-form-control-wrap\" data-name=\"ref_first_name\"><input size=\"40\" maxlength=\"400\" class=\"wpcf7-form-control wpcf7-text wpcf7-validates-as-required\" aria-required=\"true\" aria-invalid=\"false\" placeholder=\"Pr\u00e9nom parrain\u00e9 *\" value=\"\" type=\"text\" name=\"ref_first_name\" \/><\/span><span class=\"wpcf7-form-control-wrap\" data-name=\"ref_last_name\"><input size=\"40\" maxlength=\"400\" class=\"wpcf7-form-control wpcf7-text wpcf7-validates-as-required\" aria-required=\"true\" aria-invalid=\"false\" placeholder=\"Nom parrain\u00e9 *\" value=\"\" type=\"text\" name=\"ref_last_name\" \/><\/span><\/div>\n<div class=\"input-wrapper\"><span class=\"icon icon-envelope\"><\/span><span class=\"wpcf7-form-control-wrap\" data-name=\"ref_email\"><input size=\"40\" maxlength=\"400\" class=\"wpcf7-form-control wpcf7-email wpcf7-validates-as-required wpcf7-text wpcf7-validates-as-email\" aria-required=\"true\" aria-invalid=\"false\" placeholder=\"Email parrain\u00e9 *\" value=\"\" type=\"email\" name=\"ref_email\" \/><\/span><\/div>\n<div class=\"input-wrapper\"><span class=\"icon icon-company\"><\/span><span class=\"wpcf7-form-control-wrap\" data-name=\"ref_company\"><input size=\"40\" maxlength=\"400\" class=\"wpcf7-form-control wpcf7-text wpcf7-validates-as-required\" aria-required=\"true\" aria-invalid=\"false\" placeholder=\"Soci\u00e9t\u00e9 parrain\u00e9e *\" value=\"\" type=\"text\" name=\"ref_company\" \/><\/span><\/div>\n<div class=\"input-wrapper\"><span class=\"icon icon-telephone\"><\/span><span class=\"wpcf7-form-control-wrap\" data-name=\"ref_tel\"><input size=\"40\" maxlength=\"400\" class=\"wpcf7-form-control wpcf7-tel wpcf7-text wpcf7-validates-as-tel\" aria-invalid=\"false\" placeholder=\"T\u00e9l\u00e9phone parrain\u00e9\" value=\"\" type=\"tel\" name=\"ref_tel\" \/><\/span><\/div>\n<input type=\"hidden\" name=\"thankyouURL\" value=\"\/fr-fr\/merci-offre-de-parrainage\/\" class=\"wpcf7-form-control wpcf7-hidden\" id=\"thankyouURL\">\n<input class=\"wpcf7-form-control wpcf7-hidden\" value=\"\" type=\"hidden\" name=\"pardot_extra_field\" \/>\n<input type=\"hidden\" name=\"page_title\" value=\"No post title\" class=\"wpcf7-form-control wpcf7-hidden\">\n<div class=\"recatpcha-text\">Ce site est prot\u00e9g\u00e9 par reCAPTCHA et la <a href=\"https:\/\/policies.google.com\/privacy?hl=fr\">politique de confidentialit\u00e9<\/a> et les <a href=\"https:\/\/policies.google.com\/terms?hl=fr\">conditions d'utilisation<\/a> de Google s'appliquent.<\/div>\n<div class=\"input-wrapper\"><input class=\"wpcf7-form-control wpcf7-submit has-spinner icon-plane\" type=\"submit\" value=\"Je recommande Quartix\" \/><\/div><div class=\"wpcf7-response-output\" aria-hidden=\"true\"><\/div>\n<\/form>\n<\/div>\n\n<\/div>\n<\/div>\n","protected":false},"excerpt":{"rendered":"<p>Parlez de Quartix autour de vous Vous connaissez un ami ou un contact professionnel qui pourrait b\u00e9n\u00e9ficier de la g\u00e9olocalisation de v\u00e9hicules Quartix ? Faites-le-nous savoir. Nous r\u00e9compensons tous les clients qui nous apportent de nouvelles affaires : ne manquez pas cette opportunit\u00e9 ! La proc\u00e9dure est tr\u00e8s simple. Si votre contact souscrit un contrat [&hellip;]<\/p>\n","protected":false},"author":12,"featured_media":0,"parent":0,"menu_order":900,"comment_status":"closed","ping_status":"closed","template":"","meta":{"_acf_changed":false,"inline_featured_image":false,"footnotes":""},"topic":[],"qtx_campaign":[],"class_list":["post-59010","page","type-page","status-publish","hentry"],"acf":[],"yoast_head":"<!-- This site is optimized with the Yoast SEO Premium plugin v27.3 (Yoast SEO v27.3) - https:\/\/yoast.com\/product\/yoast-seo-premium-wordpress\/ -->\n<title>Offre de parrainage client Quartix | G\u00e9olocalisation de v\u00e9hicules - FR<\/title>\n<meta name=\"description\" content=\"Profitez d\u00e8s maintenant de l&#039;offre de parrainage client Quartix. Recommandez le syst\u00e8me Quartix et recevez un avoir sur votre prochaine facture.\" \/>\n<meta name=\"robots\" content=\"index, follow, max-snippet:-1, max-image-preview:large, max-video-preview:-1\" \/>\n<link rel=\"canonical\" href=\"https:\/\/www.quartix.com\/fr-fr\/offre-parrainage\/\" \/>\n<meta property=\"og:locale\" content=\"fr_FR\" \/>\n<meta property=\"og:type\" content=\"article\" \/>\n<meta property=\"og:title\" content=\"Parrainage\" \/>\n<meta property=\"og:description\" content=\"Profitez d\u00e8s maintenant de l&#039;offre de parrainage client Quartix. Recommandez le syst\u00e8me Quartix et recevez un avoir sur votre prochaine facture.\" \/>\n<meta property=\"og:url\" content=\"https:\/\/www.quartix.com\/fr-fr\/offre-parrainage\/\" \/>\n<meta property=\"og:site_name\" content=\"Quartix\" \/>\n<meta property=\"article:publisher\" content=\"https:\/\/www.facebook.com\/Quartix-USA-374426386097401\/\" \/>\n<meta property=\"article:modified_time\" content=\"2026-04-01T10:42:56+00:00\" \/>\n<meta property=\"og:image\" content=\"https:\/\/www.quartix.com\/content\/uploads\/2026\/03\/Fr-Refer-a-Friend.jpg\" \/>\n\t<meta property=\"og:image:width\" content=\"900\" \/>\n\t<meta property=\"og:image:height\" content=\"500\" \/>\n\t<meta property=\"og:image:type\" content=\"image\/jpeg\" \/>\n<meta name=\"twitter:card\" content=\"summary_large_image\" \/>\n<meta name=\"twitter:site\" content=\"@QuartixUSA\" \/>\n<meta name=\"twitter:label1\" content=\"Est. reading time\" \/>\n\t<meta name=\"twitter:data1\" content=\"2 minutes\" \/>\n<!-- \/ Yoast SEO Premium plugin. -->","yoast_head_json":{"title":"Offre de parrainage client Quartix | G\u00e9olocalisation de v\u00e9hicules - FR","description":"Profitez d\u00e8s maintenant de l'offre de parrainage client Quartix. Recommandez le syst\u00e8me Quartix et recevez un avoir sur votre prochaine facture.","robots":{"index":"index","follow":"follow","max-snippet":"max-snippet:-1","max-image-preview":"max-image-preview:large","max-video-preview":"max-video-preview:-1"},"canonical":"https:\/\/www.quartix.com\/fr-fr\/offre-parrainage\/","og_locale":"fr_FR","og_type":"article","og_title":"Parrainage","og_description":"Profitez d\u00e8s maintenant de l'offre de parrainage client Quartix. Recommandez le syst\u00e8me Quartix et recevez un avoir sur votre prochaine facture.","og_url":"https:\/\/www.quartix.com\/fr-fr\/offre-parrainage\/","og_site_name":"Quartix","article_publisher":"https:\/\/www.facebook.com\/Quartix-USA-374426386097401\/","article_modified_time":"2026-04-01T10:42:56+00:00","og_image":[{"width":900,"height":500,"url":"https:\/\/www.quartix.com\/content\/uploads\/2026\/03\/Fr-Refer-a-Friend.jpg","type":"image\/jpeg"}],"twitter_card":"summary_large_image","twitter_site":"@QuartixUSA","twitter_misc":{"Est. reading time":"2 minutes"},"schema":{"@context":"https:\/\/schema.org","@graph":[{"@type":"WebPage","@id":"https:\/\/www.quartix.com\/fr-fr\/offre-parrainage\/","url":"https:\/\/www.quartix.com\/fr-fr\/offre-parrainage\/","name":"Offre de parrainage client Quartix | G\u00e9olocalisation de v\u00e9hicules","isPartOf":{"@id":"https:\/\/www.quartix.com\/fr-fr\/#website"},"primaryImageOfPage":{"@id":"https:\/\/www.quartix.com\/fr-fr\/offre-parrainage\/#primaryimage"},"image":{"@id":"https:\/\/www.quartix.com\/fr-fr\/offre-parrainage\/#primaryimage"},"thumbnailUrl":"https:\/\/www.quartix.com\/content\/uploads\/2026\/03\/Fr-Refer-a-Friend.jpg","datePublished":"2021-06-03T14:19:55+00:00","dateModified":"2026-04-01T10:42:56+00:00","description":"Profitez d\u00e8s maintenant de l'offre de parrainage client Quartix. Recommandez le syst\u00e8me Quartix et recevez un avoir sur votre prochaine facture.","breadcrumb":{"@id":"https:\/\/www.quartix.com\/fr-fr\/offre-parrainage\/#breadcrumb"},"inLanguage":"fr-FR","potentialAction":[{"@type":"ReadAction","target":["https:\/\/www.quartix.com\/fr-fr\/offre-parrainage\/"]}]},{"@type":"ImageObject","inLanguage":"fr-FR","@id":"https:\/\/www.quartix.com\/fr-fr\/offre-parrainage\/#primaryimage","url":"https:\/\/www.quartix.com\/content\/uploads\/2026\/03\/Fr-Refer-a-Friend.jpg","contentUrl":"https:\/\/www.quartix.com\/content\/uploads\/2026\/03\/Fr-Refer-a-Friend.jpg"},{"@type":"BreadcrumbList","@id":"https:\/\/www.quartix.com\/fr-fr\/offre-parrainage\/#breadcrumb","itemListElement":[{"@type":"ListItem","position":1,"name":"Accueil","item":"https:\/\/www.quartix.com\/fr-fr\/quartix-suivi-de-vehicules-en-temps-reel\/"},{"@type":"ListItem","position":2,"name":"Parrainage"}]},{"@type":"WebSite","@id":"https:\/\/www.quartix.com\/fr-fr\/#website","url":"https:\/\/www.quartix.com\/fr-fr\/","name":"Quartix","description":"Real-time vehicle tracking","publisher":{"@id":"https:\/\/www.quartix.com\/fr-fr\/#organization"},"potentialAction":[{"@type":"SearchAction","target":{"@type":"EntryPoint","urlTemplate":"https:\/\/www.quartix.com\/fr-fr\/?s={search_term_string}"},"query-input":{"@type":"PropertyValueSpecification","valueRequired":true,"valueName":"search_term_string"}}],"inLanguage":"fr-FR"},{"@type":"Organization","@id":"https:\/\/www.quartix.com\/fr-fr\/#organization","name":"Quartix","url":"https:\/\/www.quartix.com\/fr-fr\/","logo":{"@type":"ImageObject","inLanguage":"fr-FR","@id":"https:\/\/www.quartix.com\/fr-fr\/#\/schema\/logo\/image\/","url":"https:\/\/www.quartix.com\/content\/uploads\/2019\/02\/quartix-logo-eur.svg","contentUrl":"https:\/\/www.quartix.com\/content\/uploads\/2019\/02\/quartix-logo-eur.svg","width":1,"height":1,"caption":"Quartix"},"image":{"@id":"https:\/\/www.quartix.com\/fr-fr\/#\/schema\/logo\/image\/"},"sameAs":["https:\/\/www.facebook.com\/Quartix-USA-374426386097401\/","https:\/\/x.com\/QuartixUSA","https:\/\/www.linkedin.com\/company\/5346733\/","https:\/\/www.youtube.com\/channel\/UCzS-_GMfHF4kWiCheyIRrAQ"]}]}},"_links":{"self":[{"href":"https:\/\/www.quartix.com\/fr-fr\/wp-json\/wp\/v2\/pages\/59010","targetHints":{"allow":["GET"]}}],"collection":[{"href":"https:\/\/www.quartix.com\/fr-fr\/wp-json\/wp\/v2\/pages"}],"about":[{"href":"https:\/\/www.quartix.com\/fr-fr\/wp-json\/wp\/v2\/types\/page"}],"author":[{"embeddable":true,"href":"https:\/\/www.quartix.com\/fr-fr\/wp-json\/wp\/v2\/users\/12"}],"replies":[{"embeddable":true,"href":"https:\/\/www.quartix.com\/fr-fr\/wp-json\/wp\/v2\/comments?post=59010"}],"version-history":[{"count":12,"href":"https:\/\/www.quartix.com\/fr-fr\/wp-json\/wp\/v2\/pages\/59010\/revisions"}],"predecessor-version":[{"id":130603,"href":"https:\/\/www.quartix.com\/fr-fr\/wp-json\/wp\/v2\/pages\/59010\/revisions\/130603"}],"wp:attachment":[{"href":"https:\/\/www.quartix.com\/fr-fr\/wp-json\/wp\/v2\/media?parent=59010"}],"wp:term":[{"taxonomy":"topic","embeddable":true,"href":"https:\/\/www.quartix.com\/fr-fr\/wp-json\/wp\/v2\/topic?post=59010"},{"taxonomy":"qtx_campaign","embeddable":true,"href":"https:\/\/www.quartix.com\/fr-fr\/wp-json\/wp\/v2\/qtx_campaign?post=59010"}],"curies":[{"name":"wp","href":"https:\/\/api.w.org\/{rel}","templated":true}]}}