{"id":59161,"date":"2021-06-04T15:44:07","date_gmt":"2021-06-04T14:44:07","guid":{"rendered":" https:\/\/www.quartix.com\/?page_id=59161"},"modified":"2022-03-04T15:43:42","modified_gmt":"2022-03-04T14:43:42","slug":"traceur-gps-vehicule-entreprise","status":"publish","type":"page","link":"https:\/\/www.quartix.com\/fr-fr\/traceur-gps-vehicule-entreprise\/","title":{"rendered":"Traceur GPS v\u00e9hicule entreprise"},"content":{"rendered":"\n<div class=\"wp-block-columns is-layout-flex wp-container-core-columns-is-layout-28f84493 wp-block-columns-is-layout-flex\">\n<div class=\"wp-block-column is-layout-flow wp-block-column-is-layout-flow\">\n<h2 class=\"wp-block-heading\" id=\"localisation-gps-de-vehicules-professionnels\">Localisation GPS de v\u00e9hicules professionnels<\/h2>\n\n\n\n<p>Un traceur GPS de v\u00e9hicules, ou \u00e9galement appel\u00e9 traqueur GPS, est un bo\u00eetier de g\u00e9olocalisation GPS\/GPRS install\u00e9 dans un v\u00e9hicule de service, une voiture de fonction, ou tout autre v\u00e9hicule d\u2019entreprise. Ce dispositif permet de collecter des donn\u00e9es t\u00e9l\u00e9matiques exploitables sur les d\u00e9placements des v\u00e9hicules, les arr\u00eats moteur, le style de conduite et la consommation de carburant. Cette technologie pr\u00e9sente de nombreux avantages pour les chefs d&#8217;entreprise et les gestionnaires de flotte.<\/p>\n\n\n\n<p>Pour en savoir plus <a href=\"\/fr-fr\/demande-brochure\/\">t\u00e9l\u00e9chargez notre brochure de g\u00e9olocalisation de v\u00e9hicules&nbsp;GPS<\/a><\/p>\n<\/div>\n\n\n\n<div class=\"wp-block-column is-layout-flow wp-block-column-is-layout-flow\">\n<figure class=\"wp-block-image\"><img decoding=\"async\" src=\" https:\/\/www.quartix.com\/content\/uploads\/2021\/06\/FR-Hardwired-icon-balise-filaire-1000x497.png\" alt=\"Balise filaire, geofencing, mode vie priv\u00e9e, t\u00e9l\u00e9matique... D\u00e9couvrez le vocabulaire de la g\u00e9olocalisation de v\u00e9hicules avec Quartix.\"\/><\/figure>\n<\/div>\n<\/div>\n\n\n\n<div class=\"wp-block-columns is-layout-flex wp-container-core-columns-is-layout-28f84493 wp-block-columns-is-layout-flex\">\n<div class=\"wp-block-column is-layout-flow wp-block-column-is-layout-flow\">\n<figure class=\"wp-block-image size-full\"><img loading=\"lazy\" decoding=\"async\" width=\"768\" height=\"438\" src=\" https:\/\/www.quartix.com\/content\/uploads\/2021\/07\/quartix_FR_screens_apps_image-768x438-1.png\" alt=\"La g\u00e9olocalisation de v\u00e9hicules pr\u00e9sente de nombreux avantages pour les entreprises. Demandez votre devis.\" class=\"wp-image-60960\" srcset=\"https:\/\/www.quartix.com\/content\/uploads\/2021\/07\/quartix_FR_screens_apps_image-768x438-1.png 768w, https:\/\/www.quartix.com\/content\/uploads\/2021\/07\/quartix_FR_screens_apps_image-768x438-1-300x171.png 300w\" sizes=\"auto, (max-width: 768px) 100vw, 768px\" \/><\/figure>\n<\/div>\n\n\n\n<div class=\"wp-block-column is-layout-flow wp-block-column-is-layout-flow\">\n<h2 class=\"wp-block-heading\" id=\"une-gestion-de-flotte-plus-sure-et-efficace\">Une gestion de flotte plus s\u00fbre et efficace<\/h2>\n\n\n\n<p>Le traceur GPS professionnel Quartix fournit toutes les donn\u00e9es t\u00e9l\u00e9matiques dont les entreprises ont besoin pour faciliter la gestion de flotte et r\u00e9aliser des \u00e9conomies.<\/p>\n\n\n\n<ul class=\"wp-block-list\"><li>Localisez votre flotte \u00e0 tout moment et obtenez le d\u00e9tail de tous les trajets effectu\u00e9s par vos v\u00e9hicules dans la journ\u00e9e avec les rapports d&#8217;activit\u00e9.<\/li><li>Obtenez les heures d&#8217;arriv\u00e9e, de d\u00e9part et le temps sur site, et am\u00e9liorez la productivit\u00e9 de vos \u00e9quipes mobiles.<\/li><li>Identifiez les styles de conduite \u00e0 risques et sensibilisez vos salari\u00e9s \u00e0 une conduite plus responsable. Une gestion de flotte optimis\u00e9e permet de pr\u00e9venir la fatigue au volant afin de r\u00e9duire les risques d\u2019accident.<\/li><li>Respectez les d\u00e9lais de maintenance des v\u00e9hicules et le renouvellement de votre contrat d\u2019assurance gr\u00e2ce \u00e0 des alertes int\u00e9gr\u00e9es.<\/li><li>Assurez-vous que vos salari\u00e9s restent dans des zones d\u00e9finies pendant leurs heures de travail.<\/li><\/ul>\n<\/div>\n<\/div>\n\n\n\n<h2 class=\"wp-block-heading\" id=\"demandez-une-demo-du-systeme-quartix-des-maintenant\">Demandez une d\u00e9mo du syst\u00e8me Quartix d\u00e8s maintenant !<\/h2>\n\n\n\n<div class=\"wp-block-columns is-layout-flex wp-container-core-columns-is-layout-28f84493 wp-block-columns-is-layout-flex\">\n<div class=\"wp-block-column is-layout-flow wp-block-column-is-layout-flow\">\n<div class=\"wpcf7 no-js\" id=\"wpcf7-f71267-o1\" lang=\"fr-FR\" dir=\"ltr\" data-wpcf7-id=\"71267\">\n<div class=\"screen-reader-response\"><p role=\"status\" aria-live=\"polite\" aria-atomic=\"true\"><\/p> <ul><\/ul><\/div>\n<form action=\"\/fr-fr\/wp-json\/wp\/v2\/pages\/59161#wpcf7-f71267-o1\" method=\"post\" class=\"wpcf7-form init\" aria-label=\"Contact form\" novalidate=\"novalidate\" data-status=\"init\">\n<fieldset class=\"hidden-fields-container\"><input type=\"hidden\" name=\"_wpcf7\" value=\"71267\" \/><input type=\"hidden\" name=\"_wpcf7_version\" value=\"6.1.5\" \/><input type=\"hidden\" name=\"_wpcf7_locale\" value=\"fr_FR\" \/><input type=\"hidden\" name=\"_wpcf7_unit_tag\" value=\"wpcf7-f71267-o1\" \/><input type=\"hidden\" name=\"_wpcf7_container_post\" value=\"0\" \/><input type=\"hidden\" name=\"_wpcf7_posted_data_hash\" value=\"\" \/><input type=\"hidden\" name=\"_wpcf7cf_hidden_group_fields\" value=\"[]\" \/><input type=\"hidden\" name=\"_wpcf7cf_hidden_groups\" value=\"[]\" \/><input type=\"hidden\" name=\"_wpcf7cf_visible_groups\" value=\"[]\" \/><input type=\"hidden\" name=\"_wpcf7cf_repeaters\" value=\"[]\" \/><input type=\"hidden\" name=\"_wpcf7cf_steps\" value=\"{}\" \/><input type=\"hidden\" name=\"_wpcf7cf_options\" value=\"{&quot;form_id&quot;:71267,&quot;conditions&quot;:[],&quot;settings&quot;:{&quot;animation&quot;:&quot;yes&quot;,&quot;animation_intime&quot;:200,&quot;animation_outtime&quot;:200,&quot;conditions_ui&quot;:&quot;normal&quot;,&quot;notice_dismissed&quot;:false,&quot;notice_dismissed_update-cf7-6.0&quot;:true,&quot;notice_dismissed_update-cf7-6.0.1&quot;:true,&quot;notice_dismissed_update-cf7-6.0.2&quot;:true,&quot;notice_dismissed_rollback-cf7-6.0.5&quot;:true}}\" \/><input type=\"hidden\" name=\"_wpcf7_recaptcha_response\" value=\"\" \/>\n<\/fieldset>\n<div class=\"input-wrapper\"><span class=\"icon icon-face\"><\/span><span class=\"wpcf7-form-control-wrap\" data-name=\"first_name\"><input size=\"40\" maxlength=\"400\" class=\"wpcf7-form-control wpcf7-text wpcf7-validates-as-required\" aria-required=\"true\" aria-invalid=\"false\" placeholder=\"Pr\u00e9nom *\" value=\"\" type=\"text\" name=\"first_name\" \/><\/span><span class=\"wpcf7-form-control-wrap\" data-name=\"last_name\"><input size=\"40\" maxlength=\"400\" class=\"wpcf7-form-control wpcf7-text wpcf7-validates-as-required\" aria-required=\"true\" aria-invalid=\"false\" placeholder=\"Nom *\" value=\"\" type=\"text\" name=\"last_name\" \/><\/span><\/div>\n<div class=\"input-wrapper\"><span class=\"icon icon-envelope\"><\/span><span class=\"wpcf7-form-control-wrap\" data-name=\"email\"><input size=\"40\" maxlength=\"400\" class=\"wpcf7-form-control wpcf7-email wpcf7-validates-as-required wpcf7-text wpcf7-validates-as-email\" aria-required=\"true\" aria-invalid=\"false\" placeholder=\"Email *\" value=\"\" type=\"email\" name=\"email\" \/><\/span><\/div>\n<div class=\"input-wrapper\"><span class=\"icon icon-company\"><\/span><span class=\"wpcf7-form-control-wrap\" data-name=\"company\"><input size=\"40\" maxlength=\"400\" class=\"wpcf7-form-control wpcf7-text wpcf7-validates-as-required\" aria-required=\"true\" aria-invalid=\"false\" placeholder=\"Soci\u00e9t\u00e9 *\" value=\"\" type=\"text\" name=\"company\" \/><\/span><\/div>\n<div class=\"input-wrapper\"><span class=\"icon icon-telephone\"><\/span><span class=\"wpcf7-form-control-wrap\" data-name=\"phone\"><input size=\"40\" maxlength=\"400\" class=\"wpcf7-form-control wpcf7-tel wpcf7-validates-as-required wpcf7-text wpcf7-validates-as-tel\" aria-required=\"true\" aria-invalid=\"false\" placeholder=\"T\u00e9l\u00e9phone *\" value=\"\" type=\"tel\" name=\"phone\" \/><\/span><\/div>\n<div class=\"input-wrapper\"><span class=\"icon icon-vehicles\"><\/span><span class=\"wpcf7-form-control-wrap\" data-name=\"number_of_vehicles\"><input class=\"wpcf7-form-control wpcf7-number wpcf7-validates-as-required wpcf7-validates-as-number\" min=\"1\" aria-required=\"true\" aria-invalid=\"false\" placeholder=\"Taille de votre flotte *\" value=\"\" type=\"number\" name=\"number_of_vehicles\" \/><\/span><\/div>\n<input type=\"hidden\" name=\"thankyouURL\" value=\"\/fr-fr\/merci-demande-demo\/\" class=\"wpcf7-form-control wpcf7-hidden\" id=\"thankyouURL\">\n<input class=\"wpcf7-form-control wpcf7-hidden\" value=\"\" type=\"hidden\" name=\"pardot_extra_field\" \/>\n<input type=\"hidden\" name=\"page_title\" value=\"No post title\" class=\"wpcf7-form-control wpcf7-hidden\">\n<div class=\"recatpcha-text\">Ce site est prot\u00e9g\u00e9 par reCAPTCHA et la <a href=\"https:\/\/policies.google.com\/privacy?hl=fr\">politique de confidentialit\u00e9<\/a> et les <a href=\"https:\/\/policies.google.com\/terms?hl=fr\">conditions d'utilisation<\/a> de Google s'appliquent.<\/div>\n<div class=\"input-wrapper\"><input class=\"wpcf7-form-control wpcf7-submit has-spinner icon-plane\" type=\"submit\" value=\"Demander une d\u00e9mo gratuite\" \/><\/div><div class=\"wpcf7-response-output\" aria-hidden=\"true\"><\/div>\n<\/form>\n<\/div>\n\n<\/div>\n\n\n\n<div class=\"wp-block-column is-layout-flow wp-block-column-is-layout-flow\">\n<figure class=\"wp-block-image is-resized\"><img loading=\"lazy\" decoding=\"async\" src=\" https:\/\/www.quartix.com\/content\/uploads\/2021\/06\/save-euro.svg\" alt=\"\" width=\"329\" height=\"276\"\/><\/figure>\n\n\n\r\n<section  class=\"qtx-pagebuilder-section qtx-pagebuilder-section-list \">\r\n<ul class='ticks fa-ul' style=''><li><span class='fa-li'><i class='fas fa-check-circle'><\/i><\/span>25% d\u2019\u00e9conomies de carburant<\/li><li><span class='fa-li'><i class='fas fa-check-circle'><\/i><\/span>15% de productivit\u00e9 gagn\u00e9e<\/li><li><span class='fa-li'><i class='fas fa-check-circle'><\/i><\/span>10% de kilom\u00e8tres parcourus en moins<\/li><li><span class='fa-li'><i class='fas fa-check-circle'><\/i><\/span>15% d\u2019heures suppl\u00e9mentaires en moins<\/li><li><span class='fa-li'><i class='fas fa-check-circle'><\/i><\/span>20% d\u2019augmentation de l\u2019utilisation des v\u00e9hicules<\/li><\/ul><\/section><\/div>\n<\/div>\n","protected":false},"excerpt":{"rendered":"<p>Localisation GPS de v\u00e9hicules professionnels Un traceur GPS de v\u00e9hicules, ou \u00e9galement appel\u00e9 traqueur GPS, est un bo\u00eetier de g\u00e9olocalisation GPS\/GPRS install\u00e9 dans un v\u00e9hicule de service, une voiture de fonction, ou tout autre v\u00e9hicule d\u2019entreprise. Ce dispositif permet de collecter des donn\u00e9es t\u00e9l\u00e9matiques exploitables sur les d\u00e9placements des v\u00e9hicules, les arr\u00eats moteur, le style [&hellip;]<\/p>\n","protected":false},"author":208,"featured_media":0,"parent":0,"menu_order":0,"comment_status":"closed","ping_status":"closed","template":"","meta":{"_acf_changed":false,"inline_featured_image":false,"footnotes":""},"topic":[],"qtx_campaign":[],"class_list":["post-59161","page","type-page","status-publish","hentry"],"acf":[],"yoast_head":"<!-- This site is optimized with the Yoast SEO Premium plugin v27.3 (Yoast SEO v27.3) - https:\/\/yoast.com\/product\/yoast-seo-premium-wordpress\/ -->\n<title>Traceur GPS de v\u00e9hicules d&#039;entreprise | G\u00e9olocalisation de v\u00e9hicules - FR<\/title>\n<meta name=\"description\" content=\"Le traceur GPS professionnel Quartix fournit toutes les donn\u00e9es t\u00e9l\u00e9matiques n\u00e9cessaires pour une gestion de flotte simple et \u00e9conomique.\" \/>\n<meta name=\"robots\" content=\"index, follow, max-snippet:-1, max-image-preview:large, max-video-preview:-1\" \/>\n<link rel=\"canonical\" href=\"https:\/\/www.quartix.com\/fr-fr\/traceur-gps-vehicule-entreprise\/\" \/>\n<meta property=\"og:locale\" content=\"fr_FR\" \/>\n<meta property=\"og:type\" content=\"article\" \/>\n<meta property=\"og:title\" content=\"Traceur GPS v\u00e9hicule entreprise\" \/>\n<meta property=\"og:description\" content=\"Le traceur GPS professionnel Quartix fournit toutes les donn\u00e9es t\u00e9l\u00e9matiques n\u00e9cessaires pour une gestion de flotte simple et \u00e9conomique.\" \/>\n<meta property=\"og:url\" content=\"https:\/\/www.quartix.com\/fr-fr\/traceur-gps-vehicule-entreprise\/\" \/>\n<meta property=\"og:site_name\" content=\"Quartix\" \/>\n<meta property=\"article:publisher\" content=\"https:\/\/www.facebook.com\/Quartix-USA-374426386097401\/\" \/>\n<meta property=\"article:modified_time\" content=\"2022-03-04T14:43:42+00:00\" \/>\n<meta name=\"twitter:card\" content=\"summary_large_image\" \/>\n<meta name=\"twitter:site\" content=\"@QuartixUSA\" \/>\n<meta name=\"twitter:label1\" content=\"Est. reading time\" \/>\n\t<meta name=\"twitter:data1\" content=\"2 minutes\" \/>\n<!-- \/ Yoast SEO Premium plugin. -->","yoast_head_json":{"title":"Traceur GPS de v\u00e9hicules d'entreprise | G\u00e9olocalisation de v\u00e9hicules - FR","description":"Le traceur GPS professionnel Quartix fournit toutes les donn\u00e9es t\u00e9l\u00e9matiques n\u00e9cessaires pour une gestion de flotte simple et \u00e9conomique.","robots":{"index":"index","follow":"follow","max-snippet":"max-snippet:-1","max-image-preview":"max-image-preview:large","max-video-preview":"max-video-preview:-1"},"canonical":"https:\/\/www.quartix.com\/fr-fr\/traceur-gps-vehicule-entreprise\/","og_locale":"fr_FR","og_type":"article","og_title":"Traceur GPS v\u00e9hicule entreprise","og_description":"Le traceur GPS professionnel Quartix fournit toutes les donn\u00e9es t\u00e9l\u00e9matiques n\u00e9cessaires pour une gestion de flotte simple et \u00e9conomique.","og_url":"https:\/\/www.quartix.com\/fr-fr\/traceur-gps-vehicule-entreprise\/","og_site_name":"Quartix","article_publisher":"https:\/\/www.facebook.com\/Quartix-USA-374426386097401\/","article_modified_time":"2022-03-04T14:43:42+00:00","twitter_card":"summary_large_image","twitter_site":"@QuartixUSA","twitter_misc":{"Est. reading time":"2 minutes"},"schema":{"@context":"https:\/\/schema.org","@graph":[{"@type":"WebPage","@id":"https:\/\/www.quartix.com\/fr-fr\/traceur-gps-vehicule-entreprise\/","url":"https:\/\/www.quartix.com\/fr-fr\/traceur-gps-vehicule-entreprise\/","name":"Traceur GPS de v\u00e9hicules d'entreprise | G\u00e9olocalisation de v\u00e9hicules","isPartOf":{"@id":"https:\/\/www.quartix.com\/fr-fr\/#website"},"datePublished":"2021-06-04T14:44:07+00:00","dateModified":"2022-03-04T14:43:42+00:00","description":"Le traceur GPS professionnel Quartix fournit toutes les donn\u00e9es t\u00e9l\u00e9matiques n\u00e9cessaires pour une gestion de flotte simple et \u00e9conomique.","breadcrumb":{"@id":"https:\/\/www.quartix.com\/fr-fr\/traceur-gps-vehicule-entreprise\/#breadcrumb"},"inLanguage":"fr-FR","potentialAction":[{"@type":"ReadAction","target":["https:\/\/www.quartix.com\/fr-fr\/traceur-gps-vehicule-entreprise\/"]}]},{"@type":"BreadcrumbList","@id":"https:\/\/www.quartix.com\/fr-fr\/traceur-gps-vehicule-entreprise\/#breadcrumb","itemListElement":[{"@type":"ListItem","position":1,"name":"Accueil","item":"https:\/\/www.quartix.com\/fr-fr\/quartix-suivi-de-vehicules-en-temps-reel\/"},{"@type":"ListItem","position":2,"name":"Traceur GPS v\u00e9hicule entreprise"}]},{"@type":"WebSite","@id":"https:\/\/www.quartix.com\/fr-fr\/#website","url":"https:\/\/www.quartix.com\/fr-fr\/","name":"Quartix","description":"Real-time vehicle tracking","publisher":{"@id":"https:\/\/www.quartix.com\/fr-fr\/#organization"},"potentialAction":[{"@type":"SearchAction","target":{"@type":"EntryPoint","urlTemplate":"https:\/\/www.quartix.com\/fr-fr\/?s={search_term_string}"},"query-input":{"@type":"PropertyValueSpecification","valueRequired":true,"valueName":"search_term_string"}}],"inLanguage":"fr-FR"},{"@type":"Organization","@id":"https:\/\/www.quartix.com\/fr-fr\/#organization","name":"Quartix","url":"https:\/\/www.quartix.com\/fr-fr\/","logo":{"@type":"ImageObject","inLanguage":"fr-FR","@id":"https:\/\/www.quartix.com\/fr-fr\/#\/schema\/logo\/image\/","url":"https:\/\/www.quartix.com\/content\/uploads\/2019\/02\/quartix-logo-eur.svg","contentUrl":"https:\/\/www.quartix.com\/content\/uploads\/2019\/02\/quartix-logo-eur.svg","width":1,"height":1,"caption":"Quartix"},"image":{"@id":"https:\/\/www.quartix.com\/fr-fr\/#\/schema\/logo\/image\/"},"sameAs":["https:\/\/www.facebook.com\/Quartix-USA-374426386097401\/","https:\/\/x.com\/QuartixUSA","https:\/\/www.linkedin.com\/company\/5346733\/","https:\/\/www.youtube.com\/channel\/UCzS-_GMfHF4kWiCheyIRrAQ"]}]}},"_links":{"self":[{"href":"https:\/\/www.quartix.com\/fr-fr\/wp-json\/wp\/v2\/pages\/59161","targetHints":{"allow":["GET"]}}],"collection":[{"href":"https:\/\/www.quartix.com\/fr-fr\/wp-json\/wp\/v2\/pages"}],"about":[{"href":"https:\/\/www.quartix.com\/fr-fr\/wp-json\/wp\/v2\/types\/page"}],"author":[{"embeddable":true,"href":"https:\/\/www.quartix.com\/fr-fr\/wp-json\/wp\/v2\/users\/208"}],"replies":[{"embeddable":true,"href":"https:\/\/www.quartix.com\/fr-fr\/wp-json\/wp\/v2\/comments?post=59161"}],"version-history":[{"count":0,"href":"https:\/\/www.quartix.com\/fr-fr\/wp-json\/wp\/v2\/pages\/59161\/revisions"}],"wp:attachment":[{"href":"https:\/\/www.quartix.com\/fr-fr\/wp-json\/wp\/v2\/media?parent=59161"}],"wp:term":[{"taxonomy":"topic","embeddable":true,"href":"https:\/\/www.quartix.com\/fr-fr\/wp-json\/wp\/v2\/topic?post=59161"},{"taxonomy":"qtx_campaign","embeddable":true,"href":"https:\/\/www.quartix.com\/fr-fr\/wp-json\/wp\/v2\/qtx_campaign?post=59161"}],"curies":[{"name":"wp","href":"https:\/\/api.w.org\/{rel}","templated":true}]}}