{"id":59191,"date":"2021-06-04T16:08:01","date_gmt":"2021-06-04T15:08:01","guid":{"rendered":" https:\/\/www.quartix.com\/?page_id=59191"},"modified":"2023-06-09T14:56:54","modified_gmt":"2023-06-09T13:56:54","slug":"suivi-vehicules","status":"publish","type":"page","link":"https:\/\/www.quartix.com\/fr-fr\/suivi-vehicules\/","title":{"rendered":"Suivi v\u00e9hicules"},"content":{"rendered":"\n<div class=\"wp-block-columns is-layout-flex wp-container-core-columns-is-layout-28f84493 wp-block-columns-is-layout-flex\">\n<div class=\"wp-block-column is-layout-flow wp-block-column-is-layout-flow\">\n<h2 class=\"wp-block-heading\" id=\"avec-quartix-beneficiez\">Avec Quartix, b\u00e9n\u00e9ficiez&#8230;<\/h2>\n\n\n\n<p>La solution de g\u00e9olocalisation Quartix permet le suivi de v\u00e9hicules d&#8217;entreprises en temps r\u00e9el pour les voitures de fonction et v\u00e9hicules utilitaires. Le syst\u00e8me g\u00e9n\u00e8re une large gamme de rapports d&#8217;activit\u00e9 permettant d&#8217;am\u00e9liorer votre productivit\u00e9 et r\u00e9duire vos d\u00e9penses.<\/p>\n\n\n\n<ul class=\"wp-block-list\">\n<li><strong>Localisation v\u00e9hicules de fonction <\/strong>: suivez l&#8217;activit\u00e9 de votre flotte et obtenez le d\u00e9tail des trajets effectu\u00e9s dans la journ\u00e9e.<\/li>\n\n\n\n<li><strong>Rapports d&#8217;activit\u00e9 par email<\/strong> : avec les heures d&#8217;arriv\u00e9e, de d\u00e9part et le temps sur site, am\u00e9liorez la productivit\u00e9 de vos \u00e9quipes.<\/li>\n\n\n\n<li><strong>Suivi de flotte depuis votre mobile<\/strong>\u00a0: l&#8217;application mobile vous permet de localiser vos v\u00e9hicules sur votre t\u00e9l\u00e9phone \u00e0 tout moment.<\/li>\n<\/ul>\n<\/div>\n\n\n\n<div class=\"wp-block-column is-layout-flow wp-block-column-is-layout-flow\">\n<figure class=\"wp-block-image\"><img decoding=\"async\" src=\" https:\/\/www.quartix.com\/content\/uploads\/2019\/07\/experts-at-tracking-3.svg\" alt=\"La g\u00e9olocalisation de v\u00e9hicules offre de nombreux avantages aux entreprises\"\/><\/figure>\n<\/div>\n<\/div>\n\n\n\n<h2 class=\"wp-block-heading\" id=\"testez-le-systeme-quartix-des-maintenant-avec-une-demo-gratuite\">G\u00e9olocalisation voiture entreprise : Testez le syst\u00e8me Quartix d\u00e8s maintenant avec une d\u00e9mo gratuite<\/h2>\n\n\n\n<div class=\"wp-block-columns is-layout-flex wp-container-core-columns-is-layout-28f84493 wp-block-columns-is-layout-flex\">\n<div class=\"wp-block-column is-layout-flow wp-block-column-is-layout-flow\">\n<div class=\"wpcf7 no-js\" id=\"wpcf7-f71267-o1\" lang=\"fr-FR\" dir=\"ltr\" data-wpcf7-id=\"71267\">\n<div class=\"screen-reader-response\"><p role=\"status\" aria-live=\"polite\" aria-atomic=\"true\"><\/p> <ul><\/ul><\/div>\n<form action=\"\/fr-fr\/wp-json\/wp\/v2\/pages\/59191#wpcf7-f71267-o1\" method=\"post\" class=\"wpcf7-form init\" aria-label=\"Contact form\" novalidate=\"novalidate\" data-status=\"init\">\n<fieldset class=\"hidden-fields-container\"><input type=\"hidden\" name=\"_wpcf7\" value=\"71267\" \/><input type=\"hidden\" name=\"_wpcf7_version\" value=\"6.1.5\" \/><input type=\"hidden\" name=\"_wpcf7_locale\" value=\"fr_FR\" \/><input type=\"hidden\" name=\"_wpcf7_unit_tag\" value=\"wpcf7-f71267-o1\" \/><input type=\"hidden\" name=\"_wpcf7_container_post\" value=\"0\" \/><input type=\"hidden\" name=\"_wpcf7_posted_data_hash\" value=\"\" \/><input type=\"hidden\" name=\"_wpcf7cf_hidden_group_fields\" value=\"[]\" \/><input type=\"hidden\" name=\"_wpcf7cf_hidden_groups\" value=\"[]\" \/><input type=\"hidden\" name=\"_wpcf7cf_visible_groups\" value=\"[]\" \/><input type=\"hidden\" name=\"_wpcf7cf_repeaters\" value=\"[]\" \/><input type=\"hidden\" name=\"_wpcf7cf_steps\" value=\"{}\" \/><input type=\"hidden\" name=\"_wpcf7cf_options\" value=\"{&quot;form_id&quot;:71267,&quot;conditions&quot;:[],&quot;settings&quot;:{&quot;animation&quot;:&quot;yes&quot;,&quot;animation_intime&quot;:200,&quot;animation_outtime&quot;:200,&quot;conditions_ui&quot;:&quot;normal&quot;,&quot;notice_dismissed&quot;:false,&quot;notice_dismissed_update-cf7-6.0&quot;:true,&quot;notice_dismissed_update-cf7-6.0.1&quot;:true,&quot;notice_dismissed_update-cf7-6.0.2&quot;:true,&quot;notice_dismissed_rollback-cf7-6.0.5&quot;:true}}\" \/><input type=\"hidden\" name=\"_wpcf7_recaptcha_response\" value=\"\" \/>\n<\/fieldset>\n<div class=\"input-wrapper\"><span class=\"icon icon-face\"><\/span><span class=\"wpcf7-form-control-wrap\" data-name=\"first_name\"><input size=\"40\" maxlength=\"400\" class=\"wpcf7-form-control wpcf7-text wpcf7-validates-as-required\" aria-required=\"true\" aria-invalid=\"false\" placeholder=\"Pr\u00e9nom *\" value=\"\" type=\"text\" name=\"first_name\" \/><\/span><span class=\"wpcf7-form-control-wrap\" data-name=\"last_name\"><input size=\"40\" maxlength=\"400\" class=\"wpcf7-form-control wpcf7-text wpcf7-validates-as-required\" aria-required=\"true\" aria-invalid=\"false\" placeholder=\"Nom *\" value=\"\" type=\"text\" name=\"last_name\" \/><\/span><\/div>\n<div class=\"input-wrapper\"><span class=\"icon icon-envelope\"><\/span><span class=\"wpcf7-form-control-wrap\" data-name=\"email\"><input size=\"40\" maxlength=\"400\" class=\"wpcf7-form-control wpcf7-email wpcf7-validates-as-required wpcf7-text wpcf7-validates-as-email\" aria-required=\"true\" aria-invalid=\"false\" placeholder=\"Email *\" value=\"\" type=\"email\" name=\"email\" \/><\/span><\/div>\n<div class=\"input-wrapper\"><span class=\"icon icon-company\"><\/span><span class=\"wpcf7-form-control-wrap\" data-name=\"company\"><input size=\"40\" maxlength=\"400\" class=\"wpcf7-form-control wpcf7-text wpcf7-validates-as-required\" aria-required=\"true\" aria-invalid=\"false\" placeholder=\"Soci\u00e9t\u00e9 *\" value=\"\" type=\"text\" name=\"company\" \/><\/span><\/div>\n<div class=\"input-wrapper\"><span class=\"icon icon-telephone\"><\/span><span class=\"wpcf7-form-control-wrap\" data-name=\"phone\"><input size=\"40\" maxlength=\"400\" class=\"wpcf7-form-control wpcf7-tel wpcf7-validates-as-required wpcf7-text wpcf7-validates-as-tel\" aria-required=\"true\" aria-invalid=\"false\" placeholder=\"T\u00e9l\u00e9phone *\" value=\"\" type=\"tel\" name=\"phone\" \/><\/span><\/div>\n<div class=\"input-wrapper\"><span class=\"icon icon-vehicles\"><\/span><span class=\"wpcf7-form-control-wrap\" data-name=\"number_of_vehicles\"><input class=\"wpcf7-form-control wpcf7-number wpcf7-validates-as-required wpcf7-validates-as-number\" min=\"1\" aria-required=\"true\" aria-invalid=\"false\" placeholder=\"Taille de votre flotte *\" value=\"\" type=\"number\" name=\"number_of_vehicles\" \/><\/span><\/div>\n<input type=\"hidden\" name=\"thankyouURL\" value=\"\/fr-fr\/merci-demande-demo\/\" class=\"wpcf7-form-control wpcf7-hidden\" id=\"thankyouURL\">\n<input class=\"wpcf7-form-control wpcf7-hidden\" value=\"\" type=\"hidden\" name=\"pardot_extra_field\" \/>\n<input type=\"hidden\" name=\"page_title\" value=\"No post title\" class=\"wpcf7-form-control wpcf7-hidden\">\n<div class=\"recatpcha-text\">Ce site est prot\u00e9g\u00e9 par reCAPTCHA et la <a href=\"https:\/\/policies.google.com\/privacy?hl=fr\">politique de confidentialit\u00e9<\/a> et les <a href=\"https:\/\/policies.google.com\/terms?hl=fr\">conditions d'utilisation<\/a> de Google s'appliquent.<\/div>\n<div class=\"input-wrapper\"><input class=\"wpcf7-form-control wpcf7-submit has-spinner icon-plane\" type=\"submit\" value=\"Demander une d\u00e9mo gratuite\" \/><\/div><div class=\"wpcf7-response-output\" aria-hidden=\"true\"><\/div>\n<\/form>\n<\/div>\n\n<\/div>\n\n\n\n<div class=\"wp-block-column is-layout-flow wp-block-column-is-layout-flow\">\n<figure class=\"wp-block-image aligncenter is-resized\"><img loading=\"lazy\" decoding=\"async\" src=\" https:\/\/www.quartix.com\/content\/uploads\/2019\/07\/track.svg\" alt=\"\" width=\"294\" height=\"292\"\/><\/figure>\n\n\n\r\n<section  class=\"qtx-pagebuilder-section qtx-pagebuilder-section-list \">\r\n<ul class='ticks fa-ul' style=''><li><span class='fa-li'><i class='fas fa-check-circle'><\/i><\/span>D\u00e8s 12 mois d&#8217;engagement<\/li><li><span class='fa-li'><i class='fas fa-check-circle'><\/i><\/span>Installation gratuite<\/li><li><span class='fa-li'><i class='fas fa-check-circle'><\/i><\/span>Sans frais cach\u00e9s<\/li><li><span class='fa-li'><i class='fas fa-check-circle'><\/i><\/span>Pas de tacite reconduction<\/li><\/ul><\/section><\/div>\n<\/div>\n","protected":false},"excerpt":{"rendered":"<p>Avec Quartix, b\u00e9n\u00e9ficiez&#8230; La solution de g\u00e9olocalisation Quartix permet le suivi de v\u00e9hicules d&#8217;entreprises en temps r\u00e9el pour les voitures de fonction et v\u00e9hicules utilitaires. Le syst\u00e8me g\u00e9n\u00e8re une large gamme de rapports d&#8217;activit\u00e9 permettant d&#8217;am\u00e9liorer votre productivit\u00e9 et r\u00e9duire vos d\u00e9penses. G\u00e9olocalisation voiture entreprise : Testez le syst\u00e8me Quartix d\u00e8s maintenant avec une d\u00e9mo [&hellip;]<\/p>\n","protected":false},"author":208,"featured_media":0,"parent":0,"menu_order":0,"comment_status":"closed","ping_status":"closed","template":"","meta":{"_acf_changed":false,"inline_featured_image":false,"footnotes":""},"topic":[],"qtx_campaign":[],"class_list":["post-59191","page","type-page","status-publish","hentry"],"acf":[],"yoast_head":"<!-- This site is optimized with the Yoast SEO Premium plugin v27.2 (Yoast SEO v27.2) - https:\/\/yoast.com\/product\/yoast-seo-premium-wordpress\/ -->\n<title>Suivi de v\u00e9hicules d&#039;entreprise | G\u00e9olocalisation et Services T\u00e9l\u00e9matiques - FR<\/title>\n<meta name=\"description\" content=\"La solution de g\u00e9olocalisation Quartix vous permet un suivi de v\u00e9hicules en temps r\u00e9el et l&#039;acc\u00e8s \u00e0 de nombreux rapports d&#039;activit\u00e9 permettant d&#039;\u00e9conomiser.\" \/>\n<meta name=\"robots\" content=\"index, follow, max-snippet:-1, max-image-preview:large, max-video-preview:-1\" \/>\n<link rel=\"canonical\" href=\"https:\/\/www.quartix.com\/fr-fr\/suivi-vehicules\/\" \/>\n<meta property=\"og:locale\" content=\"fr_FR\" \/>\n<meta property=\"og:type\" content=\"article\" \/>\n<meta property=\"og:title\" content=\"Suivi v\u00e9hicules\" \/>\n<meta property=\"og:description\" content=\"La solution de g\u00e9olocalisation Quartix vous permet un suivi de v\u00e9hicules en temps r\u00e9el et l&#039;acc\u00e8s \u00e0 de nombreux rapports d&#039;activit\u00e9 permettant d&#039;\u00e9conomiser.\" \/>\n<meta property=\"og:url\" content=\"https:\/\/www.quartix.com\/fr-fr\/suivi-vehicules\/\" \/>\n<meta property=\"og:site_name\" content=\"Quartix\" \/>\n<meta property=\"article:publisher\" content=\"https:\/\/www.facebook.com\/Quartix-USA-374426386097401\/\" \/>\n<meta property=\"article:modified_time\" content=\"2023-06-09T13:56:54+00:00\" \/>\n<meta name=\"twitter:card\" content=\"summary_large_image\" \/>\n<meta name=\"twitter:site\" content=\"@QuartixUSA\" \/>\n<meta name=\"twitter:label1\" content=\"Est. reading time\" \/>\n\t<meta name=\"twitter:data1\" content=\"2 minutes\" \/>\n<!-- \/ Yoast SEO Premium plugin. -->","yoast_head_json":{"title":"Suivi de v\u00e9hicules d'entreprise | G\u00e9olocalisation et Services T\u00e9l\u00e9matiques - FR","description":"La solution de g\u00e9olocalisation Quartix vous permet un suivi de v\u00e9hicules en temps r\u00e9el et l'acc\u00e8s \u00e0 de nombreux rapports d'activit\u00e9 permettant d'\u00e9conomiser.","robots":{"index":"index","follow":"follow","max-snippet":"max-snippet:-1","max-image-preview":"max-image-preview:large","max-video-preview":"max-video-preview:-1"},"canonical":"https:\/\/www.quartix.com\/fr-fr\/suivi-vehicules\/","og_locale":"fr_FR","og_type":"article","og_title":"Suivi v\u00e9hicules","og_description":"La solution de g\u00e9olocalisation Quartix vous permet un suivi de v\u00e9hicules en temps r\u00e9el et l'acc\u00e8s \u00e0 de nombreux rapports d'activit\u00e9 permettant d'\u00e9conomiser.","og_url":"https:\/\/www.quartix.com\/fr-fr\/suivi-vehicules\/","og_site_name":"Quartix","article_publisher":"https:\/\/www.facebook.com\/Quartix-USA-374426386097401\/","article_modified_time":"2023-06-09T13:56:54+00:00","twitter_card":"summary_large_image","twitter_site":"@QuartixUSA","twitter_misc":{"Est. reading time":"2 minutes"},"schema":{"@context":"https:\/\/schema.org","@graph":[{"@type":"WebPage","@id":"https:\/\/www.quartix.com\/fr-fr\/suivi-vehicules\/","url":"https:\/\/www.quartix.com\/fr-fr\/suivi-vehicules\/","name":"Suivi de v\u00e9hicules d'entreprise | G\u00e9olocalisation et Services T\u00e9l\u00e9matiques","isPartOf":{"@id":"https:\/\/www.quartix.com\/fr-fr\/#website"},"datePublished":"2021-06-04T15:08:01+00:00","dateModified":"2023-06-09T13:56:54+00:00","description":"La solution de g\u00e9olocalisation Quartix vous permet un suivi de v\u00e9hicules en temps r\u00e9el et l'acc\u00e8s \u00e0 de nombreux rapports d'activit\u00e9 permettant d'\u00e9conomiser.","breadcrumb":{"@id":"https:\/\/www.quartix.com\/fr-fr\/suivi-vehicules\/#breadcrumb"},"inLanguage":"fr-FR","potentialAction":[{"@type":"ReadAction","target":["https:\/\/www.quartix.com\/fr-fr\/suivi-vehicules\/"]}]},{"@type":"BreadcrumbList","@id":"https:\/\/www.quartix.com\/fr-fr\/suivi-vehicules\/#breadcrumb","itemListElement":[{"@type":"ListItem","position":1,"name":"Accueil","item":"https:\/\/www.quartix.com\/fr-fr\/quartix-suivi-de-vehicules-en-temps-reel\/"},{"@type":"ListItem","position":2,"name":"Suivi v\u00e9hicules"}]},{"@type":"WebSite","@id":"https:\/\/www.quartix.com\/fr-fr\/#website","url":"https:\/\/www.quartix.com\/fr-fr\/","name":"Quartix","description":"Real-time vehicle tracking","publisher":{"@id":"https:\/\/www.quartix.com\/fr-fr\/#organization"},"potentialAction":[{"@type":"SearchAction","target":{"@type":"EntryPoint","urlTemplate":"https:\/\/www.quartix.com\/fr-fr\/?s={search_term_string}"},"query-input":{"@type":"PropertyValueSpecification","valueRequired":true,"valueName":"search_term_string"}}],"inLanguage":"fr-FR"},{"@type":"Organization","@id":"https:\/\/www.quartix.com\/fr-fr\/#organization","name":"Quartix","url":"https:\/\/www.quartix.com\/fr-fr\/","logo":{"@type":"ImageObject","inLanguage":"fr-FR","@id":"https:\/\/www.quartix.com\/fr-fr\/#\/schema\/logo\/image\/","url":"https:\/\/www.quartix.com\/content\/uploads\/2019\/02\/quartix-logo-eur.svg","contentUrl":"https:\/\/www.quartix.com\/content\/uploads\/2019\/02\/quartix-logo-eur.svg","width":1,"height":1,"caption":"Quartix"},"image":{"@id":"https:\/\/www.quartix.com\/fr-fr\/#\/schema\/logo\/image\/"},"sameAs":["https:\/\/www.facebook.com\/Quartix-USA-374426386097401\/","https:\/\/x.com\/QuartixUSA","https:\/\/www.linkedin.com\/company\/5346733\/","https:\/\/www.youtube.com\/channel\/UCzS-_GMfHF4kWiCheyIRrAQ"]}]}},"_links":{"self":[{"href":"https:\/\/www.quartix.com\/fr-fr\/wp-json\/wp\/v2\/pages\/59191","targetHints":{"allow":["GET"]}}],"collection":[{"href":"https:\/\/www.quartix.com\/fr-fr\/wp-json\/wp\/v2\/pages"}],"about":[{"href":"https:\/\/www.quartix.com\/fr-fr\/wp-json\/wp\/v2\/types\/page"}],"author":[{"embeddable":true,"href":"https:\/\/www.quartix.com\/fr-fr\/wp-json\/wp\/v2\/users\/208"}],"replies":[{"embeddable":true,"href":"https:\/\/www.quartix.com\/fr-fr\/wp-json\/wp\/v2\/comments?post=59191"}],"version-history":[{"count":0,"href":"https:\/\/www.quartix.com\/fr-fr\/wp-json\/wp\/v2\/pages\/59191\/revisions"}],"wp:attachment":[{"href":"https:\/\/www.quartix.com\/fr-fr\/wp-json\/wp\/v2\/media?parent=59191"}],"wp:term":[{"taxonomy":"topic","embeddable":true,"href":"https:\/\/www.quartix.com\/fr-fr\/wp-json\/wp\/v2\/topic?post=59191"},{"taxonomy":"qtx_campaign","embeddable":true,"href":"https:\/\/www.quartix.com\/fr-fr\/wp-json\/wp\/v2\/qtx_campaign?post=59191"}],"curies":[{"name":"wp","href":"https:\/\/api.w.org\/{rel}","templated":true}]}}