{"id":59197,"date":"2019-05-01T11:59:12","date_gmt":"2019-05-01T10:59:12","guid":{"rendered":"https:\/\/www.quartix.com\/?page_id=59197"},"modified":"2024-07-03T11:47:24","modified_gmt":"2024-07-03T10:47:24","slug":"guide-geolocalisation-vehicules-electriciens","status":"publish","type":"page","link":"https:\/\/www.quartix.com\/fr-fr\/guide-geolocalisation-vehicules-electriciens\/","title":{"rendered":"Guide de G\u00e9olocalisation pour \u00c9lectriciens"},"content":{"rendered":"\r\n<div   class=\"hero-block bighero\">\r\n    <img loading=\"lazy\" decoding=\"async\" width=\"800\" height=\"533\" src=\"https:\/\/www.quartix.com\/content\/uploads\/2023\/05\/utlilities-telecoms-electrician.jpg\" class=\"\" alt=\"\" srcset=\"https:\/\/www.quartix.com\/content\/uploads\/2023\/05\/utlilities-telecoms-electrician.jpg 800w, https:\/\/www.quartix.com\/content\/uploads\/2023\/05\/utlilities-telecoms-electrician-300x200.jpg 300w, https:\/\/www.quartix.com\/content\/uploads\/2023\/05\/utlilities-telecoms-electrician-768x512.jpg 768w\" sizes=\"auto, (max-width: 800px) 100vw, 800px\" \/>                <div class=\"hero-overlay\"><\/div>\r\n            \r\n\r\n\r\n    <div class=\"hero-content \">\r\n        <div class=\"inner limited-width\">\r\n                                                <p class=\"title stylelikeh1\">Suivi des v\u00e9hicules pour les \u00e9lectriciens <\/p>\r\n                                <p class=\"text\">D\u00e9couvrez les avantages et les \u00e9conomies que le suivi de v\u00e9hicules peut apporter aux entreprises d&#8217;ing\u00e9nierie \u00e9lectrique<\/p>                                        <div class=\"buttons\">\r\n                    <a href=\"https:\/\/go.marketing.quartix.com\/Suivi_des_vehicules_pour_les_electriciens\" class=\"btn btn-green btn-inline\" target=\"_blank\" title=\"T\u00c9L\u00c9CHARGER LE GUIDE\">T\u00c9L\u00c9CHARGER LE GUIDE<\/a>\r\n                <\/div>\r\n                    <\/div>\r\n    <\/div>\r\n<\/div>\n\n\r\n<div   class=\"hero-block smallhero landing-cta\">\r\n            <div class=\"hero-overlay greybg\"><\/div>\r\n        <div class=\"hero-content greybg noimage\">\r\n        <div class=\"inner\">\r\n            <h2 class=\"title\">Utilisez la t\u00e9l\u00e9matique pour surveiller vos v\u00e9hicules afin de vous concentrer sur le d\u00e9veloppement de votre activit\u00e9.<\/h2>            <div class=\"author\"><p>Dans ce guide, vous apprendrez comment votre syst\u00e8me de suivi des v\u00e9hicules peut vous aider \u00e0 :<\/p>\n<\/div>            <div class='landingctalist centrelist'><ul class='ticks fa-ul' style=''><li><span class='fa-li'><i class='fas fa-check-circle'><\/i><\/span>Augmenter la productivit\u00e9 gr\u00e2ce \u00e0 des donn\u00e9es de localisation en temps r\u00e9el<\/li><li><span class='fa-li'><i class='fas fa-check-circle'><\/i><\/span>Assurer une comptabilit\u00e9 pr\u00e9cise gr\u00e2ce \u00e0 des feuilles de temps d\u00e9taill\u00e9es<\/li><li><span class='fa-li'><i class='fas fa-check-circle'><\/i><\/span>Cr\u00e9er une culture de la s\u00e9curit\u00e9 gr\u00e2ce aux rapports sur le comportement des conducteurs<\/li><\/ul><\/div>            \r\n                            <div class=\"buttons\">\r\n                    <a href=\"https:\/\/go.marketing.quartix.com\/Suivi_des_vehicules_pour_les_electriciens\" class=\"btn btn-green\" target=\"_blank\" title=\"T\u00c9L\u00c9CHARGER LE GUIDE\">T\u00c9L\u00c9CHARGER LE GUIDE<\/a>\r\n                <\/div>\r\n                    <\/div>\r\n    <\/div>\r\n<\/div>\n\n\r\n\r\n        <div  class=\"landingpageouter\" style=\"background-color:#ffffff ;\">\r\n        <div class=\"landingpagecolsblock twocols4060 \">\r\n            <div class=\"col1\">\r\n                <p class=\"pre-title\">Rocky Branch Contractors<\/p>                <h2 class=\"\">Tom Benoit, directeur<\/h2>                <div class='wysiwyg'><p>&#8220;Avec Quartix, nous pouvons nous assurer que nos \u00e9quipes sont \u00e0 l&#8217;heure sur les sites qui leur sont assign\u00e9s et qu&#8217;elles y restent jusqu&#8217;\u00e0 la fin de la journ\u00e9e de travail. Et lorsque nos \u00e9quipes remettent les fiches de pr\u00e9sence et les fiches de travail, nous pouvons utiliser le syst\u00e8me de suivi pour confirmer les informations.&#8221;<\/p>\n<\/div>            <\/div>\r\n            <div class=\"col2\">\r\n                <div class=\"responsivemedia\"><img loading=\"lazy\" decoding=\"async\" width=\"640\" height=\"427\" src=\"https:\/\/www.quartix.com\/content\/uploads\/2023\/05\/utlilities-telecoms-768x512.jpg\" class=\"\" alt=\"\" srcset=\"https:\/\/www.quartix.com\/content\/uploads\/2023\/05\/utlilities-telecoms-768x512.jpg 768w, https:\/\/www.quartix.com\/content\/uploads\/2023\/05\/utlilities-telecoms-300x200.jpg 300w, https:\/\/www.quartix.com\/content\/uploads\/2023\/05\/utlilities-telecoms-1000x667.jpg 1000w, https:\/\/www.quartix.com\/content\/uploads\/2023\/05\/utlilities-telecoms-1536x1024.jpg 1536w, https:\/\/www.quartix.com\/content\/uploads\/2023\/05\/utlilities-telecoms.jpg 1944w\" sizes=\"auto, (max-width: 640px) 100vw, 640px\" \/><\/div>            <\/div>\r\n                        <\/div>\r\n    <\/div>\r\n\r\n\r\n\n\n\r\n\r\n        <div  class=\"landingpageouter\" style=\"background-color:#efefef ;\">\r\n        <div class=\"landingpagecolsblock twocols4060 swap-content\">\r\n            <div class=\"col1\">\r\n                <p class=\"pre-title\">Comment cela fonctionne-t-il ?<\/p>                <h2 class=\"\">Gr\u00e2ce au suivi des v\u00e9hicules, vous pouvez&#8230;<\/h2>                <div class='wysiwyg'><ul>\n<li>Garder un \u0153il sur votre v\u00e9hicule et sur les all\u00e9es et venues de vos employ\u00e9s tout au long de la journ\u00e9e et de la nuit.<\/li>\n<li>Utiliser les rapports de voyage et les feuilles de temps pour vous assurer que vos clients ne sont factur\u00e9s que pour le temps pass\u00e9 sur le site et que vos employ\u00e9s sont r\u00e9mun\u00e9r\u00e9s pour l&#8217;ensemble de ce temps.<\/li>\n<li>Observez le comportement de vos chauffeurs sur la route et d\u00e9terminez ceux qui ont besoin de plus de coaching afin de vous assurer que vos v\u00e9hicules sont manipul\u00e9s en toute s\u00e9curit\u00e9.<\/li>\n<\/ul>\n<\/div>            <\/div>\r\n            <div class=\"col2\">\r\n                <div class=\"responsivemedia\"><img loading=\"lazy\" decoding=\"async\" width=\"640\" height=\"360\" src=\"https:\/\/www.quartix.com\/content\/uploads\/2021\/05\/FR_man_at_desk_screens-scaled-1-768x432.jpg\" class=\"\" alt=\"\" srcset=\"https:\/\/www.quartix.com\/content\/uploads\/2021\/05\/FR_man_at_desk_screens-scaled-1-768x432.jpg 768w, https:\/\/www.quartix.com\/content\/uploads\/2021\/05\/FR_man_at_desk_screens-scaled-1-300x169.jpg 300w, https:\/\/www.quartix.com\/content\/uploads\/2021\/05\/FR_man_at_desk_screens-scaled-1-1000x563.jpg 1000w, https:\/\/www.quartix.com\/content\/uploads\/2021\/05\/FR_man_at_desk_screens-scaled-1-1536x864.jpg 1536w, https:\/\/www.quartix.com\/content\/uploads\/2021\/05\/FR_man_at_desk_screens-scaled-1-2048x1152.jpg 2048w\" sizes=\"auto, (max-width: 640px) 100vw, 640px\" \/><\/div>            <\/div>\r\n                        <\/div>\r\n    <\/div>\r\n\r\n\r\n\n\n\r\n\r\n        <div  class=\"landingpageouter\" style=\"background-color:#f8f8f8 ;\">\r\n        <div class=\"landingpagecolsblock twocols4060 \">\r\n            <div class=\"col1\">\r\n                <p class=\"pre-title\">Ellenby Construction<\/p>                <h2 class=\"\">Pauline Brett, chef de bureau<\/h2>                <div class='wysiwyg'><p>&#8220;C&#8217;est g\u00e9nial pour nous parce que nous avons supprim\u00e9 les feuilles de temps. Nos employ\u00e9s n&#8217;ont pas besoin de faire de la paperasserie ; nous utilisons les rapports quotidiens par courrier \u00e9lectronique pour enregistrer leurs heures de travail sur le chantier et calculer les salaires \u00e0 partir de ces donn\u00e9es. Le syst\u00e8me nous fait vraiment \u00e9conomiser de l&#8217;argent.\u201d<\/p>\n<\/div>            <\/div>\r\n            <div class=\"col2\">\r\n                <div class=\"responsivemedia\"><img loading=\"lazy\" decoding=\"async\" width=\"640\" height=\"338\" src=\"https:\/\/www.quartix.com\/content\/uploads\/2023\/04\/Worker-on-construction-site-768x405.jpg\" class=\"\" alt=\"\" srcset=\"https:\/\/www.quartix.com\/content\/uploads\/2023\/04\/Worker-on-construction-site-768x405.jpg 768w, https:\/\/www.quartix.com\/content\/uploads\/2023\/04\/Worker-on-construction-site-300x158.jpg 300w, https:\/\/www.quartix.com\/content\/uploads\/2023\/04\/Worker-on-construction-site-1000x527.jpg 1000w, https:\/\/www.quartix.com\/content\/uploads\/2023\/04\/Worker-on-construction-site.jpg 1500w\" sizes=\"auto, (max-width: 640px) 100vw, 640px\" \/><\/div>            <\/div>\r\n                        <\/div>\r\n    <\/div>\r\n\r\n\r\n\n\n\r\n<div   class=\"hero-block smallhero\">\r\n    <img loading=\"lazy\" decoding=\"async\" width=\"1080\" height=\"400\" src=\"https:\/\/www.quartix.com\/content\/uploads\/2024\/06\/French-road-1.png\" class=\"\" alt=\"\" srcset=\"https:\/\/www.quartix.com\/content\/uploads\/2024\/06\/French-road-1.png 1080w, https:\/\/www.quartix.com\/content\/uploads\/2024\/06\/French-road-1-300x111.png 300w, https:\/\/www.quartix.com\/content\/uploads\/2024\/06\/French-road-1-1000x370.png 1000w, https:\/\/www.quartix.com\/content\/uploads\/2024\/06\/French-road-1-768x284.png 768w\" sizes=\"auto, (max-width: 1080px) 100vw, 1080px\" \/>                <div class=\"hero-overlay\"><\/div>\r\n            \r\n\r\n\r\n    <div class=\"hero-content \">\r\n        <div class=\"inner\">\r\n                            <p class=\"title stylelikeh3\">Offrez un excellent service \u00e0 vos clients tout en exploitant une flotte s\u00fbre et responsable<\/p>                                                        <div class=\"buttons\">\r\n                    <a href=\"https:\/\/go.marketing.quartix.com\/Suivi_des_vehicules_pour_les_electriciens\" class=\"btn btn-green btn-inline\" target=\"_blank\" title=\"T\u00c9L\u00c9CHARGER LE GUIDE\">T\u00c9L\u00c9CHARGER LE GUIDE<\/a>\r\n                <\/div>\r\n                    <\/div>\r\n    <\/div>\r\n<\/div>\n\n\n<div class=\"wp-block-columns is-layout-flex wp-container-core-columns-is-layout-28f84493 wp-block-columns-is-layout-flex\">\n<div class=\"wp-block-column is-layout-flow wp-block-column-is-layout-flow\">\n<h2 class=\"wp-block-heading\">Votre guide du suivi des v\u00e9hicules pour le secteur des installations \u00e9lectriques<\/h2>\n\n\n\n<p>Avec le suivi des v\u00e9hicules, assurez-vous que votre entreprise fonctionne de mani\u00e8re s\u00fbre et efficace.<\/p>\n\n\n    <div class=\"button-container \">\r\n<a href=\"https:\/\/go.marketing.quartix.com\/Suivi_des_vehicules_pour_les_electriciens\" class=\"btn pagebuilder-btn btn-green btn-\" title=\"T\u00c9L\u00c9CHARGER LE GUIDE\" target=\"_blank\">T\u00c9L\u00c9CHARGER LE GUIDE<\/a>\r\n<\/div>\r\n<\/div>\n\n\n\n<div class=\"wp-block-column is-layout-flow wp-block-column-is-layout-flow\">\n<figure class=\"wp-block-image size-full is-resized\"><img loading=\"lazy\" decoding=\"async\" width=\"545\" height=\"650\" src=\"https:\/\/www.quartix.com\/content\/uploads\/2024\/07\/fr-electrians-guide.png\" alt=\"\" class=\"wp-image-107151\" style=\"width:365px;height:auto\" srcset=\"https:\/\/www.quartix.com\/content\/uploads\/2024\/07\/fr-electrians-guide.png 545w, https:\/\/www.quartix.com\/content\/uploads\/2024\/07\/fr-electrians-guide-252x300.png 252w\" sizes=\"auto, (max-width: 545px) 100vw, 545px\" \/><\/figure>\n<\/div>\n<\/div>\n","protected":false},"excerpt":{"rendered":"<p>Votre guide du suivi des v\u00e9hicules pour le secteur des installations \u00e9lectriques Avec le suivi des v\u00e9hicules, assurez-vous que votre entreprise fonctionne de mani\u00e8re s\u00fbre et efficace.<\/p>\n","protected":false},"author":208,"featured_media":0,"parent":0,"menu_order":0,"comment_status":"closed","ping_status":"closed","template":"templates\/landing-pagebuilder.php","meta":{"_acf_changed":false,"inline_featured_image":false,"footnotes":""},"topic":[],"qtx_campaign":[],"class_list":["post-59197","page","type-page","status-publish","hentry"],"acf":[],"yoast_head":"<!-- This site is optimized with the Yoast SEO Premium plugin v27.3 (Yoast SEO v27.3) - https:\/\/yoast.com\/product\/yoast-seo-premium-wordpress\/ -->\n<title>G\u00e9olocalisation de v\u00e9hicules pour \u00c9lectriciens | Guide Gratuit - FR<\/title>\n<meta name=\"description\" content=\"T\u00e9l\u00e9chargez le guide Quartix et d\u00e9couvrez comment la g\u00e9olocalisation constitue une solution efficace pour am\u00e9liorer la productivit\u00e9 des \u00c9lectriciens.\" \/>\n<meta name=\"robots\" content=\"index, follow, max-snippet:-1, max-image-preview:large, max-video-preview:-1\" \/>\n<link rel=\"canonical\" href=\"https:\/\/www.quartix.com\/fr-fr\/guide-geolocalisation-vehicules-electriciens\/\" \/>\n<meta property=\"og:locale\" content=\"fr_FR\" \/>\n<meta property=\"og:type\" content=\"article\" \/>\n<meta property=\"og:title\" content=\"Guide de G\u00e9olocalisation pour \u00c9lectriciens\" \/>\n<meta property=\"og:description\" content=\"T\u00e9l\u00e9chargez le guide Quartix et d\u00e9couvrez comment la g\u00e9olocalisation constitue une solution efficace pour am\u00e9liorer la productivit\u00e9 des \u00c9lectriciens.\" \/>\n<meta property=\"og:url\" content=\"https:\/\/www.quartix.com\/fr-fr\/guide-geolocalisation-vehicules-electriciens\/\" \/>\n<meta property=\"og:site_name\" content=\"Quartix\" \/>\n<meta property=\"article:publisher\" content=\"https:\/\/www.facebook.com\/Quartix-USA-374426386097401\/\" \/>\n<meta property=\"article:modified_time\" content=\"2024-07-03T10:47:24+00:00\" \/>\n<meta property=\"og:image\" content=\"https:\/\/www.quartix.com\/content\/uploads\/2024\/07\/fr-electrians-guide.png\" \/>\n<meta name=\"twitter:card\" content=\"summary_large_image\" \/>\n<meta name=\"twitter:site\" content=\"@QuartixUSA\" \/>\n<meta name=\"twitter:label1\" content=\"Est. reading time\" \/>\n\t<meta name=\"twitter:data1\" content=\"3 minutes\" \/>\n<!-- \/ Yoast SEO Premium plugin. -->","yoast_head_json":{"title":"G\u00e9olocalisation de v\u00e9hicules pour \u00c9lectriciens | Guide Gratuit - FR","description":"T\u00e9l\u00e9chargez le guide Quartix et d\u00e9couvrez comment la g\u00e9olocalisation constitue une solution efficace pour am\u00e9liorer la productivit\u00e9 des \u00c9lectriciens.","robots":{"index":"index","follow":"follow","max-snippet":"max-snippet:-1","max-image-preview":"max-image-preview:large","max-video-preview":"max-video-preview:-1"},"canonical":"https:\/\/www.quartix.com\/fr-fr\/guide-geolocalisation-vehicules-electriciens\/","og_locale":"fr_FR","og_type":"article","og_title":"Guide de G\u00e9olocalisation pour \u00c9lectriciens","og_description":"T\u00e9l\u00e9chargez le guide Quartix et d\u00e9couvrez comment la g\u00e9olocalisation constitue une solution efficace pour am\u00e9liorer la productivit\u00e9 des \u00c9lectriciens.","og_url":"https:\/\/www.quartix.com\/fr-fr\/guide-geolocalisation-vehicules-electriciens\/","og_site_name":"Quartix","article_publisher":"https:\/\/www.facebook.com\/Quartix-USA-374426386097401\/","article_modified_time":"2024-07-03T10:47:24+00:00","og_image":[{"url":"https:\/\/www.quartix.com\/content\/uploads\/2024\/07\/fr-electrians-guide.png","type":"","width":"","height":""}],"twitter_card":"summary_large_image","twitter_site":"@QuartixUSA","twitter_misc":{"Est. reading time":"3 minutes"},"schema":{"@context":"https:\/\/schema.org","@graph":[{"@type":"WebPage","@id":"https:\/\/www.quartix.com\/fr-fr\/guide-geolocalisation-vehicules-electriciens\/","url":"https:\/\/www.quartix.com\/fr-fr\/guide-geolocalisation-vehicules-electriciens\/","name":"G\u00e9olocalisation de v\u00e9hicules pour \u00c9lectriciens | Guide Gratuit","isPartOf":{"@id":"https:\/\/www.quartix.com\/fr-fr\/#website"},"primaryImageOfPage":{"@id":"https:\/\/www.quartix.com\/fr-fr\/guide-geolocalisation-vehicules-electriciens\/#primaryimage"},"image":{"@id":"https:\/\/www.quartix.com\/fr-fr\/guide-geolocalisation-vehicules-electriciens\/#primaryimage"},"thumbnailUrl":"https:\/\/www.quartix.com\/content\/uploads\/2024\/07\/fr-electrians-guide.png","datePublished":"2019-05-01T10:59:12+00:00","dateModified":"2024-07-03T10:47:24+00:00","description":"T\u00e9l\u00e9chargez le guide Quartix et d\u00e9couvrez comment la g\u00e9olocalisation constitue une solution efficace pour am\u00e9liorer la productivit\u00e9 des \u00c9lectriciens.","breadcrumb":{"@id":"https:\/\/www.quartix.com\/fr-fr\/guide-geolocalisation-vehicules-electriciens\/#breadcrumb"},"inLanguage":"fr-FR","potentialAction":[{"@type":"ReadAction","target":["https:\/\/www.quartix.com\/fr-fr\/guide-geolocalisation-vehicules-electriciens\/"]}]},{"@type":"ImageObject","inLanguage":"fr-FR","@id":"https:\/\/www.quartix.com\/fr-fr\/guide-geolocalisation-vehicules-electriciens\/#primaryimage","url":"https:\/\/www.quartix.com\/content\/uploads\/2024\/07\/fr-electrians-guide.png","contentUrl":"https:\/\/www.quartix.com\/content\/uploads\/2024\/07\/fr-electrians-guide.png"},{"@type":"BreadcrumbList","@id":"https:\/\/www.quartix.com\/fr-fr\/guide-geolocalisation-vehicules-electriciens\/#breadcrumb","itemListElement":[{"@type":"ListItem","position":1,"name":"Accueil","item":"https:\/\/www.quartix.com\/fr-fr\/"},{"@type":"ListItem","position":2,"name":"Guide de G\u00e9olocalisation pour \u00c9lectriciens"}]},{"@type":"WebSite","@id":"https:\/\/www.quartix.com\/fr-fr\/#website","url":"https:\/\/www.quartix.com\/fr-fr\/","name":"Quartix","description":"Real-time vehicle tracking","publisher":{"@id":"https:\/\/www.quartix.com\/fr-fr\/#organization"},"potentialAction":[{"@type":"SearchAction","target":{"@type":"EntryPoint","urlTemplate":"https:\/\/www.quartix.com\/fr-fr\/?s={search_term_string}"},"query-input":{"@type":"PropertyValueSpecification","valueRequired":true,"valueName":"search_term_string"}}],"inLanguage":"fr-FR"},{"@type":"Organization","@id":"https:\/\/www.quartix.com\/fr-fr\/#organization","name":"Quartix","url":"https:\/\/www.quartix.com\/fr-fr\/","logo":{"@type":"ImageObject","inLanguage":"fr-FR","@id":"https:\/\/www.quartix.com\/fr-fr\/#\/schema\/logo\/image\/","url":"https:\/\/www.quartix.com\/content\/uploads\/2019\/02\/quartix-logo-eur.svg","contentUrl":"https:\/\/www.quartix.com\/content\/uploads\/2019\/02\/quartix-logo-eur.svg","width":1,"height":1,"caption":"Quartix"},"image":{"@id":"https:\/\/www.quartix.com\/fr-fr\/#\/schema\/logo\/image\/"},"sameAs":["https:\/\/www.facebook.com\/Quartix-USA-374426386097401\/","https:\/\/x.com\/QuartixUSA","https:\/\/www.linkedin.com\/company\/5346733\/","https:\/\/www.youtube.com\/channel\/UCzS-_GMfHF4kWiCheyIRrAQ"]}]}},"_links":{"self":[{"href":"https:\/\/www.quartix.com\/fr-fr\/wp-json\/wp\/v2\/pages\/59197","targetHints":{"allow":["GET"]}}],"collection":[{"href":"https:\/\/www.quartix.com\/fr-fr\/wp-json\/wp\/v2\/pages"}],"about":[{"href":"https:\/\/www.quartix.com\/fr-fr\/wp-json\/wp\/v2\/types\/page"}],"author":[{"embeddable":true,"href":"https:\/\/www.quartix.com\/fr-fr\/wp-json\/wp\/v2\/users\/208"}],"replies":[{"embeddable":true,"href":"https:\/\/www.quartix.com\/fr-fr\/wp-json\/wp\/v2\/comments?post=59197"}],"version-history":[{"count":0,"href":"https:\/\/www.quartix.com\/fr-fr\/wp-json\/wp\/v2\/pages\/59197\/revisions"}],"wp:attachment":[{"href":"https:\/\/www.quartix.com\/fr-fr\/wp-json\/wp\/v2\/media?parent=59197"}],"wp:term":[{"taxonomy":"topic","embeddable":true,"href":"https:\/\/www.quartix.com\/fr-fr\/wp-json\/wp\/v2\/topic?post=59197"},{"taxonomy":"qtx_campaign","embeddable":true,"href":"https:\/\/www.quartix.com\/fr-fr\/wp-json\/wp\/v2\/qtx_campaign?post=59197"}],"curies":[{"name":"wp","href":"https:\/\/api.w.org\/{rel}","templated":true}]}}