{"id":59242,"date":"2021-06-04T16:45:52","date_gmt":"2021-06-04T15:45:52","guid":{"rendered":" https:\/\/www.quartix.com\/?page_id=59242"},"modified":"2022-03-04T15:08:54","modified_gmt":"2022-03-04T14:08:54","slug":"geolocalisation-de-vehicules-et-vie-privee","status":"publish","type":"page","link":"https:\/\/www.quartix.com\/fr-fr\/geolocalisation-de-vehicules-et-vie-privee\/","title":{"rendered":"G\u00e9olocalisation de V\u00e9hicules et Vie Priv\u00e9e"},"content":{"rendered":"\n<div class=\"wp-block-columns is-layout-flex wp-container-core-columns-is-layout-28f84493 wp-block-columns-is-layout-flex\">\n<div class=\"wp-block-column is-layout-flow wp-block-column-is-layout-flow\">\n<h2 class=\"wp-block-heading\" id=\"geolocalisation-des-vehicules-des-salaries\">G\u00e9olocalisation des v\u00e9hicules des salari\u00e9s<\/h2>\n\n\n\n<p>La t\u00e9l\u00e9matique embarqu\u00e9e pr\u00e9sente de nombreux avantages pour la gestion d\u2019un parc automobile. Cependant, l\u2019installation de syst\u00e8mes de g\u00e9olocalisation dans les v\u00e9hicules utilis\u00e9s par les employ\u00e9s doit respecter plusieurs exigences de la CNIL visant \u00e0 prot\u00e9ger la vie priv\u00e9e des salari\u00e9s.<\/p>\n\n\n\n<ul class=\"wp-block-list\"><li>Elaboration d\u2019un registre de traitement des donn\u00e9es qui inclut les finalit\u00e9s de la g\u00e9olocalisation<\/li><li>Notification des salari\u00e9s par courrier avant l\u2019installation<\/li><li>Possibilit\u00e9 pour les conducteurs de d\u00e9sactiver le suivi de leur v\u00e9hicule en dehors du temps de travail<\/li><li>D\u00e9signation d\u2019un D\u00e9l\u00e9gu\u00e9 \u00e0 la Protection des Donn\u00e9es&nbsp;<\/li><li>Acc\u00e8s aux donn\u00e9es limit\u00e9 aux destinataires habilit\u00e9s<\/li><li>Gestion des mots de passe utilisateur<\/li><\/ul>\n<\/div>\n\n\n\n<div class=\"wp-block-column is-layout-flow wp-block-column-is-layout-flow\">\n<figure class=\"wp-block-image\"><img decoding=\"async\" src=\" https:\/\/www.quartix.com\/content\/uploads\/2019\/07\/experts-at-tracking-3.svg\" alt=\"La g\u00e9olocalisation de v\u00e9hicules offre de nombreux avantages aux entreprises\"\/><\/figure>\n<\/div>\n<\/div>\n\n\n\n<h2 class=\"wp-block-heading\" id=\"mode-vie-privee-quartix\">Mode Vie Priv\u00e9e Quartix<\/h2>\n\n\n\n<p>Avec le syst\u00e8me de g\u00e9olocalisation Quartix, l\u2019administrateur peut d\u00e9finir diff\u00e9rentes p\u00e9riodes de suivi pour tous les v\u00e9hicules de la flotte, et permettre aux conducteurs de d\u00e9sactiver ou d\u2019activer eux-m\u00eames le suivi de leur v\u00e9hicule via une application web ou un badge magn\u00e9tique.<\/p>\n\n\n\n<p>Par exemple, il est possible de d\u00e9finir des heures de suivi pour tous les jours de la semaine, et d\u2019autres pour le week-end, ou encore de d\u00e9sactiver le suivi en dehors des heures de travail ou lorsqu&#8217;un employ\u00e9 est en vacances. Quand le suivi du v\u00e9hicule est d\u00e9sactiv\u00e9, seules les donn\u00e9es relatives au kilom\u00e9trage effectu\u00e9 en mode priv\u00e9 sont visibles dans les rapports d\u2019activit\u00e9. En fonction des param\u00e8tres de confidentialit\u00e9 du v\u00e9hicule choisis par l\u2019administrateur, le conducteur aura plusieurs options lui permettant de g\u00e9rer le mode de suivi de son v\u00e9hicule.<\/p>\n\n\n\n<p>Les comptes utilisateurs peuvent \u00eatre configur\u00e9s afin de n\u2019acc\u00e9der qu\u2019\u00e0 certaines donn\u00e9es. Le personnel d\u2019assistance a par exemple besoin de localiser les v\u00e9hicules et de savoir lequel est le plus proche d\u2019une mission, mais n\u2019a pas \u00e0 acc\u00e9der aux heures de travail des salari\u00e9s.<\/p>\n\n\n\n<p><a href=\"https:\/\/go.pardot.com\/l\/375002\/2018-11-01\/633fmx\/375002\/307597\/FR_Privacy_Mode_Guide.pdf\">T\u00e9l\u00e9charger le guide d\u2019utilisation du Mode Vie Priv\u00e9e Quartix<\/a>.<\/p>\n\n\n\n<div class=\"wp-block-columns is-layout-flex wp-container-core-columns-is-layout-28f84493 wp-block-columns-is-layout-flex\">\n<div class=\"wp-block-column is-layout-flow wp-block-column-is-layout-flow\">\n<figure class=\"wp-block-image\"><img decoding=\"async\" src=\" https:\/\/www.quartix.com\/content\/uploads\/2018\/11\/FR-security-safety-stay-logged-in-768x768-1.png\" alt=\"Le syst\u00e8me Quartix assure la s\u00e9curit\u00e9 de vos employ\u00e9s et pr\u00e9serve leurs donn\u00e9es personnelles, tout en assurant votre conformit\u00e9 \u00e0 la r\u00e9glementation en vigueur\"\/><\/figure>\n<\/div>\n\n\n\n<div class=\"wp-block-column is-layout-flow wp-block-column-is-layout-flow\">\n<h2 class=\"wp-block-heading\" id=\"usage-professionnel-et-prive\">Usage professionnel et priv\u00e9<\/h2>\n\n\n\n<p>Si vos employ\u00e9s b\u00e9n\u00e9ficient de v\u00e9hicules de fonction qu\u2019ils peuvent utiliser aussi bien pour leurs d\u00e9placements professionnels que priv\u00e9s, l\u2019utilisation du v\u00e9hicule \u00e0 titre priv\u00e9 constitue un avantage en nature, d\u00e9clar\u00e9 et soumis au pr\u00e9l\u00e8vement de charges sociales. Celui-ci est calcul\u00e9 soit sur la base d\u2019un forfait, soit \u00e0 partir des d\u00e9penses r\u00e9ellement engag\u00e9es, au prorata du kilom\u00e9trage effectu\u00e9 \u00e0 titre priv\u00e9.<\/p>\n\n\n\n<p>Gr\u00e2ce au Mode Vie Priv\u00e9e de Quartix, le calcul du kilom\u00e9trage \u00e0 titre priv\u00e9 s\u2019effectue en quelques clics \u00e0 partir des rapports d\u2019activit\u00e9. Id\u00e9al pour calculer les indemnit\u00e9s kilom\u00e9triques de vos v\u00e9hicules de fonction avec pr\u00e9cision, vous permettant de r\u00e9aliser des \u00e9conomies tout en respectant la vie priv\u00e9e de vos employ\u00e9s.<\/p>\n\n\n\n<p><a href=\"\/fr-fr\/blog\/avantages-en-nature-geolocalisation\/\">En savoir plus sur le calcul des avantages en nature avec la g\u00e9olocalisation<\/a>.<\/p>\n<\/div>\n<\/div>\n\n\n\n<h2 class=\"wp-block-heading\" id=\"pour-aller-plus-loin\">Pour aller plus loin&#8230;<\/h2>\n\n\n\n<p>Suivi de v\u00e9hicules et loi fran\u00e7aise, que faut-il savoir ? Toutes les r\u00e9ponses dans notre <a href=\" https:\/\/www.quartix.com\/fr-fr\/blog\/loi-francaise-suivi-vehicules\/\">article de blog<\/a>.<\/p>\n","protected":false},"excerpt":{"rendered":"<p>G\u00e9olocalisation des v\u00e9hicules des salari\u00e9s La t\u00e9l\u00e9matique embarqu\u00e9e pr\u00e9sente de nombreux avantages pour la gestion d\u2019un parc automobile. Cependant, l\u2019installation de syst\u00e8mes de g\u00e9olocalisation dans les v\u00e9hicules utilis\u00e9s par les employ\u00e9s doit respecter plusieurs exigences de la CNIL visant \u00e0 prot\u00e9ger la vie priv\u00e9e des salari\u00e9s. Elaboration d\u2019un registre de traitement des donn\u00e9es qui inclut [&hellip;]<\/p>\n","protected":false},"author":208,"featured_media":0,"parent":0,"menu_order":0,"comment_status":"closed","ping_status":"closed","template":"","meta":{"_acf_changed":false,"inline_featured_image":false,"footnotes":""},"topic":[],"qtx_campaign":[],"class_list":["post-59242","page","type-page","status-publish","hentry"],"acf":[],"yoast_head":"<!-- This site is optimized with the Yoast SEO Premium plugin v27.2 (Yoast SEO v27.2) - https:\/\/yoast.com\/product\/yoast-seo-premium-wordpress\/ -->\n<title>G\u00e9olocalisation de v\u00e9hicules et vie priv\u00e9e - FR<\/title>\n<meta name=\"description\" content=\"Le Mode Vie Priv\u00e9e du syst\u00e8me de g\u00e9olocalisaiton de v\u00e9hicules Quartix permet de respecter les exigences de la CNIL visant \u00e0 prot\u00e9ger les salari\u00e9s.\" \/>\n<meta name=\"robots\" content=\"index, follow, max-snippet:-1, max-image-preview:large, max-video-preview:-1\" \/>\n<link rel=\"canonical\" href=\"https:\/\/www.quartix.com\/fr-fr\/geolocalisation-de-vehicules-et-vie-privee\/\" \/>\n<meta property=\"og:locale\" content=\"fr_FR\" \/>\n<meta property=\"og:type\" content=\"article\" \/>\n<meta property=\"og:title\" content=\"G\u00e9olocalisation de V\u00e9hicules et Vie Priv\u00e9e\" \/>\n<meta property=\"og:description\" content=\"Le Mode Vie Priv\u00e9e du syst\u00e8me de g\u00e9olocalisaiton de v\u00e9hicules Quartix permet de respecter les exigences de la CNIL visant \u00e0 prot\u00e9ger les salari\u00e9s.\" \/>\n<meta property=\"og:url\" content=\"https:\/\/www.quartix.com\/fr-fr\/geolocalisation-de-vehicules-et-vie-privee\/\" \/>\n<meta property=\"og:site_name\" content=\"Quartix\" \/>\n<meta property=\"article:publisher\" content=\"https:\/\/www.facebook.com\/Quartix-USA-374426386097401\/\" \/>\n<meta property=\"article:modified_time\" content=\"2022-03-04T14:08:54+00:00\" \/>\n<meta name=\"twitter:card\" content=\"summary_large_image\" \/>\n<meta name=\"twitter:site\" content=\"@QuartixUSA\" \/>\n<meta name=\"twitter:label1\" content=\"Est. reading time\" \/>\n\t<meta name=\"twitter:data1\" content=\"3 minutes\" \/>\n<!-- \/ Yoast SEO Premium plugin. -->","yoast_head_json":{"title":"G\u00e9olocalisation de v\u00e9hicules et vie priv\u00e9e - FR","description":"Le Mode Vie Priv\u00e9e du syst\u00e8me de g\u00e9olocalisaiton de v\u00e9hicules Quartix permet de respecter les exigences de la CNIL visant \u00e0 prot\u00e9ger les salari\u00e9s.","robots":{"index":"index","follow":"follow","max-snippet":"max-snippet:-1","max-image-preview":"max-image-preview:large","max-video-preview":"max-video-preview:-1"},"canonical":"https:\/\/www.quartix.com\/fr-fr\/geolocalisation-de-vehicules-et-vie-privee\/","og_locale":"fr_FR","og_type":"article","og_title":"G\u00e9olocalisation de V\u00e9hicules et Vie Priv\u00e9e","og_description":"Le Mode Vie Priv\u00e9e du syst\u00e8me de g\u00e9olocalisaiton de v\u00e9hicules Quartix permet de respecter les exigences de la CNIL visant \u00e0 prot\u00e9ger les salari\u00e9s.","og_url":"https:\/\/www.quartix.com\/fr-fr\/geolocalisation-de-vehicules-et-vie-privee\/","og_site_name":"Quartix","article_publisher":"https:\/\/www.facebook.com\/Quartix-USA-374426386097401\/","article_modified_time":"2022-03-04T14:08:54+00:00","twitter_card":"summary_large_image","twitter_site":"@QuartixUSA","twitter_misc":{"Est. reading time":"3 minutes"},"schema":{"@context":"https:\/\/schema.org","@graph":[{"@type":"WebPage","@id":"https:\/\/www.quartix.com\/fr-fr\/geolocalisation-de-vehicules-et-vie-privee\/","url":"https:\/\/www.quartix.com\/fr-fr\/geolocalisation-de-vehicules-et-vie-privee\/","name":"G\u00e9olocalisation de v\u00e9hicules et vie priv\u00e9e","isPartOf":{"@id":"https:\/\/www.quartix.com\/fr-fr\/#website"},"datePublished":"2021-06-04T15:45:52+00:00","dateModified":"2022-03-04T14:08:54+00:00","description":"Le Mode Vie Priv\u00e9e du syst\u00e8me de g\u00e9olocalisaiton de v\u00e9hicules Quartix permet de respecter les exigences de la CNIL visant \u00e0 prot\u00e9ger les salari\u00e9s.","breadcrumb":{"@id":"https:\/\/www.quartix.com\/fr-fr\/geolocalisation-de-vehicules-et-vie-privee\/#breadcrumb"},"inLanguage":"fr-FR","potentialAction":[{"@type":"ReadAction","target":["https:\/\/www.quartix.com\/fr-fr\/geolocalisation-de-vehicules-et-vie-privee\/"]}]},{"@type":"BreadcrumbList","@id":"https:\/\/www.quartix.com\/fr-fr\/geolocalisation-de-vehicules-et-vie-privee\/#breadcrumb","itemListElement":[{"@type":"ListItem","position":1,"name":"Accueil","item":"https:\/\/www.quartix.com\/fr-fr\/quartix-suivi-de-vehicules-en-temps-reel\/"},{"@type":"ListItem","position":2,"name":"G\u00e9olocalisation de V\u00e9hicules et Vie Priv\u00e9e"}]},{"@type":"WebSite","@id":"https:\/\/www.quartix.com\/fr-fr\/#website","url":"https:\/\/www.quartix.com\/fr-fr\/","name":"Quartix","description":"Real-time vehicle tracking","publisher":{"@id":"https:\/\/www.quartix.com\/fr-fr\/#organization"},"potentialAction":[{"@type":"SearchAction","target":{"@type":"EntryPoint","urlTemplate":"https:\/\/www.quartix.com\/fr-fr\/?s={search_term_string}"},"query-input":{"@type":"PropertyValueSpecification","valueRequired":true,"valueName":"search_term_string"}}],"inLanguage":"fr-FR"},{"@type":"Organization","@id":"https:\/\/www.quartix.com\/fr-fr\/#organization","name":"Quartix","url":"https:\/\/www.quartix.com\/fr-fr\/","logo":{"@type":"ImageObject","inLanguage":"fr-FR","@id":"https:\/\/www.quartix.com\/fr-fr\/#\/schema\/logo\/image\/","url":"https:\/\/www.quartix.com\/content\/uploads\/2019\/02\/quartix-logo-eur.svg","contentUrl":"https:\/\/www.quartix.com\/content\/uploads\/2019\/02\/quartix-logo-eur.svg","width":1,"height":1,"caption":"Quartix"},"image":{"@id":"https:\/\/www.quartix.com\/fr-fr\/#\/schema\/logo\/image\/"},"sameAs":["https:\/\/www.facebook.com\/Quartix-USA-374426386097401\/","https:\/\/x.com\/QuartixUSA","https:\/\/www.linkedin.com\/company\/5346733\/","https:\/\/www.youtube.com\/channel\/UCzS-_GMfHF4kWiCheyIRrAQ"]}]}},"_links":{"self":[{"href":"https:\/\/www.quartix.com\/fr-fr\/wp-json\/wp\/v2\/pages\/59242","targetHints":{"allow":["GET"]}}],"collection":[{"href":"https:\/\/www.quartix.com\/fr-fr\/wp-json\/wp\/v2\/pages"}],"about":[{"href":"https:\/\/www.quartix.com\/fr-fr\/wp-json\/wp\/v2\/types\/page"}],"author":[{"embeddable":true,"href":"https:\/\/www.quartix.com\/fr-fr\/wp-json\/wp\/v2\/users\/208"}],"replies":[{"embeddable":true,"href":"https:\/\/www.quartix.com\/fr-fr\/wp-json\/wp\/v2\/comments?post=59242"}],"version-history":[{"count":0,"href":"https:\/\/www.quartix.com\/fr-fr\/wp-json\/wp\/v2\/pages\/59242\/revisions"}],"wp:attachment":[{"href":"https:\/\/www.quartix.com\/fr-fr\/wp-json\/wp\/v2\/media?parent=59242"}],"wp:term":[{"taxonomy":"topic","embeddable":true,"href":"https:\/\/www.quartix.com\/fr-fr\/wp-json\/wp\/v2\/topic?post=59242"},{"taxonomy":"qtx_campaign","embeddable":true,"href":"https:\/\/www.quartix.com\/fr-fr\/wp-json\/wp\/v2\/qtx_campaign?post=59242"}],"curies":[{"name":"wp","href":"https:\/\/api.w.org\/{rel}","templated":true}]}}