{"id":59400,"date":"2021-06-07T17:32:43","date_gmt":"2021-06-07T16:32:43","guid":{"rendered":" https:\/\/www.quartix.com\/?page_id=59400"},"modified":"2022-03-03T17:26:31","modified_gmt":"2022-03-03T16:26:31","slug":"benefices-geolocalisation","status":"publish","type":"page","link":"https:\/\/www.quartix.com\/fr-fr\/benefices-geolocalisation\/","title":{"rendered":"B\u00e9n\u00e9fices G\u00e9olocalisation"},"content":{"rendered":"\n<h2 class=\"has-text-align-center wp-block-heading\" id=\"realisez-des-economies-avec-la-telematique-embarquee\">R\u00e9alisez des \u00e9conomies avec la t\u00e9l\u00e9matique embarqu\u00e9e*<\/h2>\n\n\n<section  class=\"qtx-pagebuilder-section qtx-pagebuilder-section-card \">\r\n\r\n\r\n<div class=\"cardcontainer\">\r\n            \r\n    <div class=\"cardimage\" >\r\n        <img loading=\"lazy\" decoding=\"async\" width=\"300\" height=\"300\" src=\"https:\/\/www.quartix.com\/content\/uploads\/2021\/06\/559012_QuartixPPT_FR_Icons-01-300x300.jpg\" class=\"\" alt=\"\" srcset=\"https:\/\/www.quartix.com\/content\/uploads\/2021\/06\/559012_QuartixPPT_FR_Icons-01-300x300.jpg 300w, https:\/\/www.quartix.com\/content\/uploads\/2021\/06\/559012_QuartixPPT_FR_Icons-01-1000x1000.jpg 1000w, https:\/\/www.quartix.com\/content\/uploads\/2021\/06\/559012_QuartixPPT_FR_Icons-01-150x150.jpg 150w, https:\/\/www.quartix.com\/content\/uploads\/2021\/06\/559012_QuartixPPT_FR_Icons-01-768x768.jpg 768w, https:\/\/www.quartix.com\/content\/uploads\/2021\/06\/559012_QuartixPPT_FR_Icons-01-1536x1536.jpg 1536w, https:\/\/www.quartix.com\/content\/uploads\/2021\/06\/559012_QuartixPPT_FR_Icons-01-2048x2048.jpg 2048w\" sizes=\"auto, (max-width: 300px) 100vw, 300px\" \/>  \r\n    <\/div>\r\n        <div class=\"seperator\"><\/div>\r\n    <div class=\"cardcontent\">\r\n        <h3>25%<\/h3>        <p>D\u2019\u00c9CONOMIES DE CARBURANT<\/p>\n        \r\n    <\/div>\r\n<\/div>\r\n\r\n\r\n        \r\n\r\n<div class=\"cardcontainer\">\r\n            \r\n    <div class=\"cardimage\" >\r\n        <img loading=\"lazy\" decoding=\"async\" width=\"300\" height=\"300\" src=\"https:\/\/www.quartix.com\/content\/uploads\/2021\/06\/559012_QuartixPPT_FR_Icons-05-300x300.jpg\" class=\"\" alt=\"\" srcset=\"https:\/\/www.quartix.com\/content\/uploads\/2021\/06\/559012_QuartixPPT_FR_Icons-05-300x300.jpg 300w, https:\/\/www.quartix.com\/content\/uploads\/2021\/06\/559012_QuartixPPT_FR_Icons-05-1000x1000.jpg 1000w, https:\/\/www.quartix.com\/content\/uploads\/2021\/06\/559012_QuartixPPT_FR_Icons-05-150x150.jpg 150w, https:\/\/www.quartix.com\/content\/uploads\/2021\/06\/559012_QuartixPPT_FR_Icons-05-768x768.jpg 768w, https:\/\/www.quartix.com\/content\/uploads\/2021\/06\/559012_QuartixPPT_FR_Icons-05-1536x1536.jpg 1536w, https:\/\/www.quartix.com\/content\/uploads\/2021\/06\/559012_QuartixPPT_FR_Icons-05-2048x2048.jpg 2048w\" sizes=\"auto, (max-width: 300px) 100vw, 300px\" \/>  \r\n    <\/div>\r\n        <div class=\"seperator\"><\/div>\r\n    <div class=\"cardcontent\">\r\n        <h3>10%<\/h3>        <p>DE KILOM\u00c8TRES PARCOURUS EN MOINS<\/p>\n        \r\n    <\/div>\r\n<\/div>\r\n\r\n\r\n        \r\n\r\n<div class=\"cardcontainer\">\r\n            \r\n    <div class=\"cardimage\" >\r\n        <img loading=\"lazy\" decoding=\"async\" width=\"300\" height=\"300\" src=\"https:\/\/www.quartix.com\/content\/uploads\/2021\/06\/559012_QuartixPPT_FR_Icons-03-300x300.jpg\" class=\"\" alt=\"\" srcset=\"https:\/\/www.quartix.com\/content\/uploads\/2021\/06\/559012_QuartixPPT_FR_Icons-03-300x300.jpg 300w, https:\/\/www.quartix.com\/content\/uploads\/2021\/06\/559012_QuartixPPT_FR_Icons-03-1000x1000.jpg 1000w, https:\/\/www.quartix.com\/content\/uploads\/2021\/06\/559012_QuartixPPT_FR_Icons-03-150x150.jpg 150w, https:\/\/www.quartix.com\/content\/uploads\/2021\/06\/559012_QuartixPPT_FR_Icons-03-768x768.jpg 768w, https:\/\/www.quartix.com\/content\/uploads\/2021\/06\/559012_QuartixPPT_FR_Icons-03-1536x1536.jpg 1536w, https:\/\/www.quartix.com\/content\/uploads\/2021\/06\/559012_QuartixPPT_FR_Icons-03-2048x2048.jpg 2048w\" sizes=\"auto, (max-width: 300px) 100vw, 300px\" \/>  \r\n    <\/div>\r\n        <div class=\"seperator\"><\/div>\r\n    <div class=\"cardcontent\">\r\n        <h3>15%<\/h3>        <p>D&#8217;HEURES SUPPL\u00c9MENTAIRES<br \/>\nEN MOINS<\/p>\n        \r\n    <\/div>\r\n<\/div>\r\n\r\n\r\n        \r\n\r\n<div class=\"cardcontainer\">\r\n            \r\n    <div class=\"cardimage\" >\r\n        <img loading=\"lazy\" decoding=\"async\" width=\"300\" height=\"300\" src=\"https:\/\/www.quartix.com\/content\/uploads\/2021\/06\/559012_QuartixPPT_FR_Icons-02-300x300.jpg\" class=\"\" alt=\"\" srcset=\"https:\/\/www.quartix.com\/content\/uploads\/2021\/06\/559012_QuartixPPT_FR_Icons-02-300x300.jpg 300w, https:\/\/www.quartix.com\/content\/uploads\/2021\/06\/559012_QuartixPPT_FR_Icons-02-1000x1000.jpg 1000w, https:\/\/www.quartix.com\/content\/uploads\/2021\/06\/559012_QuartixPPT_FR_Icons-02-150x150.jpg 150w, https:\/\/www.quartix.com\/content\/uploads\/2021\/06\/559012_QuartixPPT_FR_Icons-02-768x768.jpg 768w, https:\/\/www.quartix.com\/content\/uploads\/2021\/06\/559012_QuartixPPT_FR_Icons-02-1536x1536.jpg 1536w, https:\/\/www.quartix.com\/content\/uploads\/2021\/06\/559012_QuartixPPT_FR_Icons-02-2048x2048.jpg 2048w\" sizes=\"auto, (max-width: 300px) 100vw, 300px\" \/>  \r\n    <\/div>\r\n        <div class=\"seperator\"><\/div>\r\n    <div class=\"cardcontent\">\r\n        <h3>15%<\/h3>        <p>DE PRODUCTIVIT\u00c9 GAGN\u00c9E<\/p>\n        \r\n    <\/div>\r\n<\/div>\r\n\r\n\r\n        <\/section>\r\n    \n\n\n<p>*Source : &#8220;Benefits After Effective Deployment of Fleet Management System.&#8221; Frost &amp; Sullivan. 2015.<\/p>\n","protected":false},"excerpt":{"rendered":"<p>R\u00e9alisez des \u00e9conomies avec la t\u00e9l\u00e9matique embarqu\u00e9e* *Source : &#8220;Benefits After Effective Deployment of Fleet Management System.&#8221; Frost &amp; Sullivan. 2015.<\/p>\n","protected":false},"author":12,"featured_media":0,"parent":0,"menu_order":0,"comment_status":"closed","ping_status":"closed","template":"","meta":{"_acf_changed":false,"inline_featured_image":false,"footnotes":""},"topic":[],"qtx_campaign":[],"class_list":["post-59400","page","type-page","status-publish","hentry"],"acf":[],"yoast_head":"<!-- This site is optimized with the Yoast SEO Premium plugin v27.3 (Yoast SEO v27.3) - https:\/\/yoast.com\/product\/yoast-seo-premium-wordpress\/ -->\n<title>B\u00e9n\u00e9fices de la g\u00e9olocalisation de v\u00e9hicules pour entreprise - FR<\/title>\n<meta name=\"description\" content=\"Les b\u00e9n\u00e9fices de la g\u00e9olocalisation de v\u00e9hicules pour une entreprise sont nombreux. Economisez en carburant, am\u00e9liorez votre productivit\u00e9 et bien plus.\" \/>\n<meta name=\"robots\" content=\"index, follow, max-snippet:-1, max-image-preview:large, max-video-preview:-1\" \/>\n<link rel=\"canonical\" href=\"https:\/\/www.quartix.com\/fr-fr\/benefices-geolocalisation\/\" \/>\n<meta property=\"og:locale\" content=\"fr_FR\" \/>\n<meta property=\"og:type\" content=\"article\" \/>\n<meta property=\"og:title\" content=\"B\u00e9n\u00e9fices G\u00e9olocalisation\" \/>\n<meta property=\"og:description\" content=\"Les b\u00e9n\u00e9fices de la g\u00e9olocalisation de v\u00e9hicules pour une entreprise sont nombreux. Economisez en carburant, am\u00e9liorez votre productivit\u00e9 et bien plus.\" \/>\n<meta property=\"og:url\" content=\"https:\/\/www.quartix.com\/fr-fr\/benefices-geolocalisation\/\" \/>\n<meta property=\"og:site_name\" content=\"Quartix\" \/>\n<meta property=\"article:publisher\" content=\"https:\/\/www.facebook.com\/Quartix-USA-374426386097401\/\" \/>\n<meta property=\"article:modified_time\" content=\"2022-03-03T16:26:31+00:00\" \/>\n<meta name=\"twitter:card\" content=\"summary_large_image\" \/>\n<meta name=\"twitter:site\" content=\"@QuartixUSA\" \/>\n<meta name=\"twitter:label1\" content=\"Est. reading time\" \/>\n\t<meta name=\"twitter:data1\" content=\"1 minute\" \/>\n<!-- \/ Yoast SEO Premium plugin. -->","yoast_head_json":{"title":"B\u00e9n\u00e9fices de la g\u00e9olocalisation de v\u00e9hicules pour entreprise - FR","description":"Les b\u00e9n\u00e9fices de la g\u00e9olocalisation de v\u00e9hicules pour une entreprise sont nombreux. Economisez en carburant, am\u00e9liorez votre productivit\u00e9 et bien plus.","robots":{"index":"index","follow":"follow","max-snippet":"max-snippet:-1","max-image-preview":"max-image-preview:large","max-video-preview":"max-video-preview:-1"},"canonical":"https:\/\/www.quartix.com\/fr-fr\/benefices-geolocalisation\/","og_locale":"fr_FR","og_type":"article","og_title":"B\u00e9n\u00e9fices G\u00e9olocalisation","og_description":"Les b\u00e9n\u00e9fices de la g\u00e9olocalisation de v\u00e9hicules pour une entreprise sont nombreux. Economisez en carburant, am\u00e9liorez votre productivit\u00e9 et bien plus.","og_url":"https:\/\/www.quartix.com\/fr-fr\/benefices-geolocalisation\/","og_site_name":"Quartix","article_publisher":"https:\/\/www.facebook.com\/Quartix-USA-374426386097401\/","article_modified_time":"2022-03-03T16:26:31+00:00","twitter_card":"summary_large_image","twitter_site":"@QuartixUSA","twitter_misc":{"Est. reading time":"1 minute"},"schema":{"@context":"https:\/\/schema.org","@graph":[{"@type":"WebPage","@id":"https:\/\/www.quartix.com\/fr-fr\/benefices-geolocalisation\/","url":"https:\/\/www.quartix.com\/fr-fr\/benefices-geolocalisation\/","name":"B\u00e9n\u00e9fices de la g\u00e9olocalisation de v\u00e9hicules pour entreprise","isPartOf":{"@id":"https:\/\/www.quartix.com\/fr-fr\/#website"},"datePublished":"2021-06-07T16:32:43+00:00","dateModified":"2022-03-03T16:26:31+00:00","description":"Les b\u00e9n\u00e9fices de la g\u00e9olocalisation de v\u00e9hicules pour une entreprise sont nombreux. Economisez en carburant, am\u00e9liorez votre productivit\u00e9 et bien plus.","breadcrumb":{"@id":"https:\/\/www.quartix.com\/fr-fr\/benefices-geolocalisation\/#breadcrumb"},"inLanguage":"fr-FR","potentialAction":[{"@type":"ReadAction","target":["https:\/\/www.quartix.com\/fr-fr\/benefices-geolocalisation\/"]}]},{"@type":"BreadcrumbList","@id":"https:\/\/www.quartix.com\/fr-fr\/benefices-geolocalisation\/#breadcrumb","itemListElement":[{"@type":"ListItem","position":1,"name":"Accueil","item":"https:\/\/www.quartix.com\/fr-fr\/quartix-suivi-de-vehicules-en-temps-reel\/"},{"@type":"ListItem","position":2,"name":"B\u00e9n\u00e9fices G\u00e9olocalisation"}]},{"@type":"WebSite","@id":"https:\/\/www.quartix.com\/fr-fr\/#website","url":"https:\/\/www.quartix.com\/fr-fr\/","name":"Quartix","description":"Real-time vehicle tracking","publisher":{"@id":"https:\/\/www.quartix.com\/fr-fr\/#organization"},"potentialAction":[{"@type":"SearchAction","target":{"@type":"EntryPoint","urlTemplate":"https:\/\/www.quartix.com\/fr-fr\/?s={search_term_string}"},"query-input":{"@type":"PropertyValueSpecification","valueRequired":true,"valueName":"search_term_string"}}],"inLanguage":"fr-FR"},{"@type":"Organization","@id":"https:\/\/www.quartix.com\/fr-fr\/#organization","name":"Quartix","url":"https:\/\/www.quartix.com\/fr-fr\/","logo":{"@type":"ImageObject","inLanguage":"fr-FR","@id":"https:\/\/www.quartix.com\/fr-fr\/#\/schema\/logo\/image\/","url":"https:\/\/www.quartix.com\/content\/uploads\/2019\/02\/quartix-logo-eur.svg","contentUrl":"https:\/\/www.quartix.com\/content\/uploads\/2019\/02\/quartix-logo-eur.svg","width":1,"height":1,"caption":"Quartix"},"image":{"@id":"https:\/\/www.quartix.com\/fr-fr\/#\/schema\/logo\/image\/"},"sameAs":["https:\/\/www.facebook.com\/Quartix-USA-374426386097401\/","https:\/\/x.com\/QuartixUSA","https:\/\/www.linkedin.com\/company\/5346733\/","https:\/\/www.youtube.com\/channel\/UCzS-_GMfHF4kWiCheyIRrAQ"]}]}},"_links":{"self":[{"href":"https:\/\/www.quartix.com\/fr-fr\/wp-json\/wp\/v2\/pages\/59400","targetHints":{"allow":["GET"]}}],"collection":[{"href":"https:\/\/www.quartix.com\/fr-fr\/wp-json\/wp\/v2\/pages"}],"about":[{"href":"https:\/\/www.quartix.com\/fr-fr\/wp-json\/wp\/v2\/types\/page"}],"author":[{"embeddable":true,"href":"https:\/\/www.quartix.com\/fr-fr\/wp-json\/wp\/v2\/users\/12"}],"replies":[{"embeddable":true,"href":"https:\/\/www.quartix.com\/fr-fr\/wp-json\/wp\/v2\/comments?post=59400"}],"version-history":[{"count":0,"href":"https:\/\/www.quartix.com\/fr-fr\/wp-json\/wp\/v2\/pages\/59400\/revisions"}],"wp:attachment":[{"href":"https:\/\/www.quartix.com\/fr-fr\/wp-json\/wp\/v2\/media?parent=59400"}],"wp:term":[{"taxonomy":"topic","embeddable":true,"href":"https:\/\/www.quartix.com\/fr-fr\/wp-json\/wp\/v2\/topic?post=59400"},{"taxonomy":"qtx_campaign","embeddable":true,"href":"https:\/\/www.quartix.com\/fr-fr\/wp-json\/wp\/v2\/qtx_campaign?post=59400"}],"curies":[{"name":"wp","href":"https:\/\/api.w.org\/{rel}","templated":true}]}}