{"id":62138,"date":"2021-07-28T13:37:43","date_gmt":"2021-07-28T12:37:43","guid":{"rendered":" https:\/\/www.quartix.com\/?page_id=62138"},"modified":"2022-10-14T12:33:44","modified_gmt":"2022-10-14T11:33:44","slug":"preferences-de-mail","status":"publish","type":"page","link":"https:\/\/www.quartix.com\/fr-fr\/preferences-de-mail\/","title":{"rendered":"Pr\u00e9f\u00e9rences d\u2019e-mail"},"content":{"rendered":"\n<h2 class=\"has-text-align-center wp-block-heading\" id=\"si-vous-avez-la-moindre-question-n-hesitez-pas-a-nous-contacter\">Si vous avez la moindre question, n&#8217;h\u00e9sitez pas \u00e0 nous contacter.<\/h2>\n\n\n\r\n<div  class=\"qtx-pagebuilder-section qtx-pagebuilder-section-thankyouicons tiles\">\r\n\t\t\t<div class=\"tile\">\r\n\t\t\t<div class=\"icon\"><img decoding=\"async\" src=\"https:\/\/www.quartix.com\/content\/uploads\/2019\/06\/save-euro-253x300.png\" title=\"\u00c9CONOMISEZ\"\/><\/div>\r\n\t\t\t<div class=\"title\"><h3>\u00c9CONOMISEZ<\/h3><\/div>\r\n\t\t\t<div class=\"text\"><p>\u00c9conomisez sur le carburant et l&#8217;entretien de vos v\u00e9hicules<\/p><\/div>\r\n\t\t<\/div>\r\n\t\t\t\t<div class=\"tile\">\r\n\t\t\t<div class=\"icon\"><img decoding=\"async\" src=\"https:\/\/www.quartix.com\/content\/uploads\/2021\/05\/FR-protection-300x300.png\" title=\"PROT\u00c9GEZ\"\/><\/div>\r\n\t\t\t<div class=\"title\"><h3>PROT\u00c9GEZ<\/h3><\/div>\r\n\t\t\t<div class=\"text\"><p>Prot\u00e9gez vos employ\u00e9s et la r\u00e9putation de votre entreprise<\/p><\/div>\r\n\t\t<\/div>\r\n\t\t\t\t<div class=\"tile\">\r\n\t\t\t<div class=\"icon\"><img decoding=\"async\" src=\"https:\/\/www.quartix.com\/content\/uploads\/2020\/06\/graph-image-300x300.png\" title=\"CROISSANCE\"\/><\/div>\r\n\t\t\t<div class=\"title\"><h3>CROISSANCE<\/h3><\/div>\r\n\t\t\t<div class=\"text\"><p>Augmentez la productivit\u00e9 et la croissance de votre entreprise<\/p><\/div>\r\n\t\t<\/div>\r\n\t<\/div>","protected":false},"excerpt":{"rendered":"<p>Si vous avez la moindre question, n&#8217;h\u00e9sitez pas \u00e0 nous contacter.<\/p>\n","protected":false},"author":12,"featured_media":0,"parent":0,"menu_order":8835,"comment_status":"closed","ping_status":"closed","template":"","meta":{"_acf_changed":false,"inline_featured_image":false,"footnotes":""},"topic":[],"qtx_campaign":[],"class_list":["post-62138","page","type-page","status-publish","hentry"],"acf":[],"yoast_head":"<!-- This site is optimized with the Yoast SEO Premium plugin v27.3 (Yoast SEO v27.3) - https:\/\/yoast.com\/product\/yoast-seo-premium-wordpress\/ -->\n<title>Pr\u00e9f\u00e9rences d\u2019e-mail - FR<\/title>\n<meta name=\"robots\" content=\"noindex, nofollow\" \/>\n<meta property=\"og:locale\" content=\"fr_FR\" \/>\n<meta property=\"og:type\" content=\"article\" \/>\n<meta property=\"og:title\" content=\"Pr\u00e9f\u00e9rences d\u2019e-mail\" \/>\n<meta property=\"og:description\" content=\"Si vous avez la moindre question, n&#8217;h\u00e9sitez pas \u00e0 nous contacter.\" \/>\n<meta property=\"og:url\" content=\"https:\/\/www.quartix.com\/fr-fr\/preferences-de-mail\/\" \/>\n<meta property=\"og:site_name\" content=\"Quartix\" \/>\n<meta property=\"article:publisher\" content=\"https:\/\/www.facebook.com\/Quartix-USA-374426386097401\/\" \/>\n<meta property=\"article:modified_time\" content=\"2022-10-14T11:33:44+00:00\" \/>\n<meta name=\"twitter:card\" content=\"summary_large_image\" \/>\n<meta name=\"twitter:site\" content=\"@QuartixUSA\" \/>\n<meta name=\"twitter:label1\" content=\"Est. reading time\" \/>\n\t<meta name=\"twitter:data1\" content=\"1 minute\" \/>\n<!-- \/ Yoast SEO Premium plugin. -->","yoast_head_json":{"title":"Pr\u00e9f\u00e9rences d\u2019e-mail - FR","robots":{"index":"noindex","follow":"nofollow"},"og_locale":"fr_FR","og_type":"article","og_title":"Pr\u00e9f\u00e9rences d\u2019e-mail","og_description":"Si vous avez la moindre question, n&#8217;h\u00e9sitez pas \u00e0 nous contacter.","og_url":"https:\/\/www.quartix.com\/fr-fr\/preferences-de-mail\/","og_site_name":"Quartix","article_publisher":"https:\/\/www.facebook.com\/Quartix-USA-374426386097401\/","article_modified_time":"2022-10-14T11:33:44+00:00","twitter_card":"summary_large_image","twitter_site":"@QuartixUSA","twitter_misc":{"Est. reading time":"1 minute"},"schema":{"@context":"https:\/\/schema.org","@graph":[{"@type":"WebPage","@id":"https:\/\/www.quartix.com\/fr-fr\/preferences-de-mail\/","url":"https:\/\/www.quartix.com\/fr-fr\/preferences-de-mail\/","name":"Pr\u00e9f\u00e9rences d\u2019e-mail","isPartOf":{"@id":"https:\/\/www.quartix.com\/fr-fr\/#website"},"datePublished":"2021-07-28T12:37:43+00:00","dateModified":"2022-10-14T11:33:44+00:00","breadcrumb":{"@id":"https:\/\/www.quartix.com\/fr-fr\/preferences-de-mail\/#breadcrumb"},"inLanguage":"fr-FR","potentialAction":[{"@type":"ReadAction","target":["https:\/\/www.quartix.com\/fr-fr\/preferences-de-mail\/"]}]},{"@type":"BreadcrumbList","@id":"https:\/\/www.quartix.com\/fr-fr\/preferences-de-mail\/#breadcrumb","itemListElement":[{"@type":"ListItem","position":1,"name":"Accueil","item":"https:\/\/www.quartix.com\/fr-fr\/quartix-suivi-de-vehicules-en-temps-reel\/"},{"@type":"ListItem","position":2,"name":"Pr\u00e9f\u00e9rences d\u2019e-mail"}]},{"@type":"WebSite","@id":"https:\/\/www.quartix.com\/fr-fr\/#website","url":"https:\/\/www.quartix.com\/fr-fr\/","name":"Quartix","description":"Real-time vehicle tracking","publisher":{"@id":"https:\/\/www.quartix.com\/fr-fr\/#organization"},"potentialAction":[{"@type":"SearchAction","target":{"@type":"EntryPoint","urlTemplate":"https:\/\/www.quartix.com\/fr-fr\/?s={search_term_string}"},"query-input":{"@type":"PropertyValueSpecification","valueRequired":true,"valueName":"search_term_string"}}],"inLanguage":"fr-FR"},{"@type":"Organization","@id":"https:\/\/www.quartix.com\/fr-fr\/#organization","name":"Quartix","url":"https:\/\/www.quartix.com\/fr-fr\/","logo":{"@type":"ImageObject","inLanguage":"fr-FR","@id":"https:\/\/www.quartix.com\/fr-fr\/#\/schema\/logo\/image\/","url":"https:\/\/www.quartix.com\/content\/uploads\/2019\/02\/quartix-logo-eur.svg","contentUrl":"https:\/\/www.quartix.com\/content\/uploads\/2019\/02\/quartix-logo-eur.svg","width":1,"height":1,"caption":"Quartix"},"image":{"@id":"https:\/\/www.quartix.com\/fr-fr\/#\/schema\/logo\/image\/"},"sameAs":["https:\/\/www.facebook.com\/Quartix-USA-374426386097401\/","https:\/\/x.com\/QuartixUSA","https:\/\/www.linkedin.com\/company\/5346733\/","https:\/\/www.youtube.com\/channel\/UCzS-_GMfHF4kWiCheyIRrAQ"]}]}},"_links":{"self":[{"href":"https:\/\/www.quartix.com\/fr-fr\/wp-json\/wp\/v2\/pages\/62138","targetHints":{"allow":["GET"]}}],"collection":[{"href":"https:\/\/www.quartix.com\/fr-fr\/wp-json\/wp\/v2\/pages"}],"about":[{"href":"https:\/\/www.quartix.com\/fr-fr\/wp-json\/wp\/v2\/types\/page"}],"author":[{"embeddable":true,"href":"https:\/\/www.quartix.com\/fr-fr\/wp-json\/wp\/v2\/users\/12"}],"replies":[{"embeddable":true,"href":"https:\/\/www.quartix.com\/fr-fr\/wp-json\/wp\/v2\/comments?post=62138"}],"version-history":[{"count":0,"href":"https:\/\/www.quartix.com\/fr-fr\/wp-json\/wp\/v2\/pages\/62138\/revisions"}],"wp:attachment":[{"href":"https:\/\/www.quartix.com\/fr-fr\/wp-json\/wp\/v2\/media?parent=62138"}],"wp:term":[{"taxonomy":"topic","embeddable":true,"href":"https:\/\/www.quartix.com\/fr-fr\/wp-json\/wp\/v2\/topic?post=62138"},{"taxonomy":"qtx_campaign","embeddable":true,"href":"https:\/\/www.quartix.com\/fr-fr\/wp-json\/wp\/v2\/qtx_campaign?post=62138"}],"curies":[{"name":"wp","href":"https:\/\/api.w.org\/{rel}","templated":true}]}}