{"id":62611,"date":"2021-08-19T13:50:37","date_gmt":"2021-08-19T12:50:37","guid":{"rendered":"https:\/\/www.quartix.com\/?page_id=62611"},"modified":"2024-07-01T15:22:33","modified_gmt":"2024-07-01T14:22:33","slug":"loi-francaise-suivi-vehicules-guide","status":"publish","type":"page","link":"https:\/\/www.quartix.com\/fr-fr\/loi-francaise-suivi-vehicules-guide\/","title":{"rendered":"Guide Que dit la loi fran\u00e7aise sur le suivi de v\u00e9hicules ?"},"content":{"rendered":"\r\n<div   class=\"hero-block bighero\">\r\n    <img loading=\"lazy\" decoding=\"async\" width=\"1052\" height=\"446\" src=\"https:\/\/www.quartix.com\/content\/uploads\/2024\/07\/french-flag-law-guide.png\" class=\"\" alt=\"\" srcset=\"https:\/\/www.quartix.com\/content\/uploads\/2024\/07\/french-flag-law-guide.png 1052w, https:\/\/www.quartix.com\/content\/uploads\/2024\/07\/french-flag-law-guide-300x127.png 300w, https:\/\/www.quartix.com\/content\/uploads\/2024\/07\/french-flag-law-guide-1000x424.png 1000w, https:\/\/www.quartix.com\/content\/uploads\/2024\/07\/french-flag-law-guide-768x326.png 768w\" sizes=\"auto, (max-width: 1052px) 100vw, 1052px\" \/>                <div class=\"hero-overlay\"><\/div>\r\n            \r\n\r\n\r\n    <div class=\"hero-content \">\r\n        <div class=\"inner limited-width\">\r\n                                                <p class=\"title stylelikeh1\">Conna\u00eetre ses droits en mati\u00e8re de suivi de flotte<\/p>\r\n                                <p class=\"text\">Conna\u00eetre les lois concernant le suivi de v\u00e9hicules et les \u00e9l\u00e9ments \u00e0 prendre en compte lors de la mise en place d&#8217;un syst\u00e8me de suivi de flotte pour votre entreprise<\/p>                                        <div class=\"buttons\">\r\n                    <a href=\"https:\/\/go.marketing.quartix.com\/Lois_sur_le_suivi_des_vehicules\" class=\"btn btn-green btn-inline\" target=\"_blank\" title=\"T\u00c9L\u00c9CHARGER LE GUIDE\">T\u00c9L\u00c9CHARGER LE GUIDE<\/a>\r\n                <\/div>\r\n                    <\/div>\r\n    <\/div>\r\n<\/div>\n\n\r\n<div   class=\"hero-block smallhero landing-cta\">\r\n            <div class=\"hero-overlay greybg\"><\/div>\r\n        <div class=\"hero-content greybg noimage\">\r\n        <div class=\"inner\">\r\n            <h2 class=\"title\">Suivre votre flotte en conformit\u00e9 avec la l\u00e9gislation fran\u00e7aise.<\/h2>            <div class=\"author\"><p>Dans ce guide, vous trouverez des conseils sur la fa\u00e7on dont vous pouvez :<\/p>\n<\/div>            <div class='landingctalist centrelist'><ul class='ticks fa-ul' style=''><li><span class='fa-li'><i class='fas fa-check-circle'><\/i><\/span>Vous assurer que vos conducteurs sont suivis en toute l\u00e9galit\u00e9<\/li><li><span class='fa-li'><i class='fas fa-check-circle'><\/i><\/span>Prot\u00e9ger leurs droits \u00e0 la vie priv\u00e9e<\/li><li><span class='fa-li'><i class='fas fa-check-circle'><\/i><\/span>Respecter les directives relatives \u00e0 la protection des donn\u00e9es (RGPD et CNIL)<\/li><\/ul><\/div>            \r\n                            <div class=\"buttons\">\r\n                    <a href=\"https:\/\/go.marketing.quartix.com\/Lois_sur_le_suivi_des_vehicules\" class=\"btn btn-green\" target=\"_blank\" title=\"T\u00c9L\u00c9CHARGER LE GUIDE\">T\u00c9L\u00c9CHARGER LE GUIDE<\/a>\r\n                <\/div>\r\n                    <\/div>\r\n    <\/div>\r\n<\/div>\n\n\r\n\r\n        <div  class=\"landingpageouter\" style=\"background-color:#ffffff ;\">\r\n        <div class=\"landingpagecolsblock twocols4060 \">\r\n            <div class=\"col1\">\r\n                <p class=\"pre-title\">LES DROITS D\u2019ENTREPRISE<\/p>                                <div class='wysiwyg'><p>Comprenez vos droits en mati\u00e8re de suivi des v\u00e9hicules de votre entreprise et la justification dont vous avez besoin avant de les exercer (lic\u00e9it\u00e9 du traitement des donn\u00e9es).<\/p>\n<\/div>            <\/div>\r\n            <div class=\"col2\">\r\n                <div class=\"responsivemedia\"><img loading=\"lazy\" decoding=\"async\" width=\"500\" height=\"339\" src=\"https:\/\/www.quartix.com\/content\/uploads\/2024\/03\/man-working-on-vehicle-tracking-laws-1.png\" class=\"\" alt=\"Van tracking for businesses system reports\" \/><\/div>            <\/div>\r\n                        <\/div>\r\n    <\/div>\r\n\r\n\r\n\n\n\r\n\r\n        <div  class=\"landingpageouter\" style=\"background-color:#efefef ;\">\r\n        <div class=\"landingpagecolsblock twocols4060 swap-content\">\r\n            <div class=\"col1\">\r\n                <p class=\"pre-title\">VOTRE RESPONSABILIT\u00c9 EN TANT QU&#8217;EMPLOYEUR <\/p>                                <div class='wysiwyg'><p>Comprendre les implications du RGPD et de la CNIL pour le suivi de votre flotte. Veillez \u00e0 ce que votre entreprise respecte la vie priv\u00e9e de vos employ\u00e9s et leur droit d&#8217;opposition.<\/p>\n<\/div>            <\/div>\r\n            <div class=\"col2\">\r\n                <div class=\"responsivemedia\"><img loading=\"lazy\" decoding=\"async\" width=\"640\" height=\"508\" src=\"https:\/\/www.quartix.com\/content\/uploads\/2023\/10\/us-delivery-driver-in-van-1-768x610.png\" class=\"\" alt=\"\" srcset=\"https:\/\/www.quartix.com\/content\/uploads\/2023\/10\/us-delivery-driver-in-van-1-768x610.png 768w, https:\/\/www.quartix.com\/content\/uploads\/2023\/10\/us-delivery-driver-in-van-1-300x238.png 300w, https:\/\/www.quartix.com\/content\/uploads\/2023\/10\/us-delivery-driver-in-van-1-1000x794.png 1000w, https:\/\/www.quartix.com\/content\/uploads\/2023\/10\/us-delivery-driver-in-van-1.png 1199w\" sizes=\"auto, (max-width: 640px) 100vw, 640px\" \/><\/div>            <\/div>\r\n                        <\/div>\r\n    <\/div>\r\n\r\n\r\n\n\n\r\n<div   class=\"hero-block smallhero landing-cta\">\r\n            <div class=\"hero-overlay whitebg\"><\/div>\r\n        <div class=\"hero-content whitebg noimage\">\r\n        <div class=\"inner\">\r\n            <h2 class=\"title\">Des fonctions t\u00e9l\u00e9matiques qui vous aident \u00e0 suivre les conducteurs en toute l\u00e9galit\u00e9<\/h2>            <div class=\"author\"><p>Les syst\u00e8mes t\u00e9l\u00e9matiques sont dot\u00e9s de fonctions int\u00e9gr\u00e9es telles que :<\/p>\n<\/div>            <div class='landingctalist centrelist'><ul class='ticks fa-ul' style=''><li><span class='fa-li'><i class='fas fa-check-circle'><\/i><\/span>Mode Vie Priv\u00e9e<\/li><li><span class='fa-li'><i class='fas fa-check-circle'><\/i><\/span>Badge conducteur<\/li><li><span class='fa-li'><i class='fas fa-check-circle'><\/i><\/span>D\u00e9finition des heures de suivi<\/li><\/ul><\/div>            <div class=\"author\"><p>Ces param\u00e8tres vous offrent la flexibilit\u00e9 n\u00e9cessaire pour garantir le respect des lois et des r\u00e9glementations, tout en offrant aux conducteurs une protection ad\u00e9quate de leurs donn\u00e9es.<\/p>\n<\/div>\r\n                            <div class=\"buttons\">\r\n                    <a href=\"https:\/\/go.marketing.quartix.com\/Lois_sur_le_suivi_des_vehicules\" class=\"btn btn-green\" target=\"_blank\" title=\"T\u00c9L\u00c9CHARGER LE GUIDE\">T\u00c9L\u00c9CHARGER LE GUIDE<\/a>\r\n                <\/div>\r\n                    <\/div>\r\n    <\/div>\r\n<\/div>\n\n\n<div class=\"wp-block-columns is-layout-flex wp-container-core-columns-is-layout-28f84493 wp-block-columns-is-layout-flex\">\n<div class=\"wp-block-column is-layout-flow wp-block-column-is-layout-flow\">\n<h2 class=\"wp-block-heading\">Votre guide des lois sur le suivi des v\u00e9hicules<\/h2>\n\n\n\n<p>Tout ce que vous devez savoir sur les aspects juridiques du suivi des v\u00e9hicules de votre flotte et des conducteurs de votre entreprise.<\/p>\n\n\n    <div class=\"button-container \">\r\n<a href=\"https:\/\/go.marketing.quartix.com\/Lois_sur_le_suivi_des_vehicules\" class=\"btn pagebuilder-btn btn-green btn-\" title=\"T\u00c9L\u00c9CHARGER LE GUIDE\" target=\"_blank\">T\u00c9L\u00c9CHARGER LE GUIDE<\/a>\r\n<\/div>\r\n<\/div>\n\n\n\n<div class=\"wp-block-column is-layout-flow wp-block-column-is-layout-flow\">\n<figure class=\"wp-block-image size-full is-resized\"><img loading=\"lazy\" decoding=\"async\" width=\"545\" height=\"650\" src=\"https:\/\/www.quartix.com\/content\/uploads\/2024\/07\/fr-laws-guide.png\" alt=\"\" class=\"wp-image-106751\" style=\"width:376px;height:auto\" srcset=\"https:\/\/www.quartix.com\/content\/uploads\/2024\/07\/fr-laws-guide.png 545w, https:\/\/www.quartix.com\/content\/uploads\/2024\/07\/fr-laws-guide-252x300.png 252w\" sizes=\"auto, (max-width: 545px) 100vw, 545px\" \/><\/figure>\n<\/div>\n<\/div>\n","protected":false},"excerpt":{"rendered":"<p>Votre guide des lois sur le suivi des v\u00e9hicules Tout ce que vous devez savoir sur les aspects juridiques du suivi des v\u00e9hicules de votre flotte et des conducteurs de votre entreprise.<\/p>\n","protected":false},"author":149,"featured_media":62658,"parent":0,"menu_order":40,"comment_status":"closed","ping_status":"closed","template":"templates\/landing-pagebuilder.php","meta":{"_acf_changed":false,"inline_featured_image":false,"footnotes":""},"topic":[],"qtx_campaign":[],"class_list":["post-62611","page","type-page","status-publish","has-post-thumbnail","hentry"],"acf":[],"yoast_head":"<!-- This site is optimized with the Yoast SEO Premium plugin v27.3 (Yoast SEO v27.3) - https:\/\/yoast.com\/product\/yoast-seo-premium-wordpress\/ -->\n<title>Que dit la loi fran\u00e7aise sur le suivi de v\u00e9hicules ? | Guide - FR<\/title>\n<meta name=\"description\" content=\"Que dit la loi fran\u00e7aise sur le suivi de v\u00e9hicules ? Examinons les lois qui s\u2019appliquent au suivi des v\u00e9hicules et des conducteurs.\" \/>\n<meta name=\"robots\" content=\"index, follow, max-snippet:-1, max-image-preview:large, max-video-preview:-1\" \/>\n<link rel=\"canonical\" href=\"https:\/\/www.quartix.com\/fr-fr\/loi-francaise-suivi-vehicules-guide\/\" \/>\n<meta property=\"og:locale\" content=\"fr_FR\" \/>\n<meta property=\"og:type\" content=\"article\" \/>\n<meta property=\"og:title\" content=\"Guide Que dit la loi fran\u00e7aise sur le suivi de v\u00e9hicules ?\" \/>\n<meta property=\"og:description\" content=\"Que dit la loi fran\u00e7aise sur le suivi de v\u00e9hicules ? Examinons les lois qui s\u2019appliquent au suivi des v\u00e9hicules et des conducteurs.\" \/>\n<meta property=\"og:url\" content=\"https:\/\/www.quartix.com\/fr-fr\/loi-francaise-suivi-vehicules-guide\/\" \/>\n<meta property=\"og:site_name\" content=\"Quartix\" \/>\n<meta property=\"article:publisher\" content=\"https:\/\/www.facebook.com\/Quartix-USA-374426386097401\/\" \/>\n<meta property=\"article:modified_time\" content=\"2024-07-01T14:22:33+00:00\" \/>\n<meta property=\"og:image\" content=\"https:\/\/www.quartix.com\/content\/uploads\/2021\/08\/FR_Quartix__Guide__Geolocalisation_et_Loi_Francaise_202108_Page_1-1-scaled.jpg\" \/>\n\t<meta property=\"og:image:width\" content=\"1811\" \/>\n\t<meta property=\"og:image:height\" content=\"2560\" \/>\n\t<meta property=\"og:image:type\" content=\"image\/jpeg\" \/>\n<meta name=\"twitter:card\" content=\"summary_large_image\" \/>\n<meta name=\"twitter:site\" content=\"@QuartixUSA\" \/>\n<meta name=\"twitter:label1\" content=\"Est. reading time\" \/>\n\t<meta name=\"twitter:data1\" content=\"3 minutes\" \/>\n<!-- \/ Yoast SEO Premium plugin. -->","yoast_head_json":{"title":"Que dit la loi fran\u00e7aise sur le suivi de v\u00e9hicules ? | Guide - FR","description":"Que dit la loi fran\u00e7aise sur le suivi de v\u00e9hicules ? Examinons les lois qui s\u2019appliquent au suivi des v\u00e9hicules et des conducteurs.","robots":{"index":"index","follow":"follow","max-snippet":"max-snippet:-1","max-image-preview":"max-image-preview:large","max-video-preview":"max-video-preview:-1"},"canonical":"https:\/\/www.quartix.com\/fr-fr\/loi-francaise-suivi-vehicules-guide\/","og_locale":"fr_FR","og_type":"article","og_title":"Guide Que dit la loi fran\u00e7aise sur le suivi de v\u00e9hicules ?","og_description":"Que dit la loi fran\u00e7aise sur le suivi de v\u00e9hicules ? Examinons les lois qui s\u2019appliquent au suivi des v\u00e9hicules et des conducteurs.","og_url":"https:\/\/www.quartix.com\/fr-fr\/loi-francaise-suivi-vehicules-guide\/","og_site_name":"Quartix","article_publisher":"https:\/\/www.facebook.com\/Quartix-USA-374426386097401\/","article_modified_time":"2024-07-01T14:22:33+00:00","og_image":[{"width":1811,"height":2560,"url":"https:\/\/www.quartix.com\/content\/uploads\/2021\/08\/FR_Quartix__Guide__Geolocalisation_et_Loi_Francaise_202108_Page_1-1-scaled.jpg","type":"image\/jpeg"}],"twitter_card":"summary_large_image","twitter_site":"@QuartixUSA","twitter_misc":{"Est. reading time":"3 minutes"},"schema":{"@context":"https:\/\/schema.org","@graph":[{"@type":"WebPage","@id":"https:\/\/www.quartix.com\/fr-fr\/loi-francaise-suivi-vehicules-guide\/","url":"https:\/\/www.quartix.com\/fr-fr\/loi-francaise-suivi-vehicules-guide\/","name":"Que dit la loi fran\u00e7aise sur le suivi de v\u00e9hicules ? | Guide","isPartOf":{"@id":"https:\/\/www.quartix.com\/fr-fr\/#website"},"primaryImageOfPage":{"@id":"https:\/\/www.quartix.com\/fr-fr\/loi-francaise-suivi-vehicules-guide\/#primaryimage"},"image":{"@id":"https:\/\/www.quartix.com\/fr-fr\/loi-francaise-suivi-vehicules-guide\/#primaryimage"},"thumbnailUrl":"https:\/\/www.quartix.com\/content\/uploads\/2021\/08\/FR_Quartix__Guide__Geolocalisation_et_Loi_Francaise_202108_Page_1-1-scaled.jpg","datePublished":"2021-08-19T12:50:37+00:00","dateModified":"2024-07-01T14:22:33+00:00","description":"Que dit la loi fran\u00e7aise sur le suivi de v\u00e9hicules ? Examinons les lois qui s\u2019appliquent au suivi des v\u00e9hicules et des conducteurs.","breadcrumb":{"@id":"https:\/\/www.quartix.com\/fr-fr\/loi-francaise-suivi-vehicules-guide\/#breadcrumb"},"inLanguage":"fr-FR","potentialAction":[{"@type":"ReadAction","target":["https:\/\/www.quartix.com\/fr-fr\/loi-francaise-suivi-vehicules-guide\/"]}]},{"@type":"ImageObject","inLanguage":"fr-FR","@id":"https:\/\/www.quartix.com\/fr-fr\/loi-francaise-suivi-vehicules-guide\/#primaryimage","url":"https:\/\/www.quartix.com\/content\/uploads\/2021\/08\/FR_Quartix__Guide__Geolocalisation_et_Loi_Francaise_202108_Page_1-1-scaled.jpg","contentUrl":"https:\/\/www.quartix.com\/content\/uploads\/2021\/08\/FR_Quartix__Guide__Geolocalisation_et_Loi_Francaise_202108_Page_1-1-scaled.jpg","width":1811,"height":2560},{"@type":"BreadcrumbList","@id":"https:\/\/www.quartix.com\/fr-fr\/loi-francaise-suivi-vehicules-guide\/#breadcrumb","itemListElement":[{"@type":"ListItem","position":1,"name":"Accueil","item":"https:\/\/www.quartix.com\/fr-fr\/"},{"@type":"ListItem","position":2,"name":"Guide Que dit la loi fran\u00e7aise sur le suivi de v\u00e9hicules ?"}]},{"@type":"WebSite","@id":"https:\/\/www.quartix.com\/fr-fr\/#website","url":"https:\/\/www.quartix.com\/fr-fr\/","name":"Quartix","description":"Real-time vehicle tracking","publisher":{"@id":"https:\/\/www.quartix.com\/fr-fr\/#organization"},"potentialAction":[{"@type":"SearchAction","target":{"@type":"EntryPoint","urlTemplate":"https:\/\/www.quartix.com\/fr-fr\/?s={search_term_string}"},"query-input":{"@type":"PropertyValueSpecification","valueRequired":true,"valueName":"search_term_string"}}],"inLanguage":"fr-FR"},{"@type":"Organization","@id":"https:\/\/www.quartix.com\/fr-fr\/#organization","name":"Quartix","url":"https:\/\/www.quartix.com\/fr-fr\/","logo":{"@type":"ImageObject","inLanguage":"fr-FR","@id":"https:\/\/www.quartix.com\/fr-fr\/#\/schema\/logo\/image\/","url":"https:\/\/www.quartix.com\/content\/uploads\/2019\/02\/quartix-logo-eur.svg","contentUrl":"https:\/\/www.quartix.com\/content\/uploads\/2019\/02\/quartix-logo-eur.svg","width":1,"height":1,"caption":"Quartix"},"image":{"@id":"https:\/\/www.quartix.com\/fr-fr\/#\/schema\/logo\/image\/"},"sameAs":["https:\/\/www.facebook.com\/Quartix-USA-374426386097401\/","https:\/\/x.com\/QuartixUSA","https:\/\/www.linkedin.com\/company\/5346733\/","https:\/\/www.youtube.com\/channel\/UCzS-_GMfHF4kWiCheyIRrAQ"]}]}},"_links":{"self":[{"href":"https:\/\/www.quartix.com\/fr-fr\/wp-json\/wp\/v2\/pages\/62611","targetHints":{"allow":["GET"]}}],"collection":[{"href":"https:\/\/www.quartix.com\/fr-fr\/wp-json\/wp\/v2\/pages"}],"about":[{"href":"https:\/\/www.quartix.com\/fr-fr\/wp-json\/wp\/v2\/types\/page"}],"author":[{"embeddable":true,"href":"https:\/\/www.quartix.com\/fr-fr\/wp-json\/wp\/v2\/users\/149"}],"replies":[{"embeddable":true,"href":"https:\/\/www.quartix.com\/fr-fr\/wp-json\/wp\/v2\/comments?post=62611"}],"version-history":[{"count":0,"href":"https:\/\/www.quartix.com\/fr-fr\/wp-json\/wp\/v2\/pages\/62611\/revisions"}],"wp:featuredmedia":[{"embeddable":true,"href":"https:\/\/www.quartix.com\/fr-fr\/wp-json\/wp\/v2\/media\/62658"}],"wp:attachment":[{"href":"https:\/\/www.quartix.com\/fr-fr\/wp-json\/wp\/v2\/media?parent=62611"}],"wp:term":[{"taxonomy":"topic","embeddable":true,"href":"https:\/\/www.quartix.com\/fr-fr\/wp-json\/wp\/v2\/topic?post=62611"},{"taxonomy":"qtx_campaign","embeddable":true,"href":"https:\/\/www.quartix.com\/fr-fr\/wp-json\/wp\/v2\/qtx_campaign?post=62611"}],"curies":[{"name":"wp","href":"https:\/\/api.w.org\/{rel}","templated":true}]}}