{"id":64896,"date":"2021-09-24T10:29:22","date_gmt":"2021-09-24T09:29:22","guid":{"rendered":"https:\/\/www.quartix.com\/?page_id=64896"},"modified":"2024-07-01T15:06:28","modified_gmt":"2024-07-01T14:06:28","slug":"guide-gestion-a-distance-de-vos-vehicules","status":"publish","type":"page","link":"https:\/\/www.quartix.com\/fr-fr\/guide-gestion-a-distance-de-vos-vehicules\/","title":{"rendered":"Guide Gestion \u00e0 distance de vos v\u00e9hicules"},"content":{"rendered":"\r\n<div   class=\"hero-block bighero\">\r\n    <img loading=\"lazy\" decoding=\"async\" width=\"864\" height=\"315\" src=\"https:\/\/www.quartix.com\/content\/uploads\/2024\/04\/man-working-remotely.png\" class=\"\" alt=\"\" \/>                <div class=\"hero-overlay\"><\/div>\r\n            \r\n\r\n\r\n    <div class=\"hero-content \">\r\n        <div class=\"inner limited-width\">\r\n                                                <p class=\"title stylelikeh1\">Utilisez le suivi des v\u00e9hicules pour g\u00e9rer votre flotte \u00e0 distance<\/p>\r\n                                <p class=\"text\">Surveillez efficacement vos v\u00e9hicules, peu importe \u00e0 quelle fr\u00e9quence vous les voyez<\/p>                                        <div class=\"buttons\">\r\n                    <a href=\"https:\/\/go.marketing.quartix.com\/Gerer_vos_vehicules_a_distance\" class=\"btn btn-green btn-inline\" target=\"_blank\" title=\"T\u00c9L\u00c9CHARGER LE GUIDE\">T\u00c9L\u00c9CHARGER LE GUIDE<\/a>\r\n                <\/div>\r\n                    <\/div>\r\n    <\/div>\r\n<\/div>\n\n\r\n<div   class=\"hero-block smallhero landing-cta\">\r\n            <div class=\"hero-overlay greybg\"><\/div>\r\n        <div class=\"hero-content greybg noimage\">\r\n        <div class=\"inner\">\r\n            <h2 class=\"title\">Gardez un \u0153il sur les v\u00e9hicules que vos employ\u00e9s emm\u00e8nent chez eux et utilisent hors site<\/h2>            <div class=\"author\"><p>Dans ce guide, vous apprendrez comment un syst\u00e8me de suivi des v\u00e9hicules peut vous aider \u00e0 :<\/p>\n<\/div>            <div class='landingctalist centrelist'><ul class='ticks fa-ul' style=''><li><span class='fa-li'><i class='fas fa-check-circle'><\/i><\/span>Savoir o\u00f9 se trouvent vos v\u00e9hicules, 24\/7<\/li><li><span class='fa-li'><i class='fas fa-check-circle'><\/i><\/span>Prot\u00e9ger contre l&#8217;utilisation non autoris\u00e9e de vos v\u00e9hicules<\/li><li><span class='fa-li'><i class='fas fa-check-circle'><\/i><\/span>V\u00e9rifier la performance des conducteurs \u00e0 toute heure<\/li><\/ul><\/div>            \r\n                            <div class=\"buttons\">\r\n                    <a href=\"https:\/\/go.marketing.quartix.com\/Gerer_vos_vehicules_a_distance\" class=\"btn btn-green\" target=\"_blank\" title=\"T\u00c9L\u00c9CHARGER LE GUIDE\">T\u00c9L\u00c9CHARGER LE GUIDE<\/a>\r\n                <\/div>\r\n                    <\/div>\r\n    <\/div>\r\n<\/div>\n\n\r\n\r\n        <div  class=\"landingpageouter\" style=\"background-color:#ffffff ;\">\r\n        <div class=\"landingpagecolsblock twocols4060 \">\r\n            <div class=\"col1\">\r\n                <p class=\"pre-title\">CHANGEMENT DES LIEUX DE TRAVAIL<\/p>                                <div class='wysiwyg'><p>De nombreuses entreprises ont ajust\u00e9 leur mode de fonctionnement apr\u00e8s la pand\u00e9mie, par exemple en envoyant les v\u00e9hicules chez les conducteurs plut\u00f4t qu&#8217;en les regroupant au d\u00e9p\u00f4t \u00e0 la fin de la journ\u00e9e. Dans ce guide, vous d\u00e9couvrirez comment il est facile de garder une trace de vos v\u00e9hicules, m\u00eame si des inspections visuelles r\u00e9guli\u00e8res ne sont pas possibles ou si vous ne voyez pas vos conducteurs chaque jour avant qu&#8217;ils ne prennent la route.<\/p>\n<\/div>            <\/div>\r\n            <div class=\"col2\">\r\n                <div class=\"responsivemedia\"><img loading=\"lazy\" decoding=\"async\" width=\"500\" height=\"339\" src=\"https:\/\/www.quartix.com\/content\/uploads\/2024\/03\/man-working-on-vehicle-tracking-laws-1.png\" class=\"\" alt=\"Van tracking for businesses system reports\" \/><\/div>            <\/div>\r\n                        <\/div>\r\n    <\/div>\r\n\r\n\r\n\n\n\r\n\r\n        <div  class=\"landingpageouter\" style=\"background-color:#efefef ;\">\r\n        <div class=\"landingpagecolsblock twocols4060 swap-content\">\r\n            <div class=\"col1\">\r\n                <p class=\"pre-title\">GESTION PENDANT LES HEURES DE TRAVAIL<\/p>                                <div class='wysiwyg'><p>Si vous \u00eates sur la route en m\u00eame temps que vos employ\u00e9s, vous effectuerez la plupart de vos suivis de v\u00e9hicules \u00e0 distance. Dans ce guide, vous d\u00e9couvrirez combien il est facile de suivre les d\u00e9placements des v\u00e9hicules, leur utilisation et le comportement des conducteurs, peu importe la fr\u00e9quence de votre retour au bureau.<\/p>\n<\/div>            <\/div>\r\n            <div class=\"col2\">\r\n                <div class=\"responsivemedia\"><img loading=\"lazy\" decoding=\"async\" width=\"640\" height=\"537\" src=\"https:\/\/www.quartix.com\/content\/uploads\/2024\/01\/Man-allocating-vehicles.png\" class=\"\" alt=\"\" \/><\/div>            <\/div>\r\n                        <\/div>\r\n    <\/div>\r\n\r\n\r\n\n\n\r\n<div   class=\"hero-block smallhero\">\r\n    <img loading=\"lazy\" decoding=\"async\" width=\"1036\" height=\"355\" src=\"https:\/\/www.quartix.com\/content\/uploads\/2024\/04\/man-checking-vehicles.png\" class=\"\" alt=\"\" \/>                <div class=\"hero-overlay\"><\/div>\r\n            \r\n\r\n\r\n    <div class=\"hero-content \">\r\n        <div class=\"inner\">\r\n                            <p class=\"title stylelikeh3\">Restez toujours \u00e0 jour avec vos v\u00e9hicules et vos conducteurs<\/p>                                                        <div class=\"buttons\">\r\n                    <a href=\"https:\/\/go.marketing.quartix.com\/Gerer_vos_vehicules_a_distance\" class=\"btn btn-green btn-inline\" target=\"_blank\" title=\"T\u00c9L\u00c9CHARGER LE GUIDE\">T\u00c9L\u00c9CHARGER LE GUIDE<\/a>\r\n                <\/div>\r\n                    <\/div>\r\n    <\/div>\r\n<\/div>\n\n\n<div class=\"wp-block-columns is-layout-flex wp-container-core-columns-is-layout-28f84493 wp-block-columns-is-layout-flex\">\n<div class=\"wp-block-column is-layout-flow wp-block-column-is-layout-flow\">\n<h2 class=\"wp-block-heading\">Votre guide pour suivre vos v\u00e9hicules \u00e0 distance<\/h2>\n\n\n\n<p>Avec les entreprises changeant leur mode de fonctionnement dans un monde post-pand\u00e9mique, vous pouvez toujours \u00eatre s\u00fbr de surveiller efficacement les activit\u00e9s de vos v\u00e9hicules, m\u00eame \u00e0 distance.<\/p>\n\n\n    <div class=\"button-container \">\r\n<a href=\"https:\/\/go.marketing.quartix.com\/Gerer_vos_vehicules_a_distance\" class=\"btn pagebuilder-btn btn-green btn-\" title=\"T\u00c9L\u00c9CHARGER LE GUIDE\" target=\"_blank\">T\u00c9L\u00c9CHARGER LE GUIDE<\/a>\r\n<\/div>\r\n<\/div>\n\n\n\n<div class=\"wp-block-column is-layout-flow wp-block-column-is-layout-flow\">\n<figure class=\"wp-block-image size-full is-resized\"><img loading=\"lazy\" decoding=\"async\" width=\"545\" height=\"650\" src=\"https:\/\/www.quartix.com\/content\/uploads\/2024\/07\/fr-managing-vehicles-remotely.png\" alt=\"\" class=\"wp-image-106737\" style=\"width:358px;height:auto\" srcset=\"https:\/\/www.quartix.com\/content\/uploads\/2024\/07\/fr-managing-vehicles-remotely.png 545w, https:\/\/www.quartix.com\/content\/uploads\/2024\/07\/fr-managing-vehicles-remotely-252x300.png 252w\" sizes=\"auto, (max-width: 545px) 100vw, 545px\" \/><\/figure>\n<\/div>\n<\/div>\n","protected":false},"excerpt":{"rendered":"<p>Votre guide pour suivre vos v\u00e9hicules \u00e0 distance Avec les entreprises changeant leur mode de fonctionnement dans un monde post-pand\u00e9mique, vous pouvez toujours \u00eatre s\u00fbr de surveiller efficacement les activit\u00e9s de vos v\u00e9hicules, m\u00eame \u00e0 distance.<\/p>\n","protected":false},"author":149,"featured_media":64897,"parent":0,"menu_order":0,"comment_status":"closed","ping_status":"closed","template":"templates\/landing-pagebuilder.php","meta":{"_acf_changed":false,"inline_featured_image":false,"footnotes":""},"topic":[],"qtx_campaign":[],"class_list":["post-64896","page","type-page","status-publish","has-post-thumbnail","hentry"],"acf":[],"yoast_head":"<!-- This site is optimized with the Yoast SEO Premium plugin v27.2 (Yoast SEO v27.2) - https:\/\/yoast.com\/product\/yoast-seo-premium-wordpress\/ -->\n<title>Guide Gestion \u00e0 distance de vos v\u00e9hicules - FR<\/title>\n<meta name=\"description\" content=\"Lorsqu&#039;on autorise les employ\u00e9s \u00e0 emmener des v\u00e9hicules de soci\u00e9t\u00e9 chez eux, il est plus important que jamais de savoir comment ces v\u00e9hicules sont utilis\u00e9s. D\u00e9couvrez nos conseils.\" \/>\n<meta name=\"robots\" content=\"index, follow, max-snippet:-1, max-image-preview:large, max-video-preview:-1\" \/>\n<link rel=\"canonical\" href=\"https:\/\/www.quartix.com\/fr-fr\/guide-gestion-a-distance-de-vos-vehicules\/\" \/>\n<meta property=\"og:locale\" content=\"fr_FR\" \/>\n<meta property=\"og:type\" content=\"article\" \/>\n<meta property=\"og:title\" content=\"Guide Gestion \u00e0 distance de vos v\u00e9hicules\" \/>\n<meta property=\"og:description\" content=\"Lorsqu&#039;on autorise les employ\u00e9s \u00e0 emmener des v\u00e9hicules de soci\u00e9t\u00e9 chez eux, il est plus important que jamais de savoir comment ces v\u00e9hicules sont utilis\u00e9s. D\u00e9couvrez nos conseils.\" \/>\n<meta property=\"og:url\" content=\"https:\/\/www.quartix.com\/fr-fr\/guide-gestion-a-distance-de-vos-vehicules\/\" \/>\n<meta property=\"og:site_name\" content=\"Quartix\" \/>\n<meta property=\"article:publisher\" content=\"https:\/\/www.facebook.com\/Quartix-USA-374426386097401\/\" \/>\n<meta property=\"article:modified_time\" content=\"2024-07-01T14:06:28+00:00\" \/>\n<meta property=\"og:image\" content=\"https:\/\/www.quartix.com\/content\/uploads\/2021\/09\/FR_Quartix__Guide__Gestion_a_distance_de_vos_vehicules_202108_Page_1-scaled.jpg\" \/>\n\t<meta property=\"og:image:width\" content=\"1811\" \/>\n\t<meta property=\"og:image:height\" content=\"2560\" \/>\n\t<meta property=\"og:image:type\" content=\"image\/jpeg\" \/>\n<meta name=\"twitter:card\" content=\"summary_large_image\" \/>\n<meta name=\"twitter:site\" content=\"@QuartixUSA\" \/>\n<meta name=\"twitter:label1\" content=\"Est. reading time\" \/>\n\t<meta name=\"twitter:data1\" content=\"3 minutes\" \/>\n<!-- \/ Yoast SEO Premium plugin. -->","yoast_head_json":{"title":"Guide Gestion \u00e0 distance de vos v\u00e9hicules - FR","description":"Lorsqu'on autorise les employ\u00e9s \u00e0 emmener des v\u00e9hicules de soci\u00e9t\u00e9 chez eux, il est plus important que jamais de savoir comment ces v\u00e9hicules sont utilis\u00e9s. D\u00e9couvrez nos conseils.","robots":{"index":"index","follow":"follow","max-snippet":"max-snippet:-1","max-image-preview":"max-image-preview:large","max-video-preview":"max-video-preview:-1"},"canonical":"https:\/\/www.quartix.com\/fr-fr\/guide-gestion-a-distance-de-vos-vehicules\/","og_locale":"fr_FR","og_type":"article","og_title":"Guide Gestion \u00e0 distance de vos v\u00e9hicules","og_description":"Lorsqu'on autorise les employ\u00e9s \u00e0 emmener des v\u00e9hicules de soci\u00e9t\u00e9 chez eux, il est plus important que jamais de savoir comment ces v\u00e9hicules sont utilis\u00e9s. D\u00e9couvrez nos conseils.","og_url":"https:\/\/www.quartix.com\/fr-fr\/guide-gestion-a-distance-de-vos-vehicules\/","og_site_name":"Quartix","article_publisher":"https:\/\/www.facebook.com\/Quartix-USA-374426386097401\/","article_modified_time":"2024-07-01T14:06:28+00:00","og_image":[{"width":1811,"height":2560,"url":"https:\/\/www.quartix.com\/content\/uploads\/2021\/09\/FR_Quartix__Guide__Gestion_a_distance_de_vos_vehicules_202108_Page_1-scaled.jpg","type":"image\/jpeg"}],"twitter_card":"summary_large_image","twitter_site":"@QuartixUSA","twitter_misc":{"Est. reading time":"3 minutes"},"schema":{"@context":"https:\/\/schema.org","@graph":[{"@type":"WebPage","@id":"https:\/\/www.quartix.com\/fr-fr\/guide-gestion-a-distance-de-vos-vehicules\/","url":"https:\/\/www.quartix.com\/fr-fr\/guide-gestion-a-distance-de-vos-vehicules\/","name":"Guide Gestion \u00e0 distance de vos v\u00e9hicules","isPartOf":{"@id":"https:\/\/www.quartix.com\/fr-fr\/#website"},"primaryImageOfPage":{"@id":"https:\/\/www.quartix.com\/fr-fr\/guide-gestion-a-distance-de-vos-vehicules\/#primaryimage"},"image":{"@id":"https:\/\/www.quartix.com\/fr-fr\/guide-gestion-a-distance-de-vos-vehicules\/#primaryimage"},"thumbnailUrl":"https:\/\/www.quartix.com\/content\/uploads\/2021\/09\/FR_Quartix__Guide__Gestion_a_distance_de_vos_vehicules_202108_Page_1-scaled.jpg","datePublished":"2021-09-24T09:29:22+00:00","dateModified":"2024-07-01T14:06:28+00:00","description":"Lorsqu'on autorise les employ\u00e9s \u00e0 emmener des v\u00e9hicules de soci\u00e9t\u00e9 chez eux, il est plus important que jamais de savoir comment ces v\u00e9hicules sont utilis\u00e9s. D\u00e9couvrez nos conseils.","breadcrumb":{"@id":"https:\/\/www.quartix.com\/fr-fr\/guide-gestion-a-distance-de-vos-vehicules\/#breadcrumb"},"inLanguage":"fr-FR","potentialAction":[{"@type":"ReadAction","target":["https:\/\/www.quartix.com\/fr-fr\/guide-gestion-a-distance-de-vos-vehicules\/"]}]},{"@type":"ImageObject","inLanguage":"fr-FR","@id":"https:\/\/www.quartix.com\/fr-fr\/guide-gestion-a-distance-de-vos-vehicules\/#primaryimage","url":"https:\/\/www.quartix.com\/content\/uploads\/2021\/09\/FR_Quartix__Guide__Gestion_a_distance_de_vos_vehicules_202108_Page_1-scaled.jpg","contentUrl":"https:\/\/www.quartix.com\/content\/uploads\/2021\/09\/FR_Quartix__Guide__Gestion_a_distance_de_vos_vehicules_202108_Page_1-scaled.jpg","width":1811,"height":2560},{"@type":"BreadcrumbList","@id":"https:\/\/www.quartix.com\/fr-fr\/guide-gestion-a-distance-de-vos-vehicules\/#breadcrumb","itemListElement":[{"@type":"ListItem","position":1,"name":"Accueil","item":"https:\/\/www.quartix.com\/fr-fr\/quartix-suivi-de-vehicules-en-temps-reel\/"},{"@type":"ListItem","position":2,"name":"Guide Gestion \u00e0 distance de vos v\u00e9hicules"}]},{"@type":"WebSite","@id":"https:\/\/www.quartix.com\/fr-fr\/#website","url":"https:\/\/www.quartix.com\/fr-fr\/","name":"Quartix","description":"Real-time vehicle tracking","publisher":{"@id":"https:\/\/www.quartix.com\/fr-fr\/#organization"},"potentialAction":[{"@type":"SearchAction","target":{"@type":"EntryPoint","urlTemplate":"https:\/\/www.quartix.com\/fr-fr\/?s={search_term_string}"},"query-input":{"@type":"PropertyValueSpecification","valueRequired":true,"valueName":"search_term_string"}}],"inLanguage":"fr-FR"},{"@type":"Organization","@id":"https:\/\/www.quartix.com\/fr-fr\/#organization","name":"Quartix","url":"https:\/\/www.quartix.com\/fr-fr\/","logo":{"@type":"ImageObject","inLanguage":"fr-FR","@id":"https:\/\/www.quartix.com\/fr-fr\/#\/schema\/logo\/image\/","url":"https:\/\/www.quartix.com\/content\/uploads\/2019\/02\/quartix-logo-eur.svg","contentUrl":"https:\/\/www.quartix.com\/content\/uploads\/2019\/02\/quartix-logo-eur.svg","width":1,"height":1,"caption":"Quartix"},"image":{"@id":"https:\/\/www.quartix.com\/fr-fr\/#\/schema\/logo\/image\/"},"sameAs":["https:\/\/www.facebook.com\/Quartix-USA-374426386097401\/","https:\/\/x.com\/QuartixUSA","https:\/\/www.linkedin.com\/company\/5346733\/","https:\/\/www.youtube.com\/channel\/UCzS-_GMfHF4kWiCheyIRrAQ"]}]}},"_links":{"self":[{"href":"https:\/\/www.quartix.com\/fr-fr\/wp-json\/wp\/v2\/pages\/64896","targetHints":{"allow":["GET"]}}],"collection":[{"href":"https:\/\/www.quartix.com\/fr-fr\/wp-json\/wp\/v2\/pages"}],"about":[{"href":"https:\/\/www.quartix.com\/fr-fr\/wp-json\/wp\/v2\/types\/page"}],"author":[{"embeddable":true,"href":"https:\/\/www.quartix.com\/fr-fr\/wp-json\/wp\/v2\/users\/149"}],"replies":[{"embeddable":true,"href":"https:\/\/www.quartix.com\/fr-fr\/wp-json\/wp\/v2\/comments?post=64896"}],"version-history":[{"count":0,"href":"https:\/\/www.quartix.com\/fr-fr\/wp-json\/wp\/v2\/pages\/64896\/revisions"}],"wp:featuredmedia":[{"embeddable":true,"href":"https:\/\/www.quartix.com\/fr-fr\/wp-json\/wp\/v2\/media\/64897"}],"wp:attachment":[{"href":"https:\/\/www.quartix.com\/fr-fr\/wp-json\/wp\/v2\/media?parent=64896"}],"wp:term":[{"taxonomy":"topic","embeddable":true,"href":"https:\/\/www.quartix.com\/fr-fr\/wp-json\/wp\/v2\/topic?post=64896"},{"taxonomy":"qtx_campaign","embeddable":true,"href":"https:\/\/www.quartix.com\/fr-fr\/wp-json\/wp\/v2\/qtx_campaign?post=64896"}],"curies":[{"name":"wp","href":"https:\/\/api.w.org\/{rel}","templated":true}]}}