{"id":65930,"date":"2021-10-07T11:54:41","date_gmt":"2021-10-07T10:54:41","guid":{"rendered":"https:\/\/www.quartix.com\/?page_id=65930"},"modified":"2024-07-01T14:42:17","modified_gmt":"2024-07-01T13:42:17","slug":"guide-comment-reguler-la-vitesse","status":"publish","type":"page","link":"https:\/\/www.quartix.com\/fr-fr\/guide-comment-reguler-la-vitesse\/","title":{"rendered":"Comment votre syst\u00e8me de g\u00e9olocalisation peut aider votre entreprise \u00e0 r\u00e9guler la vitesse ?"},"content":{"rendered":"\r\n<div   class=\"hero-block bighero\">\r\n    <img loading=\"lazy\" decoding=\"async\" width=\"940\" height=\"239\" src=\"https:\/\/www.quartix.com\/content\/uploads\/2024\/07\/US-FR-driver-behind-wheel-1.png\" class=\"\" alt=\"\" srcset=\"https:\/\/www.quartix.com\/content\/uploads\/2024\/07\/US-FR-driver-behind-wheel-1.png 940w, https:\/\/www.quartix.com\/content\/uploads\/2024\/07\/US-FR-driver-behind-wheel-1-300x76.png 300w, https:\/\/www.quartix.com\/content\/uploads\/2024\/07\/US-FR-driver-behind-wheel-1-768x195.png 768w\" sizes=\"auto, (max-width: 940px) 100vw, 940px\" \/>                <div class=\"hero-overlay\"><\/div>\r\n            \r\n\r\n\r\n    <div class=\"hero-content \">\r\n        <div class=\"inner limited-width\">\r\n                                                <p class=\"title stylelikeh1\">Appliquez une politique de r\u00e9duction de la vitesse au sein de votre entreprise gr\u00e2ce aux donn\u00e9es de suivi de v\u00e9hicules<\/p>\r\n                                <p class=\"text\">R\u00e9duisez le risque d&#8217;accidents de la route en d\u00e9finissant vos objectifs de r\u00e9duction de la vitesse, en pr\u00e9cisant les attentes de vos conducteurs et en utilisant les donn\u00e9es t\u00e9l\u00e9matiques pour suivre les progr\u00e8s r\u00e9alis\u00e9s<\/p>                                        <div class=\"buttons\">\r\n                    <a href=\"https:\/\/go.marketing.quartix.com\/Guide_de_politique_concernant_les_exces_de_vitesse\" class=\"btn btn-green btn-inline\" target=\"_blank\" title=\"T\u00c9L\u00c9CHARGER LE GUIDE\">T\u00c9L\u00c9CHARGER LE GUIDE<\/a>\r\n                <\/div>\r\n                    <\/div>\r\n    <\/div>\r\n<\/div>\n\n\r\n<div   class=\"hero-block smallhero landing-cta\">\r\n            <div class=\"hero-overlay greybg\"><\/div>\r\n        <div class=\"hero-content greybg noimage\">\r\n        <div class=\"inner\">\r\n            <h2 class=\"title\">D\u00e9couvrez comment les exc\u00e8s de vitesse affectent directement la s\u00e9curit\u00e9 et entra\u00eenent des co\u00fbts globaux plus \u00e9lev\u00e9s<\/h2>            <div class=\"author\"><p>\u00c9liminez ces cons\u00e9quences en utilisant le suivi de v\u00e9hicules pour apprendre \u00e0 vos conducteurs \u00e0 mieux se comporter<\/p>\n<\/div>                        \r\n                            <div class=\"buttons\">\r\n                    <a href=\"https:\/\/go.marketing.quartix.com\/Guide_de_politique_concernant_les_exces_de_vitesse\" class=\"btn btn-green\" target=\"_blank\" title=\"T\u00c9L\u00c9CHARGER LE GUIDE\">T\u00c9L\u00c9CHARGER LE GUIDE<\/a>\r\n                <\/div>\r\n                    <\/div>\r\n    <\/div>\r\n<\/div>\n\n\r\n\r\n        <div  class=\"landingpageouter\" style=\"background-color:#ffffff ;\">\r\n        <div class=\"landingpagecolsblock twocols4060 \">\r\n            <div class=\"col1\">\r\n                <p class=\"pre-title\">COMPRENDRE L&#8217;IMPACT&#8230;<\/p>                <h2 class=\"\">des exc\u00e8s de vitesse sur votre entreprise<\/h2>                <div class='wysiwyg'><p>Amendes, usure des v\u00e9hicules, atteinte \u00e0 votre r\u00e9putation, blessures et accidents &#8211; dans ce guide, vous d\u00e9couvrirez \u00e0 quel point les exc\u00e8s de vitesse peuvent \u00eatre pr\u00e9judiciables \u00e0 votre entreprise et \u00e0 vos conducteurs.<\/p>\n<\/div>            <\/div>\r\n            <div class=\"col2\">\r\n                <div class=\"responsivemedia\"><img loading=\"lazy\" decoding=\"async\" width=\"280\" height=\"187\" src=\"https:\/\/www.quartix.com\/content\/uploads\/2020\/09\/crashed-van-safe-speed.jpg\" class=\"\" alt=\"Safe Speed Data Crashed Van \" \/><\/div>            <\/div>\r\n                        <\/div>\r\n    <\/div>\r\n\r\n\r\n\n\n\r\n\r\n        <div  class=\"landingpageouter\" style=\"background-color:#efefef ;\">\r\n        <div class=\"landingpagecolsblock twocols4060 swap-content\">\r\n            <div class=\"col1\">\r\n                <p class=\"pre-title\">OBTENEZ DES INFORMATIONS EXPLOITABLES&#8230;<\/p>                <h2 class=\"\">\u00e0 partir de votre syst\u00e8me de suivi de v\u00e9hicules<\/h2>                <div class='wysiwyg'><p>Analyse de la vitesse, rapports sur le comportement des conducteurs, scores de conduite &#8211; ces outils de votre syst\u00e8me t\u00e9l\u00e9matique vous permettent de d\u00e9finir les changements n\u00e9cessaires et de former vos conducteurs pour qu&#8217;ils soient plus performants.<\/p>\n<\/div>            <\/div>\r\n            <div class=\"col2\">\r\n                <div class=\"responsivemedia\"><img loading=\"lazy\" decoding=\"async\" width=\"640\" height=\"537\" src=\"https:\/\/www.quartix.com\/content\/uploads\/2024\/01\/employee-and-employer-talking-vehicle-tracking.png\" class=\"\" alt=\"\" \/><\/div>            <\/div>\r\n                        <\/div>\r\n    <\/div>\r\n\r\n\r\n\n\n\r\n\r\n        <div  class=\"landingpageouter\" style=\"background-color:#f8f8f8 ;\">\r\n        <div class=\"landingpagecolsblock twocols4060 \">\r\n            <div class=\"col1\">\r\n                <p class=\"pre-title\">D\u00c9COUVREZ LES AVANTAGES&#8230;<\/p>                <h2 class=\"\">d&#8217;une politique d&#8217;entreprise en mati\u00e8re d&#8217;exc\u00e8s de vitesse<\/h2>                <div class='wysiwyg'><p>Des attentes claires, des r\u00e9visions r\u00e9guli\u00e8res, des programmes d&#8217;incitation &#8211; l&#8217;existence de directives sur la fa\u00e7on dont votre entreprise g\u00e8re les exc\u00e8s de vitesse peut vous aider \u00e0 \u00e9viter les cons\u00e9quences n\u00e9gatives et \u00e0 prot\u00e9ger vos employ\u00e9s.<\/p>\n<\/div>            <\/div>\r\n            <div class=\"col2\">\r\n                <div class=\"responsivemedia\"><img loading=\"lazy\" decoding=\"async\" width=\"459\" height=\"420\" src=\"https:\/\/www.quartix.com\/content\/uploads\/2024\/02\/van-driver.png\" class=\"\" alt=\"\" \/><\/div>            <\/div>\r\n                        <\/div>\r\n    <\/div>\r\n\r\n\r\n\n\n\r\n<div   class=\"hero-block smallhero\">\r\n    <img loading=\"lazy\" decoding=\"async\" width=\"300\" height=\"123\" src=\"https:\/\/www.quartix.com\/content\/uploads\/2024\/07\/woman-in-vehicle-header-us-fr.png\" class=\"\" alt=\"\" \/>                <div class=\"hero-overlay\"><\/div>\r\n            \r\n\r\n\r\n    <div class=\"hero-content \">\r\n        <div class=\"inner\">\r\n                            <p class=\"title stylelikeh3\">Assurez-vous que vos conducteurs sont conscients de l&#8217;engagement de votre entreprise en mati\u00e8re de s\u00e9curit\u00e9 gr\u00e2ce \u00e0 une politique claire sur les exc\u00e8s de vitesse<\/p>                                                        <div class=\"buttons\">\r\n                    <a href=\"https:\/\/go.marketing.quartix.com\/Guide_de_politique_concernant_les_exces_de_vitesse\" class=\"btn btn-green btn-inline\" target=\"_blank\" title=\"T\u00c9L\u00c9CHARGER LE GUIDE\">T\u00c9L\u00c9CHARGER LE GUIDE<\/a>\r\n                <\/div>\r\n                    <\/div>\r\n    <\/div>\r\n<\/div>\n\n\r\n<section class=\"qtx-pagebuilder-section qtx-pagebuilder-section-bannercontent  \"\r\nstyle=\"background-color:#13AB5B; color: #FFFFFF;\">\r\n    <div class=\"bannercontentinner\">\r\n        <p style=\"text-align: center\">&#8220;Si un conducteur est impliqu\u00e9 dans un accident, c&#8217;est non seulement une grande inqui\u00e9tude pour nous, mais c&#8217;est aussi incroyablement co\u00fbteux pour l&#8217;entreprise. La s\u00e9curit\u00e9 au volant fait partie de notre programme de r\u00e9duction des co\u00fbts.\u201d<\/p>\n<p style=\"text-align: center\">&#8211; Matt O&#8217;Conner, John O&#8217;Conner Landscaping<\/p>\n    <\/div>\r\n<\/section>\n\n\n<div class=\"wp-block-columns is-layout-flex wp-container-core-columns-is-layout-28f84493 wp-block-columns-is-layout-flex\">\n<div class=\"wp-block-column is-layout-flow wp-block-column-is-layout-flow\">\n<h2 class=\"wp-block-heading\">Votre guide pour l&#8217;application d&#8217;une politique en mati\u00e8re d&#8217;exc\u00e8s de vitesse<\/h2>\n\n\n\n<p>R\u00e9duisez les cas de vitesse excessive et rendez les trajets plus s\u00fbrs en utilisant les donn\u00e9es de suivi de v\u00e9hicules pour \u00e9tayer les directives de l&#8217;entreprise en mati\u00e8re d&#8217;exc\u00e8s de vitesse et de comportement des conducteurs.<\/p>\n\n\n    <div class=\"button-container \">\r\n<a href=\"https:\/\/go.marketing.quartix.com\/Guide_de_politique_concernant_les_exces_de_vitesse\" class=\"btn pagebuilder-btn btn-green btn-\" title=\"T\u00c9L\u00c9CHARGER LE GUIDE\" target=\"_blank\">T\u00c9L\u00c9CHARGER LE GUIDE<\/a>\r\n<\/div>\r\n<\/div>\n\n\n\n<div class=\"wp-block-column is-layout-flow wp-block-column-is-layout-flow\">\n<figure class=\"wp-block-image size-full is-resized\"><img loading=\"lazy\" decoding=\"async\" width=\"545\" height=\"650\" src=\"https:\/\/www.quartix.com\/content\/uploads\/2024\/07\/fr-speeding-policy.png\" alt=\"\" class=\"wp-image-106723\" style=\"width:365px;height:auto\" srcset=\"https:\/\/www.quartix.com\/content\/uploads\/2024\/07\/fr-speeding-policy.png 545w, https:\/\/www.quartix.com\/content\/uploads\/2024\/07\/fr-speeding-policy-252x300.png 252w\" sizes=\"auto, (max-width: 545px) 100vw, 545px\" \/><\/figure>\n<\/div>\n<\/div>\n","protected":false},"excerpt":{"rendered":"<p>Votre guide pour l&#8217;application d&#8217;une politique en mati\u00e8re d&#8217;exc\u00e8s de vitesse R\u00e9duisez les cas de vitesse excessive et rendez les trajets plus s\u00fbrs en utilisant les donn\u00e9es de suivi de v\u00e9hicules pour \u00e9tayer les directives de l&#8217;entreprise en mati\u00e8re d&#8217;exc\u00e8s de vitesse et de comportement des conducteurs.<\/p>\n","protected":false},"author":149,"featured_media":65933,"parent":0,"menu_order":3410,"comment_status":"closed","ping_status":"closed","template":"templates\/landing-pagebuilder.php","meta":{"_acf_changed":false,"inline_featured_image":false,"footnotes":""},"topic":[1873],"qtx_campaign":[],"class_list":["post-65930","page","type-page","status-publish","has-post-thumbnail","hentry","topic-gestion-des-conducteurs"],"acf":[],"yoast_head":"<!-- This site is optimized with the Yoast SEO Premium plugin v27.3 (Yoast SEO v27.3) - https:\/\/yoast.com\/product\/yoast-seo-premium-wordpress\/ -->\n<title>Comment votre syst\u00e8me de g\u00e9olocalisation peut aider votre entreprise \u00e0 r\u00e9guler la vitesse ? - FR<\/title>\n<meta name=\"description\" content=\"Les politiques d&#039;entreprise en mati\u00e8re d&#039;exc\u00e8s de vitesse aident \u00e0 r\u00e9duire les risques d&#039;accidents. Ce guide explique comment votre syst\u00e8me de g\u00e9olocalisation peut vous aider.\" \/>\n<meta name=\"robots\" content=\"index, follow, max-snippet:-1, max-image-preview:large, max-video-preview:-1\" \/>\n<link rel=\"canonical\" href=\"https:\/\/www.quartix.com\/fr-fr\/guide-comment-reguler-la-vitesse\/\" \/>\n<meta property=\"og:locale\" content=\"fr_FR\" \/>\n<meta property=\"og:type\" content=\"article\" \/>\n<meta property=\"og:title\" content=\"Comment votre syst\u00e8me de g\u00e9olocalisation peut aider votre entreprise \u00e0 r\u00e9guler la vitesse ?\" \/>\n<meta property=\"og:description\" content=\"Les politiques d&#039;entreprise en mati\u00e8re d&#039;exc\u00e8s de vitesse aident \u00e0 r\u00e9duire les risques d&#039;accidents. Ce guide explique comment votre syst\u00e8me de g\u00e9olocalisation peut vous aider.\" \/>\n<meta property=\"og:url\" content=\"https:\/\/www.quartix.com\/fr-fr\/guide-comment-reguler-la-vitesse\/\" \/>\n<meta property=\"og:site_name\" content=\"Quartix\" \/>\n<meta property=\"article:publisher\" content=\"https:\/\/www.facebook.com\/Quartix-USA-374426386097401\/\" \/>\n<meta property=\"article:modified_time\" content=\"2024-07-01T13:42:17+00:00\" \/>\n<meta property=\"og:image\" content=\"https:\/\/www.quartix.com\/content\/uploads\/2021\/10\/FR_Quartix__Guide_Reguler_la_vitesse_202109_Page_1.jpg\" \/>\n\t<meta property=\"og:image:width\" content=\"1191\" \/>\n\t<meta property=\"og:image:height\" content=\"1684\" \/>\n\t<meta property=\"og:image:type\" content=\"image\/jpeg\" \/>\n<meta name=\"twitter:card\" content=\"summary_large_image\" \/>\n<meta name=\"twitter:site\" content=\"@QuartixUSA\" \/>\n<meta name=\"twitter:label1\" content=\"Est. reading time\" \/>\n\t<meta name=\"twitter:data1\" content=\"4 minutes\" \/>\n<!-- \/ Yoast SEO Premium plugin. -->","yoast_head_json":{"title":"Comment votre syst\u00e8me de g\u00e9olocalisation peut aider votre entreprise \u00e0 r\u00e9guler la vitesse ? - FR","description":"Les politiques d'entreprise en mati\u00e8re d'exc\u00e8s de vitesse aident \u00e0 r\u00e9duire les risques d'accidents. Ce guide explique comment votre syst\u00e8me de g\u00e9olocalisation peut vous aider.","robots":{"index":"index","follow":"follow","max-snippet":"max-snippet:-1","max-image-preview":"max-image-preview:large","max-video-preview":"max-video-preview:-1"},"canonical":"https:\/\/www.quartix.com\/fr-fr\/guide-comment-reguler-la-vitesse\/","og_locale":"fr_FR","og_type":"article","og_title":"Comment votre syst\u00e8me de g\u00e9olocalisation peut aider votre entreprise \u00e0 r\u00e9guler la vitesse ?","og_description":"Les politiques d'entreprise en mati\u00e8re d'exc\u00e8s de vitesse aident \u00e0 r\u00e9duire les risques d'accidents. Ce guide explique comment votre syst\u00e8me de g\u00e9olocalisation peut vous aider.","og_url":"https:\/\/www.quartix.com\/fr-fr\/guide-comment-reguler-la-vitesse\/","og_site_name":"Quartix","article_publisher":"https:\/\/www.facebook.com\/Quartix-USA-374426386097401\/","article_modified_time":"2024-07-01T13:42:17+00:00","og_image":[{"width":1191,"height":1684,"url":"https:\/\/www.quartix.com\/content\/uploads\/2021\/10\/FR_Quartix__Guide_Reguler_la_vitesse_202109_Page_1.jpg","type":"image\/jpeg"}],"twitter_card":"summary_large_image","twitter_site":"@QuartixUSA","twitter_misc":{"Est. reading time":"4 minutes"},"schema":{"@context":"https:\/\/schema.org","@graph":[{"@type":"WebPage","@id":"https:\/\/www.quartix.com\/fr-fr\/guide-comment-reguler-la-vitesse\/","url":"https:\/\/www.quartix.com\/fr-fr\/guide-comment-reguler-la-vitesse\/","name":"Comment votre syst\u00e8me de g\u00e9olocalisation peut aider votre entreprise \u00e0 r\u00e9guler la vitesse ?","isPartOf":{"@id":"https:\/\/www.quartix.com\/fr-fr\/#website"},"primaryImageOfPage":{"@id":"https:\/\/www.quartix.com\/fr-fr\/guide-comment-reguler-la-vitesse\/#primaryimage"},"image":{"@id":"https:\/\/www.quartix.com\/fr-fr\/guide-comment-reguler-la-vitesse\/#primaryimage"},"thumbnailUrl":"https:\/\/www.quartix.com\/content\/uploads\/2021\/10\/FR_Quartix__Guide_Reguler_la_vitesse_202109_Page_1.jpg","datePublished":"2021-10-07T10:54:41+00:00","dateModified":"2024-07-01T13:42:17+00:00","description":"Les politiques d'entreprise en mati\u00e8re d'exc\u00e8s de vitesse aident \u00e0 r\u00e9duire les risques d'accidents. Ce guide explique comment votre syst\u00e8me de g\u00e9olocalisation peut vous aider.","breadcrumb":{"@id":"https:\/\/www.quartix.com\/fr-fr\/guide-comment-reguler-la-vitesse\/#breadcrumb"},"inLanguage":"fr-FR","potentialAction":[{"@type":"ReadAction","target":["https:\/\/www.quartix.com\/fr-fr\/guide-comment-reguler-la-vitesse\/"]}]},{"@type":"ImageObject","inLanguage":"fr-FR","@id":"https:\/\/www.quartix.com\/fr-fr\/guide-comment-reguler-la-vitesse\/#primaryimage","url":"https:\/\/www.quartix.com\/content\/uploads\/2021\/10\/FR_Quartix__Guide_Reguler_la_vitesse_202109_Page_1.jpg","contentUrl":"https:\/\/www.quartix.com\/content\/uploads\/2021\/10\/FR_Quartix__Guide_Reguler_la_vitesse_202109_Page_1.jpg","width":1191,"height":1684},{"@type":"BreadcrumbList","@id":"https:\/\/www.quartix.com\/fr-fr\/guide-comment-reguler-la-vitesse\/#breadcrumb","itemListElement":[{"@type":"ListItem","position":1,"name":"Accueil","item":"https:\/\/www.quartix.com\/fr-fr\/quartix-suivi-de-vehicules-en-temps-reel\/"},{"@type":"ListItem","position":2,"name":"Comment votre syst\u00e8me de g\u00e9olocalisation peut aider votre entreprise \u00e0 r\u00e9guler la vitesse ?"}]},{"@type":"WebSite","@id":"https:\/\/www.quartix.com\/fr-fr\/#website","url":"https:\/\/www.quartix.com\/fr-fr\/","name":"Quartix","description":"Real-time vehicle tracking","publisher":{"@id":"https:\/\/www.quartix.com\/fr-fr\/#organization"},"potentialAction":[{"@type":"SearchAction","target":{"@type":"EntryPoint","urlTemplate":"https:\/\/www.quartix.com\/fr-fr\/?s={search_term_string}"},"query-input":{"@type":"PropertyValueSpecification","valueRequired":true,"valueName":"search_term_string"}}],"inLanguage":"fr-FR"},{"@type":"Organization","@id":"https:\/\/www.quartix.com\/fr-fr\/#organization","name":"Quartix","url":"https:\/\/www.quartix.com\/fr-fr\/","logo":{"@type":"ImageObject","inLanguage":"fr-FR","@id":"https:\/\/www.quartix.com\/fr-fr\/#\/schema\/logo\/image\/","url":"https:\/\/www.quartix.com\/content\/uploads\/2019\/02\/quartix-logo-eur.svg","contentUrl":"https:\/\/www.quartix.com\/content\/uploads\/2019\/02\/quartix-logo-eur.svg","width":1,"height":1,"caption":"Quartix"},"image":{"@id":"https:\/\/www.quartix.com\/fr-fr\/#\/schema\/logo\/image\/"},"sameAs":["https:\/\/www.facebook.com\/Quartix-USA-374426386097401\/","https:\/\/x.com\/QuartixUSA","https:\/\/www.linkedin.com\/company\/5346733\/","https:\/\/www.youtube.com\/channel\/UCzS-_GMfHF4kWiCheyIRrAQ"]}]}},"_links":{"self":[{"href":"https:\/\/www.quartix.com\/fr-fr\/wp-json\/wp\/v2\/pages\/65930","targetHints":{"allow":["GET"]}}],"collection":[{"href":"https:\/\/www.quartix.com\/fr-fr\/wp-json\/wp\/v2\/pages"}],"about":[{"href":"https:\/\/www.quartix.com\/fr-fr\/wp-json\/wp\/v2\/types\/page"}],"author":[{"embeddable":true,"href":"https:\/\/www.quartix.com\/fr-fr\/wp-json\/wp\/v2\/users\/149"}],"replies":[{"embeddable":true,"href":"https:\/\/www.quartix.com\/fr-fr\/wp-json\/wp\/v2\/comments?post=65930"}],"version-history":[{"count":0,"href":"https:\/\/www.quartix.com\/fr-fr\/wp-json\/wp\/v2\/pages\/65930\/revisions"}],"wp:featuredmedia":[{"embeddable":true,"href":"https:\/\/www.quartix.com\/fr-fr\/wp-json\/wp\/v2\/media\/65933"}],"wp:attachment":[{"href":"https:\/\/www.quartix.com\/fr-fr\/wp-json\/wp\/v2\/media?parent=65930"}],"wp:term":[{"taxonomy":"topic","embeddable":true,"href":"https:\/\/www.quartix.com\/fr-fr\/wp-json\/wp\/v2\/topic?post=65930"},{"taxonomy":"qtx_campaign","embeddable":true,"href":"https:\/\/www.quartix.com\/fr-fr\/wp-json\/wp\/v2\/qtx_campaign?post=65930"}],"curies":[{"name":"wp","href":"https:\/\/api.w.org\/{rel}","templated":true}]}}