{"id":70149,"date":"2021-11-22T12:26:56","date_gmt":"2021-11-22T11:26:56","guid":{"rendered":" https:\/\/www.quartix.com\/?page_id=70149"},"modified":"2024-01-03T18:42:02","modified_gmt":"2024-01-03T17:42:02","slug":"mention-legale","status":"publish","type":"page","link":"https:\/\/www.quartix.com\/fr-fr\/mention-legale\/","title":{"rendered":"Mention l\u00e9gale"},"content":{"rendered":"\n<p>www.quartix.com\/fr-fr\/ est le site officiel de Quartix en France.<\/p>\n\n\n\n<p>Sur ce site, les r\u00e9f\u00e9rences \u00e0 &#8220;Quartix&#8221;, &#8220;nous&#8221;, &#8220;notre&#8221; et &#8220;nos&#8221; font r\u00e9f\u00e9rence \u00e0 Quartix SAS, sauf indication contraire.<\/p>\n\n\n\n<h2 class=\"wp-block-heading\" id=\"informations-sur-la-societe\">Informations sur la soci\u00e9t\u00e9<\/h2>\n\n\n\n<p><strong>Quartix SAS<\/strong><\/p>\n\n\n\n<p>Quartix SAS, immatricul\u00e9e au registre du commerce et des soci\u00e9t\u00e9s de PARIS sous le num\u00e9ro : RCS Paris 979 868 353 et dont le si\u00e8ge est situ\u00e9 : 10 rue du Colis\u00e9e \u2013 75008 PARIS<\/p>\n\n\n\n<p>Son num\u00e9ro de TVA est FR89979868353.<\/p>\n\n\n\n<h2 class=\"wp-block-heading\" id=\"contact\">Contact<\/h2>\n\n\n\n<p>01 70 39 43 70<\/p>\n\n\n\n<p><a href=\"mailto:info@quartix.fr\">info@quartix.fr<\/a><\/p>\n\n\n\n<p>10 rue du Colis\u00e9e, 75008 Paris<\/p>\n","protected":false},"excerpt":{"rendered":"<p>www.quartix.com\/fr-fr\/ est le site officiel de Quartix en France. Sur ce site, les r\u00e9f\u00e9rences \u00e0 &#8220;Quartix&#8221;, &#8220;nous&#8221;, &#8220;notre&#8221; et &#8220;nos&#8221; font r\u00e9f\u00e9rence \u00e0 Quartix SAS, sauf indication contraire. Informations sur la soci\u00e9t\u00e9 Quartix SAS Quartix SAS, immatricul\u00e9e au registre du commerce et des soci\u00e9t\u00e9s de PARIS sous le num\u00e9ro : RCS Paris 979 868 353 [&hellip;]<\/p>\n","protected":false},"author":12,"featured_media":0,"parent":0,"menu_order":0,"comment_status":"closed","ping_status":"closed","template":"","meta":{"_acf_changed":false,"inline_featured_image":false,"footnotes":""},"topic":[],"qtx_campaign":[],"class_list":["post-70149","page","type-page","status-publish","hentry"],"acf":[],"yoast_head":"<!-- This site is optimized with the Yoast SEO Premium plugin v27.3 (Yoast SEO v27.3) - https:\/\/yoast.com\/product\/yoast-seo-premium-wordpress\/ -->\n<title>Mention l\u00e9gale - FR<\/title>\n<meta name=\"robots\" content=\"noindex, nofollow\" \/>\n<meta property=\"og:locale\" content=\"fr_FR\" \/>\n<meta property=\"og:type\" content=\"article\" \/>\n<meta property=\"og:title\" content=\"Mention l\u00e9gale\" \/>\n<meta property=\"og:description\" content=\"www.quartix.com\/fr-fr\/ est le site officiel de Quartix en France. Sur ce site, les r\u00e9f\u00e9rences \u00e0 &#8220;Quartix&#8221;, &#8220;nous&#8221;, &#8220;notre&#8221; et &#8220;nos&#8221; font r\u00e9f\u00e9rence \u00e0 Quartix SAS, sauf indication contraire. Informations sur la soci\u00e9t\u00e9 Quartix SAS Quartix SAS, immatricul\u00e9e au registre du commerce et des soci\u00e9t\u00e9s de PARIS sous le num\u00e9ro : RCS Paris 979 868 353 [&hellip;]\" \/>\n<meta property=\"og:url\" content=\"https:\/\/www.quartix.com\/fr-fr\/mention-legale\/\" \/>\n<meta property=\"og:site_name\" content=\"Quartix\" \/>\n<meta property=\"article:publisher\" content=\"https:\/\/www.facebook.com\/Quartix-USA-374426386097401\/\" \/>\n<meta property=\"article:modified_time\" content=\"2024-01-03T17:42:02+00:00\" \/>\n<meta name=\"twitter:card\" content=\"summary_large_image\" \/>\n<meta name=\"twitter:site\" content=\"@QuartixUSA\" \/>\n<meta name=\"twitter:label1\" content=\"Est. reading time\" \/>\n\t<meta name=\"twitter:data1\" content=\"1 minute\" \/>\n<!-- \/ Yoast SEO Premium plugin. -->","yoast_head_json":{"title":"Mention l\u00e9gale - FR","robots":{"index":"noindex","follow":"nofollow"},"og_locale":"fr_FR","og_type":"article","og_title":"Mention l\u00e9gale","og_description":"www.quartix.com\/fr-fr\/ est le site officiel de Quartix en France. Sur ce site, les r\u00e9f\u00e9rences \u00e0 &#8220;Quartix&#8221;, &#8220;nous&#8221;, &#8220;notre&#8221; et &#8220;nos&#8221; font r\u00e9f\u00e9rence \u00e0 Quartix SAS, sauf indication contraire. Informations sur la soci\u00e9t\u00e9 Quartix SAS Quartix SAS, immatricul\u00e9e au registre du commerce et des soci\u00e9t\u00e9s de PARIS sous le num\u00e9ro : RCS Paris 979 868 353 [&hellip;]","og_url":"https:\/\/www.quartix.com\/fr-fr\/mention-legale\/","og_site_name":"Quartix","article_publisher":"https:\/\/www.facebook.com\/Quartix-USA-374426386097401\/","article_modified_time":"2024-01-03T17:42:02+00:00","twitter_card":"summary_large_image","twitter_site":"@QuartixUSA","twitter_misc":{"Est. reading time":"1 minute"},"schema":{"@context":"https:\/\/schema.org","@graph":[{"@type":"WebPage","@id":"https:\/\/www.quartix.com\/fr-fr\/mention-legale\/","url":"https:\/\/www.quartix.com\/fr-fr\/mention-legale\/","name":"Mention l\u00e9gale","isPartOf":{"@id":"https:\/\/www.quartix.com\/fr-fr\/#website"},"datePublished":"2021-11-22T11:26:56+00:00","dateModified":"2024-01-03T17:42:02+00:00","breadcrumb":{"@id":"https:\/\/www.quartix.com\/fr-fr\/mention-legale\/#breadcrumb"},"inLanguage":"fr-FR","potentialAction":[{"@type":"ReadAction","target":["https:\/\/www.quartix.com\/fr-fr\/mention-legale\/"]}]},{"@type":"BreadcrumbList","@id":"https:\/\/www.quartix.com\/fr-fr\/mention-legale\/#breadcrumb","itemListElement":[{"@type":"ListItem","position":1,"name":"Accueil","item":"https:\/\/www.quartix.com\/fr-fr\/quartix-suivi-de-vehicules-en-temps-reel\/"},{"@type":"ListItem","position":2,"name":"Mention l\u00e9gale"}]},{"@type":"WebSite","@id":"https:\/\/www.quartix.com\/fr-fr\/#website","url":"https:\/\/www.quartix.com\/fr-fr\/","name":"Quartix","description":"Real-time vehicle tracking","publisher":{"@id":"https:\/\/www.quartix.com\/fr-fr\/#organization"},"potentialAction":[{"@type":"SearchAction","target":{"@type":"EntryPoint","urlTemplate":"https:\/\/www.quartix.com\/fr-fr\/?s={search_term_string}"},"query-input":{"@type":"PropertyValueSpecification","valueRequired":true,"valueName":"search_term_string"}}],"inLanguage":"fr-FR"},{"@type":"Organization","@id":"https:\/\/www.quartix.com\/fr-fr\/#organization","name":"Quartix","url":"https:\/\/www.quartix.com\/fr-fr\/","logo":{"@type":"ImageObject","inLanguage":"fr-FR","@id":"https:\/\/www.quartix.com\/fr-fr\/#\/schema\/logo\/image\/","url":"https:\/\/www.quartix.com\/content\/uploads\/2019\/02\/quartix-logo-eur.svg","contentUrl":"https:\/\/www.quartix.com\/content\/uploads\/2019\/02\/quartix-logo-eur.svg","width":1,"height":1,"caption":"Quartix"},"image":{"@id":"https:\/\/www.quartix.com\/fr-fr\/#\/schema\/logo\/image\/"},"sameAs":["https:\/\/www.facebook.com\/Quartix-USA-374426386097401\/","https:\/\/x.com\/QuartixUSA","https:\/\/www.linkedin.com\/company\/5346733\/","https:\/\/www.youtube.com\/channel\/UCzS-_GMfHF4kWiCheyIRrAQ"]}]}},"_links":{"self":[{"href":"https:\/\/www.quartix.com\/fr-fr\/wp-json\/wp\/v2\/pages\/70149","targetHints":{"allow":["GET"]}}],"collection":[{"href":"https:\/\/www.quartix.com\/fr-fr\/wp-json\/wp\/v2\/pages"}],"about":[{"href":"https:\/\/www.quartix.com\/fr-fr\/wp-json\/wp\/v2\/types\/page"}],"author":[{"embeddable":true,"href":"https:\/\/www.quartix.com\/fr-fr\/wp-json\/wp\/v2\/users\/12"}],"replies":[{"embeddable":true,"href":"https:\/\/www.quartix.com\/fr-fr\/wp-json\/wp\/v2\/comments?post=70149"}],"version-history":[{"count":0,"href":"https:\/\/www.quartix.com\/fr-fr\/wp-json\/wp\/v2\/pages\/70149\/revisions"}],"wp:attachment":[{"href":"https:\/\/www.quartix.com\/fr-fr\/wp-json\/wp\/v2\/media?parent=70149"}],"wp:term":[{"taxonomy":"topic","embeddable":true,"href":"https:\/\/www.quartix.com\/fr-fr\/wp-json\/wp\/v2\/topic?post=70149"},{"taxonomy":"qtx_campaign","embeddable":true,"href":"https:\/\/www.quartix.com\/fr-fr\/wp-json\/wp\/v2\/qtx_campaign?post=70149"}],"curies":[{"name":"wp","href":"https:\/\/api.w.org\/{rel}","templated":true}]}}