{"id":75855,"date":"2021-11-30T17:17:00","date_gmt":"2021-11-30T16:17:00","guid":{"rendered":" https:\/\/www.quartix.com\/?page_id=75855"},"modified":"2022-06-21T17:22:20","modified_gmt":"2022-06-21T16:22:20","slug":"guide-premiers-pas-geolocalisation-vehicules","status":"publish","type":"page","link":"https:\/\/www.quartix.com\/fr-fr\/guide-premiers-pas-geolocalisation-vehicules\/","title":{"rendered":"Premiers pas avec la g\u00e9olocalisation<br>de v\u00e9hicules (FAQ)"},"content":{"rendered":"\n<div class=\"wp-block-columns is-layout-flex wp-container-core-columns-is-layout-28f84493 wp-block-columns-is-layout-flex\">\n<div class=\"wp-block-column is-layout-flow wp-block-column-is-layout-flow\">\n<p>La g\u00e9olocalisation de v\u00e9hicules vous int\u00e9resse et vous vous demandez s\u2019il s\u2019agit d\u2019une bonne solution pour vous, par o\u00f9 commencer, ou comment tirer le meilleur parti du syst\u00e8me Quartix ?<\/p>\n\n\n\n<p>Dans ce second guide, vous trouverez douze des questions que vous vous posez certainement au moment de faire vos premiers pas avec le syst\u00e8me de g\u00e9olocalisation Quartix, ainsi que les r\u00e9ponses de nos experts.<\/p>\n\n\n\n<h2 class=\"wp-block-heading\">T\u00e9l\u00e9chargez le guide maintenant !<\/h2>\n\n\n\n<div class=\"wpcf7 no-js\" id=\"wpcf7-f75868-o1\" lang=\"fr-FR\" dir=\"ltr\" data-wpcf7-id=\"75868\">\n<div class=\"screen-reader-response\"><p role=\"status\" aria-live=\"polite\" aria-atomic=\"true\"><\/p> <ul><\/ul><\/div>\n<form action=\"\/fr-fr\/wp-json\/wp\/v2\/pages\/75855#wpcf7-f75868-o1\" method=\"post\" class=\"wpcf7-form init\" aria-label=\"Contact form\" novalidate=\"novalidate\" data-status=\"init\">\n<fieldset class=\"hidden-fields-container\"><input type=\"hidden\" name=\"_wpcf7\" value=\"75868\" \/><input type=\"hidden\" name=\"_wpcf7_version\" value=\"6.1.5\" \/><input type=\"hidden\" name=\"_wpcf7_locale\" value=\"fr_FR\" \/><input type=\"hidden\" name=\"_wpcf7_unit_tag\" value=\"wpcf7-f75868-o1\" \/><input type=\"hidden\" name=\"_wpcf7_container_post\" value=\"0\" \/><input type=\"hidden\" name=\"_wpcf7_posted_data_hash\" value=\"\" \/><input type=\"hidden\" name=\"_wpcf7cf_hidden_group_fields\" value=\"[]\" \/><input type=\"hidden\" name=\"_wpcf7cf_hidden_groups\" value=\"[]\" \/><input type=\"hidden\" name=\"_wpcf7cf_visible_groups\" value=\"[]\" \/><input type=\"hidden\" name=\"_wpcf7cf_repeaters\" value=\"[]\" \/><input type=\"hidden\" name=\"_wpcf7cf_steps\" value=\"{}\" \/><input type=\"hidden\" name=\"_wpcf7cf_options\" value=\"{&quot;form_id&quot;:75868,&quot;conditions&quot;:[],&quot;settings&quot;:{&quot;animation&quot;:&quot;yes&quot;,&quot;animation_intime&quot;:200,&quot;animation_outtime&quot;:200,&quot;conditions_ui&quot;:&quot;normal&quot;,&quot;notice_dismissed&quot;:false,&quot;notice_dismissed_update-cf7-6.0&quot;:true,&quot;notice_dismissed_update-cf7-6.0.1&quot;:true,&quot;notice_dismissed_update-cf7-6.0.2&quot;:true,&quot;notice_dismissed_rollback-cf7-6.0.5&quot;:true}}\" \/><input type=\"hidden\" name=\"_wpcf7_recaptcha_response\" value=\"\" \/>\n<\/fieldset>\n<div class=\"input-wrapper\"><span class=\"icon icon-face\"><\/span><span class=\"wpcf7-form-control-wrap\" data-name=\"first_name\"><input size=\"40\" maxlength=\"400\" class=\"wpcf7-form-control wpcf7-text wpcf7-validates-as-required\" aria-required=\"true\" aria-invalid=\"false\" placeholder=\"Pr\u00e9nom *\" value=\"\" type=\"text\" name=\"first_name\" \/><\/span><span class=\"wpcf7-form-control-wrap\" data-name=\"last_name\"><input size=\"40\" maxlength=\"400\" class=\"wpcf7-form-control wpcf7-text wpcf7-validates-as-required\" aria-required=\"true\" aria-invalid=\"false\" placeholder=\"Nom *\" value=\"\" type=\"text\" name=\"last_name\" \/><\/span><\/div>\n<div class=\"input-wrapper\"><span class=\"icon icon-envelope\"><\/span><span class=\"wpcf7-form-control-wrap\" data-name=\"email\"><input size=\"40\" maxlength=\"400\" class=\"wpcf7-form-control wpcf7-email wpcf7-validates-as-required wpcf7-text wpcf7-validates-as-email\" aria-required=\"true\" aria-invalid=\"false\" placeholder=\"Email *\" value=\"\" type=\"email\" name=\"email\" \/><\/span><\/div>\n<div class=\"input-wrapper\"><span class=\"icon icon-company\"><\/span><span class=\"wpcf7-form-control-wrap\" data-name=\"company\"><input size=\"40\" maxlength=\"400\" class=\"wpcf7-form-control wpcf7-text wpcf7-validates-as-required\" aria-required=\"true\" aria-invalid=\"false\" placeholder=\"Soci\u00e9t\u00e9 *\" value=\"\" type=\"text\" name=\"company\" \/><\/span><\/div>\n<div class=\"input-wrapper\"><span class=\"icon icon-telephone\"><\/span><span class=\"wpcf7-form-control-wrap\" data-name=\"phone\"><input size=\"40\" maxlength=\"400\" class=\"wpcf7-form-control wpcf7-tel wpcf7-validates-as-required wpcf7-text wpcf7-validates-as-tel\" aria-required=\"true\" aria-invalid=\"false\" placeholder=\"T\u00e9l\u00e9phone *\" value=\"\" type=\"tel\" name=\"phone\" \/><\/span><\/div>\n<div class=\"input-wrapper\"><span class=\"icon icon-vehicles\"><\/span><span class=\"wpcf7-form-control-wrap\" data-name=\"number_of_vehicles\"><input class=\"wpcf7-form-control wpcf7-number wpcf7-validates-as-required wpcf7-validates-as-number\" min=\"1\" aria-required=\"true\" aria-invalid=\"false\" placeholder=\"Taille de votre flotte *\" value=\"\" type=\"number\" name=\"number_of_vehicles\" \/><\/span><\/div>\n<input type=\"hidden\" name=\"thankyouURL\" value=\"\/fr-fr\/merci-guide-faq-partie-2\/\" class=\"wpcf7-form-control wpcf7-hidden\" id=\"thankyouURL\">\n<input class=\"wpcf7-form-control wpcf7-hidden\" value=\"\" type=\"hidden\" name=\"pardot_extra_field\" \/>\n<input type=\"hidden\" name=\"page_title\" value=\"No post title\" class=\"wpcf7-form-control wpcf7-hidden\">\n<div class=\"recatpcha-text\">Ce site est prot\u00e9g\u00e9 par reCAPTCHA et la <a href=\"https:\/\/policies.google.com\/privacy?hl=fr\">politique de confidentialit\u00e9<\/a> et les <a href=\"https:\/\/policies.google.com\/terms?hl=fr\">conditions d'utilisation<\/a> de Google s'appliquent.<\/div>\n<div class=\"input-wrapper\"><input class=\"wpcf7-form-control wpcf7-submit has-spinner icon-plane\" type=\"submit\" value=\"T\u00e9l\u00e9charger le guide\" \/><\/div><div class=\"wpcf7-response-output\" aria-hidden=\"true\"><\/div>\n<\/form>\n<\/div>\n\n<\/div>\n\n\n\n<div class=\"wp-block-column is-layout-flow wp-block-column-is-layout-flow\">\n<div class=\"wp-block-image\"><figure class=\"aligncenter size-large\"><img loading=\"lazy\" decoding=\"async\" width=\"707\" height=\"1000\" src=\" https:\/\/www.quartix.com\/content\/uploads\/2022\/06\/FR_Quartix__Guide_FAQ_partie_2_202111_Page_01-scaled-1-707x1000.jpg\" alt=\"\" class=\"wp-image-75856\" srcset=\"https:\/\/www.quartix.com\/content\/uploads\/2022\/06\/FR_Quartix__Guide_FAQ_partie_2_202111_Page_01-scaled-1-707x1000.jpg 707w, https:\/\/www.quartix.com\/content\/uploads\/2022\/06\/FR_Quartix__Guide_FAQ_partie_2_202111_Page_01-scaled-1-212x300.jpg 212w, https:\/\/www.quartix.com\/content\/uploads\/2022\/06\/FR_Quartix__Guide_FAQ_partie_2_202111_Page_01-scaled-1-768x1086.jpg 768w, https:\/\/www.quartix.com\/content\/uploads\/2022\/06\/FR_Quartix__Guide_FAQ_partie_2_202111_Page_01-scaled-1-1086x1536.jpg 1086w, https:\/\/www.quartix.com\/content\/uploads\/2022\/06\/FR_Quartix__Guide_FAQ_partie_2_202111_Page_01-scaled-1-1448x2048.jpg 1448w, https:\/\/www.quartix.com\/content\/uploads\/2022\/06\/FR_Quartix__Guide_FAQ_partie_2_202111_Page_01-scaled-1.jpg 1810w\" sizes=\"auto, (max-width: 707px) 100vw, 707px\" \/><\/figure><\/div>\n<\/div>\n<\/div>\n","protected":false},"excerpt":{"rendered":"<p>La g\u00e9olocalisation de v\u00e9hicules vous int\u00e9resse et vous vous demandez s\u2019il s\u2019agit d\u2019une bonne solution pour vous, par o\u00f9 commencer, ou comment tirer le meilleur parti du syst\u00e8me Quartix ? Dans ce second guide, vous trouverez douze des questions que vous vous posez certainement au moment de faire vos premiers pas avec le syst\u00e8me de [&hellip;]<\/p>\n","protected":false},"author":12,"featured_media":75856,"parent":0,"menu_order":0,"comment_status":"closed","ping_status":"closed","template":"","meta":{"_acf_changed":false,"inline_featured_image":false,"footnotes":""},"topic":[],"qtx_campaign":[],"class_list":["post-75855","page","type-page","status-publish","has-post-thumbnail","hentry"],"acf":[],"yoast_head":"<!-- This site is optimized with the Yoast SEO Premium plugin v27.3 (Yoast SEO v27.3) - https:\/\/yoast.com\/product\/yoast-seo-premium-wordpress\/ -->\n<title>Premiers pas avec la g\u00e9olocalisation de v\u00e9hicules (FAQ) - FR<\/title>\n<meta name=\"description\" content=\"Dans ce guide, vous trouverez douze questions que vous vous posez certainement au moment de faire vos premiers pas avec le syst\u00e8me de g\u00e9olocalisation Quartix, ainsi que les r\u00e9ponses de nos experts.\" \/>\n<meta name=\"robots\" content=\"index, follow, max-snippet:-1, max-image-preview:large, max-video-preview:-1\" \/>\n<link rel=\"canonical\" href=\"https:\/\/www.quartix.com\/fr-fr\/guide-premiers-pas-geolocalisation-vehicules\/\" \/>\n<meta property=\"og:locale\" content=\"fr_FR\" \/>\n<meta property=\"og:type\" content=\"article\" \/>\n<meta property=\"og:title\" content=\"Premiers pas avec la g\u00e9olocalisationde v\u00e9hicules (FAQ)\" \/>\n<meta property=\"og:description\" content=\"Dans ce guide, vous trouverez douze questions que vous vous posez certainement au moment de faire vos premiers pas avec le syst\u00e8me de g\u00e9olocalisation Quartix, ainsi que les r\u00e9ponses de nos experts.\" \/>\n<meta property=\"og:url\" content=\"https:\/\/www.quartix.com\/fr-fr\/guide-premiers-pas-geolocalisation-vehicules\/\" \/>\n<meta property=\"og:site_name\" content=\"Quartix\" \/>\n<meta property=\"article:publisher\" content=\"https:\/\/www.facebook.com\/Quartix-USA-374426386097401\/\" \/>\n<meta property=\"article:modified_time\" content=\"2022-06-21T16:22:20+00:00\" \/>\n<meta property=\"og:image\" content=\"https:\/\/www.quartix.com\/content\/uploads\/2022\/06\/FR_Quartix__Guide_FAQ_partie_2_202111_Page_01-scaled-1.jpg\" \/>\n\t<meta property=\"og:image:width\" content=\"1810\" \/>\n\t<meta property=\"og:image:height\" content=\"2560\" \/>\n\t<meta property=\"og:image:type\" content=\"image\/jpeg\" \/>\n<meta name=\"twitter:card\" content=\"summary_large_image\" \/>\n<meta name=\"twitter:site\" content=\"@QuartixUSA\" \/>\n<meta name=\"twitter:label1\" content=\"Est. reading time\" \/>\n\t<meta name=\"twitter:data1\" content=\"1 minute\" \/>\n<!-- \/ Yoast SEO Premium plugin. -->","yoast_head_json":{"title":"Premiers pas avec la g\u00e9olocalisation de v\u00e9hicules (FAQ) - FR","description":"Dans ce guide, vous trouverez douze questions que vous vous posez certainement au moment de faire vos premiers pas avec le syst\u00e8me de g\u00e9olocalisation Quartix, ainsi que les r\u00e9ponses de nos experts.","robots":{"index":"index","follow":"follow","max-snippet":"max-snippet:-1","max-image-preview":"max-image-preview:large","max-video-preview":"max-video-preview:-1"},"canonical":"https:\/\/www.quartix.com\/fr-fr\/guide-premiers-pas-geolocalisation-vehicules\/","og_locale":"fr_FR","og_type":"article","og_title":"Premiers pas avec la g\u00e9olocalisationde v\u00e9hicules (FAQ)","og_description":"Dans ce guide, vous trouverez douze questions que vous vous posez certainement au moment de faire vos premiers pas avec le syst\u00e8me de g\u00e9olocalisation Quartix, ainsi que les r\u00e9ponses de nos experts.","og_url":"https:\/\/www.quartix.com\/fr-fr\/guide-premiers-pas-geolocalisation-vehicules\/","og_site_name":"Quartix","article_publisher":"https:\/\/www.facebook.com\/Quartix-USA-374426386097401\/","article_modified_time":"2022-06-21T16:22:20+00:00","og_image":[{"width":1810,"height":2560,"url":"https:\/\/www.quartix.com\/content\/uploads\/2022\/06\/FR_Quartix__Guide_FAQ_partie_2_202111_Page_01-scaled-1.jpg","type":"image\/jpeg"}],"twitter_card":"summary_large_image","twitter_site":"@QuartixUSA","twitter_misc":{"Est. reading time":"1 minute"},"schema":{"@context":"https:\/\/schema.org","@graph":[{"@type":"WebPage","@id":"https:\/\/www.quartix.com\/fr-fr\/guide-premiers-pas-geolocalisation-vehicules\/","url":"https:\/\/www.quartix.com\/fr-fr\/guide-premiers-pas-geolocalisation-vehicules\/","name":"Premiers pas avec la g\u00e9olocalisation de v\u00e9hicules (FAQ)","isPartOf":{"@id":"https:\/\/www.quartix.com\/fr-fr\/#website"},"primaryImageOfPage":{"@id":"https:\/\/www.quartix.com\/fr-fr\/guide-premiers-pas-geolocalisation-vehicules\/#primaryimage"},"image":{"@id":"https:\/\/www.quartix.com\/fr-fr\/guide-premiers-pas-geolocalisation-vehicules\/#primaryimage"},"thumbnailUrl":"https:\/\/www.quartix.com\/content\/uploads\/2022\/06\/FR_Quartix__Guide_FAQ_partie_2_202111_Page_01-scaled-1.jpg","datePublished":"2021-11-30T16:17:00+00:00","dateModified":"2022-06-21T16:22:20+00:00","description":"Dans ce guide, vous trouverez douze questions que vous vous posez certainement au moment de faire vos premiers pas avec le syst\u00e8me de g\u00e9olocalisation Quartix, ainsi que les r\u00e9ponses de nos experts.","breadcrumb":{"@id":"https:\/\/www.quartix.com\/fr-fr\/guide-premiers-pas-geolocalisation-vehicules\/#breadcrumb"},"inLanguage":"fr-FR","potentialAction":[{"@type":"ReadAction","target":["https:\/\/www.quartix.com\/fr-fr\/guide-premiers-pas-geolocalisation-vehicules\/"]}]},{"@type":"ImageObject","inLanguage":"fr-FR","@id":"https:\/\/www.quartix.com\/fr-fr\/guide-premiers-pas-geolocalisation-vehicules\/#primaryimage","url":"https:\/\/www.quartix.com\/content\/uploads\/2022\/06\/FR_Quartix__Guide_FAQ_partie_2_202111_Page_01-scaled-1.jpg","contentUrl":"https:\/\/www.quartix.com\/content\/uploads\/2022\/06\/FR_Quartix__Guide_FAQ_partie_2_202111_Page_01-scaled-1.jpg","width":1810,"height":2560},{"@type":"BreadcrumbList","@id":"https:\/\/www.quartix.com\/fr-fr\/guide-premiers-pas-geolocalisation-vehicules\/#breadcrumb","itemListElement":[{"@type":"ListItem","position":1,"name":"Accueil","item":"https:\/\/www.quartix.com\/fr-fr\/"},{"@type":"ListItem","position":2,"name":"Premiers pas avec la g\u00e9olocalisationde v\u00e9hicules (FAQ)"}]},{"@type":"WebSite","@id":"https:\/\/www.quartix.com\/fr-fr\/#website","url":"https:\/\/www.quartix.com\/fr-fr\/","name":"Quartix","description":"Real-time vehicle tracking","publisher":{"@id":"https:\/\/www.quartix.com\/fr-fr\/#organization"},"potentialAction":[{"@type":"SearchAction","target":{"@type":"EntryPoint","urlTemplate":"https:\/\/www.quartix.com\/fr-fr\/?s={search_term_string}"},"query-input":{"@type":"PropertyValueSpecification","valueRequired":true,"valueName":"search_term_string"}}],"inLanguage":"fr-FR"},{"@type":"Organization","@id":"https:\/\/www.quartix.com\/fr-fr\/#organization","name":"Quartix","url":"https:\/\/www.quartix.com\/fr-fr\/","logo":{"@type":"ImageObject","inLanguage":"fr-FR","@id":"https:\/\/www.quartix.com\/fr-fr\/#\/schema\/logo\/image\/","url":"https:\/\/www.quartix.com\/content\/uploads\/2019\/02\/quartix-logo-eur.svg","contentUrl":"https:\/\/www.quartix.com\/content\/uploads\/2019\/02\/quartix-logo-eur.svg","width":1,"height":1,"caption":"Quartix"},"image":{"@id":"https:\/\/www.quartix.com\/fr-fr\/#\/schema\/logo\/image\/"},"sameAs":["https:\/\/www.facebook.com\/Quartix-USA-374426386097401\/","https:\/\/x.com\/QuartixUSA","https:\/\/www.linkedin.com\/company\/5346733\/","https:\/\/www.youtube.com\/channel\/UCzS-_GMfHF4kWiCheyIRrAQ"]}]}},"_links":{"self":[{"href":"https:\/\/www.quartix.com\/fr-fr\/wp-json\/wp\/v2\/pages\/75855","targetHints":{"allow":["GET"]}}],"collection":[{"href":"https:\/\/www.quartix.com\/fr-fr\/wp-json\/wp\/v2\/pages"}],"about":[{"href":"https:\/\/www.quartix.com\/fr-fr\/wp-json\/wp\/v2\/types\/page"}],"author":[{"embeddable":true,"href":"https:\/\/www.quartix.com\/fr-fr\/wp-json\/wp\/v2\/users\/12"}],"replies":[{"embeddable":true,"href":"https:\/\/www.quartix.com\/fr-fr\/wp-json\/wp\/v2\/comments?post=75855"}],"version-history":[{"count":0,"href":"https:\/\/www.quartix.com\/fr-fr\/wp-json\/wp\/v2\/pages\/75855\/revisions"}],"wp:featuredmedia":[{"embeddable":true,"href":"https:\/\/www.quartix.com\/fr-fr\/wp-json\/wp\/v2\/media\/75856"}],"wp:attachment":[{"href":"https:\/\/www.quartix.com\/fr-fr\/wp-json\/wp\/v2\/media?parent=75855"}],"wp:term":[{"taxonomy":"topic","embeddable":true,"href":"https:\/\/www.quartix.com\/fr-fr\/wp-json\/wp\/v2\/topic?post=75855"},{"taxonomy":"qtx_campaign","embeddable":true,"href":"https:\/\/www.quartix.com\/fr-fr\/wp-json\/wp\/v2\/qtx_campaign?post=75855"}],"curies":[{"name":"wp","href":"https:\/\/api.w.org\/{rel}","templated":true}]}}