{"id":75944,"date":"2022-06-22T15:11:24","date_gmt":"2022-06-22T14:11:24","guid":{"rendered":" https:\/\/www.quartix.com\/?page_id=75944"},"modified":"2022-06-22T15:11:27","modified_gmt":"2022-06-22T14:11:27","slug":"identifiant-conducteur","status":"publish","type":"page","link":"https:\/\/www.quartix.com\/fr-fr\/identifiant-conducteur\/","title":{"rendered":"Identifiant conducteur"},"content":{"rendered":"\n<div class=\"wp-block-columns is-layout-flex wp-container-core-columns-is-layout-28f84493 wp-block-columns-is-layout-flex\">\n<div class=\"wp-block-column is-layout-flow wp-block-column-is-layout-flow\">\n<h2 class=\"wp-block-heading\" id=\"track-individual-driver-profiles\">Suivez chaque conducteur<\/h2>\n\n\n\n<p>L\u2019identifiant conducteur de Quartix vous permet de suivre chaque conducteur lorsque vos v\u00e9hicules ne sont pas attitr\u00e9s aux employ\u00e9s.<\/p>\n\n\n\n<p>Les nombreux avantages de l\u2019utilisation de l\u2019identifiant conducteur sont les suivants&nbsp;:<\/p>\n\n\n\n<ul class=\"wp-block-list\"><li>Feuilles de temps et heures de travail pour chaque conducteur<\/li><li>Rapports de trajet pour chaque conducteur et v\u00e9hicule<\/li><li>Analyse du style de conduite quel que soit le v\u00e9hicule utilis\u00e9<\/li><li>Enregistrement des donn\u00e9es pour chaque v\u00e9hicule et conducteur<\/li><li>Possibilit\u00e9 d\u2019identifier le conducteur en service<\/li><li>Distinction entre les trajets personnels et professionnels<\/li><\/ul>\n<\/div>\n\n\n\n<div class=\"wp-block-column is-layout-flow wp-block-column-is-layout-flow\">\n<div class=\"wp-block-image\"><figure class=\"aligncenter size-full\"><img loading=\"lazy\" decoding=\"async\" width=\"768\" height=\"456\" src=\" https:\/\/www.quartix.com\/content\/uploads\/2022\/06\/FR-classement-eco-quartix-768x456-1.jpg\" alt=\"\" class=\"wp-image-75955\" srcset=\"https:\/\/www.quartix.com\/content\/uploads\/2022\/06\/FR-classement-eco-quartix-768x456-1.jpg 768w, https:\/\/www.quartix.com\/content\/uploads\/2022\/06\/FR-classement-eco-quartix-768x456-1-300x178.jpg 300w\" sizes=\"auto, (max-width: 768px) 100vw, 768px\" \/><\/figure><\/div>\n<\/div>\n<\/div>\n\n\n<section  class=\"qtx-pagebuilder-section qtx-pagebuilder-section-blockquote qtx-pagebuilder-section-blockquote-left_green_border \">\r\n        <div class=\"left_green_border\">\r\n            <blockquote>\r\n                <p>\u201cL\u2019identifiant conducteur nous aide \u00e0 r\u00e9compenser la conduite responsable de nos conducteurs. Cette fonctionnalit\u00e9 a am\u00e9lior\u00e9 le style de conduite de nos employ\u00e9s ainsi que la satisfaction de nos clients et notre image.\u201d<\/p>\n                                    <footer>\r\n                        \u2014 <cite class=\"author\">Terry Musson, Responsable G\u00e9n\u00e9ral<\/cite>, <cite class=\"author_line_2\">Amberon<\/cite>\r\n                    <\/footer>\r\n                            <\/blockquote>\r\n        <\/div>\r\n        <\/section>\r\n\r\n\n\n\n<div class=\"wp-block-columns is-layout-flex wp-container-core-columns-is-layout-28f84493 wp-block-columns-is-layout-flex\">\n<div class=\"wp-block-column is-layout-flow wp-block-column-is-layout-flow\">\n<div class=\"wp-block-image\"><figure class=\"aligncenter size-large\"><img loading=\"lazy\" decoding=\"async\" width=\"1000\" height=\"439\" src=\" https:\/\/www.quartix.com\/content\/uploads\/2022\/06\/rapports-de-trajets-driver-ID-1000x439.jpg\" alt=\"\" class=\"wp-image-75945\" srcset=\"https:\/\/www.quartix.com\/content\/uploads\/2022\/06\/rapports-de-trajets-driver-ID-1000x439.jpg 1000w, https:\/\/www.quartix.com\/content\/uploads\/2022\/06\/rapports-de-trajets-driver-ID-300x132.jpg 300w, https:\/\/www.quartix.com\/content\/uploads\/2022\/06\/rapports-de-trajets-driver-ID-768x337.jpg 768w, https:\/\/www.quartix.com\/content\/uploads\/2022\/06\/rapports-de-trajets-driver-ID-1536x674.jpg 1536w, https:\/\/www.quartix.com\/content\/uploads\/2022\/06\/rapports-de-trajets-driver-ID.jpg 1711w\" sizes=\"auto, (max-width: 1000px) 100vw, 1000px\" \/><\/figure><\/div>\n<\/div>\n\n\n\n<div class=\"wp-block-column is-layout-flow wp-block-column-is-layout-flow\">\n<h2 class=\"wp-block-heading\" id=\"private-versus-business-mileage\">Trajets personnels et professionnels<\/h2>\n\n\n\n<p>De plus, l\u2019identifiant conducteur vous permet de diff\u00e9rencier les trajets personnels et professionnels. Par exemple, si vous autorisez vos employ\u00e9s \u00e0 utiliser les v\u00e9hicules le soir et les week-ends, vous pourrez distinguer les trajets professionnels et personnels.<\/p>\n<\/div>\n<\/div>\n\n\n\n<div class=\"wp-block-columns is-layout-flex wp-container-core-columns-is-layout-28f84493 wp-block-columns-is-layout-flex\">\n<div class=\"wp-block-column is-layout-flow wp-block-column-is-layout-flow\">\n<h2 class=\"wp-block-heading\" id=\"how-does-driver-id-work\">Comment fonctionne l\u2019identifiant conducteur ?<\/h2>\n\n\n\n<p>Un lecteur est install\u00e9 sur le tableau de bord du v\u00e9hicule et une cl\u00e9 \u00e9lectronique est attribu\u00e9e \u00e0 chaque conducteur. Une fois plac\u00e9e sur le lecteur, la cl\u00e9 enregistre le conducteur ainsi que toutes les donn\u00e9es relatives au trajet parcouru par ce conducteur.<\/p>\n\n\n\n<p>Lorsque vous d\u00e9marrez le v\u00e9hicule, une alarme retentira jusqu\u2019\u00e0 ce que la cl\u00e9 soit ins\u00e9r\u00e9e dans le lecteur.<\/p>\n\n\n\n<p>Elle continuera de sonner jusqu\u2019\u00e0 ce que la cl\u00e9 soit \u00ab&nbsp;lue&nbsp;\u00bb. Par cons\u00e9quent, nous vous recommandons d\u2019avoir plusieurs cl\u00e9s en cas de d\u00e9placement des v\u00e9hicules.<\/p>\n\n\n\n<p>Une fois la cl\u00e9 lue vous pourrez voir le nom du conducteur sur la carte de localisation en temps r\u00e9el et consulter une s\u00e9rie de rapports par conducteur et par v\u00e9hicule.<\/p>\n\n\n\n<p>Vous pouvez \u00e9galement param\u00e9trer les informations d\u2019un conducteur dans le menu Configuration et l\u2019attribuer \u00e0 une \u00e9quipe ou \u00e0 un groupe de conducteurs.<\/p>\n<\/div>\n\n\n\n<div class=\"wp-block-column is-layout-flow wp-block-column-is-layout-flow\">\n<figure class=\"wp-block-image\"><img decoding=\"async\" src=\" https:\/\/www.quartix.com\/content\/uploads\/2018\/04\/Driver-ID-2.jpg\" alt=\"\"\/><\/figure>\n<\/div>\n<\/div>\n\n\n\n<p>Lire notre blog <a href=\"\/fr-fr\/blog\/identifiant-conducteur-rapports-plus-clairs-plus-complets\/\">Identifiant conducteur : la cl\u00e9 pour des rapports plus clairs et plus complets<\/a><\/p>\n","protected":false},"excerpt":{"rendered":"<p>Suivez chaque conducteur L\u2019identifiant conducteur de Quartix vous permet de suivre chaque conducteur lorsque vos v\u00e9hicules ne sont pas attitr\u00e9s aux employ\u00e9s. Les nombreux avantages de l\u2019utilisation de l\u2019identifiant conducteur sont les suivants&nbsp;: Feuilles de temps et heures de travail pour chaque conducteur Rapports de trajet pour chaque conducteur et v\u00e9hicule Analyse du style de [&hellip;]<\/p>\n","protected":false},"author":12,"featured_media":54339,"parent":0,"menu_order":9050,"comment_status":"closed","ping_status":"closed","template":"","meta":{"_acf_changed":false,"inline_featured_image":false,"footnotes":""},"topic":[1873],"qtx_campaign":[],"class_list":["post-75944","page","type-page","status-publish","has-post-thumbnail","hentry","topic-gestion-des-conducteurs"],"acf":[],"yoast_head":"<!-- This site is optimized with the Yoast SEO Premium plugin v27.3 (Yoast SEO v27.3) - https:\/\/yoast.com\/product\/yoast-seo-premium-wordpress\/ -->\n<title>Identifiant conducteur - Donn\u00e9es individuelles par conducteur pour les flottes avec des v\u00e9hicules partag\u00e9s - FR<\/title>\n<meta name=\"description\" content=\"Lorsque vos conducteurs partagent des v\u00e9hicules, l&#039;Identifiant conducteur de Quartix vous permet d&#039;identifier les conducteurs ainsi que les v\u00e9hicules dans les rapports.\" \/>\n<meta name=\"robots\" content=\"index, follow, max-snippet:-1, max-image-preview:large, max-video-preview:-1\" \/>\n<link rel=\"canonical\" href=\"https:\/\/www.quartix.com\/fr-fr\/identifiant-conducteur\/\" \/>\n<meta property=\"og:locale\" content=\"fr_FR\" \/>\n<meta property=\"og:type\" content=\"article\" \/>\n<meta property=\"og:title\" content=\"Identifiant conducteur\" \/>\n<meta property=\"og:description\" content=\"Lorsque vos conducteurs partagent des v\u00e9hicules, l&#039;Identifiant conducteur de Quartix vous permet d&#039;identifier les conducteurs ainsi que les v\u00e9hicules dans les rapports.\" \/>\n<meta property=\"og:url\" content=\"https:\/\/www.quartix.com\/fr-fr\/identifiant-conducteur\/\" \/>\n<meta property=\"og:site_name\" content=\"Quartix\" \/>\n<meta property=\"article:publisher\" content=\"https:\/\/www.facebook.com\/Quartix-USA-374426386097401\/\" \/>\n<meta property=\"article:modified_time\" content=\"2022-06-22T14:11:27+00:00\" \/>\n<meta property=\"og:image\" content=\"https:\/\/www.quartix.com\/content\/uploads\/2019\/07\/Driver-ID-2.jpg\" \/>\n\t<meta property=\"og:image:width\" content=\"450\" \/>\n\t<meta property=\"og:image:height\" content=\"316\" \/>\n\t<meta property=\"og:image:type\" content=\"image\/jpeg\" \/>\n<meta name=\"twitter:card\" content=\"summary_large_image\" \/>\n<meta name=\"twitter:site\" content=\"@QuartixUSA\" \/>\n<meta name=\"twitter:label1\" content=\"Est. reading time\" \/>\n\t<meta name=\"twitter:data1\" content=\"2 minutes\" \/>\n<!-- \/ Yoast SEO Premium plugin. -->","yoast_head_json":{"title":"Identifiant conducteur - Donn\u00e9es individuelles par conducteur pour les flottes avec des v\u00e9hicules partag\u00e9s - FR","description":"Lorsque vos conducteurs partagent des v\u00e9hicules, l'Identifiant conducteur de Quartix vous permet d'identifier les conducteurs ainsi que les v\u00e9hicules dans les rapports.","robots":{"index":"index","follow":"follow","max-snippet":"max-snippet:-1","max-image-preview":"max-image-preview:large","max-video-preview":"max-video-preview:-1"},"canonical":"https:\/\/www.quartix.com\/fr-fr\/identifiant-conducteur\/","og_locale":"fr_FR","og_type":"article","og_title":"Identifiant conducteur","og_description":"Lorsque vos conducteurs partagent des v\u00e9hicules, l'Identifiant conducteur de Quartix vous permet d'identifier les conducteurs ainsi que les v\u00e9hicules dans les rapports.","og_url":"https:\/\/www.quartix.com\/fr-fr\/identifiant-conducteur\/","og_site_name":"Quartix","article_publisher":"https:\/\/www.facebook.com\/Quartix-USA-374426386097401\/","article_modified_time":"2022-06-22T14:11:27+00:00","og_image":[{"width":450,"height":316,"url":"https:\/\/www.quartix.com\/content\/uploads\/2019\/07\/Driver-ID-2.jpg","type":"image\/jpeg"}],"twitter_card":"summary_large_image","twitter_site":"@QuartixUSA","twitter_misc":{"Est. reading time":"2 minutes"},"schema":{"@context":"https:\/\/schema.org","@graph":[{"@type":"WebPage","@id":"https:\/\/www.quartix.com\/fr-fr\/identifiant-conducteur\/","url":"https:\/\/www.quartix.com\/fr-fr\/identifiant-conducteur\/","name":"Identifiant conducteur - Donn\u00e9es individuelles par conducteur pour les flottes avec des v\u00e9hicules partag\u00e9s","isPartOf":{"@id":"https:\/\/www.quartix.com\/fr-fr\/#website"},"primaryImageOfPage":{"@id":"https:\/\/www.quartix.com\/fr-fr\/identifiant-conducteur\/#primaryimage"},"image":{"@id":"https:\/\/www.quartix.com\/fr-fr\/identifiant-conducteur\/#primaryimage"},"thumbnailUrl":"https:\/\/www.quartix.com\/content\/uploads\/2019\/07\/Driver-ID-2.jpg","datePublished":"2022-06-22T14:11:24+00:00","dateModified":"2022-06-22T14:11:27+00:00","description":"Lorsque vos conducteurs partagent des v\u00e9hicules, l'Identifiant conducteur de Quartix vous permet d'identifier les conducteurs ainsi que les v\u00e9hicules dans les rapports.","breadcrumb":{"@id":"https:\/\/www.quartix.com\/fr-fr\/identifiant-conducteur\/#breadcrumb"},"inLanguage":"fr-FR","potentialAction":[{"@type":"ReadAction","target":["https:\/\/www.quartix.com\/fr-fr\/identifiant-conducteur\/"]}]},{"@type":"ImageObject","inLanguage":"fr-FR","@id":"https:\/\/www.quartix.com\/fr-fr\/identifiant-conducteur\/#primaryimage","url":"https:\/\/www.quartix.com\/content\/uploads\/2019\/07\/Driver-ID-2.jpg","contentUrl":"https:\/\/www.quartix.com\/content\/uploads\/2019\/07\/Driver-ID-2.jpg","width":450,"height":316},{"@type":"BreadcrumbList","@id":"https:\/\/www.quartix.com\/fr-fr\/identifiant-conducteur\/#breadcrumb","itemListElement":[{"@type":"ListItem","position":1,"name":"Accueil","item":"https:\/\/www.quartix.com\/fr-fr\/quartix-suivi-de-vehicules-en-temps-reel\/"},{"@type":"ListItem","position":2,"name":"Identifiant conducteur"}]},{"@type":"WebSite","@id":"https:\/\/www.quartix.com\/fr-fr\/#website","url":"https:\/\/www.quartix.com\/fr-fr\/","name":"Quartix","description":"Real-time vehicle tracking","publisher":{"@id":"https:\/\/www.quartix.com\/fr-fr\/#organization"},"potentialAction":[{"@type":"SearchAction","target":{"@type":"EntryPoint","urlTemplate":"https:\/\/www.quartix.com\/fr-fr\/?s={search_term_string}"},"query-input":{"@type":"PropertyValueSpecification","valueRequired":true,"valueName":"search_term_string"}}],"inLanguage":"fr-FR"},{"@type":"Organization","@id":"https:\/\/www.quartix.com\/fr-fr\/#organization","name":"Quartix","url":"https:\/\/www.quartix.com\/fr-fr\/","logo":{"@type":"ImageObject","inLanguage":"fr-FR","@id":"https:\/\/www.quartix.com\/fr-fr\/#\/schema\/logo\/image\/","url":"https:\/\/www.quartix.com\/content\/uploads\/2019\/02\/quartix-logo-eur.svg","contentUrl":"https:\/\/www.quartix.com\/content\/uploads\/2019\/02\/quartix-logo-eur.svg","width":1,"height":1,"caption":"Quartix"},"image":{"@id":"https:\/\/www.quartix.com\/fr-fr\/#\/schema\/logo\/image\/"},"sameAs":["https:\/\/www.facebook.com\/Quartix-USA-374426386097401\/","https:\/\/x.com\/QuartixUSA","https:\/\/www.linkedin.com\/company\/5346733\/","https:\/\/www.youtube.com\/channel\/UCzS-_GMfHF4kWiCheyIRrAQ"]}]}},"_links":{"self":[{"href":"https:\/\/www.quartix.com\/fr-fr\/wp-json\/wp\/v2\/pages\/75944","targetHints":{"allow":["GET"]}}],"collection":[{"href":"https:\/\/www.quartix.com\/fr-fr\/wp-json\/wp\/v2\/pages"}],"about":[{"href":"https:\/\/www.quartix.com\/fr-fr\/wp-json\/wp\/v2\/types\/page"}],"author":[{"embeddable":true,"href":"https:\/\/www.quartix.com\/fr-fr\/wp-json\/wp\/v2\/users\/12"}],"replies":[{"embeddable":true,"href":"https:\/\/www.quartix.com\/fr-fr\/wp-json\/wp\/v2\/comments?post=75944"}],"version-history":[{"count":0,"href":"https:\/\/www.quartix.com\/fr-fr\/wp-json\/wp\/v2\/pages\/75944\/revisions"}],"wp:featuredmedia":[{"embeddable":true,"href":"https:\/\/www.quartix.com\/fr-fr\/wp-json\/wp\/v2\/media\/54339"}],"wp:attachment":[{"href":"https:\/\/www.quartix.com\/fr-fr\/wp-json\/wp\/v2\/media?parent=75944"}],"wp:term":[{"taxonomy":"topic","embeddable":true,"href":"https:\/\/www.quartix.com\/fr-fr\/wp-json\/wp\/v2\/topic?post=75944"},{"taxonomy":"qtx_campaign","embeddable":true,"href":"https:\/\/www.quartix.com\/fr-fr\/wp-json\/wp\/v2\/qtx_campaign?post=75944"}],"curies":[{"name":"wp","href":"https:\/\/api.w.org\/{rel}","templated":true}]}}