{"id":92498,"date":"2023-10-03T13:54:17","date_gmt":"2023-10-03T12:54:17","guid":{"rendered":" https:\/\/www.quartix.com\/?page_id=92498"},"modified":"2023-11-07T16:28:49","modified_gmt":"2023-11-07T15:28:49","slug":"2023-suivi-flotte-gratuit","status":"publish","type":"page","link":"https:\/\/www.quartix.com\/fr-fr\/2023-suivi-flotte-gratuit\/","title":{"rendered":"Offre Sp\u00e9ciale &#8211; Suivi de flotte GRATUIT jusqu&#8217;en 2024"},"content":{"rendered":"\r\n<div   class=\"hero-block landing swapped hasimage layout5050\">\r\n    <img loading=\"lazy\" decoding=\"async\" width=\"960\" height=\"474\" src=\"https:\/\/www.quartix.com\/content\/uploads\/2023\/10\/man-in-van-header-960-wide-edited-1.png\" class=\"\" alt=\"\" srcset=\"https:\/\/www.quartix.com\/content\/uploads\/2023\/10\/man-in-van-header-960-wide-edited-1.png 960w, https:\/\/www.quartix.com\/content\/uploads\/2023\/10\/man-in-van-header-960-wide-edited-1-300x148.png 300w, https:\/\/www.quartix.com\/content\/uploads\/2023\/10\/man-in-van-header-960-wide-edited-1-768x379.png 768w\" sizes=\"auto, (max-width: 960px) 100vw, 960px\" \/>        <div class=\"hero-content blackbg\">\r\n        <div class=\"inner\">\r\n                            <p class=\"title\">Suivi de flotte GRATUIT jusqu&#8217;en 2024<\/p>\r\n                        <p>B\u00e9n\u00e9ficiez de notre syst\u00e8me de suivi de v\u00e9hicules pour tout nouveau contrat, gratuitement pendant le reste de cette ann\u00e9e.<\/p>\n                            <div class=\"buttons\">\r\n                    <a href=\"#form\" class=\"btn btn-green\"  title=\"PROFITEZ DE L'OFFRE\">PROFITEZ DE L&#8217;OFFRE<\/a>\r\n                <\/div>\r\n                    <\/div>\r\n    <\/div>\r\n<\/div>\n\n\r\n\r\n        <div id=\"more\"  class=\"landingpageouter\" style=\"background-color:#efefef ;\">\r\n        <div class=\"landingpagecolsblock twocols5050 swap-content\">\r\n                            <div class=\"col1\">\r\n                                <h2 class=\"\">Pourquoi choisir Quartix pour vos besoins de suivi de flotte ?<\/h2>                <div class='wysiwyg'><p>Rejoignez plus de 25 000 entreprises avant-gardistes qui ont r\u00e9volutionn\u00e9 leurs op\u00e9rations de flotte gr\u00e2ce \u00e0 notre syst\u00e8me intuitif de suivi de v\u00e9hicules. Quartix \u00e9value la performance des conducteurs, d\u00e9voile les inefficacit\u00e9s cach\u00e9es et offre une fen\u00eatre sur les activit\u00e9s de votre \u00e9quipe.<\/p>\n<p>Nous nous engageons \u00e0 fournir un support client exceptionnel qui vous permet d&#8217;optimiser la productivit\u00e9, de r\u00e9duire les d\u00e9penses li\u00e9es \u00e0 la flotte et de limiter les risques commerciaux.<\/p>\n<p><strong>Et pour le reste de l&#8217;ann\u00e9e 2023&#8230;<\/strong> vous pouvez profiter de tout cela gratuitement. Obtenez des informations sur l&#8217;ensemble de votre flotte pour tout nouveau contrat de suivi de v\u00e9hicules avec Quartix, gratuitement jusqu&#8217;en janvier 2024.<\/p>\n<p>&nbsp;<\/p>\n<p>Cette offre est soumise \u00e0 un contrat minimum de 12 mois et est valable jusqu&#8217;au 31 d\u00e9cembre 2023. Des <a href=\" https:\/\/www.quartix.com\/fr-fr\/conditions-generales-de-vente-quartix-v3\/\">conditions g\u00e9n\u00e9rales<\/a> s&#8217;appliquent.<\/p>\n<\/div>                <\/div>\r\n                <div class=\"col2\">\r\n                                    <div class=\"\"><img loading=\"lazy\" decoding=\"async\" width=\"640\" height=\"693\" src=\"https:\/\/www.quartix.com\/content\/uploads\/2023\/10\/Quartix-screens-offer-image-768x832.png\" class=\"\" alt=\"\" srcset=\"https:\/\/www.quartix.com\/content\/uploads\/2023\/10\/Quartix-screens-offer-image-768x832.png 768w, https:\/\/www.quartix.com\/content\/uploads\/2023\/10\/Quartix-screens-offer-image-277x300.png 277w, https:\/\/www.quartix.com\/content\/uploads\/2023\/10\/Quartix-screens-offer-image-923x1000.png 923w, https:\/\/www.quartix.com\/content\/uploads\/2023\/10\/Quartix-screens-offer-image-997x1080.png 997w, https:\/\/www.quartix.com\/content\/uploads\/2023\/10\/Quartix-screens-offer-image.png 1300w\" sizes=\"auto, (max-width: 640px) 100vw, 640px\" \/><\/div>                                <\/div>\r\n        <\/div>\r\n    <\/div>\r\n\r\n\r\n\n\n\r\n<div   class=\"hero-block smallhero\">\r\n    <img loading=\"lazy\" decoding=\"async\" width=\"1920\" height=\"684\" src=\"https:\/\/www.quartix.com\/content\/uploads\/2023\/09\/Van-fleet.png\" class=\"\" alt=\"\" srcset=\"https:\/\/www.quartix.com\/content\/uploads\/2023\/09\/Van-fleet.png 1920w, https:\/\/www.quartix.com\/content\/uploads\/2023\/09\/Van-fleet-300x107.png 300w, https:\/\/www.quartix.com\/content\/uploads\/2023\/09\/Van-fleet-1000x356.png 1000w, https:\/\/www.quartix.com\/content\/uploads\/2023\/09\/Van-fleet-768x274.png 768w, https:\/\/www.quartix.com\/content\/uploads\/2023\/09\/Van-fleet-1536x547.png 1536w\" sizes=\"auto, (max-width: 1920px) 100vw, 1920px\" \/>                <div class=\"hero-overlay\"><\/div>\r\n            \r\n\r\n\r\n    <div class=\"hero-content \">\r\n        <div class=\"inner\">\r\n                            <p class=\"title stylelikeh3\">Faites en sorte que le reste de l&#8217;ann\u00e9e 2023 compte. Profitez gratuitement de notre syst\u00e8me de suivi de v\u00e9hicules performant.<\/p>                                                        <div class=\"buttons\">\r\n                    <a href=\"#form\" class=\"btn btn-green btn-inline\"  title=\"PROFITEZ DE L'OFFRE\">PROFITEZ DE L&#8217;OFFRE<\/a>\r\n                <\/div>\r\n                    <\/div>\r\n    <\/div>\r\n<\/div>\n\n\r\n\r\n        <div  class=\"landingpageouter\" style=\"background-color:#ffffff ;\">\r\n        <div class=\"landingpagecolsblock twocols5050 \">\r\n                            <div class=\"col1\">\r\n                                <h2 class=\"\">Visibilit\u00e9 compl\u00e8te de votre flotte, o\u00f9 que vous soyez<\/h2>                <div class='wysiwyg'><p>Les traceurs GPS Quartix fournissent un enregistrement de chaque trajet effectu\u00e9 par vos conducteurs, avec les temps de d\u00e9part, d&#8217;arriv\u00e9e et de marche au ralenti. Voyez les itin\u00e9raires exacts emprunt\u00e9s et la vitesse du v\u00e9hicule \u00e0 chaque point de rep\u00e8re ; un simple clic les affiche dans Google Street View pour vous donner une vue similaire \u00e0 celle de votre conducteur.<\/p>\n<ul>\n<li>Des traceurs GPS simples et discrets<\/li>\n<li>Balises disponibles en auto-installation<\/li>\n<li>Mises \u00e0 jour en temps r\u00e9el<\/li>\n<\/ul>\n<\/div>                <\/div>\r\n                <div class=\"col2\">\r\n                                    <div class=\"\"><img loading=\"lazy\" decoding=\"async\" width=\"640\" height=\"433\" src=\"https:\/\/www.quartix.com\/content\/uploads\/2023\/10\/Man-getting-out-of-van-768x519-1.png\" class=\"\" alt=\"\" srcset=\"https:\/\/www.quartix.com\/content\/uploads\/2023\/10\/Man-getting-out-of-van-768x519-1.png 768w, https:\/\/www.quartix.com\/content\/uploads\/2023\/10\/Man-getting-out-of-van-768x519-1-300x203.png 300w\" sizes=\"auto, (max-width: 640px) 100vw, 640px\" \/><\/div>                                <\/div>\r\n        <\/div>\r\n    <\/div>\r\n\r\n\r\n\n\n    <div class=\"button-container centre\">\r\n<a href=\"#form\" class=\"btn pagebuilder-btn btn-green btn-\" title=\"PROFITEZ DE L'OFFRE\" >PROFITEZ DE L&#8217;OFFRE<\/a>\r\n<\/div>\r\n\n\n                <h2 style=\"text-align:center; margin-bottom: 0;\">Approuv\u00e9 par 25 000 gestionnaires de flotte dans le monde entier<\/h2>\r\n            <section  class=\"qtx-pagebuilder-section qtx-pagebuilder-section-slick slider34167529\">\r\n                            <div class=\"slide\">\r\n                                    <a href=\"\/fr-fr\/temoignages-clients\/floriant-express\/\" target=\"_blank\" title=\"\"><\/a>\r\n                                    <img loading=\"lazy\" decoding=\"async\" width=\"300\" height=\"140\" src=\"https:\/\/www.quartix.com\/content\/uploads\/2023\/10\/floriant-express-logo-300x140.jpg\" class=\"\" alt=\"\" srcset=\"https:\/\/www.quartix.com\/content\/uploads\/2023\/10\/floriant-express-logo-300x140.jpg 300w, https:\/\/www.quartix.com\/content\/uploads\/2023\/10\/floriant-express-logo-768x359.jpg 768w, https:\/\/www.quartix.com\/content\/uploads\/2023\/10\/floriant-express-logo.jpg 985w\" sizes=\"auto, (max-width: 300px) 100vw, 300px\" \/>  \r\n            <\/div>\r\n                    <div class=\"slide\">\r\n                                    <a href=\"\/fr-fr\/temoignages-clients\/eleclerc-location\/\" target=\"_blank\" title=\"\"><\/a>\r\n                                    <img loading=\"lazy\" decoding=\"async\" width=\"185\" height=\"46\" src=\"https:\/\/www.quartix.com\/content\/uploads\/2023\/10\/logo.png\" class=\"\" alt=\"\" \/>  \r\n            <\/div>\r\n                    <div class=\"slide\">\r\n                                    <a href=\"\/fr-fr\/temoignages-clients\/ville-thonon\/\" target=\"_blank\" title=\"\"><\/a>\r\n                                    <img loading=\"lazy\" decoding=\"async\" width=\"140\" height=\"101\" src=\"https:\/\/www.quartix.com\/content\/uploads\/2023\/10\/Logo_Mairie_Thonon.png\" class=\"\" alt=\"\" \/>  \r\n            <\/div>\r\n                    <div class=\"slide\">\r\n                                <img loading=\"lazy\" decoding=\"async\" width=\"160\" height=\"160\" src=\"https:\/\/www.quartix.com\/content\/uploads\/2023\/10\/Elite-pare-brise.png\" class=\"\" alt=\"\" srcset=\"https:\/\/www.quartix.com\/content\/uploads\/2023\/10\/Elite-pare-brise.png 160w, https:\/\/www.quartix.com\/content\/uploads\/2023\/10\/Elite-pare-brise-150x150.png 150w\" sizes=\"auto, (max-width: 160px) 100vw, 160px\" \/>  \r\n            <\/div>\r\n                    <div class=\"slide\">\r\n                                    <a href=\"\/fr-fr\/temoignages-clients\/bcbg\/\" target=\"_blank\" title=\"\"><\/a>\r\n                                    <img loading=\"lazy\" decoding=\"async\" width=\"300\" height=\"98\" src=\"https:\/\/www.quartix.com\/content\/uploads\/2023\/10\/bcbg-logo-300x98.png\" class=\"\" alt=\"\" srcset=\"https:\/\/www.quartix.com\/content\/uploads\/2023\/10\/bcbg-logo-300x98.png 300w, https:\/\/www.quartix.com\/content\/uploads\/2023\/10\/bcbg-logo.png 388w\" sizes=\"auto, (max-width: 300px) 100vw, 300px\" \/>  \r\n            <\/div>\r\n            <\/section>\r\n\r\n<script nonce=\"\" nonce=\"\">\r\n    jQuery(function($) {\r\n        $( document ).ready(function(){\r\n            $('.qtx-pagebuilder-section-slick.slider34167529').slick({\r\n                arrows: false,\r\n                dots: true,\r\n                slidesToShow: 3,\r\n                slidesToScroll: 1,\r\n                responsive: [\r\n                    {\r\n                    breakpoint: 1024,\r\n                    settings: {\r\n                        slidesToShow: 2,\r\n                        }\r\n                    },\r\n                    {\r\n                    breakpoint: 768,\r\n                    settings: {\r\n                        slidesToShow: 1,\r\n                        } \r\n                    },\r\n                ]\r\n            });\r\n        });\r\n    });\r\n<\/script>\r\n\n\n\r\n<div   class=\"hero-block smallhero\">\r\n            <div class=\"hero-overlay greybg\"><\/div>\r\n    \r\n\r\n\r\n    <div class=\"hero-content greybg noimage\">\r\n        <div class=\"inner\">\r\n                            <p class=\"title stylelikeh3\">Vous pr\u00e9f\u00e9rez nous parler ? Contactez notre \u00e9quipe d&#8217;experts en suivi de v\u00e9hicules au 01 70 39 43 70<\/p>                                                        <div class=\"buttons\">\r\n                    <a href=\"tel:0033170394370\" class=\"btn btn-green btn-inline\" target=\"_blank\" title=\"Appelez Quartix maintenant\">Appelez Quartix maintenant<\/a>\r\n                <\/div>\r\n                    <\/div>\r\n    <\/div>\r\n<\/div>\n\n\r\n        <section  class=\"qtx-pagebuilder-section qtx-pagebuilder-section-cta_block vertical cta group\">\r\n\r\n        <div class=\"ctacontainer\">\r\n            <div class=\"ctaimage\">\r\n                <img loading=\"lazy\" decoding=\"async\" width=\"500\" height=\"334\" src=\"https:\/\/www.quartix.com\/content\/uploads\/2023\/08\/van-image.png\" class=\"\" alt=\"\" srcset=\"https:\/\/www.quartix.com\/content\/uploads\/2023\/08\/van-image.png 500w, https:\/\/www.quartix.com\/content\/uploads\/2023\/08\/van-image-300x200.png 300w\" sizes=\"auto, (max-width: 500px) 100vw, 500px\" \/>  \r\n            <\/div>\r\n            <div class=\"ctacontent\">\r\n                <h4>Visibilit\u00e9 compl\u00e8te de la flotte<\/h4>                <p>Obtenez des informations sur l&#8217;activit\u00e9 de votre flotte, 24 heures sur 24, 7 jours sur 7. Quartix vous donne les outils pour \u00e9liminer l&#8217;usage non autoris\u00e9 des v\u00e9hicules, optimiser l&#8217;utilisation et g\u00e9rer une flotte productive.<\/p>                \r\n            <\/div>\r\n        <\/div>\r\n\r\n        <div class=\"ctacontainer\">\r\n            <div class=\"ctaimage\">\r\n                <img loading=\"lazy\" decoding=\"async\" width=\"1299\" height=\"820\" src=\"https:\/\/www.quartix.com\/content\/uploads\/2023\/10\/Localisation-temps-reel.png\" class=\"\" alt=\"\" srcset=\"https:\/\/www.quartix.com\/content\/uploads\/2023\/10\/Localisation-temps-reel.png 1299w, https:\/\/www.quartix.com\/content\/uploads\/2023\/10\/Localisation-temps-reel-300x189.png 300w, https:\/\/www.quartix.com\/content\/uploads\/2023\/10\/Localisation-temps-reel-1000x631.png 1000w, https:\/\/www.quartix.com\/content\/uploads\/2023\/10\/Localisation-temps-reel-768x485.png 768w\" sizes=\"auto, (max-width: 1299px) 100vw, 1299px\" \/>  \r\n            <\/div>\r\n            <div class=\"ctacontent\">\r\n                <h4>Am\u00e9lioration de la productivit\u00e9<\/h4>                <p>Faites preuve d&#8217;efficacit\u00e9 gr\u00e2ce \u00e0 la localisation en temps r\u00e9el des v\u00e9hicules et \u00e0 la recherche par code postal. Faites en sorte que votre \u00e9quipe effectue plus de missions chaque jour et r\u00e9ponde aux besoins des clients. <\/p>                \r\n            <\/div>\r\n        <\/div>\r\n\r\n        <div class=\"ctacontainer\">\r\n            <div class=\"ctaimage\">\r\n                <img loading=\"lazy\" decoding=\"async\" width=\"900\" height=\"600\" src=\"https:\/\/www.quartix.com\/content\/uploads\/2021\/08\/fuel-pumps.jpg\" class=\"\" alt=\"fuel pumps\" srcset=\"https:\/\/www.quartix.com\/content\/uploads\/2021\/08\/fuel-pumps.jpg 900w, https:\/\/www.quartix.com\/content\/uploads\/2021\/08\/fuel-pumps-300x200.jpg 300w, https:\/\/www.quartix.com\/content\/uploads\/2021\/08\/fuel-pumps-768x512.jpg 768w\" sizes=\"auto, (max-width: 900px) 100vw, 900px\" \/>  \r\n            <\/div>\r\n            <div class=\"ctacontent\">\r\n                <h4>Consommation de carburant r\u00e9duite<\/h4>                <p>Gr\u00e2ce \u00e0 nos rapports d\u00e9taill\u00e9s, il est facile de former votre personnel \u00e0 am\u00e9liorer son style de conduite. R\u00e9duisez vos co\u00fbts de carburant en encourageant une conduite s\u00fbre et \u00e9conomique.\u202f<\/p>                \r\n            <\/div>\r\n        <\/div>\r\n    <\/section>\r\n    \n\n\r\n<section class=\"qtx-pagebuilder-section qtx-pagebuilder-section-bannercontent  \"\r\nstyle=\"background-color:#E4E5E6; color: initial;\">\r\n    <div class=\"bannercontentinner\">\r\n        <h2 style=\"text-align: center\">&#8220;Nous avons lors de ces premiers mois d\u2019utilisation diminu\u00e9 les temps de trajets et am\u00e9lior\u00e9 les comportements de conduite de nos agents et ainsi optimis\u00e9 la consommation de carburant. L\u2019outil nous permet de v\u00e9rifier en temps r\u00e9el l\u2019utilisation des v\u00e9hicules et d\u2019\u00e9viter les v\u00e9hicules dormants dans un service.&#8221;<\/h2>\n<p style=\"text-align: center\">Alain Toulza, Responsable du service Magasin \/ Parc Auto, Ville de Thonon Les Bains<\/p>\n<p><img loading=\"lazy\" decoding=\"async\" class=\"aligncenter wp-image-93980 size-full\" src=\"https:\/\/www.quartix.com\/content\/uploads\/2023\/10\/Logo_Mairie_Thonon-transparent.png\" alt=\"\" width=\"640\" height=\"171\" srcset=\"https:\/\/www.quartix.com\/content\/uploads\/2023\/10\/Logo_Mairie_Thonon-transparent.png 640w, https:\/\/www.quartix.com\/content\/uploads\/2023\/10\/Logo_Mairie_Thonon-transparent-300x80.png 300w\" sizes=\"auto, (max-width: 640px) 100vw, 640px\" \/><\/p>\n    <\/div>\r\n<\/section>\n\n<div id=\"form\"  class=\"landingpageform notopmargin  nobottommargin\">\r\n    <h2 class='form-block-title'>Commencez \u00e0 suivre votre flotte GRATUITEMENT<\/h2>\n<div class=\"wpcf7 no-js\" id=\"wpcf7-f92447-o1\" lang=\"fr-FR\" dir=\"ltr\" data-wpcf7-id=\"92447\">\n<div class=\"screen-reader-response\"><p role=\"status\" aria-live=\"polite\" aria-atomic=\"true\"><\/p> <ul><\/ul><\/div>\n<form action=\"\/fr-fr\/wp-json\/wp\/v2\/pages\/92498#wpcf7-f92447-o1\" method=\"post\" class=\"wpcf7-form init\" aria-label=\"Contact form\" novalidate=\"novalidate\" data-status=\"init\">\n<fieldset class=\"hidden-fields-container\"><input type=\"hidden\" name=\"_wpcf7\" value=\"92447\" \/><input type=\"hidden\" name=\"_wpcf7_version\" value=\"6.1.5\" \/><input type=\"hidden\" name=\"_wpcf7_locale\" value=\"fr_FR\" \/><input type=\"hidden\" name=\"_wpcf7_unit_tag\" value=\"wpcf7-f92447-o1\" \/><input type=\"hidden\" name=\"_wpcf7_container_post\" value=\"0\" \/><input type=\"hidden\" name=\"_wpcf7_posted_data_hash\" value=\"\" \/><input type=\"hidden\" name=\"_wpcf7cf_hidden_group_fields\" value=\"[]\" \/><input type=\"hidden\" name=\"_wpcf7cf_hidden_groups\" value=\"[]\" \/><input type=\"hidden\" name=\"_wpcf7cf_visible_groups\" value=\"[]\" \/><input type=\"hidden\" name=\"_wpcf7cf_repeaters\" value=\"[]\" \/><input type=\"hidden\" name=\"_wpcf7cf_steps\" value=\"{}\" \/><input type=\"hidden\" name=\"_wpcf7cf_options\" value=\"{&quot;form_id&quot;:92447,&quot;conditions&quot;:[],&quot;settings&quot;:{&quot;animation&quot;:&quot;yes&quot;,&quot;animation_intime&quot;:200,&quot;animation_outtime&quot;:200,&quot;conditions_ui&quot;:&quot;normal&quot;,&quot;notice_dismissed&quot;:false,&quot;notice_dismissed_update-cf7-6.0&quot;:true,&quot;notice_dismissed_update-cf7-6.0.1&quot;:true,&quot;notice_dismissed_update-cf7-6.0.2&quot;:true,&quot;notice_dismissed_rollback-cf7-6.0.5&quot;:true}}\" \/><input type=\"hidden\" name=\"_wpcf7_recaptcha_response\" value=\"\" \/>\n<\/fieldset>\n<div class=\"input-wrapper\"><span class=\"icon icon-face\"><\/span><span class=\"wpcf7-form-control-wrap\" data-name=\"first_name\"><input size=\"40\" maxlength=\"400\" class=\"wpcf7-form-control wpcf7-text wpcf7-validates-as-required\" aria-required=\"true\" aria-invalid=\"false\" placeholder=\"Pr\u00e9nom *\" value=\"\" type=\"text\" name=\"first_name\" \/><\/span><span class=\"wpcf7-form-control-wrap\" data-name=\"last_name\"><input size=\"40\" maxlength=\"400\" class=\"wpcf7-form-control wpcf7-text wpcf7-validates-as-required\" aria-required=\"true\" aria-invalid=\"false\" placeholder=\"Nom *\" value=\"\" type=\"text\" name=\"last_name\" \/><\/span><\/div>\n<div class=\"input-wrapper\"><span class=\"icon icon-envelope\"><\/span><span class=\"wpcf7-form-control-wrap\" data-name=\"email\"><input size=\"40\" maxlength=\"400\" class=\"wpcf7-form-control wpcf7-email wpcf7-validates-as-required wpcf7-text wpcf7-validates-as-email\" aria-required=\"true\" aria-invalid=\"false\" placeholder=\"Email *\" value=\"\" type=\"email\" name=\"email\" \/><\/span><\/div>\n<div class=\"input-wrapper\"><span class=\"icon icon-company\"><\/span><span class=\"wpcf7-form-control-wrap\" data-name=\"company\"><input size=\"40\" maxlength=\"400\" class=\"wpcf7-form-control wpcf7-text wpcf7-validates-as-required\" aria-required=\"true\" aria-invalid=\"false\" placeholder=\"Soci\u00e9t\u00e9 *\" value=\"\" type=\"text\" name=\"company\" \/><\/span><\/div>\n<div class=\"input-wrapper\"><span class=\"icon icon-telephone\"><\/span><span class=\"wpcf7-form-control-wrap\" data-name=\"phone\"><input size=\"40\" maxlength=\"400\" class=\"wpcf7-form-control wpcf7-tel wpcf7-validates-as-required wpcf7-text wpcf7-validates-as-tel\" aria-required=\"true\" aria-invalid=\"false\" placeholder=\"T\u00e9l\u00e9phone *\" value=\"\" type=\"tel\" name=\"phone\" \/><\/span><\/div>\n<div class=\"input-wrapper\"><span class=\"icon icon-vehicles\"><\/span><span class=\"wpcf7-form-control-wrap\" data-name=\"number_of_vehicles\"><input class=\"wpcf7-form-control wpcf7-number wpcf7-validates-as-required wpcf7-validates-as-number\" min=\"1\" aria-required=\"true\" aria-invalid=\"false\" placeholder=\"Taille de votre flotte *\" value=\"\" type=\"number\" name=\"number_of_vehicles\" \/><\/span><\/div>\n<input type=\"hidden\" name=\"thankyouURL\" value=\"\/fr-fr\/merci-offre-speciale\/\" class=\"wpcf7-form-control wpcf7-hidden\" id=\"thankyouURL\">\n<input class=\"wpcf7-form-control wpcf7-hidden\" value=\"\" type=\"hidden\" name=\"pardot_extra_field\" \/>\n<input type=\"hidden\" name=\"page_title\" value=\"No post title\" class=\"wpcf7-form-control wpcf7-hidden\">\n<div class=\"recatpcha-text\">Ce site est prot\u00e9g\u00e9 par reCAPTCHA et la <a href=\"https:\/\/policies.google.com\/privacy?hl=fr\">politique de confidentialit\u00e9<\/a> et les <a href=\"https:\/\/policies.google.com\/terms?hl=fr\">conditions d&#8217;utilisation<\/a> de Google s&#8217;appliquent.<\/div>\n<div class=\"input-wrapper\"><input class=\"wpcf7-form-control wpcf7-submit has-spinner icon-plane\" type=\"submit\" value=\"OBTENEZ L&#039;OFFRE\" \/><\/div><div class=\"wpcf7-response-output\" aria-hidden=\"true\"><\/div>\n<\/form>\n<\/div>\n<\/div>","protected":false},"excerpt":{"rendered":"","protected":false},"author":12,"featured_media":0,"parent":0,"menu_order":0,"comment_status":"closed","ping_status":"closed","template":"templates\/landing-pagebuilder.php","meta":{"_acf_changed":false,"inline_featured_image":false,"footnotes":""},"topic":[],"qtx_campaign":[],"class_list":["post-92498","page","type-page","status-publish","hentry"],"acf":[],"yoast_head":"<!-- This site is optimized with the Yoast SEO Premium plugin v27.3 (Yoast SEO v27.3) - https:\/\/yoast.com\/product\/yoast-seo-premium-wordpress\/ -->\n<title>Offre Sp\u00e9ciale - Suivi de flotte GRATUIT jusqu&#039;en 2024 - FR<\/title>\n<meta name=\"robots\" content=\"noindex, nofollow\" \/>\n<meta property=\"og:locale\" content=\"fr_FR\" \/>\n<meta property=\"og:type\" content=\"article\" \/>\n<meta property=\"og:title\" content=\"Offre Sp\u00e9ciale - Suivi de flotte GRATUIT jusqu&#039;en 2024\" \/>\n<meta property=\"og:url\" content=\"https:\/\/www.quartix.com\/fr-fr\/2023-suivi-flotte-gratuit\/\" \/>\n<meta property=\"og:site_name\" content=\"Quartix\" \/>\n<meta property=\"article:publisher\" content=\"https:\/\/www.facebook.com\/Quartix-USA-374426386097401\/\" \/>\n<meta property=\"article:modified_time\" content=\"2023-11-07T15:28:49+00:00\" \/>\n<meta name=\"twitter:card\" content=\"summary_large_image\" \/>\n<meta name=\"twitter:site\" content=\"@QuartixUSA\" \/>\n<!-- \/ Yoast SEO Premium plugin. -->","yoast_head_json":{"title":"Offre Sp\u00e9ciale - Suivi de flotte GRATUIT jusqu'en 2024 - FR","robots":{"index":"noindex","follow":"nofollow"},"og_locale":"fr_FR","og_type":"article","og_title":"Offre Sp\u00e9ciale - Suivi de flotte GRATUIT jusqu'en 2024","og_url":"https:\/\/www.quartix.com\/fr-fr\/2023-suivi-flotte-gratuit\/","og_site_name":"Quartix","article_publisher":"https:\/\/www.facebook.com\/Quartix-USA-374426386097401\/","article_modified_time":"2023-11-07T15:28:49+00:00","twitter_card":"summary_large_image","twitter_site":"@QuartixUSA","schema":{"@context":"https:\/\/schema.org","@graph":[{"@type":"WebPage","@id":"https:\/\/www.quartix.com\/fr-fr\/2023-suivi-flotte-gratuit\/","url":"https:\/\/www.quartix.com\/fr-fr\/2023-suivi-flotte-gratuit\/","name":"Offre Sp\u00e9ciale - Suivi de flotte GRATUIT jusqu'en 2024","isPartOf":{"@id":"https:\/\/www.quartix.com\/fr-fr\/#website"},"datePublished":"2023-10-03T12:54:17+00:00","dateModified":"2023-11-07T15:28:49+00:00","breadcrumb":{"@id":"https:\/\/www.quartix.com\/fr-fr\/2023-suivi-flotte-gratuit\/#breadcrumb"},"inLanguage":"fr-FR","potentialAction":[{"@type":"ReadAction","target":["https:\/\/www.quartix.com\/fr-fr\/2023-suivi-flotte-gratuit\/"]}]},{"@type":"BreadcrumbList","@id":"https:\/\/www.quartix.com\/fr-fr\/2023-suivi-flotte-gratuit\/#breadcrumb","itemListElement":[{"@type":"ListItem","position":1,"name":"Accueil","item":"https:\/\/www.quartix.com\/fr-fr\/quartix-suivi-de-vehicules-en-temps-reel\/"},{"@type":"ListItem","position":2,"name":"Offre Sp\u00e9ciale &#8211; Suivi de flotte GRATUIT jusqu&#8217;en 2024"}]},{"@type":"WebSite","@id":"https:\/\/www.quartix.com\/fr-fr\/#website","url":"https:\/\/www.quartix.com\/fr-fr\/","name":"Quartix","description":"Real-time vehicle tracking","publisher":{"@id":"https:\/\/www.quartix.com\/fr-fr\/#organization"},"potentialAction":[{"@type":"SearchAction","target":{"@type":"EntryPoint","urlTemplate":"https:\/\/www.quartix.com\/fr-fr\/?s={search_term_string}"},"query-input":{"@type":"PropertyValueSpecification","valueRequired":true,"valueName":"search_term_string"}}],"inLanguage":"fr-FR"},{"@type":"Organization","@id":"https:\/\/www.quartix.com\/fr-fr\/#organization","name":"Quartix","url":"https:\/\/www.quartix.com\/fr-fr\/","logo":{"@type":"ImageObject","inLanguage":"fr-FR","@id":"https:\/\/www.quartix.com\/fr-fr\/#\/schema\/logo\/image\/","url":"https:\/\/www.quartix.com\/content\/uploads\/2019\/02\/quartix-logo-eur.svg","contentUrl":"https:\/\/www.quartix.com\/content\/uploads\/2019\/02\/quartix-logo-eur.svg","width":1,"height":1,"caption":"Quartix"},"image":{"@id":"https:\/\/www.quartix.com\/fr-fr\/#\/schema\/logo\/image\/"},"sameAs":["https:\/\/www.facebook.com\/Quartix-USA-374426386097401\/","https:\/\/x.com\/QuartixUSA","https:\/\/www.linkedin.com\/company\/5346733\/","https:\/\/www.youtube.com\/channel\/UCzS-_GMfHF4kWiCheyIRrAQ"]}]}},"_links":{"self":[{"href":"https:\/\/www.quartix.com\/fr-fr\/wp-json\/wp\/v2\/pages\/92498","targetHints":{"allow":["GET"]}}],"collection":[{"href":"https:\/\/www.quartix.com\/fr-fr\/wp-json\/wp\/v2\/pages"}],"about":[{"href":"https:\/\/www.quartix.com\/fr-fr\/wp-json\/wp\/v2\/types\/page"}],"author":[{"embeddable":true,"href":"https:\/\/www.quartix.com\/fr-fr\/wp-json\/wp\/v2\/users\/12"}],"replies":[{"embeddable":true,"href":"https:\/\/www.quartix.com\/fr-fr\/wp-json\/wp\/v2\/comments?post=92498"}],"version-history":[{"count":0,"href":"https:\/\/www.quartix.com\/fr-fr\/wp-json\/wp\/v2\/pages\/92498\/revisions"}],"wp:attachment":[{"href":"https:\/\/www.quartix.com\/fr-fr\/wp-json\/wp\/v2\/media?parent=92498"}],"wp:term":[{"taxonomy":"topic","embeddable":true,"href":"https:\/\/www.quartix.com\/fr-fr\/wp-json\/wp\/v2\/topic?post=92498"},{"taxonomy":"qtx_campaign","embeddable":true,"href":"https:\/\/www.quartix.com\/fr-fr\/wp-json\/wp\/v2\/qtx_campaign?post=92498"}],"curies":[{"name":"wp","href":"https:\/\/api.w.org\/{rel}","templated":true}]}}