{"id":97146,"date":"2024-02-13T16:00:55","date_gmt":"2024-02-13T15:00:55","guid":{"rendered":" https:\/\/www.quartix.com\/?page_id=97146"},"modified":"2024-02-13T16:02:10","modified_gmt":"2024-02-13T15:02:10","slug":"experimentez-la-difference-quartix","status":"publish","type":"page","link":"https:\/\/www.quartix.com\/fr-fr\/experimentez-la-difference-quartix\/","title":{"rendered":"Un partenaire de confiance pour votre flotte"},"content":{"rendered":"\r\n<div   class=\"hero-block bighero\">\r\n    <img loading=\"lazy\" decoding=\"async\" width=\"1284\" height=\"358\" src=\"https:\/\/www.quartix.com\/content\/uploads\/2023\/12\/Vans-with-sunset-banner-resized-2-2.png\" class=\"\" alt=\"Van tracking\" \/>                <div class=\"hero-overlay\"><\/div>\r\n            \r\n\r\n\r\n    <div class=\"hero-content \">\r\n        <div class=\"inner limited-width\">\r\n                                                <h1 class=\"title\">Pourquoi les entreprises choisissent Quartix pour le suivi de leur flotte<\/h1>\r\n                                <p class=\"text\">Quartix donne la priorit\u00e9 aux besoins de votre entreprise gr\u00e2ce \u00e0 notre service in\u00e9gal\u00e9 pour le suivi de v\u00e9hicules et la gestion de flotte.<\/p>                                        <div class=\"buttons\">\r\n                    <a href=\"#form\" class=\"btn btn-green btn-inline\" target=\"_blank\" title=\"Comparez les prix\">Comparez les prix<\/a>\r\n                <\/div>\r\n                    <\/div>\r\n    <\/div>\r\n<\/div>\n\n                <h2 style=\"text-align:center; margin-bottom: 0;\">Approuv\u00e9 par plus de 27 000 gestionnaires de flotte dans le monde entier<\/h2>\r\n            <section  class=\"qtx-pagebuilder-section qtx-pagebuilder-section-slick slider469283245\">\r\n                            <div class=\"slide\">\r\n                                <img loading=\"lazy\" decoding=\"async\" width=\"140\" height=\"101\" src=\"https:\/\/www.quartix.com\/content\/uploads\/2024\/02\/Logo_Mairie_Thonon.png\" class=\"\" alt=\"Logo_Mairie_Thonon\" \/>  \r\n            <\/div>\r\n                    <div class=\"slide\">\r\n                                <img loading=\"lazy\" decoding=\"async\" width=\"300\" height=\"140\" src=\"https:\/\/www.quartix.com\/content\/uploads\/2024\/02\/floriant-express-logo.jpg\" class=\"\" alt=\"\" \/>  \r\n            <\/div>\r\n                    <div class=\"slide\">\r\n                                <img loading=\"lazy\" decoding=\"async\" width=\"300\" height=\"107\" src=\"https:\/\/www.quartix.com\/content\/uploads\/2024\/02\/smartour-riviera_1140-1024x366-768x275-1.jpg\" class=\"\" alt=\"\" \/>  \r\n            <\/div>\r\n                    <div class=\"slide\">\r\n                                <img loading=\"lazy\" decoding=\"async\" width=\"300\" height=\"75\" src=\"https:\/\/www.quartix.com\/content\/uploads\/2024\/02\/E_LECLERC_Location.svg\" class=\"\" alt=\"\" \/>  \r\n            <\/div>\r\n            <\/section>\r\n\r\n<script nonce=\"\" nonce=\"\">\r\n    jQuery(function($) {\r\n        $( document ).ready(function(){\r\n            $('.qtx-pagebuilder-section-slick.slider469283245').slick({\r\n                arrows: true,\r\n                dots: false,\r\n                slidesToShow: 4,\r\n                slidesToScroll: 1,\r\n                responsive: [\r\n                    {\r\n                    breakpoint: 1024,\r\n                    settings: {\r\n                        slidesToShow: 2,\r\n                        }\r\n                    },\r\n                    {\r\n                    breakpoint: 768,\r\n                    settings: {\r\n                        slidesToShow: 1,\r\n                        } \r\n                    },\r\n                ]\r\n            });\r\n        });\r\n    });\r\n<\/script>\r\n\n\n\r\n<div   class=\"hero-block smallhero\">\r\n    <img loading=\"lazy\" decoding=\"async\" width=\"1920\" height=\"500\" src=\"https:\/\/www.quartix.com\/content\/uploads\/2023\/12\/banner-background.png\" class=\"\" alt=\"\" \/>                <div class=\"hero-overlay\"><\/div>\r\n            \r\n\r\n\r\n    <div class=\"hero-content \">\r\n        <div class=\"inner\">\r\n                            <p class=\"title stylelikeh3\">\u201cC\u2019\u00e9tait le choix le plus logique pour nous. Nous avons \u00e9t\u00e9 en contact avec un concurrent qui proposait des balises deux fois plus ch\u00e8res, et pour l\u2019usage que nous voulions en faire, Quartix offrait le meilleur rapport qualit\u00e9-prix.\u201d<\/p>                <div class=\"author\"><p>Vivien Gilliers, Technicien logistique, STP Cabrero<\/p>\n<\/div>                                        <div class=\"buttons\">\r\n                    <a href=\"#form\" class=\"btn btn-green btn-inline\"  title=\"Contactez-nous\">Contactez-nous<\/a>\r\n                <\/div>\r\n                    <\/div>\r\n    <\/div>\r\n<\/div>\n\n\n<div class=\"wp-block-columns is-layout-flex wp-container-core-columns-is-layout-28f84493 wp-block-columns-is-layout-flex\">\n<div class=\"wp-block-column is-layout-flow wp-block-column-is-layout-flow\">\n<h2 class=\"wp-block-heading\">Un service client exceptionnel. Des contrats sans surprise <\/h2>\n\n\n\n<p>Avec Quartix, vous contr\u00f4lez enti\u00e8rement votre abonnement. Nos contrats ne se renouvellent jamais automatiquement et le co\u00fbt total est toujours clairement indiqu\u00e9 avant l&#8217;achat. <\/p>\n\n\n\n<p>B\u00e9n\u00e9ficiez d&#8217;un service client in\u00e9gal\u00e9 gr\u00e2ce \u00e0 notre \u00e9quipe d\u00e9vou\u00e9e qui est toujours pr\u00eate \u00e0 vous aider. Ne vous contentez pas de nous croire sur parole : consultez nos avis et nos r\u00e9compenses pour en avoir le c\u0153ur net.<\/p>\n\n\n\n<div style=\"height:40px\" aria-hidden=\"true\" class=\"wp-block-spacer\"><\/div>\n\n\n\r\n    <p class=\"iconandlink after left\">\r\n        <a href=\"#form\" title=\"Contactez-nous\" >\r\n                        Contactez-nous            <i aria-hidden=\"true\" class=\"far fa-arrow-alt-circle-right\"><\/i>        <\/a>\r\n    <\/p>\r\n    <\/div>\n\n\n\n<div class=\"wp-block-column is-layout-flow wp-block-column-is-layout-flow\">\n<figure class=\"wp-block-image aligncenter size-full is-resized\"><img loading=\"lazy\" decoding=\"async\" width=\"500\" height=\"500\" src=\" https:\/\/www.quartix.com\/content\/uploads\/2023\/12\/1.png\" alt=\"\" class=\"wp-image-95863\" style=\"width:400px\"\/><\/figure>\n<\/div>\n<\/div>\n\n\n\n<div class=\"wp-block-columns is-layout-flex wp-container-core-columns-is-layout-28f84493 wp-block-columns-is-layout-flex\">\n<div class=\"wp-block-column is-layout-flow wp-block-column-is-layout-flow\">\n<figure class=\"wp-block-image size-full is-resized\"><img loading=\"lazy\" decoding=\"async\" width=\"500\" height=\"500\" src=\" https:\/\/www.quartix.com\/content\/uploads\/2023\/12\/2.png\" alt=\"\" class=\"wp-image-95874\" style=\"width:400px\"\/><\/figure>\n<\/div>\n\n\n\n<div class=\"wp-block-column is-layout-flow wp-block-column-is-layout-flow\">\n<h2 class=\"wp-block-heading\">Des services fiables et rapides. Contrats flexibles pour le suivi de vos v\u00e9hicules.<\/h2>\n\n\n\n<p>Quartix fournit des solutions de suivi de flotte de qualit\u00e9 depuis plus de 22 ans. Nous sommes stables, forts et l\u00e0 pour rester.<\/p>\n\n\n\n<p>Personnalisez votre solution de flotte en choisissant le dispositif de suivi qui s&#8217;int\u00e8gre parfaitement \u00e0 vos op\u00e9rations. B\u00e9n\u00e9ficiez d&#8217;une livraison le lendemain pour les balises \u00e0 installer soi-m\u00eame, et planifiez les installations filaires dans les 3 \u00e0 5 jours suivant votre commande. <\/p>\n\n\n\n<p>Nous nous engageons \u00e0 faire en sorte que chaque aspect de votre exp\u00e9rience soit simple et sans effort.<\/p>\n\n\n\n<div style=\"height:40px\" aria-hidden=\"true\" class=\"wp-block-spacer\"><\/div>\n\n\n\r\n    <p class=\"iconandlink after left\">\r\n        <a href=\"#form\" title=\"Contactez-nous\" >\r\n                        Contactez-nous            <i aria-hidden=\"true\" class=\"far fa-arrow-alt-circle-right\"><\/i>        <\/a>\r\n    <\/p>\r\n    <\/div>\n<\/div>\n\n\n\r\n<div   class=\"hero-block smallhero\">\r\n    <img loading=\"lazy\" decoding=\"async\" width=\"1080\" height=\"365\" src=\"https:\/\/www.quartix.com\/content\/uploads\/2021\/05\/van-image-on-road.png\" class=\"\" alt=\"\" srcset=\"https:\/\/www.quartix.com\/content\/uploads\/2021\/05\/van-image-on-road.png 1080w, https:\/\/www.quartix.com\/content\/uploads\/2021\/05\/van-image-on-road-300x101.png 300w, https:\/\/www.quartix.com\/content\/uploads\/2021\/05\/van-image-on-road-1000x338.png 1000w, https:\/\/www.quartix.com\/content\/uploads\/2021\/05\/van-image-on-road-768x260.png 768w\" sizes=\"auto, (max-width: 1080px) 100vw, 1080px\" \/>                <div class=\"hero-overlay\"><\/div>\r\n            \r\n\r\n\r\n    <div class=\"hero-content \">\r\n        <div class=\"inner\">\r\n                            <p class=\"title stylelikeh3\">\u201cSyst\u00e8me intuitif qui couvre toutes les bases de la t\u00e9l\u00e9matique. Excellent service \u00e0 la client\u00e8le de la part de toutes les personnes impliqu\u00e9es.\u201d<\/p>                                                <\/div>\r\n    <\/div>\r\n<\/div>\n\n\n<div class=\"wp-block-columns is-layout-flex wp-container-core-columns-is-layout-28f84493 wp-block-columns-is-layout-flex\">\n<div class=\"wp-block-column is-layout-flow wp-block-column-is-layout-flow\">\n<h2 class=\"wp-block-heading\" id=\"form\">Pr\u00eat \u00e0 booster votre flotte ? Prenez contact avec nous !<\/h2>\n\n\n\n<p>Laissez vos coordonn\u00e9es ci-dessous, et notre \u00e9quipe vous contactera pour discuter d&#8217;un devis personnalis\u00e9 adapt\u00e9 \u00e0 vos objectifs sp\u00e9cifiques de suivi de flotte.<\/p>\n\n\n\n<div class=\"wpcf7 no-js\" id=\"wpcf7-f71468-o1\" lang=\"fr-FR\" dir=\"ltr\" data-wpcf7-id=\"71468\">\n<div class=\"screen-reader-response\"><p role=\"status\" aria-live=\"polite\" aria-atomic=\"true\"><\/p> <ul><\/ul><\/div>\n<form action=\"\/fr-fr\/wp-json\/wp\/v2\/pages\/97146#wpcf7-f71468-o1\" method=\"post\" class=\"wpcf7-form init\" aria-label=\"Contact form\" novalidate=\"novalidate\" data-status=\"init\">\n<fieldset class=\"hidden-fields-container\"><input type=\"hidden\" name=\"_wpcf7\" value=\"71468\" \/><input type=\"hidden\" name=\"_wpcf7_version\" value=\"6.1.5\" \/><input type=\"hidden\" name=\"_wpcf7_locale\" value=\"fr_FR\" \/><input type=\"hidden\" name=\"_wpcf7_unit_tag\" value=\"wpcf7-f71468-o1\" \/><input type=\"hidden\" name=\"_wpcf7_container_post\" value=\"0\" \/><input type=\"hidden\" name=\"_wpcf7_posted_data_hash\" value=\"\" \/><input type=\"hidden\" name=\"_wpcf7cf_hidden_group_fields\" value=\"[]\" \/><input type=\"hidden\" name=\"_wpcf7cf_hidden_groups\" value=\"[]\" \/><input type=\"hidden\" name=\"_wpcf7cf_visible_groups\" value=\"[]\" \/><input type=\"hidden\" name=\"_wpcf7cf_repeaters\" value=\"[]\" \/><input type=\"hidden\" name=\"_wpcf7cf_steps\" value=\"{}\" \/><input type=\"hidden\" name=\"_wpcf7cf_options\" value=\"{&quot;form_id&quot;:71468,&quot;conditions&quot;:[],&quot;settings&quot;:{&quot;animation&quot;:&quot;yes&quot;,&quot;animation_intime&quot;:200,&quot;animation_outtime&quot;:200,&quot;conditions_ui&quot;:&quot;normal&quot;,&quot;notice_dismissed&quot;:false,&quot;notice_dismissed_update-cf7-6.0&quot;:true,&quot;notice_dismissed_update-cf7-6.0.1&quot;:true,&quot;notice_dismissed_update-cf7-6.0.2&quot;:true,&quot;notice_dismissed_rollback-cf7-6.0.5&quot;:true}}\" \/><input type=\"hidden\" name=\"_wpcf7_recaptcha_response\" value=\"\" \/>\n<\/fieldset>\n<div class=\"input-wrapper\"><span class=\"icon icon-face\"><\/span><span class=\"wpcf7-form-control-wrap\" data-name=\"first_name\"><input size=\"40\" maxlength=\"400\" class=\"wpcf7-form-control wpcf7-text wpcf7-validates-as-required\" aria-required=\"true\" aria-invalid=\"false\" placeholder=\"Pr\u00e9nom *\" value=\"\" type=\"text\" name=\"first_name\" \/><\/span><span class=\"wpcf7-form-control-wrap\" data-name=\"last_name\"><input size=\"40\" maxlength=\"400\" class=\"wpcf7-form-control wpcf7-text wpcf7-validates-as-required\" aria-required=\"true\" aria-invalid=\"false\" placeholder=\"Nom *\" value=\"\" type=\"text\" name=\"last_name\" \/><\/span><\/div>\n<div class=\"input-wrapper\"><span class=\"icon icon-envelope\"><\/span><span class=\"wpcf7-form-control-wrap\" data-name=\"email\"><input size=\"40\" maxlength=\"400\" class=\"wpcf7-form-control wpcf7-email wpcf7-validates-as-required wpcf7-text wpcf7-validates-as-email\" aria-required=\"true\" aria-invalid=\"false\" placeholder=\"Email *\" value=\"\" type=\"email\" name=\"email\" \/><\/span><\/div>\n<div class=\"input-wrapper\"><span class=\"icon icon-company\"><\/span><span class=\"wpcf7-form-control-wrap\" data-name=\"company\"><input size=\"40\" maxlength=\"400\" class=\"wpcf7-form-control wpcf7-text wpcf7-validates-as-required\" aria-required=\"true\" aria-invalid=\"false\" placeholder=\"Soci\u00e9t\u00e9 *\" value=\"\" type=\"text\" name=\"company\" \/><\/span><\/div>\n<div class=\"input-wrapper\"><span class=\"icon icon-telephone\"><\/span><span class=\"wpcf7-form-control-wrap\" data-name=\"phone\"><input size=\"40\" maxlength=\"400\" class=\"wpcf7-form-control wpcf7-tel wpcf7-validates-as-required wpcf7-text wpcf7-validates-as-tel\" aria-required=\"true\" aria-invalid=\"false\" placeholder=\"T\u00e9l\u00e9phone *\" value=\"\" type=\"tel\" name=\"phone\" \/><\/span><\/div>\n<div class=\"input-wrapper\"><span class=\"icon icon-vehicles\"><\/span><span class=\"wpcf7-form-control-wrap\" data-name=\"number_of_vehicles\"><input class=\"wpcf7-form-control wpcf7-number wpcf7-validates-as-required wpcf7-validates-as-number\" min=\"1\" aria-required=\"true\" aria-invalid=\"false\" placeholder=\"Taille de votre flotte *\" value=\"\" type=\"number\" name=\"number_of_vehicles\" \/><\/span><\/div>\n<div class=\"input-wrapper\"><span class=\"icon icon-message\"><\/span><span class=\"wpcf7-form-control-wrap\" data-name=\"comments\"><textarea cols=\"40\" rows=\"10\" maxlength=\"2000\" class=\"wpcf7-form-control wpcf7-textarea\" aria-invalid=\"false\" placeholder=\"Commentaires\" name=\"comments\"><\/textarea><\/span><\/div>\n<input type=\"hidden\" name=\"thankyouURL\" value=\"\/fr-fr\/merci-devis\/\" class=\"wpcf7-form-control wpcf7-hidden\" id=\"thankyouURL\">\n<input class=\"wpcf7-form-control wpcf7-hidden\" value=\"\" type=\"hidden\" name=\"pardot_extra_field\" \/>\n<input type=\"hidden\" name=\"page_title\" value=\"No post title\" class=\"wpcf7-form-control wpcf7-hidden\">\n<div class=\"recatpcha-text\">Ce site est prot\u00e9g\u00e9 par reCAPTCHA et la <a href=\"https:\/\/policies.google.com\/privacy?hl=fr\">politique de confidentialit\u00e9<\/a> et les <a href=\"https:\/\/policies.google.com\/terms?hl=fr\">conditions d'utilisation<\/a> de Google s'appliquent.<\/div>\n<div class=\"input-wrapper\"><input class=\"wpcf7-form-control wpcf7-submit has-spinner icon-plane\" type=\"submit\" value=\"Obtenez un devis\" \/><\/div><div class=\"wpcf7-response-output\" aria-hidden=\"true\"><\/div>\n<\/form>\n<\/div>\n\n\n\n\n<p>Votre trajet vers une gestion de flotte efficace commence avec Quartix.<\/p>\n<\/div>\n\n\n\n<div class=\"wp-block-column is-layout-flow wp-block-column-is-layout-flow\">\n<figure class=\"wp-block-image size-full\"><img loading=\"lazy\" decoding=\"async\" width=\"3917\" height=\"2291\" src=\" https:\/\/www.quartix.com\/content\/uploads\/2023\/08\/FR_new_screens_SEP21.png\" alt=\"\" class=\"wp-image-90509\" srcset=\"https:\/\/www.quartix.com\/content\/uploads\/2023\/08\/FR_new_screens_SEP21.png 3917w, https:\/\/www.quartix.com\/content\/uploads\/2023\/08\/FR_new_screens_SEP21-300x175.png 300w, https:\/\/www.quartix.com\/content\/uploads\/2023\/08\/FR_new_screens_SEP21-1000x585.png 1000w, https:\/\/www.quartix.com\/content\/uploads\/2023\/08\/FR_new_screens_SEP21-768x449.png 768w, https:\/\/www.quartix.com\/content\/uploads\/2023\/08\/FR_new_screens_SEP21-1536x898.png 1536w, https:\/\/www.quartix.com\/content\/uploads\/2023\/08\/FR_new_screens_SEP21-2048x1198.png 2048w, https:\/\/www.quartix.com\/content\/uploads\/2023\/08\/FR_new_screens_SEP21-1847x1080.png 1847w\" sizes=\"auto, (max-width: 3917px) 100vw, 3917px\" \/><\/figure>\n\n\n\n<figure class=\"wp-block-image aligncenter size-full is-resized\"><img loading=\"lazy\" decoding=\"async\" width=\"496\" height=\"370\" src=\" https:\/\/www.quartix.com\/content\/uploads\/2023\/12\/trustpilot-1.png\" alt=\"\" class=\"wp-image-95991\" style=\"width:200px\"\/><\/figure>\n<\/div>\n<\/div>\n\n\n\r\n<div   class=\"hero-block smallhero\">\r\n    <img loading=\"lazy\" decoding=\"async\" width=\"1920\" height=\"684\" src=\"https:\/\/www.quartix.com\/content\/uploads\/2023\/09\/Van-fleet.png\" class=\"\" alt=\"\" srcset=\"https:\/\/www.quartix.com\/content\/uploads\/2023\/09\/Van-fleet.png 1920w, https:\/\/www.quartix.com\/content\/uploads\/2023\/09\/Van-fleet-300x107.png 300w, https:\/\/www.quartix.com\/content\/uploads\/2023\/09\/Van-fleet-1000x356.png 1000w, https:\/\/www.quartix.com\/content\/uploads\/2023\/09\/Van-fleet-768x274.png 768w, https:\/\/www.quartix.com\/content\/uploads\/2023\/09\/Van-fleet-1536x547.png 1536w\" sizes=\"auto, (max-width: 1920px) 100vw, 1920px\" \/>                <div class=\"hero-overlay\"><\/div>\r\n            \r\n\r\n\r\n    <div class=\"hero-content \">\r\n        <div class=\"inner\">\r\n                            <p class=\"title stylelikeh3\">Vous pr\u00e9f\u00e9rez nous parler directement ? Appelez-nous d\u00e8s aujourd&#8217;hui au 01 70 39 43 70<\/p>                                                        <div class=\"buttons\">\r\n                    <a href=\"tel:0033170394370\" class=\"btn btn-green btn-inline\"  title=\"Appelez-nous\">Appelez-nous<\/a>\r\n                <\/div>\r\n                    <\/div>\r\n    <\/div>\r\n<\/div>","protected":false},"excerpt":{"rendered":"<p>Un service client exceptionnel. Des contrats sans surprise Avec Quartix, vous contr\u00f4lez enti\u00e8rement votre abonnement. Nos contrats ne se renouvellent jamais automatiquement et le co\u00fbt total est toujours clairement indiqu\u00e9 avant l&#8217;achat. B\u00e9n\u00e9ficiez d&#8217;un service client in\u00e9gal\u00e9 gr\u00e2ce \u00e0 notre \u00e9quipe d\u00e9vou\u00e9e qui est toujours pr\u00eate \u00e0 vous aider. Ne vous contentez pas de nous [&hellip;]<\/p>\n","protected":false},"author":12,"featured_media":0,"parent":0,"menu_order":0,"comment_status":"closed","ping_status":"closed","template":"templates\/landing-pagebuilder.php","meta":{"_acf_changed":false,"inline_featured_image":false,"footnotes":""},"topic":[],"qtx_campaign":[],"class_list":["post-97146","page","type-page","status-publish","hentry"],"acf":[],"yoast_head":"<!-- This site is optimized with the Yoast SEO Premium plugin v27.3 (Yoast SEO v27.3) - https:\/\/yoast.com\/product\/yoast-seo-premium-wordpress\/ -->\n<title>Partenaire de votre flotte | Pourquoi choisir Quartix ? - FR<\/title>\n<meta name=\"description\" content=\"Les raisons de choisir le suivi de flotte Quartix ! Faites l&#039;exp\u00e9rience de contrats flexibles et d&#039;un support client exceptionnel.\" \/>\n<meta name=\"robots\" content=\"index, follow, max-snippet:-1, max-image-preview:large, max-video-preview:-1\" \/>\n<link rel=\"canonical\" href=\"https:\/\/www.quartix.com\/fr-fr\/experimentez-la-difference-quartix\/\" \/>\n<meta property=\"og:locale\" content=\"fr_FR\" \/>\n<meta property=\"og:type\" content=\"article\" \/>\n<meta property=\"og:title\" content=\"Un partenaire de confiance pour votre flotte\" \/>\n<meta property=\"og:description\" content=\"Les raisons de choisir le suivi de flotte Quartix ! Faites l&#039;exp\u00e9rience de contrats flexibles et d&#039;un support client exceptionnel.\" \/>\n<meta property=\"og:url\" content=\"https:\/\/www.quartix.com\/fr-fr\/experimentez-la-difference-quartix\/\" \/>\n<meta property=\"og:site_name\" content=\"Quartix\" \/>\n<meta property=\"article:publisher\" content=\"https:\/\/www.facebook.com\/Quartix-USA-374426386097401\/\" \/>\n<meta property=\"article:modified_time\" content=\"2024-02-13T15:02:10+00:00\" \/>\n<meta name=\"twitter:card\" content=\"summary_large_image\" \/>\n<meta name=\"twitter:site\" content=\"@QuartixUSA\" \/>\n<meta name=\"twitter:label1\" content=\"Est. reading time\" \/>\n\t<meta name=\"twitter:data1\" content=\"1 minute\" \/>\n<!-- \/ Yoast SEO Premium plugin. -->","yoast_head_json":{"title":"Partenaire de votre flotte | Pourquoi choisir Quartix ? - FR","description":"Les raisons de choisir le suivi de flotte Quartix ! Faites l'exp\u00e9rience de contrats flexibles et d'un support client exceptionnel.","robots":{"index":"index","follow":"follow","max-snippet":"max-snippet:-1","max-image-preview":"max-image-preview:large","max-video-preview":"max-video-preview:-1"},"canonical":"https:\/\/www.quartix.com\/fr-fr\/experimentez-la-difference-quartix\/","og_locale":"fr_FR","og_type":"article","og_title":"Un partenaire de confiance pour votre flotte","og_description":"Les raisons de choisir le suivi de flotte Quartix ! Faites l'exp\u00e9rience de contrats flexibles et d'un support client exceptionnel.","og_url":"https:\/\/www.quartix.com\/fr-fr\/experimentez-la-difference-quartix\/","og_site_name":"Quartix","article_publisher":"https:\/\/www.facebook.com\/Quartix-USA-374426386097401\/","article_modified_time":"2024-02-13T15:02:10+00:00","twitter_card":"summary_large_image","twitter_site":"@QuartixUSA","twitter_misc":{"Est. reading time":"1 minute"},"schema":{"@context":"https:\/\/schema.org","@graph":[{"@type":"WebPage","@id":"https:\/\/www.quartix.com\/fr-fr\/experimentez-la-difference-quartix\/","url":"https:\/\/www.quartix.com\/fr-fr\/experimentez-la-difference-quartix\/","name":"Partenaire de votre flotte | Pourquoi choisir Quartix ?","isPartOf":{"@id":"https:\/\/www.quartix.com\/fr-fr\/#website"},"datePublished":"2024-02-13T15:00:55+00:00","dateModified":"2024-02-13T15:02:10+00:00","description":"Les raisons de choisir le suivi de flotte Quartix ! Faites l'exp\u00e9rience de contrats flexibles et d'un support client exceptionnel.","breadcrumb":{"@id":"https:\/\/www.quartix.com\/fr-fr\/experimentez-la-difference-quartix\/#breadcrumb"},"inLanguage":"fr-FR","potentialAction":[{"@type":"ReadAction","target":["https:\/\/www.quartix.com\/fr-fr\/experimentez-la-difference-quartix\/"]}]},{"@type":"BreadcrumbList","@id":"https:\/\/www.quartix.com\/fr-fr\/experimentez-la-difference-quartix\/#breadcrumb","itemListElement":[{"@type":"ListItem","position":1,"name":"Accueil","item":"https:\/\/www.quartix.com\/fr-fr\/"},{"@type":"ListItem","position":2,"name":"Un partenaire de confiance pour votre flotte"}]},{"@type":"WebSite","@id":"https:\/\/www.quartix.com\/fr-fr\/#website","url":"https:\/\/www.quartix.com\/fr-fr\/","name":"Quartix","description":"Real-time vehicle tracking","publisher":{"@id":"https:\/\/www.quartix.com\/fr-fr\/#organization"},"potentialAction":[{"@type":"SearchAction","target":{"@type":"EntryPoint","urlTemplate":"https:\/\/www.quartix.com\/fr-fr\/?s={search_term_string}"},"query-input":{"@type":"PropertyValueSpecification","valueRequired":true,"valueName":"search_term_string"}}],"inLanguage":"fr-FR"},{"@type":"Organization","@id":"https:\/\/www.quartix.com\/fr-fr\/#organization","name":"Quartix","url":"https:\/\/www.quartix.com\/fr-fr\/","logo":{"@type":"ImageObject","inLanguage":"fr-FR","@id":"https:\/\/www.quartix.com\/fr-fr\/#\/schema\/logo\/image\/","url":"https:\/\/www.quartix.com\/content\/uploads\/2019\/02\/quartix-logo-eur.svg","contentUrl":"https:\/\/www.quartix.com\/content\/uploads\/2019\/02\/quartix-logo-eur.svg","width":1,"height":1,"caption":"Quartix"},"image":{"@id":"https:\/\/www.quartix.com\/fr-fr\/#\/schema\/logo\/image\/"},"sameAs":["https:\/\/www.facebook.com\/Quartix-USA-374426386097401\/","https:\/\/x.com\/QuartixUSA","https:\/\/www.linkedin.com\/company\/5346733\/","https:\/\/www.youtube.com\/channel\/UCzS-_GMfHF4kWiCheyIRrAQ"]}]}},"_links":{"self":[{"href":"https:\/\/www.quartix.com\/fr-fr\/wp-json\/wp\/v2\/pages\/97146","targetHints":{"allow":["GET"]}}],"collection":[{"href":"https:\/\/www.quartix.com\/fr-fr\/wp-json\/wp\/v2\/pages"}],"about":[{"href":"https:\/\/www.quartix.com\/fr-fr\/wp-json\/wp\/v2\/types\/page"}],"author":[{"embeddable":true,"href":"https:\/\/www.quartix.com\/fr-fr\/wp-json\/wp\/v2\/users\/12"}],"replies":[{"embeddable":true,"href":"https:\/\/www.quartix.com\/fr-fr\/wp-json\/wp\/v2\/comments?post=97146"}],"version-history":[{"count":0,"href":"https:\/\/www.quartix.com\/fr-fr\/wp-json\/wp\/v2\/pages\/97146\/revisions"}],"wp:attachment":[{"href":"https:\/\/www.quartix.com\/fr-fr\/wp-json\/wp\/v2\/media?parent=97146"}],"wp:term":[{"taxonomy":"topic","embeddable":true,"href":"https:\/\/www.quartix.com\/fr-fr\/wp-json\/wp\/v2\/topic?post=97146"},{"taxonomy":"qtx_campaign","embeddable":true,"href":"https:\/\/www.quartix.com\/fr-fr\/wp-json\/wp\/v2\/qtx_campaign?post=97146"}],"curies":[{"name":"wp","href":"https:\/\/api.w.org\/{rel}","templated":true}]}}