{"id":107274,"date":"2024-07-03T16:04:03","date_gmt":"2024-07-03T15:04:03","guid":{"rendered":"https:\/\/www.quartix.com\/?page_id=107274"},"modified":"2024-07-05T14:04:54","modified_gmt":"2024-07-05T13:04:54","slug":"benefici-per-i-conducenti","status":"publish","type":"page","link":"https:\/\/www.quartix.com\/it-it\/benefici-per-i-conducenti\/","title":{"rendered":"Benefici della telematica per i conducenti: Trasformare gli scettici in credenti"},"content":{"rendered":"\r\n<div   class=\"hero-block bighero\">\r\n    <img loading=\"lazy\" decoding=\"async\" width=\"1920\" height=\"787\" src=\"https:\/\/www.quartix.com\/content\/uploads\/2024\/02\/Driver-at-wheel-header-image.png\" class=\"\" alt=\"\" \/>                <div class=\"hero-overlay\"><\/div>\r\n            \r\n\r\n\r\n    <div class=\"hero-content \">\r\n        <div class=\"inner limited-width\">\r\n                                                <h1 class=\"title\">Benefici della telematica per i conducenti: Come Superare lo Scetticismo<\/h1>\r\n                                <p class=\"text\">Capisci come un sistema di localizzazione veicoli pu\u00f2 essere uno strumento prezioso non solo per la tua azienda, ma anche per i tuoi conducenti.<\/p>                                        <div class=\"buttons\">\r\n                    <a href=\"#1\" class=\"btn btn-green btn-inline\" target=\"_blank\" title=\"Scopri di pi\u00f9\">Scopri di pi\u00f9<\/a>\r\n                <\/div>\r\n                    <\/div>\r\n    <\/div>\r\n<\/div>\n\n\r\n<div   class=\"hero-block smallhero\">\r\n            <div class=\"hero-overlay greybg\"><\/div>\r\n    \r\n\r\n\r\n    <div class=\"hero-content greybg noimage\">\r\n        <div class=\"inner\">\r\n                            <p class=\"title stylelikeh3\">\u201cIl sistema di localizzazione veicoli Quartix funziona davvero a difesa dei nostri conducenti. \u00c8 la loro protezione personale in caso di reclami ingiusti.\u201d <\/p>                <div class=\"author\"><p><a href=\"https:\/\/www.quartix.com\/it-it\/casi-di-studio\/john-oconner-landscaping\/\" target=\"_blank\" rel=\"noopener\">Matt O\u2019Conner, Responsabile operativo, <span class=\"accreditation\">John O\u2019Conner Landscaping<\/span><\/a><\/p>\n<\/div>                                <\/div>\r\n    <\/div>\r\n<\/div>\n\n\r\n\r\n        <div id=\"1\"  class=\"landingpageouter\" style=\"background-color:#ffffff ;\">\r\n        <div class=\"landingpagecolsblock twocols4060 \">\r\n            <div class=\"col1\">\r\n                <p class=\"pre-title\">PROTEZIONE<\/p>                <h2 class=\"\">Proteggi i tuoi conducenti da reclami falsi<\/h2>                <div class='wysiwyg'><p>Un sistema di localizzazione veicoli \u00e8 un testimone silenzioso a favore del tuo conducente; pu\u00f2 proteggerlo da reclami falsi di eccesso di velocit\u00e0, guida pericolosa o anche danni alla propriet\u00e0. Che tu stia affrontando reclami dei tuoi clienti, del pubblico, o che tu debba dimostrare che un incidente non \u00e8 stato colpa del tuo conducente, il tuo sistema telematico ti fornisce tutte le prove necessarie per proteggere il tuo personale.<\/p>\n<p><a href=\"#form\" rel=\"noopener\">Scopri di pi\u00f9<\/a><\/p>\n<p>&nbsp;<\/p>\n<\/div>            <\/div>\r\n            <div class=\"col2\">\r\n                <div class=\"responsivemedia\"><img loading=\"lazy\" decoding=\"async\" width=\"640\" height=\"640\" src=\"https:\/\/www.quartix.com\/content\/uploads\/2023\/10\/man-working-on-vehicle-tracking-laws-768x768.png\" class=\"\" alt=\"\" srcset=\"https:\/\/www.quartix.com\/content\/uploads\/2023\/10\/man-working-on-vehicle-tracking-laws-768x768.png 768w, https:\/\/www.quartix.com\/content\/uploads\/2023\/10\/man-working-on-vehicle-tracking-laws-300x300.png 300w, https:\/\/www.quartix.com\/content\/uploads\/2023\/10\/man-working-on-vehicle-tracking-laws-1000x1000.png 1000w, https:\/\/www.quartix.com\/content\/uploads\/2023\/10\/man-working-on-vehicle-tracking-laws-150x150.png 150w, https:\/\/www.quartix.com\/content\/uploads\/2023\/10\/man-working-on-vehicle-tracking-laws-1080x1080.png 1080w, https:\/\/www.quartix.com\/content\/uploads\/2023\/10\/man-working-on-vehicle-tracking-laws.png 1200w\" sizes=\"auto, (max-width: 640px) 100vw, 640px\" \/><\/div>            <\/div>\r\n                        <\/div>\r\n    <\/div>\r\n\r\n\r\n\n\n\r\n\r\n        <div  class=\"landingpageouter\" style=\"background-color:#ffffff ;\">\r\n        <div class=\"landingpagecolsblock twocols4060 swap-content\">\r\n            <div class=\"col1\">\r\n                <p class=\"pre-title\">ASSISTENZA D&#8217;EMERGENZA<\/p>                <h2 class=\"\">Invia aiuto alla posizione esatta del tuo membro del team, rapidamente<\/h2>                <div class='wysiwyg'><p>A volte i tuoi conducenti possono trovarsi in difficolt\u00e0. Questo pu\u00f2 essere un problema significativo quando i lavoratori sono da soli senza nessuno nelle vicinanze per avvisare. La capacit\u00e0 di individuare la loro posizione in caso di emergenze diventa cruciale e pu\u00f2 fare la differenza per salvare vite. I nostri studi di casi dei clienti mostrano molti esempi in cui il sistema di localizzazione \u00e8 stato inestimabile.<\/p>\n<p><a href=\"https:\/\/www.quartix.com\/it-it\/risorse\/casi-di-studio\/\" target=\"_blank\" rel=\"noopener\">Vedi le storie dei clienti<\/a><\/p>\n<\/div>            <\/div>\r\n            <div class=\"col2\">\r\n                <div class=\"responsivemedia\"><img loading=\"lazy\" decoding=\"async\" width=\"640\" height=\"427\" src=\"https:\/\/www.quartix.com\/content\/uploads\/2023\/05\/utlilities-telecoms-electrician-768x512.jpg\" class=\"\" alt=\"\" srcset=\"https:\/\/www.quartix.com\/content\/uploads\/2023\/05\/utlilities-telecoms-electrician-768x512.jpg 768w, https:\/\/www.quartix.com\/content\/uploads\/2023\/05\/utlilities-telecoms-electrician-300x200.jpg 300w, https:\/\/www.quartix.com\/content\/uploads\/2023\/05\/utlilities-telecoms-electrician.jpg 800w\" sizes=\"auto, (max-width: 640px) 100vw, 640px\" \/><\/div>            <\/div>\r\n                        <\/div>\r\n    <\/div>\r\n\r\n\r\n\n\n\r\n\r\n        <div id=\"video\"  class=\"landingpageouter\" style=\"background-color:#ffffff ;\">\r\n        <div class=\"landingpagecolsblock twocols4060 \">\r\n            <div class=\"col1\">\r\n                <p class=\"pre-title\">GUIDA SICURA<\/p>                <h2 class=\"\">Aiuta i tuoi conducenti ad imparare tecniche di guida pi\u00f9 sicure<\/h2>                <div class='wysiwyg'><p>Scopri come le informazioni che ottieni dai dati di localizzazione veicoli possono tradursi in passaggi chiari che puoi incoraggiare i tuoi conducenti a seguire, per proteggere se stessi e gli altri sulla strada.<\/p>\n<p><a href=\"https:\/\/www.quartix.com\/it-it\/localizzatore-gps\/stile-di-guida\/\" target=\"_blank\" rel=\"noopener\">Scopri di pi\u00f9<\/a><\/p>\n<\/div>            <\/div>\r\n            <div class=\"col2\">\r\n                <div class=\"responsivemedia\"><img loading=\"lazy\" decoding=\"async\" width=\"456\" height=\"305\" src=\"https:\/\/www.quartix.com\/content\/uploads\/2024\/05\/Driver-in-vehicle-US.png\" class=\"\" alt=\"Driver in vehicle USA\" srcset=\"https:\/\/www.quartix.com\/content\/uploads\/2024\/05\/Driver-in-vehicle-US.png 456w, https:\/\/www.quartix.com\/content\/uploads\/2024\/05\/Driver-in-vehicle-US-300x201.png 300w\" sizes=\"auto, (max-width: 456px) 100vw, 456px\" \/><\/div>            <\/div>\r\n                        <\/div>\r\n    <\/div>\r\n\r\n\r\n\n\n\r\n\r\n        <div id=\"video\"  class=\"landingpageouter\" style=\"background-color:#ffffff ;\">\r\n        <div class=\"landingpagecolsblock twocols4060 swap-content\">\r\n            <div class=\"col1\">\r\n                <p class=\"pre-title\">SUPPORTO<\/p>                <h2 class=\"\">Convalida le ore di lavoro per una giusta compensazione<\/h2>                <div class='wysiwyg'><p>Con la telematica che fornisce informazioni concrete, scopri come evitare incongruenze nelle ore di lavoro, nei fogli di presenza o nelle fatture, assicurando che i tuoi conducenti sappiano che vengono pagati correttamente.<\/p>\n<p><a href=\"#form\" rel=\"noopener\">Scopri di pi\u00f9<\/a><\/p>\n<\/div>            <\/div>\r\n            <div class=\"col2\">\r\n                <div class=\"responsivemedia\"><img loading=\"lazy\" decoding=\"async\" width=\"640\" height=\"426\" src=\"https:\/\/www.quartix.com\/content\/uploads\/2022\/06\/Es-Road.jpg\" class=\"\" alt=\"\" srcset=\"https:\/\/www.quartix.com\/content\/uploads\/2022\/06\/Es-Road.jpg 700w, https:\/\/www.quartix.com\/content\/uploads\/2022\/06\/Es-Road-300x200.jpg 300w\" sizes=\"auto, (max-width: 640px) 100vw, 640px\" \/><\/div>            <\/div>\r\n                        <\/div>\r\n    <\/div>\r\n\r\n\r\n\n\n\n<div class=\"wp-block-columns is-layout-flex wp-container-core-columns-is-layout-28f84493 wp-block-columns-is-layout-flex\">\n<div class=\"wp-block-column is-layout-flow wp-block-column-is-layout-flow\" id=\"form\">\n<h2 class=\"wp-block-heading\" id=\"form\">Pronto a migliorare la tua flotta? Contattaci!<\/h2>\n\n\n\n<p>Lascia i tuoi dati qui sotto e il nostro team ti contatter\u00e0 per discutere un preventivo personalizzato che si adatta ai tuoi obiettivi specifici per la flotta.\n<\/p>\n\n\n\n<div class=\"wpcf7 no-js\" id=\"wpcf7-f70384-o1\" lang=\"it-IT\" dir=\"ltr\" data-wpcf7-id=\"70384\">\n<div class=\"screen-reader-response\"><p role=\"status\" aria-live=\"polite\" aria-atomic=\"true\"><\/p> <ul><\/ul><\/div>\n<form action=\"\/it-it\/wp-json\/wp\/v2\/pages\/107274#wpcf7-f70384-o1\" method=\"post\" class=\"wpcf7-form init\" aria-label=\"Contact form\" novalidate=\"novalidate\" data-status=\"init\">\n<fieldset class=\"hidden-fields-container\"><input type=\"hidden\" name=\"_wpcf7\" value=\"70384\" \/><input type=\"hidden\" name=\"_wpcf7_version\" value=\"6.1.5\" \/><input type=\"hidden\" name=\"_wpcf7_locale\" value=\"it_IT\" \/><input type=\"hidden\" name=\"_wpcf7_unit_tag\" value=\"wpcf7-f70384-o1\" \/><input type=\"hidden\" name=\"_wpcf7_container_post\" value=\"0\" \/><input type=\"hidden\" name=\"_wpcf7_posted_data_hash\" value=\"\" \/><input type=\"hidden\" name=\"_wpcf7cf_hidden_group_fields\" value=\"[]\" \/><input type=\"hidden\" name=\"_wpcf7cf_hidden_groups\" value=\"[]\" \/><input type=\"hidden\" name=\"_wpcf7cf_visible_groups\" value=\"[]\" \/><input type=\"hidden\" name=\"_wpcf7cf_repeaters\" value=\"[]\" \/><input type=\"hidden\" name=\"_wpcf7cf_steps\" value=\"{}\" \/><input type=\"hidden\" name=\"_wpcf7cf_options\" value=\"{&quot;form_id&quot;:70384,&quot;conditions&quot;:[],&quot;settings&quot;:{&quot;animation&quot;:&quot;yes&quot;,&quot;animation_intime&quot;:200,&quot;animation_outtime&quot;:200,&quot;conditions_ui&quot;:&quot;normal&quot;,&quot;notice_dismissed&quot;:false,&quot;notice_dismissed_update-cf7-6.0&quot;:true,&quot;notice_dismissed_update-cf7-6.0.1&quot;:true,&quot;notice_dismissed_update-cf7-6.0.2&quot;:true,&quot;notice_dismissed_rollback-cf7-6.0.5&quot;:true}}\" \/><input type=\"hidden\" name=\"_wpcf7_recaptcha_response\" value=\"\" \/>\n<\/fieldset>\n<div class=\"input-wrapper\"><span class=\"icon icon-face\"><\/span><span class=\"wpcf7-form-control-wrap\" data-name=\"first_name\"><input size=\"40\" maxlength=\"400\" class=\"wpcf7-form-control wpcf7-text wpcf7-validates-as-required\" aria-required=\"true\" aria-invalid=\"false\" placeholder=\"Nome *\" value=\"\" type=\"text\" name=\"first_name\" \/><\/span><span class=\"wpcf7-form-control-wrap\" data-name=\"last_name\"><input size=\"40\" maxlength=\"400\" class=\"wpcf7-form-control wpcf7-text wpcf7-validates-as-required\" aria-required=\"true\" aria-invalid=\"false\" placeholder=\"Cognome *\" value=\"\" type=\"text\" name=\"last_name\" \/><\/span><\/div>\n<div class=\"input-wrapper\"><span class=\"icon icon-envelope\"><\/span><span class=\"wpcf7-form-control-wrap\" data-name=\"email\"><input size=\"40\" maxlength=\"400\" class=\"wpcf7-form-control wpcf7-email wpcf7-validates-as-required wpcf7-text wpcf7-validates-as-email\" aria-required=\"true\" aria-invalid=\"false\" placeholder=\"Email *\" value=\"\" type=\"email\" name=\"email\" \/><\/span><\/div>\n<div class=\"input-wrapper\"><span class=\"icon icon-company\"><\/span><span class=\"wpcf7-form-control-wrap\" data-name=\"company\"><input size=\"40\" maxlength=\"400\" class=\"wpcf7-form-control wpcf7-text wpcf7-validates-as-required\" aria-required=\"true\" aria-invalid=\"false\" placeholder=\"Societ\u00e0 *\" value=\"\" type=\"text\" name=\"company\" \/><\/span><\/div>\n<div class=\"input-wrapper\"><span class=\"icon icon-telephone\"><\/span><span class=\"wpcf7-form-control-wrap\" data-name=\"phone\"><input size=\"40\" maxlength=\"400\" class=\"wpcf7-form-control wpcf7-tel wpcf7-validates-as-required wpcf7-text wpcf7-validates-as-tel\" aria-required=\"true\" aria-invalid=\"false\" placeholder=\"Telefono *\" value=\"\" type=\"tel\" name=\"phone\" \/><\/span><\/div>\n<div class=\"input-wrapper\"><span class=\"icon icon-vehicles\"><\/span><span class=\"wpcf7-form-control-wrap\" data-name=\"number_of_vehicles\"><input class=\"wpcf7-form-control wpcf7-number wpcf7-validates-as-required wpcf7-validates-as-number\" min=\"1\" aria-required=\"true\" aria-invalid=\"false\" placeholder=\"Parco auto *\" value=\"\" type=\"number\" name=\"number_of_vehicles\" \/><\/span><\/div>\n<div class=\"input-wrapper\"><span class=\"icon icon-message\"><\/span><span class=\"wpcf7-form-control-wrap\" data-name=\"comments\"><textarea cols=\"40\" rows=\"10\" maxlength=\"2000\" class=\"wpcf7-form-control wpcf7-textarea\" aria-invalid=\"false\" placeholder=\"Commenti\" name=\"comments\"><\/textarea><\/span><\/div>\n<input type=\"hidden\" name=\"thankyouURL\" value=\"\/it-it\/preventivo-inviato\/\" class=\"wpcf7-form-control wpcf7-hidden\" id=\"thankyouURL\">\n<input class=\"wpcf7-form-control wpcf7-hidden\" value=\"\" type=\"hidden\" name=\"pardot_extra_field\" \/>\n<div class=\"recatpcha-text\">Questo sito \u00e8 protetto da reCAPTCHA e si <a href=\"https:\/\/policies.google.com\/privacy?hl=it\">politica sulla privacy<\/a> di Google e i <a href=\"https:\/\/policies.google.com\/terms?hl=it\">Termini di servizio<\/a> di Google.<\/div>\n<div class=\"input-wrapper\"><input class=\"wpcf7-form-control wpcf7-submit has-spinner icon-plane\" type=\"submit\" value=\"Richiedi un preventivo\" \/><\/div><div class=\"wpcf7-response-output\" aria-hidden=\"true\"><\/div>\n<\/form>\n<\/div>\n\n\n\n\n<p><\/p>\n<\/div>\n\n\n\n<div class=\"wp-block-column is-layout-flow wp-block-column-is-layout-flow\">\n<figure class=\"wp-block-image aligncenter size-full\"><img loading=\"lazy\" decoding=\"async\" width=\"2210\" height=\"1491\" src=\"https:\/\/www.quartix.com\/content\/uploads\/2024\/05\/IT-Quartix-screens-and-Driver-ID.png\" alt=\"IT Quartix screens and Driver ID\" class=\"wp-image-104173\" srcset=\"https:\/\/www.quartix.com\/content\/uploads\/2024\/05\/IT-Quartix-screens-and-Driver-ID.png 2210w, https:\/\/www.quartix.com\/content\/uploads\/2024\/05\/IT-Quartix-screens-and-Driver-ID-300x202.png 300w, https:\/\/www.quartix.com\/content\/uploads\/2024\/05\/IT-Quartix-screens-and-Driver-ID-1000x675.png 1000w, https:\/\/www.quartix.com\/content\/uploads\/2024\/05\/IT-Quartix-screens-and-Driver-ID-768x518.png 768w, https:\/\/www.quartix.com\/content\/uploads\/2024\/05\/IT-Quartix-screens-and-Driver-ID-1536x1036.png 1536w, https:\/\/www.quartix.com\/content\/uploads\/2024\/05\/IT-Quartix-screens-and-Driver-ID-2048x1382.png 2048w, https:\/\/www.quartix.com\/content\/uploads\/2024\/05\/IT-Quartix-screens-and-Driver-ID-1601x1080.png 1601w\" sizes=\"auto, (max-width: 2210px) 100vw, 2210px\" \/><\/figure>\n\n\n\n<figure class=\"wp-block-image aligncenter size-full is-resized\"><img loading=\"lazy\" decoding=\"async\" width=\"496\" height=\"370\" src=\" https:\/\/www.quartix.com\/content\/uploads\/2023\/12\/trustpilot-1.png\" alt=\"\" class=\"wp-image-95991\" style=\"width:200px\"\/><\/figure>\n<\/div>\n<\/div>\n\n\n\r\n<div   class=\"hero-block smallhero\">\r\n    <img loading=\"lazy\" decoding=\"async\" width=\"1920\" height=\"684\" src=\"https:\/\/www.quartix.com\/content\/uploads\/2023\/09\/Van-fleet.png\" class=\"\" alt=\"\" srcset=\"https:\/\/www.quartix.com\/content\/uploads\/2023\/09\/Van-fleet.png 1920w, https:\/\/www.quartix.com\/content\/uploads\/2023\/09\/Van-fleet-300x107.png 300w, https:\/\/www.quartix.com\/content\/uploads\/2023\/09\/Van-fleet-1000x356.png 1000w, https:\/\/www.quartix.com\/content\/uploads\/2023\/09\/Van-fleet-768x274.png 768w, https:\/\/www.quartix.com\/content\/uploads\/2023\/09\/Van-fleet-1536x547.png 1536w\" sizes=\"auto, (max-width: 1920px) 100vw, 1920px\" \/>                <div class=\"hero-overlay\"><\/div>\r\n            \r\n\r\n\r\n    <div class=\"hero-content \">\r\n        <div class=\"inner\">\r\n                            <p class=\"title stylelikeh3\">Preferisci parlare? Chiamaci oggi al 800 727 420<\/p>                                                        <div class=\"buttons\">\r\n                    <a href=\"tel:+39800727420\" class=\"btn btn-green btn-inline\"  title=\"Chiamaci ora\">Chiamaci ora<\/a>\r\n                <\/div>\r\n                    <\/div>\r\n    <\/div>\r\n<\/div>","protected":false},"excerpt":{"rendered":"<p>Pronto a migliorare la tua flotta? Contattaci! Lascia i tuoi dati qui sotto e il nostro team ti contatter\u00e0 per discutere un preventivo personalizzato che si adatta ai tuoi obiettivi specifici per la flotta.<\/p>\n","protected":false},"author":12,"featured_media":102907,"parent":0,"menu_order":0,"comment_status":"closed","ping_status":"closed","template":"templates\/landing-pagebuilder.php","meta":{"_acf_changed":false,"inline_featured_image":false,"footnotes":""},"topic":[],"qtx_campaign":[],"class_list":["post-107274","page","type-page","status-publish","has-post-thumbnail","hentry"],"acf":[],"yoast_head":"<!-- This site is optimized with the Yoast SEO Premium plugin v27.3 (Yoast SEO v27.3) - https:\/\/yoast.com\/product\/yoast-seo-premium-wordpress\/ -->\n<title>Benefici della telematica per i conducenti: Trasformare gli scettici in credenti - IT<\/title>\n<meta name=\"description\" content=\"Capisci come un sistema di localizzazione veicoli pu\u00f2 essere uno strumento prezioso non solo per la tua azienda, ma anche per i tuoi conducenti.\" \/>\n<meta name=\"robots\" content=\"index, follow, max-snippet:-1, max-image-preview:large, max-video-preview:-1\" \/>\n<link rel=\"canonical\" href=\"https:\/\/www.quartix.com\/it-it\/benefici-per-i-conducenti\/\" \/>\n<meta property=\"og:locale\" content=\"it_IT\" \/>\n<meta property=\"og:type\" content=\"article\" \/>\n<meta property=\"og:title\" content=\"Benefici della telematica per i conducenti: Trasformare gli scettici in credenti\" \/>\n<meta property=\"og:description\" content=\"Capisci come un sistema di localizzazione veicoli pu\u00f2 essere uno strumento prezioso non solo per la tua azienda, ma anche per i tuoi conducenti.\" \/>\n<meta property=\"og:url\" content=\"https:\/\/www.quartix.com\/it-it\/benefici-per-i-conducenti\/\" \/>\n<meta property=\"og:site_name\" content=\"Quartix\" \/>\n<meta property=\"article:publisher\" content=\"https:\/\/www.facebook.com\/Quartix-USA-374426386097401\/\" \/>\n<meta property=\"article:modified_time\" content=\"2024-07-05T13:04:54+00:00\" \/>\n<meta property=\"og:image\" content=\"https:\/\/www.quartix.com\/content\/uploads\/2024\/05\/Driver-in-vehicle-US.png\" \/>\n\t<meta property=\"og:image:width\" content=\"456\" \/>\n\t<meta property=\"og:image:height\" content=\"305\" \/>\n\t<meta property=\"og:image:type\" content=\"image\/png\" \/>\n<meta name=\"twitter:card\" content=\"summary_large_image\" \/>\n<meta name=\"twitter:site\" content=\"@QuartixUSA\" \/>\n<meta name=\"twitter:label1\" content=\"Est. reading time\" \/>\n\t<meta name=\"twitter:data1\" content=\"4 minutes\" \/>\n<!-- \/ Yoast SEO Premium plugin. -->","yoast_head_json":{"title":"Benefici della telematica per i conducenti: Trasformare gli scettici in credenti - IT","description":"Capisci come un sistema di localizzazione veicoli pu\u00f2 essere uno strumento prezioso non solo per la tua azienda, ma anche per i tuoi conducenti.","robots":{"index":"index","follow":"follow","max-snippet":"max-snippet:-1","max-image-preview":"max-image-preview:large","max-video-preview":"max-video-preview:-1"},"canonical":"https:\/\/www.quartix.com\/it-it\/benefici-per-i-conducenti\/","og_locale":"it_IT","og_type":"article","og_title":"Benefici della telematica per i conducenti: Trasformare gli scettici in credenti","og_description":"Capisci come un sistema di localizzazione veicoli pu\u00f2 essere uno strumento prezioso non solo per la tua azienda, ma anche per i tuoi conducenti.","og_url":"https:\/\/www.quartix.com\/it-it\/benefici-per-i-conducenti\/","og_site_name":"Quartix","article_publisher":"https:\/\/www.facebook.com\/Quartix-USA-374426386097401\/","article_modified_time":"2024-07-05T13:04:54+00:00","og_image":[{"width":456,"height":305,"url":"https:\/\/www.quartix.com\/content\/uploads\/2024\/05\/Driver-in-vehicle-US.png","type":"image\/png"}],"twitter_card":"summary_large_image","twitter_site":"@QuartixUSA","twitter_misc":{"Est. reading time":"4 minutes"},"schema":{"@context":"https:\/\/schema.org","@graph":[{"@type":"WebPage","@id":"https:\/\/www.quartix.com\/it-it\/benefici-per-i-conducenti\/","url":"https:\/\/www.quartix.com\/it-it\/benefici-per-i-conducenti\/","name":"Benefici della telematica per i conducenti: Trasformare gli scettici in credenti","isPartOf":{"@id":"https:\/\/www.quartix.com\/it-it\/#website"},"primaryImageOfPage":{"@id":"https:\/\/www.quartix.com\/it-it\/benefici-per-i-conducenti\/#primaryimage"},"image":{"@id":"https:\/\/www.quartix.com\/it-it\/benefici-per-i-conducenti\/#primaryimage"},"thumbnailUrl":"https:\/\/www.quartix.com\/content\/uploads\/2024\/05\/Driver-in-vehicle-US.png","datePublished":"2024-07-03T15:04:03+00:00","dateModified":"2024-07-05T13:04:54+00:00","description":"Capisci come un sistema di localizzazione veicoli pu\u00f2 essere uno strumento prezioso non solo per la tua azienda, ma anche per i tuoi conducenti.","breadcrumb":{"@id":"https:\/\/www.quartix.com\/it-it\/benefici-per-i-conducenti\/#breadcrumb"},"inLanguage":"it-IT","potentialAction":[{"@type":"ReadAction","target":["https:\/\/www.quartix.com\/it-it\/benefici-per-i-conducenti\/"]}]},{"@type":"ImageObject","inLanguage":"it-IT","@id":"https:\/\/www.quartix.com\/it-it\/benefici-per-i-conducenti\/#primaryimage","url":"https:\/\/www.quartix.com\/content\/uploads\/2024\/05\/Driver-in-vehicle-US.png","contentUrl":"https:\/\/www.quartix.com\/content\/uploads\/2024\/05\/Driver-in-vehicle-US.png","width":456,"height":305,"caption":"Driver in vehicle USA"},{"@type":"BreadcrumbList","@id":"https:\/\/www.quartix.com\/it-it\/benefici-per-i-conducenti\/#breadcrumb","itemListElement":[{"@type":"ListItem","position":1,"name":"Home","item":"https:\/\/www.quartix.com\/it-it\/quartix-localizzazione-dei-veicoli-in-tempo-reale\/"},{"@type":"ListItem","position":2,"name":"Benefici della telematica per i conducenti: Trasformare gli scettici in credenti"}]},{"@type":"WebSite","@id":"https:\/\/www.quartix.com\/it-it\/#website","url":"https:\/\/www.quartix.com\/it-it\/","name":"Quartix","description":"Real-time vehicle tracking","publisher":{"@id":"https:\/\/www.quartix.com\/it-it\/#organization"},"potentialAction":[{"@type":"SearchAction","target":{"@type":"EntryPoint","urlTemplate":"https:\/\/www.quartix.com\/it-it\/?s={search_term_string}"},"query-input":{"@type":"PropertyValueSpecification","valueRequired":true,"valueName":"search_term_string"}}],"inLanguage":"it-IT"},{"@type":"Organization","@id":"https:\/\/www.quartix.com\/it-it\/#organization","name":"Quartix","url":"https:\/\/www.quartix.com\/it-it\/","logo":{"@type":"ImageObject","inLanguage":"it-IT","@id":"https:\/\/www.quartix.com\/it-it\/#\/schema\/logo\/image\/","url":"https:\/\/www.quartix.com\/content\/uploads\/2019\/02\/quartix-logo-eur.svg","contentUrl":"https:\/\/www.quartix.com\/content\/uploads\/2019\/02\/quartix-logo-eur.svg","width":1,"height":1,"caption":"Quartix"},"image":{"@id":"https:\/\/www.quartix.com\/it-it\/#\/schema\/logo\/image\/"},"sameAs":["https:\/\/www.facebook.com\/Quartix-USA-374426386097401\/","https:\/\/x.com\/QuartixUSA","https:\/\/www.linkedin.com\/company\/5346733\/","https:\/\/www.youtube.com\/channel\/UCzS-_GMfHF4kWiCheyIRrAQ"]}]}},"_links":{"self":[{"href":"https:\/\/www.quartix.com\/it-it\/wp-json\/wp\/v2\/pages\/107274","targetHints":{"allow":["GET"]}}],"collection":[{"href":"https:\/\/www.quartix.com\/it-it\/wp-json\/wp\/v2\/pages"}],"about":[{"href":"https:\/\/www.quartix.com\/it-it\/wp-json\/wp\/v2\/types\/page"}],"author":[{"embeddable":true,"href":"https:\/\/www.quartix.com\/it-it\/wp-json\/wp\/v2\/users\/12"}],"replies":[{"embeddable":true,"href":"https:\/\/www.quartix.com\/it-it\/wp-json\/wp\/v2\/comments?post=107274"}],"version-history":[{"count":0,"href":"https:\/\/www.quartix.com\/it-it\/wp-json\/wp\/v2\/pages\/107274\/revisions"}],"wp:featuredmedia":[{"embeddable":true,"href":"https:\/\/www.quartix.com\/it-it\/wp-json\/wp\/v2\/media\/102907"}],"wp:attachment":[{"href":"https:\/\/www.quartix.com\/it-it\/wp-json\/wp\/v2\/media?parent=107274"}],"wp:term":[{"taxonomy":"topic","embeddable":true,"href":"https:\/\/www.quartix.com\/it-it\/wp-json\/wp\/v2\/topic?post=107274"},{"taxonomy":"qtx_campaign","embeddable":true,"href":"https:\/\/www.quartix.com\/it-it\/wp-json\/wp\/v2\/qtx_campaign?post=107274"}],"curies":[{"name":"wp","href":"https:\/\/api.w.org\/{rel}","templated":true}]}}