{"id":108080,"date":"2024-07-23T13:33:43","date_gmt":"2024-07-23T12:33:43","guid":{"rendered":"https:\/\/www.quartix.com\/?page_id=108080"},"modified":"2024-07-23T13:49:21","modified_gmt":"2024-07-23T12:49:21","slug":"guida_alle_politiche_sull_eccesso_di_velocita","status":"publish","type":"page","link":"https:\/\/www.quartix.com\/it-it\/guida_alle_politiche_sull_eccesso_di_velocita\/","title":{"rendered":"Applicare una politica aziendale sull&#8217;eccesso di velocit\u00e0: il vantaggio del monitoraggio dei veicoli"},"content":{"rendered":"\r\n<div   class=\"hero-block bighero\">\r\n    <img loading=\"lazy\" decoding=\"async\" width=\"940\" height=\"381\" src=\"https:\/\/www.quartix.com\/content\/uploads\/2024\/02\/driving-in-the-us.png\" class=\"\" alt=\"\" \/>                <div class=\"hero-overlay\"><\/div>\r\n            \r\n\r\n\r\n    <div class=\"hero-content \">\r\n        <div class=\"inner limited-width\">\r\n                                                <p class=\"title stylelikeh1\">Migliora la sicurezza aziendale riducendo i limiti di velocit\u00e0 con la localizzazione dei veicoli<\/p>\r\n                                <p class=\"text\">Riducete il rischio di incidenti stradali stabilendo i parametri per la riduzione della velocit\u00e0, definendo le regole per i vostri conducenti e utilizzando i dati telematici per monitorare i progressi. <\/p>                                        <div class=\"buttons\">\r\n                    <a href=\"https:\/\/go.marketing.quartix.com\/Guida_alle_politiche_sull_eccesso_di_velocita\" class=\"btn btn-green btn-inline\" target=\"_blank\" title=\"SCARICA LA GUIDA\">SCARICA LA GUIDA<\/a>\r\n                <\/div>\r\n                    <\/div>\r\n    <\/div>\r\n<\/div>\n\n\r\n<div   class=\"hero-block smallhero landing-cta\">\r\n            <div class=\"hero-overlay greybg\"><\/div>\r\n        <div class=\"hero-content greybg noimage\">\r\n        <div class=\"inner\">\r\n            <h2 class=\"title\">Scopri in che modo l&#8217;eccesso di velocit\u00e0 influisce direttamente sulla sicurezza e comporta un aumento dei costi complessivi.<\/h2>            <div class=\"author\"><p>Eliminate queste conseguenze utilizzando la localizzazione dei veicoli per aiutare i vostri conducenti ad adottare comportamenti di guida migliori.<\/p>\n<\/div>                        \r\n                            <div class=\"buttons\">\r\n                    <a href=\"https:\/\/go.marketing.quartix.com\/Guida_alle_politiche_sull_eccesso_di_velocita\" class=\"btn btn-green\" target=\"_blank\" title=\"SCARICA LA GUIDA\">SCARICA LA GUIDA<\/a>\r\n                <\/div>\r\n                    <\/div>\r\n    <\/div>\r\n<\/div>\n\n\r\n\r\n        <div  class=\"landingpageouter\" style=\"background-color:#ffffff ;\">\r\n        <div class=\"landingpagecolsblock twocols4060 \">\r\n            <div class=\"col1\">\r\n                <p class=\"pre-title\">CAPIRE L&#8217;IMPATTO&#8230;<\/p>                <h2 class=\"\">dell&#8217;eccesso di velocit\u00e0 sulla vostra azienda.<\/h2>                <div class='wysiwyg'><p>Multe, usura dei veicoli, danni alla reputazione, lesioni e incidenti: in questa guida scoprirete quanto l&#8217;eccesso di velocit\u00e0 possa essere dannoso per la vostra azienda e per i vostri conducenti.<\/p>\n<\/div>            <\/div>\r\n            <div class=\"col2\">\r\n                <div class=\"responsivemedia\"><img loading=\"lazy\" decoding=\"async\" width=\"640\" height=\"438\" src=\"https:\/\/www.quartix.com\/content\/uploads\/2024\/02\/car-crash.png\" class=\"\" alt=\"road traffic incident\" \/><\/div>            <\/div>\r\n                        <\/div>\r\n    <\/div>\r\n\r\n\r\n\n\n\r\n\r\n        <div  class=\"landingpageouter\" style=\"background-color:#efefef ;\">\r\n        <div class=\"landingpagecolsblock twocols4060 swap-content\">\r\n            <div class=\"col1\">\r\n                <p class=\"pre-title\">OTTENERE INFORMAZIONI UTILI&#8230;<\/p>                <h2 class=\"\">dal vostro sistema di tracciamento dei veicoli<\/h2>                <div class='wysiwyg'><p>L&#8217;analisi della velocit\u00e0, i rapporti sui conducenti e i punteggi di guida del nostro sistema di localizzazione \u00a0vi aiutano a individuare i cambiamenti necessari e a formare i vostri autisti per migliorare le loro prestazioni.<\/p>\n<\/div>            <\/div>\r\n            <div class=\"col2\">\r\n                <div class=\"responsivemedia\"><img loading=\"lazy\" decoding=\"async\" width=\"640\" height=\"537\" src=\"https:\/\/www.quartix.com\/content\/uploads\/2024\/01\/employee-and-employer-talking-vehicle-tracking.png\" class=\"\" alt=\"\" \/><\/div>            <\/div>\r\n                        <\/div>\r\n    <\/div>\r\n\r\n\r\n\n\n\r\n\r\n        <div  class=\"landingpageouter\" style=\"background-color:#ffffff ;\">\r\n        <div class=\"landingpagecolsblock twocols4060 \">\r\n            <div class=\"col1\">\r\n                <p class=\"pre-title\">SCOPRITE I VANTAGGI&#8230;<\/p>                <h2 class=\"\">di una politica aziendale sulla riduzione dei limiti di velocit\u00e0<\/h2>                <div class='wysiwyg'><p>Aspettative chiare, revisioni periodiche, sistemi di incentivi: avere delle linee guida per la gestione dell&#8217;eccesso di velocit\u00e0 in azienda pu\u00f2 aiutarvi a evitare conseguenze negative e a tutelare i vostri dipendenti.<\/p>\n<\/div>            <\/div>\r\n            <div class=\"col2\">\r\n                <div class=\"responsivemedia\"><img loading=\"lazy\" decoding=\"async\" width=\"459\" height=\"420\" src=\"https:\/\/www.quartix.com\/content\/uploads\/2024\/02\/van-driver.png\" class=\"\" alt=\"\" \/><\/div>            <\/div>\r\n                        <\/div>\r\n    <\/div>\r\n\r\n\r\n\n\n\r\n<div   class=\"hero-block smallhero\">\r\n    <img loading=\"lazy\" decoding=\"async\" width=\"940\" height=\"268\" src=\"https:\/\/www.quartix.com\/content\/uploads\/2024\/01\/US-roads-busy-2.png\" class=\"\" alt=\"\" \/>                <div class=\"hero-overlay\"><\/div>\r\n            \r\n\r\n\r\n    <div class=\"hero-content \">\r\n        <div class=\"inner\">\r\n                            <p class=\"title stylelikeh3\">Assicuratevi che i vostri autisti sappiano che la vostra azienda si impegna per la sicurezza con una politica chiara contro l&#8217;eccesso di velocit\u00e0.<\/p>                                                        <div class=\"buttons\">\r\n                    <a href=\"https:\/\/go.marketing.quartix.com\/Guida_alle_politiche_sull_eccesso_di_velocita\" class=\"btn btn-green btn-inline\" target=\"_blank\" title=\"SCARICA LA GUIDA\">SCARICA LA GUIDA<\/a>\r\n                <\/div>\r\n                    <\/div>\r\n    <\/div>\r\n<\/div>\n\n\r\n<section class=\"qtx-pagebuilder-section qtx-pagebuilder-section-bannercontent  notopmargin \"\r\nstyle=\"background-color:#13AB5B; color: #FFFFFF;\">\r\n    <div class=\"bannercontentinner\">\r\n        <p style=\"text-align: center\">&#8220;Se un autista \u00e8 coinvolto in un incidente, non solo \u00e8 una grande preoccupazione per noi, ma \u00e8 anche incredibilmente costoso per l&#8217;azienda. La guida sicura fa parte del nostro programma di risparmio&#8221;.<\/p>\n<p style=\"text-align: center\">&#8211; Matt O&#8217;Conner, John O&#8217;Conner Impresa di giardinaggio<\/p>\n    <\/div>\r\n<\/section>\n\n\n<div class=\"wp-block-columns is-layout-flex wp-container-core-columns-is-layout-28f84493 wp-block-columns-is-layout-flex\">\n<div class=\"wp-block-column is-layout-flow wp-block-column-is-layout-flow\">\n<h2 class=\"wp-block-heading\">La vostra guida al rispetto delle norme in materia di eccesso di velocit\u00e0<\/h2>\n\n\n\n<p>La vostra guida al rispetto delle norme in materia di eccesso di velocit\u00e0Riducete l&#8217;eccesso di velocit\u00e0 e rendete i viaggi pi\u00f9 sicuri usando i dati di tracciamento dei veicoli per supportare le linee guida aziendali sulla velocit\u00e0 e il comportamento dei conducenti.<\/p>\n\n\n    <div class=\"button-container \">\r\n<a href=\"https:\/\/go.marketing.quartix.com\/Guida_alle_politiche_sull_eccesso_di_velocita\" class=\"btn pagebuilder-btn btn-green btn-\" title=\"SCARICA LA GUIDA\" target=\"_blank\">SCARICA LA GUIDA<\/a>\r\n<\/div>\r\n<\/div>\n\n\n\n<div class=\"wp-block-column is-layout-flow wp-block-column-is-layout-flow\">\n<figure class=\"wp-block-image size-full is-resized\"><img loading=\"lazy\" decoding=\"async\" width=\"545\" height=\"650\" src=\"https:\/\/www.quartix.com\/content\/uploads\/2024\/07\/IT-speeding-policy-guide.png\" alt=\"\" class=\"wp-image-108105\" style=\"width:357px;height:auto\" srcset=\"https:\/\/www.quartix.com\/content\/uploads\/2024\/07\/IT-speeding-policy-guide.png 545w, https:\/\/www.quartix.com\/content\/uploads\/2024\/07\/IT-speeding-policy-guide-252x300.png 252w\" sizes=\"auto, (max-width: 545px) 100vw, 545px\" \/><\/figure>\n<\/div>\n<\/div>\n","protected":false},"excerpt":{"rendered":"<p>Le politiche aziendali di eccesso di velocit\u00e0 riducono al minimo il rischio di incidenti per una flotta e riducono i costi aziendali. Questa guida esamina il motivo per cui i conducenti potrebbero superare i limiti di velocit\u00e0 e spiega come il sistema di localizzazione dei veicoli pu\u00f2 aiutarti a far rispettare la politica aziendale sulla velocit\u00e0.<\/p>\n","protected":false},"author":12,"featured_media":108094,"parent":0,"menu_order":3410,"comment_status":"closed","ping_status":"closed","template":"templates\/landing-pagebuilder.php","meta":{"_acf_changed":false,"inline_featured_image":false,"footnotes":""},"topic":[1908],"qtx_campaign":[],"class_list":["post-108080","page","type-page","status-publish","has-post-thumbnail","hentry","topic-gestione-dei-conducenti"],"acf":[],"yoast_head":"<!-- This site is optimized with the Yoast SEO Premium plugin v27.3 (Yoast SEO v27.3) - https:\/\/yoast.com\/product\/yoast-seo-premium-wordpress\/ -->\n<title>Guida alle politiche sull&#039;eccesso di velocita - IT<\/title>\n<meta name=\"description\" content=\"Le politiche aziendali di eccesso di velocit\u00e0 riducono il rischio di incidenti per una flotta. Questa guida esamina i rischi e spiega come il tuo sistema di localizzazione del veicolo pu\u00f2 aiutarti.\" \/>\n<meta name=\"robots\" content=\"index, follow, max-snippet:-1, max-image-preview:large, max-video-preview:-1\" \/>\n<link rel=\"canonical\" href=\"https:\/\/www.quartix.com\/it-it\/guida_alle_politiche_sull_eccesso_di_velocita\/\" \/>\n<meta property=\"og:locale\" content=\"it_IT\" \/>\n<meta property=\"og:type\" content=\"article\" \/>\n<meta property=\"og:title\" content=\"Applicare una politica aziendale sull&#039;eccesso di velocit\u00e0: il vantaggio del monitoraggio dei veicoli\" \/>\n<meta property=\"og:description\" content=\"Le politiche aziendali di eccesso di velocit\u00e0 riducono il rischio di incidenti per una flotta. Questa guida esamina i rischi e spiega come il tuo sistema di localizzazione del veicolo pu\u00f2 aiutarti.\" \/>\n<meta property=\"og:url\" content=\"https:\/\/www.quartix.com\/it-it\/guida_alle_politiche_sull_eccesso_di_velocita\/\" \/>\n<meta property=\"og:site_name\" content=\"Quartix\" \/>\n<meta property=\"article:publisher\" content=\"https:\/\/www.facebook.com\/Quartix-USA-374426386097401\/\" \/>\n<meta property=\"article:modified_time\" content=\"2024-07-23T12:49:21+00:00\" \/>\n<meta property=\"og:image\" content=\"https:\/\/www.quartix.com\/content\/uploads\/2024\/07\/busy-roadway-1.jpeg\" \/>\n\t<meta property=\"og:image:width\" content=\"1920\" \/>\n\t<meta property=\"og:image:height\" content=\"1280\" \/>\n\t<meta property=\"og:image:type\" content=\"image\/jpeg\" \/>\n<meta name=\"twitter:card\" content=\"summary_large_image\" \/>\n<meta name=\"twitter:site\" content=\"@QuartixUSA\" \/>\n<meta name=\"twitter:label1\" content=\"Est. reading time\" \/>\n\t<meta name=\"twitter:data1\" content=\"3 minutes\" \/>\n<!-- \/ Yoast SEO Premium plugin. -->","yoast_head_json":{"title":"Guida alle politiche sull'eccesso di velocita - IT","description":"Le politiche aziendali di eccesso di velocit\u00e0 riducono il rischio di incidenti per una flotta. Questa guida esamina i rischi e spiega come il tuo sistema di localizzazione del veicolo pu\u00f2 aiutarti.","robots":{"index":"index","follow":"follow","max-snippet":"max-snippet:-1","max-image-preview":"max-image-preview:large","max-video-preview":"max-video-preview:-1"},"canonical":"https:\/\/www.quartix.com\/it-it\/guida_alle_politiche_sull_eccesso_di_velocita\/","og_locale":"it_IT","og_type":"article","og_title":"Applicare una politica aziendale sull'eccesso di velocit\u00e0: il vantaggio del monitoraggio dei veicoli","og_description":"Le politiche aziendali di eccesso di velocit\u00e0 riducono il rischio di incidenti per una flotta. Questa guida esamina i rischi e spiega come il tuo sistema di localizzazione del veicolo pu\u00f2 aiutarti.","og_url":"https:\/\/www.quartix.com\/it-it\/guida_alle_politiche_sull_eccesso_di_velocita\/","og_site_name":"Quartix","article_publisher":"https:\/\/www.facebook.com\/Quartix-USA-374426386097401\/","article_modified_time":"2024-07-23T12:49:21+00:00","og_image":[{"width":1920,"height":1280,"url":"https:\/\/www.quartix.com\/content\/uploads\/2024\/07\/busy-roadway-1.jpeg","type":"image\/jpeg"}],"twitter_card":"summary_large_image","twitter_site":"@QuartixUSA","twitter_misc":{"Est. reading time":"3 minutes"},"schema":{"@context":"https:\/\/schema.org","@graph":[{"@type":"WebPage","@id":"https:\/\/www.quartix.com\/it-it\/guida_alle_politiche_sull_eccesso_di_velocita\/","url":"https:\/\/www.quartix.com\/it-it\/guida_alle_politiche_sull_eccesso_di_velocita\/","name":"Guida alle politiche sull'eccesso di velocita","isPartOf":{"@id":"https:\/\/www.quartix.com\/it-it\/#website"},"primaryImageOfPage":{"@id":"https:\/\/www.quartix.com\/it-it\/guida_alle_politiche_sull_eccesso_di_velocita\/#primaryimage"},"image":{"@id":"https:\/\/www.quartix.com\/it-it\/guida_alle_politiche_sull_eccesso_di_velocita\/#primaryimage"},"thumbnailUrl":"https:\/\/www.quartix.com\/content\/uploads\/2024\/07\/busy-roadway-1.jpeg","datePublished":"2024-07-23T12:33:43+00:00","dateModified":"2024-07-23T12:49:21+00:00","description":"Le politiche aziendali di eccesso di velocit\u00e0 riducono il rischio di incidenti per una flotta. Questa guida esamina i rischi e spiega come il tuo sistema di localizzazione del veicolo pu\u00f2 aiutarti.","breadcrumb":{"@id":"https:\/\/www.quartix.com\/it-it\/guida_alle_politiche_sull_eccesso_di_velocita\/#breadcrumb"},"inLanguage":"it-IT","potentialAction":[{"@type":"ReadAction","target":["https:\/\/www.quartix.com\/it-it\/guida_alle_politiche_sull_eccesso_di_velocita\/"]}]},{"@type":"ImageObject","inLanguage":"it-IT","@id":"https:\/\/www.quartix.com\/it-it\/guida_alle_politiche_sull_eccesso_di_velocita\/#primaryimage","url":"https:\/\/www.quartix.com\/content\/uploads\/2024\/07\/busy-roadway-1.jpeg","contentUrl":"https:\/\/www.quartix.com\/content\/uploads\/2024\/07\/busy-roadway-1.jpeg","width":1920,"height":1280},{"@type":"BreadcrumbList","@id":"https:\/\/www.quartix.com\/it-it\/guida_alle_politiche_sull_eccesso_di_velocita\/#breadcrumb","itemListElement":[{"@type":"ListItem","position":1,"name":"Home","item":"https:\/\/www.quartix.com\/it-it\/quartix-localizzazione-dei-veicoli-in-tempo-reale\/"},{"@type":"ListItem","position":2,"name":"Applicare una politica aziendale sull&#8217;eccesso di velocit\u00e0: il vantaggio del monitoraggio dei veicoli"}]},{"@type":"WebSite","@id":"https:\/\/www.quartix.com\/it-it\/#website","url":"https:\/\/www.quartix.com\/it-it\/","name":"Quartix","description":"Real-time vehicle tracking","publisher":{"@id":"https:\/\/www.quartix.com\/it-it\/#organization"},"potentialAction":[{"@type":"SearchAction","target":{"@type":"EntryPoint","urlTemplate":"https:\/\/www.quartix.com\/it-it\/?s={search_term_string}"},"query-input":{"@type":"PropertyValueSpecification","valueRequired":true,"valueName":"search_term_string"}}],"inLanguage":"it-IT"},{"@type":"Organization","@id":"https:\/\/www.quartix.com\/it-it\/#organization","name":"Quartix","url":"https:\/\/www.quartix.com\/it-it\/","logo":{"@type":"ImageObject","inLanguage":"it-IT","@id":"https:\/\/www.quartix.com\/it-it\/#\/schema\/logo\/image\/","url":"https:\/\/www.quartix.com\/content\/uploads\/2019\/02\/quartix-logo-eur.svg","contentUrl":"https:\/\/www.quartix.com\/content\/uploads\/2019\/02\/quartix-logo-eur.svg","width":1,"height":1,"caption":"Quartix"},"image":{"@id":"https:\/\/www.quartix.com\/it-it\/#\/schema\/logo\/image\/"},"sameAs":["https:\/\/www.facebook.com\/Quartix-USA-374426386097401\/","https:\/\/x.com\/QuartixUSA","https:\/\/www.linkedin.com\/company\/5346733\/","https:\/\/www.youtube.com\/channel\/UCzS-_GMfHF4kWiCheyIRrAQ"]}]}},"_links":{"self":[{"href":"https:\/\/www.quartix.com\/it-it\/wp-json\/wp\/v2\/pages\/108080","targetHints":{"allow":["GET"]}}],"collection":[{"href":"https:\/\/www.quartix.com\/it-it\/wp-json\/wp\/v2\/pages"}],"about":[{"href":"https:\/\/www.quartix.com\/it-it\/wp-json\/wp\/v2\/types\/page"}],"author":[{"embeddable":true,"href":"https:\/\/www.quartix.com\/it-it\/wp-json\/wp\/v2\/users\/12"}],"replies":[{"embeddable":true,"href":"https:\/\/www.quartix.com\/it-it\/wp-json\/wp\/v2\/comments?post=108080"}],"version-history":[{"count":0,"href":"https:\/\/www.quartix.com\/it-it\/wp-json\/wp\/v2\/pages\/108080\/revisions"}],"wp:featuredmedia":[{"embeddable":true,"href":"https:\/\/www.quartix.com\/it-it\/wp-json\/wp\/v2\/media\/108094"}],"wp:attachment":[{"href":"https:\/\/www.quartix.com\/it-it\/wp-json\/wp\/v2\/media?parent=108080"}],"wp:term":[{"taxonomy":"topic","embeddable":true,"href":"https:\/\/www.quartix.com\/it-it\/wp-json\/wp\/v2\/topic?post=108080"},{"taxonomy":"qtx_campaign","embeddable":true,"href":"https:\/\/www.quartix.com\/it-it\/wp-json\/wp\/v2\/qtx_campaign?post=108080"}],"curies":[{"name":"wp","href":"https:\/\/api.w.org\/{rel}","templated":true}]}}