{"id":108289,"date":"2024-07-29T10:45:08","date_gmt":"2024-07-29T09:45:08","guid":{"rendered":"https:\/\/www.quartix.com\/?page_id=108289"},"modified":"2024-07-29T10:45:15","modified_gmt":"2024-07-29T09:45:15","slug":"guida-allacquisto-del-sistema-di-tracciamento-dei-veicoli","status":"publish","type":"page","link":"https:\/\/www.quartix.com\/it-it\/guida-allacquisto-del-sistema-di-tracciamento-dei-veicoli\/","title":{"rendered":"Guida all&#8217;acquisto del sistema di tracciamento dei veicoli"},"content":{"rendered":"\r\n<div   class=\"hero-block bighero\">\r\n    <img loading=\"lazy\" decoding=\"async\" width=\"940\" height=\"268\" src=\"https:\/\/www.quartix.com\/content\/uploads\/2024\/01\/US-roads-busy-2.png\" class=\"\" alt=\"\" \/>                <div class=\"hero-overlay\"><\/div>\r\n            \r\n\r\n\r\n    <div class=\"hero-content \">\r\n        <div class=\"inner limited-width\">\r\n                                                <p class=\"title stylelikeh1\">Guida all&#8217;acquisto del sistema di tracciamento dei veicoli<\/p>\r\n                                <p class=\"text\">Scoprite le domande da porsi per scegliere il servizio di localizzazione pi\u00f9 adatto alla vostra azienda.<\/p>                                        <div class=\"buttons\">\r\n                    <a href=\"https:\/\/go.marketing.quartix.com\/Guida_allacquisto_del_sistema_di_tracciamento_dei_veicoli\" class=\"btn btn-green btn-inline\" target=\"_blank\" title=\"SCARICA LA GUIDA\">SCARICA LA GUIDA<\/a>\r\n                <\/div>\r\n                    <\/div>\r\n    <\/div>\r\n<\/div>\n\n\r\n<div   class=\"hero-block smallhero landing-cta\">\r\n            <div class=\"hero-overlay greybg\"><\/div>\r\n        <div class=\"hero-content greybg noimage\">\r\n        <div class=\"inner\">\r\n            <h2 class=\"title\">Scoprite quali sono le caratteristiche di un buon sistema di tracciamento dei veicoli e come ottenere il massimo ritorno dal vostro investimento.<\/h2>            <div class=\"author\"><p>In questa guida scoprirete:<\/p>\n<\/div>            <div class='landingctalist centrelist'><ul class='ticks fa-ul' style=''><li><span class='fa-li'><i class='fas fa-check-circle'><\/i><\/span>Quali rapporti sulla localizzazione dei veicoli possono contribuire a migliorare la produttivit\u00e0<\/li><li><span class='fa-li'><i class='fas fa-check-circle'><\/i><\/span>Quali sono le informazioni telematiche che possono essere utilizzate per ridurre i costi complessivi<\/li><li><span class='fa-li'><i class='fas fa-check-circle'><\/i><\/span>Come il sistema di localizzazione dei veicoli pu\u00f2 aiutarvi a salvaguardare i vostri autisti<\/li><\/ul><\/div>            \r\n                            <div class=\"buttons\">\r\n                    <a href=\"https:\/\/go.marketing.quartix.com\/Guida_allacquisto_del_sistema_di_tracciamento_dei_veicoli\" class=\"btn btn-green\" target=\"_blank\" title=\"SCARICA LA GUIDA\">SCARICA LA GUIDA<\/a>\r\n                <\/div>\r\n                    <\/div>\r\n    <\/div>\r\n<\/div>\n\n\r\n\r\n        <div  class=\"landingpageouter\" style=\"background-color:#ffffff ;\">\r\n        <div class=\"landingpagecolsblock twocols4060 \">\r\n            <div class=\"col1\">\r\n                <p class=\"pre-title\">MIGLIORARE LE OPERAZIONI<\/p>                                <div class='wysiwyg'><p>Scoprite come un sistema di tracciamento dei veicoli con fogli di presenza, report personalizzati, notifiche automatiche e la comodit\u00e0 di un&#8217;App mobile vi aiuter\u00e0 a risparmiare tempo, in modo che possiate concentrarvi sulle attivit\u00e0 principali della vostra azienda. <\/p>\n<\/div>            <\/div>\r\n            <div class=\"col2\">\r\n                <div class=\"responsivemedia\"><img loading=\"lazy\" decoding=\"async\" width=\"640\" height=\"362\" src=\"https:\/\/www.quartix.com\/content\/uploads\/2023\/10\/man-working-on-vehicle-tracking-laws-1-768x434.png\" class=\"\" alt=\"\" srcset=\"https:\/\/www.quartix.com\/content\/uploads\/2023\/10\/man-working-on-vehicle-tracking-laws-1-768x434.png 768w, https:\/\/www.quartix.com\/content\/uploads\/2023\/10\/man-working-on-vehicle-tracking-laws-1-300x170.png 300w, https:\/\/www.quartix.com\/content\/uploads\/2023\/10\/man-working-on-vehicle-tracking-laws-1-1000x565.png 1000w, https:\/\/www.quartix.com\/content\/uploads\/2023\/10\/man-working-on-vehicle-tracking-laws-1.png 1200w\" sizes=\"auto, (max-width: 640px) 100vw, 640px\" \/><\/div>            <\/div>\r\n                        <\/div>\r\n    <\/div>\r\n\r\n\r\n\n\n\r\n\r\n        <div  class=\"landingpageouter\" style=\"background-color:#efefef ;\">\r\n        <div class=\"landingpagecolsblock twocols4060 swap-content\">\r\n            <div class=\"col1\">\r\n                <p class=\"pre-title\">RIDUZIONE DEI COSTI DEL CARBURANTE<\/p>                                <div class='wysiwyg'><p>Con i prezzi del carburante sempre in aumento, assicurarsi che la vostra flotta sia il pi\u00f9 efficiente possibile pu\u00f2 fare un&#8217;enorme differenza nei vostri profitti. Scoprite come la localizzazione dei veicoli pu\u00f2 aiutarvi a identificare le aree in cui \u00e8 possibile apportare miglioramenti, come l&#8217;eccessivo funzionamento al minimo.<\/p>\n<\/div>            <\/div>\r\n            <div class=\"col2\">\r\n                <div class=\"responsivemedia\"><img loading=\"lazy\" decoding=\"async\" width=\"640\" height=\"687\" src=\"https:\/\/www.quartix.com\/content\/uploads\/2024\/07\/fuel-pump-spain-768x824.png\" class=\"\" alt=\"\" srcset=\"https:\/\/www.quartix.com\/content\/uploads\/2024\/07\/fuel-pump-spain-768x824.png 768w, https:\/\/www.quartix.com\/content\/uploads\/2024\/07\/fuel-pump-spain-280x300.png 280w, https:\/\/www.quartix.com\/content\/uploads\/2024\/07\/fuel-pump-spain-932x1000.png 932w, https:\/\/www.quartix.com\/content\/uploads\/2024\/07\/fuel-pump-spain.png 959w\" sizes=\"auto, (max-width: 640px) 100vw, 640px\" \/><\/div>            <\/div>\r\n                        <\/div>\r\n    <\/div>\r\n\r\n\r\n\n\n\r\n\r\n        <div  class=\"landingpageouter\" style=\"background-color:#f8f8f8 ;\">\r\n        <div class=\"landingpagecolsblock twocols4060 \">\r\n            <div class=\"col1\">\r\n                <p class=\"pre-title\">SUPPORTO AI CONDUCENTI<\/p>                                <div class='wysiwyg'><p>Scoprite come la localizzazione dei veicoli pu\u00f2 fornire alla vostra azienda gli strumenti necessari per riconoscere quali conducenti possono essere seguiti per migliorare le loro abitudini di guida, creando cos\u00ec una flotta pi\u00f9 sicura.  <\/p>\n<\/div>            <\/div>\r\n            <div class=\"col2\">\r\n                <div class=\"responsivemedia\"><img loading=\"lazy\" decoding=\"async\" width=\"640\" height=\"414\" src=\"https:\/\/www.quartix.com\/content\/uploads\/2024\/01\/US-man-driving-truck.png\" class=\"\" alt=\"\" \/><\/div>            <\/div>\r\n                        <\/div>\r\n    <\/div>\r\n\r\n\r\n\n\n\r\n<div   class=\"hero-block smallhero landing-cta\">\r\n    <img loading=\"lazy\" decoding=\"async\" width=\"845\" height=\"425\" src=\"https:\/\/www.quartix.com\/content\/uploads\/2024\/07\/es-van-on-roads-cropped.png\" class=\"\" alt=\"\" srcset=\"https:\/\/www.quartix.com\/content\/uploads\/2024\/07\/es-van-on-roads-cropped.png 845w, https:\/\/www.quartix.com\/content\/uploads\/2024\/07\/es-van-on-roads-cropped-300x151.png 300w, https:\/\/www.quartix.com\/content\/uploads\/2024\/07\/es-van-on-roads-cropped-768x386.png 768w\" sizes=\"auto, (max-width: 845px) 100vw, 845px\" \/>        <div class=\"hero-overlay\"><\/div>\r\n        <div class=\"hero-content \">\r\n        <div class=\"inner\">\r\n            <h2 class=\"title\">Ensure you choose the right vehicle tracking provider<\/h2>            <div class=\"author\"><p>In questa guida capirete come valutare l&#8217;azienda in cui state investendo quando installate un sistema telematico chiedendo:<\/p>\n<\/div>            <div class='landingctalist centrelist'><ul class='ticks fa-ul' style=''><li><span class='fa-li'><i class='fas fa-check-circle'><\/i><\/span>Una demo completa e interattiva<\/li><li><span class='fa-li'><i class='fas fa-check-circle'><\/i><\/span>Una prova gratuita del sistema<\/li><li><span class='fa-li'><i class='fas fa-check-circle'><\/i><\/span>Storie di successo di clienti con aziende simili<\/li><li><span class='fa-li'><i class='fas fa-check-circle'><\/i><\/span>I loro premi e risultati<\/li><\/ul><\/div>            \r\n                            <div class=\"buttons\">\r\n                    <a href=\"https:\/\/go.marketing.quartix.com\/Guida_allacquisto_del_sistema_di_tracciamento_dei_veicoli\" class=\"btn btn-green\" target=\"_blank\" title=\"SCARICA LA GUIDA\">SCARICA LA GUIDA<\/a>\r\n                <\/div>\r\n                    <\/div>\r\n    <\/div>\r\n<\/div>\n\n\r\n<section class=\"qtx-pagebuilder-section qtx-pagebuilder-section-bannercontent  notopmargin \"\r\nstyle=\"background-color:#13AB5B; color: #FFFFFF;\">\r\n    <div class=\"bannercontentinner\">\r\n        <p style=\"text-align: center\">\u201cFin dall&#8217;inizio e per tutta la durata del processo decisionale abbiamo avuto una comunicazione estremamente chiara. Ci sono state fornite tutte le informazioni di cui avevamo bisogno e le informazioni richieste sono state sempre esaurienti. Abbiamo ritenuto che il pacchetto fosse esattamente quello che stavamo cercando\u201d.<\/p>\n<p style=\"text-align: center\">&#8211; Andrew Davies, Logistica Gestione Impianti<\/p>\n    <\/div>\r\n<\/section>\n\n\n<div class=\"wp-block-columns is-layout-flex wp-container-core-columns-is-layout-28f84493 wp-block-columns-is-layout-flex\">\n<div class=\"wp-block-column is-layout-flow wp-block-column-is-layout-flow\">\n<h2 class=\"wp-block-heading\">La vostra guida alla fiducia nella localizzazione dei veicoli<\/h2>\n\n\n\n<p>Riconoscete le caratteristiche di un buon sistema telematico e come potete utilizzare al meglio tutto ci\u00f2 che ha da offrire per aiutare le attivit\u00e0 della vostra azienda. <\/p>\n\n\n    <div class=\"button-container \">\r\n<a href=\"https:\/\/go.marketing.quartix.com\/Guida_allacquisto_del_sistema_di_tracciamento_dei_veicoli\" class=\"btn pagebuilder-btn btn-green btn-\" title=\"SCARICA LA GUIDA\" target=\"_blank\">SCARICA LA GUIDA<\/a>\r\n<\/div>\r\n<\/div>\n\n\n\n<div class=\"wp-block-column is-layout-flow wp-block-column-is-layout-flow\">\n<figure class=\"wp-block-image aligncenter size-full\"><img loading=\"lazy\" decoding=\"async\" width=\"545\" height=\"650\" src=\"https:\/\/www.quartix.com\/content\/uploads\/2024\/07\/IT-buyers-guide.png\" alt=\"\" class=\"wp-image-108292\" srcset=\"https:\/\/www.quartix.com\/content\/uploads\/2024\/07\/IT-buyers-guide.png 545w, https:\/\/www.quartix.com\/content\/uploads\/2024\/07\/IT-buyers-guide-252x300.png 252w\" sizes=\"auto, (max-width: 545px) 100vw, 545px\" \/><\/figure>\n<\/div>\n<\/div>\n","protected":false},"excerpt":{"rendered":"<p>Il giusto sistema di localizzazione non ti dir\u00e0 solo dove si trovano i tuoi veicoli, ma fornir\u00e0 informazioni direttamente rilevanti per le tue operazioni commerciali. Scarica questa guida completa all&#8217;acquisto per la scelta di un fornitore.<\/p>\n","protected":false},"author":12,"featured_media":16463,"parent":0,"menu_order":3402,"comment_status":"closed","ping_status":"closed","template":"templates\/landing-pagebuilder.php","meta":{"_acf_changed":false,"inline_featured_image":false,"footnotes":""},"topic":[1909],"qtx_campaign":[],"class_list":["post-108289","page","type-page","status-publish","has-post-thumbnail","hentry","topic-efficienza-e-risparmi"],"acf":[],"yoast_head":"<!-- This site is optimized with the Yoast SEO Premium plugin v27.3 (Yoast SEO v27.3) - https:\/\/yoast.com\/product\/yoast-seo-premium-wordpress\/ -->\n<title>Guida all&#039;acquisto del sistema di tracciamento dei veicoli - IT<\/title>\n<meta name=\"description\" content=\"Sei interessato a investire in un sistema di localizzazione dei veicoli? Scarica la nostra guida all&#039;acquisto GRATUITA per aiutarti a scegliere il sistema giusto per le tue esigenze. Chiamaci oggi!\" \/>\n<meta name=\"robots\" content=\"index, follow, max-snippet:-1, max-image-preview:large, max-video-preview:-1\" \/>\n<link rel=\"canonical\" href=\"https:\/\/www.quartix.com\/it-it\/guida-allacquisto-del-sistema-di-tracciamento-dei-veicoli\/\" \/>\n<meta property=\"og:locale\" content=\"it_IT\" \/>\n<meta property=\"og:type\" content=\"article\" \/>\n<meta property=\"og:title\" content=\"Guida all&#039;acquisto del sistema di tracciamento dei veicoli\" \/>\n<meta property=\"og:description\" content=\"Sei interessato a investire in un sistema di localizzazione dei veicoli? Scarica la nostra guida all&#039;acquisto GRATUITA per aiutarti a scegliere il sistema giusto per le tue esigenze. Chiamaci oggi!\" \/>\n<meta property=\"og:url\" content=\"https:\/\/www.quartix.com\/it-it\/guida-allacquisto-del-sistema-di-tracciamento-dei-veicoli\/\" \/>\n<meta property=\"og:site_name\" content=\"Quartix\" \/>\n<meta property=\"article:publisher\" content=\"https:\/\/www.facebook.com\/Quartix-USA-374426386097401\/\" \/>\n<meta property=\"article:modified_time\" content=\"2024-07-29T09:45:15+00:00\" \/>\n<meta property=\"og:image\" content=\"https:\/\/www.quartix.com\/content\/uploads\/2019\/01\/2019-Buyers-Guide-image.jpg\" \/>\n\t<meta property=\"og:image:width\" content=\"775\" \/>\n\t<meta property=\"og:image:height\" content=\"720\" \/>\n\t<meta property=\"og:image:type\" content=\"image\/jpeg\" \/>\n<meta name=\"twitter:card\" content=\"summary_large_image\" \/>\n<meta name=\"twitter:site\" content=\"@QuartixUSA\" \/>\n<meta name=\"twitter:label1\" content=\"Est. reading time\" \/>\n\t<meta name=\"twitter:data1\" content=\"4 minutes\" \/>\n<!-- \/ Yoast SEO Premium plugin. -->","yoast_head_json":{"title":"Guida all'acquisto del sistema di tracciamento dei veicoli - IT","description":"Sei interessato a investire in un sistema di localizzazione dei veicoli? Scarica la nostra guida all'acquisto GRATUITA per aiutarti a scegliere il sistema giusto per le tue esigenze. Chiamaci oggi!","robots":{"index":"index","follow":"follow","max-snippet":"max-snippet:-1","max-image-preview":"max-image-preview:large","max-video-preview":"max-video-preview:-1"},"canonical":"https:\/\/www.quartix.com\/it-it\/guida-allacquisto-del-sistema-di-tracciamento-dei-veicoli\/","og_locale":"it_IT","og_type":"article","og_title":"Guida all'acquisto del sistema di tracciamento dei veicoli","og_description":"Sei interessato a investire in un sistema di localizzazione dei veicoli? Scarica la nostra guida all'acquisto GRATUITA per aiutarti a scegliere il sistema giusto per le tue esigenze. Chiamaci oggi!","og_url":"https:\/\/www.quartix.com\/it-it\/guida-allacquisto-del-sistema-di-tracciamento-dei-veicoli\/","og_site_name":"Quartix","article_publisher":"https:\/\/www.facebook.com\/Quartix-USA-374426386097401\/","article_modified_time":"2024-07-29T09:45:15+00:00","og_image":[{"width":775,"height":720,"url":"https:\/\/www.quartix.com\/content\/uploads\/2019\/01\/2019-Buyers-Guide-image.jpg","type":"image\/jpeg"}],"twitter_card":"summary_large_image","twitter_site":"@QuartixUSA","twitter_misc":{"Est. reading time":"4 minutes"},"schema":{"@context":"https:\/\/schema.org","@graph":[{"@type":"WebPage","@id":"https:\/\/www.quartix.com\/it-it\/guida-allacquisto-del-sistema-di-tracciamento-dei-veicoli\/","url":"https:\/\/www.quartix.com\/it-it\/guida-allacquisto-del-sistema-di-tracciamento-dei-veicoli\/","name":"Guida all'acquisto del sistema di tracciamento dei veicoli","isPartOf":{"@id":"https:\/\/www.quartix.com\/it-it\/#website"},"primaryImageOfPage":{"@id":"https:\/\/www.quartix.com\/it-it\/guida-allacquisto-del-sistema-di-tracciamento-dei-veicoli\/#primaryimage"},"image":{"@id":"https:\/\/www.quartix.com\/it-it\/guida-allacquisto-del-sistema-di-tracciamento-dei-veicoli\/#primaryimage"},"thumbnailUrl":"https:\/\/www.quartix.com\/content\/uploads\/2019\/01\/2019-Buyers-Guide-image.jpg","datePublished":"2024-07-29T09:45:08+00:00","dateModified":"2024-07-29T09:45:15+00:00","description":"Sei interessato a investire in un sistema di localizzazione dei veicoli? Scarica la nostra guida all'acquisto GRATUITA per aiutarti a scegliere il sistema giusto per le tue esigenze. Chiamaci oggi!","breadcrumb":{"@id":"https:\/\/www.quartix.com\/it-it\/guida-allacquisto-del-sistema-di-tracciamento-dei-veicoli\/#breadcrumb"},"inLanguage":"it-IT","potentialAction":[{"@type":"ReadAction","target":["https:\/\/www.quartix.com\/it-it\/guida-allacquisto-del-sistema-di-tracciamento-dei-veicoli\/"]}]},{"@type":"ImageObject","inLanguage":"it-IT","@id":"https:\/\/www.quartix.com\/it-it\/guida-allacquisto-del-sistema-di-tracciamento-dei-veicoli\/#primaryimage","url":"https:\/\/www.quartix.com\/content\/uploads\/2019\/01\/2019-Buyers-Guide-image.jpg","contentUrl":"https:\/\/www.quartix.com\/content\/uploads\/2019\/01\/2019-Buyers-Guide-image.jpg","width":775,"height":720},{"@type":"BreadcrumbList","@id":"https:\/\/www.quartix.com\/it-it\/guida-allacquisto-del-sistema-di-tracciamento-dei-veicoli\/#breadcrumb","itemListElement":[{"@type":"ListItem","position":1,"name":"Home","item":"https:\/\/www.quartix.com\/it-it\/quartix-localizzazione-dei-veicoli-in-tempo-reale\/"},{"@type":"ListItem","position":2,"name":"Guida all&#8217;acquisto del sistema di tracciamento dei veicoli"}]},{"@type":"WebSite","@id":"https:\/\/www.quartix.com\/it-it\/#website","url":"https:\/\/www.quartix.com\/it-it\/","name":"Quartix","description":"Real-time vehicle tracking","publisher":{"@id":"https:\/\/www.quartix.com\/it-it\/#organization"},"potentialAction":[{"@type":"SearchAction","target":{"@type":"EntryPoint","urlTemplate":"https:\/\/www.quartix.com\/it-it\/?s={search_term_string}"},"query-input":{"@type":"PropertyValueSpecification","valueRequired":true,"valueName":"search_term_string"}}],"inLanguage":"it-IT"},{"@type":"Organization","@id":"https:\/\/www.quartix.com\/it-it\/#organization","name":"Quartix","url":"https:\/\/www.quartix.com\/it-it\/","logo":{"@type":"ImageObject","inLanguage":"it-IT","@id":"https:\/\/www.quartix.com\/it-it\/#\/schema\/logo\/image\/","url":"https:\/\/www.quartix.com\/content\/uploads\/2019\/02\/quartix-logo-eur.svg","contentUrl":"https:\/\/www.quartix.com\/content\/uploads\/2019\/02\/quartix-logo-eur.svg","width":1,"height":1,"caption":"Quartix"},"image":{"@id":"https:\/\/www.quartix.com\/it-it\/#\/schema\/logo\/image\/"},"sameAs":["https:\/\/www.facebook.com\/Quartix-USA-374426386097401\/","https:\/\/x.com\/QuartixUSA","https:\/\/www.linkedin.com\/company\/5346733\/","https:\/\/www.youtube.com\/channel\/UCzS-_GMfHF4kWiCheyIRrAQ"]}]}},"_links":{"self":[{"href":"https:\/\/www.quartix.com\/it-it\/wp-json\/wp\/v2\/pages\/108289","targetHints":{"allow":["GET"]}}],"collection":[{"href":"https:\/\/www.quartix.com\/it-it\/wp-json\/wp\/v2\/pages"}],"about":[{"href":"https:\/\/www.quartix.com\/it-it\/wp-json\/wp\/v2\/types\/page"}],"author":[{"embeddable":true,"href":"https:\/\/www.quartix.com\/it-it\/wp-json\/wp\/v2\/users\/12"}],"replies":[{"embeddable":true,"href":"https:\/\/www.quartix.com\/it-it\/wp-json\/wp\/v2\/comments?post=108289"}],"version-history":[{"count":0,"href":"https:\/\/www.quartix.com\/it-it\/wp-json\/wp\/v2\/pages\/108289\/revisions"}],"wp:featuredmedia":[{"embeddable":true,"href":"https:\/\/www.quartix.com\/it-it\/wp-json\/wp\/v2\/media\/16463"}],"wp:attachment":[{"href":"https:\/\/www.quartix.com\/it-it\/wp-json\/wp\/v2\/media?parent=108289"}],"wp:term":[{"taxonomy":"topic","embeddable":true,"href":"https:\/\/www.quartix.com\/it-it\/wp-json\/wp\/v2\/topic?post=108289"},{"taxonomy":"qtx_campaign","embeddable":true,"href":"https:\/\/www.quartix.com\/it-it\/wp-json\/wp\/v2\/qtx_campaign?post=108289"}],"curies":[{"name":"wp","href":"https:\/\/api.w.org\/{rel}","templated":true}]}}