{"id":108879,"date":"2024-08-09T12:30:59","date_gmt":"2024-08-09T11:30:59","guid":{"rendered":"https:\/\/www.quartix.com\/?page_id=108879"},"modified":"2024-08-09T12:31:02","modified_gmt":"2024-08-09T11:31:02","slug":"manualealla_guida_ecologica","status":"publish","type":"page","link":"https:\/\/www.quartix.com\/it-it\/manualealla_guida_ecologica\/","title":{"rendered":"Eco-driving guide"},"content":{"rendered":"\r\n<div   class=\"hero-block bighero\">\r\n    <img loading=\"lazy\" decoding=\"async\" width=\"1080\" height=\"500\" src=\"https:\/\/www.quartix.com\/content\/uploads\/2023\/07\/eco-driving-guide-banner-image.jpg\" class=\"\" alt=\"\" srcset=\"https:\/\/www.quartix.com\/content\/uploads\/2023\/07\/eco-driving-guide-banner-image.jpg 1080w, https:\/\/www.quartix.com\/content\/uploads\/2023\/07\/eco-driving-guide-banner-image-300x139.jpg 300w, https:\/\/www.quartix.com\/content\/uploads\/2023\/07\/eco-driving-guide-banner-image-1000x463.jpg 1000w, https:\/\/www.quartix.com\/content\/uploads\/2023\/07\/eco-driving-guide-banner-image-768x356.jpg 768w\" sizes=\"auto, (max-width: 1080px) 100vw, 1080px\" \/>                <div class=\"hero-overlay\"><\/div>\r\n            \r\n\r\n\r\n    <div class=\"hero-content \">\r\n        <div class=\"inner limited-width\">\r\n                                                <p class=\"title stylelikeh1\">Tecniche di guida ecologica:<\/br>Guida per l&#8217;autista<\/p>\r\n                                <p class=\"text\">Educa i tuoi conducenti su come ottenere un maggiore risparmio di carburante per la tua attivit\u00e0 attraverso piccoli cambiamenti nel loro modo di guidare.<\/p>                                        <div class=\"buttons\">\r\n                    <a href=\"https:\/\/go.marketing.quartix.com\/Manualealla_guida_ecologica\" class=\"btn btn-green btn-inline\" target=\"_blank\" title=\"SCARICA LA GUIDA\">SCARICA LA GUIDA<\/a>\r\n                <\/div>\r\n                    <\/div>\r\n    <\/div>\r\n<\/div>\n\n\r\n<div   class=\"hero-block smallhero\">\r\n            <div class=\"hero-overlay whitebg\"><\/div>\r\n    \r\n\r\n\r\n    <div class=\"hero-content whitebg noimage\">\r\n        <div class=\"inner\">\r\n                            <p class=\"title stylelikeh3\">Una migliore efficienza del carburante inizia con un cambio di mentalit\u00e0 <\/p>                <div class=\"author\"><p>L\u2019eco-guida richiede attenzione, pianificazione e consapevolezza. Scopri come incoraggiare viaggi pi\u00f9 intelligenti e sicuri per la tua flotta. <\/p>\n<\/div>                                        <div class=\"buttons\">\r\n                    <a href=\"https:\/\/go.marketing.quartix.com\/Manualealla_guida_ecologica\" class=\"btn btn-green btn-inline\" target=\"_blank\" title=\"SCARICA LA GUIDA\">SCARICA LA GUIDA<\/a>\r\n                <\/div>\r\n                    <\/div>\r\n    <\/div>\r\n<\/div>\n\n<section class=\"qtx-pagebuilder-section countups qtx-pagebuilder-section-counters  \">\r\n        <div class=\"countup first\">\r\n            <p class=\"pretext\">Pneumatici poco gonfiati consumano il <\/p>\r\n            <p class=\"value\" id=\"cid14340617531\">5<\/p>\r\n            <p class=\"posttext\">% di carburante in pi\u00f9 <\/p>\r\n        <\/div>\r\n        <div class=\"countup\">\r\n            <p class=\"pretext\">Cambia marcia a <\/p>\r\n            <p class=\"value\" id=\"cid14340617532\">2500<\/p>\r\n            <p class=\"posttext\">RPM giri al minuto<\/p>\r\n        <\/div>\r\n        <div class=\"countup\">\r\n            <p class=\"pretext\">Quando ti fermi per oltre <\/p>\r\n            <p class=\"value\" id=\"cid14340617533\">20<\/p>\r\n            <p class=\"posttext\">secondi, spegni il motore<\/p>\r\n    <\/div>\r\n<\/section>\r\n\r\n<script nonce=\"\" nonce=\"\">\r\n\r\n    jQuery(function($) {\r\n        $( document ).ready(function(){\r\n            var countercontroller1434061753 = new ScrollMagic.Controller();\r\n\r\n                                var options = {\r\n                        useEasing: true,\r\n                        useGrouping: true,\r\n                        separator: '.',\r\n                        decimal: ',',\r\n                        suffix: ''\r\n                    };\r\n                \r\n            let c1countup= new CountUp('cid14340617531', 0, 5,0,2,options);\r\n\t\t\tvar c1scene = new ScrollMagic.Scene({\r\n                triggerElement: \"#cid14340617531\",\r\n                triggerHook: 'onEnter',\r\n\t\t\t})\r\n\t\t\t.addTo(countercontroller1434061753);\r\n            c1scene.on(\"enter\", function (event) {\r\n                if (!c1countup.error) {\r\n                \u2003\u2003c1countup.start();\r\n                } else {\r\n                \u2003\u2003console.error(c1countup.error);\r\n                }\r\n            });\r\n\r\n            let c2countup= new CountUp('cid14340617532', 0, 2500,0,2,options);\r\n\t\t\tvar c2scene = new ScrollMagic.Scene({\r\n                triggerElement: \"#cid14340617532\",\r\n                triggerHook: 'onEnter',\r\n\t\t\t})\r\n\t\t\t.addTo(countercontroller1434061753);\r\n            c2scene.on(\"enter\", function (event) {\r\n                if (!c2countup.error) {\r\n                \u2003\u2003c2countup.start();\r\n                } else {\r\n                \u2003\u2003console.error(c2countup.error);\r\n                }\r\n            });\r\n\r\n            let c3countup= new CountUp('cid14340617533', 0, 20,0,2,options);\r\n\t\t\tvar c3scene = new ScrollMagic.Scene({\r\n                triggerElement: \"#cid14340617533\",\r\n                triggerHook: 'onEnter',\r\n\t\t\t})\r\n\t\t\t.addTo(countercontroller1434061753);\r\n            c3scene.on(\"enter\", function (event) {\r\n                if (!c3countup.error) {\r\n                \u2003\u2003c3countup.start();\r\n                } else {\r\n                \u2003\u2003console.error(c3countup.error);\r\n                }\r\n            });\r\n        })  \r\n    })\r\n            <\/script>\n\n\r\n\r\n        <div  class=\"landingpageouter\" style=\"background-color:#ffffff ;\">\r\n        <div class=\"landingpagecolsblock twocols4060 \">\r\n            <div class=\"col1\">\r\n                <p class=\"pre-title\">PERCH\u00c9 ECO-GUIDARE?<\/p>                <h2 class=\"\">Risparmi significativi per la flotta<\/h2>                <div class='wysiwyg'><div class=\"col1\">\n<p>Adottare stili di guida migliori riduce i costi della flotta, diminuendo il consumo di carburante e i costi di manutenzione del veicolo, mentre riduce il rischio di incidenti. Scopri le tecniche di eco-guida e come individuare i comportamenti di guida problematici con l\u2019aiuto di un sistema di tracciamento della flotta nella nostra guida.<\/p>\n<\/div>\n<div class=\"col2\"><\/div>\n<\/div>            <\/div>\r\n            <div class=\"col2\">\r\n                <div class=\"responsivemedia\"><img loading=\"lazy\" decoding=\"async\" width=\"640\" height=\"360\" src=\"https:\/\/www.quartix.com\/content\/uploads\/2023\/04\/Road-aerial-view-768x432.jpg\" class=\"\" alt=\"\" srcset=\"https:\/\/www.quartix.com\/content\/uploads\/2023\/04\/Road-aerial-view-768x432.jpg 768w, https:\/\/www.quartix.com\/content\/uploads\/2023\/04\/Road-aerial-view-300x169.jpg 300w, https:\/\/www.quartix.com\/content\/uploads\/2023\/04\/Road-aerial-view.jpg 1000w\" sizes=\"auto, (max-width: 640px) 100vw, 640px\" \/><\/div>            <\/div>\r\n                        <\/div>\r\n    <\/div>\r\n\r\n\r\n\n\n\r\n\r\n        <div  class=\"landingpageouter\" style=\"background-color:#ffffff ;\">\r\n        <div class=\"landingpagecolsblock twocols4060 swap-content\">\r\n            <div class=\"col1\">\r\n                <p class=\"pre-title\">PERCH\u00c9 ECO-GUIDARE?<\/p>                <h2 class=\"\">Riduzione dell\u2019impatto ambientale <\/h2>                <div class='wysiwyg'><p>L\u2019eco-guida aiuta a minimizzare l\u2019impatto ambientale della tua attivit\u00e0 riducendo le emissioni della flotta. Un sistema di tracciamento dei veicoli pu\u00f2 aiutarti a monitorare le emissioni della tua flotta e vedere quanto fa la differenza.<\/p>\n<\/div>            <\/div>\r\n            <div class=\"col2\">\r\n                <div class=\"responsivemedia\"><img loading=\"lazy\" decoding=\"async\" width=\"640\" height=\"278\" src=\"https:\/\/www.quartix.com\/content\/uploads\/2024\/02\/us-yellow-vans-in-a-row.png\" class=\"\" alt=\"\" \/><\/div>            <\/div>\r\n                        <\/div>\r\n    <\/div>\r\n\r\n\r\n\n\n\r\n\r\n        <div  class=\"landingpageouter\" style=\"background-color:#ffffff ;\">\r\n        <div class=\"landingpagecolsblock twocols4060 \">\r\n            <div class=\"col1\">\r\n                <p class=\"pre-title\">PERCH\u00c9 ECO-GUIDARE?<\/p>                <h2 class=\"\">Una flotta pi\u00f9 sicura<\/h2>                <div class='wysiwyg'><div class=\"col1\">\n<p>Questa guida aiuter\u00e0 i tuoi conducenti a percorrere le strade in modo pi\u00f9 sicuro ed efficiente in termini di carburante. Un\u2019accelerazione e una frenata graduali riducono il rischio, e le compagnie assicurative preferiscono le aziende che possono dimostrare buoni stili di guida nella loro flotta.<\/p>\n<\/div>\n<div class=\"col2\"><\/div>\n<\/div>            <\/div>\r\n            <div class=\"col2\">\r\n                <div class=\"responsivemedia\"><img loading=\"lazy\" decoding=\"async\" width=\"640\" height=\"463\" src=\"https:\/\/www.quartix.com\/content\/uploads\/2023\/07\/daily-driver-briefing_US-768x556.png\" class=\"\" alt=\"\" srcset=\"https:\/\/www.quartix.com\/content\/uploads\/2023\/07\/daily-driver-briefing_US-768x556.png 768w, https:\/\/www.quartix.com\/content\/uploads\/2023\/07\/daily-driver-briefing_US-300x217.png 300w, https:\/\/www.quartix.com\/content\/uploads\/2023\/07\/daily-driver-briefing_US-1000x724.png 1000w, https:\/\/www.quartix.com\/content\/uploads\/2023\/07\/daily-driver-briefing_US.png 1160w\" sizes=\"auto, (max-width: 640px) 100vw, 640px\" \/><\/div>            <\/div>\r\n                        <\/div>\r\n    <\/div>\r\n\r\n\r\n\n\n\r\n<section class=\"qtx-pagebuilder-section qtx-pagebuilder-section-bannercontent  notopmargin \"\r\nstyle=\"background-color:#13AB5B; color: #FFFFFF;\">\r\n    <div class=\"bannercontentinner\">\r\n        <p id=\"tw-target-text\" class=\"tw-data-text tw-text-large tw-ta\" dir=\"ltr\" style=\"text-align: center\" data-placeholder=\"Translation\" aria-label=\"Translated text\" data-ved=\"2ahUKEwjN0pel0eeHAxX1aEEAHdzQFo0Q3ewLegQIBxAU\"><span class=\"Y2IQFc\" lang=\"it\">\u201cOra, quando i nostri equipaggi consegnano cartellini e fogli di lavoro, possiamo utilizzare il sistema di tracciamento per confermare le informazioni che ci stanno fornendo. Inoltre, le nostre bollette per il carburante sono pi\u00f9 basse grazie al fatto che i camion seguono i limiti di velocit\u00e0 pubblicati e alla nostra capacit\u00e0 di misurare il loro stile di guida\u201d. <\/span><\/p>\n<p class=\"tw-data-text tw-text-large tw-ta\" dir=\"ltr\" style=\"text-align: center\" data-placeholder=\"Translation\" aria-label=\"Translated text\" data-ved=\"2ahUKEwjN0pel0eeHAxX1aEEAHdzQFo0Q3ewLegQIBxAU\"><span class=\"Y2IQFc\" lang=\"it\">&#8211; Tom Benoit, Appaltatori di Rocky Branch<\/span><\/p>\n    <\/div>\r\n<\/section>\n\n\n<div class=\"wp-block-columns is-layout-flex wp-container-core-columns-is-layout-28f84493 wp-block-columns-is-layout-flex\">\n<div class=\"wp-block-column is-layout-flow wp-block-column-is-layout-flow\">\n<h2 class=\"wp-block-heading\">Incoraggia i tuoi conducenti ad adottare tecniche migliori<\/h2>\n\n\n\n<p>Esplora i benefici dell\u2019eco-guida e stabilisci buone pratiche per i tuoi conducenti che li aiuteranno a guidare in modo pi\u00f9 efficiente, sicuro e conveniente.<\/p>\n\n\n\n<div style=\"height:60px\" aria-hidden=\"true\" class=\"wp-block-spacer\"><\/div>\n\n\n    <div class=\"button-container \">\r\n<a href=\"https:\/\/go.marketing.quartix.com\/Manualealla_guida_ecologica\" class=\"btn pagebuilder-btn btn-green btn-\" title=\"SCARICA LA GUIDA\" target=\"_blank\">SCARICA LA GUIDA<\/a>\r\n<\/div>\r\n<\/div>\n\n\n\n<div class=\"wp-block-column is-layout-flow wp-block-column-is-layout-flow\">\n<figure class=\"wp-block-image aligncenter size-full\"><img loading=\"lazy\" decoding=\"async\" width=\"545\" height=\"650\" src=\"https:\/\/www.quartix.com\/content\/uploads\/2024\/08\/IT-eco-driving-guide.png\" alt=\"\" class=\"wp-image-108887\" srcset=\"https:\/\/www.quartix.com\/content\/uploads\/2024\/08\/IT-eco-driving-guide.png 545w, https:\/\/www.quartix.com\/content\/uploads\/2024\/08\/IT-eco-driving-guide-252x300.png 252w\" sizes=\"auto, (max-width: 545px) 100vw, 545px\" \/><\/figure>\n<\/div>\n<\/div>\n","protected":false},"excerpt":{"rendered":"<p>In questa guida esamineremo i vantaggi della guida ecologica e stabiliremo buone pratiche che ti aiuteranno a guidare in modo pi\u00f9 efficiente, sicuro ed economico.<\/p>\n","protected":false},"author":12,"featured_media":83721,"parent":0,"menu_order":3418,"comment_status":"closed","ping_status":"closed","template":"templates\/landing-pagebuilder.php","meta":{"_acf_changed":false,"inline_featured_image":false,"footnotes":""},"topic":[1911],"qtx_campaign":[],"class_list":["post-108879","page","type-page","status-publish","has-post-thumbnail","hentry","topic-una-flotta-piu-ecologica"],"acf":[],"yoast_head":"<!-- This site is optimized with the Yoast SEO Premium plugin v27.2 (Yoast SEO v27.2) - https:\/\/yoast.com\/product\/yoast-seo-premium-wordpress\/ -->\n<title>Tecniche di guida ecologica: Guida per l&#039;autista - IT<\/title>\n<meta name=\"description\" content=\"Educa i tuoi conducenti su come ottenere un maggiore risparmio di carburante per la tua attivit\u00e0 attraverso piccoli cambiamenti nel loro modo di guidare.\" \/>\n<meta name=\"robots\" content=\"index, follow, max-snippet:-1, max-image-preview:large, max-video-preview:-1\" \/>\n<link rel=\"canonical\" href=\"https:\/\/www.quartix.com\/it-it\/manualealla_guida_ecologica\/\" \/>\n<meta property=\"og:locale\" content=\"it_IT\" \/>\n<meta property=\"og:type\" content=\"article\" \/>\n<meta property=\"og:title\" content=\"Eco-driving guide\" \/>\n<meta property=\"og:description\" content=\"Educa i tuoi conducenti su come ottenere un maggiore risparmio di carburante per la tua attivit\u00e0 attraverso piccoli cambiamenti nel loro modo di guidare.\" \/>\n<meta property=\"og:url\" content=\"https:\/\/www.quartix.com\/it-it\/manualealla_guida_ecologica\/\" \/>\n<meta property=\"og:site_name\" content=\"Quartix\" \/>\n<meta property=\"article:publisher\" content=\"https:\/\/www.facebook.com\/Quartix-USA-374426386097401\/\" \/>\n<meta property=\"article:modified_time\" content=\"2024-08-09T11:31:02+00:00\" \/>\n<meta property=\"og:image\" content=\"https:\/\/www.quartix.com\/content\/uploads\/2020\/04\/Driver-at-wheel.jpg\" \/>\n\t<meta property=\"og:image:width\" content=\"1000\" \/>\n\t<meta property=\"og:image:height\" content=\"667\" \/>\n\t<meta property=\"og:image:type\" content=\"image\/jpeg\" \/>\n<meta name=\"twitter:card\" content=\"summary_large_image\" \/>\n<meta name=\"twitter:site\" content=\"@QuartixUSA\" \/>\n<meta name=\"twitter:label1\" content=\"Est. reading time\" \/>\n\t<meta name=\"twitter:data1\" content=\"3 minutes\" \/>\n<!-- \/ Yoast SEO Premium plugin. -->","yoast_head_json":{"title":"Tecniche di guida ecologica: Guida per l'autista - IT","description":"Educa i tuoi conducenti su come ottenere un maggiore risparmio di carburante per la tua attivit\u00e0 attraverso piccoli cambiamenti nel loro modo di guidare.","robots":{"index":"index","follow":"follow","max-snippet":"max-snippet:-1","max-image-preview":"max-image-preview:large","max-video-preview":"max-video-preview:-1"},"canonical":"https:\/\/www.quartix.com\/it-it\/manualealla_guida_ecologica\/","og_locale":"it_IT","og_type":"article","og_title":"Eco-driving guide","og_description":"Educa i tuoi conducenti su come ottenere un maggiore risparmio di carburante per la tua attivit\u00e0 attraverso piccoli cambiamenti nel loro modo di guidare.","og_url":"https:\/\/www.quartix.com\/it-it\/manualealla_guida_ecologica\/","og_site_name":"Quartix","article_publisher":"https:\/\/www.facebook.com\/Quartix-USA-374426386097401\/","article_modified_time":"2024-08-09T11:31:02+00:00","og_image":[{"width":1000,"height":667,"url":"https:\/\/www.quartix.com\/content\/uploads\/2020\/04\/Driver-at-wheel.jpg","type":"image\/jpeg"}],"twitter_card":"summary_large_image","twitter_site":"@QuartixUSA","twitter_misc":{"Est. reading time":"3 minutes"},"schema":{"@context":"https:\/\/schema.org","@graph":[{"@type":"WebPage","@id":"https:\/\/www.quartix.com\/it-it\/manualealla_guida_ecologica\/","url":"https:\/\/www.quartix.com\/it-it\/manualealla_guida_ecologica\/","name":"Tecniche di guida ecologica: Guida per l'autista","isPartOf":{"@id":"https:\/\/www.quartix.com\/it-it\/#website"},"primaryImageOfPage":{"@id":"https:\/\/www.quartix.com\/it-it\/manualealla_guida_ecologica\/#primaryimage"},"image":{"@id":"https:\/\/www.quartix.com\/it-it\/manualealla_guida_ecologica\/#primaryimage"},"thumbnailUrl":"https:\/\/www.quartix.com\/content\/uploads\/2020\/04\/Driver-at-wheel.jpg","datePublished":"2024-08-09T11:30:59+00:00","dateModified":"2024-08-09T11:31:02+00:00","description":"Educa i tuoi conducenti su come ottenere un maggiore risparmio di carburante per la tua attivit\u00e0 attraverso piccoli cambiamenti nel loro modo di guidare.","breadcrumb":{"@id":"https:\/\/www.quartix.com\/it-it\/manualealla_guida_ecologica\/#breadcrumb"},"inLanguage":"it-IT","potentialAction":[{"@type":"ReadAction","target":["https:\/\/www.quartix.com\/it-it\/manualealla_guida_ecologica\/"]}]},{"@type":"ImageObject","inLanguage":"it-IT","@id":"https:\/\/www.quartix.com\/it-it\/manualealla_guida_ecologica\/#primaryimage","url":"https:\/\/www.quartix.com\/content\/uploads\/2020\/04\/Driver-at-wheel.jpg","contentUrl":"https:\/\/www.quartix.com\/content\/uploads\/2020\/04\/Driver-at-wheel.jpg","width":1000,"height":667,"caption":"Euro Truck Driving. Modern Semi Truck Cabin Interior. Caucasian Trucker Placing Hand on a Steering Wheel."},{"@type":"BreadcrumbList","@id":"https:\/\/www.quartix.com\/it-it\/manualealla_guida_ecologica\/#breadcrumb","itemListElement":[{"@type":"ListItem","position":1,"name":"Home","item":"https:\/\/www.quartix.com\/it-it\/quartix-localizzazione-dei-veicoli-in-tempo-reale\/"},{"@type":"ListItem","position":2,"name":"Eco-driving guide"}]},{"@type":"WebSite","@id":"https:\/\/www.quartix.com\/it-it\/#website","url":"https:\/\/www.quartix.com\/it-it\/","name":"Quartix","description":"Real-time vehicle tracking","publisher":{"@id":"https:\/\/www.quartix.com\/it-it\/#organization"},"potentialAction":[{"@type":"SearchAction","target":{"@type":"EntryPoint","urlTemplate":"https:\/\/www.quartix.com\/it-it\/?s={search_term_string}"},"query-input":{"@type":"PropertyValueSpecification","valueRequired":true,"valueName":"search_term_string"}}],"inLanguage":"it-IT"},{"@type":"Organization","@id":"https:\/\/www.quartix.com\/it-it\/#organization","name":"Quartix","url":"https:\/\/www.quartix.com\/it-it\/","logo":{"@type":"ImageObject","inLanguage":"it-IT","@id":"https:\/\/www.quartix.com\/it-it\/#\/schema\/logo\/image\/","url":"https:\/\/www.quartix.com\/content\/uploads\/2019\/02\/quartix-logo-eur.svg","contentUrl":"https:\/\/www.quartix.com\/content\/uploads\/2019\/02\/quartix-logo-eur.svg","width":1,"height":1,"caption":"Quartix"},"image":{"@id":"https:\/\/www.quartix.com\/it-it\/#\/schema\/logo\/image\/"},"sameAs":["https:\/\/www.facebook.com\/Quartix-USA-374426386097401\/","https:\/\/x.com\/QuartixUSA","https:\/\/www.linkedin.com\/company\/5346733\/","https:\/\/www.youtube.com\/channel\/UCzS-_GMfHF4kWiCheyIRrAQ"]}]}},"_links":{"self":[{"href":"https:\/\/www.quartix.com\/it-it\/wp-json\/wp\/v2\/pages\/108879","targetHints":{"allow":["GET"]}}],"collection":[{"href":"https:\/\/www.quartix.com\/it-it\/wp-json\/wp\/v2\/pages"}],"about":[{"href":"https:\/\/www.quartix.com\/it-it\/wp-json\/wp\/v2\/types\/page"}],"author":[{"embeddable":true,"href":"https:\/\/www.quartix.com\/it-it\/wp-json\/wp\/v2\/users\/12"}],"replies":[{"embeddable":true,"href":"https:\/\/www.quartix.com\/it-it\/wp-json\/wp\/v2\/comments?post=108879"}],"version-history":[{"count":0,"href":"https:\/\/www.quartix.com\/it-it\/wp-json\/wp\/v2\/pages\/108879\/revisions"}],"wp:featuredmedia":[{"embeddable":true,"href":"https:\/\/www.quartix.com\/it-it\/wp-json\/wp\/v2\/media\/83721"}],"wp:attachment":[{"href":"https:\/\/www.quartix.com\/it-it\/wp-json\/wp\/v2\/media?parent=108879"}],"wp:term":[{"taxonomy":"topic","embeddable":true,"href":"https:\/\/www.quartix.com\/it-it\/wp-json\/wp\/v2\/topic?post=108879"},{"taxonomy":"qtx_campaign","embeddable":true,"href":"https:\/\/www.quartix.com\/it-it\/wp-json\/wp\/v2\/qtx_campaign?post=108879"}],"curies":[{"name":"wp","href":"https:\/\/api.w.org\/{rel}","templated":true}]}}