{"id":115227,"date":"2025-02-12T20:44:57","date_gmt":"2025-02-12T19:44:57","guid":{"rendered":"https:\/\/www.quartix.com\/?page_id=115227"},"modified":"2025-07-18T14:44:00","modified_gmt":"2025-07-18T13:44:00","slug":"il-team-di-direzione-esecutiva","status":"publish","type":"page","link":"https:\/\/www.quartix.com\/it-it\/il-team-di-direzione-esecutiva\/","title":{"rendered":"Il Team di Direzione Esecutiva"},"content":{"rendered":"\n<p class=\"has-text-align-center\">Il nostro Team di Direzione Esecutiva fornisce leadership strategica, assicurando che Quartix continui a offrire soluzioni eccezionali e affidabili ai nostri clienti. Con una vasta esperienza nel settore, ogni membro contribuisce alla crescita dell&#8217;azienda, all&#8217;efficienza operativa e alla visione a lungo termine.<\/p>\n\n\n\n<h2 class=\"wp-block-heading has-text-align-center\" id=\"h-incontra-i-membri-del-team-di-direzione-esecutiva-di-quartix\">Incontra i membri del Team di Direzione Esecutiva di Quartix<\/h2>\n\n\n\r\n        <section  class=\"qtx-pagebuilder-section qtx-pagebuilder-section-cta_block vertical cta group\">\r\n\r\n        <div class=\"ctacontainer\">\r\n            <div class=\"ctaimage\">\r\n                <img loading=\"lazy\" decoding=\"async\" width=\"675\" height=\"600\" src=\"https:\/\/www.quartix.com\/content\/uploads\/2025\/02\/5.png\" class=\"\" alt=\"Smiling man in a dark suit and white shirt stands indoors near a window with potted plants in the background.\" srcset=\"https:\/\/www.quartix.com\/content\/uploads\/2025\/02\/5.png 675w, https:\/\/www.quartix.com\/content\/uploads\/2025\/02\/5-300x267.png 300w\" sizes=\"auto, (max-width: 675px) 100vw, 675px\" \/>  \r\n            <\/div>\r\n            <div class=\"ctacontent\">\r\n                <h4>Dan Mendis, Direttore Commerciale e delle Operazioni <\/h4>                <p>Dan \u00e8 entrato a far parte di Quartix nel 2017 e ha ricoperto vari ruoli all&#8217;interno dell&#8217;azienda. \u00c8 diventato Chief Operating and Financial Officer nel 2019 e ha supervisionato molti dei team commerciali fino al 2021, periodo durante il quale l&#8217;azienda ha registrato una crescita significativa. Dopo un periodo di due anni in cui ha lavorato in altre aree dell&#8217;azienda, \u00e8 tornato al ruolo di Direttore Commerciale e delle Operazioni nel novembre 2023. Prima di entrare in Quartix, ha lavorato nel gruppo Associated British Foods e presso Domino Printing Sciences plc. Ha una laurea con lode in Ingegneria presso l&#8217;Universit\u00e0 di Oxford.<\/p>                \r\n            <\/div>\r\n        <\/div>\r\n\r\n        <div class=\"ctacontainer\">\r\n            <div class=\"ctaimage\">\r\n                <img loading=\"lazy\" decoding=\"async\" width=\"675\" height=\"600\" src=\"https:\/\/www.quartix.com\/content\/uploads\/2025\/02\/6.png\" class=\"\" alt=\"Man in a blue shirt and dark jacket stands in front of a window with green plants nearby.\" srcset=\"https:\/\/www.quartix.com\/content\/uploads\/2025\/02\/6.png 675w, https:\/\/www.quartix.com\/content\/uploads\/2025\/02\/6-300x267.png 300w\" sizes=\"auto, (max-width: 675px) 100vw, 675px\" \/>  \r\n            <\/div>\r\n            <div class=\"ctacontent\">\r\n                <h4>Sean Maher, Direttore delle Vendite<\/h4>                <p> Sean ha iniziato nel settore della telematica nel 2002 e si \u00e8 unito a Quartix nel marzo 2008, diventando il primo agente di vendita a tempo pieno sul campo. Questo ruolo ha permesso a Quartix di espandere la sua rete di vendite sul territorio nel Regno Unito, portando l&#8217;azienda a acquisire importanti clienti di rilievo internazionale. Nel 2019, Sean \u00e8 stato promosso a Responsabile del Regno Unito e degli Stati Uniti, continuando a operare nel mercato del Regno Unito e, nei successivi anni, integrando anche il team di vendita in Francia. Nel 2022, \u00e8 stato promosso a Direttore Commerciale e da allora ha lavorato per garantire la crescita dell&#8217;azienda in tutte le aree, pur mantenendo un ruolo attivo nelle vendite quotidiane nel mercato del Regno Unito.<\/p>                \r\n            <\/div>\r\n        <\/div>\r\n\r\n        <div class=\"ctacontainer\">\r\n            <div class=\"ctaimage\">\r\n                <img loading=\"lazy\" decoding=\"async\" width=\"675\" height=\"600\" src=\"https:\/\/www.quartix.com\/content\/uploads\/2025\/02\/2.png\" class=\"\" alt=\"A person with glasses and shoulder-length hair smiles while wearing a pink blazer and a floral blouse. They are standing indoors near a window with green plants in the background.\" srcset=\"https:\/\/www.quartix.com\/content\/uploads\/2025\/02\/2.png 675w, https:\/\/www.quartix.com\/content\/uploads\/2025\/02\/2-300x267.png 300w\" sizes=\"auto, (max-width: 675px) 100vw, 675px\" \/>  \r\n            <\/div>\r\n            <div class=\"ctacontent\">\r\n                <h4>Sally Morton, Direttore Finanziario<\/h4>                <p>Sally Morton \u00e8 una professionista finanziaria di grande esperienza, con una solida base in contabilit\u00e0 e leadership. Laureata con lode in Contabilit\u00e0 Finanziaria presso la Rhodes University, ha ottenuto la qualifica di Dottore Commercialista con Grant Thornton UK LLP. \u00c8 entrata in Quartix nel 2019 come Group Financial Accountant, ricoprendo poi il ruolo di Responsabile Finanziaria nel 2022, per diventare Direttore Finanziario nel 2025. La sua carriera testimonia un impegno costante verso l&#8217;eccellenza, mettendo a frutto la sua expertise per guidare la strategia finanziaria e contribuire al successo complessivo dell&#8217;organizzazione.<\/p>                \r\n            <\/div>\r\n        <\/div>\r\n\r\n        <div class=\"ctacontainer\">\r\n            <div class=\"ctaimage\">\r\n                <img loading=\"lazy\" decoding=\"async\" width=\"675\" height=\"600\" src=\"https:\/\/www.quartix.com\/content\/uploads\/2025\/02\/4.png\" class=\"\" alt=\"A person in a blue blazer and pink shirt smiles while standing indoors next to a potted plant.\" srcset=\"https:\/\/www.quartix.com\/content\/uploads\/2025\/02\/4.png 675w, https:\/\/www.quartix.com\/content\/uploads\/2025\/02\/4-300x267.png 300w\" sizes=\"auto, (max-width: 675px) 100vw, 675px\" \/>  \r\n            <\/div>\r\n            <div class=\"ctacontent\">\r\n                <h4>Glen Middleton, Responsabile Telematica<\/h4>                <p> Glen \u00e8 in Quartix da 14 anni e si occupa della progettazione dei prodotti hardware e della produzione esternalizzata. Ha 40 anni di esperienza nella progettazione elettronica, nello sviluppo di software embedded e nella produzione di prodotti. In precedenza, \u00e8 stato Direttore Ingegneristico di una filiale di Spectris plc e successivamente Amministratore Delegato di Eurotech (Regno Unito). Prima di ci\u00f2, \u00e8 stato ingegnere di sviluppo presso il British Antarctic Survey, lavorando a Cambridge e in diverse localit\u00e0 dell&#8217;Antartide. Glen ha studiato Fisica ed Elettronica presso l&#8217;Universit\u00e0 di Manchester.<\/p>                \r\n            <\/div>\r\n        <\/div>\r\n\r\n        <div class=\"ctacontainer\">\r\n            <div class=\"ctaimage\">\r\n                <img loading=\"lazy\" decoding=\"async\" width=\"675\" height=\"600\" src=\"https:\/\/www.quartix.com\/content\/uploads\/2025\/02\/3.png\" class=\"\" alt=\"A person in a blazer and glasses stands indoors, with plants and office decor in the background.\" srcset=\"https:\/\/www.quartix.com\/content\/uploads\/2025\/02\/3.png 675w, https:\/\/www.quartix.com\/content\/uploads\/2025\/02\/3-300x267.png 300w\" sizes=\"auto, (max-width: 675px) 100vw, 675px\" \/>  \r\n            <\/div>\r\n            <div class=\"ctacontent\">\r\n                <h4>Ian Pawley, Responsabile del Supporto<\/h4>                <p>Ian \u00e8 in azienda da quasi 21 anni. Ha iniziato come professionista del supporto tecnico e oggi guida il nostro team di supporto tecnico globale, che \u00e8 passato da 2 a 27 agenti, e supervisiona anche l&#8217;infrastruttura aziendale. Prima di entrare in Quartix, Ian ha accumulato oltre 5 anni di esperienza nel supporto tecnico nei settori dei servizi finanziari e del software per l&#8217;ospitalit\u00e0. La sua esperienza e leadership sono state cruciali per la crescita e il successo delle nostre operazioni di supporto, con un forte focus sul servizio clienti. <\/p>                \r\n            <\/div>\r\n        <\/div>\r\n\r\n        <div class=\"ctacontainer\">\r\n            <div class=\"ctaimage\">\r\n                <img loading=\"lazy\" decoding=\"async\" width=\"675\" height=\"600\" src=\"https:\/\/www.quartix.com\/content\/uploads\/2025\/02\/8.png\" class=\"\" alt=\"A person with short dark hair wearing a white shirt with black dots stands in front of a plant and windows.\" srcset=\"https:\/\/www.quartix.com\/content\/uploads\/2025\/02\/8.png 675w, https:\/\/www.quartix.com\/content\/uploads\/2025\/02\/8-300x267.png 300w\" sizes=\"auto, (max-width: 675px) 100vw, 675px\" \/>  \r\n            <\/div>\r\n            <div class=\"ctacontent\">\r\n                <h4> Malik Bahri, Responsabile Vendite Europa<\/h4>                <p> Responsabile Vendite Europa con oltre 15 anni di esperienza nel settore delle vendite, teleselling e gestione dei team. Malik \u00e8 entrato in azienda all&#8217;inizio del 2018, portando con s\u00e9 una solida expertise nelle vendite e nelle relazioni con i clienti, maturata precedentemente come Sales Manager in una start-up francese. Prima di questo, ha ricoperto il ruolo di team leader e responsabile offshore in un Call Center, dove ha gestito progetti, formazione e supervisionato team di teleselling in vari paesi esteri.<\/p>                \r\n            <\/div>\r\n        <\/div>\r\n    <\/section>\r\n    \n\n\n<p><\/p>\n","protected":false},"excerpt":{"rendered":"<p>In Quartix, il nostro di Direzione Esecutiva fornisce una leadership strategica per garantire che continuiamo a offrire soluzioni eccezionali e affidabili ai nostri clienti. <\/p>\n","protected":false},"author":12,"featured_media":118058,"parent":0,"menu_order":0,"comment_status":"closed","ping_status":"closed","template":"","meta":{"_acf_changed":false,"inline_featured_image":false,"footnotes":""},"topic":[],"qtx_campaign":[],"class_list":["post-115227","page","type-page","status-publish","has-post-thumbnail","hentry"],"acf":[],"yoast_head":"<!-- This site is optimized with the Yoast SEO Premium plugin v27.3 (Yoast SEO v27.3) - https:\/\/yoast.com\/product\/yoast-seo-premium-wordpress\/ -->\n<title>Incontra i membri del Team di Direzione Esecutiva di Quartix - IT<\/title>\n<meta name=\"description\" content=\"Il nostro Team di Direzione Esecutiva fornisce leadership strategica, contribuendo alla crescita, all&#039;efficienza operativa e alla visione a lungo termine di Quartix.\" \/>\n<meta name=\"robots\" content=\"index, follow, max-snippet:-1, max-image-preview:large, max-video-preview:-1\" \/>\n<link rel=\"canonical\" href=\"https:\/\/www.quartix.com\/it-it\/il-team-di-direzione-esecutiva\/\" \/>\n<meta property=\"og:locale\" content=\"it_IT\" \/>\n<meta property=\"og:type\" content=\"article\" \/>\n<meta property=\"og:title\" content=\"Il Team di Direzione Esecutiva\" \/>\n<meta property=\"og:description\" content=\"Il nostro Team di Direzione Esecutiva fornisce leadership strategica, contribuendo alla crescita, all&#039;efficienza operativa e alla visione a lungo termine di Quartix.\" \/>\n<meta property=\"og:url\" content=\"https:\/\/www.quartix.com\/it-it\/il-team-di-direzione-esecutiva\/\" \/>\n<meta property=\"og:site_name\" content=\"Quartix\" \/>\n<meta property=\"article:publisher\" content=\"https:\/\/www.facebook.com\/Quartix-USA-374426386097401\/\" \/>\n<meta property=\"article:modified_time\" content=\"2025-07-18T13:44:00+00:00\" \/>\n<meta property=\"og:image\" content=\"https:\/\/www.quartix.com\/content\/uploads\/2025\/03\/exec-board-smaller.png\" \/>\n\t<meta property=\"og:image:width\" content=\"750\" \/>\n\t<meta property=\"og:image:height\" content=\"563\" \/>\n\t<meta property=\"og:image:type\" content=\"image\/png\" \/>\n<meta name=\"twitter:card\" content=\"summary_large_image\" \/>\n<meta name=\"twitter:site\" content=\"@QuartixUSA\" \/>\n<meta name=\"twitter:label1\" content=\"Est. reading time\" \/>\n\t<meta name=\"twitter:data1\" content=\"5 minutes\" \/>\n<!-- \/ Yoast SEO Premium plugin. -->","yoast_head_json":{"title":"Incontra i membri del Team di Direzione Esecutiva di Quartix - IT","description":"Il nostro Team di Direzione Esecutiva fornisce leadership strategica, contribuendo alla crescita, all'efficienza operativa e alla visione a lungo termine di Quartix.","robots":{"index":"index","follow":"follow","max-snippet":"max-snippet:-1","max-image-preview":"max-image-preview:large","max-video-preview":"max-video-preview:-1"},"canonical":"https:\/\/www.quartix.com\/it-it\/il-team-di-direzione-esecutiva\/","og_locale":"it_IT","og_type":"article","og_title":"Il Team di Direzione Esecutiva","og_description":"Il nostro Team di Direzione Esecutiva fornisce leadership strategica, contribuendo alla crescita, all'efficienza operativa e alla visione a lungo termine di Quartix.","og_url":"https:\/\/www.quartix.com\/it-it\/il-team-di-direzione-esecutiva\/","og_site_name":"Quartix","article_publisher":"https:\/\/www.facebook.com\/Quartix-USA-374426386097401\/","article_modified_time":"2025-07-18T13:44:00+00:00","og_image":[{"width":750,"height":563,"url":"https:\/\/www.quartix.com\/content\/uploads\/2025\/03\/exec-board-smaller.png","type":"image\/png"}],"twitter_card":"summary_large_image","twitter_site":"@QuartixUSA","twitter_misc":{"Est. reading time":"5 minutes"},"schema":{"@context":"https:\/\/schema.org","@graph":[{"@type":"WebPage","@id":"https:\/\/www.quartix.com\/it-it\/il-team-di-direzione-esecutiva\/","url":"https:\/\/www.quartix.com\/it-it\/il-team-di-direzione-esecutiva\/","name":"Incontra i membri del Team di Direzione Esecutiva di Quartix","isPartOf":{"@id":"https:\/\/www.quartix.com\/it-it\/#website"},"primaryImageOfPage":{"@id":"https:\/\/www.quartix.com\/it-it\/il-team-di-direzione-esecutiva\/#primaryimage"},"image":{"@id":"https:\/\/www.quartix.com\/it-it\/il-team-di-direzione-esecutiva\/#primaryimage"},"thumbnailUrl":"https:\/\/www.quartix.com\/content\/uploads\/2025\/03\/exec-board-smaller.png","datePublished":"2025-02-12T19:44:57+00:00","dateModified":"2025-07-18T13:44:00+00:00","description":"Il nostro Team di Direzione Esecutiva fornisce leadership strategica, contribuendo alla crescita, all'efficienza operativa e alla visione a lungo termine di Quartix.","breadcrumb":{"@id":"https:\/\/www.quartix.com\/it-it\/il-team-di-direzione-esecutiva\/#breadcrumb"},"inLanguage":"it-IT","potentialAction":[{"@type":"ReadAction","target":["https:\/\/www.quartix.com\/it-it\/il-team-di-direzione-esecutiva\/"]}]},{"@type":"ImageObject","inLanguage":"it-IT","@id":"https:\/\/www.quartix.com\/it-it\/il-team-di-direzione-esecutiva\/#primaryimage","url":"https:\/\/www.quartix.com\/content\/uploads\/2025\/03\/exec-board-smaller.png","contentUrl":"https:\/\/www.quartix.com\/content\/uploads\/2025\/03\/exec-board-smaller.png","width":750,"height":563,"caption":"Group of eight people in business attire positioned around the Quartix logo, with indoor plants visible in the background."},{"@type":"BreadcrumbList","@id":"https:\/\/www.quartix.com\/it-it\/il-team-di-direzione-esecutiva\/#breadcrumb","itemListElement":[{"@type":"ListItem","position":1,"name":"Home","item":"https:\/\/www.quartix.com\/it-it\/quartix-localizzazione-dei-veicoli-in-tempo-reale\/"},{"@type":"ListItem","position":2,"name":"Il Team di Direzione Esecutiva"}]},{"@type":"WebSite","@id":"https:\/\/www.quartix.com\/it-it\/#website","url":"https:\/\/www.quartix.com\/it-it\/","name":"Quartix","description":"Real-time vehicle tracking","publisher":{"@id":"https:\/\/www.quartix.com\/it-it\/#organization"},"potentialAction":[{"@type":"SearchAction","target":{"@type":"EntryPoint","urlTemplate":"https:\/\/www.quartix.com\/it-it\/?s={search_term_string}"},"query-input":{"@type":"PropertyValueSpecification","valueRequired":true,"valueName":"search_term_string"}}],"inLanguage":"it-IT"},{"@type":"Organization","@id":"https:\/\/www.quartix.com\/it-it\/#organization","name":"Quartix","url":"https:\/\/www.quartix.com\/it-it\/","logo":{"@type":"ImageObject","inLanguage":"it-IT","@id":"https:\/\/www.quartix.com\/it-it\/#\/schema\/logo\/image\/","url":"https:\/\/www.quartix.com\/content\/uploads\/2019\/02\/quartix-logo-eur.svg","contentUrl":"https:\/\/www.quartix.com\/content\/uploads\/2019\/02\/quartix-logo-eur.svg","width":1,"height":1,"caption":"Quartix"},"image":{"@id":"https:\/\/www.quartix.com\/it-it\/#\/schema\/logo\/image\/"},"sameAs":["https:\/\/www.facebook.com\/Quartix-USA-374426386097401\/","https:\/\/x.com\/QuartixUSA","https:\/\/www.linkedin.com\/company\/5346733\/","https:\/\/www.youtube.com\/channel\/UCzS-_GMfHF4kWiCheyIRrAQ"]}]}},"_links":{"self":[{"href":"https:\/\/www.quartix.com\/it-it\/wp-json\/wp\/v2\/pages\/115227","targetHints":{"allow":["GET"]}}],"collection":[{"href":"https:\/\/www.quartix.com\/it-it\/wp-json\/wp\/v2\/pages"}],"about":[{"href":"https:\/\/www.quartix.com\/it-it\/wp-json\/wp\/v2\/types\/page"}],"author":[{"embeddable":true,"href":"https:\/\/www.quartix.com\/it-it\/wp-json\/wp\/v2\/users\/12"}],"replies":[{"embeddable":true,"href":"https:\/\/www.quartix.com\/it-it\/wp-json\/wp\/v2\/comments?post=115227"}],"version-history":[{"count":4,"href":"https:\/\/www.quartix.com\/it-it\/wp-json\/wp\/v2\/pages\/115227\/revisions"}],"predecessor-version":[{"id":123767,"href":"https:\/\/www.quartix.com\/it-it\/wp-json\/wp\/v2\/pages\/115227\/revisions\/123767"}],"wp:featuredmedia":[{"embeddable":true,"href":"https:\/\/www.quartix.com\/it-it\/wp-json\/wp\/v2\/media\/118058"}],"wp:attachment":[{"href":"https:\/\/www.quartix.com\/it-it\/wp-json\/wp\/v2\/media?parent=115227"}],"wp:term":[{"taxonomy":"topic","embeddable":true,"href":"https:\/\/www.quartix.com\/it-it\/wp-json\/wp\/v2\/topic?post=115227"},{"taxonomy":"qtx_campaign","embeddable":true,"href":"https:\/\/www.quartix.com\/it-it\/wp-json\/wp\/v2\/qtx_campaign?post=115227"}],"curies":[{"name":"wp","href":"https:\/\/api.w.org\/{rel}","templated":true}]}}