{"id":22643,"date":"2019-05-20T17:28:05","date_gmt":"2019-05-20T17:28:05","guid":{"rendered":" https:\/\/www.quartix.com\/chi-siamo\/"},"modified":"2022-10-14T11:46:45","modified_gmt":"2022-10-14T10:46:45","slug":"chi-siamo","status":"publish","type":"page","link":"https:\/\/www.quartix.com\/it-it\/societa\/chi-siamo\/","title":{"rendered":"Chi siamo"},"content":{"rendered":"\n<div class=\"wp-block-columns is-layout-flex wp-container-core-columns-is-layout-28f84493 wp-block-columns-is-layout-flex\">\n<div class=\"wp-block-column is-layout-flow wp-block-column-is-layout-flow\">\n<h2 class=\"wp-block-heading\" id=\"esperti-di-localizzazione\">Esperti di localizzazione<\/h2>\n\n\n\n<p>Quartix \u00e8 il sistema installato in oltre 600.000 veicoli.<\/p>\n\n\n\n<p>Quartix \u00e8 stata fondata nel 2001 da quattro professionisti del settore industriale che vantano, tra di loro, pi\u00f9 di 120 anni di esperienza nella progettazione ed implementazione di sistemi, comunicazione e database, telemetria e sistemi informatici incorporati. Il suo fondatore e amministratore delegato \u00e8 ancora in societ\u00e0.<\/p>\n\n\n\n<p>La risposta dei clienti al sistema proposto da Quartix \u00e8 stata eccellente fin da allora: vi affidano le loro flotte pi\u00f9 di 17.500 clienti tra gli USA e l&#8217;Europa. Un dispositivo di localizzazione Quartix viene installato ogni 80 secondi per giorno lavorativo.<\/p>\n<\/div>\n\n\n\n<div class=\"wp-block-column is-layout-flow wp-block-column-is-layout-flow\">\n<figure class=\"wp-block-image aligncenter size-full\"><img decoding=\"async\" src=\" https:\/\/www.quartix.com\/content\/uploads\/2021\/06\/experts-at-tracking.svg\" alt=\"\" class=\"wp-image-59287\"\/><\/figure>\n<\/div>\n<\/div>\n\n\n<section class=\"qtx-pagebuilder-section countups qtx-pagebuilder-section-counters   nobottommargin\">\r\n        <div class=\"countup first\">\r\n            <p class=\"pretext\">Oltre<\/p>\r\n            <p class=\"value\" id=\"cid19621781831\">600000<\/p>\r\n            <p class=\"posttext\">dispositivi installati<\/p>\r\n        <\/div>\r\n        <div class=\"countup\">\r\n            <p class=\"pretext\">Pi\u00f9 di<\/p>\r\n            <p class=\"value\" id=\"cid19621781832\">20<\/p>\r\n            <p class=\"posttext\">anni di esperienza<\/p>\r\n        <\/div>\r\n        <div class=\"countup\">\r\n            <p class=\"pretext\">P\u00f9 di<\/p>\r\n            <p class=\"value\" id=\"cid19621781833\">400<\/p>\r\n            <p class=\"posttext\">nuovi clienti al mese<\/p>\r\n    <\/div>\r\n<\/section>\r\n\r\n<script nonce=\"\" nonce=\"\">\r\n\r\n    jQuery(function($) {\r\n        $( document ).ready(function(){\r\n            var countercontroller1962178183 = new ScrollMagic.Controller();\r\n\r\n                                var options = {\r\n                        useEasing: true,\r\n                        useGrouping: true,\r\n                        separator: '.',\r\n                        decimal: ',',\r\n                        suffix: ''\r\n                    };\r\n                \r\n            let c1countup= new CountUp('cid19621781831', 0, 600000,0,2,options);\r\n\t\t\tvar c1scene = new ScrollMagic.Scene({\r\n                triggerElement: \"#cid19621781831\",\r\n                triggerHook: 'onEnter',\r\n\t\t\t})\r\n\t\t\t.addTo(countercontroller1962178183);\r\n            c1scene.on(\"enter\", function (event) {\r\n                if (!c1countup.error) {\r\n                \u2003\u2003c1countup.start();\r\n                } else {\r\n                \u2003\u2003console.error(c1countup.error);\r\n                }\r\n            });\r\n\r\n            let c2countup= new CountUp('cid19621781832', 0, 20,0,2,options);\r\n\t\t\tvar c2scene = new ScrollMagic.Scene({\r\n                triggerElement: \"#cid19621781832\",\r\n                triggerHook: 'onEnter',\r\n\t\t\t})\r\n\t\t\t.addTo(countercontroller1962178183);\r\n            c2scene.on(\"enter\", function (event) {\r\n                if (!c2countup.error) {\r\n                \u2003\u2003c2countup.start();\r\n                } else {\r\n                \u2003\u2003console.error(c2countup.error);\r\n                }\r\n            });\r\n\r\n            let c3countup= new CountUp('cid19621781833', 0, 400,0,2,options);\r\n\t\t\tvar c3scene = new ScrollMagic.Scene({\r\n                triggerElement: \"#cid19621781833\",\r\n                triggerHook: 'onEnter',\r\n\t\t\t})\r\n\t\t\t.addTo(countercontroller1962178183);\r\n            c3scene.on(\"enter\", function (event) {\r\n                if (!c3countup.error) {\r\n                \u2003\u2003c3countup.start();\r\n                } else {\r\n                \u2003\u2003console.error(c3countup.error);\r\n                }\r\n            });\r\n        })  \r\n    })\r\n            <\/script>\n\n<section  class=\"qtx-pagebuilder-section qtx-pagebuilder-section-blockquote qtx-pagebuilder-section-blockquote-green_testimonial_with_logo \">\r\n        <div class=\"green_testimonial_with_logo\">\r\n            <div class=\"speechmarks\">\r\n            <\/div>\r\n            <blockquote>\r\n                <p>I team di vendita ed assistenza di Quartix sono fenomenali. Rispondono in tempi brevissimi e sono sempre stati d&#8217;aiuto e cortesi.<\/p>\n                                    <footer>\r\n                                                    <img decoding=\"async\" src=\"https:\/\/www.quartix.com\/content\/uploads\/2019\/10\/dinkytink-tinkletop-logisticss.svg\"\/>\r\n                                                                            <div class=\"cites\">\r\n                                <cite class=\"author\">Derek Barnes<\/cite>\r\n                                <cite class=\"author_line_2\">Advanced Timber Harvesters<\/cite>\r\n                            <\/div>\r\n                                            <\/footer>\r\n                            <\/blockquote>\r\n        <\/div>\r\n        <\/section>\r\n\r\n\n\n\n<div class=\"wp-block-columns is-layout-flex wp-container-core-columns-is-layout-28f84493 wp-block-columns-is-layout-flex\">\n<div class=\"wp-block-column is-layout-flow wp-block-column-is-layout-flow\">\n<figure class=\"wp-block-image aligncenter\"><img decoding=\"async\" src=\" https:\/\/www.quartix.com\/content\/uploads\/2017\/09\/customers-big-and-small.svg\" alt=\"\"\/><\/figure>\n<\/div>\n\n\n\n<div class=\"wp-block-column is-layout-flow wp-block-column-is-layout-flow\">\n<h2 class=\"wp-block-heading\" id=\"la-nostra-offerta\">La nostra offerta<\/h2>\n\n\n\n<p><strong>Accesso ad Internet: <\/strong>a casa, al lavoro o in movimento.<\/p>\n\n\n\n<p><strong>Velocit\u00e0 e facilit\u00e0 d&#8217;uso: <\/strong>l&#8217;accesso web rapido e i controlli chiari rendono il sistema estremamente facile da utilizzare.<\/p>\n\n\n\n<p><strong>Nessuna brutta sorpresa: <\/strong>le nostre tariffe sono visibili online e non ci sono costi aggiuntivi per garanzia, software o costi di gestione.<\/p>\n\n\n\n<p><strong>Contratti di sottoscrizione per 12 mesi:&nbsp; <\/strong>non ti ritroverai in un contratto di 3 anni: sappiamo che dopo un anno del nostro servizio sarai tu a chiederci di continuare.<\/p>\n\n\n\n<p><strong>Servizio:&nbsp; <\/strong>siamo orgogliosi del nostro servizio e delle relazioni a lungo termine che manteniamo con i nostri clienti.<\/p>\n\n\n\n<p><strong>Prezzo:&nbsp; <\/strong>vogliamo offrirti esattamente ci\u00f2 di cui hai bisogno, senza nessun extra.<\/p>\n<\/div>\n<\/div>\n\n\n\n<div class=\"wp-block-columns is-layout-flex wp-container-core-columns-is-layout-28f84493 wp-block-columns-is-layout-flex\">\n<div class=\"wp-block-column is-layout-flow wp-block-column-is-layout-flow\">\n<h2 class=\"wp-block-heading\" id=\"i-nostri-clienti\">I nostri clienti<\/h2>\n\n\n\n<p>Alcuni dei nostri clienti si occupano di:<\/p>\n\n\n\n<p><strong>Costruzione ed edilizia: <\/strong>estrazione, verniciatura e decorazione, idraulica, servizi elettrici, muratura, pavimentazione, cartongesso, coperture, rivestimenti, aria condizionata&#8230;<\/p>\n\n\n\n<p><strong>Servizio specializzati in loco e in situ: <\/strong>installazione ed assistenza, arredamento, disinfestazione, merchandising, macchine utensili, sostituzione finestre, pulizia, servizi ambientali&#8230;<\/p>\n\n\n\n<p><strong>Transporti:<\/strong> comprendono un&#8217;ampia gamma di servizi di trasporti, inclusi autotrasporti, corrieri e spedizioni, taxi e servizi specializzati come il trasporto di oggetti d&#8217;arte e di valore&#8230;<\/p>\n\n\n\n<p><strong>Sicurezza: <\/strong>inclusa l&#8217;istallazione di CCTV, monitoraggio di pattuglie mobili, trasporto del personale, monitoraggio piante costose e macchinari, serrature&#8230;<\/p>\n\n\n\n<p><strong>Distribuzione: <\/strong>incluse materie prime, alimenti, pollame, imballaggi, hardware, elettrodomestici, gioielleria&#8230;<\/p>\n<\/div>\n\n\n\n<div class=\"wp-block-column is-layout-flow wp-block-column-is-layout-flow\">\n<figure class=\"wp-block-image aligncenter\"><img decoding=\"async\" src=\" https:\/\/www.quartix.com\/content\/uploads\/2017\/09\/award-winning.svg\" alt=\"\"\/><\/figure>\n<\/div>\n<\/div>\n","protected":false},"excerpt":{"rendered":"<p>Esperti di localizzazione Quartix \u00e8 il sistema installato in oltre 600.000 veicoli. Quartix \u00e8 stata fondata nel 2001 da quattro professionisti del settore industriale che vantano, tra di loro, pi\u00f9 di 120 anni di esperienza nella progettazione ed implementazione di sistemi, comunicazione e database, telemetria e sistemi informatici incorporati. Il suo fondatore e amministratore delegato [&hellip;]<\/p>\n","protected":false},"author":12,"featured_media":0,"parent":23852,"menu_order":10,"comment_status":"closed","ping_status":"closed","template":"","meta":{"_acf_changed":false,"inline_featured_image":false,"footnotes":""},"topic":[],"qtx_campaign":[],"class_list":["post-22643","page","type-page","status-publish","hentry"],"acf":[],"yoast_head":"<!-- This site is optimized with the Yoast SEO Premium plugin v27.2 (Yoast SEO v27.2) - https:\/\/yoast.com\/product\/yoast-seo-premium-wordpress\/ -->\n<title>La nostra societ\u00e0 - IT<\/title>\n<meta name=\"description\" content=\"Quartix vanta oltre 16 anni di esperienza nel fornire software di telematica online a clienti di vari settori, tra cui edilizia, trasporti e vendite.\" \/>\n<meta name=\"robots\" content=\"index, follow, max-snippet:-1, max-image-preview:large, max-video-preview:-1\" \/>\n<link rel=\"canonical\" href=\"https:\/\/www.quartix.com\/it-it\/societa\/chi-siamo\/\" \/>\n<meta property=\"og:locale\" content=\"it_IT\" \/>\n<meta property=\"og:type\" content=\"article\" \/>\n<meta property=\"og:title\" content=\"Chi siamo\" \/>\n<meta property=\"og:description\" content=\"Quartix vanta oltre 16 anni di esperienza nel fornire software di telematica online a clienti di vari settori, tra cui edilizia, trasporti e vendite.\" \/>\n<meta property=\"og:url\" content=\"https:\/\/www.quartix.com\/it-it\/societa\/chi-siamo\/\" \/>\n<meta property=\"og:site_name\" content=\"Quartix\" \/>\n<meta property=\"article:publisher\" content=\"https:\/\/www.facebook.com\/Quartix-USA-374426386097401\/\" \/>\n<meta property=\"article:modified_time\" content=\"2022-10-14T10:46:45+00:00\" \/>\n<meta name=\"twitter:card\" content=\"summary_large_image\" \/>\n<meta name=\"twitter:site\" content=\"@QuartixUSA\" \/>\n<meta name=\"twitter:label1\" content=\"Est. reading time\" \/>\n\t<meta name=\"twitter:data1\" content=\"2 minutes\" \/>\n<!-- \/ Yoast SEO Premium plugin. -->","yoast_head_json":{"title":"La nostra societ\u00e0 - IT","description":"Quartix vanta oltre 16 anni di esperienza nel fornire software di telematica online a clienti di vari settori, tra cui edilizia, trasporti e vendite.","robots":{"index":"index","follow":"follow","max-snippet":"max-snippet:-1","max-image-preview":"max-image-preview:large","max-video-preview":"max-video-preview:-1"},"canonical":"https:\/\/www.quartix.com\/it-it\/societa\/chi-siamo\/","og_locale":"it_IT","og_type":"article","og_title":"Chi siamo","og_description":"Quartix vanta oltre 16 anni di esperienza nel fornire software di telematica online a clienti di vari settori, tra cui edilizia, trasporti e vendite.","og_url":"https:\/\/www.quartix.com\/it-it\/societa\/chi-siamo\/","og_site_name":"Quartix","article_publisher":"https:\/\/www.facebook.com\/Quartix-USA-374426386097401\/","article_modified_time":"2022-10-14T10:46:45+00:00","twitter_card":"summary_large_image","twitter_site":"@QuartixUSA","twitter_misc":{"Est. reading time":"2 minutes"},"schema":{"@context":"https:\/\/schema.org","@graph":[{"@type":"WebPage","@id":"https:\/\/www.quartix.com\/it-it\/societa\/chi-siamo\/","url":"https:\/\/www.quartix.com\/it-it\/societa\/chi-siamo\/","name":"La nostra societ\u00e0","isPartOf":{"@id":"https:\/\/www.quartix.com\/it-it\/#website"},"datePublished":"2019-05-20T17:28:05+00:00","dateModified":"2022-10-14T10:46:45+00:00","description":"Quartix vanta oltre 16 anni di esperienza nel fornire software di telematica online a clienti di vari settori, tra cui edilizia, trasporti e vendite.","breadcrumb":{"@id":"https:\/\/www.quartix.com\/it-it\/societa\/chi-siamo\/#breadcrumb"},"inLanguage":"it-IT","potentialAction":[{"@type":"ReadAction","target":["https:\/\/www.quartix.com\/it-it\/societa\/chi-siamo\/"]}]},{"@type":"BreadcrumbList","@id":"https:\/\/www.quartix.com\/it-it\/societa\/chi-siamo\/#breadcrumb","itemListElement":[{"@type":"ListItem","position":1,"name":"Home","item":"https:\/\/www.quartix.com\/it-it\/quartix-localizzazione-dei-veicoli-in-tempo-reale\/"},{"@type":"ListItem","position":2,"name":"Societ\u00e0","item":"https:\/\/www.quartix.com\/it-it\/societa\/"},{"@type":"ListItem","position":3,"name":"Chi siamo"}]},{"@type":"WebSite","@id":"https:\/\/www.quartix.com\/it-it\/#website","url":"https:\/\/www.quartix.com\/it-it\/","name":"Quartix","description":"Real-time vehicle tracking","publisher":{"@id":"https:\/\/www.quartix.com\/it-it\/#organization"},"potentialAction":[{"@type":"SearchAction","target":{"@type":"EntryPoint","urlTemplate":"https:\/\/www.quartix.com\/it-it\/?s={search_term_string}"},"query-input":{"@type":"PropertyValueSpecification","valueRequired":true,"valueName":"search_term_string"}}],"inLanguage":"it-IT"},{"@type":"Organization","@id":"https:\/\/www.quartix.com\/it-it\/#organization","name":"Quartix","url":"https:\/\/www.quartix.com\/it-it\/","logo":{"@type":"ImageObject","inLanguage":"it-IT","@id":"https:\/\/www.quartix.com\/it-it\/#\/schema\/logo\/image\/","url":"https:\/\/www.quartix.com\/content\/uploads\/2019\/02\/quartix-logo-eur.svg","contentUrl":"https:\/\/www.quartix.com\/content\/uploads\/2019\/02\/quartix-logo-eur.svg","width":1,"height":1,"caption":"Quartix"},"image":{"@id":"https:\/\/www.quartix.com\/it-it\/#\/schema\/logo\/image\/"},"sameAs":["https:\/\/www.facebook.com\/Quartix-USA-374426386097401\/","https:\/\/x.com\/QuartixUSA","https:\/\/www.linkedin.com\/company\/5346733\/","https:\/\/www.youtube.com\/channel\/UCzS-_GMfHF4kWiCheyIRrAQ"]}]}},"_links":{"self":[{"href":"https:\/\/www.quartix.com\/it-it\/wp-json\/wp\/v2\/pages\/22643","targetHints":{"allow":["GET"]}}],"collection":[{"href":"https:\/\/www.quartix.com\/it-it\/wp-json\/wp\/v2\/pages"}],"about":[{"href":"https:\/\/www.quartix.com\/it-it\/wp-json\/wp\/v2\/types\/page"}],"author":[{"embeddable":true,"href":"https:\/\/www.quartix.com\/it-it\/wp-json\/wp\/v2\/users\/12"}],"replies":[{"embeddable":true,"href":"https:\/\/www.quartix.com\/it-it\/wp-json\/wp\/v2\/comments?post=22643"}],"version-history":[{"count":0,"href":"https:\/\/www.quartix.com\/it-it\/wp-json\/wp\/v2\/pages\/22643\/revisions"}],"up":[{"embeddable":true,"href":"https:\/\/www.quartix.com\/it-it\/wp-json\/wp\/v2\/pages\/23852"}],"wp:attachment":[{"href":"https:\/\/www.quartix.com\/it-it\/wp-json\/wp\/v2\/media?parent=22643"}],"wp:term":[{"taxonomy":"topic","embeddable":true,"href":"https:\/\/www.quartix.com\/it-it\/wp-json\/wp\/v2\/topic?post=22643"},{"taxonomy":"qtx_campaign","embeddable":true,"href":"https:\/\/www.quartix.com\/it-it\/wp-json\/wp\/v2\/qtx_campaign?post=22643"}],"curies":[{"name":"wp","href":"https:\/\/api.w.org\/{rel}","templated":true}]}}