{"id":23245,"date":"2019-05-28T13:41:37","date_gmt":"2019-05-28T13:41:37","guid":{"rendered":" https:\/\/www.quartix.com\/stile-di-guida\/"},"modified":"2023-07-13T13:21:23","modified_gmt":"2023-07-13T12:21:23","slug":"stile-di-guida","status":"publish","type":"page","link":"https:\/\/www.quartix.com\/it-it\/localizzatore-gps\/stile-di-guida\/","title":{"rendered":"Stile di guida"},"content":{"rendered":"\n<div class=\"wp-block-columns is-layout-flex wp-container-core-columns-is-layout-28f84493 wp-block-columns-is-layout-flex\">\n<div class=\"wp-block-column is-layout-flow wp-block-column-is-layout-flow\">\n<h2 class=\"wp-block-heading\">Graduatoria dei conducenti<\/h2>\n\n\n\n<p>Confronta il punteggio per condotta di guida di un conducente con quello della tua intera flotta. Ad ogni conducente viene assegnato un punteggio in base al suo profilo di guida. Chi corre troppi rischi verr\u00e0 segnalato in rosso nella graduatoria dei conducenti, mentre i migliori appariranno in verde e gli altri in giallo.<\/p>\n\n\n\n<p>Grazie ai rapporti potrai controllare i tempi di accelerazione e frenata. In pi\u00f9, con un semplice clic potrai visualizzare su Google maps i luoghi in cui si sono verificati gli incidenti, effettuando cos\u00ec ulteriori indagini.<\/p>\n<\/div>\n\n\n\n<div class=\"wp-block-column is-layout-flow wp-block-column-is-layout-flow\">\n<figure class=\"wp-block-image aligncenter\"><img decoding=\"async\" src=\" https:\/\/www.quartix.com\/content\/uploads\/2019\/07\/IT_Driving-Style.gif\" alt=\"\"\/><\/figure>\n<\/div>\n<\/div>\n\n\n<section  class=\"qtx-pagebuilder-section qtx-pagebuilder-section-blockquote qtx-pagebuilder-section-blockquote-left_green_border \">\r\n        <div class=\"left_green_border\">\r\n            <blockquote>\r\n                <p>Il controllo e il miglioramento dello stile di guida possono farti risparmiare fino al 15% sui costi carburante e ridurre il rischio di incidenti e lesioni. Quartix ti aiuta a formare il tuo staff alla guida sicura. Con la nostra gamma di rapporti, inclusi i profili di distribuzione di velocit\u00e0 e di accelerazione\/frenata, avrai tutte le informazioni necessarie ad incoraggiare una condotta di guida sicura ed economica.<\/p>\n                            <\/blockquote>\r\n        <\/div>\r\n        <\/section>\r\n\r\n\n\n\n<div class=\"wp-block-columns is-layout-flex wp-container-core-columns-is-layout-28f84493 wp-block-columns-is-layout-flex\">\n<div class=\"wp-block-column is-layout-flow wp-block-column-is-layout-flow\">\n<figure class=\"wp-block-image aligncenter\"><img decoding=\"async\" src=\" https:\/\/www.quartix.com\/content\/uploads\/2019\/07\/daily-driver-briefing-1000x733.jpg\" alt=\"\"\/><\/figure>\n<\/div>\n\n\n\n<div class=\"wp-block-column is-layout-flow wp-block-column-is-layout-flow\">\n<h2 class=\"wp-block-heading\">Briefing quotidiano sui conducenti<\/h2>\n\n\n\n<p>Collabora con i tuoi conducenti per migliorare il loro stile di guida e usa i dati per mostrare loro dove hanno perso punti in graduatoria, cos\u00ec potranno imparare dai loro errori.<\/p>\n\n\n\n<p>Il briefing sui conducenti riporta le velocit\u00e0 raggiunte in una giornata pi\u00f9 i profili di accelerazione e frenata. Per visualizzare in dettaglio i luoghi in cui si sono verificati gli incidenti a causa di velocit\u00e0 o frenate brusche, ti basta cliccare sui grafici a colonne e vederli su Google Street View.<\/p>\n<\/div>\n<\/div>\n\n\n\n<div class=\"wp-block-columns is-layout-flex wp-container-core-columns-is-layout-28f84493 wp-block-columns-is-layout-flex\">\n<div class=\"wp-block-column is-layout-flow wp-block-column-is-layout-flow\">\n<h2 class=\"wp-block-heading\">Tendenza di guida<\/h2>\n\n\n\n<p>Identifica velocemente ogni cambiamento nello stile di guida. Puoi analizzare insieme ai conducenti se il loro stile migliora col tempo (nel corso di un mese ti aspetti un cambiamento) e aggiornare i risultati della performance o gli schemi dei premi per incoraggiare una guida sempre migliore.<\/p>\n<\/div>\n\n\n\n<div class=\"wp-block-column is-layout-flow wp-block-column-is-layout-flow\">\n<figure class=\"wp-block-image aligncenter\"><img decoding=\"async\" src=\" https:\/\/www.quartix.com\/content\/uploads\/2019\/07\/driving-style-trend-1-1000x466.png\" alt=\"\"\/><\/figure>\n<\/div>\n<\/div>\n\n\n\n<div class=\"wp-block-columns is-layout-flex wp-container-core-columns-is-layout-28f84493 wp-block-columns-is-layout-flex\">\n<div class=\"wp-block-column is-layout-flow wp-block-column-is-layout-flow\">\n<figure class=\"wp-block-image aligncenter\"><img decoding=\"async\" src=\" https:\/\/www.quartix.com\/content\/uploads\/2018\/06\/US-Driving-Style-App.gif\" alt=\"Mobile App Driving Style\"\/><\/figure>\n<\/div>\n\n\n\n<div class=\"wp-block-column is-layout-flow wp-block-column-is-layout-flow\">\n<h2 class=\"wp-block-heading\">App mobile per conducenti<\/h2>\n\n\n\n<p>Garantisci ai conducenti l&#8217;accesso individuale solamente ai propri rapporti di guida attraverso l&#8217;App mobile; in modo da incoraggiarli a controllare il punteggio e la performance raggiunti alla fine di ogni giornata.<\/p>\n\n\n\n<p>Il conducente potr\u00e0 cos\u00ec controllare a che velocit\u00e0 viaggiava nei diversi momenti della giornata, oltre agli indici di accelerazione e frenata nello stesso periodo di tempo.<\/p>\n\n\n\n<p>Inoltre, grazie al punteggio quotidiano assegnato ai conducenti, potr\u00e0 verificare il proprio stile di guida alla fine di ogni giornata e dei giorni precedenti, cos\u00ec da percepire il proprio miglioramento.<\/p>\n\n\n\n<p>L&#8217;App \u00e8 disponibile gratuitamente e senza limiti di registrazione n\u00e9 di utilizzo per account.<\/p>\n<\/div>\n<\/div>\n","protected":false},"excerpt":{"rendered":"<p>Graduatoria dei conducenti Confronta il punteggio per condotta di guida di un conducente con quello della tua intera flotta. Ad ogni conducente viene assegnato un punteggio in base al suo profilo di guida. Chi corre troppi rischi verr\u00e0 segnalato in rosso nella graduatoria dei conducenti, mentre i migliori appariranno in verde e gli altri in [&hellip;]<\/p>\n","protected":false},"author":2,"featured_media":22020,"parent":23894,"menu_order":30,"comment_status":"closed","ping_status":"closed","template":"","meta":{"_acf_changed":false,"inline_featured_image":false,"footnotes":""},"topic":[1908],"qtx_campaign":[],"class_list":["post-23245","page","type-page","status-publish","has-post-thumbnail","hentry","topic-gestione-dei-conducenti"],"acf":[],"yoast_head":"<!-- This site is optimized with the Yoast SEO Premium plugin v27.2 (Yoast SEO v27.2) - https:\/\/yoast.com\/product\/yoast-seo-premium-wordpress\/ -->\n<title>Analisi della velocit\u00e0 e rapporti di guida con la localizzazione veicoli - IT<\/title>\n<meta name=\"description\" content=\"Gestisci il rischio. Migliora lo stile di guida della tua flotta, riduci i costi di carburante e gestione dei veicoli fino al 25%. Controlla i profili di velocit\u00e0, accelerazione e frenata.\" \/>\n<meta name=\"robots\" content=\"index, follow, max-snippet:-1, max-image-preview:large, max-video-preview:-1\" \/>\n<link rel=\"canonical\" href=\"https:\/\/www.quartix.com\/it-it\/localizzatore-gps\/stile-di-guida\/\" \/>\n<meta property=\"og:locale\" content=\"it_IT\" \/>\n<meta property=\"og:type\" content=\"article\" \/>\n<meta property=\"og:title\" content=\"Stile di guida\" \/>\n<meta property=\"og:description\" content=\"Gestisci il rischio. Migliora lo stile di guida della tua flotta, riduci i costi di carburante e gestione dei veicoli fino al 25%. Controlla i profili di velocit\u00e0, accelerazione e frenata.\" \/>\n<meta property=\"og:url\" content=\"https:\/\/www.quartix.com\/it-it\/localizzatore-gps\/stile-di-guida\/\" \/>\n<meta property=\"og:site_name\" content=\"Quartix\" \/>\n<meta property=\"article:publisher\" content=\"https:\/\/www.facebook.com\/Quartix-USA-374426386097401\/\" \/>\n<meta property=\"article:modified_time\" content=\"2023-07-13T12:21:23+00:00\" \/>\n<meta property=\"og:image\" content=\"https:\/\/www.quartix.com\/content\/uploads\/2019\/05\/us-driving-style-league-table.png\" \/>\n\t<meta property=\"og:image:width\" content=\"1182\" \/>\n\t<meta property=\"og:image:height\" content=\"686\" \/>\n\t<meta property=\"og:image:type\" content=\"image\/png\" \/>\n<meta name=\"twitter:card\" content=\"summary_large_image\" \/>\n<meta name=\"twitter:site\" content=\"@QuartixUSA\" \/>\n<meta name=\"twitter:label1\" content=\"Est. reading time\" \/>\n\t<meta name=\"twitter:data1\" content=\"3 minutes\" \/>\n<!-- \/ Yoast SEO Premium plugin. -->","yoast_head_json":{"title":"Analisi della velocit\u00e0 e rapporti di guida con la localizzazione veicoli - IT","description":"Gestisci il rischio. Migliora lo stile di guida della tua flotta, riduci i costi di carburante e gestione dei veicoli fino al 25%. Controlla i profili di velocit\u00e0, accelerazione e frenata.","robots":{"index":"index","follow":"follow","max-snippet":"max-snippet:-1","max-image-preview":"max-image-preview:large","max-video-preview":"max-video-preview:-1"},"canonical":"https:\/\/www.quartix.com\/it-it\/localizzatore-gps\/stile-di-guida\/","og_locale":"it_IT","og_type":"article","og_title":"Stile di guida","og_description":"Gestisci il rischio. Migliora lo stile di guida della tua flotta, riduci i costi di carburante e gestione dei veicoli fino al 25%. Controlla i profili di velocit\u00e0, accelerazione e frenata.","og_url":"https:\/\/www.quartix.com\/it-it\/localizzatore-gps\/stile-di-guida\/","og_site_name":"Quartix","article_publisher":"https:\/\/www.facebook.com\/Quartix-USA-374426386097401\/","article_modified_time":"2023-07-13T12:21:23+00:00","og_image":[{"width":1182,"height":686,"url":"https:\/\/www.quartix.com\/content\/uploads\/2019\/05\/us-driving-style-league-table.png","type":"image\/png"}],"twitter_card":"summary_large_image","twitter_site":"@QuartixUSA","twitter_misc":{"Est. reading time":"3 minutes"},"schema":{"@context":"https:\/\/schema.org","@graph":[{"@type":"WebPage","@id":"https:\/\/www.quartix.com\/it-it\/localizzatore-gps\/stile-di-guida\/","url":"https:\/\/www.quartix.com\/it-it\/localizzatore-gps\/stile-di-guida\/","name":"Analisi della velocit\u00e0 e rapporti di guida con la localizzazione veicoli","isPartOf":{"@id":"https:\/\/www.quartix.com\/it-it\/#website"},"primaryImageOfPage":{"@id":"https:\/\/www.quartix.com\/it-it\/localizzatore-gps\/stile-di-guida\/#primaryimage"},"image":{"@id":"https:\/\/www.quartix.com\/it-it\/localizzatore-gps\/stile-di-guida\/#primaryimage"},"thumbnailUrl":"https:\/\/www.quartix.com\/content\/uploads\/2019\/05\/us-driving-style-league-table.png","datePublished":"2019-05-28T13:41:37+00:00","dateModified":"2023-07-13T12:21:23+00:00","description":"Gestisci il rischio. Migliora lo stile di guida della tua flotta, riduci i costi di carburante e gestione dei veicoli fino al 25%. Controlla i profili di velocit\u00e0, accelerazione e frenata.","breadcrumb":{"@id":"https:\/\/www.quartix.com\/it-it\/localizzatore-gps\/stile-di-guida\/#breadcrumb"},"inLanguage":"it-IT","potentialAction":[{"@type":"ReadAction","target":["https:\/\/www.quartix.com\/it-it\/localizzatore-gps\/stile-di-guida\/"]}]},{"@type":"ImageObject","inLanguage":"it-IT","@id":"https:\/\/www.quartix.com\/it-it\/localizzatore-gps\/stile-di-guida\/#primaryimage","url":"https:\/\/www.quartix.com\/content\/uploads\/2019\/05\/us-driving-style-league-table.png","contentUrl":"https:\/\/www.quartix.com\/content\/uploads\/2019\/05\/us-driving-style-league-table.png","width":1182,"height":686},{"@type":"BreadcrumbList","@id":"https:\/\/www.quartix.com\/it-it\/localizzatore-gps\/stile-di-guida\/#breadcrumb","itemListElement":[{"@type":"ListItem","position":1,"name":"Home","item":"https:\/\/www.quartix.com\/it-it\/quartix-localizzazione-dei-veicoli-in-tempo-reale\/"},{"@type":"ListItem","position":2,"name":"localizzazione del veicolo","item":"https:\/\/www.quartix.com\/it-it\/localizzatore-gps\/"},{"@type":"ListItem","position":3,"name":"Stile di guida"}]},{"@type":"WebSite","@id":"https:\/\/www.quartix.com\/it-it\/#website","url":"https:\/\/www.quartix.com\/it-it\/","name":"Quartix","description":"Real-time vehicle tracking","publisher":{"@id":"https:\/\/www.quartix.com\/it-it\/#organization"},"potentialAction":[{"@type":"SearchAction","target":{"@type":"EntryPoint","urlTemplate":"https:\/\/www.quartix.com\/it-it\/?s={search_term_string}"},"query-input":{"@type":"PropertyValueSpecification","valueRequired":true,"valueName":"search_term_string"}}],"inLanguage":"it-IT"},{"@type":"Organization","@id":"https:\/\/www.quartix.com\/it-it\/#organization","name":"Quartix","url":"https:\/\/www.quartix.com\/it-it\/","logo":{"@type":"ImageObject","inLanguage":"it-IT","@id":"https:\/\/www.quartix.com\/it-it\/#\/schema\/logo\/image\/","url":"https:\/\/www.quartix.com\/content\/uploads\/2019\/02\/quartix-logo-eur.svg","contentUrl":"https:\/\/www.quartix.com\/content\/uploads\/2019\/02\/quartix-logo-eur.svg","width":1,"height":1,"caption":"Quartix"},"image":{"@id":"https:\/\/www.quartix.com\/it-it\/#\/schema\/logo\/image\/"},"sameAs":["https:\/\/www.facebook.com\/Quartix-USA-374426386097401\/","https:\/\/x.com\/QuartixUSA","https:\/\/www.linkedin.com\/company\/5346733\/","https:\/\/www.youtube.com\/channel\/UCzS-_GMfHF4kWiCheyIRrAQ"]}]}},"_links":{"self":[{"href":"https:\/\/www.quartix.com\/it-it\/wp-json\/wp\/v2\/pages\/23245","targetHints":{"allow":["GET"]}}],"collection":[{"href":"https:\/\/www.quartix.com\/it-it\/wp-json\/wp\/v2\/pages"}],"about":[{"href":"https:\/\/www.quartix.com\/it-it\/wp-json\/wp\/v2\/types\/page"}],"author":[{"embeddable":true,"href":"https:\/\/www.quartix.com\/it-it\/wp-json\/wp\/v2\/users\/2"}],"replies":[{"embeddable":true,"href":"https:\/\/www.quartix.com\/it-it\/wp-json\/wp\/v2\/comments?post=23245"}],"version-history":[{"count":1,"href":"https:\/\/www.quartix.com\/it-it\/wp-json\/wp\/v2\/pages\/23245\/revisions"}],"predecessor-version":[{"id":122647,"href":"https:\/\/www.quartix.com\/it-it\/wp-json\/wp\/v2\/pages\/23245\/revisions\/122647"}],"up":[{"embeddable":true,"href":"https:\/\/www.quartix.com\/it-it\/wp-json\/wp\/v2\/pages\/23894"}],"wp:featuredmedia":[{"embeddable":true,"href":"https:\/\/www.quartix.com\/it-it\/wp-json\/wp\/v2\/media\/22020"}],"wp:attachment":[{"href":"https:\/\/www.quartix.com\/it-it\/wp-json\/wp\/v2\/media?parent=23245"}],"wp:term":[{"taxonomy":"topic","embeddable":true,"href":"https:\/\/www.quartix.com\/it-it\/wp-json\/wp\/v2\/topic?post=23245"},{"taxonomy":"qtx_campaign","embeddable":true,"href":"https:\/\/www.quartix.com\/it-it\/wp-json\/wp\/v2\/qtx_campaign?post=23245"}],"curies":[{"name":"wp","href":"https:\/\/api.w.org\/{rel}","templated":true}]}}