{"id":23517,"date":"2019-05-30T11:45:16","date_gmt":"2019-05-30T11:45:16","guid":{"rendered":"https:\/\/www.quartix.com\/dispositivo-di-localizzazione\/"},"modified":"2025-06-10T15:29:53","modified_gmt":"2025-06-10T14:29:53","slug":"dispositivo-di-localizzazione","status":"publish","type":"page","link":"https:\/\/www.quartix.com\/it-it\/localizzatore-gps\/dispositivo-di-localizzazione\/","title":{"rendered":"Dispositivo di localizzazione"},"content":{"rendered":"\n<div class=\"wp-block-columns is-layout-flex wp-container-core-columns-is-layout-28f84493 wp-block-columns-is-layout-flex\">\n<div class=\"wp-block-column is-layout-flow wp-block-column-is-layout-flow\">\n<h2 class=\"wp-block-heading\">Dispositivi di geolocalizzazione: come installarli?<\/h2>\n\n\n\n<p>Quartix offre tre tipi di dispositivi di geolocalizzazione, ognuno con un\u2019installazione leggermente diversa, per assicurarti di trovare l\u2019installazione pi\u00f9 adatta alla tua attivit\u00e0.<\/p>\n\n\n\n<p>Il dispositivo di geolocalizzazione cablato di Quartix richiede <a href=\"#hardwired\">l\u2019installazione di un tecnico autorizzato<\/a>. Sebbene sia veloce, l\u2019operazione richiede un breve periodo di inattivit\u00e0 dei veicoli, affinch\u00e9 i tecnici si rechino sul posto ed completino l\u2019installazione dei dispositivi.<\/p>\n\n\n\n<p>Se invece preferisci <a href=\"#Self-install\">l\u2019installazione autonoma<\/a>, Quartix offre due dispositivi di facile installazione, ideali per spostare facilmente il dispositivo da un veicolo all\u2019altro della flotta.<\/p>\n<\/div>\n\n\n\n<div class=\"wp-block-column is-layout-flow wp-block-column-is-layout-flow\">        <a href=\"https:\/\/www.youtube.com\/watch?v=Y6kg6FxkiiA&#038;t=3s\" data-lity  class=\"lightbox thumbnail\">\r\n            <div class=\"videooverlay\"><\/div>                        <figure class=\"wp-block-image\">\r\n                                    <img decoding=\"async\" loading=\"lazy\" src=\"https:\/\/www.quartix.com\/content\/uploads\/2022\/06\/DE-Connect-und-Track-Installation-1000x562.png\" alt=\"DE Connect und Track Installation\">\r\n                                <\/figure>\r\n                    <\/a>\r\n        <\/div>\n<\/div>\n\n\n\n<h2 class=\"wp-block-heading has-text-align-center\">Come scegliere tra un dispositivo installato da un tecnico e uno ad installazione autonoma?<\/h2>\n\n\n\n<div class=\"wp-block-columns is-layout-flex wp-container-core-columns-is-layout-28f84493 wp-block-columns-is-layout-flex\">\n<div class=\"wp-block-column is-layout-flow wp-block-column-is-layout-flow\">\n<h2 class=\"wp-block-heading\">Dispositivo cablato, installato da un tecnico<\/h2>\n\n\n\r\n<section  class=\"qtx-pagebuilder-section qtx-pagebuilder-section-list \">\r\n<ul class='ticks fa-ul' style='0'><li><span class='fa-li'><i class='fas fa-check-circle'><\/i><\/span>Un tecnico si recher\u00e0 sul posto e completer\u00e0 l\u2019installazione <\/li><li><span class='fa-li'><i class='fas fa-check-circle'><\/i><\/span>\u00c8 previsto un periodo di inattivit\u00e0 del veicolo, necessario per completare l\u2019installazione <\/li><li><span class='fa-li'><i class='fas fa-check-circle'><\/i><\/span>Il dispositivo \u00e8 completamente nascosto alla vista <\/li><li><span class='fa-li'><i class='fas fa-check-circle'><\/i><\/span>Sensore di manomissione <\/li><li><span class='fa-li'><i class='fas fa-check-circle'><\/i><\/span>Il dispositivo viene collegato saldamente <\/li><li><span class='fa-li'><i class='fas fa-check-circle'><\/i><\/span>Compatibile con lettori magnetici di Identificazione Conducente <\/li><\/ul><\/section>\n\n\r\n    <p class=\"iconandlink before left\">\r\n        <a href=\"#hardwired\" title=\"Scopri di pi\u00f9 \" >\r\n            <i aria-hidden=\"true\" class=\"far fa-arrow-alt-circle-right\"><\/i>            Scopri di pi\u00f9                     <\/a>\r\n    <\/p>\r\n    <\/div>\n\n\n\n<div class=\"wp-block-column is-layout-flow wp-block-column-is-layout-flow\">\n<h2 class=\"wp-block-heading\">Dispositivo ad installazione autonoma<\/h2>\n\n\n\r\n<section  class=\"qtx-pagebuilder-section qtx-pagebuilder-section-list \">\r\n<ul class='ticks fa-ul' style='0'><li><span class='fa-li'><i class='fas fa-check-circle'><\/i><\/span>Guide e video di installazione intuitivi <\/li><li><span class='fa-li'><i class='fas fa-check-circle'><\/i><\/span>Minor tempo di inattivit\u00e0 previsto per l\u2019installazione <\/li><li><span class='fa-li'><i class='fas fa-check-circle'><\/i><\/span>Dispositivi facilmente rimovibili <\/li><li><span class='fa-li'><i class='fas fa-check-circle'><\/i><\/span>Sensore di manomissione in caso di spostamento dei dispositivi <\/li><li><span class='fa-li'><i class='fas fa-check-circle'><\/i><\/span>Facili da spostare da un veicolo all\u2019altro <\/li><li><span class='fa-li'><i class='fas fa-check-circle'><\/i><\/span>Accesso alle funzioni standard del sistema <\/li><\/ul><\/section>\n\n\r\n    <p class=\"iconandlink before left\">\r\n        <a href=\"#Self-install\" title=\"Scopri di pi\u00f9 \" >\r\n            <i aria-hidden=\"true\" class=\"far fa-arrow-alt-circle-right\"><\/i>            Scopri di pi\u00f9                     <\/a>\r\n    <\/p>\r\n    <\/div>\n<\/div>\n\n\n\n<h2 class=\"wp-block-heading\">Come scegliere il dispositivo di geolocalizzazione pi\u00f9 adatto alla tua flotta?<\/h2>\n\n\n\n<p>Una volta stabilite le esigenze della tua flotta, potrai facilmente scegliere tra i tre dispositivi di geolocalizzazione offerti da Quartix. Un buon punto di inizio \u00e8 considerare se preferisci che i dispositivi siano fissi o se hai bisogno di spostarli spesso e in facile autonomia.<\/p>\n\n\n\n<p>Alcuni fattori da considerare:<\/p>\n\n\n\r\n<section  class=\"qtx-pagebuilder-section qtx-pagebuilder-section-accordion\">\r\n            <div class=\"accordion noboxes\" id=\"acc1617436232\">\r\n                                            <div class=\"accordion-item\">\r\n                    <button class=\"accordion-title\"><span class=\"arrow\"><\/span>Di quali veicoli \u00e8 composta la tua flotta? <\/button>\r\n                    <div class=\"accordion-content\"><p>A seconda del tipo dei veicoli che compongono la tua flotta, il <a href=\"#hardwired\">dispositivo cablato<\/a> potrebbe rivelarsi la scelta migliore. I dispositivi ad installazione autonoma, infatti, sono adatti ad auto e van, mentre i dispositivi cablati sono compatibili con ogni modello di veicolo.<\/p>\n<\/div>\r\n                <\/div>\r\n                                            <div class=\"accordion-item\">\r\n                    <button class=\"accordion-title\"><span class=\"arrow\"><\/span>I tuoi veicoli sono in leasing? <\/button>\r\n                    <div class=\"accordion-content\"><p>Se hai bisogno di spostare i dispositivi di geolocalizzazione da un veicolo ad un altro a intervalli regolari, i nostri dispositivi ad <a href=\"#Self-install\" target=\"_blank\" rel=\"noopener\">installazione autonoma<\/a> potrebbero essere l\u2019opzione pi\u00f9 pratica ed efficiente.<\/p>\n<\/div>\r\n                <\/div>\r\n                                            <div class=\"accordion-item\">\r\n                    <button class=\"accordion-title\"><span class=\"arrow\"><\/span>I tuoi veicoli vengono utilizzati da pi\u00f9 conducenti? <\/button>\r\n                    <div class=\"accordion-content\"><p>Il nostro dispositivo di geolocalizzazione cablato \u00e8 compatibile con delle speciali chiavette magnetiche di <a href=\"https:\/\/www.quartix.com\/it-it\/identificazione-conducente\/\" target=\"_blank\" rel=\"noopener\">Identificazione Conducente<\/a>, per aiutarti a distinguere tra i dipendenti che guidano lo stesso veicolo.<\/p>\n<\/div>\r\n                <\/div>\r\n                    <\/div>\r\n    <\/section>\r\n<script nonce=\"\" nonce=\"\">\r\ndocument.addEventListener(\"DOMContentLoaded\", function(){\r\n    var titles = document.getElementById (\"acc1617436232\").getElementsByClassName(\"accordion-title\");\r\n    for (var i = 0; i < titles.length; i++) {\r\n        if ( i == (parseInt(-1 ))) {\r\n            titles[i].classList.add(\"active\");\r\n            titles[i].nextElementSibling.style.maxHeight = titles[i].nextElementSibling.scrollHeight + \"px\";\r\n        }\r\n    }\r\n});\r\n\r\nvar titles = document.getElementById (\"acc1617436232\").getElementsByClassName(\"accordion-title\");\r\nfor (var i = 0; i < titles.length; i++) {\r\n    titles[i].addEventListener(\"click\", function() {\r\n        if (\"openlots\" == \"openone\") {\r\n            if(this.classList.contains(\"active\")) {\r\n                this.classList.toggle(\"active\");\r\n                this.nextElementSibling.style.maxHeight = null;\r\n            }\r\n            else {\r\n                document.querySelectorAll('#acc1617436232 .accordion-title').forEach(el => el.classList.remove('active'));\r\n                document.querySelectorAll('#acc1617436232 .accordion-content').forEach(el => el.style.maxHeight = null);\r\n                this.classList.toggle(\"active\");\r\n                var panel = this.nextElementSibling;\r\n                if (this.classList.contains(\"active\")) {\r\n                    panel.style.maxHeight = panel.scrollHeight + \"px\";\r\n                } else {\r\n                panel.style.maxHeight = null;\r\n                }\r\n            }\r\n        }\r\n        else {\r\n            this.classList.toggle(\"active\");\r\n            var panel = this.nextElementSibling;\r\n            if (this.classList.contains(\"active\")) {\r\n                panel.style.maxHeight = panel.scrollHeight + \"px\";\r\n            } else {\r\n            panel.style.maxHeight = null;\r\n            }\r\n        }\r\n    });\r\n}\r\n<\/script>\n\n\n<div class=\"wp-block-columns is-layout-flex wp-container-core-columns-is-layout-28f84493 wp-block-columns-is-layout-flex\">\n<div class=\"wp-block-column is-layout-flow wp-block-column-is-layout-flow\" style=\"flex-basis:66.66%\">\n<h2 class=\"wp-block-heading\" id=\"hardwired\">Dispositivi di geolocalizzazione cablati<\/h2>\n\n\n\n<p>Il dispositivo di localizzazione GPS di Quartix misura 9 cm x 5,5 cm x 2,4 cm e pesa solamente 90 g. Si tratta di un dispositivo completamente nascosto alla vista, la cui installazione dura solitamente tra i 30 e i 40 minuti.<\/p>\n\n\n\n<p>Una volta installato da un tecnico, il dispositivo cablato \u00e8 estremamente difficile da manomettere. \u00c8 dotato inoltre della funzionalit\u00e0 di Identificazione Conducente tramite chiavetta elettronica e di allarme in caso di apertura del bagagliaio.<\/p>\n\n\n\n<p>\u00c8 possibile richiedere l\u2019installazione da parte dei nostri tecnici in tutta Italia, durante la giornata lavorativa o a sera e nel weekend, a seconda delle esigenze della tua attivit\u00e0.<\/p>\n\n\n\r\n    <p class=\"iconandlink before left\">\r\n        <a href=\"\/it-it\/dispositivo-di-localizzazione-cablato\/\" title=\"Scopri di pi\u00f9 sul dispositivo cablato \" >\r\n            <i aria-hidden=\"true\" class=\"far fa-arrow-alt-circle-right\"><\/i>            Scopri di pi\u00f9 sul dispositivo cablato                     <\/a>\r\n    <\/p>\r\n    <\/div>\n\n\n\n<div class=\"wp-block-column is-layout-flow wp-block-column-is-layout-flow\" style=\"flex-basis:33.33%\">\n<figure class=\"wp-block-image aligncenter size-large\"><img loading=\"lazy\" decoding=\"async\" width=\"1000\" height=\"830\" src=\" https:\/\/www.quartix.com\/content\/uploads\/2022\/10\/Quartix-Hardwired-Device-1000x830.png\" alt=\"Quartix hardwired vehicle tracking device\" class=\"wp-image-81705\" srcset=\"https:\/\/www.quartix.com\/content\/uploads\/2022\/10\/Quartix-Hardwired-Device-1000x830.png 1000w, https:\/\/www.quartix.com\/content\/uploads\/2022\/10\/Quartix-Hardwired-Device-300x249.png 300w, https:\/\/www.quartix.com\/content\/uploads\/2022\/10\/Quartix-Hardwired-Device-768x637.png 768w, https:\/\/www.quartix.com\/content\/uploads\/2022\/10\/Quartix-Hardwired-Device-1536x1275.png 1536w, https:\/\/www.quartix.com\/content\/uploads\/2022\/10\/Quartix-Hardwired-Device-2048x1700.png 2048w\" sizes=\"auto, (max-width: 1000px) 100vw, 1000px\" \/><\/figure>\n<\/div>\n<\/div>\n\n\n\n<h2 class=\"wp-block-heading\" id=\"Self-install\">Dispositivo di geolocalizzazione ad installazione autonoma: la soluzione flessibile<\/h2>\n\n\n\n<p>Per i clienti che richiedono lo spostamento dei dispositivi di geolocalizzazione da un veicolo ad un altro a intervalli regolari, i dispositivi ad installazione autonoma sono l\u2019opzione pi\u00f9 pratica, poich\u00e9 sono facilmente rimovibili e non richiedono interventi di installazione da parte di un tecnico.<\/p>\n\n\n\n<p>Quartix offre due dispositivi di localizzazione ad installazione autonoma, ognuno dei quali fornisce la <a href=\"https:\/\/www.quartix.com\/it-it\/localizzatore-gps\/localizzazione-veicoli\/\" target=\"_blank\" rel=\"noreferrer noopener\">geolocalizzazione in tempo reale<\/a> e i rapporti di viaggio base proprio come il dispositivo cablato, ma senza le caratteristiche specifiche di quest\u2019ultimo. Continua a leggere per saperne di pi\u00f9 sulle opzioni ad installazione autonoma.<\/p>\n\n\n\n<div class=\"wp-block-columns is-layout-flex wp-container-core-columns-is-layout-28f84493 wp-block-columns-is-layout-flex\">\n<div class=\"wp-block-column is-layout-flow wp-block-column-is-layout-flow\" style=\"flex-basis:66.66%\">\n<h2 class=\"wp-block-heading\">Dispositivo di geolocalizzazione ad installazione autonoma Connect &amp; Track<\/h2>\n\n\n\n<p>Connect &amp; Track \u00e8 un\u2019opzione di geolocalizzazione semplice e discreta tramite dispositivo ad installazione autonoma. Baster\u00e0 collegare i due cavi del dispositivo alla batteria del veicolo per avere accesso in pochi minuti ai dati telematici di ogni viaggio intrapreso con quel veicolo.<\/p>\n\n\n\n<p>Lo spostamento dei dispositivi Connect &amp; Track da un veicolo ad un altro \u00e8 semplicissimo, rendendoli la scelta perfetta per appaltatori temporanei e aziende con veicoli in leasing. Il dispositivo pu\u00f2 essere utilizzato su ogni tipo di veicolo, leggero, medio o pesante che sia.<\/p>\n\n\n\n<p>Caratteristiche principali di Connect &amp; Track:<\/p>\n\n\n\n<ul class=\"wp-block-list\">\n<li>installazione autonoma, che non richiede l\u2019intervento di un tecnico<\/li>\n\n\n\n<li>dispositivo nascosto alla vista<\/li>\n\n\n\n<li>aggiornamenti immediati over-the-air<\/li>\n\n\n\n<li>notifiche di manomissione per email<\/li>\n\n\n\n<li>capacit\u00e0 di memoria fino a 500 viaggi<\/li>\n<\/ul>\n\n\n\r\n    <p class=\"iconandlink before left\">\r\n        <a href=\"\/it-it\/connect-track\/\" title=\"Scopri di pi\u00f9 sull\u2019installazione del dispositivo Connect &amp; Track \" >\r\n            <i aria-hidden=\"true\" class=\"far fa-arrow-alt-circle-right\"><\/i>            Scopri di pi\u00f9 sull\u2019installazione del dispositivo Connect &amp; Track                     <\/a>\r\n    <\/p>\r\n    <\/div>\n\n\n\n<div class=\"wp-block-column is-layout-flow wp-block-column-is-layout-flow\" style=\"flex-basis:33.33%\">\n<figure class=\"wp-block-image aligncenter size-large\"><img loading=\"lazy\" decoding=\"async\" width=\"1000\" height=\"852\" src=\" https:\/\/www.quartix.com\/content\/uploads\/2022\/10\/Connect-and-Track-1000x852.jpg\" alt=\"Quartix Connect and Track device\" class=\"wp-image-81668\" srcset=\"https:\/\/www.quartix.com\/content\/uploads\/2022\/10\/Connect-and-Track-1000x852.jpg 1000w, https:\/\/www.quartix.com\/content\/uploads\/2022\/10\/Connect-and-Track-300x256.jpg 300w, https:\/\/www.quartix.com\/content\/uploads\/2022\/10\/Connect-and-Track-768x655.jpg 768w, https:\/\/www.quartix.com\/content\/uploads\/2022\/10\/Connect-and-Track-1536x1309.jpg 1536w, https:\/\/www.quartix.com\/content\/uploads\/2022\/10\/Connect-and-Track-2048x1746.jpg 2048w\" sizes=\"auto, (max-width: 1000px) 100vw, 1000px\" \/><\/figure>\n<\/div>\n<\/div>\n\n\n\n<div class=\"wp-block-columns is-layout-flex wp-container-core-columns-is-layout-28f84493 wp-block-columns-is-layout-flex\">\n<div class=\"wp-block-column is-layout-flow wp-block-column-is-layout-flow\" style=\"flex-basis:66.66%\">\n<h2 class=\"wp-block-heading\">Dispositivo di geolocalizzazione ad installazione autonoma Plug &amp; Track<\/h2>\n\n\n\n<p>Plug &amp; Track di Quartix \u00e8 il dispositivo di geolocalizzazione ad installazione autonoma OBD, ideale per chi necessita di spostare facilmente e rapidamente il dispositivo da un veicolo ad un altro.<\/p>\n\n\n\n<p>Plug &amp; Track si collega direttamente alla porta OBD, divenendo la soluzione ideale per auto e van e la pi\u00f9 conveniente per flotte con veicoli in leasing.<\/p>\n\n\n\n<p>Caratteristiche principali di Plug &amp; Track:<\/p>\n\n\n\n<ul class=\"wp-block-list\">\n<li>aggiornamenti immediati e veloci over-the-air (OTA) di firmware e supporto<\/li>\n\n\n\n<li>ampia capacit\u00e0 di memoria: fino a 500 viaggi<\/li>\n\n\n\n<li>dotato di batteria interna<\/li>\n\n\n\n<li>notifiche di manomissione quando:\n<ul class=\"wp-block-list\">\n<li>il dispositivo viene collegato<\/li>\n\n\n\n<li>il dispositivo viene scollegato<\/li>\n\n\n\n<li>il veicolo \u00e8 in movimento a motore spento<\/li>\n<\/ul>\n<\/li>\n<\/ul>\n\n\n\r\n    <p class=\"iconandlink before left\">\r\n        <a href=\"\/it-it\/dispositivo-plug-track\/\" title=\"Scopri di pi\u00f9 sull\u2019installazione del dispositivo Plug &amp; Track \" >\r\n            <i aria-hidden=\"true\" class=\"far fa-arrow-alt-circle-right\"><\/i>            Scopri di pi\u00f9 sull\u2019installazione del dispositivo Plug &amp; Track                     <\/a>\r\n    <\/p>\r\n    <\/div>\n\n\n\n<div class=\"wp-block-column is-layout-flow wp-block-column-is-layout-flow\" style=\"flex-basis:33.33%\">\n<figure class=\"wp-block-image aligncenter size-large\"><img loading=\"lazy\" decoding=\"async\" width=\"1000\" height=\"769\" src=\" https:\/\/www.quartix.com\/content\/uploads\/2019\/04\/PlugTrackUnit-1000x769.png\" alt=\"\" class=\"wp-image-21910\" srcset=\"https:\/\/www.quartix.com\/content\/uploads\/2019\/04\/PlugTrackUnit-1000x769.png 1000w, https:\/\/www.quartix.com\/content\/uploads\/2019\/04\/PlugTrackUnit-300x231.png 300w, https:\/\/www.quartix.com\/content\/uploads\/2019\/04\/PlugTrackUnit-768x590.png 768w, https:\/\/www.quartix.com\/content\/uploads\/2019\/04\/PlugTrackUnit.png 1661w\" sizes=\"auto, (max-width: 1000px) 100vw, 1000px\" \/><\/figure>\n<\/div>\n<\/div>\n","protected":false},"excerpt":{"rendered":"<p>Dispositivi di geolocalizzazione: come installarli? Quartix offre tre tipi di dispositivi di geolocalizzazione, ognuno con un\u2019installazione leggermente diversa, per assicurarti di trovare l\u2019installazione pi\u00f9 adatta alla tua attivit\u00e0. Il dispositivo di geolocalizzazione cablato di Quartix richiede l\u2019installazione di un tecnico autorizzato. Sebbene sia veloce, l\u2019operazione richiede un breve periodo di inattivit\u00e0 dei veicoli, affinch\u00e9 i [&hellip;]<\/p>\n","protected":false},"author":2,"featured_media":0,"parent":23894,"menu_order":70,"comment_status":"closed","ping_status":"closed","template":"","meta":{"_acf_changed":false,"inline_featured_image":false,"footnotes":""},"topic":[],"qtx_campaign":[],"class_list":["post-23517","page","type-page","status-publish","hentry"],"acf":[],"yoast_head":"<!-- This site is optimized with the Yoast SEO Premium plugin v27.2 (Yoast SEO v27.2) - https:\/\/yoast.com\/product\/yoast-seo-premium-wordpress\/ -->\n<title>Dispositivo di localizzazione veicoli - IT<\/title>\n<meta name=\"description\" content=\"Il nostro dispositivo di localizzazione veicoli di maggior successo: Plug &amp; Track \u00e8 la soluzione ad installazione autonoma che rende pi\u00f9 semplice lo spostamento del dispositivo da un veicolo ad un altro.\" \/>\n<meta name=\"robots\" content=\"index, follow, max-snippet:-1, max-image-preview:large, max-video-preview:-1\" \/>\n<link rel=\"canonical\" href=\"https:\/\/www.quartix.com\/it-it\/localizzatore-gps\/dispositivo-di-localizzazione\/\" \/>\n<meta property=\"og:locale\" content=\"it_IT\" \/>\n<meta property=\"og:type\" content=\"article\" \/>\n<meta property=\"og:title\" content=\"Dispositivo di localizzazione\" \/>\n<meta property=\"og:description\" content=\"Il nostro dispositivo di localizzazione veicoli di maggior successo: Plug &amp; Track \u00e8 la soluzione ad installazione autonoma che rende pi\u00f9 semplice lo spostamento del dispositivo da un veicolo ad un altro.\" \/>\n<meta property=\"og:url\" content=\"https:\/\/www.quartix.com\/it-it\/localizzatore-gps\/dispositivo-di-localizzazione\/\" \/>\n<meta property=\"og:site_name\" content=\"Quartix\" \/>\n<meta property=\"article:publisher\" content=\"https:\/\/www.facebook.com\/Quartix-USA-374426386097401\/\" \/>\n<meta property=\"article:modified_time\" content=\"2025-06-10T14:29:53+00:00\" \/>\n<meta name=\"twitter:card\" content=\"summary_large_image\" \/>\n<meta name=\"twitter:site\" content=\"@QuartixUSA\" \/>\n<meta name=\"twitter:label1\" content=\"Est. reading time\" \/>\n\t<meta name=\"twitter:data1\" content=\"5 minutes\" \/>\n<!-- \/ Yoast SEO Premium plugin. -->","yoast_head_json":{"title":"Dispositivo di localizzazione veicoli - IT","description":"Il nostro dispositivo di localizzazione veicoli di maggior successo: Plug & Track \u00e8 la soluzione ad installazione autonoma che rende pi\u00f9 semplice lo spostamento del dispositivo da un veicolo ad un altro.","robots":{"index":"index","follow":"follow","max-snippet":"max-snippet:-1","max-image-preview":"max-image-preview:large","max-video-preview":"max-video-preview:-1"},"canonical":"https:\/\/www.quartix.com\/it-it\/localizzatore-gps\/dispositivo-di-localizzazione\/","og_locale":"it_IT","og_type":"article","og_title":"Dispositivo di localizzazione","og_description":"Il nostro dispositivo di localizzazione veicoli di maggior successo: Plug & Track \u00e8 la soluzione ad installazione autonoma che rende pi\u00f9 semplice lo spostamento del dispositivo da un veicolo ad un altro.","og_url":"https:\/\/www.quartix.com\/it-it\/localizzatore-gps\/dispositivo-di-localizzazione\/","og_site_name":"Quartix","article_publisher":"https:\/\/www.facebook.com\/Quartix-USA-374426386097401\/","article_modified_time":"2025-06-10T14:29:53+00:00","twitter_card":"summary_large_image","twitter_site":"@QuartixUSA","twitter_misc":{"Est. reading time":"5 minutes"},"schema":{"@context":"https:\/\/schema.org","@graph":[{"@type":"WebPage","@id":"https:\/\/www.quartix.com\/it-it\/localizzatore-gps\/dispositivo-di-localizzazione\/","url":"https:\/\/www.quartix.com\/it-it\/localizzatore-gps\/dispositivo-di-localizzazione\/","name":"Dispositivo di localizzazione veicoli","isPartOf":{"@id":"https:\/\/www.quartix.com\/it-it\/#website"},"datePublished":"2019-05-30T11:45:16+00:00","dateModified":"2025-06-10T14:29:53+00:00","description":"Il nostro dispositivo di localizzazione veicoli di maggior successo: Plug & Track \u00e8 la soluzione ad installazione autonoma che rende pi\u00f9 semplice lo spostamento del dispositivo da un veicolo ad un altro.","breadcrumb":{"@id":"https:\/\/www.quartix.com\/it-it\/localizzatore-gps\/dispositivo-di-localizzazione\/#breadcrumb"},"inLanguage":"it-IT","potentialAction":[{"@type":"ReadAction","target":["https:\/\/www.quartix.com\/it-it\/localizzatore-gps\/dispositivo-di-localizzazione\/"]}]},{"@type":"BreadcrumbList","@id":"https:\/\/www.quartix.com\/it-it\/localizzatore-gps\/dispositivo-di-localizzazione\/#breadcrumb","itemListElement":[{"@type":"ListItem","position":1,"name":"Home","item":"https:\/\/www.quartix.com\/it-it\/quartix-localizzazione-dei-veicoli-in-tempo-reale\/"},{"@type":"ListItem","position":2,"name":"localizzazione del veicolo","item":"https:\/\/www.quartix.com\/it-it\/localizzatore-gps\/"},{"@type":"ListItem","position":3,"name":"Dispositivo di localizzazione"}]},{"@type":"WebSite","@id":"https:\/\/www.quartix.com\/it-it\/#website","url":"https:\/\/www.quartix.com\/it-it\/","name":"Quartix","description":"Real-time vehicle tracking","publisher":{"@id":"https:\/\/www.quartix.com\/it-it\/#organization"},"potentialAction":[{"@type":"SearchAction","target":{"@type":"EntryPoint","urlTemplate":"https:\/\/www.quartix.com\/it-it\/?s={search_term_string}"},"query-input":{"@type":"PropertyValueSpecification","valueRequired":true,"valueName":"search_term_string"}}],"inLanguage":"it-IT"},{"@type":"Organization","@id":"https:\/\/www.quartix.com\/it-it\/#organization","name":"Quartix","url":"https:\/\/www.quartix.com\/it-it\/","logo":{"@type":"ImageObject","inLanguage":"it-IT","@id":"https:\/\/www.quartix.com\/it-it\/#\/schema\/logo\/image\/","url":"https:\/\/www.quartix.com\/content\/uploads\/2019\/02\/quartix-logo-eur.svg","contentUrl":"https:\/\/www.quartix.com\/content\/uploads\/2019\/02\/quartix-logo-eur.svg","width":1,"height":1,"caption":"Quartix"},"image":{"@id":"https:\/\/www.quartix.com\/it-it\/#\/schema\/logo\/image\/"},"sameAs":["https:\/\/www.facebook.com\/Quartix-USA-374426386097401\/","https:\/\/x.com\/QuartixUSA","https:\/\/www.linkedin.com\/company\/5346733\/","https:\/\/www.youtube.com\/channel\/UCzS-_GMfHF4kWiCheyIRrAQ"]}]}},"_links":{"self":[{"href":"https:\/\/www.quartix.com\/it-it\/wp-json\/wp\/v2\/pages\/23517","targetHints":{"allow":["GET"]}}],"collection":[{"href":"https:\/\/www.quartix.com\/it-it\/wp-json\/wp\/v2\/pages"}],"about":[{"href":"https:\/\/www.quartix.com\/it-it\/wp-json\/wp\/v2\/types\/page"}],"author":[{"embeddable":true,"href":"https:\/\/www.quartix.com\/it-it\/wp-json\/wp\/v2\/users\/2"}],"replies":[{"embeddable":true,"href":"https:\/\/www.quartix.com\/it-it\/wp-json\/wp\/v2\/comments?post=23517"}],"version-history":[{"count":4,"href":"https:\/\/www.quartix.com\/it-it\/wp-json\/wp\/v2\/pages\/23517\/revisions"}],"predecessor-version":[{"id":122646,"href":"https:\/\/www.quartix.com\/it-it\/wp-json\/wp\/v2\/pages\/23517\/revisions\/122646"}],"up":[{"embeddable":true,"href":"https:\/\/www.quartix.com\/it-it\/wp-json\/wp\/v2\/pages\/23894"}],"wp:attachment":[{"href":"https:\/\/www.quartix.com\/it-it\/wp-json\/wp\/v2\/media?parent=23517"}],"wp:term":[{"taxonomy":"topic","embeddable":true,"href":"https:\/\/www.quartix.com\/it-it\/wp-json\/wp\/v2\/topic?post=23517"},{"taxonomy":"qtx_campaign","embeddable":true,"href":"https:\/\/www.quartix.com\/it-it\/wp-json\/wp\/v2\/qtx_campaign?post=23517"}],"curies":[{"name":"wp","href":"https:\/\/api.w.org\/{rel}","templated":true}]}}