{"id":23640,"date":"2019-05-31T18:41:47","date_gmt":"2019-05-31T18:41:47","guid":{"rendered":"https:\/\/www.quartix.com\/localizzazione-veicoli\/"},"modified":"2026-02-25T17:15:31","modified_gmt":"2026-02-25T16:15:31","slug":"localizzazione-veicoli","status":"publish","type":"page","link":"https:\/\/www.quartix.com\/it-it\/localizzatore-gps\/localizzazione-veicoli\/","title":{"rendered":"Localizzazione veicoli"},"content":{"rendered":"\n<div class=\"wp-block-columns is-layout-flex wp-container-core-columns-is-layout-28f84493 wp-block-columns-is-layout-flex\">\n<div class=\"wp-block-column is-layout-flow wp-block-column-is-layout-flow\" style=\"flex-basis:33.33%\">\n<h2 class=\"wp-block-heading\" id=\"controlla-la-posizione-attuale-dei-tuoi-veicoli\">Controlla la posizione attuale dei tuoi veicoli<\/h2>\n\n\n\n<p>Controlla i tuoi veicoli e i conducenti in tempo reale. Non \u00e8 necessario alcun software aggiuntivo: puoi trovare tutto online.<\/p>\n\n\n\n<p>Con la nostra mappa di localizzazione veicoli basata su Google, hai accesso a tutte le info sui veicoli e conducenti per consultare i registri di presenza e i percorsi quotidiani.<\/p>\n\n\n\n<p>Il nostro sistema \u00e8 concepito per permettere la navigazione da una mappa o un rapporto ad un altro, addentrandoti con facilit\u00e0 nei dettagli.<\/p>\n<\/div>\n\n\n\n<div class=\"wp-block-column is-layout-flow wp-block-column-is-layout-flow\" style=\"flex-basis:66.66%\">        <a href=\"https:\/\/www.quartix.com\/content\/uploads\/2019\/07\/IT_Live-Tracking.gif\" data-lity data-lity-desc=\"IT_Live Tracking\" class=\"lightbox thumbnail\">\r\n                                    <figure class=\"wp-block-image\">\r\n                                    <img decoding=\"async\" loading=\"lazy\" src=\"https:\/\/www.quartix.com\/content\/uploads\/2019\/07\/IT_Live-Tracking.gif\" alt=\"IT_Live Tracking\">\r\n                                <\/figure>\r\n                    <\/a>\r\n        <\/div>\n<\/div>\n\n\n<section  class=\"qtx-pagebuilder-section qtx-pagebuilder-section-blockquote qtx-pagebuilder-section-blockquote-left_green_border \">\r\n        <div class=\"left_green_border\">\r\n            <blockquote>\r\n                <p>Lascia a Quartix il compito di analizzare i dati e tradurli in rapporti di facile lettura. Avrai accesso a tutte le informazioni online: il sistema include infatti una vasta gamma di rapporti e grafici sulla localizzazione veicoli. In questo modo potrai identificare i migliori conducenti, comprendere costi chilometrici e carburante e goderti la certezza di avere tutto sotto controllo.<\/p>\n                            <\/blockquote>\r\n        <\/div>\r\n        <\/section>\r\n\r\n\n\n\n<div class=\"wp-block-columns is-layout-flex wp-container-core-columns-is-layout-28f84493 wp-block-columns-is-layout-flex\">\n<div class=\"wp-block-column is-layout-flow wp-block-column-is-layout-flow\">        <a href=\"https:\/\/www.quartix.com\/content\/uploads\/2020\/08\/daily-driver-log.png\" data-lity data-lity-desc=\"daily driver log\" class=\"lightbox thumbnail\">\r\n                                    <figure class=\"wp-block-image\">\r\n                                    <img decoding=\"async\" loading=\"lazy\" src=\"https:\/\/www.quartix.com\/content\/uploads\/2020\/08\/daily-driver-log-1000x571.png\" alt=\"daily driver log\">\r\n                                <\/figure>\r\n                    <\/a>\r\n        <\/div>\n\n\n\n<div class=\"wp-block-column is-layout-flow wp-block-column-is-layout-flow\">\n<h2 class=\"wp-block-heading\" id=\"registri-dei-veicoli-giornalieri\">Registri dei veicoli giornalieri<\/h2>\n\n\n\n<p>Identifica le soste e l&#8217;ora in cui viene portata a termine una consegna o una commissione. I registri dei conducenti ti mostrano tutti i viaggi individuali effettuati in un dato giorno, con tempi di partenza ed arrivo, distanze percorse e tempi di sosta per ogni itinerario.<\/p>\n\n\n\n<p>A te la scelta dei dettagli: ad esempio, decidi se mostrare o oscurare le fermate a motore acceso o i piccoli spostamenti nella stessa zona.<\/p>\n\n\n\n<p>Riceverai inoltre ogni giorno un&#8217;email di riepilogo che ti permetter\u00e0 di verificare se i conducenti hanno svolto la propria missione come pianificato.<\/p>\n<\/div>\n<\/div>\n\n\n\n<div class=\"wp-block-columns is-layout-flex wp-container-core-columns-is-layout-28f84493 wp-block-columns-is-layout-flex\">\n<div class=\"wp-block-column is-layout-flow wp-block-column-is-layout-flow\">\n<h2 class=\"wp-block-heading\" id=\"percorsi-giornalieri\">Percorsi giornalieri<\/h2>\n\n\n\n<p>Quartix ti mostra tutti i viaggi e i percorsi intrapresi in una giornata, con ogni punto di riferimento completo di direzione e velocit\u00e0. Stabilisci come luoghi preferiti le destinazioni dei clienti abituali, cos\u00ec da controllare quali conducenti si trovano in prossimit\u00e0. Clicca sui punti di riferimento per ulteriori dettagli sulla velocit\u00e0 o aumenta lo zoom per visualizzare l&#8217;esatta posizione con Google Street View.<\/p>\n<\/div>\n\n\n\n<div class=\"wp-block-column is-layout-flow wp-block-column-is-layout-flow\">        <a href=\"https:\/\/www.quartix.com\/content\/uploads\/2019\/07\/route-map-no-header.png\" data-lity data-lity-desc=\"route map no header\" class=\"lightbox thumbnail\">\r\n                                    <figure class=\"wp-block-image\">\r\n                                    <img decoding=\"async\" loading=\"lazy\" src=\"https:\/\/www.quartix.com\/content\/uploads\/2019\/07\/route-map-no-header-1000x579.png\" alt=\"route map no header\">\r\n                                <\/figure>\r\n                    <\/a>\r\n        <\/div>\n<\/div>\n\n\n\n<div class=\"wp-block-columns is-layout-flex wp-container-core-columns-is-layout-28f84493 wp-block-columns-is-layout-flex\">\n<div class=\"wp-block-column is-layout-flow wp-block-column-is-layout-flow\">\n<figure class=\"wp-block-image size-full\"><img loading=\"lazy\" decoding=\"async\" width=\"800\" height=\"450\" src=\"https:\/\/www.quartix.com\/content\/uploads\/2026\/02\/IT-Heatmap.jpg\" alt=\"Screenshot of a digital map showing vehicle routes in central Italy, with heatmap lines in red and blue indicating travel paths and intensity; date filters are visible on the left panel.\" class=\"wp-image-129901\" srcset=\"https:\/\/www.quartix.com\/content\/uploads\/2026\/02\/IT-Heatmap.jpg 800w, https:\/\/www.quartix.com\/content\/uploads\/2026\/02\/IT-Heatmap-300x169.jpg 300w, https:\/\/www.quartix.com\/content\/uploads\/2026\/02\/IT-Heatmap-768x432.jpg 768w\" sizes=\"auto, (max-width: 800px) 100vw, 800px\" \/><\/figure>\n<\/div>\n\n\n\n<div class=\"wp-block-column is-layout-flow wp-block-column-is-layout-flow\">\n<h2 class=\"wp-block-heading\" id=\"h-heatmap-capire-come-si-muovono-i-tuoi-veicoli-non-e-mai-stato-cosi-semplice\"><strong>Heatmap:<\/strong> <strong>Capire come si muovono i tuoi veicoli non \u00e8 mai stato cos\u00ec semplice<\/strong><\/h2>\n\n\n\n<p>Hai mai voluto sapere quali strade percorrono di pi\u00f9 i tuoi veicoli? Con la heatmap di Quartix puoi vederlo in un attimo: una mappa colorata ti mostra dove c&#8217;\u00e8 pi\u00f9 movimento. Pi\u00f9 il colore \u00e8 acceso, pi\u00f9 quel percorso \u00e8 stato usato.<\/p>\n\n\n\n<p>Scegli i veicoli che ti interessano e il periodo da analizzare, e la mappa fa tutto il resto. Potrai cos\u00ec capire come si muove la tua flotta, trovare percorsi inutilmente ripetuti e risparmiare tempo e denaro ogni giorno.<\/p>\n\n\n\n<p><\/p>\n<\/div>\n<\/div>\n\n\n\n<div class=\"wp-block-columns is-layout-flex wp-container-core-columns-is-layout-28f84493 wp-block-columns-is-layout-flex\">\n<div class=\"wp-block-column is-layout-flow wp-block-column-is-layout-flow\" style=\"flex-basis:33.33%\">\n<figure class=\"wp-block-image\"><img decoding=\"async\" src=\" https:\/\/www.quartix.com\/content\/uploads\/2018\/06\/US-Live-Tracking-App-3.gif\" alt=\"Live Mobile Tracking App\"\/><\/figure>\n<\/div>\n\n\n\n<div class=\"wp-block-column is-layout-flow wp-block-column-is-layout-flow\" style=\"flex-basis:66.66%\">\n<h2 class=\"wp-block-heading\" id=\"app-mobile\">App mobile<\/h2>\n\n\n\n<p>Accedi alla posizione attuale dei veicoli mentre sei fuori ufficio, verifica gli itinerari dei conducenti e controlla la loro condotta di guida. Puoi anche consentire l&#8217;accesso ai rapporti sullo stile di guida ai relativi conducenti. <a href=\"https:\/\/www.quartix.com\/it-it\/localizzatore-gps\/app-mobile\/\">L&#8217;app<\/a> \u00e8 completamente gratuita. I rapporti disponibili mostrano:<\/p>\n\n\n\n<ul class=\"wp-block-list\">\n<li>La lista della tua flotta con tutti i veicoli registrati e relativo stato<\/li>\n\n\n\n<li>La posizione pi\u00f9 recente dei veicoli grazie alla localizzazione in tempo reale<\/li>\n\n\n\n<li>Gli itinerari per ogni giornata negli ultimi 6 mesi<\/li>\n<\/ul>\n<\/div>\n<\/div>\n\n\n\n<div class=\"wp-block-columns is-layout-flex wp-container-core-columns-is-layout-28f84493 wp-block-columns-is-layout-flex\">\n<div class=\"wp-block-column is-layout-flow wp-block-column-is-layout-flow\">\n<h2 class=\"wp-block-heading\" id=\"prova-ora-quartix\">Prova ora Quartix<\/h2>\n\n\n\n<p>Prova gratuitamente Quartix con la nostra demo in tempo reale.<\/p>\n\n\n    <span ><\/span>\r\n    \n<div class=\"wpcf7 no-js\" id=\"wpcf7-f71385-o1\" lang=\"it-IT\" dir=\"ltr\" data-wpcf7-id=\"71385\">\n<div class=\"screen-reader-response\"><p role=\"status\" aria-live=\"polite\" aria-atomic=\"true\"><\/p> <ul><\/ul><\/div>\n<form action=\"\/it-it\/wp-json\/wp\/v2\/pages\/23640#wpcf7-f71385-o1\" method=\"post\" class=\"wpcf7-form init\" aria-label=\"Contact form\" novalidate=\"novalidate\" data-status=\"init\">\n<fieldset class=\"hidden-fields-container\"><input type=\"hidden\" name=\"_wpcf7\" value=\"71385\" \/><input type=\"hidden\" name=\"_wpcf7_version\" value=\"6.1.5\" \/><input type=\"hidden\" name=\"_wpcf7_locale\" value=\"it_IT\" \/><input type=\"hidden\" name=\"_wpcf7_unit_tag\" value=\"wpcf7-f71385-o1\" \/><input type=\"hidden\" name=\"_wpcf7_container_post\" value=\"0\" \/><input type=\"hidden\" name=\"_wpcf7_posted_data_hash\" value=\"\" \/><input type=\"hidden\" name=\"_wpcf7cf_hidden_group_fields\" value=\"[]\" \/><input type=\"hidden\" name=\"_wpcf7cf_hidden_groups\" value=\"[]\" \/><input type=\"hidden\" name=\"_wpcf7cf_visible_groups\" value=\"[]\" \/><input type=\"hidden\" name=\"_wpcf7cf_repeaters\" value=\"[]\" \/><input type=\"hidden\" name=\"_wpcf7cf_steps\" value=\"{}\" \/><input type=\"hidden\" name=\"_wpcf7cf_options\" value=\"{&quot;form_id&quot;:71385,&quot;conditions&quot;:[],&quot;settings&quot;:{&quot;animation&quot;:&quot;yes&quot;,&quot;animation_intime&quot;:200,&quot;animation_outtime&quot;:200,&quot;conditions_ui&quot;:&quot;normal&quot;,&quot;notice_dismissed&quot;:false,&quot;notice_dismissed_update-cf7-6.0&quot;:true,&quot;notice_dismissed_update-cf7-6.0.1&quot;:true,&quot;notice_dismissed_update-cf7-6.0.2&quot;:true,&quot;notice_dismissed_rollback-cf7-6.0.5&quot;:true}}\" \/><input type=\"hidden\" name=\"_wpcf7_recaptcha_response\" value=\"\" \/>\n<\/fieldset>\n<div class=\"input-wrapper\"><span class=\"icon icon-face\"><\/span><span class=\"wpcf7-form-control-wrap\" data-name=\"first_name\"><input size=\"40\" maxlength=\"400\" class=\"wpcf7-form-control wpcf7-text wpcf7-validates-as-required\" aria-required=\"true\" aria-invalid=\"false\" placeholder=\"Nome *\" value=\"\" type=\"text\" name=\"first_name\" \/><\/span><span class=\"wpcf7-form-control-wrap\" data-name=\"last_name\"><input size=\"40\" maxlength=\"400\" class=\"wpcf7-form-control wpcf7-text wpcf7-validates-as-required\" aria-required=\"true\" aria-invalid=\"false\" placeholder=\"Cognome *\" value=\"\" type=\"text\" name=\"last_name\" \/><\/span><\/div>\n<div class=\"input-wrapper\"><span class=\"icon icon-envelope\"><\/span><span class=\"wpcf7-form-control-wrap\" data-name=\"email\"><input size=\"40\" maxlength=\"400\" class=\"wpcf7-form-control wpcf7-email wpcf7-validates-as-required wpcf7-text wpcf7-validates-as-email\" aria-required=\"true\" aria-invalid=\"false\" placeholder=\"Email *\" value=\"\" type=\"email\" name=\"email\" \/><\/span><\/div>\n<div class=\"input-wrapper\"><span class=\"icon icon-company\"><\/span><span class=\"wpcf7-form-control-wrap\" data-name=\"company\"><input size=\"40\" maxlength=\"400\" class=\"wpcf7-form-control wpcf7-text wpcf7-validates-as-required\" aria-required=\"true\" aria-invalid=\"false\" placeholder=\"Societ\u00e0 *\" value=\"\" type=\"text\" name=\"company\" \/><\/span><\/div>\n<div class=\"input-wrapper\"><span class=\"icon icon-telephone\"><\/span><span class=\"wpcf7-form-control-wrap\" data-name=\"phone\"><input size=\"40\" maxlength=\"400\" class=\"wpcf7-form-control wpcf7-tel wpcf7-validates-as-required wpcf7-text wpcf7-validates-as-tel\" aria-required=\"true\" aria-invalid=\"false\" placeholder=\"Telefono *\" value=\"\" type=\"tel\" name=\"phone\" \/><\/span><\/div>\n<div class=\"input-wrapper\"><span class=\"icon icon-vehicles\"><\/span><span class=\"wpcf7-form-control-wrap\" data-name=\"number_of_vehicles\"><input class=\"wpcf7-form-control wpcf7-number wpcf7-validates-as-required wpcf7-validates-as-number\" min=\"1\" aria-required=\"true\" aria-invalid=\"false\" placeholder=\"Parco auto *\" value=\"\" type=\"number\" name=\"number_of_vehicles\" \/><\/span><\/div>\n<input type=\"hidden\" name=\"thankyouURL\" value=\"\/it-it\/grazie-richiesta-versione-di-prova\" class=\"wpcf7-form-control wpcf7-hidden\" id=\"thankyouURL\">\n<input class=\"wpcf7-form-control wpcf7-hidden\" value=\"\" type=\"hidden\" name=\"pardot_extra_field\" \/>\n<div class=\"recatpcha-text\">Questo sito \u00e8 protetto da reCAPTCHA e si <a href=\"https:\/\/policies.google.com\/privacy?hl=it\">politica sulla privacy<\/a> di Google e i <a href=\"https:\/\/policies.google.com\/terms?hl=it\">Termini di servizio<\/a> di Google.<\/div>\n<div class=\"input-wrapper\"><input class=\"wpcf7-form-control wpcf7-submit has-spinner icon-plane\" type=\"submit\" value=\"Richiedi una demo\" \/><\/div><div class=\"wpcf7-response-output\" aria-hidden=\"true\"><\/div>\n<\/form>\n<\/div>\n        <p class=\"formcaption\">Prova il nostro sistema con una demo gratuita<\/p>\r\n        <\/div>\n\n\n\n<div class=\"wp-block-column is-layout-flow wp-block-column-is-layout-flow\">\n<figure class=\"wp-block-image\"><img decoding=\"async\" src=\" https:\/\/www.quartix.com\/content\/uploads\/2019\/07\/live-tracking-for-demo-page.png\" alt=\"\"\/><\/figure>\n\n\n\r\n<section  class=\"qtx-pagebuilder-section qtx-pagebuilder-section-list \">\r\n<ul class='ticks fa-ul' style=''><li><span class='fa-li'><i class='fas fa-check-circle'><\/i><\/span>Traccia i veicoli in tempo reale<\/li><li><span class='fa-li'><i class='fas fa-check-circle'><\/i><\/span>Controlla lo storico dati di localizzazione<\/li><li><span class='fa-li'><i class='fas fa-check-circle'><\/i><\/span>Ricevi rapporti dettagliati sui conducenti<\/li><li><span class='fa-li'><i class='fas fa-check-circle'><\/i><\/span>Controlla la posizione in graduatoria dei conducenti<\/li><li><span class='fa-li'><i class='fas fa-check-circle'><\/i><\/span>Ricevi notifiche per spostamenti non autorizzati<\/li><\/ul><\/section><\/div>\n<\/div>\n","protected":false},"excerpt":{"rendered":"<p>Controlla la posizione attuale dei tuoi veicoli Controlla i tuoi veicoli e i conducenti in tempo reale. Non \u00e8 necessario alcun software aggiuntivo: puoi trovare tutto online. Con la nostra mappa di localizzazione veicoli basata su Google, hai accesso a tutte le info sui veicoli e conducenti per consultare i registri di presenza e i [&hellip;]<\/p>\n","protected":false},"author":2,"featured_media":0,"parent":23894,"menu_order":10,"comment_status":"closed","ping_status":"closed","template":"","meta":{"_acf_changed":false,"inline_featured_image":false,"footnotes":""},"topic":[],"qtx_campaign":[],"class_list":["post-23640","page","type-page","status-publish","hentry"],"acf":[],"yoast_head":"<!-- This site is optimized with the Yoast SEO Premium plugin v27.3 (Yoast SEO v27.3) - https:\/\/yoast.com\/product\/yoast-seo-premium-wordpress\/ -->\n<title>Localizzazione veicoli in tempo reale per la tua flotta - IT<\/title>\n<meta name=\"description\" content=\"Controlla la posizione attuale dei tuoi veicoli. Verifica i percorsi giornalieri e i registri dei veicoli, aggiungi i luoghi preferiti o di lavoro su Google maps\" \/>\n<meta name=\"robots\" content=\"index, follow, max-snippet:-1, max-image-preview:large, max-video-preview:-1\" \/>\n<link rel=\"canonical\" href=\"https:\/\/www.quartix.com\/it-it\/localizzatore-gps\/localizzazione-veicoli\/\" \/>\n<meta property=\"og:locale\" content=\"it_IT\" \/>\n<meta property=\"og:type\" content=\"article\" \/>\n<meta property=\"og:title\" content=\"Localizzazione veicoli\" \/>\n<meta property=\"og:description\" content=\"Controlla la posizione attuale dei tuoi veicoli. Verifica i percorsi giornalieri e i registri dei veicoli, aggiungi i luoghi preferiti o di lavoro su Google maps\" \/>\n<meta property=\"og:url\" content=\"https:\/\/www.quartix.com\/it-it\/localizzatore-gps\/localizzazione-veicoli\/\" \/>\n<meta property=\"og:site_name\" content=\"Quartix\" \/>\n<meta property=\"article:publisher\" content=\"https:\/\/www.facebook.com\/Quartix-USA-374426386097401\/\" \/>\n<meta property=\"article:modified_time\" content=\"2026-02-25T16:15:31+00:00\" \/>\n<meta property=\"og:image\" content=\"https:\/\/www.quartix.com\/content\/uploads\/2026\/02\/IT-Heatmap.jpg\" \/>\n<meta name=\"twitter:card\" content=\"summary_large_image\" \/>\n<meta name=\"twitter:site\" content=\"@QuartixUSA\" \/>\n<meta name=\"twitter:label1\" content=\"Est. reading time\" \/>\n\t<meta name=\"twitter:data1\" content=\"4 minutes\" \/>\n<!-- \/ Yoast SEO Premium plugin. -->","yoast_head_json":{"title":"Localizzazione veicoli in tempo reale per la tua flotta - IT","description":"Controlla la posizione attuale dei tuoi veicoli. Verifica i percorsi giornalieri e i registri dei veicoli, aggiungi i luoghi preferiti o di lavoro su Google maps","robots":{"index":"index","follow":"follow","max-snippet":"max-snippet:-1","max-image-preview":"max-image-preview:large","max-video-preview":"max-video-preview:-1"},"canonical":"https:\/\/www.quartix.com\/it-it\/localizzatore-gps\/localizzazione-veicoli\/","og_locale":"it_IT","og_type":"article","og_title":"Localizzazione veicoli","og_description":"Controlla la posizione attuale dei tuoi veicoli. Verifica i percorsi giornalieri e i registri dei veicoli, aggiungi i luoghi preferiti o di lavoro su Google maps","og_url":"https:\/\/www.quartix.com\/it-it\/localizzatore-gps\/localizzazione-veicoli\/","og_site_name":"Quartix","article_publisher":"https:\/\/www.facebook.com\/Quartix-USA-374426386097401\/","article_modified_time":"2026-02-25T16:15:31+00:00","og_image":[{"url":"https:\/\/www.quartix.com\/content\/uploads\/2026\/02\/IT-Heatmap.jpg","type":"","width":"","height":""}],"twitter_card":"summary_large_image","twitter_site":"@QuartixUSA","twitter_misc":{"Est. reading time":"4 minutes"},"schema":{"@context":"https:\/\/schema.org","@graph":[{"@type":"WebPage","@id":"https:\/\/www.quartix.com\/it-it\/localizzatore-gps\/localizzazione-veicoli\/","url":"https:\/\/www.quartix.com\/it-it\/localizzatore-gps\/localizzazione-veicoli\/","name":"Localizzazione veicoli in tempo reale per la tua flotta","isPartOf":{"@id":"https:\/\/www.quartix.com\/it-it\/#website"},"primaryImageOfPage":{"@id":"https:\/\/www.quartix.com\/it-it\/localizzatore-gps\/localizzazione-veicoli\/#primaryimage"},"image":{"@id":"https:\/\/www.quartix.com\/it-it\/localizzatore-gps\/localizzazione-veicoli\/#primaryimage"},"thumbnailUrl":"https:\/\/www.quartix.com\/content\/uploads\/2026\/02\/IT-Heatmap.jpg","datePublished":"2019-05-31T18:41:47+00:00","dateModified":"2026-02-25T16:15:31+00:00","description":"Controlla la posizione attuale dei tuoi veicoli. Verifica i percorsi giornalieri e i registri dei veicoli, aggiungi i luoghi preferiti o di lavoro su Google maps","breadcrumb":{"@id":"https:\/\/www.quartix.com\/it-it\/localizzatore-gps\/localizzazione-veicoli\/#breadcrumb"},"inLanguage":"it-IT","potentialAction":[{"@type":"ReadAction","target":["https:\/\/www.quartix.com\/it-it\/localizzatore-gps\/localizzazione-veicoli\/"]}]},{"@type":"ImageObject","inLanguage":"it-IT","@id":"https:\/\/www.quartix.com\/it-it\/localizzatore-gps\/localizzazione-veicoli\/#primaryimage","url":"https:\/\/www.quartix.com\/content\/uploads\/2026\/02\/IT-Heatmap.jpg","contentUrl":"https:\/\/www.quartix.com\/content\/uploads\/2026\/02\/IT-Heatmap.jpg"},{"@type":"BreadcrumbList","@id":"https:\/\/www.quartix.com\/it-it\/localizzatore-gps\/localizzazione-veicoli\/#breadcrumb","itemListElement":[{"@type":"ListItem","position":1,"name":"Home","item":"https:\/\/www.quartix.com\/it-it\/"},{"@type":"ListItem","position":2,"name":"localizzazione del veicolo","item":"https:\/\/www.quartix.com\/it-it\/localizzatore-gps\/"},{"@type":"ListItem","position":3,"name":"Localizzazione veicoli"}]},{"@type":"WebSite","@id":"https:\/\/www.quartix.com\/it-it\/#website","url":"https:\/\/www.quartix.com\/it-it\/","name":"Quartix","description":"Real-time vehicle tracking","publisher":{"@id":"https:\/\/www.quartix.com\/it-it\/#organization"},"potentialAction":[{"@type":"SearchAction","target":{"@type":"EntryPoint","urlTemplate":"https:\/\/www.quartix.com\/it-it\/?s={search_term_string}"},"query-input":{"@type":"PropertyValueSpecification","valueRequired":true,"valueName":"search_term_string"}}],"inLanguage":"it-IT"},{"@type":"Organization","@id":"https:\/\/www.quartix.com\/it-it\/#organization","name":"Quartix","url":"https:\/\/www.quartix.com\/it-it\/","logo":{"@type":"ImageObject","inLanguage":"it-IT","@id":"https:\/\/www.quartix.com\/it-it\/#\/schema\/logo\/image\/","url":"https:\/\/www.quartix.com\/content\/uploads\/2019\/02\/quartix-logo-eur.svg","contentUrl":"https:\/\/www.quartix.com\/content\/uploads\/2019\/02\/quartix-logo-eur.svg","width":1,"height":1,"caption":"Quartix"},"image":{"@id":"https:\/\/www.quartix.com\/it-it\/#\/schema\/logo\/image\/"},"sameAs":["https:\/\/www.facebook.com\/Quartix-USA-374426386097401\/","https:\/\/x.com\/QuartixUSA","https:\/\/www.linkedin.com\/company\/5346733\/","https:\/\/www.youtube.com\/channel\/UCzS-_GMfHF4kWiCheyIRrAQ"]}]}},"_links":{"self":[{"href":"https:\/\/www.quartix.com\/it-it\/wp-json\/wp\/v2\/pages\/23640","targetHints":{"allow":["GET"]}}],"collection":[{"href":"https:\/\/www.quartix.com\/it-it\/wp-json\/wp\/v2\/pages"}],"about":[{"href":"https:\/\/www.quartix.com\/it-it\/wp-json\/wp\/v2\/types\/page"}],"author":[{"embeddable":true,"href":"https:\/\/www.quartix.com\/it-it\/wp-json\/wp\/v2\/users\/2"}],"replies":[{"embeddable":true,"href":"https:\/\/www.quartix.com\/it-it\/wp-json\/wp\/v2\/comments?post=23640"}],"version-history":[{"count":5,"href":"https:\/\/www.quartix.com\/it-it\/wp-json\/wp\/v2\/pages\/23640\/revisions"}],"predecessor-version":[{"id":129913,"href":"https:\/\/www.quartix.com\/it-it\/wp-json\/wp\/v2\/pages\/23640\/revisions\/129913"}],"up":[{"embeddable":true,"href":"https:\/\/www.quartix.com\/it-it\/wp-json\/wp\/v2\/pages\/23894"}],"wp:attachment":[{"href":"https:\/\/www.quartix.com\/it-it\/wp-json\/wp\/v2\/media?parent=23640"}],"wp:term":[{"taxonomy":"topic","embeddable":true,"href":"https:\/\/www.quartix.com\/it-it\/wp-json\/wp\/v2\/topic?post=23640"},{"taxonomy":"qtx_campaign","embeddable":true,"href":"https:\/\/www.quartix.com\/it-it\/wp-json\/wp\/v2\/qtx_campaign?post=23640"}],"curies":[{"name":"wp","href":"https:\/\/api.w.org\/{rel}","templated":true}]}}