{"id":23840,"date":"2019-06-12T08:01:29","date_gmt":"2019-06-12T08:01:29","guid":{"rendered":" https:\/\/www.quartix.com\/risorse\/novita\/"},"modified":"2024-02-19T14:50:50","modified_gmt":"2024-02-19T13:50:50","slug":"novita","status":"publish","type":"page","link":"https:\/\/www.quartix.com\/it-it\/risorse\/novita\/","title":{"rendered":"Novit\u00e0"},"content":{"rendered":"\r\n<section  class=\"qtx-pagebuilder-section qtx-pagebuilder-section-guidelistingtitle\">\r\n<div class=\"wrapper\">\r\n    <div class=\"innercontent\">\r\n    <i class=\"fa fa-rss\" aria-hidden=\"true\"><\/i>    <h2>Benvenuto!<\/h2>\n<p>Sappiamo bene quanto sei impegnato, per questo abbiamo preparato un riepilogo delle ultime novit\u00e0, formazioni ed eventi di Quartix e dell\u2019intero settore.<\/p>\n<p><strong>Sofie Westlake<\/strong><br \/>\nResponsabile comunicazioni presso Quartix<\/p>\n    <\/div>\r\n    <div class=\"photo\">\r\n        <img decoding=\"async\" src=\"https:\/\/www.quartix.com\/content\/uploads\/2018\/06\/moc\u0327a-768x888.png\" title=\"\"\/>    <\/div>\r\n<\/div>\r\n<\/section>\n\n\r\n\r\n<section  class=\"qtx-pagebuilder-section qtx-pagebuilder-section-guidelisting \">\r\n        <div class=\"listingouter\">\r\n            <div class=\"listingwrapper\">\r\n                <div class=\"listing\">\r\n                        <div class=\"listingtitle\"><h4>Video<\/h4><h3>Quartix &#8211; Gestione della flotta e tracciamento dei veicoli<\/h3><\/div>                        <div class=\"listingcontent\"><p>Scoprite Quartix, la piattaforma completa e l&#8217;applicazione mobile per la gestione delle flotte, in questo tour personalizzato guidato dai nostri specialisti.<\/p>\n<\/div>                        <a class='btn btn-green' href='https:\/\/www.youtube.com\/watch?v=nOHzzVV2Z7Q&#038;t' title='Scopri di pi\u00f9' target='_blank'>Scopri di pi\u00f9 <i aria-hidden='true' class='fas fa-arrow-circle-right'><\/i><\/a>                <\/div>\r\n                <div class=\"image\">\r\n                                                <img loading=\"lazy\" decoding=\"async\" width=\"640\" height=\"331\" src=\"https:\/\/www.quartix.com\/content\/uploads\/2024\/02\/Thumbnail-Video-Gaetano.png\" class=\"\" alt=\"\" \/>  \r\n                                    <\/div>\r\n            <\/div>\r\n        <\/div>\r\n            <div class=\"listingouter\">\r\n            <div class=\"listingwrapper\">\r\n                <div class=\"listing\">\r\n                        <div class=\"listingtitle\"><h4>NOVIT\u00c0<\/h4><h3>Controlla il contaore motore<\/h3><\/div>                        <div class=\"listingcontent\"><p>I rapporti sulla revisione di Quartix includono i dati sul contaore motore, fornendoti informazioni utili a stabilire per quanto tempo un veicolo equipaggiato con Quartix \u00e8 stato in funzione in un determinato periodo di tempo. Sapendo esattamente per quanto tempo i tuoi veicoli e i tuoi macchinari sono stati utilizzati, avrai a disposizione dati fondamentali per assicurarne la corretta manutenzione e rispettare le norme di salute e sicurezza.<\/p>\n<\/div>                        <a class='btn btn-green' href='\/it-it\/localizzatore-gps\/contaore-motore\/' title='Scopri di pi\u00f9' target='_blank'>Scopri di pi\u00f9 <i aria-hidden='true' class='fas fa-arrow-circle-right'><\/i><\/a>                <\/div>\r\n                <div class=\"image\">\r\n                                                <img loading=\"lazy\" decoding=\"async\" width=\"500\" height=\"333\" src=\"https:\/\/www.quartix.com\/content\/uploads\/2020\/10\/Oil-change-vehicle.jpg\" class=\"\" alt=\"\" srcset=\"https:\/\/www.quartix.com\/content\/uploads\/2020\/10\/Oil-change-vehicle.jpg 500w, https:\/\/www.quartix.com\/content\/uploads\/2020\/10\/Oil-change-vehicle-300x200.jpg 300w\" sizes=\"auto, (max-width: 500px) 100vw, 500px\" \/>  \r\n                                    <\/div>\r\n            <\/div>\r\n        <\/div>\r\n            <div class=\"listingouter\">\r\n            <div class=\"listingwrapper\">\r\n                <div class=\"listing\">\r\n                        <div class=\"listingtitle\"><h4>SEMINARIO WEB<\/h4><h3>Localizzazione dei veicoli: Cosa pu\u00f2 fare per la vostra azienda?<\/h3><\/div>                        <div class=\"listingcontent\"><p><!-- wp:paragraph --><\/p>\n<p>Michela Picchi, specializzata in sistemi GPS, spiega i vantaggi che la localizzazione dei veicoli e la telematica di Quartix possono apportare alla vostra azienda, dalla localizzazione in tempo reale all\u2019analisi del comportamento dei conducenti.<\/p>\n<ul>\n<li>Principali vantaggi aziendali della localizzazione dei veicoli<\/li>\n<li>Localizzazione in tempo reale e replay del percorso<\/li>\n<li>Operazioni efficienti della flotta e risoluzione delle controversie<\/li>\n<li>Comportamento del conducente, conformit\u00e0 e sicurezza<\/li>\n<\/ul>\n<p><!-- \/wp:list --><\/p>\n<\/div>                        <a class='btn btn-green' href='\/it-it\/risorse\/webinar' title='Guarda subito' target=''>Guarda subito <i aria-hidden='true' class='fas fa-arrow-circle-right'><\/i><\/a>                <\/div>\r\n                <div class=\"image\">\r\n                                                <img loading=\"lazy\" decoding=\"async\" width=\"640\" height=\"361\" src=\"https:\/\/www.quartix.com\/content\/uploads\/2024\/02\/Thumbnail-Michela-Webinar.png\" class=\"\" alt=\"\" \/>  \r\n                                    <\/div>\r\n            <\/div>\r\n        <\/div>\r\n            <div class=\"listingouter\">\r\n            <div class=\"listingwrapper\">\r\n                <div class=\"listing\">\r\n                        <div class=\"listingtitle\"><h4>GUIDA ALL&#8217;ACQUISTO<\/h4><h3>Guida all&#8217;acquisto della localizzazione veicoli 2019<\/h3><\/div>                        <div class=\"listingcontent\"><p><!-- wp:paragraph --><\/p>\n<p>In questa guida troverai la risposta alle seguenti domande:<\/p>\n<p><!-- \/wp:paragraph --> <!-- wp:list --><\/p>\n<ul>\n<li>Quali rapporti mi aiutano a migliorare la produttivit\u00e0 ed abbassare i costi operativi?<\/li>\n<li>Quali rapporti individuano le azioni necessarie a ridurre i costi carburante?<\/li>\n<li>Quali informazioni sulla flotta possono farmi risparmiare?<\/li>\n<li>Come pu\u00f2 la localizzazione GPS supportare i miei conducenti e farli sentire al sicuro?<\/li>\n<\/ul>\n<p><!-- \/wp:list --><\/p>\n<\/div>                        <a class='btn btn-green' href='https:\/\/go.marketing.quartix.com\/l\/375002\/2019-08-16\/6c96z1\/375002\/360542\/IT_Buyers_Guide.pdf' title='Scarica la guida' target=''>Scarica la guida <i aria-hidden='true' class='fas fa-arrow-circle-right'><\/i><\/a>                <\/div>\r\n                <div class=\"image\">\r\n                                                <img loading=\"lazy\" decoding=\"async\" width=\"640\" height=\"785\" src=\"https:\/\/www.quartix.com\/content\/uploads\/2019\/08\/buyers-guide-IT-cover-img-815x1000.png\" class=\"\" alt=\"\" srcset=\"https:\/\/www.quartix.com\/content\/uploads\/2019\/08\/buyers-guide-IT-cover-img-815x1000.png 815w, https:\/\/www.quartix.com\/content\/uploads\/2019\/08\/buyers-guide-IT-cover-img-244x300.png 244w, https:\/\/www.quartix.com\/content\/uploads\/2019\/08\/buyers-guide-IT-cover-img-768x943.png 768w, https:\/\/www.quartix.com\/content\/uploads\/2019\/08\/buyers-guide-IT-cover-img.png 1188w\" sizes=\"auto, (max-width: 640px) 100vw, 640px\" \/>  \r\n                                    <\/div>\r\n            <\/div>\r\n        <\/div>\r\n            <div class=\"listingouter\">\r\n            <div class=\"listingwrapper\">\r\n                <div class=\"listing\">\r\n                        <div class=\"listingtitle\"><h4>Blog<\/h4><h3>Definizione di dati telematica e localizzazione veicoli<\/h3><\/div>                        <div class=\"listingcontent\"><p>Ti starai forse chiedendo la differenza tra dati telematica e localizzazione veicoli, dato che spesso vengono usati come sinonimi. Ma lo sono davvero? Questo post ti aiuter\u00e0 a fare chiarezza ed evidenzier\u00e0 i vantaggi che entrambe le operazioni possono apportare alla tua societ\u00e0.<\/p>\n<\/div>                        <a class='btn btn-green' href='\/it-it\/blog\/definizione-di-localizzazione-veicoli-e-telematica\/' title='Scopri di pi\u00f9' target=''>Scopri di pi\u00f9 <i aria-hidden='true' class='fas fa-arrow-circle-right'><\/i><\/a>                <\/div>\r\n                <div class=\"image\">\r\n                                                <img loading=\"lazy\" decoding=\"async\" width=\"640\" height=\"640\" src=\"https:\/\/www.quartix.com\/content\/uploads\/2019\/07\/telematics-thumbnail-1000x1000.jpg\" class=\"\" alt=\"\" srcset=\"https:\/\/www.quartix.com\/content\/uploads\/2019\/07\/telematics-thumbnail-1000x1000.jpg 1000w, https:\/\/www.quartix.com\/content\/uploads\/2019\/07\/telematics-thumbnail-150x150.jpg 150w, https:\/\/www.quartix.com\/content\/uploads\/2019\/07\/telematics-thumbnail-300x300.jpg 300w, https:\/\/www.quartix.com\/content\/uploads\/2019\/07\/telematics-thumbnail-768x768.jpg 768w, https:\/\/www.quartix.com\/content\/uploads\/2019\/07\/telematics-thumbnail.jpg 1798w\" sizes=\"auto, (max-width: 640px) 100vw, 640px\" \/>  \r\n                                    <\/div>\r\n            <\/div>\r\n        <\/div>\r\n            <div class=\"listingouter\">\r\n            <div class=\"listingwrapper\">\r\n                <div class=\"listing\">\r\n                        <div class=\"listingtitle\"><h4>Caso di studio<\/h4><h3>Ringtons Delivery<\/h3><\/div>                        <div class=\"listingcontent\"><p>&#8220;Quartix \u00e8 stata una scelta vincente anche solo per il risparmio carburante dello scorso anno&#8221;<\/p>\n<p>Stephen Killinger, responsabile operativo<br \/>\nRingtons Delivery<\/p>\n<\/div>                        <a class='btn btn-green' href='\/it-it\/casi-di-studio\/ringtons-delivery\/' title='Scopri di pi\u00f9' target=''>Scopri di pi\u00f9 <i aria-hidden='true' class='fas fa-arrow-circle-right'><\/i><\/a>                <\/div>\r\n                <div class=\"image\">\r\n                                                <img loading=\"lazy\" decoding=\"async\" width=\"640\" height=\"483\" src=\"https:\/\/www.quartix.com\/content\/uploads\/2019\/02\/Ringtons-doorstep-delivery-service-1000x754.jpg\" class=\"\" alt=\"Ringtons Delivery Van Tracking Quartix\" srcset=\"https:\/\/www.quartix.com\/content\/uploads\/2019\/02\/Ringtons-doorstep-delivery-service-1000x754.jpg 1000w, https:\/\/www.quartix.com\/content\/uploads\/2019\/02\/Ringtons-doorstep-delivery-service-300x226.jpg 300w, https:\/\/www.quartix.com\/content\/uploads\/2019\/02\/Ringtons-doorstep-delivery-service-768x579.jpg 768w\" sizes=\"auto, (max-width: 640px) 100vw, 640px\" \/>  \r\n                                    <\/div>\r\n            <\/div>\r\n        <\/div>\r\n    <\/section>\r\n    ","protected":false},"excerpt":{"rendered":"","protected":false},"author":2,"featured_media":0,"parent":23798,"menu_order":10,"comment_status":"closed","ping_status":"closed","template":"","meta":{"_acf_changed":false,"inline_featured_image":false,"footnotes":""},"topic":[],"qtx_campaign":[],"class_list":["post-23840","page","type-page","status-publish","hentry"],"acf":[],"yoast_head":"<!-- This site is optimized with the Yoast SEO Premium plugin v27.3 (Yoast SEO v27.3) - https:\/\/yoast.com\/product\/yoast-seo-premium-wordpress\/ -->\n<title>Novit\u00e0 - IT<\/title>\n<meta name=\"description\" content=\"Accedi alle novit\u00e0 e agli aggiornamenti sui prodotti pi\u00f9 recenti di Quartix. Scopri i vantaggi della localizzazione veicoli e i prossimi webinar di formazione.\" \/>\n<meta name=\"robots\" content=\"index, follow, max-snippet:-1, max-image-preview:large, max-video-preview:-1\" \/>\n<link rel=\"canonical\" href=\"https:\/\/www.quartix.com\/it-it\/risorse\/novita\/\" \/>\n<meta property=\"og:locale\" content=\"it_IT\" \/>\n<meta property=\"og:type\" content=\"article\" \/>\n<meta property=\"og:title\" content=\"Novit\u00e0\" \/>\n<meta property=\"og:description\" content=\"Accedi alle novit\u00e0 e agli aggiornamenti sui prodotti pi\u00f9 recenti di Quartix. Scopri i vantaggi della localizzazione veicoli e i prossimi webinar di formazione.\" \/>\n<meta property=\"og:url\" content=\"https:\/\/www.quartix.com\/it-it\/risorse\/novita\/\" \/>\n<meta property=\"og:site_name\" content=\"Quartix\" \/>\n<meta property=\"article:publisher\" content=\"https:\/\/www.facebook.com\/Quartix-USA-374426386097401\/\" \/>\n<meta property=\"article:modified_time\" content=\"2024-02-19T13:50:50+00:00\" \/>\n<meta name=\"twitter:card\" content=\"summary_large_image\" \/>\n<meta name=\"twitter:site\" content=\"@QuartixUSA\" \/>\n<!-- \/ Yoast SEO Premium plugin. -->","yoast_head_json":{"title":"Novit\u00e0 - IT","description":"Accedi alle novit\u00e0 e agli aggiornamenti sui prodotti pi\u00f9 recenti di Quartix. Scopri i vantaggi della localizzazione veicoli e i prossimi webinar di formazione.","robots":{"index":"index","follow":"follow","max-snippet":"max-snippet:-1","max-image-preview":"max-image-preview:large","max-video-preview":"max-video-preview:-1"},"canonical":"https:\/\/www.quartix.com\/it-it\/risorse\/novita\/","og_locale":"it_IT","og_type":"article","og_title":"Novit\u00e0","og_description":"Accedi alle novit\u00e0 e agli aggiornamenti sui prodotti pi\u00f9 recenti di Quartix. Scopri i vantaggi della localizzazione veicoli e i prossimi webinar di formazione.","og_url":"https:\/\/www.quartix.com\/it-it\/risorse\/novita\/","og_site_name":"Quartix","article_publisher":"https:\/\/www.facebook.com\/Quartix-USA-374426386097401\/","article_modified_time":"2024-02-19T13:50:50+00:00","twitter_card":"summary_large_image","twitter_site":"@QuartixUSA","schema":{"@context":"https:\/\/schema.org","@graph":[{"@type":"WebPage","@id":"https:\/\/www.quartix.com\/it-it\/risorse\/novita\/","url":"https:\/\/www.quartix.com\/it-it\/risorse\/novita\/","name":"Novit\u00e0","isPartOf":{"@id":"https:\/\/www.quartix.com\/it-it\/#website"},"datePublished":"2019-06-12T08:01:29+00:00","dateModified":"2024-02-19T13:50:50+00:00","description":"Accedi alle novit\u00e0 e agli aggiornamenti sui prodotti pi\u00f9 recenti di Quartix. Scopri i vantaggi della localizzazione veicoli e i prossimi webinar di formazione.","breadcrumb":{"@id":"https:\/\/www.quartix.com\/it-it\/risorse\/novita\/#breadcrumb"},"inLanguage":"it-IT","potentialAction":[{"@type":"ReadAction","target":["https:\/\/www.quartix.com\/it-it\/risorse\/novita\/"]}]},{"@type":"BreadcrumbList","@id":"https:\/\/www.quartix.com\/it-it\/risorse\/novita\/#breadcrumb","itemListElement":[{"@type":"ListItem","position":1,"name":"Home","item":"https:\/\/www.quartix.com\/it-it\/quartix-localizzazione-dei-veicoli-in-tempo-reale\/"},{"@type":"ListItem","position":2,"name":"Risorse","item":"https:\/\/www.quartix.com\/it-it\/risorse\/"},{"@type":"ListItem","position":3,"name":"Novit\u00e0"}]},{"@type":"WebSite","@id":"https:\/\/www.quartix.com\/it-it\/#website","url":"https:\/\/www.quartix.com\/it-it\/","name":"Quartix","description":"Real-time vehicle tracking","publisher":{"@id":"https:\/\/www.quartix.com\/it-it\/#organization"},"potentialAction":[{"@type":"SearchAction","target":{"@type":"EntryPoint","urlTemplate":"https:\/\/www.quartix.com\/it-it\/?s={search_term_string}"},"query-input":{"@type":"PropertyValueSpecification","valueRequired":true,"valueName":"search_term_string"}}],"inLanguage":"it-IT"},{"@type":"Organization","@id":"https:\/\/www.quartix.com\/it-it\/#organization","name":"Quartix","url":"https:\/\/www.quartix.com\/it-it\/","logo":{"@type":"ImageObject","inLanguage":"it-IT","@id":"https:\/\/www.quartix.com\/it-it\/#\/schema\/logo\/image\/","url":"https:\/\/www.quartix.com\/content\/uploads\/2019\/02\/quartix-logo-eur.svg","contentUrl":"https:\/\/www.quartix.com\/content\/uploads\/2019\/02\/quartix-logo-eur.svg","width":1,"height":1,"caption":"Quartix"},"image":{"@id":"https:\/\/www.quartix.com\/it-it\/#\/schema\/logo\/image\/"},"sameAs":["https:\/\/www.facebook.com\/Quartix-USA-374426386097401\/","https:\/\/x.com\/QuartixUSA","https:\/\/www.linkedin.com\/company\/5346733\/","https:\/\/www.youtube.com\/channel\/UCzS-_GMfHF4kWiCheyIRrAQ"]}]}},"_links":{"self":[{"href":"https:\/\/www.quartix.com\/it-it\/wp-json\/wp\/v2\/pages\/23840","targetHints":{"allow":["GET"]}}],"collection":[{"href":"https:\/\/www.quartix.com\/it-it\/wp-json\/wp\/v2\/pages"}],"about":[{"href":"https:\/\/www.quartix.com\/it-it\/wp-json\/wp\/v2\/types\/page"}],"author":[{"embeddable":true,"href":"https:\/\/www.quartix.com\/it-it\/wp-json\/wp\/v2\/users\/2"}],"replies":[{"embeddable":true,"href":"https:\/\/www.quartix.com\/it-it\/wp-json\/wp\/v2\/comments?post=23840"}],"version-history":[{"count":0,"href":"https:\/\/www.quartix.com\/it-it\/wp-json\/wp\/v2\/pages\/23840\/revisions"}],"up":[{"embeddable":true,"href":"https:\/\/www.quartix.com\/it-it\/wp-json\/wp\/v2\/pages\/23798"}],"wp:attachment":[{"href":"https:\/\/www.quartix.com\/it-it\/wp-json\/wp\/v2\/media?parent=23840"}],"wp:term":[{"taxonomy":"topic","embeddable":true,"href":"https:\/\/www.quartix.com\/it-it\/wp-json\/wp\/v2\/topic?post=23840"},{"taxonomy":"qtx_campaign","embeddable":true,"href":"https:\/\/www.quartix.com\/it-it\/wp-json\/wp\/v2\/qtx_campaign?post=23840"}],"curies":[{"name":"wp","href":"https:\/\/api.w.org\/{rel}","templated":true}]}}