{"id":23894,"date":"2019-06-12T16:38:44","date_gmt":"2019-06-12T16:38:44","guid":{"rendered":"https:\/\/www.quartix.com\/servizi\/"},"modified":"2024-06-19T14:53:19","modified_gmt":"2024-06-19T13:53:19","slug":"localizzatore-gps","status":"publish","type":"page","link":"https:\/\/www.quartix.com\/it-it\/localizzatore-gps\/","title":{"rendered":"localizzazione del veicolo"},"content":{"rendered":"\n<p>La localizzazione veicoli di Quartix offre una gamma completa di strumenti per aiutarti a gestire al meglio i tuoi veicoli, garantire la sicurezza dei conducenti e incrementare i profitti. Accedi al servizio online, senza dover installare ulteriori programmi. Il sistema facilita l\u2019analisi dei dati della geolocalizzazione e genera report di facile utilizzo, aiutandoti a identificare i conducenti migliori, comprendere i costi carburante, il chilometraggio e ridurre le mansioni amministrative.<\/p>\n\n\n\r\n<section  class=\"qtx-pagebuilder-section qtx-pagebuilder-section-list \">\r\n<ul class='arrows fa-ul' style='0'><li><span class='fa-li'><i class='fa fa-arrow-right'><\/i><\/span><a href='#Complete-visibility-of-your-vehicles,-24\/7' class='' title='' target=''>Localizza i tuoi veicoli 24 ore su 24 <\/a><\/li><li><span class='fa-li'><i class='fa fa-arrow-right'><\/i><\/span><a href='#Get-vehicle-tracking-activity-logs-straight-to-your-inbox' class='' title='' target=''>Ricevi i registri di attivit\u00e0 della tua flotta direttamente per email <\/a><\/li><li><span class='fa-li'><i class='fa fa-arrow-right'><\/i><\/span><a href='#Promote-safe-and-fuel-efficient-driving-habits' class='' title='' target=''>Promuovi uno stile di guida sicuro e a basso consumo di carburante <\/a><\/li><li><span class='fa-li'><i class='fa fa-arrow-right'><\/i><\/span><a href='#Vehicle-tracking-can-boost-fleet-productivity' class='' title='' target=''>Incrementa la produttivit\u00e0 della tua flotta con la localizzazione veicoli<\/a><\/li><li><span class='fa-li'><i class='fa fa-arrow-right'><\/i><\/span><a href='#Use-vehicle-tracking-to-set-geographic-zones-and-rules' class='' title='' target=''>Usa la localizzazione veicoli per impostare confini geografici e altre limitazioni<\/a><\/li><li><span class='fa-li'><i class='fa fa-arrow-right'><\/i><\/span><a href='#The-hardware:-Your-vehicle-tracking-device-options' class='' title='' target=''>Dispositivo di localizzazione: Le opzioni disponibili<\/a><\/li><\/ul><\/section>\n\n\n<h2 class=\"wp-block-heading\" id=\"Complete-visibility-of-your-vehicles,-24\/7\">Completa visibilit\u00e0 dei tuoi veicoli, 24 ore su 24<\/h2>\n\n\n\n<p>La localizzazione dei veicoli di Quartix vi consente di visualizzare la posizione in tempo reale dei vostri veicoli, in qualsiasi momento e da qualsiasi dispositivo. Offrite la massima efficienza utilizzando le nostre mappe di localizzazione GPS in tempo reale e la funzione di ricerca per codice postale; rispondete rapidamente alle richieste dei clienti e affidate il lavoro al veicolo pi\u00f9 vicino.<\/p>\n\n\n\n<figure class=\"wp-block-image aligncenter size-large\"><img loading=\"lazy\" decoding=\"async\" width=\"1000\" height=\"554\" src=\" https:\/\/www.quartix.com\/content\/uploads\/2023\/09\/live-tracking-just-map-1-1000x554.png\" alt=\"\" class=\"wp-image-91496\" srcset=\"https:\/\/www.quartix.com\/content\/uploads\/2023\/09\/live-tracking-just-map-1-1000x554.png 1000w, https:\/\/www.quartix.com\/content\/uploads\/2023\/09\/live-tracking-just-map-1-300x166.png 300w, https:\/\/www.quartix.com\/content\/uploads\/2023\/09\/live-tracking-just-map-1-768x426.png 768w, https:\/\/www.quartix.com\/content\/uploads\/2023\/09\/live-tracking-just-map-1.png 1324w\" sizes=\"auto, (max-width: 1000px) 100vw, 1000px\" \/><\/figure>\n\n\n\n<p>La localizzazione veicoli di Quartix raccoglie tutti i viaggi intrapresi, mostrando inizio, fine e periodi di inattivit\u00e0 per ogni viaggio. Le mappe del percorso mostrano l\u2019itinerario esatto e la velocit\u00e0 del veicolo in ogni momento. Basta un click per visualizzare queste informazioni su Google Street View e ottenere una visione simile a quella del conducente.<\/p>\n\n\n\n<p>\u00c8 inoltre possibile etichettare i luoghi pi\u00f9 frequentati e assegnare icone personalizzate ai veicoli per identificarli meglio sulla mappa di localizzazione. <\/p>\n\n\n\r\n<section  class=\"qtx-pagebuilder-section qtx-pagebuilder-section-list \">\r\n<ul class='ticks fa-ul' style=''><li><span class='fa-li'><i class='fas fa-check-circle'><\/i><\/span>Localizza i tuoi veicoli 24 ore su 24<\/li><li><span class='fa-li'><i class='fas fa-check-circle'><\/i><\/span>Rimani informato delle attivit\u00e0 dei tuoi conducenti<\/li><li><span class='fa-li'><i class='fas fa-check-circle'><\/i><\/span>Trova i veicoli pi\u00f9 vicini a un dato codice postale<\/li><li><span class='fa-li'><i class='fas fa-check-circle'><\/i><\/span><a href='\/vehicle-tracking\/live-tracking\/' class='' title='' target=''>Traccia in ogni momento la tua flotta con la nostra app gratuita <\/a><\/li><li><span class='fa-li'><i class='fas fa-check-circle'><\/i><\/span>Registra ogni dettaglio dei tuoi viaggi e le strade percorse<\/li><\/ul><\/section>\n\n\n<figure class=\"wp-block-image aligncenter size-full\"><img loading=\"lazy\" decoding=\"async\" width=\"700\" height=\"466\" src=\" https:\/\/www.quartix.com\/content\/uploads\/2022\/06\/Es-Road.jpg\" alt=\"\" class=\"wp-image-76129\" srcset=\"https:\/\/www.quartix.com\/content\/uploads\/2022\/06\/Es-Road.jpg 700w, https:\/\/www.quartix.com\/content\/uploads\/2022\/06\/Es-Road-300x200.jpg 300w\" sizes=\"auto, (max-width: 700px) 100vw, 700px\" \/><\/figure>\n\n\n\n<p><a href=\" https:\/\/www.quartix.com\/it-it\/localizzatore-gps\/localizzazione-veicoli\/\"><u>Caratteristiche della mappa di localizzazione di Quartix: Scopri di pi\u00f9<\/u><\/a><\/p>\n\n\n\n<h2 class=\"wp-block-heading\" id=\"Get-vehicle-tracking-activity-logs-straight-to-your-inbox\">Ricevi i registri di attivit\u00e0 della tua flotta direttamente per email <\/h2>\n\n\n\n<p>Rimani aggiornato con i nostri registri dei conducenti, i registri dei veicoli e i rapporti di viaggio. La localizzazione veicoli di Quartix ti offre dati affidabili che non solo possono aiutarti a capire dove risparmiare, ma anche a dimostrare dove erano i tuoi veicoli in un determinato momento, quando hanno raggiunto una meta e quanto tempo sono restati in un certo punto. <\/p>\n\n\n\n<p>Puoi specificare quali informazioni visualizzare nel sistema di localizzazione veicoli e impostare l\u2019invio dei report in formato Excel, direttamente per email.<\/p>\n\n\n\r\n<section  class=\"qtx-pagebuilder-section qtx-pagebuilder-section-list \">\r\n<ul class='ticks fa-ul' style=''><li><span class='fa-li'><i class='fas fa-check-circle'><\/i><\/span>Osserva il chilometraggio totale della tua flotta, le ore al volante e il tempo di inattivit\u00e0 su determinati periodi di tempo<\/li><li><span class='fa-li'><i class='fas fa-check-circle'><\/i><\/span>Ricevi report su velocit\u00e0 media, velocit\u00e0 massima registrata, uso di carburante previsto ed emissioni di CO2 <\/li><li><span class='fa-li'><i class='fas fa-check-circle'><\/i><\/span>Visualizza il momento di inizio e fine percorso, oltre ai dettagli di ogni viaggio <\/li><li><span class='fa-li'><i class='fas fa-check-circle'><\/i><\/span>Compara le richieste di straordinario e di rimborso carburante con i tempi e i consumi effettivi<\/li><li><span class='fa-li'><i class='fas fa-check-circle'><\/i><\/span>Supporta i tuoi conducenti con report accurati delle loro attivit\u00e0<\/li><\/ul><\/section>\n\n\n<figure class=\"wp-block-image aligncenter\"><img decoding=\"async\" src=\" https:\/\/www.quartix.com\/content\/uploads\/2021\/03\/vehicle-tracking-driver-wheel-image.jpg\" alt=\"vehicle tracking driver\"\/><\/figure>\n\n\n\n<p>La nostra opzione di Identificazione Conducente ti permette di monitorare lo stile di guida dei singoli conducenti che condividono gli stessi veicoli ed \u00e8 utile anche a differenziare i viaggi di lavoro da quelli privati. <\/p>\n\n\n\n<p><a href=\" https:\/\/www.quartix.com\/it-it\/localizzatore-gps\/registri-di-presenza\/\"><u>I registri di attivit\u00e0 della localizzazione veicoli di Quartix: Scopri di pi\u00f9<\/u><\/a><\/p>\n\n\n\n<h2 class=\"wp-block-heading\" id=\"Promote-safe-and-fuel-efficient-driving-habits\">Promuovi uno stile di guida sicuro e a basso consumo di carburante <\/h2>\n\n\n\n<p>Grazie alla localizzazione veicoli di Quartix, spronare il tuo staff a migliorare il proprio stile di guida non \u00e8 mai stato cos\u00ec facile. Le nostre analisi di guida dettagliate ti offrono tutti gli strumenti necessari a incentivare una guida sicura e attenta ai costi.<\/p>\n\n\n\n<p>I dati di Velocit\u00e0 Sicura, una funzionalit\u00e0 esclusiva di Quartix, ti consentono di monitorare l&#8217;andamento della velocit\u00e0 dei tuoi conducenti in tratti specifici di strada, confrontando i loro risultati con quelli degli altri conducenti. Con i dettagli sulla tua flotta, puoi assicurare una maggiore sicurezza per i tuoi dipendenti, oltre al rispetto dei limiti di velocit\u00e0.&#8221;\r\n\r\nI punteggi dei conducenti vengono divisi per colore e fanno parte dei report di Quartix che, insieme alle tendenze di guida e alla classifica dei conducenti, ti aiutano a incentivare un miglioramento dello stile di guida dell\u2019intera flotta. Il nostro sistema di localizzazione dei veicoli offre tutto ci\u00f2 che serve per ridurre la manutenzione del veicolo, i costi del carburante e, soprattutto, la sicurezza sulla strada.\r\n<\/p>\n\n\n\n<figure class=\"wp-block-image aligncenter size-large\"><img loading=\"lazy\" decoding=\"async\" width=\"1000\" height=\"733\" src=\" https:\/\/www.quartix.com\/content\/uploads\/2023\/09\/daily-driver-briefing-2-1000x733.jpg\" alt=\"\" class=\"wp-image-91484\" srcset=\"https:\/\/www.quartix.com\/content\/uploads\/2023\/09\/daily-driver-briefing-2-1000x733.jpg 1000w, https:\/\/www.quartix.com\/content\/uploads\/2023\/09\/daily-driver-briefing-2-300x220.jpg 300w, https:\/\/www.quartix.com\/content\/uploads\/2023\/09\/daily-driver-briefing-2-768x563.jpg 768w, https:\/\/www.quartix.com\/content\/uploads\/2023\/09\/daily-driver-briefing-2.jpg 1279w\" sizes=\"auto, (max-width: 1000px) 100vw, 1000px\" \/><\/figure>\n\n\n\r\n<section  class=\"qtx-pagebuilder-section qtx-pagebuilder-section-list \">\r\n<ul class='ticks fa-ul' style=''><li><span class='fa-li'><i class='fas fa-check-circle'><\/i><\/span>Controlla i profili di velocit\u00e0, accelerazione e frenata<\/li><li><span class='fa-li'><i class='fas fa-check-circle'><\/i><\/span>Confronta i punteggi di guida dei conducenti<\/li><li><span class='fa-li'><i class='fas fa-check-circle'><\/i><\/span>I tuoi conducenti possono visualizzare il loro punteggio di guida sull\u2019app di localizzazione veicoli di Quartix, per monitorare i propri progressi.<\/li><li><span class='fa-li'><i class='fas fa-check-circle'><\/i><\/span>Promuovere abitudini di guida pi\u00f9 sicure ed economiche.<\/li><li><span class='fa-li'><i class='fas fa-check-circle'><\/i><\/span>Riduzione dei costi di carburante, dei costi di riparazione e dei costi operativi<\/li><\/ul><\/section>\n\n\n<p><a href=\" https:\/\/www.quartix.com\/it-it\/localizzatore-gps\/stile-di-guida\/\"><u>Il monitoraggio dello stile di guida di Quartix: Scopri di pi\u00f9<\/u><\/a><\/p>\n\n\n\n<h2 class=\"wp-block-heading\" id=\"Vehicle-tracking-can-boost-fleet-productivity\">La localizzazione veicoli per incrementare la produttivit\u00e0 della tua flotta <\/h2>\n\n\n\n<p>La localizzazione veicoli ti offre una panoramica in tempo reale dei tuoi veicoli con l\u2019utilizzo di dashboard e una gamma di strumenti per la gestione della flotta. Ti basta uno sguardo per individuare i veicoli operativi, monitorare la produttivit\u00e0 con obiettivi personalizzati e ricevere notifiche per avvisarti nel caso in cui questi non vengono raggiunti.\r\n\r\nVisualizza i dati relativi ai luoghi, per tracciare il momento di arrivo e partenza da una posizione specifica o usa l\u2019opzione di analisi della strada per eliminare i viaggi superflui. Sono inoltre disponibili rapporti mensili di velocit\u00e0 e chilometraggio per aiutarti a monitorare le attivit\u00e0 della tua flotta. Gestire la tua flotta sar\u00e0 molto pi\u00f9 semplice anche grazie ai nostri report di manutenzione\/revisione, completi di promemoria, ore motore e letture di contachilometri.<\/p>\n\n\n\n<p>\u00c8 possibile visualizzare i dati relativi al percorso, per tenere traccia dell&#8217;arrivo e della partenza dei veicoli da un luogo specifico, oppure utilizzare la funzione di analisi del percorso per eliminare i viaggi superflui. Sono inoltre disponibili rapporti mensili sulla velocit\u00e0 e sul chilometraggio per aiutarvi a monitorare l&#8217;attivit\u00e0 della flotta. \r\n\r\nGestire i tuoi veicoli non \u00e8 mai stato cos\u00ec facile grazie ai nostri report. Con noi, riceverai promemoria automatici per non dimenticare mai le scadenze dei tagliandi e degli interventi di manutenzione. Inoltre, avrai accesso ai dati sulle ore di funzionamento del motore e sulle letture del contachilometri. In breve, tenere sotto controllo e mantenere i tuoi veicoli in perfette condizioni non \u00e8 mai stato cos\u00ec semplice.\r\n<\/p>\n\n\n\n<figure class=\"wp-block-image aligncenter\"><img decoding=\"async\" src=\" https:\/\/www.quartix.com\/content\/uploads\/2021\/03\/vehicle-tracking-van-driver-at-work.jpg\" alt=\"vehicle tracking van driver at work\"\/><\/figure>\n\n\n\r\n<section  class=\"qtx-pagebuilder-section qtx-pagebuilder-section-list \">\r\n<ul class='ticks fa-ul' style='0'><li><span class='fa-li'><i class='fas fa-check-circle'><\/i><\/span>Analizza le performance della tua flotta nel tempo e migliora la produttivit\u00e0<\/li><li><span class='fa-li'><i class='fas fa-check-circle'><\/i><\/span>Pianificare efficacemente le scadenze per la manutenzione del veicolo, i tagliandi e le ore motore<\/li><li><span class='fa-li'><i class='fas fa-check-circle'><\/i><\/span>Ricevi report di chilometraggio e velocit\u00e0 ogni mese o settimana <\/li><\/ul><\/section>\n\n\n<p><a href=\" https:\/\/www.quartix.com\/it-it\/localizzatore-gps\/strumenti-di-controllo\/\"><u>Gli strumenti di gestione della flotta di Quartix: Scopri di pi\u00f9<\/u><\/a><\/p>\n\n\n\n<h2 class=\"wp-block-heading\" id=\"Use-vehicle-tracking-to-set-geographic-zones-and-rules\">Usa la localizzazione veicoli per impostare confini geografici e altre limitazioni<\/h2>\n\n\n\n<p>La localizzazione veicoli di Quartix ti notifica in caso di movimenti non autorizzati dei veicoli, con l\u2019aiuto del geofencing e altre limitazioni. In questo modo potrai sapere facilmente quando i veicoli arrivano o partono da un determinato luogo, mettendo fine ai viaggi non autorizzati o al pericolo di venire derubato di un veicolo. Altri vantaggi del geofencing includono la possibilit\u00e0 di ricevere notifiche quando i veicoli si avvicinano al deposito, cos\u00ec da preparare la merce al loro arrivo.<\/p>\n\n\n\n<p>\u00c8 sufficiente tracciare l\u2019area desiderata con il nostro strumento di disegno e non c\u2019\u00e8 limite al numero di zone di geofencing che puoi creare. <\/p>\n\n\n\n<figure class=\"wp-block-image aligncenter size-large\"><img loading=\"lazy\" decoding=\"async\" width=\"1000\" height=\"438\" src=\" https:\/\/www.quartix.com\/content\/uploads\/2023\/09\/IT_geofencing-1000x438.png\" alt=\"\" class=\"wp-image-91473\" srcset=\"https:\/\/www.quartix.com\/content\/uploads\/2023\/09\/IT_geofencing-1000x438.png 1000w, https:\/\/www.quartix.com\/content\/uploads\/2023\/09\/IT_geofencing-300x131.png 300w, https:\/\/www.quartix.com\/content\/uploads\/2023\/09\/IT_geofencing-768x336.png 768w, https:\/\/www.quartix.com\/content\/uploads\/2023\/09\/IT_geofencing-1536x672.png 1536w, https:\/\/www.quartix.com\/content\/uploads\/2023\/09\/IT_geofencing.png 1908w\" sizes=\"auto, (max-width: 1000px) 100vw, 1000px\" \/><\/figure>\n\n\n\r\n<section  class=\"qtx-pagebuilder-section qtx-pagebuilder-section-list \">\r\n<ul class='ticks fa-ul' style=''><li><span class='fa-li'><i class='fas fa-check-circle'><\/i><\/span>Definisci le zone da cui i veicoli non possono uscire o in cui non possono entrare<\/li><li><span class='fa-li'><i class='fas fa-check-circle'><\/i><\/span>Stabilisci regole e orari per ogni zona<\/li><li><span class='fa-li'><i class='fas fa-check-circle'><\/i><\/span>Ricevi una notifica in caso di infrazione<\/li><\/ul><\/section>\n\n\n<p>Per essere in linea con le disposizioni sulla privacy, la modalit\u00e0 Privata di Quartix ti permette di scegliere l\u2019intervallo di tempo in cui i veicoli vengono tracciati e quando interrompere la localizzazione. Potrai inoltre decidere a chi dare accesso alla gestione dei dati per garantire la privacy dei dipendenti.\r\n\r\n<a href=\" https:\/\/www.quartix.com\/it-it\/localizzatore-gps\/notifiche\/\"><u>Notifiche di geofencing di Quartix: Scopri di pi\u00f9<\/u><\/a><\/p>\n\n\n\n<h2 class=\"wp-block-heading\" id=\"The-hardware:-Your-vehicle-tracking-device-options\">Dispositivo di localizzazione: Le opzioni disponibili<\/h2>\n\n\n\n<p>Quartix offre numerose opzioni di installazione che vanno da soluzioni cablate installate da un tecnico a semplici dispositivi a installazione autonoma\/ autoinstallanti.<\/p>\n\n\n\n<p><a href=\" https:\/\/www.quartix.com\/it-it\/localizzatore-gps\/dispositivo-di-localizzazione\/\"><u>Installazione dispositivo di localizzazione di Quartix: Scopri di pi\u00f9<\/u><\/a><\/p>\n","protected":false},"excerpt":{"rendered":"<p>La localizzazione veicoli di Quartix offre una gamma completa di strumenti per aiutarti a gestire al meglio i tuoi veicoli, garantire la sicurezza dei conducenti e incrementare i profitti. Accedi al servizio online, senza dover installare ulteriori programmi. Il sistema facilita l\u2019analisi dei dati della geolocalizzazione e genera report di facile utilizzo, aiutandoti a identificare [&hellip;]<\/p>\n","protected":false},"author":12,"featured_media":106277,"parent":0,"menu_order":200,"comment_status":"closed","ping_status":"closed","template":"templates\/sticky-sidebar.php","meta":{"_acf_changed":false,"inline_featured_image":false,"footnotes":""},"topic":[],"qtx_campaign":[],"class_list":["post-23894","page","type-page","status-publish","has-post-thumbnail","hentry"],"acf":[],"yoast_head":"<!-- This site is optimized with the Yoast SEO Premium plugin v27.3 (Yoast SEO v27.3) - https:\/\/yoast.com\/product\/yoast-seo-premium-wordpress\/ -->\n<title>Sistema di localizzazione GPS per una flotta di successo | Quartix - IT<\/title>\n<meta name=\"description\" content=\"Localizzazione veicoli: La scelta numero 1 delle aziende britanniche. Oltre 600.000 dispositivi installati. Gestisci la tua flotta, aumenta l\u2019efficienza e migliora la gestione delle spese. Richiedi ora una demo gratuita!\" \/>\n<meta name=\"robots\" content=\"index, follow, max-snippet:-1, max-image-preview:large, max-video-preview:-1\" \/>\n<link rel=\"canonical\" href=\"https:\/\/www.quartix.com\/it-it\/localizzatore-gps\/\" \/>\n<meta property=\"og:locale\" content=\"it_IT\" \/>\n<meta property=\"og:type\" content=\"article\" \/>\n<meta property=\"og:title\" content=\"localizzazione del veicolo\" \/>\n<meta property=\"og:description\" content=\"Localizzazione veicoli: La scelta numero 1 delle aziende britanniche. Oltre 600.000 dispositivi installati. Gestisci la tua flotta, aumenta l\u2019efficienza e migliora la gestione delle spese. Richiedi ora una demo gratuita!\" \/>\n<meta property=\"og:url\" content=\"https:\/\/www.quartix.com\/it-it\/localizzatore-gps\/\" \/>\n<meta property=\"og:site_name\" content=\"Quartix\" \/>\n<meta property=\"article:publisher\" content=\"https:\/\/www.facebook.com\/Quartix-USA-374426386097401\/\" \/>\n<meta property=\"article:modified_time\" content=\"2024-06-19T13:53:19+00:00\" \/>\n<meta property=\"og:image\" content=\"https:\/\/www.quartix.com\/content\/uploads\/2024\/06\/US-Vehicle-Tracking-Screens.png\" \/>\n\t<meta property=\"og:image:width\" content=\"874\" \/>\n\t<meta property=\"og:image:height\" content=\"590\" \/>\n\t<meta property=\"og:image:type\" content=\"image\/png\" \/>\n<meta name=\"twitter:card\" content=\"summary_large_image\" \/>\n<meta name=\"twitter:site\" content=\"@QuartixUSA\" \/>\n<meta name=\"twitter:label1\" content=\"Est. reading time\" \/>\n\t<meta name=\"twitter:data1\" content=\"9 minutes\" \/>\n<!-- \/ Yoast SEO Premium plugin. -->","yoast_head_json":{"title":"Sistema di localizzazione GPS per una flotta di successo | Quartix - IT","description":"Localizzazione veicoli: La scelta numero 1 delle aziende britanniche. Oltre 600.000 dispositivi installati. Gestisci la tua flotta, aumenta l\u2019efficienza e migliora la gestione delle spese. Richiedi ora una demo gratuita!","robots":{"index":"index","follow":"follow","max-snippet":"max-snippet:-1","max-image-preview":"max-image-preview:large","max-video-preview":"max-video-preview:-1"},"canonical":"https:\/\/www.quartix.com\/it-it\/localizzatore-gps\/","og_locale":"it_IT","og_type":"article","og_title":"localizzazione del veicolo","og_description":"Localizzazione veicoli: La scelta numero 1 delle aziende britanniche. Oltre 600.000 dispositivi installati. Gestisci la tua flotta, aumenta l\u2019efficienza e migliora la gestione delle spese. Richiedi ora una demo gratuita!","og_url":"https:\/\/www.quartix.com\/it-it\/localizzatore-gps\/","og_site_name":"Quartix","article_publisher":"https:\/\/www.facebook.com\/Quartix-USA-374426386097401\/","article_modified_time":"2024-06-19T13:53:19+00:00","og_image":[{"width":874,"height":590,"url":"https:\/\/www.quartix.com\/content\/uploads\/2024\/06\/US-Vehicle-Tracking-Screens.png","type":"image\/png"}],"twitter_card":"summary_large_image","twitter_site":"@QuartixUSA","twitter_misc":{"Est. reading time":"9 minutes"},"schema":{"@context":"https:\/\/schema.org","@graph":[{"@type":"WebPage","@id":"https:\/\/www.quartix.com\/it-it\/localizzatore-gps\/","url":"https:\/\/www.quartix.com\/it-it\/localizzatore-gps\/","name":"Sistema di localizzazione GPS per una flotta di successo | Quartix","isPartOf":{"@id":"https:\/\/www.quartix.com\/it-it\/#website"},"primaryImageOfPage":{"@id":"https:\/\/www.quartix.com\/it-it\/localizzatore-gps\/#primaryimage"},"image":{"@id":"https:\/\/www.quartix.com\/it-it\/localizzatore-gps\/#primaryimage"},"thumbnailUrl":"https:\/\/www.quartix.com\/content\/uploads\/2024\/06\/US-Vehicle-Tracking-Screens.png","datePublished":"2019-06-12T16:38:44+00:00","dateModified":"2024-06-19T13:53:19+00:00","description":"Localizzazione veicoli: La scelta numero 1 delle aziende britanniche. Oltre 600.000 dispositivi installati. Gestisci la tua flotta, aumenta l\u2019efficienza e migliora la gestione delle spese. Richiedi ora una demo gratuita!","breadcrumb":{"@id":"https:\/\/www.quartix.com\/it-it\/localizzatore-gps\/#breadcrumb"},"inLanguage":"it-IT","potentialAction":[{"@type":"ReadAction","target":["https:\/\/www.quartix.com\/it-it\/localizzatore-gps\/"]}]},{"@type":"ImageObject","inLanguage":"it-IT","@id":"https:\/\/www.quartix.com\/it-it\/localizzatore-gps\/#primaryimage","url":"https:\/\/www.quartix.com\/content\/uploads\/2024\/06\/US-Vehicle-Tracking-Screens.png","contentUrl":"https:\/\/www.quartix.com\/content\/uploads\/2024\/06\/US-Vehicle-Tracking-Screens.png","width":874,"height":590,"caption":"US Vehicle Tracking Screens"},{"@type":"BreadcrumbList","@id":"https:\/\/www.quartix.com\/it-it\/localizzatore-gps\/#breadcrumb","itemListElement":[{"@type":"ListItem","position":1,"name":"Home","item":"https:\/\/www.quartix.com\/it-it\/quartix-localizzazione-dei-veicoli-in-tempo-reale\/"},{"@type":"ListItem","position":2,"name":"localizzazione del veicolo"}]},{"@type":"WebSite","@id":"https:\/\/www.quartix.com\/it-it\/#website","url":"https:\/\/www.quartix.com\/it-it\/","name":"Quartix","description":"Real-time vehicle tracking","publisher":{"@id":"https:\/\/www.quartix.com\/it-it\/#organization"},"potentialAction":[{"@type":"SearchAction","target":{"@type":"EntryPoint","urlTemplate":"https:\/\/www.quartix.com\/it-it\/?s={search_term_string}"},"query-input":{"@type":"PropertyValueSpecification","valueRequired":true,"valueName":"search_term_string"}}],"inLanguage":"it-IT"},{"@type":"Organization","@id":"https:\/\/www.quartix.com\/it-it\/#organization","name":"Quartix","url":"https:\/\/www.quartix.com\/it-it\/","logo":{"@type":"ImageObject","inLanguage":"it-IT","@id":"https:\/\/www.quartix.com\/it-it\/#\/schema\/logo\/image\/","url":"https:\/\/www.quartix.com\/content\/uploads\/2019\/02\/quartix-logo-eur.svg","contentUrl":"https:\/\/www.quartix.com\/content\/uploads\/2019\/02\/quartix-logo-eur.svg","width":1,"height":1,"caption":"Quartix"},"image":{"@id":"https:\/\/www.quartix.com\/it-it\/#\/schema\/logo\/image\/"},"sameAs":["https:\/\/www.facebook.com\/Quartix-USA-374426386097401\/","https:\/\/x.com\/QuartixUSA","https:\/\/www.linkedin.com\/company\/5346733\/","https:\/\/www.youtube.com\/channel\/UCzS-_GMfHF4kWiCheyIRrAQ"]}]}},"_links":{"self":[{"href":"https:\/\/www.quartix.com\/it-it\/wp-json\/wp\/v2\/pages\/23894","targetHints":{"allow":["GET"]}}],"collection":[{"href":"https:\/\/www.quartix.com\/it-it\/wp-json\/wp\/v2\/pages"}],"about":[{"href":"https:\/\/www.quartix.com\/it-it\/wp-json\/wp\/v2\/types\/page"}],"author":[{"embeddable":true,"href":"https:\/\/www.quartix.com\/it-it\/wp-json\/wp\/v2\/users\/12"}],"replies":[{"embeddable":true,"href":"https:\/\/www.quartix.com\/it-it\/wp-json\/wp\/v2\/comments?post=23894"}],"version-history":[{"count":0,"href":"https:\/\/www.quartix.com\/it-it\/wp-json\/wp\/v2\/pages\/23894\/revisions"}],"wp:featuredmedia":[{"embeddable":true,"href":"https:\/\/www.quartix.com\/it-it\/wp-json\/wp\/v2\/media\/106277"}],"wp:attachment":[{"href":"https:\/\/www.quartix.com\/it-it\/wp-json\/wp\/v2\/media?parent=23894"}],"wp:term":[{"taxonomy":"topic","embeddable":true,"href":"https:\/\/www.quartix.com\/it-it\/wp-json\/wp\/v2\/topic?post=23894"},{"taxonomy":"qtx_campaign","embeddable":true,"href":"https:\/\/www.quartix.com\/it-it\/wp-json\/wp\/v2\/qtx_campaign?post=23894"}],"curies":[{"name":"wp","href":"https:\/\/api.w.org\/{rel}","templated":true}]}}