{"id":24024,"date":"2019-06-14T19:45:18","date_gmt":"2019-06-14T19:45:18","guid":{"rendered":"https:\/\/www.quartix.com\/risorse\/guide\/"},"modified":"2024-08-09T12:32:00","modified_gmt":"2024-08-09T11:32:00","slug":"guide","status":"publish","type":"page","link":"https:\/\/www.quartix.com\/it-it\/risorse\/guide\/","title":{"rendered":"Guide"},"content":{"rendered":"\r\n\r\n<section  class=\"qtx-pagebuilder-section qtx-pagebuilder-section-guidelisting  nobottommargin\">\r\n        <div class=\"listingouter\">\r\n            <div class=\"listingwrapper\">\r\n                <div class=\"listing\">\r\n                        <div class=\"listingtitle\"><h4>GUIDA<\/h4><h3>Guida ai prezzi per il monitoraggio dei veicoli<\/h3><\/div>                        <div class=\"listingcontent\"><p>Scaricando la guida completa, avrete accesso a suggerimenti dettagliati e approfondimenti su come scegliere il miglior fornitore di servizi di monitoraggio della flotta per le vostre esigenze.<\/p>\n<\/div>                        <a class='btn btn-green' href='\/it-it\/il-costo-del-monitoraggio-dei-veicoli\/' title='Scarica la guida' target=''>Scarica la guida <i aria-hidden='true' class='fas fa-arrow-circle-right'><\/i><\/a>                <\/div>\r\n                <div class=\"image\">\r\n                                                <img loading=\"lazy\" decoding=\"async\" width=\"522\" height=\"738\" src=\"https:\/\/www.quartix.com\/content\/uploads\/2024\/07\/IT-pricing-guide-1.png\" class=\"\" alt=\"\" srcset=\"https:\/\/www.quartix.com\/content\/uploads\/2024\/07\/IT-pricing-guide-1.png 522w, https:\/\/www.quartix.com\/content\/uploads\/2024\/07\/IT-pricing-guide-1-212x300.png 212w\" sizes=\"auto, (max-width: 522px) 100vw, 522px\" \/>  \r\n                                    <\/div>\r\n            <\/div>\r\n        <\/div>\r\n            <div class=\"listingouter\">\r\n            <div class=\"listingwrapper\">\r\n                <div class=\"listing\">\r\n                        <div class=\"listingtitle\"><h4>GDPR<\/h4><h3>Guida al GDPR per i gestori di flotte<\/h3><\/div>                        <div class=\"listingcontent\"><p>Dato che i sistemi di monitoraggio dei veicoli raccolgono e archiviano dati personali, \u00e8 necessario applicare le direttive del GDPR.<\/p>\n<\/div>                        <a class='btn btn-green' href='https:\/\/www.quartix.com\/it-it\/risorse\/guida-al-gdpr-per-i-gestori-di-flotte\/' title='Scarica la guida' target=''>Scarica la guida <i aria-hidden='true' class='fas fa-arrow-circle-right'><\/i><\/a>                <\/div>\r\n                <div class=\"image\">\r\n                                                <img loading=\"lazy\" decoding=\"async\" width=\"427\" height=\"614\" src=\"https:\/\/www.quartix.com\/content\/uploads\/2024\/07\/IT-gdpr-guide-cover-1.png\" class=\"\" alt=\"\" srcset=\"https:\/\/www.quartix.com\/content\/uploads\/2024\/07\/IT-gdpr-guide-cover-1.png 427w, https:\/\/www.quartix.com\/content\/uploads\/2024\/07\/IT-gdpr-guide-cover-1-209x300.png 209w\" sizes=\"auto, (max-width: 427px) 100vw, 427px\" \/>  \r\n                                    <\/div>\r\n            <\/div>\r\n        <\/div>\r\n            <div class=\"listingouter\">\r\n            <div class=\"listingwrapper\">\r\n                <div class=\"listing\">\r\n                        <div class=\"listingtitle\"><h4>GUIDA<\/h4><h3>Come calcolare ed impiegare il punteggio dei conducenti grazie alla localizzazione veicoli<\/h3><\/div>                        <div class=\"listingcontent\"><p>I dati raccolti dalla localizzazione veicoli costituiscono infatti una ricca fonte di informazione riguardo la prestazione di ogni singolo conducente.<\/p>\n<\/div>                        <a class='btn btn-green' href='https:\/\/go.marketing.quartix.com\/Guida_ai_punteggi_dei_conducenti' title='Scarica la guida' target='_blank'>Scarica la guida <i aria-hidden='true' class='fas fa-arrow-circle-right'><\/i><\/a>                <\/div>\r\n                <div class=\"image\">\r\n                                                <img loading=\"lazy\" decoding=\"async\" width=\"591\" height=\"837\" src=\"https:\/\/www.quartix.com\/content\/uploads\/2021\/07\/IT-Driver-Scores-Guide-Cover.png\" class=\"\" alt=\"\" srcset=\"https:\/\/www.quartix.com\/content\/uploads\/2021\/07\/IT-Driver-Scores-Guide-Cover.png 591w, https:\/\/www.quartix.com\/content\/uploads\/2021\/07\/IT-Driver-Scores-Guide-Cover-212x300.png 212w\" sizes=\"auto, (max-width: 591px) 100vw, 591px\" \/>  \r\n                                    <\/div>\r\n            <\/div>\r\n        <\/div>\r\n            <div class=\"listingouter\">\r\n            <div class=\"listingwrapper\">\r\n                <div class=\"listing\">\r\n                        <div class=\"listingtitle\"><h4>GUIDA<\/h4><h3>Come applicare la tua politica aziendale di velocit\u00e0 con la localizzazione veicoli<\/h3><\/div>                        <div class=\"listingcontent\"><p>La geocalizzazione contribuisce infatti all\u2019adempimento di una politica aziendale di velocit\u00e0 rivolta ai propri dipendenti, atta a chiarire la posizione di una societ\u00e0 riguardo la prestazione su strada dei suoi dipendenti, con particolare attenzione verso lo stile di guida e le velocit\u00e0 registrate.<\/p>\n<\/div>                        <a class='btn btn-green' href='https:\/\/go.marketing.quartix.com\/Guida_alle_politiche_sull_eccesso_di_velocita' title='Scarica la guida' target='_blank'>Scarica la guida <i aria-hidden='true' class='fas fa-arrow-circle-right'><\/i><\/a>                <\/div>\r\n                <div class=\"image\">\r\n                                                <img loading=\"lazy\" decoding=\"async\" width=\"593\" height=\"837\" src=\"https:\/\/www.quartix.com\/content\/uploads\/2021\/07\/IT-Speeding-Policy-Guide-Cover.png\" class=\"\" alt=\"\" srcset=\"https:\/\/www.quartix.com\/content\/uploads\/2021\/07\/IT-Speeding-Policy-Guide-Cover.png 593w, https:\/\/www.quartix.com\/content\/uploads\/2021\/07\/IT-Speeding-Policy-Guide-Cover-213x300.png 213w\" sizes=\"auto, (max-width: 593px) 100vw, 593px\" \/>  \r\n                                    <\/div>\r\n            <\/div>\r\n        <\/div>\r\n            <div class=\"listingouter\">\r\n            <div class=\"listingwrapper\">\r\n                <div class=\"listing\">\r\n                        <div class=\"listingtitle\"><h4>GUIDA ECOLOGICAGUIDA ECOLOGICA<\/h4><h3>Che cos&#8217;\u00e8 la guida ecologica e come pu\u00f2 aiutare la tua impresa?<\/h3><\/div>                        <div class=\"listingcontent\"><p>Scopri i vantaggi della guida ecologica e segui piccole accortezze per guidare in maniera pi\u00f9 proficua, sicura ed economica.<\/p>\n<\/div>                        <a class='btn btn-green' href='\/it-it\/manualealla_guida_ecologica\/' title='Scarica la guida' target=''>Scarica la guida <i aria-hidden='true' class='fas fa-arrow-circle-right'><\/i><\/a>                <\/div>\r\n                <div class=\"image\">\r\n                                                <img loading=\"lazy\" decoding=\"async\" width=\"640\" height=\"607\" src=\"https:\/\/www.quartix.com\/content\/uploads\/2019\/10\/eco-driving-guide-ploand.png\" class=\"\" alt=\"gps vehicle tracking delivery driver\" srcset=\"https:\/\/www.quartix.com\/content\/uploads\/2019\/10\/eco-driving-guide-ploand.png 863w, https:\/\/www.quartix.com\/content\/uploads\/2019\/10\/eco-driving-guide-ploand-300x284.png 300w, https:\/\/www.quartix.com\/content\/uploads\/2019\/10\/eco-driving-guide-ploand-768x728.png 768w\" sizes=\"auto, (max-width: 640px) 100vw, 640px\" \/>  \r\n                                    <\/div>\r\n            <\/div>\r\n        <\/div>\r\n            <div class=\"listingouter\">\r\n            <div class=\"listingwrapper\">\r\n                <div class=\"listing\">\r\n                        <div class=\"listingtitle\"><h4>EDILIZIA<\/h4><h3>Localizzazione veicoli per il settore edile<\/h3><\/div>                        <div class=\"listingcontent\"><p>Scopri i vantaggi della localizzazione veicoli per il settore edile.<\/p>\n<\/div>                        <a class='btn btn-green' href='\/it-it\/guida_alla_localizzazione_dei_veicoli_nel_settore_dell_edilizia\/' title='Scarica la guida' target=''>Scarica la guida <i aria-hidden='true' class='fas fa-arrow-circle-right'><\/i><\/a>                <\/div>\r\n                <div class=\"image\">\r\n                                                <img loading=\"lazy\" decoding=\"async\" width=\"640\" height=\"427\" src=\"https:\/\/www.quartix.com\/content\/uploads\/2018\/04\/shutterstock_599677649_2-1000x667.jpg\" class=\"\" alt=\"heavy machinery\" srcset=\"https:\/\/www.quartix.com\/content\/uploads\/2018\/04\/shutterstock_599677649_2-1000x667.jpg 1000w, https:\/\/www.quartix.com\/content\/uploads\/2018\/04\/shutterstock_599677649_2-300x200.jpg 300w, https:\/\/www.quartix.com\/content\/uploads\/2018\/04\/shutterstock_599677649_2-768x512.jpg 768w\" sizes=\"auto, (max-width: 640px) 100vw, 640px\" \/>  \r\n                                    <\/div>\r\n            <\/div>\r\n        <\/div>\r\n            <div class=\"listingouter\">\r\n            <div class=\"listingwrapper\">\r\n                <div class=\"listing\">\r\n                        <div class=\"listingtitle\"><h4>PAESAGGISTICA<\/h4><h3>Localizzazione veicoli per i paesaggisti<\/h3><\/div>                        <div class=\"listingcontent\"><p>Scopri i vantaggi della localizzazione veicoli per le imprese paesaggistiche.<\/p>\n<\/div>                        <a class='btn btn-green' href='\/it-it\/guida_al_monitoraggio_dei_veicoli_per_i_paesaggisti\/' title='Scarica la guida' target=''>Scarica la guida <i aria-hidden='true' class='fas fa-arrow-circle-right'><\/i><\/a>                <\/div>\r\n                <div class=\"image\">\r\n                                                <img loading=\"lazy\" decoding=\"async\" width=\"640\" height=\"907\" src=\"https:\/\/www.quartix.com\/content\/uploads\/2019\/09\/IT-Landscaping-guide-image-706x1000.png\" class=\"\" alt=\"\" srcset=\"https:\/\/www.quartix.com\/content\/uploads\/2019\/09\/IT-Landscaping-guide-image-706x1000.png 706w, https:\/\/www.quartix.com\/content\/uploads\/2019\/09\/IT-Landscaping-guide-image-212x300.png 212w, https:\/\/www.quartix.com\/content\/uploads\/2019\/09\/IT-Landscaping-guide-image-768x1087.png 768w, https:\/\/www.quartix.com\/content\/uploads\/2019\/09\/IT-Landscaping-guide-image.png 1319w\" sizes=\"auto, (max-width: 640px) 100vw, 640px\" \/>  \r\n                                    <\/div>\r\n            <\/div>\r\n        <\/div>\r\n            <div class=\"listingouter\">\r\n            <div class=\"listingwrapper\">\r\n                <div class=\"listing\">\r\n                        <div class=\"listingtitle\"><h4>IMPRESE COMMERCIALI<\/h4><h3>Localizzazione veicoli per le attivit\u00e0 commerciali<\/h3><\/div>                        <div class=\"listingcontent\"><p>Accedi ai vantaggi della localizzazione veicoli per le attivit\u00e0 commerciali: idraulica, elettronica, rivestimenti e altri servizi specializzati.<\/p>\n<\/div>                        <a class='btn btn-green' href='https:\/\/go.marketing.quartix.com\/Guida_alla_localizzazione_dei_veicoli_per_i_professionisti' title='Scarica la guida' target='_blank'>Scarica la guida <i aria-hidden='true' class='fas fa-arrow-circle-right'><\/i><\/a>                <\/div>\r\n                <div class=\"image\">\r\n                                                <img loading=\"lazy\" decoding=\"async\" width=\"640\" height=\"427\" src=\"https:\/\/www.quartix.com\/content\/uploads\/2019\/01\/Trades-Guide-Image-1000x667.jpeg\" class=\"\" alt=\"\" srcset=\"https:\/\/www.quartix.com\/content\/uploads\/2019\/01\/Trades-Guide-Image-1000x667.jpeg 1000w, https:\/\/www.quartix.com\/content\/uploads\/2019\/01\/Trades-Guide-Image-300x200.jpeg 300w, https:\/\/www.quartix.com\/content\/uploads\/2019\/01\/Trades-Guide-Image-768x512.jpeg 768w, https:\/\/www.quartix.com\/content\/uploads\/2019\/01\/Trades-Guide-Image.jpeg 2048w\" sizes=\"auto, (max-width: 640px) 100vw, 640px\" \/>  \r\n                                    <\/div>\r\n            <\/div>\r\n        <\/div>\r\n            <div class=\"listingouter\">\r\n            <div class=\"listingwrapper\">\r\n                <div class=\"listing\">\r\n                        <div class=\"listingtitle\"><h4>GUIDA ALL&#8217;ACQUISTO<\/h4><h3>Guida all&#8217;acquisto della localizzazione veicoli<\/h3><\/div>                        <div class=\"listingcontent\"><p><!-- wp:paragraph --><\/p>\n<p>In questa guida troverai la risposta alle seguenti domande:<\/p>\n<p><!-- \/wp:paragraph --> <!-- wp:list --><\/p>\n<ul>\n<li>Quali rapporti mi aiutano a migliorare la produttivit\u00e0 ed abbassare i costi operativi?<\/li>\n<li>Quali rapporti individuano le azioni necessarie a ridurre i costi carburante?<\/li>\n<li>Quali informazioni sulla flotta possono farmi risparmiare?<\/li>\n<li>Come pu\u00f2 la localizzazione GPS supportare i miei conducenti e farli sentire al sicuro?<\/li>\n<\/ul>\n<p><!-- \/wp:list --><\/p>\n<\/div>                        <a class='btn btn-green' href='https:\/\/go.marketing.quartix.com\/Guida_allacquisto_del_sistema_di_tracciamento_dei_veicoli' title='Scarica la guida' target='_blank'>Scarica la guida <i aria-hidden='true' class='fas fa-arrow-circle-right'><\/i><\/a>                <\/div>\r\n                <div class=\"image\">\r\n                                                <img loading=\"lazy\" decoding=\"async\" width=\"640\" height=\"785\" src=\"https:\/\/www.quartix.com\/content\/uploads\/2019\/08\/buyers-guide-IT-cover-img-815x1000.png\" class=\"\" alt=\"\" srcset=\"https:\/\/www.quartix.com\/content\/uploads\/2019\/08\/buyers-guide-IT-cover-img-815x1000.png 815w, https:\/\/www.quartix.com\/content\/uploads\/2019\/08\/buyers-guide-IT-cover-img-244x300.png 244w, https:\/\/www.quartix.com\/content\/uploads\/2019\/08\/buyers-guide-IT-cover-img-768x943.png 768w, https:\/\/www.quartix.com\/content\/uploads\/2019\/08\/buyers-guide-IT-cover-img.png 1188w\" sizes=\"auto, (max-width: 640px) 100vw, 640px\" \/>  \r\n                                    <\/div>\r\n            <\/div>\r\n        <\/div>\r\n            <div class=\"listingouter\">\r\n            <div class=\"listingwrapper\">\r\n                <div class=\"listing\">\r\n                        <div class=\"listingtitle\"><h4>VANTAGGI PER I CONDUCENTI<\/h4><h3>I vantaggi della localizzazione veicoli per i conducenti<\/h3><\/div>                        <div class=\"listingcontent\"><p>Sapevi che la localizzazione veicoli pu\u00f2 aiutare i conducenti a migliorare il proprio stile di guida, proteggersi dalle false accuse e sentirsi al sicuro su strada? Scopri come con questa guida.<\/p>\n<\/div>                        <a class='btn btn-green' href='\/it-it\/vantaggi_per_gli_autisti_guida\/' title='Scarica la guida' target=''>Scarica la guida <i aria-hidden='true' class='fas fa-arrow-circle-right'><\/i><\/a>                <\/div>\r\n                <div class=\"image\">\r\n                                                <img loading=\"lazy\" decoding=\"async\" width=\"640\" height=\"795\" src=\"https:\/\/www.quartix.com\/content\/uploads\/2019\/08\/Benefits-fro-Drivers-guide-cover-IT-805x1000.png\" class=\"\" alt=\"Benefits for Drivers\" srcset=\"https:\/\/www.quartix.com\/content\/uploads\/2019\/08\/Benefits-fro-Drivers-guide-cover-IT-805x1000.png 805w, https:\/\/www.quartix.com\/content\/uploads\/2019\/08\/Benefits-fro-Drivers-guide-cover-IT-242x300.png 242w, https:\/\/www.quartix.com\/content\/uploads\/2019\/08\/Benefits-fro-Drivers-guide-cover-IT-768x954.png 768w, https:\/\/www.quartix.com\/content\/uploads\/2019\/08\/Benefits-fro-Drivers-guide-cover-IT.png 1184w\" sizes=\"auto, (max-width: 640px) 100vw, 640px\" \/>  \r\n                                    <\/div>\r\n            <\/div>\r\n        <\/div>\r\n    <\/section>\r\n    ","protected":false},"excerpt":{"rendered":"","protected":false},"author":12,"featured_media":0,"parent":23798,"menu_order":40,"comment_status":"closed","ping_status":"closed","template":"","meta":{"_acf_changed":false,"inline_featured_image":false,"footnotes":""},"topic":[],"qtx_campaign":[],"class_list":["post-24024","page","type-page","status-publish","hentry"],"acf":[],"yoast_head":"<!-- This site is optimized with the Yoast SEO Premium plugin v27.3 (Yoast SEO v27.3) - https:\/\/yoast.com\/product\/yoast-seo-premium-wordpress\/ -->\n<title>Guide per l&#039;approfondimento sulla localizzazione veicoli - IT<\/title>\n<meta name=\"description\" content=\"Quartix ha creato una serie di guide alla localizzazione veicoli per i responsabili di flotte, edilizia e attivit\u00e0 commerciali. Scarica le guide gratuite.\" \/>\n<meta name=\"robots\" content=\"index, follow, max-snippet:-1, max-image-preview:large, max-video-preview:-1\" \/>\n<link rel=\"canonical\" href=\"https:\/\/www.quartix.com\/it-it\/risorse\/guide\/\" \/>\n<meta property=\"og:locale\" content=\"it_IT\" \/>\n<meta property=\"og:type\" content=\"article\" \/>\n<meta property=\"og:title\" content=\"Guide\" \/>\n<meta property=\"og:description\" content=\"Quartix ha creato una serie di guide alla localizzazione veicoli per i responsabili di flotte, edilizia e attivit\u00e0 commerciali. Scarica le guide gratuite.\" \/>\n<meta property=\"og:url\" content=\"https:\/\/www.quartix.com\/it-it\/risorse\/guide\/\" \/>\n<meta property=\"og:site_name\" content=\"Quartix\" \/>\n<meta property=\"article:publisher\" content=\"https:\/\/www.facebook.com\/Quartix-USA-374426386097401\/\" \/>\n<meta property=\"article:modified_time\" content=\"2024-08-09T11:32:00+00:00\" \/>\n<meta name=\"twitter:card\" content=\"summary_large_image\" \/>\n<meta name=\"twitter:site\" content=\"@QuartixUSA\" \/>\n<meta name=\"twitter:label1\" content=\"Est. reading time\" \/>\n\t<meta name=\"twitter:data1\" content=\"4 minutes\" \/>\n<!-- \/ Yoast SEO Premium plugin. -->","yoast_head_json":{"title":"Guide per l'approfondimento sulla localizzazione veicoli - IT","description":"Quartix ha creato una serie di guide alla localizzazione veicoli per i responsabili di flotte, edilizia e attivit\u00e0 commerciali. Scarica le guide gratuite.","robots":{"index":"index","follow":"follow","max-snippet":"max-snippet:-1","max-image-preview":"max-image-preview:large","max-video-preview":"max-video-preview:-1"},"canonical":"https:\/\/www.quartix.com\/it-it\/risorse\/guide\/","og_locale":"it_IT","og_type":"article","og_title":"Guide","og_description":"Quartix ha creato una serie di guide alla localizzazione veicoli per i responsabili di flotte, edilizia e attivit\u00e0 commerciali. Scarica le guide gratuite.","og_url":"https:\/\/www.quartix.com\/it-it\/risorse\/guide\/","og_site_name":"Quartix","article_publisher":"https:\/\/www.facebook.com\/Quartix-USA-374426386097401\/","article_modified_time":"2024-08-09T11:32:00+00:00","twitter_card":"summary_large_image","twitter_site":"@QuartixUSA","twitter_misc":{"Est. reading time":"4 minutes"},"schema":{"@context":"https:\/\/schema.org","@graph":[{"@type":"WebPage","@id":"https:\/\/www.quartix.com\/it-it\/risorse\/guide\/","url":"https:\/\/www.quartix.com\/it-it\/risorse\/guide\/","name":"Guide per l'approfondimento sulla localizzazione veicoli","isPartOf":{"@id":"https:\/\/www.quartix.com\/it-it\/#website"},"datePublished":"2019-06-14T19:45:18+00:00","dateModified":"2024-08-09T11:32:00+00:00","description":"Quartix ha creato una serie di guide alla localizzazione veicoli per i responsabili di flotte, edilizia e attivit\u00e0 commerciali. Scarica le guide gratuite.","breadcrumb":{"@id":"https:\/\/www.quartix.com\/it-it\/risorse\/guide\/#breadcrumb"},"inLanguage":"it-IT","potentialAction":[{"@type":"ReadAction","target":["https:\/\/www.quartix.com\/it-it\/risorse\/guide\/"]}]},{"@type":"BreadcrumbList","@id":"https:\/\/www.quartix.com\/it-it\/risorse\/guide\/#breadcrumb","itemListElement":[{"@type":"ListItem","position":1,"name":"Home","item":"https:\/\/www.quartix.com\/it-it\/quartix-localizzazione-dei-veicoli-in-tempo-reale\/"},{"@type":"ListItem","position":2,"name":"Risorse","item":"https:\/\/www.quartix.com\/it-it\/risorse\/"},{"@type":"ListItem","position":3,"name":"Guide"}]},{"@type":"WebSite","@id":"https:\/\/www.quartix.com\/it-it\/#website","url":"https:\/\/www.quartix.com\/it-it\/","name":"Quartix","description":"Real-time vehicle tracking","publisher":{"@id":"https:\/\/www.quartix.com\/it-it\/#organization"},"potentialAction":[{"@type":"SearchAction","target":{"@type":"EntryPoint","urlTemplate":"https:\/\/www.quartix.com\/it-it\/?s={search_term_string}"},"query-input":{"@type":"PropertyValueSpecification","valueRequired":true,"valueName":"search_term_string"}}],"inLanguage":"it-IT"},{"@type":"Organization","@id":"https:\/\/www.quartix.com\/it-it\/#organization","name":"Quartix","url":"https:\/\/www.quartix.com\/it-it\/","logo":{"@type":"ImageObject","inLanguage":"it-IT","@id":"https:\/\/www.quartix.com\/it-it\/#\/schema\/logo\/image\/","url":"https:\/\/www.quartix.com\/content\/uploads\/2019\/02\/quartix-logo-eur.svg","contentUrl":"https:\/\/www.quartix.com\/content\/uploads\/2019\/02\/quartix-logo-eur.svg","width":1,"height":1,"caption":"Quartix"},"image":{"@id":"https:\/\/www.quartix.com\/it-it\/#\/schema\/logo\/image\/"},"sameAs":["https:\/\/www.facebook.com\/Quartix-USA-374426386097401\/","https:\/\/x.com\/QuartixUSA","https:\/\/www.linkedin.com\/company\/5346733\/","https:\/\/www.youtube.com\/channel\/UCzS-_GMfHF4kWiCheyIRrAQ"]}]}},"_links":{"self":[{"href":"https:\/\/www.quartix.com\/it-it\/wp-json\/wp\/v2\/pages\/24024","targetHints":{"allow":["GET"]}}],"collection":[{"href":"https:\/\/www.quartix.com\/it-it\/wp-json\/wp\/v2\/pages"}],"about":[{"href":"https:\/\/www.quartix.com\/it-it\/wp-json\/wp\/v2\/types\/page"}],"author":[{"embeddable":true,"href":"https:\/\/www.quartix.com\/it-it\/wp-json\/wp\/v2\/users\/12"}],"replies":[{"embeddable":true,"href":"https:\/\/www.quartix.com\/it-it\/wp-json\/wp\/v2\/comments?post=24024"}],"version-history":[{"count":0,"href":"https:\/\/www.quartix.com\/it-it\/wp-json\/wp\/v2\/pages\/24024\/revisions"}],"up":[{"embeddable":true,"href":"https:\/\/www.quartix.com\/it-it\/wp-json\/wp\/v2\/pages\/23798"}],"wp:attachment":[{"href":"https:\/\/www.quartix.com\/it-it\/wp-json\/wp\/v2\/media?parent=24024"}],"wp:term":[{"taxonomy":"topic","embeddable":true,"href":"https:\/\/www.quartix.com\/it-it\/wp-json\/wp\/v2\/topic?post=24024"},{"taxonomy":"qtx_campaign","embeddable":true,"href":"https:\/\/www.quartix.com\/it-it\/wp-json\/wp\/v2\/qtx_campaign?post=24024"}],"curies":[{"name":"wp","href":"https:\/\/api.w.org\/{rel}","templated":true}]}}