{"id":24304,"date":"2019-06-20T22:44:24","date_gmt":"2019-06-20T22:44:24","guid":{"rendered":" https:\/\/www.quartix.com\/politica-sul-trattamento-dei-dati\/"},"modified":"2024-01-03T17:54:13","modified_gmt":"2024-01-03T16:54:13","slug":"politica-sul-trattamento-dei-dati","status":"publish","type":"page","link":"https:\/\/www.quartix.com\/it-it\/politica-sul-trattamento-dei-dati\/","title":{"rendered":"Trattamento dei dati &#8211; Termini e Condizioni di Quartix"},"content":{"rendered":"\n<ol class=\"wp-block-list\">\n<li><strong> Motivazioni e intenzioni<\/strong><\/li>\n<\/ol>\n\n\n\n<p>La societ\u00e0, la partnership, l&#8217;associazione o l&#8217;individuo che accetta i presenti termini (il &#8220;Cliente&#8221;) e Quartix Technologies plc, Quartix Limited, Quartix SAS, Quartix Inc o qualsiasi altra entit\u00e0 controllata direttamente o indirettamente da Quartix Technologies plc (a seconda dei casi, &#8220;Quartix&#8221;) hanno stipulato un contratto (il &#8220;Contratto&#8221;) con il quale Quartix fornisce Servizi al Cliente.<\/p>\n\n\n\n<p>Come parte del presente Contratto, il Cliente condivider\u00e0 i Dati con Quartix. L&#8217;intenzione del presente documento &#8220;Trattamento dei dati &#8211; Termini e Condizioni di Quartix&#8221; (i &#8220;Termini&#8221;) \u00e8 quella di garantire l&#8217;esistenza di accordi adeguati relativi al passaggio dei Dati tra il Cliente e Quartix. I presenti Termini fanno parte del Contratto e, in caso di discrepanze tra il Contratto e i presenti Termini, prevarr\u00e0 il Contratto.<\/p>\n\n\n\n<ol class=\"wp-block-list\" start=\"2\">\n<li><strong> Definizioni e interpretazioni<\/strong><\/li>\n<\/ol>\n\n\n\n<p>All&#8217;interno dei presenti Termini:<\/p>\n\n\n\n<p>&#8220;Legislazione sulla protezione dei dati personali&#8221; indica tutti gli statuti, le leggi, il diritto derivato, le norme, i regolamenti e le linee guida applicabili di un&#8217;Autorit\u00e0 di controllo (o del suo equivalente nel Regno Unito) in materia di privacy, riservatezza, sicurezza, marketing diretto o protezione dei Dati personali o aziendali (comprese le direttive 95\/46\/CE, 2002\/58\/CE e 97\/66\/CE, il Data Protection Act 2018, le normative relative alla vita privata e alle comunicazioni elettroniche (direttiva CE) 2003 (512003\/2426), il Regulation of Investigatory Powers Act 2000, l&#8217;Investigatory Powers Act 2016, le Telecommunications (Lawful Business Practice) (Interception of Communications) Regulations 2000 (SI 2000\/2699) e il GDPR.<\/p>\n\n\n\n<p>&#8220;Dati&#8221; indica qualsiasi dato contemplato dalla Legislazione sulla protezione dei dati personali, che include, in via indicativa e non esaustiva, i dati personali e i dati sensibili definiti dal GDPR.<\/p>\n\n\n\n<p>&#8220;GDPR&#8221; indica il Regolamento generale sulla protezione dei dati o il GDPR del Regno Unito (come definito nel Data Protection Act 2018 del Regno Unito), a seconda dei casi.<\/p>\n\n\n\n<p>&#8220;Servizi&#8221; indica i servizi prestati dal Fornitore come parte del Contratto.<\/p>\n\n\n\n<p>&#8220;Titolare del trattamento&#8221; ha il significato attribuitogli dalla Legislazione sulla protezione dei dati personali.<\/p>\n\n\n\n<p>&#8220;Interessato&#8221; ha il significato attribuitogli dalla Legislazione sulla protezione dei dati personali.<\/p>\n\n\n\n<p>&#8220;Dati personali&#8221; ha il significato attribuitogli dalla Legislazione sulla protezione dei dati personali.<\/p>\n\n\n\n<p>&#8220;Responsabile del trattamento&#8221; ha il significato attribuitogli dalla Legislazione sulla protezione dei dati personali.<\/p>\n\n\n\n<p>&#8220;Sub-responsabile&#8221; ha il significato attribuitogli dalla Legislazione sulla protezione dei dati personali.<\/p>\n\n\n\n<p>&#8220;Autorit\u00e0 di controllo&#8221; ha il significato attribuitogli dalla Legislazione sulla protezione dei dati personali.<\/p>\n\n\n\n<ol class=\"wp-block-list\" start=\"3\">\n<li><strong> Trattamento dei dati<\/strong><\/li>\n<\/ol>\n\n\n\n<p>Il Cliente garantisce, dichiara e si assume la responsabilit\u00e0 nei confronti di Quartix di avere motivi legittimi per il trattamento dei dati, di aver informato e di continuare in futuro a informare gli Interessati della finalit\u00e0 del trattamento dei dati e di rispettare in ogni momento gli obblighi previsti dalla Legislazione sulla protezione dei dati personali.<\/p>\n\n\n\n<p>. Quartix manterr\u00e0 la riservatezza dei Dati e accetta di trattare i Dati solo in conformit\u00e0 con la Legislazione sulla protezione dei dati personali e con le seguenti disposizioni (nella misura in cui sono richieste dalla Legislazione sulla protezione dei dati personali):<\/p>\n\n\n\n<p>a) Quartix tratter\u00e0 i Dati;<\/p>\n\n\n\n<p>(i) come stabilito nell&#8217;Informativa sulla privacy dei clienti di Quartix <a href=\" https:\/\/www.quartix.com\/it-it\/informativa-sulla-privacy-per-i-clienti\/\" target=\"_blank\" rel=\"noreferrer noopener\"> https:\/\/www.quartix.com\/it-it\/informativa-sulla-privacy-per-i-clienti\/<\/a> che specifica i dati che possono essere raccolti e le finalit\u00e0 per cui possono essere utilizzati;<\/p>\n\n\n\n<p>(ii) solo nella maniera necessaria per la sua esecuzione dei Servizi e in conformit\u00e0 con le istruzioni del Cliente come stabilito nel Contratto o altrimenti concordato per iscritto tra le parti;<\/p>\n\n\n\n<p>(iii) solo nello Spazio economico europeo o nel Regno Unito, a meno che il trasferimento non sia stato autorizzato dal Cliente o sia verso un paese che la Commissione europea o, per quanto riguarda un trasferimento dal Regno Unito, la Commissione europea o un&#8217;Autorit\u00e0 di controllo applicabile, abbia stabilito di volta in volta garantisca un livello adeguato di protezione in conformit\u00e0 con la Legislazione sulla protezione dei dati personali, o che il trasferimento disponga di garanzie appropriate, come stabilito nell&#8217;ambito del GDPR;<\/p>\n\n\n\n<p>(iv) ove applicabile, in conformit\u00e0 con le Clausole contrattuali tipo (Responsabili del trattamento) approvate dalla Commissione europea nella decisione C(2010)593 della Commissione;<\/p>\n\n\n\n<p>b) Quartix si impegna a garantire che tutti i dipendenti e gli altri rappresentanti di Quartix che accedono ai Dati<\/p>\n\n\n\n<p>(i) siano a conoscenza dei presenti Termini;<\/p>\n\n\n\n<p>(ii) abbiano ricevuto una formazione sulla Legislazione sulla protezione dei dati personali e sulle relative buone pratiche; e<\/p>\n\n\n\n<p>(iii) siano vincolati da obblighi di riservatezza;<\/p>\n\n\n\n<p>c) Quartix e il Cliente hanno concordato di implementare misure tecniche e organizzative adeguate per garantire un livello di sicurezza adeguato al rischio.<\/p>\n\n\n\n<p>d) Il Cliente concede a Quartix il diritto di coinvolgere terzi (inclusi agenti e subappaltatori) nel trattamento dei Dati. Quartix si assicurer\u00e0 di avere accordi con tali terze parti, che offrono un livello di protezione dei Dati equivalente a quello specificato nei presenti Termini. Quartix rimarr\u00e0 responsabile nei confronti del Cliente per l&#8217;adempimento da parte di tali terzi degli obblighi di riservatezza relativi ai Dati.<\/p>\n\n\n\n<p>e) Tenuto conto della natura del trattamento, Quartix adotter\u00e0 le misure tecniche e organizzative necessarie per consentirgli, nella misura in cui \u00e8 in grado, di assistere il Cliente nell&#8217;adempimento dell&#8217;obbligo di rispondere alle richieste degli Interessati che esercitano i diritti di cui al Capo III del GDPR: diritti di cancellazione, rettifica, accesso, limitazione, portabilit\u00e0, opposizione e diritto di non essere soggetti a processi decisionali automatizzati, ecc.;<\/p>\n\n\n\n<p>f) Quartix fornir\u00e0 al Cliente l&#8217;assistenza necessaria per consentirgli di adempiere agli obblighi previsti dagli articoli da 32 a 36 del GDPR: sicurezza, notifica di violazioni dei dati, comunicazione di violazioni dei dati agli Interessati, valutazioni d&#8217;impatto sulla protezione dei dati e, se necessario, consultazione dell&#8217;ICO (o dell&#8217;Autorit\u00e0 di controllo competente);<\/p>\n\n\n\n<p>g) Quartix manterr\u00e0 una registrazione scritta di tutte le categorie di attivit\u00e0 di trattamento svolte per conto del Cliente, contenente tutte le informazioni richieste ai sensi della Legislazione sulla protezione dei dati personali, e render\u00e0 tale registrazione disponibile a qualsiasi autorit\u00e0 di controllo dell&#8217;Unione europea o degli Stati membri (e\/o il suo equivalente nel Regno Unito) se richiesto da tale autorit\u00e0 di controllo;<\/p>\n\n\n\n<p>h) Nella misura richiesta dalla Legislazione sulla protezione dei dati personali, Quartix canceller\u00e0 i dati qualora ragionevolmente richiesto dal Cliente in qualsiasi momento e, in ogni caso, al completamento del trattamento in conformit\u00e0 con la Legislazione sulla protezione dei dati personali (dopo il periodo di conservazione). Qualora il Cliente sia un cliente di localizzazione dei veicoli della flotta, ha la possibilit\u00e0 di impostare il periodo di conservazione dei dati accedendo all&#8217;applicazione di localizzazione della flotta. Qualora Quartix dovesse cancellare i Dati, la cancellazione includer\u00e0 la distruzione di tutte le copie esistenti (nella misura richiesta dalla Legislazione sulla protezione dei dati personali).<\/p>\n\n\n\n<p>i) Nella misura richiesta dalla Legislazione sulla protezione dei dati personali, Quartix, qualora ragionevolmente richiesto dal Cliente in qualsiasi momento, metter\u00e0 a disposizione del Cliente le informazioni necessarie per dimostrare la conformit\u00e0 con gli obblighi stabiliti dai presenti Termini e consentir\u00e0 qualsiasi richiesta ragionevole di revisione da parte del Cliente, a condizione che il Cliente compensi Quartix per tutti i costi sostenuti a supporto dei requisiti della revisione (compresi i costi del tempo lavorativo dei dipendenti), l&#8217;accesso a determinati registri pu\u00f2 essere limitato da Quartix qualora tali registri siano ritenuti commercialmente sensibili da Quartix (tali giudizi devono essere effettuati da Quartix a sua assoluta discrezione), non vengono eseguiti test di penetrazione, scansione delle vulnerabilit\u00e0 o altri test di sicurezza, nessun registro o copia dei registri pu\u00f2 essere rimosso dai siti di Quartix, Quartix riceve un preavviso di 30 giorni prima della revisione e i contratti di non divulgazione sono firmati da tutte le parti che desiderano eseguire la revisione (incluse le parti che agiscono per conto del Cliente);<\/p>\n\n\n\n<p>j) Quartix rispetter\u00e0 opportune disposizioni relative al trasferimento sicuro dei Dati dal Cliente a Quartix e alla conservazione sicura dei Dati da parte di Quartix;<\/p>\n\n\n\n<p>k) Quartix manterr\u00e0 l&#8217;integrit\u00e0 dei Dati, senza alterazioni, assicurando che i Dati possano essere separati da qualsiasi altra informazione creata;<\/p>\n\n\n\n<p>l) Nella misura richiesta dalla Legislazione sulla protezione dei dati personali, Quartix dovr\u00e0, qualora ragionevolmente richiesto dal Cliente, restituire, modificare, trasferire, copiare o cancellare tempestivamente qualsiasi Dato.<\/p>\n\n\n\n<ol class=\"wp-block-list\" start=\"4\">\n<li><strong> <strong>Obblighi di comunicazione, ecc.<\/strong><\/strong><\/li>\n<\/ol>\n\n\n\n<p>Nella misura richiesta dalla Legislazione sulla protezione dei dati personali, Quartix informer\u00e0 il Cliente: tempestivamente non appena venga a conoscenza di qualsiasi perdita effettiva, presunta o minacciata, elaborazione o divulgazione non autorizzata di qualsiasi dato; tempestivamente non appena riceva una notifica da qualsiasi Autorit\u00e0 di controllo, concernente direttamente o indirettamente il trattamento dei Dati personali del Cliente e si impegna a cooperare con tale Autorit\u00e0 di controllo; tempestivamente qualora uno qualsiasi dei Dati personali del Cliente in possesso e\/o controllo di Quartix venga perso, danneggiato o reso inutilizzabile per qualsiasi motivo; tempestivamente qualora Quartix abbia motivo di credere che un&#8217;azione o un&#8217;istruzione del Cliente violi la Legislazione sulla protezione dei dati personali.<\/p>\n\n\n\n<ol class=\"wp-block-list\" start=\"5\">\n<li><strong> Risoluzione<\/strong><\/li>\n<\/ol>\n\n\n\n<p>Alla scadenza o risoluzione dei presenti Termini, Quartix cesser\u00e0 immediatamente di utilizzare, e si assicurer\u00e0 che i suoi agenti e subappaltatori cessino di utilizzare, i Dati e organizzer\u00e0 la loro restituzione o distruzione sicura (a scelta del Cliente) al momento pertinente (a meno che il diritto dell&#8217;Unione europea, degli Stati membri e\/o del Regno Unito non richieda la conservazione dei Dati personali).<\/p>\n\n\n\n<ol class=\"wp-block-list\" start=\"6\">\n<li><strong> <strong>Diritti in materia di dati personali<\/strong><\/strong><\/li>\n<\/ol>\n\n\n\n<p>Quartix raccoglie i dati raccolti come parte dei Servizi in forma aggregata e anonima (i &#8220;Dati aggregati&#8221;) e il Cliente concede a Quartix l&#8217;autorizzazione a farlo. Quartix acquisisce i pieni diritti e la propriet\u00e0 dei Dati aggregati e cessa di essere un Responsabile del trattamento che agisce per conto del Cliente nel momento in cui tali dati sono raccolti in forma anonima e non avr\u00e0 alcun obbligo di mantenere riservati, cancellare, restituire o apportare modifiche ai Dati aggregati o a qualsiasi parte di essi.<\/p>\n","protected":false},"excerpt":{"rendered":"<p>La societ\u00e0, la partnership, l&#8217;associazione o l&#8217;individuo che accetta i presenti termini (il &#8220;Cliente&#8221;) e Quartix Technologies plc, Quartix Limited, Quartix SAS, Quartix Inc o qualsiasi altra entit\u00e0 controllata direttamente o indirettamente da Quartix Technologies plc (a seconda dei casi, &#8220;Quartix&#8221;) hanno stipulato un contratto (il &#8220;Contratto&#8221;) con il quale Quartix fornisce Servizi al Cliente. [&hellip;]<\/p>\n","protected":false},"author":2,"featured_media":0,"parent":0,"menu_order":720,"comment_status":"closed","ping_status":"closed","template":"templates\/terms-and-conditions.php","meta":{"_acf_changed":false,"inline_featured_image":false,"footnotes":""},"topic":[],"qtx_campaign":[],"class_list":["post-24304","page","type-page","status-publish","hentry"],"acf":[],"yoast_head":"<!-- This site is optimized with the Yoast SEO Premium plugin v27.3 (Yoast SEO v27.3) - https:\/\/yoast.com\/product\/yoast-seo-premium-wordpress\/ -->\n<title>Trattamento dei dati - Termini e Condizioni di Quartix - IT<\/title>\n<meta name=\"description\" content=\"Scopri la politica sul trattemento dei dati di Quartix.\" \/>\n<meta name=\"robots\" content=\"index, follow, max-snippet:-1, max-image-preview:large, max-video-preview:-1\" \/>\n<link rel=\"canonical\" href=\"https:\/\/www.quartix.com\/it-it\/politica-sul-trattamento-dei-dati\/\" \/>\n<meta property=\"og:locale\" content=\"it_IT\" \/>\n<meta property=\"og:type\" content=\"article\" \/>\n<meta property=\"og:title\" content=\"Trattamento dei dati - Termini e Condizioni di Quartix\" \/>\n<meta property=\"og:description\" content=\"Scopri la politica sul trattemento dei dati di Quartix.\" \/>\n<meta property=\"og:url\" content=\"https:\/\/www.quartix.com\/it-it\/politica-sul-trattamento-dei-dati\/\" \/>\n<meta property=\"og:site_name\" content=\"Quartix\" \/>\n<meta property=\"article:publisher\" content=\"https:\/\/www.facebook.com\/Quartix-USA-374426386097401\/\" \/>\n<meta property=\"article:modified_time\" content=\"2024-01-03T16:54:13+00:00\" \/>\n<meta name=\"twitter:card\" content=\"summary_large_image\" \/>\n<meta name=\"twitter:site\" content=\"@QuartixUSA\" \/>\n<meta name=\"twitter:label1\" content=\"Est. reading time\" \/>\n\t<meta name=\"twitter:data1\" content=\"7 minutes\" \/>\n<!-- \/ Yoast SEO Premium plugin. -->","yoast_head_json":{"title":"Trattamento dei dati - Termini e Condizioni di Quartix - IT","description":"Scopri la politica sul trattemento dei dati di Quartix.","robots":{"index":"index","follow":"follow","max-snippet":"max-snippet:-1","max-image-preview":"max-image-preview:large","max-video-preview":"max-video-preview:-1"},"canonical":"https:\/\/www.quartix.com\/it-it\/politica-sul-trattamento-dei-dati\/","og_locale":"it_IT","og_type":"article","og_title":"Trattamento dei dati - Termini e Condizioni di Quartix","og_description":"Scopri la politica sul trattemento dei dati di Quartix.","og_url":"https:\/\/www.quartix.com\/it-it\/politica-sul-trattamento-dei-dati\/","og_site_name":"Quartix","article_publisher":"https:\/\/www.facebook.com\/Quartix-USA-374426386097401\/","article_modified_time":"2024-01-03T16:54:13+00:00","twitter_card":"summary_large_image","twitter_site":"@QuartixUSA","twitter_misc":{"Est. reading time":"7 minutes"},"schema":{"@context":"https:\/\/schema.org","@graph":[{"@type":"WebPage","@id":"https:\/\/www.quartix.com\/it-it\/politica-sul-trattamento-dei-dati\/","url":"https:\/\/www.quartix.com\/it-it\/politica-sul-trattamento-dei-dati\/","name":"Trattamento dei dati - Termini e Condizioni di Quartix","isPartOf":{"@id":"https:\/\/www.quartix.com\/it-it\/#website"},"datePublished":"2019-06-20T22:44:24+00:00","dateModified":"2024-01-03T16:54:13+00:00","description":"Scopri la politica sul trattemento dei dati di Quartix.","breadcrumb":{"@id":"https:\/\/www.quartix.com\/it-it\/politica-sul-trattamento-dei-dati\/#breadcrumb"},"inLanguage":"it-IT","potentialAction":[{"@type":"ReadAction","target":["https:\/\/www.quartix.com\/it-it\/politica-sul-trattamento-dei-dati\/"]}]},{"@type":"BreadcrumbList","@id":"https:\/\/www.quartix.com\/it-it\/politica-sul-trattamento-dei-dati\/#breadcrumb","itemListElement":[{"@type":"ListItem","position":1,"name":"Home","item":"https:\/\/www.quartix.com\/it-it\/quartix-localizzazione-dei-veicoli-in-tempo-reale\/"},{"@type":"ListItem","position":2,"name":"Trattamento dei dati &#8211; Termini e Condizioni di Quartix"}]},{"@type":"WebSite","@id":"https:\/\/www.quartix.com\/it-it\/#website","url":"https:\/\/www.quartix.com\/it-it\/","name":"Quartix","description":"Real-time vehicle tracking","publisher":{"@id":"https:\/\/www.quartix.com\/it-it\/#organization"},"potentialAction":[{"@type":"SearchAction","target":{"@type":"EntryPoint","urlTemplate":"https:\/\/www.quartix.com\/it-it\/?s={search_term_string}"},"query-input":{"@type":"PropertyValueSpecification","valueRequired":true,"valueName":"search_term_string"}}],"inLanguage":"it-IT"},{"@type":"Organization","@id":"https:\/\/www.quartix.com\/it-it\/#organization","name":"Quartix","url":"https:\/\/www.quartix.com\/it-it\/","logo":{"@type":"ImageObject","inLanguage":"it-IT","@id":"https:\/\/www.quartix.com\/it-it\/#\/schema\/logo\/image\/","url":"https:\/\/www.quartix.com\/content\/uploads\/2019\/02\/quartix-logo-eur.svg","contentUrl":"https:\/\/www.quartix.com\/content\/uploads\/2019\/02\/quartix-logo-eur.svg","width":1,"height":1,"caption":"Quartix"},"image":{"@id":"https:\/\/www.quartix.com\/it-it\/#\/schema\/logo\/image\/"},"sameAs":["https:\/\/www.facebook.com\/Quartix-USA-374426386097401\/","https:\/\/x.com\/QuartixUSA","https:\/\/www.linkedin.com\/company\/5346733\/","https:\/\/www.youtube.com\/channel\/UCzS-_GMfHF4kWiCheyIRrAQ"]}]}},"_links":{"self":[{"href":"https:\/\/www.quartix.com\/it-it\/wp-json\/wp\/v2\/pages\/24304","targetHints":{"allow":["GET"]}}],"collection":[{"href":"https:\/\/www.quartix.com\/it-it\/wp-json\/wp\/v2\/pages"}],"about":[{"href":"https:\/\/www.quartix.com\/it-it\/wp-json\/wp\/v2\/types\/page"}],"author":[{"embeddable":true,"href":"https:\/\/www.quartix.com\/it-it\/wp-json\/wp\/v2\/users\/2"}],"replies":[{"embeddable":true,"href":"https:\/\/www.quartix.com\/it-it\/wp-json\/wp\/v2\/comments?post=24304"}],"version-history":[{"count":0,"href":"https:\/\/www.quartix.com\/it-it\/wp-json\/wp\/v2\/pages\/24304\/revisions"}],"wp:attachment":[{"href":"https:\/\/www.quartix.com\/it-it\/wp-json\/wp\/v2\/media?parent=24304"}],"wp:term":[{"taxonomy":"topic","embeddable":true,"href":"https:\/\/www.quartix.com\/it-it\/wp-json\/wp\/v2\/topic?post=24304"},{"taxonomy":"qtx_campaign","embeddable":true,"href":"https:\/\/www.quartix.com\/it-it\/wp-json\/wp\/v2\/qtx_campaign?post=24304"}],"curies":[{"name":"wp","href":"https:\/\/api.w.org\/{rel}","templated":true}]}}