{"id":24632,"date":"2019-06-27T22:51:24","date_gmt":"2019-06-27T22:51:24","guid":{"rendered":" https:\/\/www.quartix.com\/informativa-sulla-privacy-per-i-clienti\/"},"modified":"2024-01-03T19:19:45","modified_gmt":"2024-01-03T18:19:45","slug":"informativa-sulla-privacy-per-i-clienti","status":"publish","type":"page","link":"https:\/\/www.quartix.com\/it-it\/informativa-sulla-privacy-per-i-clienti\/","title":{"rendered":"Informativa sulla privacy per i clienti"},"content":{"rendered":"\n<h2 class=\"wp-block-heading\">Informativa per i clienti sulla localizzazione GPS e sulla privacy<\/h2>\n\n\n\n<p>La presente informativa riguarda i clienti che utilizzano il sistema di localizzazione Quartix. In caso di domande relative a queste informazioni, contattare <a href=\"mailto:vendite@quartix.it\">vendite@quartix.it<\/a>.<\/p>\n\n\n\n<h3 class=\"wp-block-heading\">Quali informazioni raccogliamo?<\/h3>\n\n\n\n<p>Raccogliamo dati per localizzare i veicoli, fornire servizi in relazione alla localizzazione dei veicoli e comunicare con l&#8217;azienda cliente per la quale il veicolo viene localizzato. Questi dati includono dati personali come i seguenti:<\/p>\n\n\n\n<ul class=\"wp-block-list\">\n<li>Nome<\/li>\n\n\n\n<li>Indirizzi: casa\/lavoro\/altri indirizzi rilevanti<\/li>\n\n\n\n<li>Numeri di telefono<\/li>\n\n\n\n<li>Indirizzi e-mail<\/li>\n\n\n\n<li>Dati sulla posizione del veicolo dal GPS con data e ora dell&#8217;unit\u00e0 di localizzazione<\/li>\n\n\n\n<li>I dati delle riprese delle telecamere quando viene utilizzata una telecamera collegata (&#8220;dashcam&#8221;)<\/li>\n<\/ul>\n\n\n\n<p>Per quanto riguarda l&#8217;assicurazione, la compagnia cliente \u00e8 l&#8217;assicuratore del conducente che pu\u00f2 sottoscrivere i nostri servizi tramite una terza parte. I dati personali che ci vengono forniti includono anche la data di nascita.<\/p>\n\n\n\n<p>I dati aggiuntivi raccolti dall&#8217;unit\u00e0 di localizzazione \/ dashcam sono:<\/p>\n\n\n\n<ul class=\"wp-block-list\">\n<li>Stato di accensione del veicolo<\/li>\n\n\n\n<li>Velocit\u00e0 e direzione del veicolo<\/li>\n\n\n\n<li>Dati di accelerazione e frenata del veicolo in 3 dimensioni<\/li>\n\n\n\n<li>Dati sull&#8217;orientamento dell&#8217;unit\u00e0 di localizzazione, la potenza del segnale e i satelliti GPS visibili<\/li>\n\n\n\n<li>Targhetta identificativa del conducente, se montata<\/li>\n\n\n\n<li>Ingresso cablato aggiuntivo, se montato, come il monitoraggio della temperatura, lo stato del dispositivo collegato (sponda idraulica, pompa, spanditore, attrezzatura per la falciatura, ecc.), la portiera del veicolo aperta\/chiusa o lo stato di carico del veicolo.<\/li>\n<\/ul>\n\n\n\n<p>I dati che non provengono dal dispositivo di tracciamento \/ dashcam vengono forniti e gestiti dall&#8217;azienda cliente che commissiona i nostri servizi. I dati sulla posizione del veicolo vengono elaborati per determinare l&#8217;indirizzo della posizione e possono anche fornire informazioni sullo stile di guida e sul tempo di guida per l&#8217;azienda cliente.<\/p>\n\n\n\n<h3 class=\"wp-block-heading\">Per cosa utilizziamo le informazioni?<\/h3>\n\n\n\n<p>Utilizziamo le informazioni per fornire i servizi per i quali siamo stati incaricati dalla societ\u00e0 cliente, che potrebbe essere il datore di lavoro dell&#8217;utente, una societ\u00e0 con cui l&#8217;utente ha un contratto o la compagnia assicurativa. L&#8217;azienda cliente \u00e8 il titolare del trattamento dei dati per il quale agiamo in qualit\u00e0 di responsabile del trattamento dei dati; il titolare del trattamento deve informare gli interessati della loro base giuridica per il trattamento e delle finalit\u00e0 di quest&#8217;ultimo nell&#8217;uso dei nostri servizi.<\/p>\n\n\n\n<p>I servizi forniti da Quartix sono descritti in dettaglio nelle nostre pagine di prodotto, tra cui:<\/p>\n\n\n\n<ul class=\"wp-block-list\">\n<li>Monitoraggio dei veicoli in tempo reale, inclusa la visualizzazione sulle mappe.<\/li>\n\n\n\n<li>Registri e rapporti di viaggio dei veicoli, inclusa la visualizzazione sulle mappe.<\/li>\n\n\n\n<li>Registri di presenza che includono chilometraggio, velocit\u00e0 del veicolo, ore di guida, ore di riposo e tempo trascorso sul posto.<\/li>\n\n\n\n<li>Dati sullo stile di guida riguardanti accelerazione, decelerazione e velocit\u00e0 rispetto ad altri veicoli.<\/li>\n\n\n\n<li>Geofencing e notifiche per evidenziare le attivit\u00e0 in determinati luoghi.<\/li>\n\n\n\n<li>Visualizzazione dei filmati della telecamera in caso di utilizzo di una dashcam.<\/li>\n<\/ul>\n\n\n\n<h3 class=\"wp-block-heading\">Come proteggiamo le informazioni?<\/h3>\n\n\n\n<p>Implementiamo una serie di misure di protezione per mantenere la sicurezza delle informazioni personali. Per accedere all&#8217;applicazione di localizzazione sono necessarie credenziali di sicurezza, con accessibilit\u00e0 alle funzionalit\u00e0 in base all&#8217;account utente determinata dall&#8217;amministratore di sistema dell&#8217;azienda cliente.<\/p>\n\n\n\n<p>Tutte le informazioni sensibili\/sul credito fornite vengono trasmesse tramite la tecnologia Secure Socket Layer (SSL) e quindi crittografate nel nostro database dei fornitori di gateway di pagamento per poi essere accessibili solo alle persone autorizzate con diritti di accesso speciali a tali sistemi, le quali sono tenute a mantenere le informazioni riservate.<\/p>\n\n\n\n<p>Dopo una transazione, le informazioni private (carte di credito, numeri di previdenza sociale, dati finanziari, ecc.) non verranno conservate in archivio per pi\u00f9 di 60 giorni.<\/p>\n\n\n\n<h3 class=\"wp-block-heading\">Ti contatteremo?<\/h3>\n\n\n\n<p>Potremmo contattarti nell&#8217;ambito dei servizi che forniamo all&#8217;azienda cliente, tra cui l&#8217;invio di rapporti, l&#8217;organizzazione di appuntamenti per l&#8217;installazione dell&#8217;unit\u00e0 di localizzazione dei veicoli, per discutere di problemi relativi ai dati ricevuti dall&#8217;unit\u00e0 di localizzazione dei veicoli o per fissare appuntamenti di assistenza per indagare su problemi relativi all&#8217;unit\u00e0 di localizzazione dei veicoli.<\/p>\n\n\n\n<h3 class=\"wp-block-heading\">Registriamo le telefonate?<\/h3>\n\n\n\n<p>Le telefonate possono essere registrate per scopi di qualit\u00e0 e formazione.<\/p>\n\n\n\n<h3 class=\"wp-block-heading\">Utilizziamo i cookie?<\/h3>\n\n\n\n<p>S\u00ec, Quartix utilizza i cookie.&nbsp;<\/p>\n\n\n\n<p>I cookie sono file di testo molto piccoli salvati sul computer utilizzati per tracciare la navigazione dell&#8217;utente su un sito Web. Quartix utilizza i cookie per identificare e tracciare i movimenti dell&#8217;utente all&#8217;interno dei nostri siti Web e il suo coinvolgimento con altri nostri servizi, come blog e newsletter. L&#8217;utente ricever\u00e0 questo cookie quando visita uno dei nostri siti Web, ma le informazioni raccolte verranno archiviate e rimarranno anonime per 38 mesi o fino a quando l&#8217;utente non condivider\u00e0 il suo indirizzo e-mail con noi attraverso uno dei nostri siti Web.<\/p>\n\n\n\n<p>Quartix pu\u00f2 utilizzare una terza parte per pubblicare annunci pubblicitari sui nostri siti Web. Gli inserzionisti possono utilizzare i cookie per monitorare il numero di utenti che rispondono alla campagna. Quartix non ha accesso o controllo dei cookie inseriti da terze parti.<\/p>\n\n\n\n<p>Disabilitazione\/attivazione dei cookie: gli utenti hanno la possibilit\u00e0 di accettare o disabilitare i cookie modificando le impostazioni nel proprio browser. La disabilitazione dei cookie, tuttavia, pu\u00f2 significare che alcune funzionalit\u00e0 potrebbero essere compromesse. Per ulteriori indicazioni su come disabilitare i cookie, visitare il sito <a href=\"http:\/\/www.allaboutcookies.org\/manage-cookies\/stop-cookies-installed.html\">http:\/\/www.allaboutcookies.org\/manage-cookies\/stop-cookies-installed.html<\/a>.<\/p>\n\n\n\n<p>Quartix utilizza anche una serie di cookie di analisi di marketing e di automazione delle e-mail. Ad esempio, utilizziamo Google Analytics per raccogliere informazioni sulla navigazione e le azioni dei clienti sui nostri siti Web e sull&#8217;utilizzo delle nostre applicazioni mobili. Google Analytics utilizza i cookie sul browser dell&#8217;utente per archiviare dati relativi alla sua attivit\u00e0 sui nostri siti, che vengono poi raccolti da Google e possono essere analizzati per comprendere, ad esempio, l&#8217;utilizzo delle funzionalit\u00e0 dei nostri siti e la navigazione su di essi. Non tentiamo in alcun modo di identificare personalmente gli utenti, sebbene i dati possano essere utilizzati tramite Google per inviare annunci pubblicitari mirati. L&#8217;utente pu\u00f2 scegliere di non consentire l&#8217;utilizzo delle analisi dal suo browser installando un plug-in di Google disponibile all&#8217;indirizzo <a href=\"https:\/\/tools.google.com\/dlpage\/gaoptout\/\" target=\"_blank\" rel=\"noreferrer noopener\">https:\/\/tools.google.com\/dlpage\/gaoptout\/<\/a>.<\/p>\n\n\n\n<p>Quartix utilizza anche l&#8217;API di Google Maps per la fornitura di servizi.&nbsp; Per ulteriori informazioni, consultare l&#8217;informativa sulla privacy di Google: http:\/\/www.google.com\/policies\/privacy?hl=it.<\/p>\n\n\n\n<h3 class=\"wp-block-heading\">Divulghiamo informazioni a terzi esterni?<\/h3>\n\n\n\n<p>No, non trasmetteremo i dati di contatto dell&#8217;utente a terzi esterni. Ci\u00f2 non include terze parti di fiducia che ci assistono nella gestione del nostro sito Web, nella conduzione della nostra attivit\u00e0 o nell&#8217;assistenza all&#8217;utente, a condizione che tali parti accettino di mantenere riservate tali informazioni. Potremmo anche divulgare le informazioni dell&#8217;utente quando riteniamo che la divulgazione sia appropriata per il rispetto della legge, l&#8217;applicazione delle informative del nostro sito o la protezione di diritti, propriet\u00e0 o sicurezza nostri o di altri. Tuttavia, le informazioni non personali sui visitatori possono essere fornite ad altre parti per scopi di marketing, pubblicit\u00e0 o altri usi.<\/p>\n\n\n\n<p>Occasionalmente, a nostra discrezione, possiamo includere o offrire prodotti o servizi di terze parti sul nostro sito Web. Tali siti di terze parti hanno informative sulla privacy separate e indipendenti. Pertanto, non abbiamo alcuna responsabilit\u00e0 per il contenuto e le attivit\u00e0 di tali siti collegati. Tuttavia, cerchiamo di proteggere l&#8217;integrit\u00e0 del nostro sito e siamo lieti di ricevere qualsiasi feedback relativo a tali siti.<\/p>\n\n\n\n<h3 class=\"wp-block-heading\">Diritti dell&#8217;interessato<\/h3>\n\n\n\n<p>Le persone hanno una serie di diritti in relazione ai dati detenuti su di loro, in primo luogo le richieste devono essere inoltrate alla societ\u00e0 cliente e qualsiasi richiesta inoltrata direttamente a Quartix verr\u00e0 indirizzata alla societ\u00e0 cliente. Le richieste a Quartix devono essere inoltrate al nostro team di supporto, che pu\u00f2 essere contattato come indicato nella pagina Contatta Quartix Italia.<\/p>\n\n\n\n<p>a) Diritto all&#8217;informazione<br>Gli interessati hanno il diritto di essere informati dei dati personali detenuti su di loro, del trattamento di tali dati personali e della base giuridica e delle finalit\u00e0 del trattamento. La presente informativa sulla privacy fornisce dettagli sui dati personali detenuti e sul trattamento di tali dati personali che Quartix svolge in qualit\u00e0 di responsabile del trattamento per conto dell&#8217;azienda cliente in qualit\u00e0 di titolare del trattamento che deve fornire la base giuridica e le finalit\u00e0 del trattamento.<\/p>\n\n\n\n<p>b) Diritto di accesso<br>Pi\u00f9 comunemente note come richieste di accesso degli interessati o &#8220;SAR&#8221; (Subject Access Request), gli Interessati hanno il diritto di richiedere e ottenere informazioni relative ai propri Dati personali e di riceverne una copia.<\/p>\n\n\n\n<p>c) Diritto di rettifica<br>Gli Interessati hanno il diritto di ottenere la rettifica o il completamento dei Dati personali inesatti o incompleti che li riguardano. La maggior parte dei dati personali nel sistema Quartix pu\u00f2 essere modificata tramite l&#8217;applicazione Web Quartix da un utente amministrativo dell&#8217;azienda cliente.<\/p>\n\n\n\n<p>d) Diritti di cancellazione, limitazione, portabilit\u00e0 dei dati e opposizione<br>In determinate circostanze e, in alcuni casi, fatte salve specifiche eccezioni, gli Interessati hanno il diritto di:<\/p>\n\n\n\n<ul class=\"wp-block-list\">\n<li>ottenere la cancellazione dei Dati personali che li riguardano;<\/li>\n\n\n\n<li>ottenere la limitazione del Trattamento dei Dati personali che li riguardano;<\/li>\n\n\n\n<li>ottenere che i Dati personali che li riguardano, che hanno fornito a un titolare del trattamento dei dati, siano trasmessi a un altro titolare del trattamento, senza impedimenti, per il trasferimento da parte nostra dei dati personali direttamente a un altro titolare del trattamento, ove tecnicamente fattibile;<\/li>\n\n\n\n<li>opporsi in qualsiasi momento al trattamento effettuato per i nostri interessi legittimi o per l&#8217;esecuzione di un compito di interesse pubblico o connesso all&#8217;esercizio di pubblici poteri di cui \u00e8 investito il titolare del trattamento o svolto per scopi di marketing diretto.<\/li>\n<\/ul>\n\n\n\n<p>e) Processo decisionale automatizzato<br>Quartix non prende decisioni relative agli Interessati basate esclusivamente sul Trattamento automatizzato, inclusa la profilazione, che produce effetti giuridici o danneggia in modo significativo la sua persona.<\/p>\n\n\n\n<h3 class=\"wp-block-heading\">Trasferimento al di fuori dell&#8217;UE<\/h3>\n\n\n\n<p>Quartix trasferir\u00e0 (il &#8220;trasferimento&#8221; include la messa a disposizione da remoto) i Dati personali in Paesi al di fuori del SEE solo nel caso in cui:<\/p>\n\n\n\n<ul class=\"wp-block-list\">\n<li>il trasferimento avvenga verso un Paese (o un&#8217;organizzazione internazionale) che, secondo la Commissione europea, garantisce un livello di protezione adeguato;<\/li>\n\n\n\n<li>siano state introdotte clausole contrattuali standard adottate dalla Commissione europea tra Quartix e l&#8217;entit\u00e0 situata al di fuori del SEE;<\/li>\n\n\n\n<li>siano state implementate norme aziendali vincolanti, ove applicabili; oppure il trasferimento sia altrimenti consentito dal GDPR.<\/li>\n<\/ul>\n\n\n\n<h3 class=\"wp-block-heading\">Conservazione dei dati<\/h3>\n\n\n\n<p>Il periodo di conservazione dei dati di localizzazione da parte di Quartix pu\u00f2 essere impostato tramite l&#8217;applicazione Web Quartix da un utente amministrativo dell&#8217;azienda cliente.<\/p>\n\n\n\n<p>I clienti devono considerare il periodo di tempo necessario per la conservazione dei dati di localizzazione per le loro finalit\u00e0 di trattamento e un utente amministrativo deve configurare la conservazione in modo appropriato.<\/p>\n\n\n\n<p>I filmati delle dashcam saranno conservati per un massimo di 6 mesi.<\/p>\n\n\n\n<h3 class=\"wp-block-heading\">Consenso dell&#8217;utente<\/h3>\n\n\n\n<p>Utilizzando il nostro sito Web o fornendoci i suoi dati in occasione di manifestazioni o eventi fieristici, l&#8217;utente acconsente alla raccolta e all&#8217;uso di tali informazioni da parte di Quartix. Se decidiamo di modificare la nostra informativa sulla privacy, pubblicheremo tali modifiche su questa pagina in modo che l&#8217;utente sia sempre consapevole di quali informazioni raccogliamo, come le utilizziamo e in quali circostanze le divulgheremo.<\/p>\n\n\n\n<h3 class=\"wp-block-heading\">Contattarci<\/h3>\n\n\n\n<p>In caso di domande relative alla presente informativa sulla privacy, \u00e8 possibile contattarci utilizzando l&#8217;indirizzo e-mail riportato di seguito.<br><a href=\"mailto:vendite@quartix.it\">vendite@quartix.it<\/a><\/p>\n\n\n\n<p>Eventuali reclami devono essere inoltrati in primo luogo a Quartix all&#8217;indirizzo e-mail sopra indicato. Gli interessati possono presentare reclami all&#8217;autorit\u00e0 di controllo in Francia, CNIL: <a href=\"http:\/\/www.cnil.fr\">www.cnil.fr<\/a>.<\/p>\n\n\n\n<p>Quartix ha nominato un Responsabile della protezione dei dati in linea con i requisiti del Regolamento generale sul trattamento dei dati (GDPR) che pu\u00f2 essere contattato via e-mail all&#8217;indirizzo <a href=\"mailto:DPO@quartix.net\">DPO@quartix.net<\/a>.<\/p>\n","protected":false},"excerpt":{"rendered":"<p>Informativa per i clienti sulla localizzazione GPS e sulla privacy La presente informativa riguarda i clienti che utilizzano il sistema di localizzazione Quartix. In caso di domande relative a queste informazioni, contattare vendite@quartix.it. Quali informazioni raccogliamo? Raccogliamo dati per localizzare i veicoli, fornire servizi in relazione alla localizzazione dei veicoli e comunicare con l&#8217;azienda cliente [&hellip;]<\/p>\n","protected":false},"author":2,"featured_media":0,"parent":0,"menu_order":730,"comment_status":"closed","ping_status":"closed","template":"templates\/terms-and-conditions.php","meta":{"_acf_changed":false,"inline_featured_image":false,"footnotes":""},"topic":[],"qtx_campaign":[],"class_list":["post-24632","page","type-page","status-publish","hentry"],"acf":[],"yoast_head":"<!-- This site is optimized with the Yoast SEO Premium plugin v27.3 (Yoast SEO v27.3) - https:\/\/yoast.com\/product\/yoast-seo-premium-wordpress\/ -->\n<title>Informativa sulla privacy per i clienti - IT<\/title>\n<meta name=\"description\" content=\"La presente informativa sulla privacy \u00e8 rivolta ai clienti del sistema di localizzazione offerto da Quartix. Scopri come Quartix raccoglie e utilizza i dati personali.\" \/>\n<meta name=\"robots\" content=\"index, follow, max-snippet:-1, max-image-preview:large, max-video-preview:-1\" \/>\n<link rel=\"canonical\" href=\"https:\/\/www.quartix.com\/it-it\/informativa-sulla-privacy-per-i-clienti\/\" \/>\n<meta property=\"og:locale\" content=\"it_IT\" \/>\n<meta property=\"og:type\" content=\"article\" \/>\n<meta property=\"og:title\" content=\"Informativa sulla privacy per i clienti\" \/>\n<meta property=\"og:description\" content=\"La presente informativa sulla privacy \u00e8 rivolta ai clienti del sistema di localizzazione offerto da Quartix. Scopri come Quartix raccoglie e utilizza i dati personali.\" \/>\n<meta property=\"og:url\" content=\"https:\/\/www.quartix.com\/it-it\/informativa-sulla-privacy-per-i-clienti\/\" \/>\n<meta property=\"og:site_name\" content=\"Quartix\" \/>\n<meta property=\"article:publisher\" content=\"https:\/\/www.facebook.com\/Quartix-USA-374426386097401\/\" \/>\n<meta property=\"article:modified_time\" content=\"2024-01-03T18:19:45+00:00\" \/>\n<meta name=\"twitter:card\" content=\"summary_large_image\" \/>\n<meta name=\"twitter:site\" content=\"@QuartixUSA\" \/>\n<meta name=\"twitter:label1\" content=\"Est. reading time\" \/>\n\t<meta name=\"twitter:data1\" content=\"8 minutes\" \/>\n<!-- \/ Yoast SEO Premium plugin. -->","yoast_head_json":{"title":"Informativa sulla privacy per i clienti - IT","description":"La presente informativa sulla privacy \u00e8 rivolta ai clienti del sistema di localizzazione offerto da Quartix. Scopri come Quartix raccoglie e utilizza i dati personali.","robots":{"index":"index","follow":"follow","max-snippet":"max-snippet:-1","max-image-preview":"max-image-preview:large","max-video-preview":"max-video-preview:-1"},"canonical":"https:\/\/www.quartix.com\/it-it\/informativa-sulla-privacy-per-i-clienti\/","og_locale":"it_IT","og_type":"article","og_title":"Informativa sulla privacy per i clienti","og_description":"La presente informativa sulla privacy \u00e8 rivolta ai clienti del sistema di localizzazione offerto da Quartix. Scopri come Quartix raccoglie e utilizza i dati personali.","og_url":"https:\/\/www.quartix.com\/it-it\/informativa-sulla-privacy-per-i-clienti\/","og_site_name":"Quartix","article_publisher":"https:\/\/www.facebook.com\/Quartix-USA-374426386097401\/","article_modified_time":"2024-01-03T18:19:45+00:00","twitter_card":"summary_large_image","twitter_site":"@QuartixUSA","twitter_misc":{"Est. reading time":"8 minutes"},"schema":{"@context":"https:\/\/schema.org","@graph":[{"@type":"WebPage","@id":"https:\/\/www.quartix.com\/it-it\/informativa-sulla-privacy-per-i-clienti\/","url":"https:\/\/www.quartix.com\/it-it\/informativa-sulla-privacy-per-i-clienti\/","name":"Informativa sulla privacy per i clienti","isPartOf":{"@id":"https:\/\/www.quartix.com\/it-it\/#website"},"datePublished":"2019-06-27T22:51:24+00:00","dateModified":"2024-01-03T18:19:45+00:00","description":"La presente informativa sulla privacy \u00e8 rivolta ai clienti del sistema di localizzazione offerto da Quartix. Scopri come Quartix raccoglie e utilizza i dati personali.","breadcrumb":{"@id":"https:\/\/www.quartix.com\/it-it\/informativa-sulla-privacy-per-i-clienti\/#breadcrumb"},"inLanguage":"it-IT","potentialAction":[{"@type":"ReadAction","target":["https:\/\/www.quartix.com\/it-it\/informativa-sulla-privacy-per-i-clienti\/"]}]},{"@type":"BreadcrumbList","@id":"https:\/\/www.quartix.com\/it-it\/informativa-sulla-privacy-per-i-clienti\/#breadcrumb","itemListElement":[{"@type":"ListItem","position":1,"name":"Home","item":"https:\/\/www.quartix.com\/it-it\/quartix-localizzazione-dei-veicoli-in-tempo-reale\/"},{"@type":"ListItem","position":2,"name":"Informativa sulla privacy per i clienti"}]},{"@type":"WebSite","@id":"https:\/\/www.quartix.com\/it-it\/#website","url":"https:\/\/www.quartix.com\/it-it\/","name":"Quartix","description":"Real-time vehicle tracking","publisher":{"@id":"https:\/\/www.quartix.com\/it-it\/#organization"},"potentialAction":[{"@type":"SearchAction","target":{"@type":"EntryPoint","urlTemplate":"https:\/\/www.quartix.com\/it-it\/?s={search_term_string}"},"query-input":{"@type":"PropertyValueSpecification","valueRequired":true,"valueName":"search_term_string"}}],"inLanguage":"it-IT"},{"@type":"Organization","@id":"https:\/\/www.quartix.com\/it-it\/#organization","name":"Quartix","url":"https:\/\/www.quartix.com\/it-it\/","logo":{"@type":"ImageObject","inLanguage":"it-IT","@id":"https:\/\/www.quartix.com\/it-it\/#\/schema\/logo\/image\/","url":"https:\/\/www.quartix.com\/content\/uploads\/2019\/02\/quartix-logo-eur.svg","contentUrl":"https:\/\/www.quartix.com\/content\/uploads\/2019\/02\/quartix-logo-eur.svg","width":1,"height":1,"caption":"Quartix"},"image":{"@id":"https:\/\/www.quartix.com\/it-it\/#\/schema\/logo\/image\/"},"sameAs":["https:\/\/www.facebook.com\/Quartix-USA-374426386097401\/","https:\/\/x.com\/QuartixUSA","https:\/\/www.linkedin.com\/company\/5346733\/","https:\/\/www.youtube.com\/channel\/UCzS-_GMfHF4kWiCheyIRrAQ"]}]}},"_links":{"self":[{"href":"https:\/\/www.quartix.com\/it-it\/wp-json\/wp\/v2\/pages\/24632","targetHints":{"allow":["GET"]}}],"collection":[{"href":"https:\/\/www.quartix.com\/it-it\/wp-json\/wp\/v2\/pages"}],"about":[{"href":"https:\/\/www.quartix.com\/it-it\/wp-json\/wp\/v2\/types\/page"}],"author":[{"embeddable":true,"href":"https:\/\/www.quartix.com\/it-it\/wp-json\/wp\/v2\/users\/2"}],"replies":[{"embeddable":true,"href":"https:\/\/www.quartix.com\/it-it\/wp-json\/wp\/v2\/comments?post=24632"}],"version-history":[{"count":0,"href":"https:\/\/www.quartix.com\/it-it\/wp-json\/wp\/v2\/pages\/24632\/revisions"}],"wp:attachment":[{"href":"https:\/\/www.quartix.com\/it-it\/wp-json\/wp\/v2\/media?parent=24632"}],"wp:term":[{"taxonomy":"topic","embeddable":true,"href":"https:\/\/www.quartix.com\/it-it\/wp-json\/wp\/v2\/topic?post=24632"},{"taxonomy":"qtx_campaign","embeddable":true,"href":"https:\/\/www.quartix.com\/it-it\/wp-json\/wp\/v2\/qtx_campaign?post=24632"}],"curies":[{"name":"wp","href":"https:\/\/api.w.org\/{rel}","templated":true}]}}