{"id":33552,"date":"2019-09-10T13:18:46","date_gmt":"2019-09-10T13:18:46","guid":{"rendered":"https:\/\/www.quartix.com\/?page_id=33552"},"modified":"2026-04-01T09:12:35","modified_gmt":"2026-04-01T08:12:35","slug":"presentaci-un-amico","status":"publish","type":"page","link":"https:\/\/www.quartix.com\/it-it\/presentaci-un-amico\/","title":{"rendered":"Presentaci un amico e ricevi 30\u20ac per dispositivo"},"content":{"rendered":"\n<div class=\"wp-block-columns is-layout-flex wp-container-core-columns-is-layout-28f84493 wp-block-columns-is-layout-flex\">\n<div class=\"wp-block-column is-layout-flow wp-block-column-is-layout-flow\">\n<h2 class=\"wp-block-heading\" id=\"presenta-un-amico-a-quartix\">Presenta un amico a Quartix<\/h2>\n\n\n\n<p>Hai un amico o un contatto aziendale che potrebbe essere interessato alla localizzazione veicoli di Quartix? Fornisci il suo contatto e ricevi una commissione per i clienti da te suggeriti: non farti scappare questa occasione!<\/p>\n\n\n\n<p>La procedura \u00e8 molto semplice.<\/p>\n\n\n\n<ol class=\"wp-block-list\">\n<li>Compila i campi con i tuoi dati (cos\u00ec sapremo chi premiare)<\/li>\n\n\n\n<li>Inserisci anche i dati del tuo amico (che provvederemo a contattare)<\/li>\n<\/ol>\n\n\n\n<p>Se il tuo amico firma un contratto di minimo 12 mesi, per ogni veicolo installato con il suo primo ordine riceverai una nota di credito di 30\u20ac da stornare sulle tue prossime fatture Quartix.<\/p>\n\n\n\n<p>Non ci sono limiti al numero di societ\u00e0 da presentare.<\/p>\n\n\n\n<p>Ricevi una commissione oggi stesso: presentaci un amico interessato alla localizzazione veicoli!<\/p>\n\n\n\n<p>*Si applicano i termini e condizioni generali<\/p>\n<\/div>\n\n\n\n<div class=\"wp-block-column is-vertically-aligned-center is-layout-flow wp-block-column-is-layout-flow\">\n<figure class=\"wp-block-image aligncenter size-full\"><img loading=\"lazy\" decoding=\"async\" width=\"900\" height=\"500\" src=\"https:\/\/www.quartix.com\/content\/uploads\/2026\/03\/IT-Refer-a-Friend.jpg\" alt=\"Un uomo sorridente si trova accanto a un furgone; un testo in italiano promuove uno sconto di 30 euro per la segnalazione di un amico con il pulsante verde &quot;Presenta un amico&quot;, con la scritta Referenze clienti Quartix e le condizioni sottostanti.\" class=\"wp-image-130328\" srcset=\"https:\/\/www.quartix.com\/content\/uploads\/2026\/03\/IT-Refer-a-Friend.jpg 900w, https:\/\/www.quartix.com\/content\/uploads\/2026\/03\/IT-Refer-a-Friend-300x167.jpg 300w, https:\/\/www.quartix.com\/content\/uploads\/2026\/03\/IT-Refer-a-Friend-768x427.jpg 768w\" sizes=\"auto, (max-width: 900px) 100vw, 900px\" \/><\/figure>\n\n\n\r\n<section  class=\"qtx-pagebuilder-section qtx-pagebuilder-section-list \">\r\n<ul class='ticks fa-ul' style='0'><li><span class='fa-li'><i class='fas fa-check-circle'><\/i><\/span>Inviaci i dati del tuo amico<\/li><li><span class='fa-li'><i class='fas fa-check-circle'><\/i><\/span>Lui firma un contratto con noi<\/li><li><span class='fa-li'><i class='fas fa-check-circle'><\/i><\/span>E tu ricevi 30\u20ac per ogni dispositivo installato con il suo primo ordine<\/li><\/ul><\/section><\/div>\n<\/div>\n\n\n\n<div class=\"wp-block-columns is-layout-flex wp-container-core-columns-is-layout-28f84493 wp-block-columns-is-layout-flex\">\n<div class=\"wp-block-column is-layout-flow wp-block-column-is-layout-flow\">\n<p>L&#8217;iniziativa non si applica alle societ\u00e0 gi\u00e0 in trattativa con Quartix. \u00c8 possibile suggerire il contatto di una societ\u00e0 una sola volta. Offerta valida per il primo ordine effettuato dalla nuova societ\u00e0 suggerita a Quartix, per un massimo di 200 veicoli per nuovo contatto. Offerta non valida per ordini successivi al primo. Il credito ottenuto pu\u00f2 essere stornato esclusivamente sulle fatture Quartix. Non sono previsti risarcimenti in denaro.<\/p>\n\n\n\n<p><\/p>\n<\/div>\n\n\n\n<div class=\"wp-block-column is-layout-flow wp-block-column-is-layout-flow\">\n<h2 class=\"wp-block-heading\" id=\"presentaci-un-amico\">Presentaci un amico<\/h2>\n\n\n\n<p>Compila i campi con i tuoi dati e quelli dell&#8217;amico da presentarci (inclusi telefono e email).<\/p>\n\n\n\n<div class=\"wpcf7 no-js\" id=\"wpcf7-f70435-o1\" lang=\"it-IT\" dir=\"ltr\" data-wpcf7-id=\"70435\">\n<div class=\"screen-reader-response\"><p role=\"status\" aria-live=\"polite\" aria-atomic=\"true\"><\/p> <ul><\/ul><\/div>\n<form action=\"\/it-it\/wp-json\/wp\/v2\/pages\/33552#wpcf7-f70435-o1\" method=\"post\" class=\"wpcf7-form init\" aria-label=\"Contact form\" novalidate=\"novalidate\" data-status=\"init\">\n<fieldset class=\"hidden-fields-container\"><input type=\"hidden\" name=\"_wpcf7\" value=\"70435\" \/><input type=\"hidden\" name=\"_wpcf7_version\" value=\"6.1.5\" \/><input type=\"hidden\" name=\"_wpcf7_locale\" value=\"it_IT\" \/><input type=\"hidden\" name=\"_wpcf7_unit_tag\" value=\"wpcf7-f70435-o1\" \/><input type=\"hidden\" name=\"_wpcf7_container_post\" value=\"0\" \/><input type=\"hidden\" name=\"_wpcf7_posted_data_hash\" value=\"\" \/><input type=\"hidden\" name=\"_wpcf7cf_hidden_group_fields\" value=\"[]\" \/><input type=\"hidden\" name=\"_wpcf7cf_hidden_groups\" value=\"[]\" \/><input type=\"hidden\" name=\"_wpcf7cf_visible_groups\" value=\"[]\" \/><input type=\"hidden\" name=\"_wpcf7cf_repeaters\" value=\"[]\" \/><input type=\"hidden\" name=\"_wpcf7cf_steps\" value=\"{}\" \/><input type=\"hidden\" name=\"_wpcf7cf_options\" value=\"{&quot;form_id&quot;:70435,&quot;conditions&quot;:[],&quot;settings&quot;:{&quot;animation&quot;:&quot;yes&quot;,&quot;animation_intime&quot;:200,&quot;animation_outtime&quot;:200,&quot;conditions_ui&quot;:&quot;normal&quot;,&quot;notice_dismissed&quot;:false,&quot;notice_dismissed_update-cf7-6.0&quot;:true,&quot;notice_dismissed_update-cf7-6.0.1&quot;:true,&quot;notice_dismissed_update-cf7-6.0.2&quot;:true,&quot;notice_dismissed_rollback-cf7-6.0.5&quot;:true}}\" \/><input type=\"hidden\" name=\"_wpcf7_recaptcha_response\" value=\"\" \/>\n<\/fieldset>\n<div class=\"input-wrapper\"><span class=\"icon icon-face\"><\/span><span class=\"wpcf7-form-control-wrap\" data-name=\"first_name\"><input size=\"40\" maxlength=\"400\" class=\"wpcf7-form-control wpcf7-text wpcf7-validates-as-required\" aria-required=\"true\" aria-invalid=\"false\" placeholder=\"Nome *\" value=\"\" type=\"text\" name=\"first_name\" \/><\/span><span class=\"wpcf7-form-control-wrap\" data-name=\"last_name\"><input size=\"40\" maxlength=\"400\" class=\"wpcf7-form-control wpcf7-text wpcf7-validates-as-required\" aria-required=\"true\" aria-invalid=\"false\" placeholder=\"Cognome *\" value=\"\" type=\"text\" name=\"last_name\" \/><\/span><\/div>\n<div class=\"input-wrapper\"><span class=\"icon icon-envelope\"><\/span><span class=\"wpcf7-form-control-wrap\" data-name=\"email\"><input size=\"40\" maxlength=\"400\" class=\"wpcf7-form-control wpcf7-email wpcf7-validates-as-required wpcf7-text wpcf7-validates-as-email\" aria-required=\"true\" aria-invalid=\"false\" placeholder=\"Email *\" value=\"\" type=\"email\" name=\"email\" \/><\/span><\/div>\n<div class=\"input-wrapper\"><span class=\"icon icon-company\"><\/span><span class=\"wpcf7-form-control-wrap\" data-name=\"company\"><input size=\"40\" maxlength=\"400\" class=\"wpcf7-form-control wpcf7-text wpcf7-validates-as-required\" aria-required=\"true\" aria-invalid=\"false\" placeholder=\"Societ\u00e0 *\" value=\"\" type=\"text\" name=\"company\" \/><\/span><\/div>\n<div class=\"input-wrapper\"><span class=\"icon icon-telephone\"><\/span><span class=\"wpcf7-form-control-wrap\" data-name=\"phone\"><input size=\"40\" maxlength=\"400\" class=\"wpcf7-form-control wpcf7-tel wpcf7-validates-as-required wpcf7-text wpcf7-validates-as-tel\" aria-required=\"true\" aria-invalid=\"false\" placeholder=\"Telefono *\" value=\"\" type=\"tel\" name=\"phone\" \/><\/span><\/div>\n<div class=\"input-wrapper\"><span class=\"icon icon-face\"><\/span><span class=\"wpcf7-form-control-wrap\" data-name=\"friends_first_name\"><input size=\"40\" maxlength=\"400\" class=\"wpcf7-form-control wpcf7-text wpcf7-validates-as-required\" aria-required=\"true\" aria-invalid=\"false\" placeholder=\"Dati di contatto dell\u2019amico nome *\" value=\"\" type=\"text\" name=\"friends_first_name\" \/><\/span><\/div>\n<div class=\"input-wrapper\"><span class=\"icon icon-face\"><\/span><span class=\"wpcf7-form-control-wrap\" data-name=\"friends_last_name\"><input size=\"40\" maxlength=\"400\" class=\"wpcf7-form-control wpcf7-text wpcf7-validates-as-required\" aria-required=\"true\" aria-invalid=\"false\" placeholder=\"Dati di contatto dell\u2019amico cognome *\" value=\"\" type=\"text\" name=\"friends_last_name\" \/><\/span><\/div>\n<div class=\"input-wrapper\"><span class=\"icon icon-envelope\"><\/span><span class=\"wpcf7-form-control-wrap\" data-name=\"friends_email\"><input size=\"40\" maxlength=\"400\" class=\"wpcf7-form-control wpcf7-email wpcf7-text wpcf7-validates-as-email\" aria-invalid=\"false\" placeholder=\"Dati di contatto dell\u2019amico email *\" value=\"\" type=\"email\" name=\"friends_email\" \/><\/span><\/div>\n<div class=\"input-wrapper\"><span class=\"icon icon-company\"><\/span><span class=\"wpcf7-form-control-wrap\" data-name=\"friends_company\"><input size=\"40\" maxlength=\"400\" class=\"wpcf7-form-control wpcf7-text wpcf7-validates-as-required\" aria-required=\"true\" aria-invalid=\"false\" placeholder=\"Dati di contatto dell\u2019amico societa\u2019 *\" value=\"\" type=\"text\" name=\"friends_company\" \/><\/span><\/div>\n<div class=\"input-wrapper\"><span class=\"icon icon-telephone\"><\/span><span class=\"wpcf7-form-control-wrap\" data-name=\"friends_phone\"><input size=\"40\" maxlength=\"400\" class=\"wpcf7-form-control wpcf7-tel wpcf7-validates-as-required wpcf7-text wpcf7-validates-as-tel\" aria-required=\"true\" aria-invalid=\"false\" placeholder=\"Dati di contatto dell\u2019amico telefono *\" value=\"\" type=\"tel\" name=\"friends_phone\" \/><\/span><\/div>\n<input type=\"hidden\" name=\"thankyouURL\" value=\"\/it-it\/presentaci-un-amico-inviato\/\" class=\"wpcf7-form-control wpcf7-hidden\" id=\"thankyouURL\">\n<input class=\"wpcf7-form-control wpcf7-hidden\" value=\"\" type=\"hidden\" name=\"pardot_extra_field\" \/>\n<div class=\"recatpcha-text\">Questo sito \u00e8 protetto da reCAPTCHA e si <a href=\"https:\/\/policies.google.com\/privacy?hl=it\">politica sulla privacy<\/a> di Google e i <a href=\"https:\/\/policies.google.com\/terms?hl=it\">Termini di servizio<\/a> di Google.<\/div>\n<div class=\"input-wrapper\"><input type=\"submit\" value=\"Presentaci un amico\" class=\"wpcf7-form-control has-spinner wpcf7-submit icon-plane\"><\/div><div class=\"wpcf7-response-output\" aria-hidden=\"true\"><\/div>\n<\/form>\n<\/div>\n\n<\/div>\n<\/div>\n\n\n\n<p><\/p>\n","protected":false},"excerpt":{"rendered":"<p>Presenta un amico a Quartix Hai un amico o un contatto aziendale che potrebbe essere interessato alla localizzazione veicoli di Quartix? Fornisci il suo contatto e ricevi una commissione per i clienti da te suggeriti: non farti scappare questa occasione! La procedura \u00e8 molto semplice. Se il tuo amico firma un contratto di minimo 12 [&hellip;]<\/p>\n","protected":false},"author":6,"featured_media":0,"parent":0,"menu_order":900,"comment_status":"closed","ping_status":"closed","template":"","meta":{"_acf_changed":false,"inline_featured_image":false,"footnotes":""},"topic":[],"qtx_campaign":[],"class_list":["post-33552","page","type-page","status-publish","hentry"],"acf":[],"yoast_head":"<!-- This site is optimized with the Yoast SEO Premium plugin v27.3 (Yoast SEO v27.3) - https:\/\/yoast.com\/product\/yoast-seo-premium-wordpress\/ -->\n<title>Indirizza Quartix a un contatto e ricevi 30 \u20ac per ogni veicolo registrato - IT<\/title>\n<meta name=\"description\" content=\"La segnalazione clienti Quartix pu\u00f2 farti guadagnare \u20ac30 per ogni veicolo che si registra come parte del primo ordine. Non c&#039;\u00e8 limite al numero di referenze che puoi fare!\" \/>\n<meta name=\"robots\" content=\"index, follow, max-snippet:-1, max-image-preview:large, max-video-preview:-1\" \/>\n<link rel=\"canonical\" href=\"https:\/\/www.quartix.com\/it-it\/presentaci-un-amico\/\" \/>\n<meta property=\"og:locale\" content=\"it_IT\" \/>\n<meta property=\"og:type\" content=\"article\" \/>\n<meta property=\"og:title\" content=\"Presentaci un amico e ricevi 30\u20ac per dispositivo\" \/>\n<meta property=\"og:description\" content=\"La segnalazione clienti Quartix pu\u00f2 farti guadagnare \u20ac30 per ogni veicolo che si registra come parte del primo ordine. Non c&#039;\u00e8 limite al numero di referenze che puoi fare!\" \/>\n<meta property=\"og:url\" content=\"https:\/\/www.quartix.com\/it-it\/presentaci-un-amico\/\" \/>\n<meta property=\"og:site_name\" content=\"Quartix\" \/>\n<meta property=\"article:publisher\" content=\"https:\/\/www.facebook.com\/Quartix-USA-374426386097401\/\" \/>\n<meta property=\"article:modified_time\" content=\"2026-04-01T08:12:35+00:00\" \/>\n<meta property=\"og:image\" content=\"https:\/\/www.quartix.com\/content\/uploads\/2026\/03\/IT-Refer-a-Friend.jpg\" \/>\n\t<meta property=\"og:image:width\" content=\"900\" \/>\n\t<meta property=\"og:image:height\" content=\"500\" \/>\n\t<meta property=\"og:image:type\" content=\"image\/jpeg\" \/>\n<meta name=\"twitter:card\" content=\"summary_large_image\" \/>\n<meta name=\"twitter:site\" content=\"@QuartixUSA\" \/>\n<meta name=\"twitter:label1\" content=\"Est. reading time\" \/>\n\t<meta name=\"twitter:data1\" content=\"2 minutes\" \/>\n<!-- \/ Yoast SEO Premium plugin. -->","yoast_head_json":{"title":"Indirizza Quartix a un contatto e ricevi 30 \u20ac per ogni veicolo registrato - IT","description":"La segnalazione clienti Quartix pu\u00f2 farti guadagnare \u20ac30 per ogni veicolo che si registra come parte del primo ordine. Non c'\u00e8 limite al numero di referenze che puoi fare!","robots":{"index":"index","follow":"follow","max-snippet":"max-snippet:-1","max-image-preview":"max-image-preview:large","max-video-preview":"max-video-preview:-1"},"canonical":"https:\/\/www.quartix.com\/it-it\/presentaci-un-amico\/","og_locale":"it_IT","og_type":"article","og_title":"Presentaci un amico e ricevi 30\u20ac per dispositivo","og_description":"La segnalazione clienti Quartix pu\u00f2 farti guadagnare \u20ac30 per ogni veicolo che si registra come parte del primo ordine. Non c'\u00e8 limite al numero di referenze che puoi fare!","og_url":"https:\/\/www.quartix.com\/it-it\/presentaci-un-amico\/","og_site_name":"Quartix","article_publisher":"https:\/\/www.facebook.com\/Quartix-USA-374426386097401\/","article_modified_time":"2026-04-01T08:12:35+00:00","og_image":[{"width":900,"height":500,"url":"https:\/\/www.quartix.com\/content\/uploads\/2026\/03\/IT-Refer-a-Friend.jpg","type":"image\/jpeg"}],"twitter_card":"summary_large_image","twitter_site":"@QuartixUSA","twitter_misc":{"Est. reading time":"2 minutes"},"schema":{"@context":"https:\/\/schema.org","@graph":[{"@type":"WebPage","@id":"https:\/\/www.quartix.com\/it-it\/presentaci-un-amico\/","url":"https:\/\/www.quartix.com\/it-it\/presentaci-un-amico\/","name":"Indirizza Quartix a un contatto e ricevi 30 \u20ac per ogni veicolo registrato","isPartOf":{"@id":"https:\/\/www.quartix.com\/it-it\/#website"},"primaryImageOfPage":{"@id":"https:\/\/www.quartix.com\/it-it\/presentaci-un-amico\/#primaryimage"},"image":{"@id":"https:\/\/www.quartix.com\/it-it\/presentaci-un-amico\/#primaryimage"},"thumbnailUrl":"https:\/\/www.quartix.com\/content\/uploads\/2026\/03\/IT-Refer-a-Friend.jpg","datePublished":"2019-09-10T13:18:46+00:00","dateModified":"2026-04-01T08:12:35+00:00","description":"La segnalazione clienti Quartix pu\u00f2 farti guadagnare \u20ac30 per ogni veicolo che si registra come parte del primo ordine. Non c'\u00e8 limite al numero di referenze che puoi fare!","breadcrumb":{"@id":"https:\/\/www.quartix.com\/it-it\/presentaci-un-amico\/#breadcrumb"},"inLanguage":"it-IT","potentialAction":[{"@type":"ReadAction","target":["https:\/\/www.quartix.com\/it-it\/presentaci-un-amico\/"]}]},{"@type":"ImageObject","inLanguage":"it-IT","@id":"https:\/\/www.quartix.com\/it-it\/presentaci-un-amico\/#primaryimage","url":"https:\/\/www.quartix.com\/content\/uploads\/2026\/03\/IT-Refer-a-Friend.jpg","contentUrl":"https:\/\/www.quartix.com\/content\/uploads\/2026\/03\/IT-Refer-a-Friend.jpg"},{"@type":"BreadcrumbList","@id":"https:\/\/www.quartix.com\/it-it\/presentaci-un-amico\/#breadcrumb","itemListElement":[{"@type":"ListItem","position":1,"name":"Home","item":"https:\/\/www.quartix.com\/it-it\/quartix-localizzazione-dei-veicoli-in-tempo-reale\/"},{"@type":"ListItem","position":2,"name":"Presentaci un amico e ricevi 30\u20ac per dispositivo"}]},{"@type":"WebSite","@id":"https:\/\/www.quartix.com\/it-it\/#website","url":"https:\/\/www.quartix.com\/it-it\/","name":"Quartix","description":"Real-time vehicle tracking","publisher":{"@id":"https:\/\/www.quartix.com\/it-it\/#organization"},"potentialAction":[{"@type":"SearchAction","target":{"@type":"EntryPoint","urlTemplate":"https:\/\/www.quartix.com\/it-it\/?s={search_term_string}"},"query-input":{"@type":"PropertyValueSpecification","valueRequired":true,"valueName":"search_term_string"}}],"inLanguage":"it-IT"},{"@type":"Organization","@id":"https:\/\/www.quartix.com\/it-it\/#organization","name":"Quartix","url":"https:\/\/www.quartix.com\/it-it\/","logo":{"@type":"ImageObject","inLanguage":"it-IT","@id":"https:\/\/www.quartix.com\/it-it\/#\/schema\/logo\/image\/","url":"https:\/\/www.quartix.com\/content\/uploads\/2019\/02\/quartix-logo-eur.svg","contentUrl":"https:\/\/www.quartix.com\/content\/uploads\/2019\/02\/quartix-logo-eur.svg","width":1,"height":1,"caption":"Quartix"},"image":{"@id":"https:\/\/www.quartix.com\/it-it\/#\/schema\/logo\/image\/"},"sameAs":["https:\/\/www.facebook.com\/Quartix-USA-374426386097401\/","https:\/\/x.com\/QuartixUSA","https:\/\/www.linkedin.com\/company\/5346733\/","https:\/\/www.youtube.com\/channel\/UCzS-_GMfHF4kWiCheyIRrAQ"]}]}},"_links":{"self":[{"href":"https:\/\/www.quartix.com\/it-it\/wp-json\/wp\/v2\/pages\/33552","targetHints":{"allow":["GET"]}}],"collection":[{"href":"https:\/\/www.quartix.com\/it-it\/wp-json\/wp\/v2\/pages"}],"about":[{"href":"https:\/\/www.quartix.com\/it-it\/wp-json\/wp\/v2\/types\/page"}],"author":[{"embeddable":true,"href":"https:\/\/www.quartix.com\/it-it\/wp-json\/wp\/v2\/users\/6"}],"replies":[{"embeddable":true,"href":"https:\/\/www.quartix.com\/it-it\/wp-json\/wp\/v2\/comments?post=33552"}],"version-history":[{"count":18,"href":"https:\/\/www.quartix.com\/it-it\/wp-json\/wp\/v2\/pages\/33552\/revisions"}],"predecessor-version":[{"id":130584,"href":"https:\/\/www.quartix.com\/it-it\/wp-json\/wp\/v2\/pages\/33552\/revisions\/130584"}],"wp:attachment":[{"href":"https:\/\/www.quartix.com\/it-it\/wp-json\/wp\/v2\/media?parent=33552"}],"wp:term":[{"taxonomy":"topic","embeddable":true,"href":"https:\/\/www.quartix.com\/it-it\/wp-json\/wp\/v2\/topic?post=33552"},{"taxonomy":"qtx_campaign","embeddable":true,"href":"https:\/\/www.quartix.com\/it-it\/wp-json\/wp\/v2\/qtx_campaign?post=33552"}],"curies":[{"name":"wp","href":"https:\/\/api.w.org\/{rel}","templated":true}]}}