{"id":46041,"date":"2020-10-23T13:45:08","date_gmt":"2020-10-23T12:45:08","guid":{"rendered":" https:\/\/www.quartix.com\/?page_id=46041"},"modified":"2022-10-13T15:42:52","modified_gmt":"2022-10-13T14:42:52","slug":"contaore-motore","status":"publish","type":"page","link":"https:\/\/www.quartix.com\/it-it\/localizzatore-gps\/contaore-motore\/","title":{"rendered":"Contaore motore: un quadro pi\u00f9 chiaro dell\u2019utilizzo dei tuoi veicoli"},"content":{"rendered":"\n<h2 class=\"wp-block-heading\" id=\"controlla-l-effettivo-uso-del-motore\">Controlla l\u2019effettivo uso del motore<\/h2>\n\n\n\n<p>I <a href=\"\/it-it\/localizzatore-gps\/strumenti-di-controllo\/\" target=\"_blank\" rel=\"noopener noreferrer\">rapporti sulla revisione<\/a> di Quartix includono i dati sul contaore motore, fornendoti informazioni utili a stabilire per quanto tempo un veicolo equipaggiato con Quartix \u00e8 stato in funzione in un determinato periodo di tempo. Questi dati possono esserti preziosi per misurare il livello di usura che i tuoi veicoli sopportano, rilevandone l\u2019utilizzo perfino quando il veicolo \u00e8 stazionario. Il sistema di Quartix calcola la lettura del contachilometri dal totale della <a href=\"\/it-it\/localizzatore-gps\/registri-di-presenza\/\" target=\"_blank\" rel=\"noopener noreferrer\">distanza percorsa<\/a>, mentre le ore di funzionamento del motore vengono monitorate in parallelo, aggiungendo un ulteriore livello di controllo ai dati di utilizzo della tua flotta.<\/p>\n\n\n\n<div class=\"wp-block-columns is-layout-flex wp-container-core-columns-is-layout-28f84493 wp-block-columns-is-layout-flex\">\n<div class=\"wp-block-column is-vertically-aligned-center is-layout-flow wp-block-column-is-layout-flow\">\n<p>I dati sul contaore motore si rivelano particolarmente utili per la localizzazione di veicoli specializzati come gli apripista, i trattorini rasaerba e le scavatrici, che operano per lunghe ore su una stessa zona, ma anche per una flotta in maggiore movimento. Sar\u00e0 pi\u00f9 facile comprendere costi di manutenzione e carburante se, insieme alle attivit\u00e0 svolte in moto, si guarder\u00e0 anche al contaore motore. Grazie a queste informazioni, ti sar\u00e0 infatti pi\u00f9 facile modificare tutti quegli atteggiamenti che:<\/p>\n\n\n\n<ul class=\"wp-block-list\"><li>mettono a rischio la salute e la sicurezza dei tuoi dipendenti<\/li><li>compromettono la garanzia dei veicoli<\/li><li>provocano spese superflue.<\/li><\/ul>\n<\/div>\n\n\n\n<div class=\"wp-block-column is-vertically-aligned-center is-layout-flow wp-block-column-is-layout-flow\">\n<figure class=\"wp-block-image\"><img decoding=\"async\" src=\" https:\/\/www.quartix.com\/content\/uploads\/2020\/10\/machinery-being-operated.jpg\" alt=\"Heavy Machinery\"\/><\/figure>\n<\/div>\n<\/div>\n\n\n\n<h2 class=\"wp-block-heading\" id=\"evita-un-uso-scorretto-della-tua-flotta\">Evita un uso scorretto della tua flotta<\/h2>\n\n\n\n<p>Sapendo esattamente per quanto tempo i tuoi veicoli e i tuoi macchinari sono stati utilizzati, avrai a disposizione dati fondamentali per assicurarne la corretta manutenzione e rispettare le norme di salute e sicurezza. Per non oltrepassare i limiti di garanzia del produttore, inoltre, potrai tenere sempre sotto controllo per quante ore \u00e8 stato in funzione il tuo veicolo.<\/p>\n\n\n\n<div class=\"wp-block-columns is-layout-flex wp-container-core-columns-is-layout-28f84493 wp-block-columns-is-layout-flex\">\n<div class=\"wp-block-column is-vertically-aligned-center is-layout-flow wp-block-column-is-layout-flow\">\n<h2 class=\"wp-block-heading\" id=\"rispetta-i-limiti-di-utilizzo-dei-mezzi-pesanti\">Rispetta i limiti di utilizzo dei mezzi pesanti<\/h2>\n\n\n\n<p>Proteggi i tuoi dipendenti evitando di esporli ad eccessive vibrazioni causate dai macchinari in funzione. Alcuni mezzi di lavoro provocano vibrazioni che si diffondono al suolo, causando problemi di salute come il mal di schiena. I dipendenti che lavoraro per lungo tempo su questi veicoli corrono un maggiore rischio di sviluppare conseguenze a lungo termine. Il contaore motore pu\u00f2 aiutarti a seguire scrupolosamente le norme di sicurezza, proteggendo cos\u00ec i tuoi dipendenti.&nbsp;&nbsp;<\/p>\n<\/div>\n\n\n\n<div class=\"wp-block-column is-vertically-aligned-center is-layout-flow wp-block-column-is-layout-flow\">\n<figure class=\"wp-block-image aligncenter\"><img decoding=\"async\" src=\" https:\/\/www.quartix.com\/content\/uploads\/2020\/08\/IT_enable-engine-hours-1000x319.png\" alt=\"Contaore motore\"\/><\/figure>\n<\/div>\n<\/div>\n\n\n\n<p><a href=\" https:\/\/www.quartix.com\/content\/uploads\/2020\/08\/IT_enable-engine-hours.png\" data-elementor-open-lightbox=\"yes\" data-elementor-lightbox-title=\"IT_enable engine hours\"><br> <\/a><br><\/p>\n\n\n\n<div class=\"wp-block-columns is-layout-flex wp-container-core-columns-is-layout-28f84493 wp-block-columns-is-layout-flex\">\n<div class=\"wp-block-column is-vertically-aligned-center is-layout-flow wp-block-column-is-layout-flow\">\n<figure class=\"wp-block-image aligncenter\"><img decoding=\"async\" src=\" https:\/\/www.quartix.com\/content\/uploads\/2020\/10\/Oil-change-vehicle.jpg\" alt=\"\"\/><\/figure>\n<\/div>\n\n\n\n<div class=\"wp-block-column is-layout-flow wp-block-column-is-layout-flow\">\n<h2 class=\"wp-block-heading\" id=\"migliora-lo-stato-generale-dei-tuoi-veicoli\">Migliora lo stato generale dei tuoi veicoli<\/h2>\n\n\n\n<p>Imposta il momento di cambio olio e filtro utilizzando il contaore motore come guida. Insieme ai <a href=\"\/it-it\/localizzatore-gps\/strumenti-di-controllo\/\" target=\"_blank\" rel=\"noopener noreferrer\">promemoria di manutenzione e ore di utilizzo<\/a>, il sistema di Quartix ti aiuta a mantenere la tua flotta sempre al meglio.<\/p>\n\n\n\n<p>Il contaore motore metter\u00e0 in evidenza il luogo in cui i tuoi veicoli sono in sosta a motore acceso per lunghi periodi. Sai bene quanto questo logori inutilmente i veicoli, oltre ad aumentare il consumo di carburante e le emissioni di CO<sub>2 <\/sub>della tua flotta. Il <a href=\"\/it-it\/localizzatore-gps\/localizzazione-veicoli\/\" target=\"_blank\" rel=\"noopener noreferrer\">sistema di localizzazione veicoli<\/a> offerto da Quartix aiuta le imprese ad eliminare questa cattiva abitudine, riducendo l\u2019usura nei veicoli ed abbassando i costi carburante.<\/p>\n\n\n\n<p>Dai un\u2019occhiata ai nostri consigli per una <a href=\"\/it-it\/risorse\/guide\/\" target=\"_blank\" rel=\"noopener noreferrer\">guida ecologica<\/a> e scopri come utilizzare i dati forniti dalla localizzazione veicoli per migliorare lo stato della tua flotta.<\/p>\n<\/div>\n<\/div>\n\n\n\n<h2 class=\"wp-block-heading\" id=\"ottieni-un-unico-punto-di-informazione\">Ottieni un unico punto di informazione<\/h2>\n\n\n\n<p>Alcune aziende scelgono di utilizzare il contaore motore come soluzione per mantenere valida la garanzia e controllare l\u2019utilizzo dei veicoli. A tal fine, molte volte \u00e8 necessario installare un\u2019attrezzatura separata sul veicolo o sul macchinario, che abbia il solo scopo di misurare le ore di funzionamento del motore. Con Quartix, invece, non avrai bisogno di nessun altro strumento: i nostri localizzatori sono completi di tale funzionalit\u00e0. E poich\u00e9 forniscono le informazioni direttamente al sistema, potrai controllarle in ogni momento.<\/p>\n\n\n\n<p>Scopri di pi\u00f9 sul controllo del contaore motore con Quartix, <a href=\"\/it-it\/societa\/contatti\/\">contattaci<\/a> ora!<\/p>\n","protected":false},"excerpt":{"rendered":"<p>Controlla l\u2019effettivo uso del motore I rapporti sulla revisione di Quartix includono i dati sul contaore motore, fornendoti informazioni utili a stabilire per quanto tempo un veicolo equipaggiato con Quartix \u00e8 stato in funzione in un determinato periodo di tempo. Questi dati possono esserti preziosi per misurare il livello di usura che i tuoi veicoli [&hellip;]<\/p>\n","protected":false},"author":12,"featured_media":0,"parent":23894,"menu_order":95,"comment_status":"closed","ping_status":"closed","template":"","meta":{"_acf_changed":false,"inline_featured_image":false,"footnotes":""},"topic":[],"qtx_campaign":[],"class_list":["post-46041","page","type-page","status-publish","hentry"],"acf":[],"yoast_head":"<!-- This site is optimized with the Yoast SEO Premium plugin v27.3 (Yoast SEO v27.3) - https:\/\/yoast.com\/product\/yoast-seo-premium-wordpress\/ -->\n<title>Contaore motore: Informazioni utili all\u2019utilizzo dei veicoli | Localizzazione veicoli Quartix - IT<\/title>\n<meta name=\"description\" content=\"Il contaore motore ti mostra esattamente per quanto tempo un veicolo equipaggiato con Quartix \u00e8 stato in funzione. Dati fondamentali per la manutenzione dei vicoli e la sicurezza dello staff, scopri di pi\u00f9!\" \/>\n<meta name=\"robots\" content=\"index, follow, max-snippet:-1, max-image-preview:large, max-video-preview:-1\" \/>\n<link rel=\"canonical\" href=\"https:\/\/www.quartix.com\/it-it\/localizzatore-gps\/contaore-motore\/\" \/>\n<meta property=\"og:locale\" content=\"it_IT\" \/>\n<meta property=\"og:type\" content=\"article\" \/>\n<meta property=\"og:title\" content=\"Contaore motore: un quadro pi\u00f9 chiaro dell\u2019utilizzo dei tuoi veicoli\" \/>\n<meta property=\"og:description\" content=\"Il contaore motore ti mostra esattamente per quanto tempo un veicolo equipaggiato con Quartix \u00e8 stato in funzione. Dati fondamentali per la manutenzione dei vicoli e la sicurezza dello staff, scopri di pi\u00f9!\" \/>\n<meta property=\"og:url\" content=\"https:\/\/www.quartix.com\/it-it\/localizzatore-gps\/contaore-motore\/\" \/>\n<meta property=\"og:site_name\" content=\"Quartix\" \/>\n<meta property=\"article:publisher\" content=\"https:\/\/www.facebook.com\/Quartix-USA-374426386097401\/\" \/>\n<meta property=\"article:modified_time\" content=\"2022-10-13T14:42:52+00:00\" \/>\n<meta name=\"twitter:card\" content=\"summary_large_image\" \/>\n<meta name=\"twitter:site\" content=\"@QuartixUSA\" \/>\n<meta name=\"twitter:label1\" content=\"Est. reading time\" \/>\n\t<meta name=\"twitter:data1\" content=\"4 minutes\" \/>\n<!-- \/ Yoast SEO Premium plugin. -->","yoast_head_json":{"title":"Contaore motore: Informazioni utili all\u2019utilizzo dei veicoli | Localizzazione veicoli Quartix - IT","description":"Il contaore motore ti mostra esattamente per quanto tempo un veicolo equipaggiato con Quartix \u00e8 stato in funzione. Dati fondamentali per la manutenzione dei vicoli e la sicurezza dello staff, scopri di pi\u00f9!","robots":{"index":"index","follow":"follow","max-snippet":"max-snippet:-1","max-image-preview":"max-image-preview:large","max-video-preview":"max-video-preview:-1"},"canonical":"https:\/\/www.quartix.com\/it-it\/localizzatore-gps\/contaore-motore\/","og_locale":"it_IT","og_type":"article","og_title":"Contaore motore: un quadro pi\u00f9 chiaro dell\u2019utilizzo dei tuoi veicoli","og_description":"Il contaore motore ti mostra esattamente per quanto tempo un veicolo equipaggiato con Quartix \u00e8 stato in funzione. Dati fondamentali per la manutenzione dei vicoli e la sicurezza dello staff, scopri di pi\u00f9!","og_url":"https:\/\/www.quartix.com\/it-it\/localizzatore-gps\/contaore-motore\/","og_site_name":"Quartix","article_publisher":"https:\/\/www.facebook.com\/Quartix-USA-374426386097401\/","article_modified_time":"2022-10-13T14:42:52+00:00","twitter_card":"summary_large_image","twitter_site":"@QuartixUSA","twitter_misc":{"Est. reading time":"4 minutes"},"schema":{"@context":"https:\/\/schema.org","@graph":[{"@type":"WebPage","@id":"https:\/\/www.quartix.com\/it-it\/localizzatore-gps\/contaore-motore\/","url":"https:\/\/www.quartix.com\/it-it\/localizzatore-gps\/contaore-motore\/","name":"Contaore motore: Informazioni utili all\u2019utilizzo dei veicoli | Localizzazione veicoli Quartix","isPartOf":{"@id":"https:\/\/www.quartix.com\/it-it\/#website"},"datePublished":"2020-10-23T12:45:08+00:00","dateModified":"2022-10-13T14:42:52+00:00","description":"Il contaore motore ti mostra esattamente per quanto tempo un veicolo equipaggiato con Quartix \u00e8 stato in funzione. Dati fondamentali per la manutenzione dei vicoli e la sicurezza dello staff, scopri di pi\u00f9!","breadcrumb":{"@id":"https:\/\/www.quartix.com\/it-it\/localizzatore-gps\/contaore-motore\/#breadcrumb"},"inLanguage":"it-IT","potentialAction":[{"@type":"ReadAction","target":["https:\/\/www.quartix.com\/it-it\/localizzatore-gps\/contaore-motore\/"]}]},{"@type":"BreadcrumbList","@id":"https:\/\/www.quartix.com\/it-it\/localizzatore-gps\/contaore-motore\/#breadcrumb","itemListElement":[{"@type":"ListItem","position":1,"name":"Home","item":"https:\/\/www.quartix.com\/it-it\/quartix-localizzazione-dei-veicoli-in-tempo-reale\/"},{"@type":"ListItem","position":2,"name":"localizzazione del veicolo","item":"https:\/\/www.quartix.com\/it-it\/localizzatore-gps\/"},{"@type":"ListItem","position":3,"name":"Contaore motore: un quadro pi\u00f9 chiaro dell\u2019utilizzo dei tuoi veicoli"}]},{"@type":"WebSite","@id":"https:\/\/www.quartix.com\/it-it\/#website","url":"https:\/\/www.quartix.com\/it-it\/","name":"Quartix","description":"Real-time vehicle tracking","publisher":{"@id":"https:\/\/www.quartix.com\/it-it\/#organization"},"potentialAction":[{"@type":"SearchAction","target":{"@type":"EntryPoint","urlTemplate":"https:\/\/www.quartix.com\/it-it\/?s={search_term_string}"},"query-input":{"@type":"PropertyValueSpecification","valueRequired":true,"valueName":"search_term_string"}}],"inLanguage":"it-IT"},{"@type":"Organization","@id":"https:\/\/www.quartix.com\/it-it\/#organization","name":"Quartix","url":"https:\/\/www.quartix.com\/it-it\/","logo":{"@type":"ImageObject","inLanguage":"it-IT","@id":"https:\/\/www.quartix.com\/it-it\/#\/schema\/logo\/image\/","url":"https:\/\/www.quartix.com\/content\/uploads\/2019\/02\/quartix-logo-eur.svg","contentUrl":"https:\/\/www.quartix.com\/content\/uploads\/2019\/02\/quartix-logo-eur.svg","width":1,"height":1,"caption":"Quartix"},"image":{"@id":"https:\/\/www.quartix.com\/it-it\/#\/schema\/logo\/image\/"},"sameAs":["https:\/\/www.facebook.com\/Quartix-USA-374426386097401\/","https:\/\/x.com\/QuartixUSA","https:\/\/www.linkedin.com\/company\/5346733\/","https:\/\/www.youtube.com\/channel\/UCzS-_GMfHF4kWiCheyIRrAQ"]}]}},"_links":{"self":[{"href":"https:\/\/www.quartix.com\/it-it\/wp-json\/wp\/v2\/pages\/46041","targetHints":{"allow":["GET"]}}],"collection":[{"href":"https:\/\/www.quartix.com\/it-it\/wp-json\/wp\/v2\/pages"}],"about":[{"href":"https:\/\/www.quartix.com\/it-it\/wp-json\/wp\/v2\/types\/page"}],"author":[{"embeddable":true,"href":"https:\/\/www.quartix.com\/it-it\/wp-json\/wp\/v2\/users\/12"}],"replies":[{"embeddable":true,"href":"https:\/\/www.quartix.com\/it-it\/wp-json\/wp\/v2\/comments?post=46041"}],"version-history":[{"count":0,"href":"https:\/\/www.quartix.com\/it-it\/wp-json\/wp\/v2\/pages\/46041\/revisions"}],"up":[{"embeddable":true,"href":"https:\/\/www.quartix.com\/it-it\/wp-json\/wp\/v2\/pages\/23894"}],"wp:attachment":[{"href":"https:\/\/www.quartix.com\/it-it\/wp-json\/wp\/v2\/media?parent=46041"}],"wp:term":[{"taxonomy":"topic","embeddable":true,"href":"https:\/\/www.quartix.com\/it-it\/wp-json\/wp\/v2\/topic?post=46041"},{"taxonomy":"qtx_campaign","embeddable":true,"href":"https:\/\/www.quartix.com\/it-it\/wp-json\/wp\/v2\/qtx_campaign?post=46041"}],"curies":[{"name":"wp","href":"https:\/\/api.w.org\/{rel}","templated":true}]}}