{"id":75939,"date":"2022-06-22T14:55:55","date_gmt":"2022-06-22T13:55:55","guid":{"rendered":" https:\/\/www.quartix.com\/?page_id=75939"},"modified":"2022-06-22T14:55:57","modified_gmt":"2022-06-22T13:55:57","slug":"identificazione-conducente","status":"publish","type":"page","link":"https:\/\/www.quartix.com\/it-it\/identificazione-conducente\/","title":{"rendered":"Identificazione conducente"},"content":{"rendered":"\n<div class=\"wp-block-columns is-layout-flex wp-container-core-columns-is-layout-28f84493 wp-block-columns-is-layout-flex\">\n<div class=\"wp-block-column is-layout-flow wp-block-column-is-layout-flow\">\n<h2 class=\"wp-block-heading\" id=\"track-individual-driver-profiles\">Localizza i tuoi conducenti<\/h2>\n\n\n\n<p>L\u2019identificazione del conducente di Quartix ti permette di tenere traccia delle attivit\u00e0 dei tuoi conducenti singolarmente, anche quando utilizzano lo stesso veicolo aziendale.<\/p>\n\n\n\n<p>Tra i numerosi vantaggi di utilizzare l\u2019identificazione del conducente troviamo:<\/p>\n\n\n\n<ul class=\"wp-block-list\"><li>verifica dei registri di presenza e turni di lavoro per ogni conducente<\/li><li>report di viaggio disponibili per ogni conducente e veicolo<\/li><li>analisi sullo stile di guida del conducente, indipendentemente dal veicolo utilizzato<\/li><li>registrazione dei dati per singoli conducenti e veicoli<\/li><li>possibilit\u00e0 di verificare quale conducente \u00e8 in servizio<\/li><li>separazione tra viaggi di lavoro e viaggi personali<\/li><\/ul>\n<\/div>\n\n\n\n<div class=\"wp-block-column is-layout-flow wp-block-column-is-layout-flow\">\n<div class=\"wp-block-image\"><figure class=\"aligncenter size-large\"><img loading=\"lazy\" decoding=\"async\" width=\"1000\" height=\"544\" src=\" https:\/\/www.quartix.com\/content\/uploads\/2021\/06\/IT-driving-style-league-table-1000x544.png\" alt=\"\" class=\"wp-image-60145\" srcset=\"https:\/\/www.quartix.com\/content\/uploads\/2021\/06\/IT-driving-style-league-table-1000x544.png 1000w, https:\/\/www.quartix.com\/content\/uploads\/2021\/06\/IT-driving-style-league-table-300x163.png 300w, https:\/\/www.quartix.com\/content\/uploads\/2021\/06\/IT-driving-style-league-table-768x418.png 768w, https:\/\/www.quartix.com\/content\/uploads\/2021\/06\/IT-driving-style-league-table.png 1038w\" sizes=\"auto, (max-width: 1000px) 100vw, 1000px\" \/><\/figure><\/div>\n<\/div>\n<\/div>\n\n\n<section  class=\"qtx-pagebuilder-section qtx-pagebuilder-section-blockquote qtx-pagebuilder-section-blockquote-left_green_border \">\r\n        <div class=\"left_green_border\">\r\n            <blockquote>\r\n                <p>\u201cCon l\u2019identificazione del conducente possiamo ricompensare la guida responsabile dei nostri conducenti. Grazie a questa funzionalit\u00e0 \u00e8 migliorata la qualit\u00e0 di guida dei nostri dipendenti, cos\u00ec come la soddisfazione dei clienti e la nostra reputazione\u201d.<\/p>\n                                    <footer>\r\n                        \u2014 <cite class=\"author\">Terry Musson, General Manager<\/cite>, <cite class=\"author_line_2\">Amberon<\/cite>\r\n                    <\/footer>\r\n                            <\/blockquote>\r\n        <\/div>\r\n        <\/section>\r\n\r\n\n\n\n<div class=\"wp-block-columns is-layout-flex wp-container-core-columns-is-layout-28f84493 wp-block-columns-is-layout-flex\">\n<div class=\"wp-block-column is-layout-flow wp-block-column-is-layout-flow\">\n<div class=\"wp-block-image\"><figure class=\"aligncenter size-large\"><img loading=\"lazy\" decoding=\"async\" width=\"1000\" height=\"461\" src=\" https:\/\/www.quartix.com\/content\/uploads\/2019\/10\/IT_Registri-di-presenza-settimanali-1000x461.png\" alt=\"\" class=\"wp-image-35299\" srcset=\"https:\/\/www.quartix.com\/content\/uploads\/2019\/10\/IT_Registri-di-presenza-settimanali-1000x461.png 1000w, https:\/\/www.quartix.com\/content\/uploads\/2019\/10\/IT_Registri-di-presenza-settimanali-300x138.png 300w, https:\/\/www.quartix.com\/content\/uploads\/2019\/10\/IT_Registri-di-presenza-settimanali-768x354.png 768w, https:\/\/www.quartix.com\/content\/uploads\/2019\/10\/IT_Registri-di-presenza-settimanali.png 1582w\" sizes=\"auto, (max-width: 1000px) 100vw, 1000px\" \/><\/figure><\/div>\n<\/div>\n\n\n\n<div class=\"wp-block-column is-layout-flow wp-block-column-is-layout-flow\">\n<h2 class=\"wp-block-heading\" id=\"private-versus-business-mileage\">Viaggi aziendali e viaggi personali<\/h2>\n\n\n\n<p>l\u2019identificazione del conducente ti permette inoltre di distinguere tra viaggi aziendali e viaggi personali. Ad esempio, se consenti l\u2019uso dei tuoi veicoli durante il weekend o al di fuori dell\u2019orario di lavoro, potrai differenziare facilmente i chilometri percorsi in questi frangenti da quelli aziendali.<\/p>\n<\/div>\n<\/div>\n\n\n\n<div class=\"wp-block-columns is-layout-flex wp-container-core-columns-is-layout-28f84493 wp-block-columns-is-layout-flex\">\n<div class=\"wp-block-column is-layout-flow wp-block-column-is-layout-flow\">\n<h2 class=\"wp-block-heading\" id=\"how-does-driver-id-work\">Come funziona l\u2019identificazione del conducente?<\/h2>\n\n\n\n<p>Viene installato un lettore sul cruscotto e ad ogni conducente \u00e8 assegnata una chiavetta magnetica che, una volta posizionata sul lettore, riconosce la presenza del conducente su quel veicolo e raccoglie tutti i dati inerenti al viaggio sul profilo quel conducente.<\/p>\n\n\n\n<p>Una volta acceso il motore, partir\u00e0 un allarme che si interromper\u00e0 solo quando verr\u00e0 avvicinata una chiavetta al lettore.<\/p>\n\n\n\n<p>L\u2019allarme continuer\u00e0 infatti a suonare fin quando il conducente non si identificher\u00e0 avvicinando la chiavetta al lettore. Raccomandiamo di ordinare delle chiavette di ricambio per assicurarti di avere sempre una chiavetta prima di mettere in moto un veicolo.<\/p>\n\n\n\n<p>Non appena il conducente si sar\u00e0 identificato, sar\u00e0 possibile visualizzare il suo nome sulla mappa di geolocalizzazione in tempo reale e accedere ad una serie di rapporti divisi per conducente e per veicolo.<\/p>\n\n\n\n<p>Nel menu di configurazione potrai modificare i dettagli di un conducente ed assegnarlo ad un gruppo di conducenti.<\/p>\n<\/div>\n\n\n\n<div class=\"wp-block-column is-layout-flow wp-block-column-is-layout-flow\">\n<figure class=\"wp-block-image\"><img decoding=\"async\" src=\" https:\/\/www.quartix.com\/content\/uploads\/2018\/04\/Driver-ID-2.jpg\" alt=\"\"\/><\/figure>\n<\/div>\n<\/div>\n","protected":false},"excerpt":{"rendered":"<p>Localizza i tuoi conducenti L\u2019identificazione del conducente di Quartix ti permette di tenere traccia delle attivit\u00e0 dei tuoi conducenti singolarmente, anche quando utilizzano lo stesso veicolo aziendale. Tra i numerosi vantaggi di utilizzare l\u2019identificazione del conducente troviamo: verifica dei registri di presenza e turni di lavoro per ogni conducente report di viaggio disponibili per ogni [&hellip;]<\/p>\n","protected":false},"author":12,"featured_media":25053,"parent":0,"menu_order":9050,"comment_status":"closed","ping_status":"closed","template":"","meta":{"_acf_changed":false,"inline_featured_image":false,"footnotes":""},"topic":[1908],"qtx_campaign":[],"class_list":["post-75939","page","type-page","status-publish","has-post-thumbnail","hentry","topic-gestione-dei-conducenti"],"acf":[],"yoast_head":"<!-- This site is optimized with the Yoast SEO Premium plugin v27.3 (Yoast SEO v27.3) - https:\/\/yoast.com\/product\/yoast-seo-premium-wordpress\/ -->\n<title>Identificazione conducente - IT<\/title>\n<meta name=\"description\" content=\"L\u2019identificazione del conducente di Quartix ti permette di tenere traccia delle attivit\u00e0 dei tuoi conducenti singolarmente, anche quando utilizzano lo stesso veicolo aziendale.\" \/>\n<meta name=\"robots\" content=\"index, follow, max-snippet:-1, max-image-preview:large, max-video-preview:-1\" \/>\n<link rel=\"canonical\" href=\"https:\/\/www.quartix.com\/it-it\/identificazione-conducente\/\" \/>\n<meta property=\"og:locale\" content=\"it_IT\" \/>\n<meta property=\"og:type\" content=\"article\" \/>\n<meta property=\"og:title\" content=\"Identificazione conducente\" \/>\n<meta property=\"og:description\" content=\"L\u2019identificazione del conducente di Quartix ti permette di tenere traccia delle attivit\u00e0 dei tuoi conducenti singolarmente, anche quando utilizzano lo stesso veicolo aziendale.\" \/>\n<meta property=\"og:url\" content=\"https:\/\/www.quartix.com\/it-it\/identificazione-conducente\/\" \/>\n<meta property=\"og:site_name\" content=\"Quartix\" \/>\n<meta property=\"article:publisher\" content=\"https:\/\/www.facebook.com\/Quartix-USA-374426386097401\/\" \/>\n<meta property=\"article:modified_time\" content=\"2022-06-22T13:55:57+00:00\" \/>\n<meta property=\"og:image\" content=\"https:\/\/www.quartix.com\/content\/uploads\/2019\/07\/Driver-ID-2.jpg\" \/>\n\t<meta property=\"og:image:width\" content=\"450\" \/>\n\t<meta property=\"og:image:height\" content=\"316\" \/>\n\t<meta property=\"og:image:type\" content=\"image\/jpeg\" \/>\n<meta name=\"twitter:card\" content=\"summary_large_image\" \/>\n<meta name=\"twitter:site\" content=\"@QuartixUSA\" \/>\n<meta name=\"twitter:label1\" content=\"Est. reading time\" \/>\n\t<meta name=\"twitter:data1\" content=\"2 minutes\" \/>\n<!-- \/ Yoast SEO Premium plugin. -->","yoast_head_json":{"title":"Identificazione conducente - IT","description":"L\u2019identificazione del conducente di Quartix ti permette di tenere traccia delle attivit\u00e0 dei tuoi conducenti singolarmente, anche quando utilizzano lo stesso veicolo aziendale.","robots":{"index":"index","follow":"follow","max-snippet":"max-snippet:-1","max-image-preview":"max-image-preview:large","max-video-preview":"max-video-preview:-1"},"canonical":"https:\/\/www.quartix.com\/it-it\/identificazione-conducente\/","og_locale":"it_IT","og_type":"article","og_title":"Identificazione conducente","og_description":"L\u2019identificazione del conducente di Quartix ti permette di tenere traccia delle attivit\u00e0 dei tuoi conducenti singolarmente, anche quando utilizzano lo stesso veicolo aziendale.","og_url":"https:\/\/www.quartix.com\/it-it\/identificazione-conducente\/","og_site_name":"Quartix","article_publisher":"https:\/\/www.facebook.com\/Quartix-USA-374426386097401\/","article_modified_time":"2022-06-22T13:55:57+00:00","og_image":[{"width":450,"height":316,"url":"https:\/\/www.quartix.com\/content\/uploads\/2019\/07\/Driver-ID-2.jpg","type":"image\/jpeg"}],"twitter_card":"summary_large_image","twitter_site":"@QuartixUSA","twitter_misc":{"Est. reading time":"2 minutes"},"schema":{"@context":"https:\/\/schema.org","@graph":[{"@type":"WebPage","@id":"https:\/\/www.quartix.com\/it-it\/identificazione-conducente\/","url":"https:\/\/www.quartix.com\/it-it\/identificazione-conducente\/","name":"Identificazione conducente","isPartOf":{"@id":"https:\/\/www.quartix.com\/it-it\/#website"},"primaryImageOfPage":{"@id":"https:\/\/www.quartix.com\/it-it\/identificazione-conducente\/#primaryimage"},"image":{"@id":"https:\/\/www.quartix.com\/it-it\/identificazione-conducente\/#primaryimage"},"thumbnailUrl":"https:\/\/www.quartix.com\/content\/uploads\/2019\/07\/Driver-ID-2.jpg","datePublished":"2022-06-22T13:55:55+00:00","dateModified":"2022-06-22T13:55:57+00:00","description":"L\u2019identificazione del conducente di Quartix ti permette di tenere traccia delle attivit\u00e0 dei tuoi conducenti singolarmente, anche quando utilizzano lo stesso veicolo aziendale.","breadcrumb":{"@id":"https:\/\/www.quartix.com\/it-it\/identificazione-conducente\/#breadcrumb"},"inLanguage":"it-IT","potentialAction":[{"@type":"ReadAction","target":["https:\/\/www.quartix.com\/it-it\/identificazione-conducente\/"]}]},{"@type":"ImageObject","inLanguage":"it-IT","@id":"https:\/\/www.quartix.com\/it-it\/identificazione-conducente\/#primaryimage","url":"https:\/\/www.quartix.com\/content\/uploads\/2019\/07\/Driver-ID-2.jpg","contentUrl":"https:\/\/www.quartix.com\/content\/uploads\/2019\/07\/Driver-ID-2.jpg","width":450,"height":316},{"@type":"BreadcrumbList","@id":"https:\/\/www.quartix.com\/it-it\/identificazione-conducente\/#breadcrumb","itemListElement":[{"@type":"ListItem","position":1,"name":"Home","item":"https:\/\/www.quartix.com\/it-it\/quartix-localizzazione-dei-veicoli-in-tempo-reale\/"},{"@type":"ListItem","position":2,"name":"Identificazione conducente"}]},{"@type":"WebSite","@id":"https:\/\/www.quartix.com\/it-it\/#website","url":"https:\/\/www.quartix.com\/it-it\/","name":"Quartix","description":"Real-time vehicle tracking","publisher":{"@id":"https:\/\/www.quartix.com\/it-it\/#organization"},"potentialAction":[{"@type":"SearchAction","target":{"@type":"EntryPoint","urlTemplate":"https:\/\/www.quartix.com\/it-it\/?s={search_term_string}"},"query-input":{"@type":"PropertyValueSpecification","valueRequired":true,"valueName":"search_term_string"}}],"inLanguage":"it-IT"},{"@type":"Organization","@id":"https:\/\/www.quartix.com\/it-it\/#organization","name":"Quartix","url":"https:\/\/www.quartix.com\/it-it\/","logo":{"@type":"ImageObject","inLanguage":"it-IT","@id":"https:\/\/www.quartix.com\/it-it\/#\/schema\/logo\/image\/","url":"https:\/\/www.quartix.com\/content\/uploads\/2019\/02\/quartix-logo-eur.svg","contentUrl":"https:\/\/www.quartix.com\/content\/uploads\/2019\/02\/quartix-logo-eur.svg","width":1,"height":1,"caption":"Quartix"},"image":{"@id":"https:\/\/www.quartix.com\/it-it\/#\/schema\/logo\/image\/"},"sameAs":["https:\/\/www.facebook.com\/Quartix-USA-374426386097401\/","https:\/\/x.com\/QuartixUSA","https:\/\/www.linkedin.com\/company\/5346733\/","https:\/\/www.youtube.com\/channel\/UCzS-_GMfHF4kWiCheyIRrAQ"]}]}},"_links":{"self":[{"href":"https:\/\/www.quartix.com\/it-it\/wp-json\/wp\/v2\/pages\/75939","targetHints":{"allow":["GET"]}}],"collection":[{"href":"https:\/\/www.quartix.com\/it-it\/wp-json\/wp\/v2\/pages"}],"about":[{"href":"https:\/\/www.quartix.com\/it-it\/wp-json\/wp\/v2\/types\/page"}],"author":[{"embeddable":true,"href":"https:\/\/www.quartix.com\/it-it\/wp-json\/wp\/v2\/users\/12"}],"replies":[{"embeddable":true,"href":"https:\/\/www.quartix.com\/it-it\/wp-json\/wp\/v2\/comments?post=75939"}],"version-history":[{"count":0,"href":"https:\/\/www.quartix.com\/it-it\/wp-json\/wp\/v2\/pages\/75939\/revisions"}],"wp:featuredmedia":[{"embeddable":true,"href":"https:\/\/www.quartix.com\/it-it\/wp-json\/wp\/v2\/media\/25053"}],"wp:attachment":[{"href":"https:\/\/www.quartix.com\/it-it\/wp-json\/wp\/v2\/media?parent=75939"}],"wp:term":[{"taxonomy":"topic","embeddable":true,"href":"https:\/\/www.quartix.com\/it-it\/wp-json\/wp\/v2\/topic?post=75939"},{"taxonomy":"qtx_campaign","embeddable":true,"href":"https:\/\/www.quartix.com\/it-it\/wp-json\/wp\/v2\/qtx_campaign?post=75939"}],"curies":[{"name":"wp","href":"https:\/\/api.w.org\/{rel}","templated":true}]}}