{"id":13413,"date":"2019-01-14T10:51:01","date_gmt":"2019-01-14T10:51:01","guid":{"rendered":" https:\/\/www.quartix.com\/wiecej\/industry-guides-vehicle-tracking\/"},"modified":"2022-10-14T12:10:15","modified_gmt":"2022-10-14T11:10:15","slug":"poradniki-dla-poszczegolnych-sektorow","status":"publish","type":"page","link":"https:\/\/www.quartix.com\/pl-pl\/wiecej\/poradniki-dla-poszczegolnych-sektorow\/","title":{"rendered":"Poradniki"},"content":{"rendered":"\r\n\r\n<section  class=\"qtx-pagebuilder-section qtx-pagebuilder-section-guidelisting  nobottommargin\">\r\n        <div class=\"listingouter\">\r\n            <div class=\"listingwrapper\">\r\n                <div class=\"listing\">\r\n                        <div class=\"listingtitle\"><h4>Bran\u017ce<\/h4><h3>Lokalizacja pojazd\u00f3w dla bran\u017cy us\u0142ugowej<\/h3><\/div>                        <div class=\"listingcontent\"><p>&nbsp;<\/p>\n<\/div>                        <a class='btn btn-green' href='https:\/\/go.pardot.com\/l\/375002\/2019-07-15\/6bxz91\/375002\/353594\/PL_Vehicle_Tracking_for_Trades_Industry_Guide.pdf' title='Poradniki' target=''>Poradniki <i aria-hidden='true' class='fas fa-arrow-circle-right'><\/i><\/a>                <\/div>\r\n                <div class=\"image\">\r\n                                                <img loading=\"lazy\" decoding=\"async\" width=\"500\" height=\"333\" src=\"https:\/\/www.quartix.com\/content\/uploads\/2020\/01\/Trades-Guide-Image-Small.jpg\" class=\"\" alt=\"Quartix Fleet Image\" srcset=\"https:\/\/www.quartix.com\/content\/uploads\/2020\/01\/Trades-Guide-Image-Small.jpg 500w, https:\/\/www.quartix.com\/content\/uploads\/2020\/01\/Trades-Guide-Image-Small-300x200.jpg 300w\" sizes=\"auto, (max-width: 500px) 100vw, 500px\" \/>  \r\n                                    <\/div>\r\n            <\/div>\r\n        <\/div>\r\n            <div class=\"listingouter\">\r\n            <div class=\"listingwrapper\">\r\n                <div class=\"listing\">\r\n                        <div class=\"listingtitle\"><h4>Bran\u017ce<\/h4><h3>Czym jest  ekonomiczna jazda  i jak mo\u017ce pom\u00f3c  Twojej firmie?<\/h3><\/div>                        <div class=\"listingcontent\"><p>&nbsp;<\/p>\n<\/div>                        <a class='btn btn-green' href='https:\/\/go.pardot.com\/l\/375002\/2019-10-10\/6cszpq\/375002\/371251\/PL_Quartix_Eco_driving_Guide.pdf' title=' Poradniki' target=''> Poradniki <i aria-hidden='true' class='fas fa-arrow-circle-right'><\/i><\/a>                <\/div>\r\n                <div class=\"image\">\r\n                                                <img loading=\"lazy\" decoding=\"async\" width=\"600\" height=\"400\" src=\"https:\/\/www.quartix.com\/content\/uploads\/2021\/04\/vehicle-traking-delivery-driver-.png\" class=\"\" alt=\"vehicle traking delivery driver\" srcset=\"https:\/\/www.quartix.com\/content\/uploads\/2021\/04\/vehicle-traking-delivery-driver-.png 600w, https:\/\/www.quartix.com\/content\/uploads\/2021\/04\/vehicle-traking-delivery-driver--300x200.png 300w\" sizes=\"auto, (max-width: 600px) 100vw, 600px\" \/>  \r\n                                    <\/div>\r\n            <\/div>\r\n        <\/div>\r\n            <div class=\"listingouter\">\r\n            <div class=\"listingwrapper\">\r\n                <div class=\"listing\">\r\n                        <div class=\"listingtitle\"><h4>Bran\u017ce<\/h4><h3>Korzy\u015bci p\u0142yn\u0105ce z monitorowania pojazd\u00f3w dla kierowc\u00f3w<\/h3><\/div>                        <div class=\"listingcontent\"><p>&nbsp;<\/p>\n<\/div>                        <a class='btn btn-green' href='https:\/\/go.pardot.com\/l\/375002\/2019-07-15\/6bxz8m\/375002\/353584\/PL_Benefits_for_drivers_guide.pdf' title='Poradniki' target=''>Poradniki <i aria-hidden='true' class='fas fa-arrow-circle-right'><\/i><\/a>                <\/div>\r\n                <div class=\"image\">\r\n                                                <img loading=\"lazy\" decoding=\"async\" width=\"640\" height=\"904\" src=\"https:\/\/www.quartix.com\/content\/uploads\/2022\/05\/PL-benefits-for-drivers-cover-708x1000-1.png\" class=\"\" alt=\"\" srcset=\"https:\/\/www.quartix.com\/content\/uploads\/2022\/05\/PL-benefits-for-drivers-cover-708x1000-1.png 708w, https:\/\/www.quartix.com\/content\/uploads\/2022\/05\/PL-benefits-for-drivers-cover-708x1000-1-212x300.png 212w\" sizes=\"auto, (max-width: 640px) 100vw, 640px\" \/>  \r\n                                    <\/div>\r\n            <\/div>\r\n        <\/div>\r\n            <div class=\"listingouter\">\r\n            <div class=\"listingwrapper\">\r\n                <div class=\"listing\">\r\n                        <div class=\"listingtitle\"><h4>Bran\u017ce<\/h4><h3>Lokalizacja pojazd\u00f3w \u2013  poradnik dla kupuj\u0105cych<\/h3><\/div>                        <div class=\"listingcontent\"><p>&nbsp;<\/p>\n<\/div>                        <a class='btn btn-green' href='https:\/\/go.pardot.com\/l\/375002\/2019-07-15\/6bxz8r\/375002\/353586\/PL_Quartix_Buyers_Guide.pdf' title='Poradniki' target=''>Poradniki <i aria-hidden='true' class='fas fa-arrow-circle-right'><\/i><\/a>                <\/div>\r\n                <div class=\"image\">\r\n                                                <img loading=\"lazy\" decoding=\"async\" width=\"640\" height=\"905\" src=\"https:\/\/www.quartix.com\/content\/uploads\/2022\/05\/PL-buyers-guide-cover-707x1000-1.png\" class=\"\" alt=\"\" srcset=\"https:\/\/www.quartix.com\/content\/uploads\/2022\/05\/PL-buyers-guide-cover-707x1000-1.png 707w, https:\/\/www.quartix.com\/content\/uploads\/2022\/05\/PL-buyers-guide-cover-707x1000-1-212x300.png 212w\" sizes=\"auto, (max-width: 640px) 100vw, 640px\" \/>  \r\n                                    <\/div>\r\n            <\/div>\r\n        <\/div>\r\n            <div class=\"listingouter\">\r\n            <div class=\"listingwrapper\">\r\n                <div class=\"listing\">\r\n                        <div class=\"listingtitle\"><h4>Bran\u017ce<\/h4><h3>Przewodnik monitorowania pojazd\u00f3w dla architekt\u00f3w krajobrazu<\/h3><\/div>                        <div class=\"listingcontent\"><p>&nbsp;<\/p>\n<\/div>                        <a class='btn btn-green' href='https:\/\/go.pardot.com\/l\/375002\/2019-07-15\/6bxz8y\/375002\/353592\/PL_Vehicle_Tracking_for_Landscapers_Guide.pdf' title='Poradniki' target=''>Poradniki <i aria-hidden='true' class='fas fa-arrow-circle-right'><\/i><\/a>                <\/div>\r\n                <div class=\"image\">\r\n                                                <img loading=\"lazy\" decoding=\"async\" width=\"640\" height=\"650\" src=\"https:\/\/www.quartix.com\/content\/uploads\/2019\/08\/PL-Landscaping-guide-image.png\" class=\"\" alt=\"\" srcset=\"https:\/\/www.quartix.com\/content\/uploads\/2019\/08\/PL-Landscaping-guide-image.png 823w, https:\/\/www.quartix.com\/content\/uploads\/2019\/08\/PL-Landscaping-guide-image-295x300.png 295w, https:\/\/www.quartix.com\/content\/uploads\/2019\/08\/PL-Landscaping-guide-image-768x780.png 768w\" sizes=\"auto, (max-width: 640px) 100vw, 640px\" \/>  \r\n                                    <\/div>\r\n            <\/div>\r\n        <\/div>\r\n            <div class=\"listingouter\">\r\n            <div class=\"listingwrapper\">\r\n                <div class=\"listing\">\r\n                        <div class=\"listingtitle\"><h4>Bran\u017ce<\/h4><h3>Przewodnik do systemu lokalizacji pojazd\u00f3w dla firm budowlanych<\/h3><\/div>                        <div class=\"listingcontent\"><p>&nbsp;<\/p>\n<\/div>                        <a class='btn btn-green' href='https:\/\/go.pardot.com\/l\/375002\/2019-07-15\/6bxz8w\/375002\/353590\/PL_Vehicle_Tracking_for_Construction_Guide.pdf%20' title='Poradniki' target=''>Poradniki <i aria-hidden='true' class='fas fa-arrow-circle-right'><\/i><\/a>                <\/div>\r\n                <div class=\"image\">\r\n                                                <img loading=\"lazy\" decoding=\"async\" width=\"640\" height=\"909\" src=\"https:\/\/www.quartix.com\/content\/uploads\/2022\/05\/PL-Construction-guide-cover-1-704x1000-1.png\" class=\"\" alt=\"\" srcset=\"https:\/\/www.quartix.com\/content\/uploads\/2022\/05\/PL-Construction-guide-cover-1-704x1000-1.png 704w, https:\/\/www.quartix.com\/content\/uploads\/2022\/05\/PL-Construction-guide-cover-1-704x1000-1-211x300.png 211w\" sizes=\"auto, (max-width: 640px) 100vw, 640px\" \/>  \r\n                                    <\/div>\r\n            <\/div>\r\n        <\/div>\r\n            <div class=\"listingouter\">\r\n            <div class=\"listingwrapper\">\r\n                <div class=\"listing\">\r\n                        <div class=\"listingtitle\"><h4>Bran\u017ce<\/h4><h3>Jak opracowa\u0107 analiz\u0119  korzy\u015bci ze stosowania  systemu lokalizacji pojazd\u00f3w<\/h3><\/div>                        <div class=\"listingcontent\"><p>&nbsp;<\/p>\n<\/div>                        <a class='btn btn-green' href='https:\/\/go.pardot.com\/l\/375002\/2019-08-08\/6c6gnr\/375002\/358914\/PL_Building_the_Business_Case_Guide.pdf%20' title='Poradniki' target=''>Poradniki <i aria-hidden='true' class='fas fa-arrow-circle-right'><\/i><\/a>                <\/div>\r\n                <div class=\"image\">\r\n                                                <img loading=\"lazy\" decoding=\"async\" width=\"640\" height=\"908\" src=\"https:\/\/www.quartix.com\/content\/uploads\/2022\/05\/PL-business-case-guide-cover-705x1000-1.png\" class=\"\" alt=\"\" srcset=\"https:\/\/www.quartix.com\/content\/uploads\/2022\/05\/PL-business-case-guide-cover-705x1000-1.png 705w, https:\/\/www.quartix.com\/content\/uploads\/2022\/05\/PL-business-case-guide-cover-705x1000-1-212x300.png 212w\" sizes=\"auto, (max-width: 640px) 100vw, 640px\" \/>  \r\n                                    <\/div>\r\n            <\/div>\r\n        <\/div>\r\n            <div class=\"listingouter\">\r\n            <div class=\"listingwrapper\">\r\n                <div class=\"listing\">\r\n                        <div class=\"listingtitle\"><h4>Bran\u017ce<\/h4><h3>Przewodnik do systemu lokalizacji pojazd\u00f3w dla firm budowlanych<\/h3><\/div>                        <div class=\"listingcontent\"><p>&nbsp;<\/p>\n<\/div>                        <a class='btn btn-green' href='https:\/\/go.pardot.com\/l\/375002\/2019-07-15\/6bxz8w\/375002\/353590\/PL_Vehicle_Tracking_for_Construction_Guide.pdf%20' title='Poradniki' target=''>Poradniki <i aria-hidden='true' class='fas fa-arrow-circle-right'><\/i><\/a>                <\/div>\r\n                <div class=\"image\">\r\n                                                <img loading=\"lazy\" decoding=\"async\" width=\"640\" height=\"909\" src=\"https:\/\/www.quartix.com\/content\/uploads\/2022\/05\/PL-Construction-guide-cover-1-704x1000-1-1.png\" class=\"\" alt=\"\" srcset=\"https:\/\/www.quartix.com\/content\/uploads\/2022\/05\/PL-Construction-guide-cover-1-704x1000-1-1.png 704w, https:\/\/www.quartix.com\/content\/uploads\/2022\/05\/PL-Construction-guide-cover-1-704x1000-1-1-211x300.png 211w\" sizes=\"auto, (max-width: 640px) 100vw, 640px\" \/>  \r\n                                    <\/div>\r\n            <\/div>\r\n        <\/div>\r\n    <\/section>\r\n    ","protected":false},"excerpt":{"rendered":"","protected":false},"author":12,"featured_media":0,"parent":4699,"menu_order":40,"comment_status":"closed","ping_status":"closed","template":"","meta":{"_acf_changed":false,"inline_featured_image":false,"footnotes":""},"topic":[],"qtx_campaign":[],"class_list":["post-13413","page","type-page","status-publish","hentry"],"acf":[],"yoast_head":"<!-- This site is optimized with the Yoast SEO Premium plugin v27.2 (Yoast SEO v27.2) - https:\/\/yoast.com\/product\/yoast-seo-premium-wordpress\/ -->\n<title>Poradniki dla poszczeg\u00f3lnych sektor\u00f3w - PL<\/title>\n<meta name=\"description\" content=\"Quartix have created a series of guides to vehicle tracking for trades, construction and fleet managers. Download the free guides.\" \/>\n<meta name=\"robots\" content=\"index, follow, max-snippet:-1, max-image-preview:large, max-video-preview:-1\" \/>\n<link rel=\"canonical\" href=\"https:\/\/www.quartix.com\/pl-pl\/wiecej\/poradniki-dla-poszczegolnych-sektorow\/\" \/>\n<meta property=\"og:locale\" content=\"pl_PL\" \/>\n<meta property=\"og:type\" content=\"article\" \/>\n<meta property=\"og:title\" content=\"Poradniki\" \/>\n<meta property=\"og:description\" content=\"Quartix have created a series of guides to vehicle tracking for trades, construction and fleet managers. Download the free guides.\" \/>\n<meta property=\"og:url\" content=\"https:\/\/www.quartix.com\/pl-pl\/wiecej\/poradniki-dla-poszczegolnych-sektorow\/\" \/>\n<meta property=\"og:site_name\" content=\"Quartix\" \/>\n<meta property=\"article:publisher\" content=\"https:\/\/www.facebook.com\/Quartix-USA-374426386097401\/\" \/>\n<meta property=\"article:modified_time\" content=\"2022-10-14T11:10:15+00:00\" \/>\n<meta name=\"twitter:card\" content=\"summary_large_image\" \/>\n<meta name=\"twitter:site\" content=\"@QuartixUSA\" \/>\n<!-- \/ Yoast SEO Premium plugin. -->","yoast_head_json":{"title":"Poradniki dla poszczeg\u00f3lnych sektor\u00f3w - PL","description":"Quartix have created a series of guides to vehicle tracking for trades, construction and fleet managers. Download the free guides.","robots":{"index":"index","follow":"follow","max-snippet":"max-snippet:-1","max-image-preview":"max-image-preview:large","max-video-preview":"max-video-preview:-1"},"canonical":"https:\/\/www.quartix.com\/pl-pl\/wiecej\/poradniki-dla-poszczegolnych-sektorow\/","og_locale":"pl_PL","og_type":"article","og_title":"Poradniki","og_description":"Quartix have created a series of guides to vehicle tracking for trades, construction and fleet managers. Download the free guides.","og_url":"https:\/\/www.quartix.com\/pl-pl\/wiecej\/poradniki-dla-poszczegolnych-sektorow\/","og_site_name":"Quartix","article_publisher":"https:\/\/www.facebook.com\/Quartix-USA-374426386097401\/","article_modified_time":"2022-10-14T11:10:15+00:00","twitter_card":"summary_large_image","twitter_site":"@QuartixUSA","schema":{"@context":"https:\/\/schema.org","@graph":[{"@type":"WebPage","@id":"https:\/\/www.quartix.com\/pl-pl\/wiecej\/poradniki-dla-poszczegolnych-sektorow\/","url":"https:\/\/www.quartix.com\/pl-pl\/wiecej\/poradniki-dla-poszczegolnych-sektorow\/","name":"Poradniki dla poszczeg\u00f3lnych sektor\u00f3w","isPartOf":{"@id":"https:\/\/www.quartix.com\/pl-pl\/#website"},"datePublished":"2019-01-14T10:51:01+00:00","dateModified":"2022-10-14T11:10:15+00:00","description":"Quartix have created a series of guides to vehicle tracking for trades, construction and fleet managers. Download the free guides.","breadcrumb":{"@id":"https:\/\/www.quartix.com\/pl-pl\/wiecej\/poradniki-dla-poszczegolnych-sektorow\/#breadcrumb"},"inLanguage":"pl-PL","potentialAction":[{"@type":"ReadAction","target":["https:\/\/www.quartix.com\/pl-pl\/wiecej\/poradniki-dla-poszczegolnych-sektorow\/"]}]},{"@type":"BreadcrumbList","@id":"https:\/\/www.quartix.com\/pl-pl\/wiecej\/poradniki-dla-poszczegolnych-sektorow\/#breadcrumb","itemListElement":[{"@type":"ListItem","position":1,"name":"Strona G\u0142\u00f3wna","item":"https:\/\/www.quartix.com\/pl-pl\/quartix-real-time-vehicle-tracking-2\/"},{"@type":"ListItem","position":2,"name":"Wi\u0119cej","item":"https:\/\/www.quartix.com\/pl-pl\/wiecej\/"},{"@type":"ListItem","position":3,"name":"Poradniki"}]},{"@type":"WebSite","@id":"https:\/\/www.quartix.com\/pl-pl\/#website","url":"https:\/\/www.quartix.com\/pl-pl\/","name":"Quartix","description":"Real-time vehicle tracking","publisher":{"@id":"https:\/\/www.quartix.com\/pl-pl\/#organization"},"potentialAction":[{"@type":"SearchAction","target":{"@type":"EntryPoint","urlTemplate":"https:\/\/www.quartix.com\/pl-pl\/?s={search_term_string}"},"query-input":{"@type":"PropertyValueSpecification","valueRequired":true,"valueName":"search_term_string"}}],"inLanguage":"pl-PL"},{"@type":"Organization","@id":"https:\/\/www.quartix.com\/pl-pl\/#organization","name":"Quartix","url":"https:\/\/www.quartix.com\/pl-pl\/","logo":{"@type":"ImageObject","inLanguage":"pl-PL","@id":"https:\/\/www.quartix.com\/pl-pl\/#\/schema\/logo\/image\/","url":"https:\/\/www.quartix.com\/content\/uploads\/2019\/02\/quartix-logo-eur.svg","contentUrl":"https:\/\/www.quartix.com\/content\/uploads\/2019\/02\/quartix-logo-eur.svg","width":1,"height":1,"caption":"Quartix"},"image":{"@id":"https:\/\/www.quartix.com\/pl-pl\/#\/schema\/logo\/image\/"},"sameAs":["https:\/\/www.facebook.com\/Quartix-USA-374426386097401\/","https:\/\/x.com\/QuartixUSA","https:\/\/www.linkedin.com\/company\/5346733\/","https:\/\/www.youtube.com\/channel\/UCzS-_GMfHF4kWiCheyIRrAQ"]}]}},"_links":{"self":[{"href":"https:\/\/www.quartix.com\/pl-pl\/wp-json\/wp\/v2\/pages\/13413","targetHints":{"allow":["GET"]}}],"collection":[{"href":"https:\/\/www.quartix.com\/pl-pl\/wp-json\/wp\/v2\/pages"}],"about":[{"href":"https:\/\/www.quartix.com\/pl-pl\/wp-json\/wp\/v2\/types\/page"}],"author":[{"embeddable":true,"href":"https:\/\/www.quartix.com\/pl-pl\/wp-json\/wp\/v2\/users\/12"}],"replies":[{"embeddable":true,"href":"https:\/\/www.quartix.com\/pl-pl\/wp-json\/wp\/v2\/comments?post=13413"}],"version-history":[{"count":0,"href":"https:\/\/www.quartix.com\/pl-pl\/wp-json\/wp\/v2\/pages\/13413\/revisions"}],"up":[{"embeddable":true,"href":"https:\/\/www.quartix.com\/pl-pl\/wp-json\/wp\/v2\/pages\/4699"}],"wp:attachment":[{"href":"https:\/\/www.quartix.com\/pl-pl\/wp-json\/wp\/v2\/media?parent=13413"}],"wp:term":[{"taxonomy":"topic","embeddable":true,"href":"https:\/\/www.quartix.com\/pl-pl\/wp-json\/wp\/v2\/topic?post=13413"},{"taxonomy":"qtx_campaign","embeddable":true,"href":"https:\/\/www.quartix.com\/pl-pl\/wp-json\/wp\/v2\/qtx_campaign?post=13413"}],"curies":[{"name":"wp","href":"https:\/\/api.w.org\/{rel}","templated":true}]}}