{"id":28262,"date":"2019-07-09T06:50:16","date_gmt":"2019-07-09T06:50:16","guid":{"rendered":" https:\/\/www.quartix.com\/darmowa-3-miesieczna-oferta-lokalizacji\/"},"modified":"2022-10-14T12:26:26","modified_gmt":"2022-10-14T11:26:26","slug":"darmowa-3-miesieczna-oferta-lokalizacji","status":"publish","type":"page","link":"https:\/\/www.quartix.com\/pl-pl\/darmowa-3-miesieczna-oferta-lokalizacji\/","title":{"rendered":"Darmowa 3-miesi\u0119czna oferta lokalizacji"},"content":{"rendered":"\n<div class=\"wp-block-columns is-layout-flex wp-container-core-columns-is-layout-28f84493 wp-block-columns-is-layout-flex\">\n<div class=\"wp-block-column is-layout-flow wp-block-column-is-layout-flow\">\n<h2 class=\"wp-block-heading\">Co daje Ci Quartix?<\/h2>\n\n\n\n<ul class=\"wp-block-list\"><li>Zwi\u0119ksz wydajno\u015b\u0107 i zweryfikuj czas pracy pracownik\u00f3w<\/li><li>Udoskonal styl prowadzenia pojazd\u00f3w za pomoc\u0105 dog\u0142\u0119bnej analizy i raport\u00f3w<\/li><li>Dowiedz si\u0119, kiedy kierowcy wje\u017cd\u017caj\u0105 lub opuszczaj\u0105 zdefiniowany obszar<\/li><li>Dostosuj dane lokalizacyjne i otrzymuj powiadomienia mailowe<\/li><\/ul>\n\n\n\n<p>Kod oferty: 3MFREE20<\/p>\n\n\n\n<figure class=\"wp-block-image\"><img decoding=\"async\" src=\" https:\/\/www.quartix.com\/content\/uploads\/2020\/04\/quartix_PL_screens_apps_image_MAR20d708f4f5121538bd7c1c2b2c8d9107dd10bc42eea3f849339589fc77b7a8d1a4-768x438.jpg\" alt=\"\"\/><\/figure>\n<\/div>\n\n\n\n<div class=\"wp-block-column is-layout-flow wp-block-column-is-layout-flow\">\n<h2 class=\"wp-block-heading\" id=\"Skorzystaj-z-naszej-limitowanej-czasowo-oferty\">Skorzystaj z naszej limitowanej czasowo oferty<\/h2>\n\n\n\n<div class=\"wpcf7 no-js\" id=\"wpcf7-f74212-o1\" lang=\"pl-PL\" dir=\"ltr\" data-wpcf7-id=\"74212\">\n<div class=\"screen-reader-response\"><p role=\"status\" aria-live=\"polite\" aria-atomic=\"true\"><\/p> <ul><\/ul><\/div>\n<form action=\"\/pl-pl\/wp-json\/wp\/v2\/pages\/28262#wpcf7-f74212-o1\" method=\"post\" class=\"wpcf7-form init\" aria-label=\"Contact form\" novalidate=\"novalidate\" data-status=\"init\">\n<fieldset class=\"hidden-fields-container\"><input type=\"hidden\" name=\"_wpcf7\" value=\"74212\" \/><input type=\"hidden\" name=\"_wpcf7_version\" value=\"6.1.5\" \/><input type=\"hidden\" name=\"_wpcf7_locale\" value=\"pl_PL\" \/><input type=\"hidden\" name=\"_wpcf7_unit_tag\" value=\"wpcf7-f74212-o1\" \/><input type=\"hidden\" name=\"_wpcf7_container_post\" value=\"0\" \/><input type=\"hidden\" name=\"_wpcf7_posted_data_hash\" value=\"\" \/><input type=\"hidden\" name=\"_wpcf7cf_hidden_group_fields\" value=\"[]\" \/><input type=\"hidden\" name=\"_wpcf7cf_hidden_groups\" value=\"[]\" \/><input type=\"hidden\" name=\"_wpcf7cf_visible_groups\" value=\"[]\" \/><input type=\"hidden\" name=\"_wpcf7cf_repeaters\" value=\"[]\" \/><input type=\"hidden\" name=\"_wpcf7cf_steps\" value=\"{}\" \/><input type=\"hidden\" name=\"_wpcf7cf_options\" value=\"{&quot;form_id&quot;:74212,&quot;conditions&quot;:[],&quot;settings&quot;:{&quot;animation&quot;:&quot;yes&quot;,&quot;animation_intime&quot;:200,&quot;animation_outtime&quot;:200,&quot;conditions_ui&quot;:&quot;normal&quot;,&quot;notice_dismissed&quot;:false,&quot;notice_dismissed_update-cf7-6.0&quot;:true,&quot;notice_dismissed_update-cf7-6.0.1&quot;:true,&quot;notice_dismissed_update-cf7-6.0.2&quot;:true,&quot;notice_dismissed_rollback-cf7-6.0.5&quot;:true}}\" \/><input type=\"hidden\" name=\"_wpcf7_recaptcha_response\" value=\"\" \/>\n<\/fieldset>\n<div class=\"input-wrapper\"><span class=\"icon icon-face\"><\/span><span class=\"wpcf7-form-control-wrap\" data-name=\"first_name\"><input size=\"40\" maxlength=\"400\" class=\"wpcf7-form-control wpcf7-text wpcf7-validates-as-required\" aria-required=\"true\" aria-invalid=\"false\" placeholder=\"Imi\u0119 *\" value=\"\" type=\"text\" name=\"first_name\" \/><\/span><span class=\"wpcf7-form-control-wrap\" data-name=\"last_name\"><input size=\"40\" maxlength=\"400\" class=\"wpcf7-form-control wpcf7-text wpcf7-validates-as-required\" aria-required=\"true\" aria-invalid=\"false\" placeholder=\"Nazwisko *\" value=\"\" type=\"text\" name=\"last_name\" \/><\/span><\/div>\n<div class=\"input-wrapper\"><span class=\"icon icon-envelope\"><\/span><span class=\"wpcf7-form-control-wrap\" data-name=\"email\"><input size=\"40\" maxlength=\"400\" class=\"wpcf7-form-control wpcf7-email wpcf7-validates-as-required wpcf7-text wpcf7-validates-as-email\" aria-required=\"true\" aria-invalid=\"false\" placeholder=\"Email *\" value=\"\" type=\"email\" name=\"email\" \/><\/span><\/div>\n<div class=\"input-wrapper\"><span class=\"icon icon-company\"><\/span><span class=\"wpcf7-form-control-wrap\" data-name=\"company\"><input size=\"40\" maxlength=\"400\" class=\"wpcf7-form-control wpcf7-text wpcf7-validates-as-required\" aria-required=\"true\" aria-invalid=\"false\" placeholder=\"Firma * *\" value=\"\" type=\"text\" name=\"company\" \/><\/span><\/div>\n<div class=\"input-wrapper\"><span class=\"icon icon-telephone\"><\/span><span class=\"wpcf7-form-control-wrap\" data-name=\"phone\"><input size=\"40\" maxlength=\"400\" class=\"wpcf7-form-control wpcf7-tel wpcf7-validates-as-required wpcf7-text wpcf7-validates-as-tel\" aria-required=\"true\" aria-invalid=\"false\" placeholder=\"Telefon *\" value=\"\" type=\"tel\" name=\"phone\" \/><\/span><\/div>\n<div class=\"input-wrapper\"><span class=\"icon icon-vehicles\"><\/span><span class=\"wpcf7-form-control-wrap\" data-name=\"number_of_vehicles\"><input class=\"wpcf7-form-control wpcf7-number wpcf7-validates-as-required wpcf7-validates-as-number\" min=\"1\" aria-required=\"true\" aria-invalid=\"false\" placeholder=\"Liczba pojazd\u00f3w *\" value=\"\" type=\"number\" name=\"number_of_vehicles\" \/><\/span><\/div>\n<input type=\"hidden\" name=\"thankyouURL\" value=\"\/pl-pl\/potwierdzenie-kontaktu-oferty-specjalnej\/\" class=\"wpcf7-form-control wpcf7-hidden\" id=\"thankyouURL\">\n<input type=\"hidden\" name=\"pardot_extra_field\" value=\"\" class=\"wpcf7-form-control wpcf7-hidden\">\n<input type=\"hidden\" name=\"page_title\" value=\"No post title\" class=\"wpcf7-form-control wpcf7-hidden\">\n<div class=\"recatpcha-text\">Ta witryna jest chroniona przez reCAPTCHA i obowi\u0105zuje <a href=\"https:\/\/policies.google.com\/privacy?hl=pl\">Polityka prywatno\u015bci<\/a> i <a href=\"https:\/\/policies.google.com\/terms?hl=pl\">Warunki korzystania<\/a> z us\u0142ugi Google.<\/div>\n<div class=\"input-wrapper\"><input class=\"wpcf7-form-control wpcf7-submit has-spinner icon-plane\" type=\"submit\" value=\"Skorzystaj z 3 darmowych miesi\u0119cy\" \/><\/div><div class=\"wpcf7-response-output\" aria-hidden=\"true\"><\/div>\n<\/form>\n<\/div>\n\n\n\n\n<p>* Oferta wa\u017cna do 30 czerwiec 2020<\/p>\n<\/div>\n<\/div>\n\n\n<section  class=\"qtx-pagebuilder-section qtx-pagebuilder-section-blockquote qtx-pagebuilder-section-blockquote-green_testimonial_with_photo \">\r\n        <div class=\"green_testimonial_with_photo \">\r\n            <div class=\"img-container\">\r\n                                <img decoding=\"async\" src=\"https:\/\/www.quartix.com\/content\/uploads\/2019\/11\/Derek-Barnes.png\"\/>\r\n                            <\/div>\r\n            <blockquote>\r\n                                                <p>&#8220;Polecam Quartix. Ich obs\u0142uga klienta i \u0142atwo\u015b\u0107 obs\u0142ugi ich systemu przemawiaj\u0105 za nimi.&#8221;<\/p>\n                <footer>\r\n                   <cite class=\"author\">Derek Barnes<\/cite>\r\n                   <cite class=\"author_line_2\">Firma Advanced Timber Harvesters<\/cite>\r\n                <\/footer>\r\n            <\/blockquote>\r\n        <\/div>\r\n        <\/section>\r\n\r\n\n\n\n<div class=\"wp-block-columns is-layout-flex wp-container-core-columns-is-layout-28f84493 wp-block-columns-is-layout-flex\">\n<div class=\"wp-block-column is-layout-flow wp-block-column-is-layout-flow\">\n<h2 class=\"wp-block-heading\">Szybkie i wymierne oszcz\u0119dno\u015bci<\/h2>\n\n\n\r\n<section  class=\"qtx-pagebuilder-section qtx-pagebuilder-section-list \">\r\n<ul class='ticks fa-ul' style=''><li><span class='fa-li'><i class='fas fa-check-circle'><\/i><\/span>Obni\u017c zu\u017cycie paliwa o 25%<\/li><li><span class='fa-li'><i class='fas fa-check-circle'><\/i><\/span>Zwi\u0119ksz og\u00f3ln\u0105 wydajno\u015b\u0107 o 15%<\/li><li><span class='fa-li'><i class='fas fa-check-circle'><\/i><\/span>Zredukuj ilo\u015b\u0107 nadgodzin pracownik\u00f3w o 15%<\/li><li><span class='fa-li'><i class='fas fa-check-circle'><\/i><\/span>Usprawnij eksploatacj\u0119 pojazdu o 20%<\/li><li><span class='fa-li'><i class='fas fa-check-circle'><\/i><\/span>Zmniejsz przebieg nawet o 10%<\/li><\/ul><\/section>\n\n\n<p>*Frost &amp; Sullivan 2015<\/p>\n\n\n\n<p><\/p>\n\n\n    <div class=\"button-container \">\r\n<a href=\"#Skorzystaj-z-naszej-limitowanej-czasowo-oferty\" class=\"btn pagebuilder-btn btn-green btn-\" title=\"Zadzwo\u0144\" >Zadzwo\u0144<\/a>\r\n<\/div>\r\n<\/div>\n\n\n\n<div class=\"wp-block-column is-layout-flow wp-block-column-is-layout-flow\">\n<figure class=\"wp-block-image aligncenter size-large\"><img loading=\"lazy\" decoding=\"async\" width=\"1000\" height=\"502\" src=\" https:\/\/www.quartix.com\/content\/uploads\/2019\/08\/PL-live-tracking-new-menu-img-1000x502.png\" alt=\"\" class=\"wp-image-32300\" srcset=\"https:\/\/www.quartix.com\/content\/uploads\/2019\/08\/PL-live-tracking-new-menu-img-1000x502.png 1000w, https:\/\/www.quartix.com\/content\/uploads\/2019\/08\/PL-live-tracking-new-menu-img-300x151.png 300w, https:\/\/www.quartix.com\/content\/uploads\/2019\/08\/PL-live-tracking-new-menu-img-768x386.png 768w, https:\/\/www.quartix.com\/content\/uploads\/2019\/08\/PL-live-tracking-new-menu-img.png 1380w\" sizes=\"auto, (max-width: 1000px) 100vw, 1000px\" \/><\/figure>\n<\/div>\n<\/div>\n\n\n<section  class=\"qtx-pagebuilder-section qtx-pagebuilder-section-blockquote qtx-pagebuilder-section-blockquote- \">\r\n<\/section>\r\n\r\n\n\n\n<div class=\"wp-block-columns is-layout-flex wp-container-core-columns-is-layout-28f84493 wp-block-columns-is-layout-flex\">\n<div class=\"wp-block-column is-layout-flow wp-block-column-is-layout-flow\">\n<figure class=\"wp-block-image aligncenter size-full\"><img decoding=\"async\" src=\" https:\/\/www.quartix.com\/content\/uploads\/2021\/06\/experts-at-tracking.svg\" alt=\"\" class=\"wp-image-59289\"\/><\/figure>\n\n\n    <div class=\"button-container \">\r\n<a href=\"##Skorzystaj-z-naszej-limitowanej-czasowo-oferty\" class=\"btn pagebuilder-btn btn-green btn-\" title=\"Zadzwo\u0144\" >Zadzwo\u0144<\/a>\r\n<\/div>\r\n<\/div>\n\n\n\n<div class=\"wp-block-column is-layout-flow wp-block-column-is-layout-flow\">\n<h2 class=\"wp-block-heading\">Co otrzymujesz korzystaj\u0105c z tej oferty?<\/h2>\n\n\n\r\n<section  class=\"qtx-pagebuilder-section qtx-pagebuilder-section-list \">\r\n<ul class='ticks fa-ul' style=''><li><span class='fa-li'><i class='fas fa-check-circle'><\/i><\/span>12-miesi\u0119czna umowa, ceny od 31,50z\u0142 za pojazd za miesi\u0105c netto<\/li><li><span class='fa-li'><i class='fas fa-check-circle'><\/i><\/span>Brak automatycznego odnawiania um\u00f3w<\/li><li><span class='fa-li'><i class='fas fa-check-circle'><\/i><\/span>Pierwszorz\u0119dna obs\u0142uga klienta<\/li><\/ul><\/section>\n\n\n<p><strong>Warunki oferty:<\/strong><\/p>\n\n\n\n<ul class=\"wp-block-list\"><li>Oferta wa\u017cna tylko w pierwszym roku kontraktu<\/li><li>Obowi\u0105zuj\u0105 og\u00f3lne <a href=\"\/pl-pl\/warunki-i-postanowienia\/\" target=\"_blank\" rel=\"noopener noreferrer\">warunki \u015bwiadczenia<\/a> us\u0142ug firmy Quartix<\/li><li>Oferta nie mo\u017ce by\u0107 \u0142\u0105czona z innymi ofertami<\/li><li>Op\u0142ata aktywacyjna 1z\u0142<\/li><\/ul>\n<\/div>\n<\/div>\n","protected":false},"excerpt":{"rendered":"<p>Co daje Ci Quartix? Zwi\u0119ksz wydajno\u015b\u0107 i zweryfikuj czas pracy pracownik\u00f3w Udoskonal styl prowadzenia pojazd\u00f3w za pomoc\u0105 dog\u0142\u0119bnej analizy i raport\u00f3w Dowiedz si\u0119, kiedy kierowcy wje\u017cd\u017caj\u0105 lub opuszczaj\u0105 zdefiniowany obszar Dostosuj dane lokalizacyjne i otrzymuj powiadomienia mailowe Kod oferty: 3MFREE20 Skorzystaj z naszej limitowanej czasowo oferty * Oferta wa\u017cna do 30 czerwiec 2020 Szybkie i [&hellip;]<\/p>\n","protected":false},"author":6,"featured_media":0,"parent":0,"menu_order":6015,"comment_status":"closed","ping_status":"closed","template":"","meta":{"_acf_changed":false,"inline_featured_image":false,"footnotes":""},"topic":[],"qtx_campaign":[],"class_list":["post-28262","page","type-page","status-publish","hentry"],"acf":[],"yoast_head":"<!-- This site is optimized with the Yoast SEO Premium plugin v27.3 (Yoast SEO v27.3) - https:\/\/yoast.com\/product\/yoast-seo-premium-wordpress\/ -->\n<title>Darmowa 3-miesi\u0119czna oferta lokalizacji - PL<\/title>\n<meta name=\"robots\" content=\"noindex, nofollow\" \/>\n<meta property=\"og:locale\" content=\"pl_PL\" \/>\n<meta property=\"og:type\" content=\"article\" \/>\n<meta property=\"og:title\" content=\"Darmowa 3-miesi\u0119czna oferta lokalizacji\" \/>\n<meta property=\"og:description\" content=\"Co daje Ci Quartix? Zwi\u0119ksz wydajno\u015b\u0107 i zweryfikuj czas pracy pracownik\u00f3w Udoskonal styl prowadzenia pojazd\u00f3w za pomoc\u0105 dog\u0142\u0119bnej analizy i raport\u00f3w Dowiedz si\u0119, kiedy kierowcy wje\u017cd\u017caj\u0105 lub opuszczaj\u0105 zdefiniowany obszar Dostosuj dane lokalizacyjne i otrzymuj powiadomienia mailowe Kod oferty: 3MFREE20 Skorzystaj z naszej limitowanej czasowo oferty * Oferta wa\u017cna do 30 czerwiec 2020 Szybkie i [&hellip;]\" \/>\n<meta property=\"og:url\" content=\"https:\/\/www.quartix.com\/pl-pl\/darmowa-3-miesieczna-oferta-lokalizacji\/\" \/>\n<meta property=\"og:site_name\" content=\"Quartix\" \/>\n<meta property=\"article:publisher\" content=\"https:\/\/www.facebook.com\/Quartix-USA-374426386097401\/\" \/>\n<meta property=\"article:modified_time\" content=\"2022-10-14T11:26:26+00:00\" \/>\n<meta name=\"twitter:card\" content=\"summary_large_image\" \/>\n<meta name=\"twitter:site\" content=\"@QuartixUSA\" \/>\n<meta name=\"twitter:label1\" content=\"Est. reading time\" \/>\n\t<meta name=\"twitter:data1\" content=\"2 minutes\" \/>\n<!-- \/ Yoast SEO Premium plugin. -->","yoast_head_json":{"title":"Darmowa 3-miesi\u0119czna oferta lokalizacji - PL","robots":{"index":"noindex","follow":"nofollow"},"og_locale":"pl_PL","og_type":"article","og_title":"Darmowa 3-miesi\u0119czna oferta lokalizacji","og_description":"Co daje Ci Quartix? Zwi\u0119ksz wydajno\u015b\u0107 i zweryfikuj czas pracy pracownik\u00f3w Udoskonal styl prowadzenia pojazd\u00f3w za pomoc\u0105 dog\u0142\u0119bnej analizy i raport\u00f3w Dowiedz si\u0119, kiedy kierowcy wje\u017cd\u017caj\u0105 lub opuszczaj\u0105 zdefiniowany obszar Dostosuj dane lokalizacyjne i otrzymuj powiadomienia mailowe Kod oferty: 3MFREE20 Skorzystaj z naszej limitowanej czasowo oferty * Oferta wa\u017cna do 30 czerwiec 2020 Szybkie i [&hellip;]","og_url":"https:\/\/www.quartix.com\/pl-pl\/darmowa-3-miesieczna-oferta-lokalizacji\/","og_site_name":"Quartix","article_publisher":"https:\/\/www.facebook.com\/Quartix-USA-374426386097401\/","article_modified_time":"2022-10-14T11:26:26+00:00","twitter_card":"summary_large_image","twitter_site":"@QuartixUSA","twitter_misc":{"Est. reading time":"2 minutes"},"schema":{"@context":"https:\/\/schema.org","@graph":[{"@type":"WebPage","@id":"https:\/\/www.quartix.com\/pl-pl\/darmowa-3-miesieczna-oferta-lokalizacji\/","url":"https:\/\/www.quartix.com\/pl-pl\/darmowa-3-miesieczna-oferta-lokalizacji\/","name":"Darmowa 3-miesi\u0119czna oferta lokalizacji","isPartOf":{"@id":"https:\/\/www.quartix.com\/pl-pl\/#website"},"datePublished":"2019-07-09T06:50:16+00:00","dateModified":"2022-10-14T11:26:26+00:00","breadcrumb":{"@id":"https:\/\/www.quartix.com\/pl-pl\/darmowa-3-miesieczna-oferta-lokalizacji\/#breadcrumb"},"inLanguage":"pl-PL","potentialAction":[{"@type":"ReadAction","target":["https:\/\/www.quartix.com\/pl-pl\/darmowa-3-miesieczna-oferta-lokalizacji\/"]}]},{"@type":"BreadcrumbList","@id":"https:\/\/www.quartix.com\/pl-pl\/darmowa-3-miesieczna-oferta-lokalizacji\/#breadcrumb","itemListElement":[{"@type":"ListItem","position":1,"name":"Strona G\u0142\u00f3wna","item":"https:\/\/www.quartix.com\/pl-pl\/quartix-real-time-vehicle-tracking-2\/"},{"@type":"ListItem","position":2,"name":"Darmowa 3-miesi\u0119czna oferta lokalizacji"}]},{"@type":"WebSite","@id":"https:\/\/www.quartix.com\/pl-pl\/#website","url":"https:\/\/www.quartix.com\/pl-pl\/","name":"Quartix","description":"Real-time vehicle tracking","publisher":{"@id":"https:\/\/www.quartix.com\/pl-pl\/#organization"},"potentialAction":[{"@type":"SearchAction","target":{"@type":"EntryPoint","urlTemplate":"https:\/\/www.quartix.com\/pl-pl\/?s={search_term_string}"},"query-input":{"@type":"PropertyValueSpecification","valueRequired":true,"valueName":"search_term_string"}}],"inLanguage":"pl-PL"},{"@type":"Organization","@id":"https:\/\/www.quartix.com\/pl-pl\/#organization","name":"Quartix","url":"https:\/\/www.quartix.com\/pl-pl\/","logo":{"@type":"ImageObject","inLanguage":"pl-PL","@id":"https:\/\/www.quartix.com\/pl-pl\/#\/schema\/logo\/image\/","url":"https:\/\/www.quartix.com\/content\/uploads\/2019\/02\/quartix-logo-eur.svg","contentUrl":"https:\/\/www.quartix.com\/content\/uploads\/2019\/02\/quartix-logo-eur.svg","width":1,"height":1,"caption":"Quartix"},"image":{"@id":"https:\/\/www.quartix.com\/pl-pl\/#\/schema\/logo\/image\/"},"sameAs":["https:\/\/www.facebook.com\/Quartix-USA-374426386097401\/","https:\/\/x.com\/QuartixUSA","https:\/\/www.linkedin.com\/company\/5346733\/","https:\/\/www.youtube.com\/channel\/UCzS-_GMfHF4kWiCheyIRrAQ"]}]}},"_links":{"self":[{"href":"https:\/\/www.quartix.com\/pl-pl\/wp-json\/wp\/v2\/pages\/28262","targetHints":{"allow":["GET"]}}],"collection":[{"href":"https:\/\/www.quartix.com\/pl-pl\/wp-json\/wp\/v2\/pages"}],"about":[{"href":"https:\/\/www.quartix.com\/pl-pl\/wp-json\/wp\/v2\/types\/page"}],"author":[{"embeddable":true,"href":"https:\/\/www.quartix.com\/pl-pl\/wp-json\/wp\/v2\/users\/6"}],"replies":[{"embeddable":true,"href":"https:\/\/www.quartix.com\/pl-pl\/wp-json\/wp\/v2\/comments?post=28262"}],"version-history":[{"count":0,"href":"https:\/\/www.quartix.com\/pl-pl\/wp-json\/wp\/v2\/pages\/28262\/revisions"}],"wp:attachment":[{"href":"https:\/\/www.quartix.com\/pl-pl\/wp-json\/wp\/v2\/media?parent=28262"}],"wp:term":[{"taxonomy":"topic","embeddable":true,"href":"https:\/\/www.quartix.com\/pl-pl\/wp-json\/wp\/v2\/topic?post=28262"},{"taxonomy":"qtx_campaign","embeddable":true,"href":"https:\/\/www.quartix.com\/pl-pl\/wp-json\/wp\/v2\/qtx_campaign?post=28262"}],"curies":[{"name":"wp","href":"https:\/\/api.w.org\/{rel}","templated":true}]}}