{"id":32680,"date":"2019-08-09T09:28:49","date_gmt":"2019-08-09T09:28:49","guid":{"rendered":" https:\/\/www.quartix.com\/wiecej\/poradniki-wideo\/"},"modified":"2022-10-14T11:37:17","modified_gmt":"2022-10-14T10:37:17","slug":"poradniki-wideo","status":"publish","type":"page","link":"https:\/\/www.quartix.com\/pl-pl\/wiecej\/poradniki-wideo\/","title":{"rendered":"Poradniki wideo"},"content":{"rendered":"\n<p>Dzi\u0119ki tej serii kr\u00f3tkich poradnik\u00f3w wideo, mo\u017cesz \u0142atwo zobaczy\u0107, jak dzia\u0142aj\u0105 nast\u0119puj\u0105ce funkcje systemu Quartix:<\/p>\n\n\n\n<ul class=\"wp-block-list\"><li><a href=\"#geofencing\">Ge<\/a><a href=\"#Konfiguracja-Geostref\">ostrefy<\/a><\/li><li><a href=\"#Raporty-Analizy-stylu-jazdy\">Raporty analizy stylu jazdy<\/a><\/li><li><a href=\"#Korzystanie-z-Dziennik\u00f3w-Pojazdu\">Dzienniki pojazdu<\/a><\/li><li><a href=\"#Tworzenie-Spersonalizowanych-lokalizacji\">Spersonalizowane lokalizacje<\/a><\/li><li><a href=\"#Funkcja-Lokalizacji-na-\u017cywo\">Lokalizacja na \u017cywo<\/a><\/li><\/ul>\n\n\n\n<div class=\"wp-block-columns is-layout-flex wp-container-core-columns-is-layout-28f84493 wp-block-columns-is-layout-flex\">\n<div class=\"wp-block-column is-layout-flow wp-block-column-is-layout-flow\">\n<h2 class=\"wp-block-heading\" id=\"Konfiguracja-Geostref\">Konfiguracja Geostref<\/h2>\n\n\n\n<p>Je\u015bli Twoje pojazdy musz\u0105 znajdowa\u0107 si\u0119 w wybranym obszarze lub poza nim w okre\u015blonych godzinach, geostrefy mog\u0105 Ci\u0119 ostrzega\u0107 w czasie rzeczywistym, je\u015bli zasady te zostan\u0105 z\u0142amane. Obejrzyj wideo, aby zobaczy\u0107 t\u0119 funkcj\u0119 w akcji.<\/p>\n<\/div>\n\n\n\n<div class=\"wp-block-column is-layout-flow wp-block-column-is-layout-flow\">        <a href=\"https:\/\/youtu.be\/hP4u9csm1eE\" data-lity  class=\"lightbox thumbnail\">\r\n            <div class=\"videooverlay\"><\/div>                        <figure class=\"wp-block-image\">\r\n                                    <img decoding=\"async\" loading=\"lazy\" src=\"https:\/\/www.quartix.com\/content\/uploads\/2022\/04\/PL_geofencing-1000x608.png\" alt=\"PL_geofencing\">\r\n                                <\/figure>\r\n                    <\/a>\r\n        <\/div>\n<\/div>\n\n\n\n<div class=\"wp-block-columns is-layout-flex wp-container-core-columns-is-layout-28f84493 wp-block-columns-is-layout-flex\">\n<div class=\"wp-block-column is-layout-flow wp-block-column-is-layout-flow\">        <a href=\"https:\/\/youtu.be\/FRpNkYZUGtA\" data-lity  class=\"lightbox thumbnail\">\r\n            <div class=\"videooverlay\"><\/div>                        <figure class=\"wp-block-image\">\r\n                                    <img decoding=\"async\" loading=\"lazy\" src=\"https:\/\/www.quartix.com\/content\/uploads\/2022\/04\/PL_driving-style-reports-1000x608.png\" alt=\"PL_driving style reports\">\r\n                                <\/figure>\r\n                    <\/a>\r\n        <\/div>\n\n\n\n<div class=\"wp-block-column is-layout-flow wp-block-column-is-layout-flow\">\n<h2 class=\"wp-block-heading\" id=\"Raporty-Analizy-stylu-jazdy\">Raporty Analizy stylu jazdy<\/h2>\n\n\n\n<p>Raporty Quartix dotycz\u0105ce stylu jazdy s\u0105 niezb\u0119dnym narz\u0119dziem do monitorowania pr\u0119dko\u015bci oraz wzorc\u00f3w przyspieszenia i hamowania Twojej floty. Ten kr\u00f3tki filmik wyja\u015bnia, jak uzyska\u0107 dost\u0119p do tych raport\u00f3w.<\/p>\n<\/div>\n<\/div>\n\n\n\n<div class=\"wp-block-columns is-layout-flex wp-container-core-columns-is-layout-28f84493 wp-block-columns-is-layout-flex\">\n<div class=\"wp-block-column is-layout-flow wp-block-column-is-layout-flow\">\n<h2 class=\"wp-block-heading\" id=\"Korzystanie-z-Dziennik\u00f3w-Pojazdu\">Korzystanie z Dziennik\u00f3w Pojazdu<\/h2>\n\n\n\n<p>Quartix daje Ci dost\u0119p to dziennik\u00f3w pojazd\u00f3w, kt\u00f3re mo\u017cesz przegl\u0105da\u0107 online lub dostawa\u0107 je automatycznie na wskazany przez Ciebie adres email. Obejrzyj ten kr\u00f3tki film, aby dowiedzie\u0107 si\u0119, jak wy\u015bwietli\u0107 te raporty.<\/p>\n<\/div>\n\n\n\n<div class=\"wp-block-column is-layout-flow wp-block-column-is-layout-flow\">        <a href=\"https:\/\/youtu.be\/XUwm0Kd0r3Q\" data-lity  class=\"lightbox thumbnail\">\r\n            <div class=\"videooverlay\"><\/div>                        <figure class=\"wp-block-image\">\r\n                                    <img decoding=\"async\" loading=\"lazy\" src=\"https:\/\/www.quartix.com\/content\/uploads\/2022\/04\/PL_daily-driver-logs-1000x608.png\" alt=\"PL_daily driver logs\">\r\n                                <\/figure>\r\n                    <\/a>\r\n        <\/div>\n<\/div>\n\n\n\n<div class=\"wp-block-columns is-layout-flex wp-container-core-columns-is-layout-28f84493 wp-block-columns-is-layout-flex\">\n<div class=\"wp-block-column is-layout-flow wp-block-column-is-layout-flow\">        <a href=\"https:\/\/youtu.be\/Fx0tjfhzbds\" data-lity  class=\"lightbox thumbnail\">\r\n            <div class=\"videooverlay\"><\/div>                        <figure class=\"wp-block-image\">\r\n                                    <img decoding=\"async\" loading=\"lazy\" src=\"https:\/\/www.quartix.com\/content\/uploads\/2022\/04\/PL_custom-locations-1000x608.png\" alt=\"PL_custom locations\">\r\n                                <\/figure>\r\n                    <\/a>\r\n        <\/div>\n\n\n\n<div class=\"wp-block-column is-layout-flow wp-block-column-is-layout-flow\">\n<h2 class=\"wp-block-heading\" id=\"Tworzenie-Spersonalizowanych-lokalizacji\">Tworzenie Spersonalizowanych lokalizacji<\/h2>\n\n\n\n<p>Quartix pozwala nazwa\u0107 lokalizacje, kt\u00f3re cz\u0119sto odwiedza Twoja flota, aby jeszcze bardziej u\u0142atwi\u0107 przegl\u0105danie dziennik\u00f3w i raport\u00f3w. Ten film wyja\u015bnia, jak skonfigurowa\u0107 spersonalizowane lokalizacje dla swojej firmy.<\/p>\n<\/div>\n<\/div>\n\n\n\n<div class=\"wp-block-columns is-layout-flex wp-container-core-columns-is-layout-28f84493 wp-block-columns-is-layout-flex\">\n<div class=\"wp-block-column is-layout-flow wp-block-column-is-layout-flow\">\n<h2 class=\"wp-block-heading\" id=\"Funkcja-Lokalizacji-na-\u017cywo\">Funkcja Lokalizacji na \u017cywo<\/h2>\n\n\n\n<p>Lokalizacja na \u017cywo Quartix pokazuje, gdzie znajduj\u0105 si\u0119 twoje pojazdy w danym momencie. Obejrzyj wideo, aby zobaczy\u0107 t\u0119 funkcj\u0119 w akcji.<\/p>\n<\/div>\n\n\n\n<div class=\"wp-block-column is-layout-flow wp-block-column-is-layout-flow\">        <a href=\"https:\/\/youtu.be\/LjCuYlVDCsU\" data-lity  class=\"lightbox thumbnail\">\r\n            <div class=\"videooverlay\"><\/div>                        <figure class=\"wp-block-image\">\r\n                                    <img decoding=\"async\" loading=\"lazy\" src=\"https:\/\/www.quartix.com\/content\/uploads\/2022\/04\/PL_live-tracking-1000x608.png\" alt=\"PL_live tracking\">\r\n                                <\/figure>\r\n                    <\/a>\r\n        <\/div>\n<\/div>\n","protected":false},"excerpt":{"rendered":"<p>Dzi\u0119ki tej serii kr\u00f3tkich poradnik\u00f3w wideo, mo\u017cesz \u0142atwo zobaczy\u0107, jak dzia\u0142aj\u0105 nast\u0119puj\u0105ce funkcje systemu Quartix: Geostrefy Raporty analizy stylu jazdy Dzienniki pojazdu Spersonalizowane lokalizacje Lokalizacja na \u017cywo Konfiguracja Geostref Je\u015bli Twoje pojazdy musz\u0105 znajdowa\u0107 si\u0119 w wybranym obszarze lub poza nim w okre\u015blonych godzinach, geostrefy mog\u0105 Ci\u0119 ostrzega\u0107 w czasie rzeczywistym, je\u015bli zasady te zostan\u0105 [&hellip;]<\/p>\n","protected":false},"author":12,"featured_media":0,"parent":4699,"menu_order":50,"comment_status":"closed","ping_status":"closed","template":"","meta":{"_acf_changed":false,"inline_featured_image":false,"footnotes":""},"topic":[],"qtx_campaign":[],"class_list":["post-32680","page","type-page","status-publish","hentry"],"acf":[],"yoast_head":"<!-- This site is optimized with the Yoast SEO Premium plugin v27.2 (Yoast SEO v27.2) - https:\/\/yoast.com\/product\/yoast-seo-premium-wordpress\/ -->\n<title>Poradniki wideo | Poznaj funkcje systemu - PL<\/title>\n<meta name=\"description\" content=\"Dzi\u0119ki serii kr\u00f3tkich poradnik\u00f3w wideo mo\u017cesz zobaczy\u0107 jak dzia\u0142aj\u0105 dzienniki pojazdu, geostrefy, analiza stylu jazdy i inne funkcje oferowane przez Quartix.\" \/>\n<meta name=\"robots\" content=\"index, follow, max-snippet:-1, max-image-preview:large, max-video-preview:-1\" \/>\n<link rel=\"canonical\" href=\"https:\/\/www.quartix.com\/pl-pl\/wiecej\/poradniki-wideo\/\" \/>\n<meta property=\"og:locale\" content=\"pl_PL\" \/>\n<meta property=\"og:type\" content=\"article\" \/>\n<meta property=\"og:title\" content=\"Poradniki wideo\" \/>\n<meta property=\"og:description\" content=\"Dzi\u0119ki serii kr\u00f3tkich poradnik\u00f3w wideo mo\u017cesz zobaczy\u0107 jak dzia\u0142aj\u0105 dzienniki pojazdu, geostrefy, analiza stylu jazdy i inne funkcje oferowane przez Quartix.\" \/>\n<meta property=\"og:url\" content=\"https:\/\/www.quartix.com\/pl-pl\/wiecej\/poradniki-wideo\/\" \/>\n<meta property=\"og:site_name\" content=\"Quartix\" \/>\n<meta property=\"article:publisher\" content=\"https:\/\/www.facebook.com\/Quartix-USA-374426386097401\/\" \/>\n<meta property=\"article:modified_time\" content=\"2022-10-14T10:37:17+00:00\" \/>\n<meta name=\"twitter:card\" content=\"summary_large_image\" \/>\n<meta name=\"twitter:site\" content=\"@QuartixUSA\" \/>\n<meta name=\"twitter:label1\" content=\"Est. reading time\" \/>\n\t<meta name=\"twitter:data1\" content=\"2 minutes\" \/>\n<!-- \/ Yoast SEO Premium plugin. -->","yoast_head_json":{"title":"Poradniki wideo | Poznaj funkcje systemu - PL","description":"Dzi\u0119ki serii kr\u00f3tkich poradnik\u00f3w wideo mo\u017cesz zobaczy\u0107 jak dzia\u0142aj\u0105 dzienniki pojazdu, geostrefy, analiza stylu jazdy i inne funkcje oferowane przez Quartix.","robots":{"index":"index","follow":"follow","max-snippet":"max-snippet:-1","max-image-preview":"max-image-preview:large","max-video-preview":"max-video-preview:-1"},"canonical":"https:\/\/www.quartix.com\/pl-pl\/wiecej\/poradniki-wideo\/","og_locale":"pl_PL","og_type":"article","og_title":"Poradniki wideo","og_description":"Dzi\u0119ki serii kr\u00f3tkich poradnik\u00f3w wideo mo\u017cesz zobaczy\u0107 jak dzia\u0142aj\u0105 dzienniki pojazdu, geostrefy, analiza stylu jazdy i inne funkcje oferowane przez Quartix.","og_url":"https:\/\/www.quartix.com\/pl-pl\/wiecej\/poradniki-wideo\/","og_site_name":"Quartix","article_publisher":"https:\/\/www.facebook.com\/Quartix-USA-374426386097401\/","article_modified_time":"2022-10-14T10:37:17+00:00","twitter_card":"summary_large_image","twitter_site":"@QuartixUSA","twitter_misc":{"Est. reading time":"2 minutes"},"schema":{"@context":"https:\/\/schema.org","@graph":[{"@type":"WebPage","@id":"https:\/\/www.quartix.com\/pl-pl\/wiecej\/poradniki-wideo\/","url":"https:\/\/www.quartix.com\/pl-pl\/wiecej\/poradniki-wideo\/","name":"Poradniki wideo | Poznaj funkcje systemu","isPartOf":{"@id":"https:\/\/www.quartix.com\/pl-pl\/#website"},"datePublished":"2019-08-09T09:28:49+00:00","dateModified":"2022-10-14T10:37:17+00:00","description":"Dzi\u0119ki serii kr\u00f3tkich poradnik\u00f3w wideo mo\u017cesz zobaczy\u0107 jak dzia\u0142aj\u0105 dzienniki pojazdu, geostrefy, analiza stylu jazdy i inne funkcje oferowane przez Quartix.","breadcrumb":{"@id":"https:\/\/www.quartix.com\/pl-pl\/wiecej\/poradniki-wideo\/#breadcrumb"},"inLanguage":"pl-PL","potentialAction":[{"@type":"ReadAction","target":["https:\/\/www.quartix.com\/pl-pl\/wiecej\/poradniki-wideo\/"]}]},{"@type":"BreadcrumbList","@id":"https:\/\/www.quartix.com\/pl-pl\/wiecej\/poradniki-wideo\/#breadcrumb","itemListElement":[{"@type":"ListItem","position":1,"name":"Strona G\u0142\u00f3wna","item":"https:\/\/www.quartix.com\/pl-pl\/quartix-real-time-vehicle-tracking-2\/"},{"@type":"ListItem","position":2,"name":"Wi\u0119cej","item":"https:\/\/www.quartix.com\/pl-pl\/wiecej\/"},{"@type":"ListItem","position":3,"name":"Poradniki wideo"}]},{"@type":"WebSite","@id":"https:\/\/www.quartix.com\/pl-pl\/#website","url":"https:\/\/www.quartix.com\/pl-pl\/","name":"Quartix","description":"Real-time vehicle tracking","publisher":{"@id":"https:\/\/www.quartix.com\/pl-pl\/#organization"},"potentialAction":[{"@type":"SearchAction","target":{"@type":"EntryPoint","urlTemplate":"https:\/\/www.quartix.com\/pl-pl\/?s={search_term_string}"},"query-input":{"@type":"PropertyValueSpecification","valueRequired":true,"valueName":"search_term_string"}}],"inLanguage":"pl-PL"},{"@type":"Organization","@id":"https:\/\/www.quartix.com\/pl-pl\/#organization","name":"Quartix","url":"https:\/\/www.quartix.com\/pl-pl\/","logo":{"@type":"ImageObject","inLanguage":"pl-PL","@id":"https:\/\/www.quartix.com\/pl-pl\/#\/schema\/logo\/image\/","url":"https:\/\/www.quartix.com\/content\/uploads\/2019\/02\/quartix-logo-eur.svg","contentUrl":"https:\/\/www.quartix.com\/content\/uploads\/2019\/02\/quartix-logo-eur.svg","width":1,"height":1,"caption":"Quartix"},"image":{"@id":"https:\/\/www.quartix.com\/pl-pl\/#\/schema\/logo\/image\/"},"sameAs":["https:\/\/www.facebook.com\/Quartix-USA-374426386097401\/","https:\/\/x.com\/QuartixUSA","https:\/\/www.linkedin.com\/company\/5346733\/","https:\/\/www.youtube.com\/channel\/UCzS-_GMfHF4kWiCheyIRrAQ"]}]}},"_links":{"self":[{"href":"https:\/\/www.quartix.com\/pl-pl\/wp-json\/wp\/v2\/pages\/32680","targetHints":{"allow":["GET"]}}],"collection":[{"href":"https:\/\/www.quartix.com\/pl-pl\/wp-json\/wp\/v2\/pages"}],"about":[{"href":"https:\/\/www.quartix.com\/pl-pl\/wp-json\/wp\/v2\/types\/page"}],"author":[{"embeddable":true,"href":"https:\/\/www.quartix.com\/pl-pl\/wp-json\/wp\/v2\/users\/12"}],"replies":[{"embeddable":true,"href":"https:\/\/www.quartix.com\/pl-pl\/wp-json\/wp\/v2\/comments?post=32680"}],"version-history":[{"count":0,"href":"https:\/\/www.quartix.com\/pl-pl\/wp-json\/wp\/v2\/pages\/32680\/revisions"}],"up":[{"embeddable":true,"href":"https:\/\/www.quartix.com\/pl-pl\/wp-json\/wp\/v2\/pages\/4699"}],"wp:attachment":[{"href":"https:\/\/www.quartix.com\/pl-pl\/wp-json\/wp\/v2\/media?parent=32680"}],"wp:term":[{"taxonomy":"topic","embeddable":true,"href":"https:\/\/www.quartix.com\/pl-pl\/wp-json\/wp\/v2\/topic?post=32680"},{"taxonomy":"qtx_campaign","embeddable":true,"href":"https:\/\/www.quartix.com\/pl-pl\/wp-json\/wp\/v2\/qtx_campaign?post=32680"}],"curies":[{"name":"wp","href":"https:\/\/api.w.org\/{rel}","templated":true}]}}