{"id":33247,"date":"2019-08-20T17:16:11","date_gmt":"2019-08-20T17:16:11","guid":{"rendered":" https:\/\/www.quartix.com\/25-rabatu-w-pierwszym-roku-z-quartix\/"},"modified":"2022-04-22T09:30:59","modified_gmt":"2022-04-22T08:30:59","slug":"25-rabatu","status":"publish","type":"page","link":"https:\/\/www.quartix.com\/pl-pl\/25-rabatu\/","title":{"rendered":"25% rabatu w pierwszym roku z Quartix"},"content":{"rendered":"\n<div class=\"wp-block-columns is-layout-flex wp-container-core-columns-is-layout-28f84493 wp-block-columns-is-layout-flex\">\n<div class=\"wp-block-column is-layout-flow wp-block-column-is-layout-flow\">\n<h2 class=\"wp-block-heading\">Co zyskujesz z Quartix?<\/h2>\n\n\n\n<p>Przez limitowany okres czasu*, oferujemy nowym klientom <strong>25%<\/strong> rabatu w pierwszym roku korzystania z lokalizacji pojazd\u00f3w.<\/p>\n\n\n\n<p>Pakiety od 31,50z\u0142 miesi\u0119cznie netto. Skorzystaj z tej fantastycznej oferty!<\/p>\n\n\n\r\n<section  class=\"qtx-pagebuilder-section qtx-pagebuilder-section-list \">\r\n<ul class='ticks fa-ul' style=''><li><span class='fa-li'><i class='fas fa-check-circle'><\/i><\/span>Roczne kontrakty bez automatycznego odnawiania<\/li><li><span class='fa-li'><i class='fas fa-check-circle'><\/i><\/span>Samodzielna instalacja bez potrzeby umawiania si\u0119 z instalatorem<\/li><li><span class='fa-li'><i class='fas fa-check-circle'><\/i><\/span>Darmowa aplikacja mobilna<\/li><\/ul><\/section><\/div>\n\n\n\n<div class=\"wp-block-column is-layout-flow wp-block-column-is-layout-flow\">\n<div class=\"wp-block-image\"><figure class=\"aligncenter\"><img decoding=\"async\" src=\" https:\/\/www.quartix.com\/content\/uploads\/2019\/08\/PL-live-tracking-new-menu-img-1000x502.png\" alt=\"\"\/><\/figure><\/div>\n<\/div>\n<\/div>\n\n\n<section  class=\"qtx-pagebuilder-section qtx-pagebuilder-section-blockquote qtx-pagebuilder-section-blockquote-green_testimonial_with_photo \">\r\n        <div class=\"green_testimonial_with_photo \">\r\n            <div class=\"img-container\">\r\n                                <img decoding=\"async\" src=\"https:\/\/www.quartix.com\/content\/uploads\/2019\/02\/Ringtons-doorstep-delivery-service-1000x754.jpg\"\/>\r\n                            <\/div>\r\n            <blockquote>\r\n                                                <p>&#8220;Kwota, kt\u00f3r\u0105 zaoszczedzili\u015bmy na samym paliwie w ubieg\u0142ym roku, przewy\u017cszy\u0142a koszty wdro\u017cenia i utrzymania systemu lokalizacji pojazd\u00f3w&#8221;<\/p>\n                <footer>\r\n                   <cite class=\"author\">Stephen Killinger<\/cite>\r\n                   <cite class=\"author_line_2\">Ringtons analiza realizacji<\/cite>\r\n                <\/footer>\r\n            <\/blockquote>\r\n        <\/div>\r\n        <\/section>\r\n\r\n\n\n\n<div class=\"wp-block-columns is-layout-flex wp-container-core-columns-is-layout-28f84493 wp-block-columns-is-layout-flex\">\n<div class=\"wp-block-column is-layout-flow wp-block-column-is-layout-flow\">\n<h2 class=\"wp-block-heading\">Skontaktuj si\u0119, aby otrzyma\u0107 wycen\u0119<\/h2>\n\n\n\n<div class=\"wpcf7 no-js\" id=\"wpcf7-f74116-o1\" lang=\"pl-PL\" dir=\"ltr\" data-wpcf7-id=\"74116\">\n<div class=\"screen-reader-response\"><p role=\"status\" aria-live=\"polite\" aria-atomic=\"true\"><\/p> <ul><\/ul><\/div>\n<form action=\"\/pl-pl\/wp-json\/wp\/v2\/pages\/33247#wpcf7-f74116-o1\" method=\"post\" class=\"wpcf7-form init\" aria-label=\"Contact form\" novalidate=\"novalidate\" data-status=\"init\">\n<fieldset class=\"hidden-fields-container\"><input type=\"hidden\" name=\"_wpcf7\" value=\"74116\" \/><input type=\"hidden\" name=\"_wpcf7_version\" value=\"6.1.5\" \/><input type=\"hidden\" name=\"_wpcf7_locale\" value=\"pl_PL\" \/><input type=\"hidden\" name=\"_wpcf7_unit_tag\" value=\"wpcf7-f74116-o1\" \/><input type=\"hidden\" name=\"_wpcf7_container_post\" value=\"0\" \/><input type=\"hidden\" name=\"_wpcf7_posted_data_hash\" value=\"\" \/><input type=\"hidden\" name=\"_wpcf7cf_hidden_group_fields\" value=\"[]\" \/><input type=\"hidden\" name=\"_wpcf7cf_hidden_groups\" value=\"[]\" \/><input type=\"hidden\" name=\"_wpcf7cf_visible_groups\" value=\"[]\" \/><input type=\"hidden\" name=\"_wpcf7cf_repeaters\" value=\"[]\" \/><input type=\"hidden\" name=\"_wpcf7cf_steps\" value=\"{}\" \/><input type=\"hidden\" name=\"_wpcf7cf_options\" value=\"{&quot;form_id&quot;:74116,&quot;conditions&quot;:[],&quot;settings&quot;:{&quot;animation&quot;:&quot;yes&quot;,&quot;animation_intime&quot;:200,&quot;animation_outtime&quot;:200,&quot;conditions_ui&quot;:&quot;normal&quot;,&quot;notice_dismissed&quot;:false,&quot;notice_dismissed_update-cf7-6.0&quot;:true,&quot;notice_dismissed_update-cf7-6.0.1&quot;:true,&quot;notice_dismissed_update-cf7-6.0.2&quot;:true,&quot;notice_dismissed_rollback-cf7-6.0.5&quot;:true}}\" \/><input type=\"hidden\" name=\"_wpcf7_recaptcha_response\" value=\"\" \/>\n<\/fieldset>\n<div class=\"input-wrapper\"><span class=\"icon icon-face\"><\/span><span class=\"wpcf7-form-control-wrap\" data-name=\"first_name\"><input size=\"40\" maxlength=\"400\" class=\"wpcf7-form-control wpcf7-text wpcf7-validates-as-required\" aria-required=\"true\" aria-invalid=\"false\" placeholder=\"Imi\u0119 *\" value=\"\" type=\"text\" name=\"first_name\" \/><\/span><span class=\"wpcf7-form-control-wrap\" data-name=\"last_name\"><input size=\"40\" maxlength=\"400\" class=\"wpcf7-form-control wpcf7-text wpcf7-validates-as-required\" aria-required=\"true\" aria-invalid=\"false\" placeholder=\"Nazwisko *\" value=\"\" type=\"text\" name=\"last_name\" \/><\/span><\/div>\n<div class=\"input-wrapper\"><span class=\"icon icon-envelope\"><\/span><span class=\"wpcf7-form-control-wrap\" data-name=\"email\"><input size=\"40\" maxlength=\"400\" class=\"wpcf7-form-control wpcf7-email wpcf7-validates-as-required wpcf7-text wpcf7-validates-as-email\" aria-required=\"true\" aria-invalid=\"false\" placeholder=\"Email *\" value=\"\" type=\"email\" name=\"email\" \/><\/span><\/div>\n<div class=\"input-wrapper\"><span class=\"icon icon-company\"><\/span><span class=\"wpcf7-form-control-wrap\" data-name=\"company\"><input size=\"40\" maxlength=\"400\" class=\"wpcf7-form-control wpcf7-text wpcf7-validates-as-required\" aria-required=\"true\" aria-invalid=\"false\" placeholder=\"Firma *\" value=\"\" type=\"text\" name=\"company\" \/><\/span><\/div>\n<div class=\"input-wrapper\"><span class=\"icon icon-telephone\"><\/span><span class=\"wpcf7-form-control-wrap\" data-name=\"phone\"><input size=\"40\" maxlength=\"400\" class=\"wpcf7-form-control wpcf7-tel wpcf7-validates-as-required wpcf7-text wpcf7-validates-as-tel\" aria-required=\"true\" aria-invalid=\"false\" placeholder=\"Telefon *\" value=\"\" type=\"tel\" name=\"phone\" \/><\/span><\/div>\n<div class=\"input-wrapper\"><span class=\"icon icon-vehicles\"><\/span><span class=\"wpcf7-form-control-wrap\" data-name=\"number_of_vehicles\"><input class=\"wpcf7-form-control wpcf7-number wpcf7-validates-as-required wpcf7-validates-as-number\" min=\"1\" aria-required=\"true\" aria-invalid=\"false\" placeholder=\"Liczba pojazd\u00f3w *\" value=\"\" type=\"number\" name=\"number_of_vehicles\" \/><\/span><\/div>\n<input type=\"hidden\" name=\"thankyouURL\" value=\"\/pl-pl\/potwierdzenie-kontaktu-oferty-specjalnej\/\" class=\"wpcf7-form-control wpcf7-hidden\" id=\"thankyouURL\">\n<input type=\"hidden\" name=\"pardot_extra_field\" value=\"\" class=\"wpcf7-form-control wpcf7-hidden\">\n<input type=\"hidden\" name=\"page_title\" value=\"No post title\" class=\"wpcf7-form-control wpcf7-hidden\">\n<div class=\"recatpcha-text\">Ta witryna jest chroniona przez reCAPTCHA i obowi\u0105zuje <a href=\"https:\/\/policies.google.com\/privacy?hl=pl\">Polityka prywatno\u015bci<\/a> i <a href=\"https:\/\/policies.google.com\/terms?hl=pl\">Warunki korzystania<\/a> z us\u0142ugi Google.<\/div>\n<div class=\"input-wrapper\"><input class=\"wpcf7-form-control wpcf7-submit has-spinner icon-plane\" type=\"submit\" value=\"Chc\u0119 otrzyma\u0107 rabat\" \/><\/div><div class=\"wpcf7-response-output\" aria-hidden=\"true\"><\/div>\n<\/form>\n<\/div>\n\n\n\n\n<p><strong>Warunki oferty:<\/strong><\/p>\n\n\n\n<ul class=\"wp-block-list\"><li>Oferta wa\u017cna tylko w pierwszym roku kontraktu<\/li><li>Obowi\u0105zuj\u0105 og\u00f3lne <a href=\"\/pl-pl\/warunki-i-postanowienia\/\" target=\"_blank\" rel=\"noopener noreferrer\">warunki \u015bwiadczenia<\/a> us\u0142ug firmy Quartix<\/li><li>Oferta nie mo\u017ce by\u0107 \u0142\u0105czona z innymi ofertami<\/li><\/ul>\n<\/div>\n\n\n\n<div class=\"wp-block-column is-layout-flow wp-block-column-is-layout-flow\">\n<div class=\"wp-block-image\"><figure class=\"aligncenter\"><img decoding=\"async\" src=\" https:\/\/www.quartix.com\/content\/uploads\/2019\/08\/QX0137_ALL_benifits_graphic_euro-1000x930.jpg\" alt=\"Benefits of tracking euros img\"\/><\/figure><\/div>\n\n\n\r\n<section  class=\"qtx-pagebuilder-section qtx-pagebuilder-section-list \">\r\n<ul class='ticks fa-ul' style=''><li><span class='fa-li'><i class='fas fa-check-circle'><\/i><\/span>Wzrost wydajno\u015bci i weryfikacja czasu pracy pracownik\u00f3w<\/li><li><span class='fa-li'><i class='fas fa-check-circle'><\/i><\/span>Poprawa stylu jazdy z dog\u0142\u0119bn\u0105 analiz\u0105 i raportami<\/li><li><span class='fa-li'><i class='fas fa-check-circle'><\/i><\/span>Informacja kiedy kierowcy wje\u017cd\u017caj\u0105 lub wyje\u017cd\u017caj\u0105 ze zdefiniowanego obszaru<\/li><li><span class='fa-li'><i class='fas fa-check-circle'><\/i><\/span>Spersonalizowane lokalizacje i powiadomienia mailowe<\/li><\/ul><\/section>\n\n\n<p>* Oferta wa\u017cna do 31 pa\u017adziernika 2019<\/p>\n<\/div>\n<\/div>\n","protected":false},"excerpt":{"rendered":"<p>Co zyskujesz z Quartix? Przez limitowany okres czasu*, oferujemy nowym klientom 25% rabatu w pierwszym roku korzystania z lokalizacji pojazd\u00f3w. Pakiety od 31,50z\u0142 miesi\u0119cznie netto. Skorzystaj z tej fantastycznej oferty! Skontaktuj si\u0119, aby otrzyma\u0107 wycen\u0119 Warunki oferty: Oferta wa\u017cna tylko w pierwszym roku kontraktu Obowi\u0105zuj\u0105 og\u00f3lne warunki \u015bwiadczenia us\u0142ug firmy Quartix Oferta nie mo\u017ce by\u0107 [&hellip;]<\/p>\n","protected":false},"author":12,"featured_media":0,"parent":0,"menu_order":6050,"comment_status":"closed","ping_status":"closed","template":"","meta":{"_acf_changed":false,"inline_featured_image":false,"footnotes":""},"topic":[],"qtx_campaign":[],"class_list":["post-33247","page","type-page","status-publish","hentry"],"acf":[],"yoast_head":"<!-- This site is optimized with the Yoast SEO Premium plugin v27.3 (Yoast SEO v27.3) - https:\/\/yoast.com\/product\/yoast-seo-premium-wordpress\/ -->\n<title>25% rabatu w pierwszym roku z Quartix - PL<\/title>\n<meta name=\"robots\" content=\"noindex, nofollow\" \/>\n<meta property=\"og:locale\" content=\"pl_PL\" \/>\n<meta property=\"og:type\" content=\"article\" \/>\n<meta property=\"og:title\" content=\"25% rabatu w pierwszym roku z Quartix\" \/>\n<meta property=\"og:description\" content=\"Co zyskujesz z Quartix? Przez limitowany okres czasu*, oferujemy nowym klientom 25% rabatu w pierwszym roku korzystania z lokalizacji pojazd\u00f3w. Pakiety od 31,50z\u0142 miesi\u0119cznie netto. Skorzystaj z tej fantastycznej oferty! Skontaktuj si\u0119, aby otrzyma\u0107 wycen\u0119 Warunki oferty: Oferta wa\u017cna tylko w pierwszym roku kontraktu Obowi\u0105zuj\u0105 og\u00f3lne warunki \u015bwiadczenia us\u0142ug firmy Quartix Oferta nie mo\u017ce by\u0107 [&hellip;]\" \/>\n<meta property=\"og:url\" content=\"https:\/\/www.quartix.com\/pl-pl\/25-rabatu\/\" \/>\n<meta property=\"og:site_name\" content=\"Quartix\" \/>\n<meta property=\"article:publisher\" content=\"https:\/\/www.facebook.com\/Quartix-USA-374426386097401\/\" \/>\n<meta property=\"article:modified_time\" content=\"2022-04-22T08:30:59+00:00\" \/>\n<meta name=\"twitter:card\" content=\"summary_large_image\" \/>\n<meta name=\"twitter:site\" content=\"@QuartixUSA\" \/>\n<meta name=\"twitter:label1\" content=\"Est. reading time\" \/>\n\t<meta name=\"twitter:data1\" content=\"1 minute\" \/>\n<!-- \/ Yoast SEO Premium plugin. -->","yoast_head_json":{"title":"25% rabatu w pierwszym roku z Quartix - PL","robots":{"index":"noindex","follow":"nofollow"},"og_locale":"pl_PL","og_type":"article","og_title":"25% rabatu w pierwszym roku z Quartix","og_description":"Co zyskujesz z Quartix? Przez limitowany okres czasu*, oferujemy nowym klientom 25% rabatu w pierwszym roku korzystania z lokalizacji pojazd\u00f3w. Pakiety od 31,50z\u0142 miesi\u0119cznie netto. Skorzystaj z tej fantastycznej oferty! Skontaktuj si\u0119, aby otrzyma\u0107 wycen\u0119 Warunki oferty: Oferta wa\u017cna tylko w pierwszym roku kontraktu Obowi\u0105zuj\u0105 og\u00f3lne warunki \u015bwiadczenia us\u0142ug firmy Quartix Oferta nie mo\u017ce by\u0107 [&hellip;]","og_url":"https:\/\/www.quartix.com\/pl-pl\/25-rabatu\/","og_site_name":"Quartix","article_publisher":"https:\/\/www.facebook.com\/Quartix-USA-374426386097401\/","article_modified_time":"2022-04-22T08:30:59+00:00","twitter_card":"summary_large_image","twitter_site":"@QuartixUSA","twitter_misc":{"Est. reading time":"1 minute"},"schema":{"@context":"https:\/\/schema.org","@graph":[{"@type":"WebPage","@id":"https:\/\/www.quartix.com\/pl-pl\/25-rabatu\/","url":"https:\/\/www.quartix.com\/pl-pl\/25-rabatu\/","name":"25% rabatu w pierwszym roku z Quartix","isPartOf":{"@id":"https:\/\/www.quartix.com\/pl-pl\/#website"},"datePublished":"2019-08-20T17:16:11+00:00","dateModified":"2022-04-22T08:30:59+00:00","breadcrumb":{"@id":"https:\/\/www.quartix.com\/pl-pl\/25-rabatu\/#breadcrumb"},"inLanguage":"pl-PL","potentialAction":[{"@type":"ReadAction","target":["https:\/\/www.quartix.com\/pl-pl\/25-rabatu\/"]}]},{"@type":"BreadcrumbList","@id":"https:\/\/www.quartix.com\/pl-pl\/25-rabatu\/#breadcrumb","itemListElement":[{"@type":"ListItem","position":1,"name":"Strona G\u0142\u00f3wna","item":"https:\/\/www.quartix.com\/pl-pl\/quartix-real-time-vehicle-tracking-2\/"},{"@type":"ListItem","position":2,"name":"25% rabatu w pierwszym roku z Quartix"}]},{"@type":"WebSite","@id":"https:\/\/www.quartix.com\/pl-pl\/#website","url":"https:\/\/www.quartix.com\/pl-pl\/","name":"Quartix","description":"Real-time vehicle tracking","publisher":{"@id":"https:\/\/www.quartix.com\/pl-pl\/#organization"},"potentialAction":[{"@type":"SearchAction","target":{"@type":"EntryPoint","urlTemplate":"https:\/\/www.quartix.com\/pl-pl\/?s={search_term_string}"},"query-input":{"@type":"PropertyValueSpecification","valueRequired":true,"valueName":"search_term_string"}}],"inLanguage":"pl-PL"},{"@type":"Organization","@id":"https:\/\/www.quartix.com\/pl-pl\/#organization","name":"Quartix","url":"https:\/\/www.quartix.com\/pl-pl\/","logo":{"@type":"ImageObject","inLanguage":"pl-PL","@id":"https:\/\/www.quartix.com\/pl-pl\/#\/schema\/logo\/image\/","url":"https:\/\/www.quartix.com\/content\/uploads\/2019\/02\/quartix-logo-eur.svg","contentUrl":"https:\/\/www.quartix.com\/content\/uploads\/2019\/02\/quartix-logo-eur.svg","width":1,"height":1,"caption":"Quartix"},"image":{"@id":"https:\/\/www.quartix.com\/pl-pl\/#\/schema\/logo\/image\/"},"sameAs":["https:\/\/www.facebook.com\/Quartix-USA-374426386097401\/","https:\/\/x.com\/QuartixUSA","https:\/\/www.linkedin.com\/company\/5346733\/","https:\/\/www.youtube.com\/channel\/UCzS-_GMfHF4kWiCheyIRrAQ"]}]}},"_links":{"self":[{"href":"https:\/\/www.quartix.com\/pl-pl\/wp-json\/wp\/v2\/pages\/33247","targetHints":{"allow":["GET"]}}],"collection":[{"href":"https:\/\/www.quartix.com\/pl-pl\/wp-json\/wp\/v2\/pages"}],"about":[{"href":"https:\/\/www.quartix.com\/pl-pl\/wp-json\/wp\/v2\/types\/page"}],"author":[{"embeddable":true,"href":"https:\/\/www.quartix.com\/pl-pl\/wp-json\/wp\/v2\/users\/12"}],"replies":[{"embeddable":true,"href":"https:\/\/www.quartix.com\/pl-pl\/wp-json\/wp\/v2\/comments?post=33247"}],"version-history":[{"count":0,"href":"https:\/\/www.quartix.com\/pl-pl\/wp-json\/wp\/v2\/pages\/33247\/revisions"}],"wp:attachment":[{"href":"https:\/\/www.quartix.com\/pl-pl\/wp-json\/wp\/v2\/media?parent=33247"}],"wp:term":[{"taxonomy":"topic","embeddable":true,"href":"https:\/\/www.quartix.com\/pl-pl\/wp-json\/wp\/v2\/topic?post=33247"},{"taxonomy":"qtx_campaign","embeddable":true,"href":"https:\/\/www.quartix.com\/pl-pl\/wp-json\/wp\/v2\/qtx_campaign?post=33247"}],"curies":[{"name":"wp","href":"https:\/\/api.w.org\/{rel}","templated":true}]}}