{"id":33558,"date":"2019-09-10T13:56:45","date_gmt":"2019-09-10T13:56:45","guid":{"rendered":" https:\/\/www.quartix.com\/?page_id=33558"},"modified":"2022-10-14T11:56:54","modified_gmt":"2022-10-14T10:56:54","slug":"pomyslna-rekomendacja-klienta","status":"publish","type":"page","link":"https:\/\/www.quartix.com\/pl-pl\/pomyslna-rekomendacja-klienta\/","title":{"rendered":"Pomy\u015blna rekomendacja klienta"},"content":{"rendered":"\n<h2 class=\"has-text-align-center wp-block-heading\">Otrzymali\u015bmy Twoj\u0105 rekomendacj\u0119!<\/h2>\n\n\n\n<p class=\"has-text-align-center\">Skontaktujemy si\u0119 z Tob\u0105 aby potwierdzi\u0107 kwot\u0119 rabatu kiedy osoba polecana przez Ciebie podpisze z nami umow\u0119!<\/p>\n\n\n\n<p class=\"has-text-align-center\">W mi\u0119dzyczasie, mo\u017cesz wci\u0105\u017c poleci\u0107 nam innych znajomych, poniewa\u017c nie ma limitu na ilo\u015b\u0107 polece\u0144, kt\u00f3re mo\u017cesz zg\u0142osi\u0107.<\/p>\n\n\n\n<p class=\"has-text-align-center\">Pami\u0119taj\u2026 otrzymasz 85z\u0142 za ka\u017cdy pojazd, kt\u00f3ry zostanie obj\u0119ty systemem Quartix z Twojego polecenia!<\/p>\n\n\n\n<p class=\"has-text-align-center\"><a href=\"\/pl-pl\/rekomendacja-klienta\/\">Wr\u00f3\u0107 do formularza polece\u0144<\/a>.<\/p>\n\n\n\n<p class=\"has-text-align-center\">Je\u015bli chcesz sprawdzi\u0107 przebieg Twojej rekomendacji, prosimy o kontakt z Twoim przedstawicielem handlowym Quartix lub o kontakt mailowy: <a href=\"mailto:biuro@quartix.com\">biuro@quartix.com<\/a><\/p>\n","protected":false},"excerpt":{"rendered":"<p>Otrzymali\u015bmy Twoj\u0105 rekomendacj\u0119! Skontaktujemy si\u0119 z Tob\u0105 aby potwierdzi\u0107 kwot\u0119 rabatu kiedy osoba polecana przez Ciebie podpisze z nami umow\u0119! W mi\u0119dzyczasie, mo\u017cesz wci\u0105\u017c poleci\u0107 nam innych znajomych, poniewa\u017c nie ma limitu na ilo\u015b\u0107 polece\u0144, kt\u00f3re mo\u017cesz zg\u0142osi\u0107. Pami\u0119taj\u2026 otrzymasz 85z\u0142 za ka\u017cdy pojazd, kt\u00f3ry zostanie obj\u0119ty systemem Quartix z Twojego polecenia! Wr\u00f3\u0107 do formularza [&hellip;]<\/p>\n","protected":false},"author":2,"featured_media":0,"parent":0,"menu_order":905,"comment_status":"closed","ping_status":"closed","template":"","meta":{"_acf_changed":false,"inline_featured_image":false,"footnotes":""},"topic":[],"qtx_campaign":[],"class_list":["post-33558","page","type-page","status-publish","hentry"],"acf":[],"yoast_head":"<!-- This site is optimized with the Yoast SEO Premium plugin v27.3 (Yoast SEO v27.3) - https:\/\/yoast.com\/product\/yoast-seo-premium-wordpress\/ -->\n<title>Pomy\u015blna rekomendacja klienta - PL<\/title>\n<meta name=\"robots\" content=\"noindex, nofollow\" \/>\n<meta property=\"og:locale\" content=\"pl_PL\" \/>\n<meta property=\"og:type\" content=\"article\" \/>\n<meta property=\"og:title\" content=\"Pomy\u015blna rekomendacja klienta\" \/>\n<meta property=\"og:description\" content=\"Otrzymali\u015bmy Twoj\u0105 rekomendacj\u0119! Skontaktujemy si\u0119 z Tob\u0105 aby potwierdzi\u0107 kwot\u0119 rabatu kiedy osoba polecana przez Ciebie podpisze z nami umow\u0119! W mi\u0119dzyczasie, mo\u017cesz wci\u0105\u017c poleci\u0107 nam innych znajomych, poniewa\u017c nie ma limitu na ilo\u015b\u0107 polece\u0144, kt\u00f3re mo\u017cesz zg\u0142osi\u0107. Pami\u0119taj\u2026 otrzymasz 85z\u0142 za ka\u017cdy pojazd, kt\u00f3ry zostanie obj\u0119ty systemem Quartix z Twojego polecenia! Wr\u00f3\u0107 do formularza [&hellip;]\" \/>\n<meta property=\"og:url\" content=\"https:\/\/www.quartix.com\/pl-pl\/pomyslna-rekomendacja-klienta\/\" \/>\n<meta property=\"og:site_name\" content=\"Quartix\" \/>\n<meta property=\"article:publisher\" content=\"https:\/\/www.facebook.com\/Quartix-USA-374426386097401\/\" \/>\n<meta property=\"article:modified_time\" content=\"2022-10-14T10:56:54+00:00\" \/>\n<meta name=\"twitter:card\" content=\"summary_large_image\" \/>\n<meta name=\"twitter:site\" content=\"@QuartixUSA\" \/>\n<meta name=\"twitter:label1\" content=\"Est. reading time\" \/>\n\t<meta name=\"twitter:data1\" content=\"1 minute\" \/>\n<!-- \/ Yoast SEO Premium plugin. -->","yoast_head_json":{"title":"Pomy\u015blna rekomendacja klienta - PL","robots":{"index":"noindex","follow":"nofollow"},"og_locale":"pl_PL","og_type":"article","og_title":"Pomy\u015blna rekomendacja klienta","og_description":"Otrzymali\u015bmy Twoj\u0105 rekomendacj\u0119! Skontaktujemy si\u0119 z Tob\u0105 aby potwierdzi\u0107 kwot\u0119 rabatu kiedy osoba polecana przez Ciebie podpisze z nami umow\u0119! W mi\u0119dzyczasie, mo\u017cesz wci\u0105\u017c poleci\u0107 nam innych znajomych, poniewa\u017c nie ma limitu na ilo\u015b\u0107 polece\u0144, kt\u00f3re mo\u017cesz zg\u0142osi\u0107. Pami\u0119taj\u2026 otrzymasz 85z\u0142 za ka\u017cdy pojazd, kt\u00f3ry zostanie obj\u0119ty systemem Quartix z Twojego polecenia! Wr\u00f3\u0107 do formularza [&hellip;]","og_url":"https:\/\/www.quartix.com\/pl-pl\/pomyslna-rekomendacja-klienta\/","og_site_name":"Quartix","article_publisher":"https:\/\/www.facebook.com\/Quartix-USA-374426386097401\/","article_modified_time":"2022-10-14T10:56:54+00:00","twitter_card":"summary_large_image","twitter_site":"@QuartixUSA","twitter_misc":{"Est. reading time":"1 minute"},"schema":{"@context":"https:\/\/schema.org","@graph":[{"@type":"WebPage","@id":"https:\/\/www.quartix.com\/pl-pl\/pomyslna-rekomendacja-klienta\/","url":"https:\/\/www.quartix.com\/pl-pl\/pomyslna-rekomendacja-klienta\/","name":"Pomy\u015blna rekomendacja klienta","isPartOf":{"@id":"https:\/\/www.quartix.com\/pl-pl\/#website"},"datePublished":"2019-09-10T13:56:45+00:00","dateModified":"2022-10-14T10:56:54+00:00","breadcrumb":{"@id":"https:\/\/www.quartix.com\/pl-pl\/pomyslna-rekomendacja-klienta\/#breadcrumb"},"inLanguage":"pl-PL","potentialAction":[{"@type":"ReadAction","target":["https:\/\/www.quartix.com\/pl-pl\/pomyslna-rekomendacja-klienta\/"]}]},{"@type":"BreadcrumbList","@id":"https:\/\/www.quartix.com\/pl-pl\/pomyslna-rekomendacja-klienta\/#breadcrumb","itemListElement":[{"@type":"ListItem","position":1,"name":"Strona G\u0142\u00f3wna","item":"https:\/\/www.quartix.com\/pl-pl\/quartix-real-time-vehicle-tracking-2\/"},{"@type":"ListItem","position":2,"name":"Pomy\u015blna rekomendacja klienta"}]},{"@type":"WebSite","@id":"https:\/\/www.quartix.com\/pl-pl\/#website","url":"https:\/\/www.quartix.com\/pl-pl\/","name":"Quartix","description":"Real-time vehicle tracking","publisher":{"@id":"https:\/\/www.quartix.com\/pl-pl\/#organization"},"potentialAction":[{"@type":"SearchAction","target":{"@type":"EntryPoint","urlTemplate":"https:\/\/www.quartix.com\/pl-pl\/?s={search_term_string}"},"query-input":{"@type":"PropertyValueSpecification","valueRequired":true,"valueName":"search_term_string"}}],"inLanguage":"pl-PL"},{"@type":"Organization","@id":"https:\/\/www.quartix.com\/pl-pl\/#organization","name":"Quartix","url":"https:\/\/www.quartix.com\/pl-pl\/","logo":{"@type":"ImageObject","inLanguage":"pl-PL","@id":"https:\/\/www.quartix.com\/pl-pl\/#\/schema\/logo\/image\/","url":"https:\/\/www.quartix.com\/content\/uploads\/2019\/02\/quartix-logo-eur.svg","contentUrl":"https:\/\/www.quartix.com\/content\/uploads\/2019\/02\/quartix-logo-eur.svg","width":1,"height":1,"caption":"Quartix"},"image":{"@id":"https:\/\/www.quartix.com\/pl-pl\/#\/schema\/logo\/image\/"},"sameAs":["https:\/\/www.facebook.com\/Quartix-USA-374426386097401\/","https:\/\/x.com\/QuartixUSA","https:\/\/www.linkedin.com\/company\/5346733\/","https:\/\/www.youtube.com\/channel\/UCzS-_GMfHF4kWiCheyIRrAQ"]}]}},"_links":{"self":[{"href":"https:\/\/www.quartix.com\/pl-pl\/wp-json\/wp\/v2\/pages\/33558","targetHints":{"allow":["GET"]}}],"collection":[{"href":"https:\/\/www.quartix.com\/pl-pl\/wp-json\/wp\/v2\/pages"}],"about":[{"href":"https:\/\/www.quartix.com\/pl-pl\/wp-json\/wp\/v2\/types\/page"}],"author":[{"embeddable":true,"href":"https:\/\/www.quartix.com\/pl-pl\/wp-json\/wp\/v2\/users\/2"}],"replies":[{"embeddable":true,"href":"https:\/\/www.quartix.com\/pl-pl\/wp-json\/wp\/v2\/comments?post=33558"}],"version-history":[{"count":0,"href":"https:\/\/www.quartix.com\/pl-pl\/wp-json\/wp\/v2\/pages\/33558\/revisions"}],"wp:attachment":[{"href":"https:\/\/www.quartix.com\/pl-pl\/wp-json\/wp\/v2\/media?parent=33558"}],"wp:term":[{"taxonomy":"topic","embeddable":true,"href":"https:\/\/www.quartix.com\/pl-pl\/wp-json\/wp\/v2\/topic?post=33558"},{"taxonomy":"qtx_campaign","embeddable":true,"href":"https:\/\/www.quartix.com\/pl-pl\/wp-json\/wp\/v2\/qtx_campaign?post=33558"}],"curies":[{"name":"wp","href":"https:\/\/api.w.org\/{rel}","templated":true}]}}