{"id":33561,"date":"2019-09-10T14:50:54","date_gmt":"2019-09-10T14:50:54","guid":{"rendered":" https:\/\/www.quartix.com\/?page_id=33561"},"modified":"2022-10-14T11:55:58","modified_gmt":"2022-10-14T10:55:58","slug":"rekomendacja-klienta","status":"publish","type":"page","link":"https:\/\/www.quartix.com\/pl-pl\/rekomendacja-klienta\/","title":{"rendered":"Rekomendacja Klienta"},"content":{"rendered":"\n<div class=\"wp-block-columns is-layout-flex wp-container-core-columns-is-layout-28f84493 wp-block-columns-is-layout-flex\">\n<div class=\"wp-block-column is-layout-flow wp-block-column-is-layout-flow\">\n<h2 class=\"wp-block-heading\">Pole\u0107 Quartix innym<\/h2>\n\n\n\n<p>Czy masz znajomego lub wsp\u00f3\u0142pracujesz z firm\u0105, kt\u00f3ra skorzysta\u0142aby z us\u0142ug monitorowania pojazd\u00f3w formy Quartix? Daj nam zna\u0107. Op\u0142aca si\u0119 nas poleca\u0107!<\/p>\n\n\n\n<p>Nasz system polece\u0144 jest prosty.<\/p>\n\n\n\n<ol class=\"wp-block-list\"><li>Wpisz swoje dane poni\u017cej (\u017ceby\u015bmy wiedzieli kogo nagrodzi\u0107)<\/li><li>Podaj dane osoby kontaktowej w polecanej firmie (\u017ceby\u015bmy mogli si\u0119 z nimi skontaktowa\u0107)<\/li><\/ol>\n\n\n\n<p>Je\u015bli polecana przez Ciebie firma zdecyduje si\u0119 na zawarcie umowy, otrzymasz od nas 85z\u0142 na poczet op\u0142at abonamentowych Quartix za ka\u017cdy pojazd obj\u0119ty naszym systemem w pierwszym zam\u00f3wieniu.<\/p>\n\n\n\n<p>Nie ma limitu liczby polece\u0144, kt\u00f3re mo\u017cesz do nas zg\u0142osi\u0107.<\/p>\n\n\n\n<p>Zacznij poleca\u0107 ju\u017c dzi\u015b \u2013 powiedz nam kto m\u00f3g\u0142by skorzysta\u0107 z systemu Quartix!<\/p>\n\n\n\n<p>*Oferta podlega Regulaminowi Promocji<\/p>\n<\/div>\n\n\n\n<div class=\"wp-block-column is-layout-flow wp-block-column-is-layout-flow\">\n<figure class=\"wp-block-image aligncenter\"><img decoding=\"async\" src=\" https:\/\/www.quartix.com\/content\/uploads\/2019\/06\/save-euros-946x1000.png\" alt=\"save image euros\"\/><\/figure>\n\n\n\r\n<section  class=\"qtx-pagebuilder-section qtx-pagebuilder-section-list \">\r\n<ul class='ticks fa-ul' style=''><li><span class='fa-li'><i class='fas fa-check-circle'><\/i><\/span>Wysy\u0142asz nam dane kontaktowe polecanej osoby<\/li><li><span class='fa-li'><i class='fas fa-check-circle'><\/i><\/span>Polecana osoba zawiera z nami now\u0105 umow\u0119<\/li><li><span class='fa-li'><i class='fas fa-check-circle'><\/i><\/span>Otrzymasz 85 PLN na poczet abonamentu za ka\u017cdy pojazd obj\u0119ty systemem Quartix z Twojego polecenia.<\/li><\/ul><\/section><\/div>\n<\/div>\n\n\n\n<div class=\"wp-block-columns is-layout-flex wp-container-core-columns-is-layout-28f84493 wp-block-columns-is-layout-flex\">\n<div class=\"wp-block-column is-layout-flow wp-block-column-is-layout-flow\">\n<figure class=\"wp-block-image aligncenter\"><img decoding=\"async\" src=\" https:\/\/www.quartix.com\/content\/uploads\/2017\/09\/customer-services.jpg\" alt=\"\"\/><\/figure>\n\n\n\n<p>Oferta ta jest wa\u017cna tylko dla os\u00f3b, z kt\u00f3rymi nie jeste\u015bmy jeszcze w kontakcie. Jeden kontakt mo\u017ce by\u0107 polecony tylko raz i oferta ta obejmuje maximum 200 pojazd\u00f3w w pierwszym zam\u00f3wieniu. Oferta wa\u017cna tylko na pierwsze zam\u00f3wienie Quartix z\u0142o\u017cone przez polecon\u0105 osob\u0119 i nie dotyczy kolejnych zam\u00f3wie\u0144 od tej osoby. Nie przewidujemy zamiennika w postaci got\u00f3wki a kredyt wa\u017cny jest tylko na poczet faktur od Quartix.<\/p>\n<\/div>\n\n\n\n<div class=\"wp-block-column is-layout-flow wp-block-column-is-layout-flow\">\n<h2 class=\"wp-block-heading\">Rekomendacja Klienta<\/h2>\n\n\n\n<p>Wpisz swoje dane poni\u017cej (\u017ceby\u015bmy wiedzieli kogo nagrodzi\u0107)<\/p>\n\n\n\n<div class=\"wpcf7 no-js\" id=\"wpcf7-f74109-o1\" lang=\"pl-PL\" dir=\"ltr\" data-wpcf7-id=\"74109\">\n<div class=\"screen-reader-response\"><p role=\"status\" aria-live=\"polite\" aria-atomic=\"true\"><\/p> <ul><\/ul><\/div>\n<form action=\"\/pl-pl\/wp-json\/wp\/v2\/pages\/33561#wpcf7-f74109-o1\" method=\"post\" class=\"wpcf7-form init\" aria-label=\"Contact form\" novalidate=\"novalidate\" data-status=\"init\">\n<fieldset class=\"hidden-fields-container\"><input type=\"hidden\" name=\"_wpcf7\" value=\"74109\" \/><input type=\"hidden\" name=\"_wpcf7_version\" value=\"6.1.5\" \/><input type=\"hidden\" name=\"_wpcf7_locale\" value=\"pl_PL\" \/><input type=\"hidden\" name=\"_wpcf7_unit_tag\" value=\"wpcf7-f74109-o1\" \/><input type=\"hidden\" name=\"_wpcf7_container_post\" value=\"0\" \/><input type=\"hidden\" name=\"_wpcf7_posted_data_hash\" value=\"\" \/><input type=\"hidden\" name=\"_wpcf7cf_hidden_group_fields\" value=\"[]\" \/><input type=\"hidden\" name=\"_wpcf7cf_hidden_groups\" value=\"[]\" \/><input type=\"hidden\" name=\"_wpcf7cf_visible_groups\" value=\"[]\" \/><input type=\"hidden\" name=\"_wpcf7cf_repeaters\" value=\"[]\" \/><input type=\"hidden\" name=\"_wpcf7cf_steps\" value=\"{}\" \/><input type=\"hidden\" name=\"_wpcf7cf_options\" value=\"{&quot;form_id&quot;:74109,&quot;conditions&quot;:[],&quot;settings&quot;:{&quot;animation&quot;:&quot;yes&quot;,&quot;animation_intime&quot;:200,&quot;animation_outtime&quot;:200,&quot;conditions_ui&quot;:&quot;normal&quot;,&quot;notice_dismissed&quot;:false,&quot;notice_dismissed_update-cf7-6.0&quot;:true,&quot;notice_dismissed_update-cf7-6.0.1&quot;:true,&quot;notice_dismissed_update-cf7-6.0.2&quot;:true,&quot;notice_dismissed_rollback-cf7-6.0.5&quot;:true}}\" \/><input type=\"hidden\" name=\"_wpcf7_recaptcha_response\" value=\"\" \/>\n<\/fieldset>\n<div class=\"input-wrapper\"><span class=\"icon icon-face\"><\/span><span class=\"wpcf7-form-control-wrap\" data-name=\"first_name\"><input size=\"40\" maxlength=\"400\" class=\"wpcf7-form-control wpcf7-text wpcf7-validates-as-required\" aria-required=\"true\" aria-invalid=\"false\" placeholder=\"Imi\u0119 *\" value=\"\" type=\"text\" name=\"first_name\" \/><\/span><span class=\"wpcf7-form-control-wrap\" data-name=\"last_name\"><input size=\"40\" maxlength=\"400\" class=\"wpcf7-form-control wpcf7-text wpcf7-validates-as-required\" aria-required=\"true\" aria-invalid=\"false\" placeholder=\"Nazwisko *\" value=\"\" type=\"text\" name=\"last_name\" \/><\/span><\/div>\n<div class=\"input-wrapper\"><span class=\"icon icon-envelope\"><\/span><span class=\"wpcf7-form-control-wrap\" data-name=\"email\"><input size=\"40\" maxlength=\"400\" class=\"wpcf7-form-control wpcf7-email wpcf7-validates-as-required wpcf7-text wpcf7-validates-as-email\" aria-required=\"true\" aria-invalid=\"false\" placeholder=\"Email *\" value=\"\" type=\"email\" name=\"email\" \/><\/span><\/div>\n<div class=\"input-wrapper\"><span class=\"icon icon-company\"><\/span><span class=\"wpcf7-form-control-wrap\" data-name=\"company\"><input size=\"40\" maxlength=\"400\" class=\"wpcf7-form-control wpcf7-text wpcf7-validates-as-required\" aria-required=\"true\" aria-invalid=\"false\" placeholder=\"Firma *\" value=\"\" type=\"text\" name=\"company\" \/><\/span><\/div>\n<div class=\"input-wrapper\"><span class=\"icon icon-telephone\"><\/span><span class=\"wpcf7-form-control-wrap\" data-name=\"phone\"><input size=\"40\" maxlength=\"400\" class=\"wpcf7-form-control wpcf7-tel wpcf7-validates-as-required wpcf7-text wpcf7-validates-as-tel\" aria-required=\"true\" aria-invalid=\"false\" placeholder=\"Numer telefonu *\" value=\"\" type=\"tel\" name=\"phone\" \/><\/span><\/div>\n<div class=\"input-wrapper\"><span class=\"wpcf7-form-control-wrap\" data-name=\"referral_name\"><input size=\"40\" maxlength=\"400\" class=\"wpcf7-form-control wpcf7-text wpcf7-validates-as-required\" aria-required=\"true\" aria-invalid=\"false\" placeholder=\"Imi\u0119 polecanego klienta *\" value=\"\" type=\"text\" name=\"referral_name\" \/><\/span><\/div>\n<div class=\"input-wrapper\"><span class=\"wpcf7-form-control-wrap\" data-name=\"referral_last_name\"><input size=\"40\" maxlength=\"400\" class=\"wpcf7-form-control wpcf7-text wpcf7-validates-as-required\" aria-required=\"true\" aria-invalid=\"false\" placeholder=\"Nazwisko polecanego klienta *\" value=\"\" type=\"text\" name=\"referral_last_name\" \/><\/span><\/div>\n<div class=\"input-wrapper\"><span class=\"wpcf7-form-control-wrap\" data-name=\"referral_email\"><input size=\"40\" maxlength=\"400\" class=\"wpcf7-form-control wpcf7-email wpcf7-validates-as-required wpcf7-text wpcf7-validates-as-email\" aria-required=\"true\" aria-invalid=\"false\" placeholder=\"Email polecanego klienta *\" value=\"\" type=\"email\" name=\"referral_email\" \/><\/span><\/div>\n<div class=\"input-wrapper\"><span class=\"wpcf7-form-control-wrap\" data-name=\"referral_company\"><input size=\"40\" maxlength=\"400\" class=\"wpcf7-form-control wpcf7-text wpcf7-validates-as-required\" aria-required=\"true\" aria-invalid=\"false\" placeholder=\"Firma polecanego klienta *\" value=\"\" type=\"text\" name=\"referral_company\" \/><\/span><\/div>\n<div class=\"input-wrapper\"><span class=\"wpcf7-form-control-wrap\" data-name=\"referral_phone\"><input size=\"40\" maxlength=\"400\" class=\"wpcf7-form-control wpcf7-tel wpcf7-validates-as-required wpcf7-text wpcf7-validates-as-tel\" aria-required=\"true\" aria-invalid=\"false\" placeholder=\"Numer telefonu polecanego klienta *\" value=\"\" type=\"tel\" name=\"referral_phone\" \/><\/span><\/div>\n\n<input type=\"hidden\" name=\"thankyouURL\" value=\"\/pl-pl\/pomyslna-rekomendacja-klienta\/\" class=\"wpcf7-form-control wpcf7-hidden\" id=\"thankyouURL\">\n<input class=\"wpcf7-form-control wpcf7-hidden\" value=\"\" type=\"hidden\" name=\"pardot_extra_field\" \/>\n<input type=\"hidden\" name=\"page_title\" value=\"No post title\" class=\"wpcf7-form-control wpcf7-hidden\">\n<div class=\"recatpcha-text\">Ta witryna jest chroniona przez reCAPTCHA i obowi\u0105zuje <a href=\"https:\/\/policies.google.com\/privacy?hl=pl\">Polityka prywatno\u015bci<\/a> i <a href=\"https:\/\/policies.google.com\/terms?hl=pl\">Warunki korzystania<\/a> z us\u0142ugi Google.<\/div>\n<div class=\"input-wrapper\"><input class=\"wpcf7-form-control wpcf7-submit has-spinner icon-plane\" type=\"submit\" value=\"Rekomendacja Klienta\" \/><\/div><div class=\"wpcf7-response-output\" aria-hidden=\"true\"><\/div>\n<\/form>\n<\/div>\n\n<\/div>\n<\/div>\n","protected":false},"excerpt":{"rendered":"<p>Pole\u0107 Quartix innym Czy masz znajomego lub wsp\u00f3\u0142pracujesz z firm\u0105, kt\u00f3ra skorzysta\u0142aby z us\u0142ug monitorowania pojazd\u00f3w formy Quartix? Daj nam zna\u0107. Op\u0142aca si\u0119 nas poleca\u0107! Nasz system polece\u0144 jest prosty. Wpisz swoje dane poni\u017cej (\u017ceby\u015bmy wiedzieli kogo nagrodzi\u0107) Podaj dane osoby kontaktowej w polecanej firmie (\u017ceby\u015bmy mogli si\u0119 z nimi skontaktowa\u0107) Je\u015bli polecana przez Ciebie [&hellip;]<\/p>\n","protected":false},"author":6,"featured_media":0,"parent":0,"menu_order":900,"comment_status":"closed","ping_status":"closed","template":"","meta":{"_acf_changed":false,"inline_featured_image":false,"footnotes":""},"topic":[],"qtx_campaign":[],"class_list":["post-33561","page","type-page","status-publish","hentry"],"acf":[],"yoast_head":"<!-- This site is optimized with the Yoast SEO Premium plugin v27.3 (Yoast SEO v27.3) - https:\/\/yoast.com\/product\/yoast-seo-premium-wordpress\/ -->\n<title>Otrzymasz 85 PLN na poczet abonamentu za ka\u017cdy pojazd obj\u0119ty systemem Quartix z Twojego polecenia. - PL<\/title>\n<meta name=\"description\" content=\"Je\u015bli polecana przez Ciebie firma zdecyduje si\u0119 na zawarcie umowy, otrzymasz od nas 85z\u0142 na poczet op\u0142at abonamentowych Quartix za ka\u017cdy pojazd obj\u0119ty naszym systemem w pierwszym zam\u00f3wieniu. Nie ma limitu liczby polece\u0144, kt\u00f3re mo\u017cesz do nas zg\u0142osi\u0107.\" \/>\n<meta name=\"robots\" content=\"index, follow, max-snippet:-1, max-image-preview:large, max-video-preview:-1\" \/>\n<link rel=\"canonical\" href=\"https:\/\/www.quartix.com\/pl-pl\/rekomendacja-klienta\/\" \/>\n<meta property=\"og:locale\" content=\"pl_PL\" \/>\n<meta property=\"og:type\" content=\"article\" \/>\n<meta property=\"og:title\" content=\"Rekomendacja Klienta\" \/>\n<meta property=\"og:description\" content=\"Je\u015bli polecana przez Ciebie firma zdecyduje si\u0119 na zawarcie umowy, otrzymasz od nas 85z\u0142 na poczet op\u0142at abonamentowych Quartix za ka\u017cdy pojazd obj\u0119ty naszym systemem w pierwszym zam\u00f3wieniu. Nie ma limitu liczby polece\u0144, kt\u00f3re mo\u017cesz do nas zg\u0142osi\u0107.\" \/>\n<meta property=\"og:url\" content=\"https:\/\/www.quartix.com\/pl-pl\/rekomendacja-klienta\/\" \/>\n<meta property=\"og:site_name\" content=\"Quartix\" \/>\n<meta property=\"article:publisher\" content=\"https:\/\/www.facebook.com\/Quartix-USA-374426386097401\/\" \/>\n<meta property=\"article:modified_time\" content=\"2022-10-14T10:55:58+00:00\" \/>\n<meta name=\"twitter:card\" content=\"summary_large_image\" \/>\n<meta name=\"twitter:site\" content=\"@QuartixUSA\" \/>\n<meta name=\"twitter:label1\" content=\"Est. reading time\" \/>\n\t<meta name=\"twitter:data1\" content=\"2 minutes\" \/>\n<!-- \/ Yoast SEO Premium plugin. -->","yoast_head_json":{"title":"Otrzymasz 85 PLN na poczet abonamentu za ka\u017cdy pojazd obj\u0119ty systemem Quartix z Twojego polecenia. - PL","description":"Je\u015bli polecana przez Ciebie firma zdecyduje si\u0119 na zawarcie umowy, otrzymasz od nas 85z\u0142 na poczet op\u0142at abonamentowych Quartix za ka\u017cdy pojazd obj\u0119ty naszym systemem w pierwszym zam\u00f3wieniu. Nie ma limitu liczby polece\u0144, kt\u00f3re mo\u017cesz do nas zg\u0142osi\u0107.","robots":{"index":"index","follow":"follow","max-snippet":"max-snippet:-1","max-image-preview":"max-image-preview:large","max-video-preview":"max-video-preview:-1"},"canonical":"https:\/\/www.quartix.com\/pl-pl\/rekomendacja-klienta\/","og_locale":"pl_PL","og_type":"article","og_title":"Rekomendacja Klienta","og_description":"Je\u015bli polecana przez Ciebie firma zdecyduje si\u0119 na zawarcie umowy, otrzymasz od nas 85z\u0142 na poczet op\u0142at abonamentowych Quartix za ka\u017cdy pojazd obj\u0119ty naszym systemem w pierwszym zam\u00f3wieniu. Nie ma limitu liczby polece\u0144, kt\u00f3re mo\u017cesz do nas zg\u0142osi\u0107.","og_url":"https:\/\/www.quartix.com\/pl-pl\/rekomendacja-klienta\/","og_site_name":"Quartix","article_publisher":"https:\/\/www.facebook.com\/Quartix-USA-374426386097401\/","article_modified_time":"2022-10-14T10:55:58+00:00","twitter_card":"summary_large_image","twitter_site":"@QuartixUSA","twitter_misc":{"Est. reading time":"2 minutes"},"schema":{"@context":"https:\/\/schema.org","@graph":[{"@type":"WebPage","@id":"https:\/\/www.quartix.com\/pl-pl\/rekomendacja-klienta\/","url":"https:\/\/www.quartix.com\/pl-pl\/rekomendacja-klienta\/","name":"Otrzymasz 85 PLN na poczet abonamentu za ka\u017cdy pojazd obj\u0119ty systemem Quartix z Twojego polecenia.","isPartOf":{"@id":"https:\/\/www.quartix.com\/pl-pl\/#website"},"datePublished":"2019-09-10T14:50:54+00:00","dateModified":"2022-10-14T10:55:58+00:00","description":"Je\u015bli polecana przez Ciebie firma zdecyduje si\u0119 na zawarcie umowy, otrzymasz od nas 85z\u0142 na poczet op\u0142at abonamentowych Quartix za ka\u017cdy pojazd obj\u0119ty naszym systemem w pierwszym zam\u00f3wieniu. Nie ma limitu liczby polece\u0144, kt\u00f3re mo\u017cesz do nas zg\u0142osi\u0107.","breadcrumb":{"@id":"https:\/\/www.quartix.com\/pl-pl\/rekomendacja-klienta\/#breadcrumb"},"inLanguage":"pl-PL","potentialAction":[{"@type":"ReadAction","target":["https:\/\/www.quartix.com\/pl-pl\/rekomendacja-klienta\/"]}]},{"@type":"BreadcrumbList","@id":"https:\/\/www.quartix.com\/pl-pl\/rekomendacja-klienta\/#breadcrumb","itemListElement":[{"@type":"ListItem","position":1,"name":"Strona G\u0142\u00f3wna","item":"https:\/\/www.quartix.com\/pl-pl\/quartix-real-time-vehicle-tracking-2\/"},{"@type":"ListItem","position":2,"name":"Rekomendacja Klienta"}]},{"@type":"WebSite","@id":"https:\/\/www.quartix.com\/pl-pl\/#website","url":"https:\/\/www.quartix.com\/pl-pl\/","name":"Quartix","description":"Real-time vehicle tracking","publisher":{"@id":"https:\/\/www.quartix.com\/pl-pl\/#organization"},"potentialAction":[{"@type":"SearchAction","target":{"@type":"EntryPoint","urlTemplate":"https:\/\/www.quartix.com\/pl-pl\/?s={search_term_string}"},"query-input":{"@type":"PropertyValueSpecification","valueRequired":true,"valueName":"search_term_string"}}],"inLanguage":"pl-PL"},{"@type":"Organization","@id":"https:\/\/www.quartix.com\/pl-pl\/#organization","name":"Quartix","url":"https:\/\/www.quartix.com\/pl-pl\/","logo":{"@type":"ImageObject","inLanguage":"pl-PL","@id":"https:\/\/www.quartix.com\/pl-pl\/#\/schema\/logo\/image\/","url":"https:\/\/www.quartix.com\/content\/uploads\/2019\/02\/quartix-logo-eur.svg","contentUrl":"https:\/\/www.quartix.com\/content\/uploads\/2019\/02\/quartix-logo-eur.svg","width":1,"height":1,"caption":"Quartix"},"image":{"@id":"https:\/\/www.quartix.com\/pl-pl\/#\/schema\/logo\/image\/"},"sameAs":["https:\/\/www.facebook.com\/Quartix-USA-374426386097401\/","https:\/\/x.com\/QuartixUSA","https:\/\/www.linkedin.com\/company\/5346733\/","https:\/\/www.youtube.com\/channel\/UCzS-_GMfHF4kWiCheyIRrAQ"]}]}},"_links":{"self":[{"href":"https:\/\/www.quartix.com\/pl-pl\/wp-json\/wp\/v2\/pages\/33561","targetHints":{"allow":["GET"]}}],"collection":[{"href":"https:\/\/www.quartix.com\/pl-pl\/wp-json\/wp\/v2\/pages"}],"about":[{"href":"https:\/\/www.quartix.com\/pl-pl\/wp-json\/wp\/v2\/types\/page"}],"author":[{"embeddable":true,"href":"https:\/\/www.quartix.com\/pl-pl\/wp-json\/wp\/v2\/users\/6"}],"replies":[{"embeddable":true,"href":"https:\/\/www.quartix.com\/pl-pl\/wp-json\/wp\/v2\/comments?post=33561"}],"version-history":[{"count":0,"href":"https:\/\/www.quartix.com\/pl-pl\/wp-json\/wp\/v2\/pages\/33561\/revisions"}],"wp:attachment":[{"href":"https:\/\/www.quartix.com\/pl-pl\/wp-json\/wp\/v2\/media?parent=33561"}],"wp:term":[{"taxonomy":"topic","embeddable":true,"href":"https:\/\/www.quartix.com\/pl-pl\/wp-json\/wp\/v2\/topic?post=33561"},{"taxonomy":"qtx_campaign","embeddable":true,"href":"https:\/\/www.quartix.com\/pl-pl\/wp-json\/wp\/v2\/qtx_campaign?post=33561"}],"curies":[{"name":"wp","href":"https:\/\/api.w.org\/{rel}","templated":true}]}}