{"id":36353,"date":"2019-11-11T11:02:56","date_gmt":"2019-11-11T11:02:56","guid":{"rendered":" https:\/\/www.quartix.com\/?page_id=36353"},"modified":"2022-10-14T12:44:42","modified_gmt":"2022-10-14T11:44:42","slug":"oferta-monitoringu","status":"publish","type":"page","link":"https:\/\/www.quartix.com\/pl-pl\/oferta-monitoringu\/","title":{"rendered":"Oferta monitoringu"},"content":{"rendered":"\n<div class=\"wp-block-columns is-layout-flex wp-container-core-columns-is-layout-28f84493 wp-block-columns-is-layout-flex\">\n<div class=\"wp-block-column is-layout-flow wp-block-column-is-layout-flow\">\n<h2 class=\"wp-block-heading\">Co zyskujesz z systemem Quartix?<\/h2>\n\n\n\r\n<section  class=\"qtx-pagebuilder-section qtx-pagebuilder-section-list \">\r\n<ul class='ticks fa-ul' style=''><li><span class='fa-li'><i class='fas fa-check-circle'><\/i><\/span>12-miesi\u0119czne kontrakty<\/li><li><span class='fa-li'><i class='fas fa-check-circle'><\/i><\/span>Bez automatycznego odnawiania<\/li><li><span class='fa-li'><i class='fas fa-check-circle'><\/i><\/span>Urz\u0105dzenia do samodzielnej instalacji<\/li><li><span class='fa-li'><i class='fas fa-check-circle'><\/i><\/span>Darmowa aplikacja<\/li><li><span class='fa-li'><i class='fas fa-check-circle'><\/i><\/span>Pierwszorz\u0119dna obs\u0142uga klienta<\/li><\/ul><\/section>\n\n\n<figure class=\"wp-block-image aligncenter\"><img decoding=\"async\" src=\" https:\/\/www.quartix.com\/content\/uploads\/2018\/12\/uk-mobile-laptop-1800px-1000x750.jpg\" alt=\"\"\/><\/figure>\n\n\n\n<p><strong>Regulamin promocji:<\/strong><\/p>\n\n\n\n<ul class=\"wp-block-list\"><li>Podlega zasadom zwyk\u0142ego&nbsp;<a href=\"\/pl-pl\/warunki-i-postanowienia\/\" target=\"_blank\" rel=\"noopener noreferrer\">regulaminu Quartix<\/a><\/li><li>Oferty nie mo\u017cna \u0142\u0105czy\u0107 z \u017cadn\u0105 inn\u0105 ofert\u0105<\/li><\/ul>\n<\/div>\n\n\n\n<div class=\"wp-block-column is-layout-flow wp-block-column-is-layout-flow\">\n<h2 class=\"wp-block-heading\" id=\"Skorzystaj-z-tej-oferty-ju\u017c-dzi\u015b\">Skorzystaj z tej oferty ju\u017c dzi\u015b<\/h2>\n\n\n\n<div class=\"wpcf7 no-js\" id=\"wpcf7-f74099-o1\" lang=\"pl-PL\" dir=\"ltr\" data-wpcf7-id=\"74099\">\n<div class=\"screen-reader-response\"><p role=\"status\" aria-live=\"polite\" aria-atomic=\"true\"><\/p> <ul><\/ul><\/div>\n<form action=\"\/pl-pl\/wp-json\/wp\/v2\/pages\/36353#wpcf7-f74099-o1\" method=\"post\" class=\"wpcf7-form init\" aria-label=\"Contact form\" novalidate=\"novalidate\" data-status=\"init\">\n<fieldset class=\"hidden-fields-container\"><input type=\"hidden\" name=\"_wpcf7\" value=\"74099\" \/><input type=\"hidden\" name=\"_wpcf7_version\" value=\"6.1.5\" \/><input type=\"hidden\" name=\"_wpcf7_locale\" value=\"pl_PL\" \/><input type=\"hidden\" name=\"_wpcf7_unit_tag\" value=\"wpcf7-f74099-o1\" \/><input type=\"hidden\" name=\"_wpcf7_container_post\" value=\"0\" \/><input type=\"hidden\" name=\"_wpcf7_posted_data_hash\" value=\"\" \/><input type=\"hidden\" name=\"_wpcf7cf_hidden_group_fields\" value=\"[]\" \/><input type=\"hidden\" name=\"_wpcf7cf_hidden_groups\" value=\"[]\" \/><input type=\"hidden\" name=\"_wpcf7cf_visible_groups\" value=\"[]\" \/><input type=\"hidden\" name=\"_wpcf7cf_repeaters\" value=\"[]\" \/><input type=\"hidden\" name=\"_wpcf7cf_steps\" value=\"{}\" \/><input type=\"hidden\" name=\"_wpcf7cf_options\" value=\"{&quot;form_id&quot;:74099,&quot;conditions&quot;:[],&quot;settings&quot;:{&quot;animation&quot;:&quot;yes&quot;,&quot;animation_intime&quot;:200,&quot;animation_outtime&quot;:200,&quot;conditions_ui&quot;:&quot;normal&quot;,&quot;notice_dismissed&quot;:false,&quot;notice_dismissed_update-cf7-6.0&quot;:true,&quot;notice_dismissed_update-cf7-6.0.1&quot;:true,&quot;notice_dismissed_update-cf7-6.0.2&quot;:true,&quot;notice_dismissed_rollback-cf7-6.0.5&quot;:true}}\" \/><input type=\"hidden\" name=\"_wpcf7_recaptcha_response\" value=\"\" \/>\n<\/fieldset>\n<div class=\"input-wrapper\"><span class=\"icon icon-face\"><\/span><span class=\"wpcf7-form-control-wrap\" data-name=\"first_name\"><input size=\"40\" maxlength=\"400\" class=\"wpcf7-form-control wpcf7-text wpcf7-validates-as-required\" aria-required=\"true\" aria-invalid=\"false\" placeholder=\"Imi\u0119 *\" value=\"\" type=\"text\" name=\"first_name\" \/><\/span><span class=\"wpcf7-form-control-wrap\" data-name=\"last_name\"><input size=\"40\" maxlength=\"400\" class=\"wpcf7-form-control wpcf7-text wpcf7-validates-as-required\" aria-required=\"true\" aria-invalid=\"false\" placeholder=\"Nazwisko *\" value=\"\" type=\"text\" name=\"last_name\" \/><\/span><\/div>\n<div class=\"input-wrapper\"><span class=\"icon icon-envelope\"><\/span><span class=\"wpcf7-form-control-wrap\" data-name=\"email\"><input size=\"40\" maxlength=\"400\" class=\"wpcf7-form-control wpcf7-email wpcf7-validates-as-required wpcf7-text wpcf7-validates-as-email\" aria-required=\"true\" aria-invalid=\"false\" placeholder=\"Email *\" value=\"\" type=\"email\" name=\"email\" \/><\/span><\/div>\n<div class=\"input-wrapper\"><span class=\"icon icon-company\"><\/span><span class=\"wpcf7-form-control-wrap\" data-name=\"company\"><input size=\"40\" maxlength=\"400\" class=\"wpcf7-form-control wpcf7-text wpcf7-validates-as-required\" aria-required=\"true\" aria-invalid=\"false\" placeholder=\"Firma * *\" value=\"\" type=\"text\" name=\"company\" \/><\/span><\/div>\n<div class=\"input-wrapper\"><span class=\"icon icon-telephone\"><\/span><span class=\"wpcf7-form-control-wrap\" data-name=\"phone\"><input size=\"40\" maxlength=\"400\" class=\"wpcf7-form-control wpcf7-tel wpcf7-validates-as-required wpcf7-text wpcf7-validates-as-tel\" aria-required=\"true\" aria-invalid=\"false\" placeholder=\"Telefon *\" value=\"\" type=\"tel\" name=\"phone\" \/><\/span><\/div>\n<div class=\"input-wrapper\"><span class=\"icon icon-vehicles\"><\/span><span class=\"wpcf7-form-control-wrap\" data-name=\"number_of_vehicles\"><input class=\"wpcf7-form-control wpcf7-number wpcf7-validates-as-required wpcf7-validates-as-number\" min=\"1\" aria-required=\"true\" aria-invalid=\"false\" placeholder=\"Liczba pojazd\u00f3w *\" value=\"\" type=\"number\" name=\"number_of_vehicles\" \/><\/span><\/div>\n<input type=\"hidden\" name=\"thankyouURL\" value=\"\/pl-pl\/potwierdzenie-kontaktu-oferty-specjalnej\/\" class=\"wpcf7-form-control wpcf7-hidden\" id=\"thankyouURL\">\n<input type=\"hidden\" name=\"pardot_extra_field\" value=\"\" class=\"wpcf7-form-control wpcf7-hidden\">\n<input type=\"hidden\" name=\"page_title\" value=\"No post title\" class=\"wpcf7-form-control wpcf7-hidden\">\n<div class=\"recatpcha-text\">Ta witryna jest chroniona przez reCAPTCHA i obowi\u0105zuje <a href=\"https:\/\/policies.google.com\/privacy?hl=pl\">Polityka prywatno\u015bci<\/a> i <a href=\"https:\/\/policies.google.com\/terms?hl=pl\">Warunki korzystania<\/a> z us\u0142ugi Google.<\/div>\n<div class=\"input-wrapper\"><input class=\"wpcf7-form-control wpcf7-submit has-spinner icon-plane\" type=\"submit\" value=\"Otrzymaj zni\u017ck\u0119\" \/><\/div><div class=\"wpcf7-response-output\" aria-hidden=\"true\"><\/div>\n<\/form>\n<\/div>\n\n\n\n\n<p>*Oferta wa\u017cna do 31 sierpnia 2020<\/p>\n<\/div>\n<\/div>\n\n\n<section  class=\"qtx-pagebuilder-section qtx-pagebuilder-section-blockquote qtx-pagebuilder-section-blockquote-green_testimonial_with_photo \">\r\n        <div class=\"green_testimonial_with_photo \">\r\n            <div class=\"img-container\">\r\n                                <img decoding=\"async\" src=\"https:\/\/www.quartix.com\/content\/uploads\/2019\/02\/greenridge_van.jpg\"\/>\r\n                            <\/div>\r\n            <blockquote>\r\n                                                <p>&#8220;Zaistanlowanie i korzystanie z systemu Quartix pozwoli\u0142o naszemu zespo\u0142owi sta\u0107 si\u0119 zar\u00f3wno wydajnym, jak i solidnym, co mia\u0142o pozytywny wp\u0142yw na nasz\u0105 obs\u0142ug\u0119 klienta, zu\u017cycie pojazdu oraz og\u00f3lne wyniki ko\u0144cowe.\u201d<\/p>\n                <footer>\r\n                   <cite class=\"author\">Misty Absher, Office Manager<\/cite>\r\n                   <cite class=\"author_line_2\">Greenridge Landscaping<\/cite>\r\n                <\/footer>\r\n            <\/blockquote>\r\n        <\/div>\r\n        <\/section>\r\n\r\n\n\n\n<div class=\"wp-block-columns is-layout-flex wp-container-core-columns-is-layout-28f84493 wp-block-columns-is-layout-flex\">\n<div class=\"wp-block-column is-layout-flow wp-block-column-is-layout-flow\">\n<h2 class=\"wp-block-heading\">Szybkie i wymierne oszcz\u0119dno\u015bci<\/h2>\n\n\n\r\n<section  class=\"qtx-pagebuilder-section qtx-pagebuilder-section-list \">\r\n<ul class='ticks fa-ul' style=''><li><span class='fa-li'><i class='fas fa-check-circle'><\/i><\/span>25% redukcja zu\u017cycia paliwa<\/li><li><span class='fa-li'><i class='fas fa-check-circle'><\/i><\/span>15% wzrost og\u00f3lnej wydajno\u015bci<\/li><li><span class='fa-li'><i class='fas fa-check-circle'><\/i><\/span>15% redukcja ilo\u015bci nadgodzin pracownik\u00f3w<\/li><li><span class='fa-li'><i class='fas fa-check-circle'><\/i><\/span>20% wzrost wykorzystania pojazdu<\/li><li><span class='fa-li'><i class='fas fa-check-circle'><\/i><\/span>10% spadek liczby przejechanych kilometr\u00f3w<\/li><\/ul><\/section>\n\n\n<p>*Frost &amp; Sullivan 2015<\/p>\n\n\n    <div class=\"button-container \">\r\n<a href=\"#Skorzystaj-z-tej-oferty-ju\u017c-dzi\u015b\" class=\"btn pagebuilder-btn btn-green btn-\" title=\"Otrzymaj zni\u017ck\u0119\" >Otrzymaj zni\u017ck\u0119<\/a>\r\n<\/div>\r\n<\/div>\n\n\n\n<div class=\"wp-block-column is-layout-flow wp-block-column-is-layout-flow\">\n<figure class=\"wp-block-image aligncenter size-large\"><img loading=\"lazy\" decoding=\"async\" width=\"1000\" height=\"502\" src=\" https:\/\/www.quartix.com\/content\/uploads\/2019\/08\/PL-live-tracking-new-menu-img-1000x502.png\" alt=\"\" class=\"wp-image-32300\" srcset=\"https:\/\/www.quartix.com\/content\/uploads\/2019\/08\/PL-live-tracking-new-menu-img-1000x502.png 1000w, https:\/\/www.quartix.com\/content\/uploads\/2019\/08\/PL-live-tracking-new-menu-img-300x151.png 300w, https:\/\/www.quartix.com\/content\/uploads\/2019\/08\/PL-live-tracking-new-menu-img-768x386.png 768w, https:\/\/www.quartix.com\/content\/uploads\/2019\/08\/PL-live-tracking-new-menu-img.png 1380w\" sizes=\"auto, (max-width: 1000px) 100vw, 1000px\" \/><\/figure>\n<\/div>\n<\/div>\n\n\n<section  class=\"qtx-pagebuilder-section qtx-pagebuilder-section-blockquote qtx-pagebuilder-section-blockquote-left_green_border \">\r\n        <div class=\"left_green_border\">\r\n            <blockquote>\r\n                <p>System Quartix poparty jest 19-letnim do\u015bwiadczeniem w bran\u017cy telematycznej. Ponad 600,000 pojazd\u00f3w w USA, Wielkiej Brytanii i Europie u\u017cywa systemu Quartix. Ka\u017cdego dnia, 17,500 naszych klient\u00f3w do\u015bwiadcza wielu korzy\u015bci, jakie oferuje nasz system. Co 80 sekund instalowane jest nowe urz\u0105dzenie Quartix.<\/p>\n                            <\/blockquote>\r\n        <\/div>\r\n        <\/section>\r\n\r\n\n\n\n<div class=\"wp-block-columns is-layout-flex wp-container-core-columns-is-layout-28f84493 wp-block-columns-is-layout-flex\">\n<div class=\"wp-block-column is-layout-flow wp-block-column-is-layout-flow\">\n<figure class=\"wp-block-image aligncenter\"><img decoding=\"async\" src=\" https:\/\/www.quartix.com\/content\/uploads\/2019\/06\/save-euros-946x1000.png\" alt=\"save image euros\"\/><\/figure>\n<\/div>\n\n\n\n<div class=\"wp-block-column is-layout-flow wp-block-column-is-layout-flow\">\n<h2 class=\"wp-block-heading\">Oprogramowanie, kt\u00f3re nap\u0119dza wydajn\u0105 flot\u0119<\/h2>\n\n\n\r\n<section  class=\"qtx-pagebuilder-section qtx-pagebuilder-section-list \">\r\n<ul class='ticks fa-ul' style=''><li><span class='fa-li'><i class='fas fa-check-circle'><\/i><\/span>Zwi\u0119ksz produktywno\u015b\u0107 i zweryfikuj pracowniczy czas pracy<\/li><li><span class='fa-li'><i class='fas fa-check-circle'><\/i><\/span>Popraw style jazdy dzi\u0119ki dog\u0142\u0119bnym analizom i raportom<\/li><li><span class='fa-li'><i class='fas fa-check-circle'><\/i><\/span>Otrzymuj informacje kiedy kierowcy wje\u017cd\u017caj\u0105 i opuszczaj\u0105 okre\u015blone obszary<\/li><li><span class='fa-li'><i class='fas fa-check-circle'><\/i><\/span>Dostosuj dane lokalizacyjne i otrzymuj powiadomienia mailowe<\/li><li><span class='fa-li'><i class='fas fa-check-circle'><\/i><\/span>Zaplanuj serwisy pojazd\u00f3w korzystaj\u0105c z przypomnie\u0144<\/li><\/ul><\/section><\/div>\n<\/div>\n\n\n<section  class=\"qtx-pagebuilder-section qtx-pagebuilder-section-blockquote qtx-pagebuilder-section-blockquote-green_testimonial_with_photo  nobottommargin\">\r\n        <div class=\"green_testimonial_with_photo \">\r\n            <div class=\"img-container\">\r\n                                <img decoding=\"async\" src=\"https:\/\/www.quartix.com\/content\/uploads\/2018\/09\/jack-armstrong.jpg\"\/>\r\n                            <\/div>\r\n            <blockquote>\r\n                                                <p>\u201cRozpoczynali\u015bmy u\u017cywa\u0107 Quartix dla kilku pojazd\u00f3w serwisowych i teraz zosta\u0142 on wprowadzony w ca\u0142ej firmie. Quartix okaza\u0142 si\u0119 ogromn\u0105 pomoc\u0105 dla nas oraz wspania\u0142ym narz\u0119dziem.\u201d<\/p>\n                <footer>\r\n                   <cite class=\"author\">Jack Armstrong, Maintenance Manager<\/cite>\r\n                   <cite class=\"author_line_2\">SS Landscaping Services<\/cite>\r\n                <\/footer>\r\n            <\/blockquote>\r\n        <\/div>\r\n        <\/section>\r\n\r\n","protected":false},"excerpt":{"rendered":"<p>Co zyskujesz z systemem Quartix? Regulamin promocji: Podlega zasadom zwyk\u0142ego&nbsp;regulaminu Quartix Oferty nie mo\u017cna \u0142\u0105czy\u0107 z \u017cadn\u0105 inn\u0105 ofert\u0105 Skorzystaj z tej oferty ju\u017c dzi\u015b *Oferta wa\u017cna do 31 sierpnia 2020 Szybkie i wymierne oszcz\u0119dno\u015bci *Frost &amp; Sullivan 2015 Oprogramowanie, kt\u00f3re nap\u0119dza wydajn\u0105 flot\u0119<\/p>\n","protected":false},"author":12,"featured_media":0,"parent":0,"menu_order":6060,"comment_status":"closed","ping_status":"closed","template":"","meta":{"_acf_changed":false,"inline_featured_image":false,"footnotes":""},"topic":[],"qtx_campaign":[],"class_list":["post-36353","page","type-page","status-publish","hentry"],"acf":[],"yoast_head":"<!-- This site is optimized with the Yoast SEO Premium plugin v27.3 (Yoast SEO v27.3) - https:\/\/yoast.com\/product\/yoast-seo-premium-wordpress\/ -->\n<title>Oferta monitoringu - PL<\/title>\n<meta name=\"robots\" content=\"noindex, nofollow\" \/>\n<meta property=\"og:locale\" content=\"pl_PL\" \/>\n<meta property=\"og:type\" content=\"article\" \/>\n<meta property=\"og:title\" content=\"Oferta monitoringu\" \/>\n<meta property=\"og:description\" content=\"Co zyskujesz z systemem Quartix? Regulamin promocji: Podlega zasadom zwyk\u0142ego&nbsp;regulaminu Quartix Oferty nie mo\u017cna \u0142\u0105czy\u0107 z \u017cadn\u0105 inn\u0105 ofert\u0105 Skorzystaj z tej oferty ju\u017c dzi\u015b *Oferta wa\u017cna do 31 sierpnia 2020 Szybkie i wymierne oszcz\u0119dno\u015bci *Frost &amp; Sullivan 2015 Oprogramowanie, kt\u00f3re nap\u0119dza wydajn\u0105 flot\u0119\" \/>\n<meta property=\"og:url\" content=\"https:\/\/www.quartix.com\/pl-pl\/oferta-monitoringu\/\" \/>\n<meta property=\"og:site_name\" content=\"Quartix\" \/>\n<meta property=\"article:publisher\" content=\"https:\/\/www.facebook.com\/Quartix-USA-374426386097401\/\" \/>\n<meta property=\"article:modified_time\" content=\"2022-10-14T11:44:42+00:00\" \/>\n<meta name=\"twitter:card\" content=\"summary_large_image\" \/>\n<meta name=\"twitter:site\" content=\"@QuartixUSA\" \/>\n<meta name=\"twitter:label1\" content=\"Est. reading time\" \/>\n\t<meta name=\"twitter:data1\" content=\"1 minute\" \/>\n<!-- \/ Yoast SEO Premium plugin. -->","yoast_head_json":{"title":"Oferta monitoringu - PL","robots":{"index":"noindex","follow":"nofollow"},"og_locale":"pl_PL","og_type":"article","og_title":"Oferta monitoringu","og_description":"Co zyskujesz z systemem Quartix? Regulamin promocji: Podlega zasadom zwyk\u0142ego&nbsp;regulaminu Quartix Oferty nie mo\u017cna \u0142\u0105czy\u0107 z \u017cadn\u0105 inn\u0105 ofert\u0105 Skorzystaj z tej oferty ju\u017c dzi\u015b *Oferta wa\u017cna do 31 sierpnia 2020 Szybkie i wymierne oszcz\u0119dno\u015bci *Frost &amp; Sullivan 2015 Oprogramowanie, kt\u00f3re nap\u0119dza wydajn\u0105 flot\u0119","og_url":"https:\/\/www.quartix.com\/pl-pl\/oferta-monitoringu\/","og_site_name":"Quartix","article_publisher":"https:\/\/www.facebook.com\/Quartix-USA-374426386097401\/","article_modified_time":"2022-10-14T11:44:42+00:00","twitter_card":"summary_large_image","twitter_site":"@QuartixUSA","twitter_misc":{"Est. reading time":"1 minute"},"schema":{"@context":"https:\/\/schema.org","@graph":[{"@type":"WebPage","@id":"https:\/\/www.quartix.com\/pl-pl\/oferta-monitoringu\/","url":"https:\/\/www.quartix.com\/pl-pl\/oferta-monitoringu\/","name":"Oferta monitoringu","isPartOf":{"@id":"https:\/\/www.quartix.com\/pl-pl\/#website"},"datePublished":"2019-11-11T11:02:56+00:00","dateModified":"2022-10-14T11:44:42+00:00","breadcrumb":{"@id":"https:\/\/www.quartix.com\/pl-pl\/oferta-monitoringu\/#breadcrumb"},"inLanguage":"pl-PL","potentialAction":[{"@type":"ReadAction","target":["https:\/\/www.quartix.com\/pl-pl\/oferta-monitoringu\/"]}]},{"@type":"BreadcrumbList","@id":"https:\/\/www.quartix.com\/pl-pl\/oferta-monitoringu\/#breadcrumb","itemListElement":[{"@type":"ListItem","position":1,"name":"Strona G\u0142\u00f3wna","item":"https:\/\/www.quartix.com\/pl-pl\/quartix-real-time-vehicle-tracking-2\/"},{"@type":"ListItem","position":2,"name":"Oferta monitoringu"}]},{"@type":"WebSite","@id":"https:\/\/www.quartix.com\/pl-pl\/#website","url":"https:\/\/www.quartix.com\/pl-pl\/","name":"Quartix","description":"Real-time vehicle tracking","publisher":{"@id":"https:\/\/www.quartix.com\/pl-pl\/#organization"},"potentialAction":[{"@type":"SearchAction","target":{"@type":"EntryPoint","urlTemplate":"https:\/\/www.quartix.com\/pl-pl\/?s={search_term_string}"},"query-input":{"@type":"PropertyValueSpecification","valueRequired":true,"valueName":"search_term_string"}}],"inLanguage":"pl-PL"},{"@type":"Organization","@id":"https:\/\/www.quartix.com\/pl-pl\/#organization","name":"Quartix","url":"https:\/\/www.quartix.com\/pl-pl\/","logo":{"@type":"ImageObject","inLanguage":"pl-PL","@id":"https:\/\/www.quartix.com\/pl-pl\/#\/schema\/logo\/image\/","url":"https:\/\/www.quartix.com\/content\/uploads\/2019\/02\/quartix-logo-eur.svg","contentUrl":"https:\/\/www.quartix.com\/content\/uploads\/2019\/02\/quartix-logo-eur.svg","width":1,"height":1,"caption":"Quartix"},"image":{"@id":"https:\/\/www.quartix.com\/pl-pl\/#\/schema\/logo\/image\/"},"sameAs":["https:\/\/www.facebook.com\/Quartix-USA-374426386097401\/","https:\/\/x.com\/QuartixUSA","https:\/\/www.linkedin.com\/company\/5346733\/","https:\/\/www.youtube.com\/channel\/UCzS-_GMfHF4kWiCheyIRrAQ"]}]}},"_links":{"self":[{"href":"https:\/\/www.quartix.com\/pl-pl\/wp-json\/wp\/v2\/pages\/36353","targetHints":{"allow":["GET"]}}],"collection":[{"href":"https:\/\/www.quartix.com\/pl-pl\/wp-json\/wp\/v2\/pages"}],"about":[{"href":"https:\/\/www.quartix.com\/pl-pl\/wp-json\/wp\/v2\/types\/page"}],"author":[{"embeddable":true,"href":"https:\/\/www.quartix.com\/pl-pl\/wp-json\/wp\/v2\/users\/12"}],"replies":[{"embeddable":true,"href":"https:\/\/www.quartix.com\/pl-pl\/wp-json\/wp\/v2\/comments?post=36353"}],"version-history":[{"count":0,"href":"https:\/\/www.quartix.com\/pl-pl\/wp-json\/wp\/v2\/pages\/36353\/revisions"}],"wp:attachment":[{"href":"https:\/\/www.quartix.com\/pl-pl\/wp-json\/wp\/v2\/media?parent=36353"}],"wp:term":[{"taxonomy":"topic","embeddable":true,"href":"https:\/\/www.quartix.com\/pl-pl\/wp-json\/wp\/v2\/topic?post=36353"},{"taxonomy":"qtx_campaign","embeddable":true,"href":"https:\/\/www.quartix.com\/pl-pl\/wp-json\/wp\/v2\/qtx_campaign?post=36353"}],"curies":[{"name":"wp","href":"https:\/\/api.w.org\/{rel}","templated":true}]}}