{"id":37721,"date":"2019-12-03T11:33:56","date_gmt":"2019-12-03T11:33:56","guid":{"rendered":" https:\/\/www.quartix.com\/?page_id=37721"},"modified":"2022-10-13T15:37:18","modified_gmt":"2022-10-13T14:37:18","slug":"lokalizator-connect-track","status":"publish","type":"page","link":"https:\/\/www.quartix.com\/pl-pl\/lokalizator-connect-track\/","title":{"rendered":"Lokalizator Connect &#038; Track"},"content":{"rendered":"\n<div class=\"wp-block-columns is-layout-flex wp-container-core-columns-is-layout-28f84493 wp-block-columns-is-layout-flex\">\n<div class=\"wp-block-column is-layout-flow wp-block-column-is-layout-flow\">\n<p>Connect &amp; Track to proste i dyskretne rozwi\u0105zanie pozwalaj\u0105ce na samodzieln\u0105 instalacj\u0119 lokalizatora pojazd\u00f3w GPS firmy Quartix. Wystarczy pod\u0142\u0105czy\u0107 dwa przewody urz\u0105dzenia do akumulatora, aby w ci\u0105gu kilku minut uzyska\u0107 dost\u0119p do informacji dotycz\u0105cych wszystkich przejazd\u00f3w samochodu.<\/p>\n\n\n\n<p>Lokalizator Connect &amp; Track pozostaje bezpiecznie zamontowany poza zasi\u0119giem wzroku, jednocze\u015bnie generuj\u0105c mn\u00f3stwo informacji dotycz\u0105cych pracy Twojej floty. W naszym, opartym na mapach Google, systemie \u0142atwo sprawdzisz wszystko od kart ewidencji pracy kierowc\u00f3w pocz\u0105wszy, przez mapy tras, a\u017c po analiz\u0119 stylu jazdy.<\/p>\n\n\n\r\n<section  class=\"qtx-pagebuilder-section qtx-pagebuilder-section-list \">\r\n<ul class='ticks fa-ul' style=''><li><span class='fa-li'><i class='fas fa-check-circle'><\/i><\/span>Nie jest wymagana pomoc specjalisty<\/li><li><span class='fa-li'><i class='fas fa-check-circle'><\/i><\/span>Lokalizator montowany jest poza zasi\u0119giem wzroku<\/li><li><span class='fa-li'><i class='fas fa-check-circle'><\/i><\/span>Urz\u0105dzenie jest proste do przenoszenia pomi\u0119dzy pojazdami<\/li><li><span class='fa-li'><i class='fas fa-check-circle'><\/i><\/span>Proste aktualizacje w trybie &#8220;over-the-air&#8221;<\/li><li><span class='fa-li'><i class='fas fa-check-circle'><\/i><\/span>Pami\u0119\u0107 do 500 przejazd\u00f3w<\/li><\/ul><\/section><\/div>\n\n\n\n<div class=\"wp-block-column is-layout-flow wp-block-column-is-layout-flow\">\n<figure class=\"wp-block-image aligncenter\"><img decoding=\"async\" src=\" https:\/\/www.quartix.com\/content\/uploads\/2019\/04\/QX0069_uk_plug_and_track_connect_icon.png\" alt=\"\"\/><\/figure>\n<\/div>\n<\/div>\n\n\n\n<div class=\"wp-block-columns is-layout-flex wp-container-core-columns-is-layout-28f84493 wp-block-columns-is-layout-flex\">\n<div class=\"wp-block-column is-layout-flow wp-block-column-is-layout-flow\">\n<figure class=\"wp-block-image aligncenter\"><img decoding=\"async\" src=\" https:\/\/www.quartix.com\/content\/uploads\/2019\/04\/Quartix-sytem-image-UK.png\" alt=\"\"\/><\/figure>\n<\/div>\n\n\n\n<div class=\"wp-block-column is-layout-flow wp-block-column-is-layout-flow\">\n<h2 class=\"wp-block-heading\">Elastyczne rozwi\u0105zanie<\/h2>\n\n\n\n<p>Samodzielne przek\u0142adanie lokalizatora Connect &amp; Track pomi\u0119dzy pojazdami jest proste, co sprawia, \u017ce to idealny wyb\u00f3r w przypadku tymczasowych podwykonawc\u00f3w oraz firm wykorzystuj\u0105cych pojazdy w leasingu.<\/p>\n\n\n\r\n<section  class=\"qtx-pagebuilder-section qtx-pagebuilder-section-list \">\r\n<ul class='ticks fa-ul' style=''><li><span class='fa-li'><i class='fas fa-check-circle'><\/i><\/span>Monitoruj lokalizacj\u0119 pojazd\u00f3w na \u017cywo<\/li><li><span class='fa-li'><i class='fas fa-check-circle'><\/i><\/span>Przegl\u0105daj dane archiwalne<\/li><li><span class='fa-li'><i class='fas fa-check-circle'><\/i><\/span>Otrzymuj szczeg\u00f3\u0142owe raporty o kierowcach<\/li><li><span class='fa-li'><i class='fas fa-check-circle'><\/i><\/span>Sprawdzaj pozycje kierowc\u00f3w w rankingu<\/li><li><span class='fa-li'><i class='fas fa-check-circle'><\/i><\/span>Otrzymuj powiadomienia o nieautoryzowanym u\u017cyciu pojazd\u00f3w<\/li><\/ul><\/section><\/div>\n<\/div>\n","protected":false},"excerpt":{"rendered":"<p>Connect &amp; Track to proste i dyskretne rozwi\u0105zanie pozwalaj\u0105ce na samodzieln\u0105 instalacj\u0119 lokalizatora pojazd\u00f3w GPS firmy Quartix. Wystarczy pod\u0142\u0105czy\u0107 dwa przewody urz\u0105dzenia do akumulatora, aby w ci\u0105gu kilku minut uzyska\u0107 dost\u0119p do informacji dotycz\u0105cych wszystkich przejazd\u00f3w samochodu. Lokalizator Connect &amp; Track pozostaje bezpiecznie zamontowany poza zasi\u0119giem wzroku, jednocze\u015bnie generuj\u0105c mn\u00f3stwo informacji dotycz\u0105cych pracy Twojej floty. [&hellip;]<\/p>\n","protected":false},"author":2,"featured_media":0,"parent":0,"menu_order":90,"comment_status":"closed","ping_status":"closed","template":"","meta":{"_acf_changed":false,"inline_featured_image":false,"footnotes":""},"topic":[],"qtx_campaign":[],"class_list":["post-37721","page","type-page","status-publish","hentry"],"acf":[],"yoast_head":"<!-- This site is optimized with the Yoast SEO Premium plugin v27.3 (Yoast SEO v27.3) - https:\/\/yoast.com\/product\/yoast-seo-premium-wordpress\/ -->\n<title>Lokalizator Connect &amp; Track - PL<\/title>\n<meta name=\"description\" content=\"Connect &amp; Track to proste i dyskretne rozwi\u0105zanie pozwalaj\u0105ce na samodzieln\u0105 instalacj\u0119 lokalizatora pojazd\u00f3w GPS firmy Quartix.\" \/>\n<meta name=\"robots\" content=\"index, follow, max-snippet:-1, max-image-preview:large, max-video-preview:-1\" \/>\n<link rel=\"canonical\" href=\"https:\/\/www.quartix.com\/pl-pl\/lokalizator-connect-track\/\" \/>\n<meta property=\"og:locale\" content=\"pl_PL\" \/>\n<meta property=\"og:type\" content=\"article\" \/>\n<meta property=\"og:title\" content=\"Lokalizator Connect &amp; Track\" \/>\n<meta property=\"og:description\" content=\"Connect &amp; Track to proste i dyskretne rozwi\u0105zanie pozwalaj\u0105ce na samodzieln\u0105 instalacj\u0119 lokalizatora pojazd\u00f3w GPS firmy Quartix.\" \/>\n<meta property=\"og:url\" content=\"https:\/\/www.quartix.com\/pl-pl\/lokalizator-connect-track\/\" \/>\n<meta property=\"og:site_name\" content=\"Quartix\" \/>\n<meta property=\"article:publisher\" content=\"https:\/\/www.facebook.com\/Quartix-USA-374426386097401\/\" \/>\n<meta property=\"article:modified_time\" content=\"2022-10-13T14:37:18+00:00\" \/>\n<meta name=\"twitter:card\" content=\"summary_large_image\" \/>\n<meta name=\"twitter:site\" content=\"@QuartixUSA\" \/>\n<meta name=\"twitter:label1\" content=\"Est. reading time\" \/>\n\t<meta name=\"twitter:data1\" content=\"1 minute\" \/>\n<!-- \/ Yoast SEO Premium plugin. -->","yoast_head_json":{"title":"Lokalizator Connect & Track - PL","description":"Connect & Track to proste i dyskretne rozwi\u0105zanie pozwalaj\u0105ce na samodzieln\u0105 instalacj\u0119 lokalizatora pojazd\u00f3w GPS firmy Quartix.","robots":{"index":"index","follow":"follow","max-snippet":"max-snippet:-1","max-image-preview":"max-image-preview:large","max-video-preview":"max-video-preview:-1"},"canonical":"https:\/\/www.quartix.com\/pl-pl\/lokalizator-connect-track\/","og_locale":"pl_PL","og_type":"article","og_title":"Lokalizator Connect & Track","og_description":"Connect & Track to proste i dyskretne rozwi\u0105zanie pozwalaj\u0105ce na samodzieln\u0105 instalacj\u0119 lokalizatora pojazd\u00f3w GPS firmy Quartix.","og_url":"https:\/\/www.quartix.com\/pl-pl\/lokalizator-connect-track\/","og_site_name":"Quartix","article_publisher":"https:\/\/www.facebook.com\/Quartix-USA-374426386097401\/","article_modified_time":"2022-10-13T14:37:18+00:00","twitter_card":"summary_large_image","twitter_site":"@QuartixUSA","twitter_misc":{"Est. reading time":"1 minute"},"schema":{"@context":"https:\/\/schema.org","@graph":[{"@type":"WebPage","@id":"https:\/\/www.quartix.com\/pl-pl\/lokalizator-connect-track\/","url":"https:\/\/www.quartix.com\/pl-pl\/lokalizator-connect-track\/","name":"Lokalizator Connect & Track","isPartOf":{"@id":"https:\/\/www.quartix.com\/pl-pl\/#website"},"datePublished":"2019-12-03T11:33:56+00:00","dateModified":"2022-10-13T14:37:18+00:00","description":"Connect & Track to proste i dyskretne rozwi\u0105zanie pozwalaj\u0105ce na samodzieln\u0105 instalacj\u0119 lokalizatora pojazd\u00f3w GPS firmy Quartix.","breadcrumb":{"@id":"https:\/\/www.quartix.com\/pl-pl\/lokalizator-connect-track\/#breadcrumb"},"inLanguage":"pl-PL","potentialAction":[{"@type":"ReadAction","target":["https:\/\/www.quartix.com\/pl-pl\/lokalizator-connect-track\/"]}]},{"@type":"BreadcrumbList","@id":"https:\/\/www.quartix.com\/pl-pl\/lokalizator-connect-track\/#breadcrumb","itemListElement":[{"@type":"ListItem","position":1,"name":"Strona G\u0142\u00f3wna","item":"https:\/\/www.quartix.com\/pl-pl\/"},{"@type":"ListItem","position":2,"name":"Lokalizator Connect &#038; Track"}]},{"@type":"WebSite","@id":"https:\/\/www.quartix.com\/pl-pl\/#website","url":"https:\/\/www.quartix.com\/pl-pl\/","name":"Quartix","description":"Real-time vehicle tracking","publisher":{"@id":"https:\/\/www.quartix.com\/pl-pl\/#organization"},"potentialAction":[{"@type":"SearchAction","target":{"@type":"EntryPoint","urlTemplate":"https:\/\/www.quartix.com\/pl-pl\/?s={search_term_string}"},"query-input":{"@type":"PropertyValueSpecification","valueRequired":true,"valueName":"search_term_string"}}],"inLanguage":"pl-PL"},{"@type":"Organization","@id":"https:\/\/www.quartix.com\/pl-pl\/#organization","name":"Quartix","url":"https:\/\/www.quartix.com\/pl-pl\/","logo":{"@type":"ImageObject","inLanguage":"pl-PL","@id":"https:\/\/www.quartix.com\/pl-pl\/#\/schema\/logo\/image\/","url":"https:\/\/www.quartix.com\/content\/uploads\/2019\/02\/quartix-logo-eur.svg","contentUrl":"https:\/\/www.quartix.com\/content\/uploads\/2019\/02\/quartix-logo-eur.svg","width":1,"height":1,"caption":"Quartix"},"image":{"@id":"https:\/\/www.quartix.com\/pl-pl\/#\/schema\/logo\/image\/"},"sameAs":["https:\/\/www.facebook.com\/Quartix-USA-374426386097401\/","https:\/\/x.com\/QuartixUSA","https:\/\/www.linkedin.com\/company\/5346733\/","https:\/\/www.youtube.com\/channel\/UCzS-_GMfHF4kWiCheyIRrAQ"]}]}},"_links":{"self":[{"href":"https:\/\/www.quartix.com\/pl-pl\/wp-json\/wp\/v2\/pages\/37721","targetHints":{"allow":["GET"]}}],"collection":[{"href":"https:\/\/www.quartix.com\/pl-pl\/wp-json\/wp\/v2\/pages"}],"about":[{"href":"https:\/\/www.quartix.com\/pl-pl\/wp-json\/wp\/v2\/types\/page"}],"author":[{"embeddable":true,"href":"https:\/\/www.quartix.com\/pl-pl\/wp-json\/wp\/v2\/users\/2"}],"replies":[{"embeddable":true,"href":"https:\/\/www.quartix.com\/pl-pl\/wp-json\/wp\/v2\/comments?post=37721"}],"version-history":[{"count":0,"href":"https:\/\/www.quartix.com\/pl-pl\/wp-json\/wp\/v2\/pages\/37721\/revisions"}],"wp:attachment":[{"href":"https:\/\/www.quartix.com\/pl-pl\/wp-json\/wp\/v2\/media?parent=37721"}],"wp:term":[{"taxonomy":"topic","embeddable":true,"href":"https:\/\/www.quartix.com\/pl-pl\/wp-json\/wp\/v2\/topic?post=37721"},{"taxonomy":"qtx_campaign","embeddable":true,"href":"https:\/\/www.quartix.com\/pl-pl\/wp-json\/wp\/v2\/qtx_campaign?post=37721"}],"curies":[{"name":"wp","href":"https:\/\/api.w.org\/{rel}","templated":true}]}}