{"id":39348,"date":"2020-03-03T12:17:55","date_gmt":"2020-03-03T12:17:55","guid":{"rendered":" https:\/\/www.quartix.com\/?page_id=39348"},"modified":"2022-10-13T15:29:13","modified_gmt":"2022-10-13T14:29:13","slug":"plug-track","status":"publish","type":"page","link":"https:\/\/www.quartix.com\/pl-pl\/plug-track\/","title":{"rendered":"Lokalizator Plug &#038; Track"},"content":{"rendered":"\n<div class=\"wp-block-columns is-layout-flex wp-container-core-columns-is-layout-28f84493 wp-block-columns-is-layout-flex\">\n<div class=\"wp-block-column is-layout-flow wp-block-column-is-layout-flow\">\n<figure class=\"wp-block-image aligncenter\"><img decoding=\"async\" src=\" https:\/\/www.quartix.com\/content\/uploads\/2019\/04\/PlugTrackUnit-1000x769.png\" alt=\"\"\/><\/figure>\n<\/div>\n\n\n\n<div class=\"wp-block-column is-layout-flow wp-block-column-is-layout-flow\">\n<h2 class=\"wp-block-heading\">Urz\u0105dzenie Quartix \u2018Plug &amp; Track\u2019 do samodzielnej instalacji<\/h2>\n\n\n\n<p>Urz\u0105dzenie Quartix \u2018Plug &amp; Track\u2019 jest bardzo \u0142atwe w monta\u017cu. Wystarczy je w\u0142o\u017cy\u0107 do gniazda OBD pojazdu (standardowy port diagnostyczny 12V) i kiedy b\u0119dzie ju\u017c zarejestrowane w systemie Quartix, pojazd jest od razu gotowy do lokalizowania.<\/p>\n\n\n\n<p>Ca\u0142y proces zajmuje zaledwie kilka minut.<\/p>\n\n\n\n<p><a href=\"https:\/\/go.pardot.com\/l\/375002\/2019-07-15\/6bxz8t\/375002\/353588\/PL_Quartix_Plug_Track_Install_Guide.pdf\" target=\"_blank\" rel=\"noopener noreferrer\">Pobierz instrukcj\u0119 instalacji<\/a><\/p>\n<\/div>\n<\/div>\n\n\n\n<div class=\"wp-block-columns is-layout-flex wp-container-core-columns-is-layout-28f84493 wp-block-columns-is-layout-flex\">\n<div class=\"wp-block-column is-layout-flow wp-block-column-is-layout-flow\">\n<h2 class=\"wp-block-heading\">Korzy\u015bci p\u0142yn\u0105ce z wyboru urz\u0105dzenia Quartix \u2018Plug &amp; Track\u2019<\/h2>\n\n\n\n<p>Nasze urz\u0105dzenie OBD to \u0142atwe w u\u017cyciu i samodzielnej instalacji rozwi\u0105zanie do lokalizacji pojazd\u00f3w. Najwa\u017cniejsze korzy\u015bci, kt\u00f3re oferuje, to:<\/p>\n\n\n\n<ul class=\"wp-block-list\"><li>\u0141atwo\u015b\u0107 zmiany lokalizowanych pojazd\u00f3w<\/li><li>Wspieranie zasilania przez wewn\u0119trzn\u0105 bateri\u0119<\/li><li>Szybka i prosta aktualizacja oprogramowania oraz wsparcia Over-the-air (OTA)<\/li><li>Du\u017ca ilo\u015b\u0107 miejsca do przechowywania danych: do 500 przejazd\u00f3w<\/li><li>Automatyczne powiadomienia, kiedy:<\/li><li>Lokalizator jest w\u0142o\u017cony do gniazda<\/li><li>Lokalizator jest wyci\u0105gni\u0119ty z gniazda<\/li><\/ul>\n<\/div>\n\n\n\n<div class=\"wp-block-column is-layout-flow wp-block-column-is-layout-flow\">\n<figure class=\"wp-block-image aligncenter\"><img decoding=\"async\" src=\" https:\/\/www.quartix.com\/content\/uploads\/2018\/08\/experts-at-tracking.svg\" alt=\"\"\/><\/figure>\n<\/div>\n<\/div>\n","protected":false},"excerpt":{"rendered":"<p>Urz\u0105dzenie Quartix \u2018Plug &amp; Track\u2019 do samodzielnej instalacji Urz\u0105dzenie Quartix \u2018Plug &amp; Track\u2019 jest bardzo \u0142atwe w monta\u017cu. Wystarczy je w\u0142o\u017cy\u0107 do gniazda OBD pojazdu (standardowy port diagnostyczny 12V) i kiedy b\u0119dzie ju\u017c zarejestrowane w systemie Quartix, pojazd jest od razu gotowy do lokalizowania. Ca\u0142y proces zajmuje zaledwie kilka minut. Pobierz instrukcj\u0119 instalacji Korzy\u015bci p\u0142yn\u0105ce [&hellip;]<\/p>\n","protected":false},"author":2,"featured_media":0,"parent":0,"menu_order":80,"comment_status":"closed","ping_status":"closed","template":"","meta":{"_acf_changed":false,"inline_featured_image":false,"footnotes":""},"topic":[],"qtx_campaign":[],"class_list":["post-39348","page","type-page","status-publish","hentry"],"acf":[],"yoast_head":"<!-- This site is optimized with the Yoast SEO Premium plugin v27.3 (Yoast SEO v27.3) - https:\/\/yoast.com\/product\/yoast-seo-premium-wordpress\/ -->\n<title>Urz\u0105dzenie Quartix \u2018Plug &amp; Track\u2019 do samodzielnej instalacji - PL<\/title>\n<meta name=\"description\" content=\"Urz\u0105dzenie Quartix \u2018Plug &amp; Track\u2019 jest bardzo \u0142atwe w monta\u017cu. Wystarczy je w\u0142o\u017cy\u0107 do gniazda OBD pojazdu (standardowy port diagnostyczny 12V) i kiedy b\u0119dzie ju\u017c zarejestrowane w systemie Quartix, pojazd jest od razu gotowy do lokalizowania.\" \/>\n<meta name=\"robots\" content=\"index, follow, max-snippet:-1, max-image-preview:large, max-video-preview:-1\" \/>\n<link rel=\"canonical\" href=\"https:\/\/www.quartix.com\/pl-pl\/plug-track\/\" \/>\n<meta property=\"og:locale\" content=\"pl_PL\" \/>\n<meta property=\"og:type\" content=\"article\" \/>\n<meta property=\"og:title\" content=\"Lokalizator Plug &amp; Track\" \/>\n<meta property=\"og:description\" content=\"Urz\u0105dzenie Quartix \u2018Plug &amp; Track\u2019 jest bardzo \u0142atwe w monta\u017cu. Wystarczy je w\u0142o\u017cy\u0107 do gniazda OBD pojazdu (standardowy port diagnostyczny 12V) i kiedy b\u0119dzie ju\u017c zarejestrowane w systemie Quartix, pojazd jest od razu gotowy do lokalizowania.\" \/>\n<meta property=\"og:url\" content=\"https:\/\/www.quartix.com\/pl-pl\/plug-track\/\" \/>\n<meta property=\"og:site_name\" content=\"Quartix\" \/>\n<meta property=\"article:publisher\" content=\"https:\/\/www.facebook.com\/Quartix-USA-374426386097401\/\" \/>\n<meta property=\"article:modified_time\" content=\"2022-10-13T14:29:13+00:00\" \/>\n<meta name=\"twitter:card\" content=\"summary_large_image\" \/>\n<meta name=\"twitter:site\" content=\"@QuartixUSA\" \/>\n<meta name=\"twitter:label1\" content=\"Est. reading time\" \/>\n\t<meta name=\"twitter:data1\" content=\"1 minute\" \/>\n<!-- \/ Yoast SEO Premium plugin. -->","yoast_head_json":{"title":"Urz\u0105dzenie Quartix \u2018Plug & Track\u2019 do samodzielnej instalacji - PL","description":"Urz\u0105dzenie Quartix \u2018Plug & Track\u2019 jest bardzo \u0142atwe w monta\u017cu. Wystarczy je w\u0142o\u017cy\u0107 do gniazda OBD pojazdu (standardowy port diagnostyczny 12V) i kiedy b\u0119dzie ju\u017c zarejestrowane w systemie Quartix, pojazd jest od razu gotowy do lokalizowania.","robots":{"index":"index","follow":"follow","max-snippet":"max-snippet:-1","max-image-preview":"max-image-preview:large","max-video-preview":"max-video-preview:-1"},"canonical":"https:\/\/www.quartix.com\/pl-pl\/plug-track\/","og_locale":"pl_PL","og_type":"article","og_title":"Lokalizator Plug & Track","og_description":"Urz\u0105dzenie Quartix \u2018Plug & Track\u2019 jest bardzo \u0142atwe w monta\u017cu. Wystarczy je w\u0142o\u017cy\u0107 do gniazda OBD pojazdu (standardowy port diagnostyczny 12V) i kiedy b\u0119dzie ju\u017c zarejestrowane w systemie Quartix, pojazd jest od razu gotowy do lokalizowania.","og_url":"https:\/\/www.quartix.com\/pl-pl\/plug-track\/","og_site_name":"Quartix","article_publisher":"https:\/\/www.facebook.com\/Quartix-USA-374426386097401\/","article_modified_time":"2022-10-13T14:29:13+00:00","twitter_card":"summary_large_image","twitter_site":"@QuartixUSA","twitter_misc":{"Est. reading time":"1 minute"},"schema":{"@context":"https:\/\/schema.org","@graph":[{"@type":"WebPage","@id":"https:\/\/www.quartix.com\/pl-pl\/plug-track\/","url":"https:\/\/www.quartix.com\/pl-pl\/plug-track\/","name":"Urz\u0105dzenie Quartix \u2018Plug & Track\u2019 do samodzielnej instalacji","isPartOf":{"@id":"https:\/\/www.quartix.com\/pl-pl\/#website"},"datePublished":"2020-03-03T12:17:55+00:00","dateModified":"2022-10-13T14:29:13+00:00","description":"Urz\u0105dzenie Quartix \u2018Plug & Track\u2019 jest bardzo \u0142atwe w monta\u017cu. Wystarczy je w\u0142o\u017cy\u0107 do gniazda OBD pojazdu (standardowy port diagnostyczny 12V) i kiedy b\u0119dzie ju\u017c zarejestrowane w systemie Quartix, pojazd jest od razu gotowy do lokalizowania.","breadcrumb":{"@id":"https:\/\/www.quartix.com\/pl-pl\/plug-track\/#breadcrumb"},"inLanguage":"pl-PL","potentialAction":[{"@type":"ReadAction","target":["https:\/\/www.quartix.com\/pl-pl\/plug-track\/"]}]},{"@type":"BreadcrumbList","@id":"https:\/\/www.quartix.com\/pl-pl\/plug-track\/#breadcrumb","itemListElement":[{"@type":"ListItem","position":1,"name":"Strona G\u0142\u00f3wna","item":"https:\/\/www.quartix.com\/pl-pl\/quartix-real-time-vehicle-tracking-2\/"},{"@type":"ListItem","position":2,"name":"Lokalizator Plug &#038; Track"}]},{"@type":"WebSite","@id":"https:\/\/www.quartix.com\/pl-pl\/#website","url":"https:\/\/www.quartix.com\/pl-pl\/","name":"Quartix","description":"Real-time vehicle tracking","publisher":{"@id":"https:\/\/www.quartix.com\/pl-pl\/#organization"},"potentialAction":[{"@type":"SearchAction","target":{"@type":"EntryPoint","urlTemplate":"https:\/\/www.quartix.com\/pl-pl\/?s={search_term_string}"},"query-input":{"@type":"PropertyValueSpecification","valueRequired":true,"valueName":"search_term_string"}}],"inLanguage":"pl-PL"},{"@type":"Organization","@id":"https:\/\/www.quartix.com\/pl-pl\/#organization","name":"Quartix","url":"https:\/\/www.quartix.com\/pl-pl\/","logo":{"@type":"ImageObject","inLanguage":"pl-PL","@id":"https:\/\/www.quartix.com\/pl-pl\/#\/schema\/logo\/image\/","url":"https:\/\/www.quartix.com\/content\/uploads\/2019\/02\/quartix-logo-eur.svg","contentUrl":"https:\/\/www.quartix.com\/content\/uploads\/2019\/02\/quartix-logo-eur.svg","width":1,"height":1,"caption":"Quartix"},"image":{"@id":"https:\/\/www.quartix.com\/pl-pl\/#\/schema\/logo\/image\/"},"sameAs":["https:\/\/www.facebook.com\/Quartix-USA-374426386097401\/","https:\/\/x.com\/QuartixUSA","https:\/\/www.linkedin.com\/company\/5346733\/","https:\/\/www.youtube.com\/channel\/UCzS-_GMfHF4kWiCheyIRrAQ"]}]}},"_links":{"self":[{"href":"https:\/\/www.quartix.com\/pl-pl\/wp-json\/wp\/v2\/pages\/39348","targetHints":{"allow":["GET"]}}],"collection":[{"href":"https:\/\/www.quartix.com\/pl-pl\/wp-json\/wp\/v2\/pages"}],"about":[{"href":"https:\/\/www.quartix.com\/pl-pl\/wp-json\/wp\/v2\/types\/page"}],"author":[{"embeddable":true,"href":"https:\/\/www.quartix.com\/pl-pl\/wp-json\/wp\/v2\/users\/2"}],"replies":[{"embeddable":true,"href":"https:\/\/www.quartix.com\/pl-pl\/wp-json\/wp\/v2\/comments?post=39348"}],"version-history":[{"count":0,"href":"https:\/\/www.quartix.com\/pl-pl\/wp-json\/wp\/v2\/pages\/39348\/revisions"}],"wp:attachment":[{"href":"https:\/\/www.quartix.com\/pl-pl\/wp-json\/wp\/v2\/media?parent=39348"}],"wp:term":[{"taxonomy":"topic","embeddable":true,"href":"https:\/\/www.quartix.com\/pl-pl\/wp-json\/wp\/v2\/topic?post=39348"},{"taxonomy":"qtx_campaign","embeddable":true,"href":"https:\/\/www.quartix.com\/pl-pl\/wp-json\/wp\/v2\/qtx_campaign?post=39348"}],"curies":[{"name":"wp","href":"https:\/\/api.w.org\/{rel}","templated":true}]}}